{"id":12111,"date":"2025-04-15T06:51:30","date_gmt":"2025-04-15T06:51:30","guid":{"rendered":"https:\/\/www.nanwangpaperbag.com\/?post_type=product&#038;p=12111"},"modified":"2025-05-15T02:48:51","modified_gmt":"2025-05-15T02:48:51","slug":"die-cut-handle-paper-bag","status":"publish","type":"product","link":"https:\/\/www.nanwangpaperbag.com\/es\/producto\/die-cut-handle-paper-bag\/","title":{"rendered":"Bolsa de papel con asa troquelada"},"content":{"rendered":"<p><a href=\"https:\/\/www.nanwangpaperbag.com\/es\/producto\/die-cut-handle-paper-bag\/\"><strong>Bolsa de papel con asa troquelada<\/strong><\/a> is ideal for gifts and crafts, featuring a convenient die cut handle for easy carrying. This bag serves as an eco-friendly alternative to traditional plastic bags, reducing our carbon footprint with biodegradable materials and minimal resource use. Personalize it with colorful tissue paper or your logo. It is FSC compliant and made from 100% recyclable paper.<br \/>\nOur Die Cut Handle Paper Bags are produced via fully-automatic processes, ensuring stable quality and high productivity. As a reliable <a href=\"https:\/\/www.nanwangpaperbag.com\/es\/category\/retail-paper-bags\/\"><strong>mayorista de bolsas de papel<\/strong><\/a> with a professional R&amp;D team, we can turn your ideas into tangible products. Choose from two handle reinforcement options: durable heavy-duty plastic or paper, both held firmly with strong adhesive.<\/p>\n<p><img loading=\"lazy\" decoding=\"async\" class=\"wp-image-12118 aligncenter\" data-src=\"https:\/\/www.nanwangpaperbag.com\/wp-content\/uploads\/2025\/04\/Die-Cut-Paper-Bag-1.webp\" alt=\"Bolsa de papel con asa troquelada \" width=\"490\" height=\"386\" srcset=\"https:\/\/www.nanwangpaperbag.com\/wp-content\/uploads\/2025\/04\/Die-Cut-Paper-Bag-1.webp 490w, https:\/\/www.nanwangpaperbag.com\/wp-content\/uploads\/2025\/04\/Die-Cut-Paper-Bag-1-480x378.webp 480w\" sizes=\"(min-width: 0px) and (max-width: 480px) 480px, (min-width: 481px) 490px, 100vw\" \/><\/p>\n<h2>Tama\u00f1os est\u00e1ndar NanWang<\/h2>\n<table class=\"tg\" style=\"border-collapse: collapse; border-spacing: 0;\">\n<thead>\n<tr>\n<th style=\"font-family: Arial, sans-serif; font-size: 14px; font-weight: normal; overflow: hidden; padding: 10px 5px; text-align: center; vertical-align: top; word-break: normal; border: 1px solid black;\">C\u00f3digo Ltem<\/th>\n<th style=\"font-family: Arial, sans-serif; font-size: 14px; font-weight: normal; overflow: hidden; padding: 10px 5px; text-align: center; vertical-align: top; word-break: normal; border: 1px solid black;\">Dimensiones de la bolsa (mm)<br \/>\n( Anchura x Altura x Refuerzo )<\/th>\n<th style=\"font-family: Arial, sans-serif; font-size: 14px; font-weight: normal; overflow: hidden; padding: 10px 5px; text-align: center; vertical-align: top; word-break: normal; border: 1px solid black;\">Dimensiones de la bolsa (pulgadas)<br \/>\n( Anchura x Altura x Refuerzo )<\/th>\n<th style=\"font-family: Arial, sans-serif; font-size: 14px; font-weight: normal; overflow: hidden; padding: 10px 5px; text-align: center; vertical-align: top; word-break: normal; border: 1px solid black;\">Tama\u00f1o del envase<br \/>\n(piezas \/ ctn)<\/th>\n<th style=\"font-family: Arial, sans-serif; font-size: 14px; font-weight: normal; overflow: hidden; padding: 10px 5px; text-align: center; vertical-align: top; word-break: normal; border: 1px solid black;\">Liso MOQ<br \/>\n(unidades)<\/th>\n<th style=\"font-family: Arial, sans-serif; font-size: 14px; font-weight: normal; overflow: hidden; padding: 10px 5px; text-align: center; vertical-align: top; word-break: normal; border: 1px solid black;\">Impreso MOQ<br \/>\n(unidades)<\/th>\n<\/tr>\n<\/thead>\n<tbody>\n<tr>\n<td style=\"font-family: Arial, sans-serif; font-size: 14px; overflow: hidden; padding: 10px 5px; text-align: center; vertical-align: top; word-break: normal; border: 1px solid black;\">NWD240NA<\/td>\n<td style=\"font-family: Arial, sans-serif; font-size: 14px; overflow: hidden; padding: 10px 5px; text-align: center; vertical-align: top; word-break: normal; border: 1px solid black;\">240x350x120mm<\/td>\n<td style=\"font-family: Arial, sans-serif; font-size: 14px; overflow: hidden; padding: 10px 5px; text-align: center; vertical-align: top; word-break: normal; border: 1px solid black;\">9.45\u2033x13.78\u2033x4.72\u2033<\/td>\n<td style=\"font-family: Arial, sans-serif; font-size: 14px; overflow: hidden; padding: 10px 5px; text-align: center; vertical-align: top; word-break: normal; border: 1px solid black;\">400<\/td>\n<td style=\"font-family: Arial, sans-serif; font-size: 14px; overflow: hidden; padding: 10px 5px; text-align: center; vertical-align: top; word-break: normal; border: 1px solid black;\">100000<\/td>\n<td style=\"font-family: Arial, sans-serif; font-size: 14px; overflow: hidden; padding: 10px 5px; text-align: center; vertical-align: top; word-break: normal; border: 1px solid black;\">100000<\/td>\n<\/tr>\n<tr>\n<td style=\"font-family: Arial, sans-serif; font-size: 14px; overflow: hidden; padding: 10px 5px; text-align: center; vertical-align: top; word-break: normal; border: 1px solid black;\">NWD270NA<\/td>\n<td style=\"font-family: Arial, sans-serif; font-size: 14px; overflow: hidden; padding: 10px 5px; text-align: center; vertical-align: top; word-break: normal; border: 1px solid black;\">270x280x100mm<\/td>\n<td style=\"font-family: Arial, sans-serif; font-size: 14px; overflow: hidden; padding: 10px 5px; text-align: center; vertical-align: top; word-break: normal; border: 1px solid black;\">10.63\u2033x11\u2033x3.94\u2033<\/td>\n<td style=\"font-family: Arial, sans-serif; font-size: 14px; overflow: hidden; padding: 10px 5px; text-align: center; vertical-align: top; word-break: normal; border: 1px solid black;\">400<\/td>\n<td style=\"font-family: Arial, sans-serif; font-size: 14px; overflow: hidden; padding: 10px 5px; text-align: center; vertical-align: top; word-break: normal; border: 1px solid black;\">100000<\/td>\n<td style=\"font-family: Arial, sans-serif; font-size: 14px; overflow: hidden; padding: 10px 5px; text-align: center; vertical-align: top; word-break: normal; border: 1px solid black;\">100000<\/td>\n<\/tr>\n<tr>\n<td style=\"font-family: Arial, sans-serif; font-size: 14px; overflow: hidden; padding: 10px 5px; text-align: center; vertical-align: top; word-break: normal; border: 1px solid black;\">NWD270NA<\/td>\n<td style=\"font-family: Arial, sans-serif; font-size: 14px; overflow: hidden; padding: 10px 5px; text-align: center; vertical-align: top; word-break: normal; border: 1px solid black;\">270x350x140mm<\/td>\n<td style=\"font-family: Arial, sans-serif; font-size: 14px; overflow: hidden; padding: 10px 5px; text-align: center; vertical-align: top; word-break: normal; border: 1px solid black;\">10.63\u2033x13.78\u2033x5.5\u2033<\/td>\n<td style=\"font-family: Arial, sans-serif; font-size: 14px; overflow: hidden; padding: 10px 5px; text-align: center; vertical-align: top; word-break: normal; border: 1px solid black;\">300<\/td>\n<td style=\"font-family: Arial, sans-serif; font-size: 14px; overflow: hidden; padding: 10px 5px; text-align: center; vertical-align: top; word-break: normal; border: 1px solid black;\">100000<\/td>\n<td style=\"font-family: Arial, sans-serif; font-size: 14px; overflow: hidden; padding: 10px 5px; text-align: center; vertical-align: top; word-break: normal; border: 1px solid black;\">100000<\/td>\n<\/tr>\n<\/tbody>\n<\/table>\n<h2>MATERIAL EST\u00c1NDAR RECOMENDADO<\/h2>\n<ul>\n<li>Papel Kraft Blanco 110\/120GSM<\/li>\n<li>Papel Kraft Virgen Marr\u00f3n 120GSM<\/li>\n<li>Papel kraft versa reciclado de 110\/125GSM<\/li>\n<li>90\/100\/110\/120GSM PCW Papel kraft marr\u00f3n<\/li>\n<\/ul>\n<h2>Size Ranges<\/h2>\n<ol>\n<li>Width 120-280mm \/ 4.72&#8243;-11&#8243;inches<\/li>\n<li>Height 220-460mm \/ 8.66&#8243;-18.11&#8243;inches<\/li>\n<li>Gusset 70-150mm \/ 2.76&#8243;-5.91&#8243; inches<\/li>\n<\/ol>\n<h2>Caracter\u00edsticas<\/h2>\n<ul>\n<li>Well-structured with heavy plastic reinforced handles<\/li>\n<li>Easy to Hold and Fill<\/li>\n<li>Recyclable &amp; eco friendly<\/li>\n<li>Use: Gift &amp; Craft, fast food delivery<\/li>\n<\/ul>\n<h2>PREGUNTAS FRECUENTES<\/h2>\n<p>P1: \u00bfC\u00f3mo s\u00e9 si mi pedido ha sido aceptado?<br \/>\nR: Le enviaremos el contrato por correo electr\u00f3nico y usted lo confirmar\u00e1 con la firma y el dep\u00f3sito.<\/p>\n<p>P2: \u00bfCu\u00e1l es el plazo de entrega de mi pedido?<br \/>\nR: Eso depende de la cantidad, el estilo y las materias primas, pls h\u00e1gamelo saber los detalles de la orden, le haremos saber c\u00f3mo hacerlo.<\/p>\n<p>Q3: How many colors can you do?<br \/>\nR: 8 colores.<\/p>\n<p>P4: \u00bfQu\u00e9 es la referencia de calidad?<br \/>\nR: Igual que las muestras presentadas.<\/p>\n<p>P5: \u00bfCu\u00e1l es su pol\u00edtica de calidad?<br \/>\nR: Tenemos un estricto control de calidad SOP, podemos personalizar un manual de calidad exclusivo para su producto, y la f\u00e1brica ejecuta el pedido de acuerdo con este manual.<\/p>","protected":false},"excerpt":{"rendered":"<p>Art\u00edculo:Bolsa de papel con asa troquelada<br \/>\nTalla: Personalizado<br \/>\nStyle\uff1apatch handle ;Die cut handle<br \/>\nPaper Types\uff1aVirgin\uff0cRecycled\uff0cCoated\uff0cor Versa kraft<br \/>\nAcabado: natural mate<br \/>\nPaper Weight\uff1a60-120 g\/\u33a1<br \/>\nBag Strength\uff1aUp to 2 KG<br \/>\nPrinting Colors\uff1a8 colors<\/p>","protected":false},"featured_media":12119,"comment_status":"open","ping_status":"closed","template":"","meta":{"_et_pb_use_builder":"","_et_pb_old_content":"","_et_gb_content_width":""},"product_cat":[266,261],"product_tag":[274,275],"yoast_head":"<!-- This site is optimized with the Yoast SEO plugin v22.7 - https:\/\/yoast.com\/wordpress\/plugins\/seo\/ -->\n<title>Die Cut Handle Paper Bag - Nanwang Paper Packaging<\/title>\n<meta name=\"description\" content=\"Die Cut Handle Paper Bag - Nanwang Paper Packaging , we supply Luxury Paper Bags, Shopping Paper Bag, Paper Carry Bag, Delivery Bag for you with good price.\" \/>\n<meta name=\"robots\" content=\"index, follow, max-snippet:-1, max-image-preview:large, max-video-preview:-1\" \/>\n<link rel=\"canonical\" href=\"https:\/\/www.nanwangpaperbag.com\/es\/producto\/die-cut-handle-paper-bag\/\" \/>\n<meta property=\"og:locale\" content=\"es_ES\" \/>\n<meta property=\"og:type\" content=\"article\" \/>\n<meta property=\"og:title\" content=\"Die Cut Handle Paper Bag - Nanwang Paper Packaging\" \/>\n<meta property=\"og:description\" content=\"Die Cut Handle Paper Bag - Nanwang Paper Packaging , we supply Luxury Paper Bags, Shopping Paper Bag, Paper Carry Bag, Delivery Bag for you with good price.\" \/>\n<meta property=\"og:url\" content=\"https:\/\/www.nanwangpaperbag.com\/es\/producto\/die-cut-handle-paper-bag\/\" \/>\n<meta property=\"og:site_name\" content=\"Nanwang Paper Packaging\" \/>\n<meta property=\"article:publisher\" content=\"https:\/\/www.facebook.com\/NanwangPaperBag\" \/>\n<meta property=\"article:modified_time\" content=\"2025-05-15T02:48:51+00:00\" \/>\n<meta property=\"og:image\" content=\"https:\/\/www.nanwangpaperbag.com\/wp-content\/uploads\/2025\/04\/Die-Cut-Handle-Paper-Bag-1.webp\" \/>\n\t<meta property=\"og:image:width\" content=\"800\" \/>\n\t<meta property=\"og:image:height\" content=\"800\" \/>\n\t<meta property=\"og:image:type\" content=\"image\/webp\" \/>\n<meta name=\"twitter:card\" content=\"summary_large_image\" \/>\n<meta name=\"twitter:site\" content=\"@NanwangPack\" \/>\n<meta name=\"twitter:label1\" content=\"Tiempo de lectura\" \/>\n\t<meta name=\"twitter:data1\" content=\"2 minutos\" \/>\n<script type=\"application\/ld+json\" class=\"yoast-schema-graph\">{\"@context\":\"https:\/\/schema.org\",\"@graph\":[{\"@type\":\"WebPage\",\"@id\":\"https:\/\/www.nanwangpaperbag.com\/product\/die-cut-handle-paper-bag\/\",\"url\":\"https:\/\/www.nanwangpaperbag.com\/product\/die-cut-handle-paper-bag\/\",\"name\":\"Die Cut Handle Paper Bag - Nanwang Paper Packaging\",\"isPartOf\":{\"@id\":\"https:\/\/www.nanwangpaperbag.com\/#website\"},\"primaryImageOfPage\":{\"@id\":\"https:\/\/www.nanwangpaperbag.com\/product\/die-cut-handle-paper-bag\/#primaryimage\"},\"image\":{\"@id\":\"https:\/\/www.nanwangpaperbag.com\/product\/die-cut-handle-paper-bag\/#primaryimage\"},\"thumbnailUrl\":\"https:\/\/www.nanwangpaperbag.com\/wp-content\/uploads\/2025\/04\/Die-Cut-Handle-Paper-Bag-1.webp\",\"datePublished\":\"2025-04-15T06:51:30+00:00\",\"dateModified\":\"2025-05-15T02:48:51+00:00\",\"description\":\"Die Cut Handle Paper Bag - Nanwang Paper Packaging , we supply Luxury Paper Bags, Shopping Paper Bag, Paper Carry Bag, Delivery Bag for you with good price.\",\"breadcrumb\":{\"@id\":\"https:\/\/www.nanwangpaperbag.com\/product\/die-cut-handle-paper-bag\/#breadcrumb\"},\"inLanguage\":\"es\",\"potentialAction\":[{\"@type\":\"ReadAction\",\"target\":[\"https:\/\/www.nanwangpaperbag.com\/product\/die-cut-handle-paper-bag\/\"]}]},{\"@type\":\"ImageObject\",\"inLanguage\":\"es\",\"@id\":\"https:\/\/www.nanwangpaperbag.com\/product\/die-cut-handle-paper-bag\/#primaryimage\",\"url\":\"https:\/\/www.nanwangpaperbag.com\/wp-content\/uploads\/2025\/04\/Die-Cut-Handle-Paper-Bag-1.webp\",\"contentUrl\":\"https:\/\/www.nanwangpaperbag.com\/wp-content\/uploads\/2025\/04\/Die-Cut-Handle-Paper-Bag-1.webp\",\"width\":800,\"height\":800,\"caption\":\"Die Cut Handle Paper Bag\"},{\"@type\":\"BreadcrumbList\",\"@id\":\"https:\/\/www.nanwangpaperbag.com\/product\/die-cut-handle-paper-bag\/#breadcrumb\",\"itemListElement\":[{\"@type\":\"ListItem\",\"position\":1,\"name\":\"Home\",\"item\":\"https:\/\/www.nanwangpaperbag.com\/\"},{\"@type\":\"ListItem\",\"position\":2,\"name\":\"Productos\",\"item\":\"https:\/\/www.nanwangpaperbag.com\/es\/shop\/\"},{\"@type\":\"ListItem\",\"position\":3,\"name\":\"Die Cut Handle Paper Bag\"}]},{\"@type\":\"WebSite\",\"@id\":\"https:\/\/www.nanwangpaperbag.com\/#website\",\"url\":\"https:\/\/www.nanwangpaperbag.com\/\",\"name\":\"Nanwang Paper Packaging\",\"description\":\"\",\"publisher\":{\"@id\":\"https:\/\/www.nanwangpaperbag.com\/#organization\"},\"potentialAction\":[{\"@type\":\"SearchAction\",\"target\":{\"@type\":\"EntryPoint\",\"urlTemplate\":\"https:\/\/www.nanwangpaperbag.com\/?s={search_term_string}\"},\"query-input\":\"required name=search_term_string\"}],\"inLanguage\":\"es\"},{\"@type\":\"Organization\",\"@id\":\"https:\/\/www.nanwangpaperbag.com\/#organization\",\"name\":\"Nanwang Pack\",\"url\":\"https:\/\/www.nanwangpaperbag.com\/\",\"logo\":{\"@type\":\"ImageObject\",\"inLanguage\":\"es\",\"@id\":\"https:\/\/www.nanwangpaperbag.com\/#\/schema\/logo\/image\/\",\"url\":\"https:\/\/www.nanwangpaperbag.com\/wp-content\/uploads\/2025\/03\/logo2.webp\",\"contentUrl\":\"https:\/\/www.nanwangpaperbag.com\/wp-content\/uploads\/2025\/03\/logo2.webp\",\"width\":433,\"height\":407,\"caption\":\"Nanwang Pack\"},\"image\":{\"@id\":\"https:\/\/www.nanwangpaperbag.com\/#\/schema\/logo\/image\/\"},\"sameAs\":[\"https:\/\/www.facebook.com\/NanwangPaperBag\",\"https:\/\/x.com\/NanwangPack\",\"https:\/\/www.linkedin.com\/company\/nanwang-paper-bag\/\",\"https:\/\/www.youtube.com\/@NanwangPaperBag\",\"https:\/\/www.tiktok.com\/@nanwangpaperbag\"]}]}<\/script>\n<!-- \/ Yoast SEO plugin. -->","yoast_head_json":{"title":"Die Cut Handle Paper Bag - Nanwang Paper Packaging","description":"Die Cut Handle Paper Bag - Nanwang Paper Packaging , we supply Luxury Paper Bags, Shopping Paper Bag, Paper Carry Bag, Delivery Bag for you with good price.","robots":{"index":"index","follow":"follow","max-snippet":"max-snippet:-1","max-image-preview":"max-image-preview:large","max-video-preview":"max-video-preview:-1"},"canonical":"https:\/\/www.nanwangpaperbag.com\/es\/producto\/die-cut-handle-paper-bag\/","og_locale":"es_ES","og_type":"article","og_title":"Die Cut Handle Paper Bag - Nanwang Paper Packaging","og_description":"Die Cut Handle Paper Bag - Nanwang Paper Packaging , we supply Luxury Paper Bags, Shopping Paper Bag, Paper Carry Bag, Delivery Bag for you with good price.","og_url":"https:\/\/www.nanwangpaperbag.com\/es\/producto\/die-cut-handle-paper-bag\/","og_site_name":"Nanwang Paper Packaging","article_publisher":"https:\/\/www.facebook.com\/NanwangPaperBag","article_modified_time":"2025-05-15T02:48:51+00:00","og_image":[{"width":800,"height":800,"url":"https:\/\/www.nanwangpaperbag.com\/wp-content\/uploads\/2025\/04\/Die-Cut-Handle-Paper-Bag-1.webp","type":"image\/webp"}],"twitter_card":"summary_large_image","twitter_site":"@NanwangPack","twitter_misc":{"Tiempo de lectura":"2 minutos"},"schema":{"@context":"https:\/\/schema.org","@graph":[{"@type":"WebPage","@id":"https:\/\/www.nanwangpaperbag.com\/product\/die-cut-handle-paper-bag\/","url":"https:\/\/www.nanwangpaperbag.com\/product\/die-cut-handle-paper-bag\/","name":"Die Cut Handle Paper Bag - Nanwang Paper Packaging","isPartOf":{"@id":"https:\/\/www.nanwangpaperbag.com\/#website"},"primaryImageOfPage":{"@id":"https:\/\/www.nanwangpaperbag.com\/product\/die-cut-handle-paper-bag\/#primaryimage"},"image":{"@id":"https:\/\/www.nanwangpaperbag.com\/product\/die-cut-handle-paper-bag\/#primaryimage"},"thumbnailUrl":"https:\/\/www.nanwangpaperbag.com\/wp-content\/uploads\/2025\/04\/Die-Cut-Handle-Paper-Bag-1.webp","datePublished":"2025-04-15T06:51:30+00:00","dateModified":"2025-05-15T02:48:51+00:00","description":"Die Cut Handle Paper Bag - Nanwang Paper Packaging , we supply Luxury Paper Bags, Shopping Paper Bag, Paper Carry Bag, Delivery Bag for you with good price.","breadcrumb":{"@id":"https:\/\/www.nanwangpaperbag.com\/product\/die-cut-handle-paper-bag\/#breadcrumb"},"inLanguage":"es","potentialAction":[{"@type":"ReadAction","target":["https:\/\/www.nanwangpaperbag.com\/product\/die-cut-handle-paper-bag\/"]}]},{"@type":"ImageObject","inLanguage":"es","@id":"https:\/\/www.nanwangpaperbag.com\/product\/die-cut-handle-paper-bag\/#primaryimage","url":"https:\/\/www.nanwangpaperbag.com\/wp-content\/uploads\/2025\/04\/Die-Cut-Handle-Paper-Bag-1.webp","contentUrl":"https:\/\/www.nanwangpaperbag.com\/wp-content\/uploads\/2025\/04\/Die-Cut-Handle-Paper-Bag-1.webp","width":800,"height":800,"caption":"Die Cut Handle Paper Bag"},{"@type":"BreadcrumbList","@id":"https:\/\/www.nanwangpaperbag.com\/product\/die-cut-handle-paper-bag\/#breadcrumb","itemListElement":[{"@type":"ListItem","position":1,"name":"Home","item":"https:\/\/www.nanwangpaperbag.com\/"},{"@type":"ListItem","position":2,"name":"Productos","item":"https:\/\/www.nanwangpaperbag.com\/es\/shop\/"},{"@type":"ListItem","position":3,"name":"Die Cut Handle Paper Bag"}]},{"@type":"WebSite","@id":"https:\/\/www.nanwangpaperbag.com\/#website","url":"https:\/\/www.nanwangpaperbag.com\/","name":"Nanwang Paper Packaging","description":"","publisher":{"@id":"https:\/\/www.nanwangpaperbag.com\/#organization"},"potentialAction":[{"@type":"SearchAction","target":{"@type":"EntryPoint","urlTemplate":"https:\/\/www.nanwangpaperbag.com\/?s={search_term_string}"},"query-input":"required name=search_term_string"}],"inLanguage":"es"},{"@type":"Organization","@id":"https:\/\/www.nanwangpaperbag.com\/#organization","name":"Nanwang Pack","url":"https:\/\/www.nanwangpaperbag.com\/","logo":{"@type":"ImageObject","inLanguage":"es","@id":"https:\/\/www.nanwangpaperbag.com\/#\/schema\/logo\/image\/","url":"https:\/\/www.nanwangpaperbag.com\/wp-content\/uploads\/2025\/03\/logo2.webp","contentUrl":"https:\/\/www.nanwangpaperbag.com\/wp-content\/uploads\/2025\/03\/logo2.webp","width":433,"height":407,"caption":"Nanwang Pack"},"image":{"@id":"https:\/\/www.nanwangpaperbag.com\/#\/schema\/logo\/image\/"},"sameAs":["https:\/\/www.facebook.com\/NanwangPaperBag","https:\/\/x.com\/NanwangPack","https:\/\/www.linkedin.com\/company\/nanwang-paper-bag\/","https:\/\/www.youtube.com\/@NanwangPaperBag","https:\/\/www.tiktok.com\/@nanwangpaperbag"]}]}},"_links":{"self":[{"href":"https:\/\/www.nanwangpaperbag.com\/es\/wp-json\/wp\/v2\/product\/12111"}],"collection":[{"href":"https:\/\/www.nanwangpaperbag.com\/es\/wp-json\/wp\/v2\/product"}],"about":[{"href":"https:\/\/www.nanwangpaperbag.com\/es\/wp-json\/wp\/v2\/types\/product"}],"replies":[{"embeddable":true,"href":"https:\/\/www.nanwangpaperbag.com\/es\/wp-json\/wp\/v2\/comments?post=12111"}],"wp:featuredmedia":[{"embeddable":true,"href":"https:\/\/www.nanwangpaperbag.com\/es\/wp-json\/wp\/v2\/media\/12119"}],"wp:attachment":[{"href":"https:\/\/www.nanwangpaperbag.com\/es\/wp-json\/wp\/v2\/media?parent=12111"}],"wp:term":[{"taxonomy":"product_cat","embeddable":true,"href":"https:\/\/www.nanwangpaperbag.com\/es\/wp-json\/wp\/v2\/product_cat?post=12111"},{"taxonomy":"product_tag","embeddable":true,"href":"https:\/\/www.nanwangpaperbag.com\/es\/wp-json\/wp\/v2\/product_tag?post=12111"}],"curies":[{"name":"wp","href":"https:\/\/api.w.org\/{rel}","templated":true}]}}