{"id":12142,"date":"2025-04-15T08:45:56","date_gmt":"2025-04-15T08:45:56","guid":{"rendered":"https:\/\/www.nanwangpaperbag.com\/?post_type=product&#038;p=12142"},"modified":"2025-04-16T09:08:07","modified_gmt":"2025-04-16T09:08:07","slug":"sos-paper-bags","status":"publish","type":"product","link":"https:\/\/www.nanwangpaperbag.com\/es\/producto\/bolsas-de-papel-sos\/","title":{"rendered":"Bolsas de papel SOS"},"content":{"rendered":"<p><a href=\"https:\/\/www.nanwangpaperbag.com\/es\/producto\/bolsas-de-papel-sos\/\"><strong>Bolsas de papel SOS<\/strong><\/a> ofrecen una c\u00f3moda soluci\u00f3n de envasado para restaurantes de servicio r\u00e1pido. Utilizando las avanzadas m\u00e1quinas #4 y #8 de H.G. Weber Inc., estas bolsas se presentan en varios tama\u00f1os y pueden imprimirse hasta en 7 colores. La elecci\u00f3n de bolsas con ventana permite a los clientes ver el contenido, mientras que las opciones con cierre de lata ayudan a mantener los alimentos frescos. Fabricadas con papel blanco y kraft apto para uso alimentario, estas bolsas reciclables y ecol\u00f3gicas se imprimen con tintas al agua no t\u00f3xicas para garantizar la seguridad.<\/p>\n<p><img loading=\"lazy\" decoding=\"async\" class=\"wp-image-12145 aligncenter\" data-src=\"https:\/\/www.nanwangpaperbag.com\/wp-content\/uploads\/2025\/04\/SOS-Paper-Bags-1.webp\" alt=\"Bolsas de papel SOS \" width=\"548\" height=\"548\" srcset=\"https:\/\/www.nanwangpaperbag.com\/wp-content\/uploads\/2025\/04\/SOS-Paper-Bags-1.webp 548w, https:\/\/www.nanwangpaperbag.com\/wp-content\/uploads\/2025\/04\/SOS-Paper-Bags-1-480x480.webp 480w\" sizes=\"(min-width: 0px) and (max-width: 480px) 480px, (min-width: 481px) 548px, 100vw\" \/><\/p>\n<h2>Tama\u00f1os est\u00e1ndar NanWang<\/h2>\n<table class=\"tg\" style=\"border-collapse: collapse; border-spacing: 0;\">\n<thead>\n<tr>\n<th style=\"font-family: Arial, sans-serif; font-size: 14px; font-weight: normal; overflow: hidden; padding: 10px 5px; text-align: center; vertical-align: top; word-break: normal; border: 1px solid black;\"><span style=\"font-weight: normal;\">C\u00f3digo Ltem<\/span><\/th>\n<th style=\"font-family: Arial, sans-serif; font-size: 14px; font-weight: normal; overflow: hidden; padding: 10px 5px; text-align: center; vertical-align: top; word-break: normal; border: 1px solid black;\"><span style=\"font-weight: normal;\">Dimensiones de la bolsa (mm)<\/span><br \/>\n<span style=\"font-weight: normal;\">( Anchura x Altura x Refuerzo )<\/span><\/th>\n<th style=\"font-family: Arial, sans-serif; font-size: 14px; font-weight: normal; overflow: hidden; padding: 10px 5px; text-align: center; vertical-align: top; word-break: normal; border: 1px solid black;\"><span style=\"font-weight: normal;\">Dimensiones de la bolsa (pulgadas)<\/span><br \/>\n<span style=\"font-weight: normal;\">( Anchura x Altura x Refuerzo )<\/span><\/th>\n<th style=\"font-family: Arial, sans-serif; font-size: 14px; font-weight: normal; overflow: hidden; padding: 10px 5px; text-align: center; vertical-align: top; word-break: normal; border: 1px solid black;\"><span style=\"font-weight: normal;\">Estuche<\/span><br \/>\n<span style=\"font-weight: normal;\">(pcs\/ ctn)<\/span><\/th>\n<th style=\"font-family: Arial, sans-serif; font-size: 14px; font-weight: normal; overflow: hidden; padding: 10px 5px; text-align: center; vertical-align: top; word-break: normal; border: 1px solid black;\"><span style=\"font-weight: normal;\">Liso MOQ<\/span><br \/>\n<span style=\"font-weight: normal;\">(unidades)<\/span><\/th>\n<th style=\"font-family: Arial, sans-serif; font-size: 14px; font-weight: normal; overflow: hidden; padding: 10px 5px; text-align: center; vertical-align: top; word-break: normal; border: 1px solid black;\"><span style=\"font-weight: normal;\">Impreso MOQ<\/span><br \/>\n<span style=\"font-weight: normal;\">(unidades)<\/span><\/th>\n<\/tr>\n<\/thead>\n<tbody>\n<tr>\n<td style=\"font-family: Arial, sans-serif; font-size: 14px; overflow: hidden; padding: 10px 5px; text-align: center; vertical-align: top; word-break: normal; border: 1px solid black;\">NWC4<\/td>\n<td style=\"font-family: Arial, sans-serif; font-size: 14px; overflow: hidden; padding: 10px 5px; text-align: center; vertical-align: top; word-break: normal; border: 1px solid black;\">127X240X79mm<\/td>\n<td style=\"font-family: Arial, sans-serif; font-size: 14px; overflow: hidden; padding: 10px 5px; text-align: center; vertical-align: top; word-break: normal; border: 1px solid black;\">5\u2033x9.75\u2033x3\u2033<\/td>\n<td style=\"font-family: Arial, sans-serif; font-size: 14px; overflow: hidden; padding: 10px 5px; text-align: center; vertical-align: top; word-break: normal; border: 1px solid black;\">500<\/td>\n<td style=\"font-family: Arial, sans-serif; font-size: 14px; overflow: hidden; padding: 10px 5px; text-align: center; vertical-align: top; word-break: normal; border: 1px solid black;\">50000<\/td>\n<td style=\"font-family: Arial, sans-serif; font-size: 14px; overflow: hidden; padding: 10px 5px; text-align: center; vertical-align: top; word-break: normal; border: 1px solid black;\">100000<\/td>\n<\/tr>\n<tr>\n<td style=\"font-family: Arial, sans-serif; font-size: 14px; overflow: hidden; padding: 10px 5px; text-align: center; vertical-align: top; word-break: normal; border: 1px solid black;\">NWC6<\/td>\n<td style=\"font-family: Arial, sans-serif; font-size: 14px; overflow: hidden; padding: 10px 5px; text-align: center; vertical-align: top; word-break: normal; border: 1px solid black;\">152x281x92mm<\/td>\n<td style=\"font-family: Arial, sans-serif; font-size: 14px; overflow: hidden; padding: 10px 5px; text-align: center; vertical-align: top; word-break: normal; border: 1px solid black;\">6\u2033x11\u2033x3,5\u2033<\/td>\n<td style=\"font-family: Arial, sans-serif; font-size: 14px; overflow: hidden; padding: 10px 5px; text-align: center; vertical-align: top; word-break: normal; border: 1px solid black;\">500<\/td>\n<td style=\"font-family: Arial, sans-serif; font-size: 14px; overflow: hidden; padding: 10px 5px; text-align: center; vertical-align: top; word-break: normal; border: 1px solid black;\">50000<\/td>\n<td style=\"font-family: Arial, sans-serif; font-size: 14px; overflow: hidden; padding: 10px 5px; text-align: center; vertical-align: top; word-break: normal; border: 1px solid black;\">100000<\/td>\n<\/tr>\n<tr>\n<td style=\"font-family: Arial, sans-serif; font-size: 14px; overflow: hidden; padding: 10px 5px; text-align: center; vertical-align: top; word-break: normal; border: 1px solid black;\">NWC8<\/td>\n<td style=\"font-family: Arial, sans-serif; font-size: 14px; overflow: hidden; padding: 10px 5px; text-align: center; vertical-align: top; word-break: normal; border: 1px solid black;\">156x316x106mm<\/td>\n<td style=\"font-family: Arial, sans-serif; font-size: 14px; overflow: hidden; padding: 10px 5px; text-align: center; vertical-align: top; word-break: normal; border: 1px solid black;\">6\u2033x12,5\u2033x4\u2033<\/td>\n<td style=\"font-family: Arial, sans-serif; font-size: 14px; overflow: hidden; padding: 10px 5px; text-align: center; vertical-align: top; word-break: normal; border: 1px solid black;\">500<\/td>\n<td style=\"font-family: Arial, sans-serif; font-size: 14px; overflow: hidden; padding: 10px 5px; text-align: center; vertical-align: top; word-break: normal; border: 1px solid black;\">50000<\/td>\n<td style=\"font-family: Arial, sans-serif; font-size: 14px; overflow: hidden; padding: 10px 5px; text-align: center; vertical-align: top; word-break: normal; border: 1px solid black;\">100000<\/td>\n<\/tr>\n<tr>\n<td style=\"font-family: Arial, sans-serif; font-size: 14px; overflow: hidden; padding: 10px 5px; text-align: center; vertical-align: top; word-break: normal; border: 1px solid black;\">NWC10<\/td>\n<td style=\"font-family: Arial, sans-serif; font-size: 14px; overflow: hidden; padding: 10px 5px; text-align: center; vertical-align: top; word-break: normal; border: 1px solid black;\">160x340x106mm<\/td>\n<td style=\"font-family: Arial, sans-serif; font-size: 14px; overflow: hidden; padding: 10px 5px; text-align: center; vertical-align: top; word-break: normal; border: 1px solid black;\">6\u2033x13,5\u2033x4\u2033<\/td>\n<td style=\"font-family: Arial, sans-serif; font-size: 14px; overflow: hidden; padding: 10px 5px; text-align: center; vertical-align: top; word-break: normal; border: 1px solid black;\">500<\/td>\n<td style=\"font-family: Arial, sans-serif; font-size: 14px; overflow: hidden; padding: 10px 5px; text-align: center; vertical-align: top; word-break: normal; border: 1px solid black;\">50000<\/td>\n<td style=\"font-family: Arial, sans-serif; font-size: 14px; overflow: hidden; padding: 10px 5px; text-align: center; vertical-align: top; word-break: normal; border: 1px solid black;\">100000<\/td>\n<\/tr>\n<tr>\n<td style=\"font-family: Arial, sans-serif; font-size: 14px; overflow: hidden; padding: 10px 5px; text-align: center; vertical-align: top; word-break: normal; border: 1px solid black;\">NWC12<\/td>\n<td style=\"font-family: Arial, sans-serif; font-size: 14px; overflow: hidden; padding: 10px 5px; text-align: center; vertical-align: top; word-break: normal; border: 1px solid black;\">179x349x114mm<\/td>\n<td style=\"font-family: Arial, sans-serif; font-size: 14px; overflow: hidden; padding: 10px 5px; text-align: center; vertical-align: top; word-break: normal; border: 1px solid black;\">7\u2033x13.75\u2033x4.5\u2033<\/td>\n<td style=\"font-family: Arial, sans-serif; font-size: 14px; overflow: hidden; padding: 10px 5px; text-align: center; vertical-align: top; word-break: normal; border: 1px solid black;\">500<\/td>\n<td style=\"font-family: Arial, sans-serif; font-size: 14px; overflow: hidden; padding: 10px 5px; text-align: center; vertical-align: top; word-break: normal; border: 1px solid black;\">50000<\/td>\n<td style=\"font-family: Arial, sans-serif; font-size: 14px; overflow: hidden; padding: 10px 5px; text-align: center; vertical-align: top; word-break: normal; border: 1px solid black;\">100000<\/td>\n<\/tr>\n<\/tbody>\n<\/table>\n<p>&nbsp;<\/p>\n<h2>MATERIAL EST\u00c1NDAR RECOMENDADO<\/h2>\n<p>\u25cf Papel Kraft blanco de calidad alimentaria de 50\/60GSM.<br \/>\n\u25cf A prueba de grasa\/revestido por un lado<br \/>\n\u25cf Papel kraft marr\u00f3n de calidad alimentaria de 50\/60GSM.<br \/>\n\u25cf A prueba de grasa\/revestido por un lado<\/p>\n<h2>Caracter\u00edsticas<\/h2>\n<p>Nanwang es una empresa de confianza <a href=\"https:\/\/www.nanwangpaperbag.com\/es\/category\/food-grade-paper-bag\/\"><strong>proveedor de bolsas de papel<\/strong><\/a>\u00a0especializada en envases de papel que cumplen las normas de contacto con alimentos, dise\u00f1ados para restaurantes de servicio r\u00e1pido y necesidades de marca de primera calidad. Producidos en instalaciones con certificaci\u00f3n GMP, nuestros productos integran la impresi\u00f3n flexogr\u00e1fica con papel kraft apto para alimentos y tintas acuosas no t\u00f3xicas, lo que garantiza la seguridad conforme a la FDA al tiempo que ofrece gr\u00e1ficos vibrantes.<\/p>\n<p><img loading=\"lazy\" decoding=\"async\" class=\"wp-image-12146 aligncenter\" data-src=\"https:\/\/www.nanwangpaperbag.com\/wp-content\/uploads\/2025\/04\/SOS-Paper-Bags-2.webp\" alt=\"Bolsas de papel SOS \" width=\"468\" height=\"468\" \/><\/p>\n<h2>Principales ventajas<\/h2>\n<p>1. Saludable y respetuoso con el medio ambiente<br \/>\nNuestras bolsas est\u00e1n fabricadas con materiales seguros tanto para los consumidores como para el planeta, lo que favorece un medio ambiente m\u00e1s sano.<br \/>\n2. Fuerte resistencia<br \/>\nDise\u00f1adas con una gran resistencia, estas bolsas pueden soportar los rigores de un servicio acelerado sin desgarrarse ni fallar.<br \/>\n3. Gran capacidad de carga<br \/>\nDise\u00f1adas para soportar una gran cantidad de peso, nuestras bolsas de papel SOS garantizan un envasado seguro de sus alimentos.<br \/>\n4. Reciclable, degradable y recuperable<br \/>\nNuestras bolsas no s\u00f3lo son reciclables, sino tambi\u00e9n totalmente degradables, lo que las convierte en una opci\u00f3n responsable para las empresas con conciencia ecol\u00f3gica.<br \/>\n5. Alta calidad y bajo precio<br \/>\nOfrecemos productos de primera calidad a precios asequibles, garantizando que nuestros clientes reciban el mejor valor sin comprometer los est\u00e1ndares.<\/p>\n<h2>Nuestros servicios<\/h2>\n<p>1. Los fondos de I+D se invierten alrededor de 3% de la facturaci\u00f3n anual (30 millones de RMB+) - 2022<br \/>\n2. 66 patentes: 5 patentes de invenci\u00f3n, 56 patentes de modelo de utilidad y 5 patentes de dise\u00f1o. Se han admitido patentes en el extranjero en 8 pa\u00edses y 5 patentes a trav\u00e9s del PCT (Tratado de Cooperaci\u00f3n en materia de Patentes).<br \/>\n3. De 2019 a 2022, hemos proporcionado a los clientes una media de m\u00e1s de 200 soluciones de dise\u00f1o y desarrollo de envases al a\u00f1o.<\/p>\n<h2>PREGUNTAS FRECUENTES<\/h2>\n<p>P1:\u00bfCu\u00e1l es el plazo de entrega de las muestras? \u00bfCu\u00e1nto cobran por las muestras?<br \/>\nR: Por lo general, la muestra se env\u00eda en 1-2 d\u00edas laborables. La tarifa de la muestra depende del dise\u00f1o. Para la necesidad de las muestras comunes, no cargaremos la tarifa y se espera que los clientes paguen la carga solamente; Cargaremos la tarifa para desarrollar la nueva muestra que llam\u00f3 las muestras modificadas para requisitos particulares, y la tarifa de la muestra le ser\u00e1 devuelta si la orden a granel confiada coloc\u00f3.<\/p>\n<p>P2:\u00bfCu\u00e1les son los m\u00e9todos de env\u00edo?<br \/>\nA:DHL, UPS, TNT, FEDEX, por mar, por aire, etc.<\/p>\n<p>P3:\u00bfQu\u00e9 debemos hacer si no encontramos lo que buscamos en su sitio web?<br \/>\nA:Por favor, p\u00f3ngase en contacto con nosotros para proporcionar su propio dise\u00f1o de obras de arte, le daremos una cita sobre su dise\u00f1o.<\/p>\n<p>P4: \u00bfCu\u00e1l es su ventaja?<br \/>\nA:1.Desde 2010<br \/>\n2.Precio de f\u00e1brica<br \/>\n3.Servicio r\u00e1pido de atenci\u00f3n al cliente<br \/>\n4.Entrega puntual<br \/>\n5.Garant\u00eda de calidad superior<br \/>\n6.Mantener el seguimiento de los clientes<\/p>\n<p>P5: \u00bfSon una f\u00e1brica o una empresa comercial?<br \/>\nR: Somos f\u00e1brica desde 2010 produciendo y exportando productos de embalaje de papel, tambi\u00e9n tenemos equipo profesional de trabajadores.<\/p>","protected":false},"excerpt":{"rendered":"<p>Art\u00edculo: Bolsa de papel kraft SOS<br \/>\nTallas:2#, 4#, 6#, 8#, 10#, 12#, 20#<br \/>\nLogotipo: Logotipo personalizado<br \/>\nColores de impresi\u00f3n: hasta 8 colores<br \/>\nMaterial del papel: papel kraft marr\u00f3n\/blanco virgen apto para uso alimentario,papel kraft marr\u00f3n reciclado<\/p>","protected":false},"featured_media":12147,"comment_status":"open","ping_status":"closed","template":"","meta":{"_et_pb_use_builder":"","_et_pb_old_content":"","_et_gb_content_width":""},"product_cat":[280,281],"product_tag":[303,302],"yoast_head":"<!-- This site is optimized with the Yoast SEO plugin v22.7 - https:\/\/yoast.com\/wordpress\/plugins\/seo\/ -->\n<title>SOS Paper Bags - Nanwang Paper Packaging<\/title>\n<meta name=\"description\" content=\"SOS Paper Bags - Nanwang Paper Packaging , we supply Luxury Paper Bags, Shopping Paper Bag, Paper Carry Bag, Delivery Bag for you with good price.\" \/>\n<meta name=\"robots\" content=\"index, follow, max-snippet:-1, max-image-preview:large, max-video-preview:-1\" \/>\n<link rel=\"canonical\" href=\"https:\/\/www.nanwangpaperbag.com\/es\/producto\/bolsas-de-papel-sos\/\" \/>\n<meta property=\"og:locale\" content=\"es_ES\" \/>\n<meta property=\"og:type\" content=\"article\" \/>\n<meta property=\"og:title\" content=\"SOS Paper Bags - Nanwang Paper Packaging\" \/>\n<meta property=\"og:description\" content=\"SOS Paper Bags - Nanwang Paper Packaging , we supply Luxury Paper Bags, Shopping Paper Bag, Paper Carry Bag, Delivery Bag for you with good price.\" \/>\n<meta property=\"og:url\" content=\"https:\/\/www.nanwangpaperbag.com\/es\/producto\/bolsas-de-papel-sos\/\" \/>\n<meta property=\"og:site_name\" content=\"Nanwang Paper Packaging\" \/>\n<meta property=\"article:publisher\" content=\"https:\/\/www.facebook.com\/NanwangPaperBag\" \/>\n<meta property=\"article:modified_time\" content=\"2025-04-16T09:08:07+00:00\" \/>\n<meta property=\"og:image\" content=\"https:\/\/www.nanwangpaperbag.com\/wp-content\/uploads\/2025\/04\/SOS-Paper-Bags-1-1.webp\" \/>\n\t<meta property=\"og:image:width\" content=\"800\" \/>\n\t<meta property=\"og:image:height\" content=\"800\" \/>\n\t<meta property=\"og:image:type\" content=\"image\/webp\" \/>\n<meta name=\"twitter:card\" content=\"summary_large_image\" \/>\n<meta name=\"twitter:site\" content=\"@NanwangPack\" \/>\n<meta name=\"twitter:label1\" content=\"Tiempo de lectura\" \/>\n\t<meta name=\"twitter:data1\" content=\"4 minutos\" \/>\n<script type=\"application\/ld+json\" class=\"yoast-schema-graph\">{\"@context\":\"https:\/\/schema.org\",\"@graph\":[{\"@type\":\"WebPage\",\"@id\":\"https:\/\/www.nanwangpaperbag.com\/product\/sos-paper-bags\/\",\"url\":\"https:\/\/www.nanwangpaperbag.com\/product\/sos-paper-bags\/\",\"name\":\"SOS Paper Bags - Nanwang Paper Packaging\",\"isPartOf\":{\"@id\":\"https:\/\/www.nanwangpaperbag.com\/#website\"},\"primaryImageOfPage\":{\"@id\":\"https:\/\/www.nanwangpaperbag.com\/product\/sos-paper-bags\/#primaryimage\"},\"image\":{\"@id\":\"https:\/\/www.nanwangpaperbag.com\/product\/sos-paper-bags\/#primaryimage\"},\"thumbnailUrl\":\"https:\/\/www.nanwangpaperbag.com\/wp-content\/uploads\/2025\/04\/SOS-Paper-Bags-1-1.webp\",\"datePublished\":\"2025-04-15T08:45:56+00:00\",\"dateModified\":\"2025-04-16T09:08:07+00:00\",\"description\":\"SOS Paper Bags - Nanwang Paper Packaging , we supply Luxury Paper Bags, Shopping Paper Bag, Paper Carry Bag, Delivery Bag for you with good price.\",\"breadcrumb\":{\"@id\":\"https:\/\/www.nanwangpaperbag.com\/product\/sos-paper-bags\/#breadcrumb\"},\"inLanguage\":\"es\",\"potentialAction\":[{\"@type\":\"ReadAction\",\"target\":[\"https:\/\/www.nanwangpaperbag.com\/product\/sos-paper-bags\/\"]}]},{\"@type\":\"ImageObject\",\"inLanguage\":\"es\",\"@id\":\"https:\/\/www.nanwangpaperbag.com\/product\/sos-paper-bags\/#primaryimage\",\"url\":\"https:\/\/www.nanwangpaperbag.com\/wp-content\/uploads\/2025\/04\/SOS-Paper-Bags-1-1.webp\",\"contentUrl\":\"https:\/\/www.nanwangpaperbag.com\/wp-content\/uploads\/2025\/04\/SOS-Paper-Bags-1-1.webp\",\"width\":800,\"height\":800,\"caption\":\"SOS Paper Bags\"},{\"@type\":\"BreadcrumbList\",\"@id\":\"https:\/\/www.nanwangpaperbag.com\/product\/sos-paper-bags\/#breadcrumb\",\"itemListElement\":[{\"@type\":\"ListItem\",\"position\":1,\"name\":\"Home\",\"item\":\"https:\/\/www.nanwangpaperbag.com\/\"},{\"@type\":\"ListItem\",\"position\":2,\"name\":\"Productos\",\"item\":\"https:\/\/www.nanwangpaperbag.com\/es\/shop\/\"},{\"@type\":\"ListItem\",\"position\":3,\"name\":\"SOS Paper Bags\"}]},{\"@type\":\"WebSite\",\"@id\":\"https:\/\/www.nanwangpaperbag.com\/#website\",\"url\":\"https:\/\/www.nanwangpaperbag.com\/\",\"name\":\"Nanwang Paper Packaging\",\"description\":\"\",\"publisher\":{\"@id\":\"https:\/\/www.nanwangpaperbag.com\/#organization\"},\"potentialAction\":[{\"@type\":\"SearchAction\",\"target\":{\"@type\":\"EntryPoint\",\"urlTemplate\":\"https:\/\/www.nanwangpaperbag.com\/?s={search_term_string}\"},\"query-input\":\"required name=search_term_string\"}],\"inLanguage\":\"es\"},{\"@type\":\"Organization\",\"@id\":\"https:\/\/www.nanwangpaperbag.com\/#organization\",\"name\":\"Nanwang Pack\",\"url\":\"https:\/\/www.nanwangpaperbag.com\/\",\"logo\":{\"@type\":\"ImageObject\",\"inLanguage\":\"es\",\"@id\":\"https:\/\/www.nanwangpaperbag.com\/#\/schema\/logo\/image\/\",\"url\":\"https:\/\/www.nanwangpaperbag.com\/wp-content\/uploads\/2025\/03\/logo2.webp\",\"contentUrl\":\"https:\/\/www.nanwangpaperbag.com\/wp-content\/uploads\/2025\/03\/logo2.webp\",\"width\":433,\"height\":407,\"caption\":\"Nanwang Pack\"},\"image\":{\"@id\":\"https:\/\/www.nanwangpaperbag.com\/#\/schema\/logo\/image\/\"},\"sameAs\":[\"https:\/\/www.facebook.com\/NanwangPaperBag\",\"https:\/\/x.com\/NanwangPack\",\"https:\/\/www.linkedin.com\/company\/nanwang-paper-bag\/\",\"https:\/\/www.youtube.com\/@NanwangPaperBag\",\"https:\/\/www.tiktok.com\/@nanwangpaperbag\"]}]}<\/script>\n<!-- \/ Yoast SEO plugin. -->","yoast_head_json":{"title":"SOS Paper Bags - Nanwang Paper Packaging","description":"SOS Paper Bags - Nanwang Paper Packaging , we supply Luxury Paper Bags, Shopping Paper Bag, Paper Carry Bag, Delivery Bag for you with good price.","robots":{"index":"index","follow":"follow","max-snippet":"max-snippet:-1","max-image-preview":"max-image-preview:large","max-video-preview":"max-video-preview:-1"},"canonical":"https:\/\/www.nanwangpaperbag.com\/es\/producto\/bolsas-de-papel-sos\/","og_locale":"es_ES","og_type":"article","og_title":"SOS Paper Bags - Nanwang Paper Packaging","og_description":"SOS Paper Bags - Nanwang Paper Packaging , we supply Luxury Paper Bags, Shopping Paper Bag, Paper Carry Bag, Delivery Bag for you with good price.","og_url":"https:\/\/www.nanwangpaperbag.com\/es\/producto\/bolsas-de-papel-sos\/","og_site_name":"Nanwang Paper Packaging","article_publisher":"https:\/\/www.facebook.com\/NanwangPaperBag","article_modified_time":"2025-04-16T09:08:07+00:00","og_image":[{"width":800,"height":800,"url":"https:\/\/www.nanwangpaperbag.com\/wp-content\/uploads\/2025\/04\/SOS-Paper-Bags-1-1.webp","type":"image\/webp"}],"twitter_card":"summary_large_image","twitter_site":"@NanwangPack","twitter_misc":{"Tiempo de lectura":"4 minutos"},"schema":{"@context":"https:\/\/schema.org","@graph":[{"@type":"WebPage","@id":"https:\/\/www.nanwangpaperbag.com\/product\/sos-paper-bags\/","url":"https:\/\/www.nanwangpaperbag.com\/product\/sos-paper-bags\/","name":"SOS Paper Bags - Nanwang Paper Packaging","isPartOf":{"@id":"https:\/\/www.nanwangpaperbag.com\/#website"},"primaryImageOfPage":{"@id":"https:\/\/www.nanwangpaperbag.com\/product\/sos-paper-bags\/#primaryimage"},"image":{"@id":"https:\/\/www.nanwangpaperbag.com\/product\/sos-paper-bags\/#primaryimage"},"thumbnailUrl":"https:\/\/www.nanwangpaperbag.com\/wp-content\/uploads\/2025\/04\/SOS-Paper-Bags-1-1.webp","datePublished":"2025-04-15T08:45:56+00:00","dateModified":"2025-04-16T09:08:07+00:00","description":"SOS Paper Bags - Nanwang Paper Packaging , we supply Luxury Paper Bags, Shopping Paper Bag, Paper Carry Bag, Delivery Bag for you with good price.","breadcrumb":{"@id":"https:\/\/www.nanwangpaperbag.com\/product\/sos-paper-bags\/#breadcrumb"},"inLanguage":"es","potentialAction":[{"@type":"ReadAction","target":["https:\/\/www.nanwangpaperbag.com\/product\/sos-paper-bags\/"]}]},{"@type":"ImageObject","inLanguage":"es","@id":"https:\/\/www.nanwangpaperbag.com\/product\/sos-paper-bags\/#primaryimage","url":"https:\/\/www.nanwangpaperbag.com\/wp-content\/uploads\/2025\/04\/SOS-Paper-Bags-1-1.webp","contentUrl":"https:\/\/www.nanwangpaperbag.com\/wp-content\/uploads\/2025\/04\/SOS-Paper-Bags-1-1.webp","width":800,"height":800,"caption":"SOS Paper Bags"},{"@type":"BreadcrumbList","@id":"https:\/\/www.nanwangpaperbag.com\/product\/sos-paper-bags\/#breadcrumb","itemListElement":[{"@type":"ListItem","position":1,"name":"Home","item":"https:\/\/www.nanwangpaperbag.com\/"},{"@type":"ListItem","position":2,"name":"Productos","item":"https:\/\/www.nanwangpaperbag.com\/es\/shop\/"},{"@type":"ListItem","position":3,"name":"SOS Paper Bags"}]},{"@type":"WebSite","@id":"https:\/\/www.nanwangpaperbag.com\/#website","url":"https:\/\/www.nanwangpaperbag.com\/","name":"Nanwang Paper Packaging","description":"","publisher":{"@id":"https:\/\/www.nanwangpaperbag.com\/#organization"},"potentialAction":[{"@type":"SearchAction","target":{"@type":"EntryPoint","urlTemplate":"https:\/\/www.nanwangpaperbag.com\/?s={search_term_string}"},"query-input":"required name=search_term_string"}],"inLanguage":"es"},{"@type":"Organization","@id":"https:\/\/www.nanwangpaperbag.com\/#organization","name":"Nanwang Pack","url":"https:\/\/www.nanwangpaperbag.com\/","logo":{"@type":"ImageObject","inLanguage":"es","@id":"https:\/\/www.nanwangpaperbag.com\/#\/schema\/logo\/image\/","url":"https:\/\/www.nanwangpaperbag.com\/wp-content\/uploads\/2025\/03\/logo2.webp","contentUrl":"https:\/\/www.nanwangpaperbag.com\/wp-content\/uploads\/2025\/03\/logo2.webp","width":433,"height":407,"caption":"Nanwang Pack"},"image":{"@id":"https:\/\/www.nanwangpaperbag.com\/#\/schema\/logo\/image\/"},"sameAs":["https:\/\/www.facebook.com\/NanwangPaperBag","https:\/\/x.com\/NanwangPack","https:\/\/www.linkedin.com\/company\/nanwang-paper-bag\/","https:\/\/www.youtube.com\/@NanwangPaperBag","https:\/\/www.tiktok.com\/@nanwangpaperbag"]}]}},"_links":{"self":[{"href":"https:\/\/www.nanwangpaperbag.com\/es\/wp-json\/wp\/v2\/product\/12142"}],"collection":[{"href":"https:\/\/www.nanwangpaperbag.com\/es\/wp-json\/wp\/v2\/product"}],"about":[{"href":"https:\/\/www.nanwangpaperbag.com\/es\/wp-json\/wp\/v2\/types\/product"}],"replies":[{"embeddable":true,"href":"https:\/\/www.nanwangpaperbag.com\/es\/wp-json\/wp\/v2\/comments?post=12142"}],"wp:featuredmedia":[{"embeddable":true,"href":"https:\/\/www.nanwangpaperbag.com\/es\/wp-json\/wp\/v2\/media\/12147"}],"wp:attachment":[{"href":"https:\/\/www.nanwangpaperbag.com\/es\/wp-json\/wp\/v2\/media?parent=12142"}],"wp:term":[{"taxonomy":"product_cat","embeddable":true,"href":"https:\/\/www.nanwangpaperbag.com\/es\/wp-json\/wp\/v2\/product_cat?post=12142"},{"taxonomy":"product_tag","embeddable":true,"href":"https:\/\/www.nanwangpaperbag.com\/es\/wp-json\/wp\/v2\/product_tag?post=12142"}],"curies":[{"name":"wp","href":"https:\/\/api.w.org\/{rel}","templated":true}]}}