{"id":12160,"date":"2025-04-15T09:19:12","date_gmt":"2025-04-15T09:19:12","guid":{"rendered":"https:\/\/www.nanwangpaperbag.com\/?post_type=product&#038;p=12160"},"modified":"2025-05-15T03:21:53","modified_gmt":"2025-05-15T03:21:53","slug":"kraft-food-paper-containers","status":"publish","type":"product","link":"https:\/\/www.nanwangpaperbag.com\/es\/producto\/kraft-food-paper-containers\/","title":{"rendered":"Envases de papel kraft para alimentos"},"content":{"rendered":"<p>Estos <a href=\"https:\/\/www.nanwangpaperbag.com\/es\/category\/food-service-disposables\/paper-box\/\"><strong>envases de papel para alimentos<\/strong><\/a> se suministran planos y se pliegan f\u00e1cilmente con l\u00edneas de moldeado. Fabricadas con papel kraft ecol\u00f3gico mediante un proceso sin cloro y cera ecol\u00f3gica de mezcla de soja, apoyan el movimiento ecol\u00f3gico sin dejar de ser muy funcionales. Ideales para mantener los alimentos frescos, estas cajas kraft marrones para llevar son perfectas para servir alimentos pesados y fritos. Ya sea para un catering o para organizar una fiesta, estos recipientes son adecuados tanto para platos fr\u00edos como calientes, lo que los convierte en una opci\u00f3n vers\u00e1til y sostenible.<\/p>\n<p><img loading=\"lazy\" decoding=\"async\" class=\"size-full wp-image-12169 aligncenter\" data-src=\"https:\/\/www.nanwangpaperbag.com\/wp-content\/uploads\/2025\/04\/Food-paper-Containers-1.webp\" alt=\"Envases de papel kraft para alimentos\" width=\"596\" height=\"280\" srcset=\"https:\/\/www.nanwangpaperbag.com\/wp-content\/uploads\/2025\/04\/Food-paper-Containers-1.webp 596w, https:\/\/www.nanwangpaperbag.com\/wp-content\/uploads\/2025\/04\/Food-paper-Containers-1-480x226.webp 480w\" sizes=\"(min-width: 0px) and (max-width: 480px) 480px, (min-width: 481px) 596px, 100vw\" \/><\/p>\n<h2>MATERIAL EST\u00c1NDAR RECOMENDADO<\/h2>\n<p>\u25cf Papel de cart\u00f3n blanco estucado antigrasa de 210 g\/m\u00b2.<br \/>\n\u25cf Papel de cart\u00f3n blanco recubierto antigrasa de 240 g\/m\u00b2.<br \/>\n\u25cf Papel de cart\u00f3n blanco antigrasa estucado de 250 g\/m\u00b2.<br \/>\n\u25cf Papel de cart\u00f3n estucado marr\u00f3n de 250 g\/m\u00b2.<\/p>\n<h2>Caracter\u00edsticas de <a href=\"https:\/\/www.nanwangpaperbag.com\/es\/producto\/kraft-food-paper-containers\/\"><em><strong>Envases de comida Kraft<\/strong><\/em><\/a><\/h2>\n<p>Rentable<\/p>\n<p>\u25cf Construcci\u00f3n robusta y resistente<\/p>\n<p>\u25cf Ideal para alimentos calientes y resistente a la grasa.<\/p>\n<p>\u25cf Totalmente reciclable - respetuoso con el medio ambiente.<\/p>\n<p>\u25cf Envases kraft populares para cenas para llevar<\/p>\n<p>\u25cf Cajas take-put de papel resistentes a las fugas y a la grasa.<\/p>\n<p>Ideal para su panader\u00eda, restaurante, bistr\u00f3 o servicio de catering, este vers\u00e1til recipiente tiene el tama\u00f1o perfecto para postres. Es una excelente opci\u00f3n para albergar una gran variedad de alimentos, mientras que el atractivo color kraft proporciona una sensaci\u00f3n profesional para la comida para llevar de sus clientes.<\/p>\n<h2>Normas nacionales<\/h2>\n<p>Entre los galardones recibidos se incluyen el reconocimiento como \"Empresa nacional de fabricaci\u00f3n orientada al servicio\", \"Empresa nacional de alta tecnolog\u00eda\" y una de las \"100 mejores empresas de impresi\u00f3n y envasado de China\" durante cinco a\u00f1os consecutivos. Como empresa l\u00edder en el <a href=\"https:\/\/www.nanwangpaperbag.com\/es\/category\/food-service-disposables\/\"><strong>envases desechables para servicios alimentarios<\/strong><\/a> tambi\u00e9n desempe\u00f1amos un papel pionero en la normalizaci\u00f3n, siendo el principal redactor de varias normas clave del sector, nacionales y de grupo, entre las que se incluyen:<\/p>\n<ul>\n<li><strong>QB\/T 4379-2019<\/strong> \"Bolsas de papel port\u00e1tiles\" (Norma de la industria)<\/li>\n<li><strong>GB\/T 27590-2022<\/strong> \"Vasos de papel\" (Normativa nacional)<\/li>\n<li><strong>T\/CNFIA 201-2020<\/strong> \"Pajitas de papel desechables para contacto con alimentos\" (Norma del grupo)<\/li>\n<li><strong>T\/CNFIA 189-2024<\/strong> \"Determinaci\u00f3n de fluoruro org\u00e1nico extra\u00edble en papel en contacto con alimentos\" (Norma de grupo)<\/li>\n<li><strong>T\/CNFIA 190-2024<\/strong> \"Determinaci\u00f3n del fl\u00faor org\u00e1nico total en papel, cart\u00f3n y productos de papel para contacto con alimentos\"<\/li>\n<li><strong>T\/CNFIA 191-2024<\/strong> \"Determinaci\u00f3n del fl\u00faor total en papel, cart\u00f3n y productos de papel para contacto con alimentos\"<\/li>\n<\/ul>\n<p>Estas contribuciones reflejan nuestro compromiso con la innovaci\u00f3n, la seguridad y la sostenibilidad en el sector de los envases desechables para servicios alimentarios.<\/p>\n<h2>PREGUNTAS FRECUENTES<\/h2>\n<p>P1.\u00bfExiste alg\u00fan arancel para mi pa\u00eds?<br \/>\nA\uff1aEs 25% arancel de China a EE.UU., pero otros pa\u00edses no. Tenemos una f\u00e1brica en Malasia puede enviar a EE.UU. para evitar los aranceles.<\/p>\n<p>Q2. \u00bfPueden enviar productos a mi oficina en China?<br \/>\nR: S\u00ed, ind\u00edquenos la direcci\u00f3n.<\/p>\n<p>P3.\u00bfExisten normativas de env\u00edo adicionales para los productos de papel?<br \/>\nR: No.<\/p>\n<p>P4.\u00bfC\u00f3mo puedo obtener el descuento?<br \/>\nR: Si la cantidad del pedido es mayor, los precios ser\u00e1n m\u00e1s bajos.<\/p>\n<p>P5.\u00bfEs usted una f\u00e1brica o una empresa comercial?<br \/>\nR:Somos una f\u00e1brica de productos de embalaje de papel y tenemos 6 plantas. 5 en China, 1 en Malasia.<\/p>","protected":false},"excerpt":{"rendered":"<p>Fabricado en cart\u00f3n kraft blanco antigrasa, taza para patatas fritas calientes con impresi\u00f3n personalizada, dise\u00f1o plegado, plegable plano para patatas fritas para llevar. Con impresi\u00f3n personalizada, ideal para comida caliente. Sirva comida r\u00e1pida f\u00e1cilmente con los recipientes de papel para comida. Fabricados con cart\u00f3n, estos recipientes son resistentes a las fugas y la grasa y pueden contener alimentos fritos calientes. Tambi\u00e9n pueden utilizarse para almacenar, empaquetar y entregar.<br \/>\nTama\u00f1o: seg\u00fan dise\u00f1o<br \/>\nColor\/Material: Cart\u00f3n kraft blanco<br \/>\nCantidad: 100,000<br \/>\nIdeal para envasar pedidos de comida caliente o fr\u00eda para llevar<br \/>\nDesechable para facilitar la limpieza<\/p>","protected":false},"featured_media":12170,"comment_status":"open","ping_status":"closed","template":"","meta":{"_et_pb_use_builder":"","_et_pb_old_content":"","_et_gb_content_width":""},"product_cat":[284,285],"product_tag":[308,309,354],"yoast_head":"<!-- This site is optimized with the Yoast SEO plugin v22.7 - https:\/\/yoast.com\/wordpress\/plugins\/seo\/ -->\n<title>Kraft Food Paper Containers - Nanwang Paper Packaging<\/title>\n<meta name=\"description\" content=\"Kraft Food Paper Containers - Nanwang Paper Packaging , we supply Luxury Paper Bags, Shopping Paper Bag, Paper Carry Bag, Delivery Bag for you with good price.\" \/>\n<meta name=\"robots\" content=\"index, follow, max-snippet:-1, max-image-preview:large, max-video-preview:-1\" \/>\n<link rel=\"canonical\" href=\"https:\/\/www.nanwangpaperbag.com\/es\/producto\/kraft-food-paper-containers\/\" \/>\n<meta property=\"og:locale\" content=\"es_ES\" \/>\n<meta property=\"og:type\" content=\"article\" \/>\n<meta property=\"og:title\" content=\"Kraft Food Paper Containers - Nanwang Paper Packaging\" \/>\n<meta property=\"og:description\" content=\"Kraft Food Paper Containers - Nanwang Paper Packaging , we supply Luxury Paper Bags, Shopping Paper Bag, Paper Carry Bag, Delivery Bag for you with good price.\" \/>\n<meta property=\"og:url\" content=\"https:\/\/www.nanwangpaperbag.com\/es\/producto\/kraft-food-paper-containers\/\" \/>\n<meta property=\"og:site_name\" content=\"Nanwang Paper Packaging\" \/>\n<meta property=\"article:publisher\" content=\"https:\/\/www.facebook.com\/NanwangPaperBag\" \/>\n<meta property=\"article:modified_time\" content=\"2025-05-15T03:21:53+00:00\" \/>\n<meta property=\"og:image\" content=\"https:\/\/www.nanwangpaperbag.com\/wp-content\/uploads\/2025\/04\/Kraft-Food-paper-Containers-1.webp\" \/>\n\t<meta property=\"og:image:width\" content=\"800\" \/>\n\t<meta property=\"og:image:height\" content=\"800\" \/>\n\t<meta property=\"og:image:type\" content=\"image\/webp\" \/>\n<meta name=\"twitter:card\" content=\"summary_large_image\" \/>\n<meta name=\"twitter:site\" content=\"@NanwangPack\" \/>\n<meta name=\"twitter:label1\" content=\"Tiempo de lectura\" \/>\n\t<meta name=\"twitter:data1\" content=\"3 minutos\" \/>\n<script type=\"application\/ld+json\" class=\"yoast-schema-graph\">{\"@context\":\"https:\/\/schema.org\",\"@graph\":[{\"@type\":\"WebPage\",\"@id\":\"https:\/\/www.nanwangpaperbag.com\/product\/kraft-food-paper-containers\/\",\"url\":\"https:\/\/www.nanwangpaperbag.com\/product\/kraft-food-paper-containers\/\",\"name\":\"Kraft Food Paper Containers - Nanwang Paper Packaging\",\"isPartOf\":{\"@id\":\"https:\/\/www.nanwangpaperbag.com\/#website\"},\"primaryImageOfPage\":{\"@id\":\"https:\/\/www.nanwangpaperbag.com\/product\/kraft-food-paper-containers\/#primaryimage\"},\"image\":{\"@id\":\"https:\/\/www.nanwangpaperbag.com\/product\/kraft-food-paper-containers\/#primaryimage\"},\"thumbnailUrl\":\"https:\/\/www.nanwangpaperbag.com\/wp-content\/uploads\/2025\/04\/Kraft-Food-paper-Containers-1.webp\",\"datePublished\":\"2025-04-15T09:19:12+00:00\",\"dateModified\":\"2025-05-15T03:21:53+00:00\",\"description\":\"Kraft Food Paper Containers - Nanwang Paper Packaging , we supply Luxury Paper Bags, Shopping Paper Bag, Paper Carry Bag, Delivery Bag for you with good price.\",\"breadcrumb\":{\"@id\":\"https:\/\/www.nanwangpaperbag.com\/product\/kraft-food-paper-containers\/#breadcrumb\"},\"inLanguage\":\"es\",\"potentialAction\":[{\"@type\":\"ReadAction\",\"target\":[\"https:\/\/www.nanwangpaperbag.com\/product\/kraft-food-paper-containers\/\"]}]},{\"@type\":\"ImageObject\",\"inLanguage\":\"es\",\"@id\":\"https:\/\/www.nanwangpaperbag.com\/product\/kraft-food-paper-containers\/#primaryimage\",\"url\":\"https:\/\/www.nanwangpaperbag.com\/wp-content\/uploads\/2025\/04\/Kraft-Food-paper-Containers-1.webp\",\"contentUrl\":\"https:\/\/www.nanwangpaperbag.com\/wp-content\/uploads\/2025\/04\/Kraft-Food-paper-Containers-1.webp\",\"width\":800,\"height\":800,\"caption\":\"Kraft Food Paper Containers\"},{\"@type\":\"BreadcrumbList\",\"@id\":\"https:\/\/www.nanwangpaperbag.com\/product\/kraft-food-paper-containers\/#breadcrumb\",\"itemListElement\":[{\"@type\":\"ListItem\",\"position\":1,\"name\":\"Home\",\"item\":\"https:\/\/www.nanwangpaperbag.com\/\"},{\"@type\":\"ListItem\",\"position\":2,\"name\":\"Productos\",\"item\":\"https:\/\/www.nanwangpaperbag.com\/es\/shop\/\"},{\"@type\":\"ListItem\",\"position\":3,\"name\":\"Kraft Food Paper Containers\"}]},{\"@type\":\"WebSite\",\"@id\":\"https:\/\/www.nanwangpaperbag.com\/#website\",\"url\":\"https:\/\/www.nanwangpaperbag.com\/\",\"name\":\"Nanwang Paper Packaging\",\"description\":\"\",\"publisher\":{\"@id\":\"https:\/\/www.nanwangpaperbag.com\/#organization\"},\"potentialAction\":[{\"@type\":\"SearchAction\",\"target\":{\"@type\":\"EntryPoint\",\"urlTemplate\":\"https:\/\/www.nanwangpaperbag.com\/?s={search_term_string}\"},\"query-input\":\"required name=search_term_string\"}],\"inLanguage\":\"es\"},{\"@type\":\"Organization\",\"@id\":\"https:\/\/www.nanwangpaperbag.com\/#organization\",\"name\":\"Nanwang Pack\",\"url\":\"https:\/\/www.nanwangpaperbag.com\/\",\"logo\":{\"@type\":\"ImageObject\",\"inLanguage\":\"es\",\"@id\":\"https:\/\/www.nanwangpaperbag.com\/#\/schema\/logo\/image\/\",\"url\":\"https:\/\/www.nanwangpaperbag.com\/wp-content\/uploads\/2025\/03\/logo2.webp\",\"contentUrl\":\"https:\/\/www.nanwangpaperbag.com\/wp-content\/uploads\/2025\/03\/logo2.webp\",\"width\":433,\"height\":407,\"caption\":\"Nanwang Pack\"},\"image\":{\"@id\":\"https:\/\/www.nanwangpaperbag.com\/#\/schema\/logo\/image\/\"},\"sameAs\":[\"https:\/\/www.facebook.com\/NanwangPaperBag\",\"https:\/\/x.com\/NanwangPack\",\"https:\/\/www.linkedin.com\/company\/nanwang-paper-bag\/\",\"https:\/\/www.youtube.com\/@NanwangPaperBag\",\"https:\/\/www.tiktok.com\/@nanwangpaperbag\"]}]}<\/script>\n<!-- \/ Yoast SEO plugin. -->","yoast_head_json":{"title":"Kraft Food Paper Containers - Nanwang Paper Packaging","description":"Kraft Food Paper Containers - Nanwang Paper Packaging , we supply Luxury Paper Bags, Shopping Paper Bag, Paper Carry Bag, Delivery Bag for you with good price.","robots":{"index":"index","follow":"follow","max-snippet":"max-snippet:-1","max-image-preview":"max-image-preview:large","max-video-preview":"max-video-preview:-1"},"canonical":"https:\/\/www.nanwangpaperbag.com\/es\/producto\/kraft-food-paper-containers\/","og_locale":"es_ES","og_type":"article","og_title":"Kraft Food Paper Containers - Nanwang Paper Packaging","og_description":"Kraft Food Paper Containers - Nanwang Paper Packaging , we supply Luxury Paper Bags, Shopping Paper Bag, Paper Carry Bag, Delivery Bag for you with good price.","og_url":"https:\/\/www.nanwangpaperbag.com\/es\/producto\/kraft-food-paper-containers\/","og_site_name":"Nanwang Paper Packaging","article_publisher":"https:\/\/www.facebook.com\/NanwangPaperBag","article_modified_time":"2025-05-15T03:21:53+00:00","og_image":[{"width":800,"height":800,"url":"https:\/\/www.nanwangpaperbag.com\/wp-content\/uploads\/2025\/04\/Kraft-Food-paper-Containers-1.webp","type":"image\/webp"}],"twitter_card":"summary_large_image","twitter_site":"@NanwangPack","twitter_misc":{"Tiempo de lectura":"3 minutos"},"schema":{"@context":"https:\/\/schema.org","@graph":[{"@type":"WebPage","@id":"https:\/\/www.nanwangpaperbag.com\/product\/kraft-food-paper-containers\/","url":"https:\/\/www.nanwangpaperbag.com\/product\/kraft-food-paper-containers\/","name":"Kraft Food Paper Containers - Nanwang Paper Packaging","isPartOf":{"@id":"https:\/\/www.nanwangpaperbag.com\/#website"},"primaryImageOfPage":{"@id":"https:\/\/www.nanwangpaperbag.com\/product\/kraft-food-paper-containers\/#primaryimage"},"image":{"@id":"https:\/\/www.nanwangpaperbag.com\/product\/kraft-food-paper-containers\/#primaryimage"},"thumbnailUrl":"https:\/\/www.nanwangpaperbag.com\/wp-content\/uploads\/2025\/04\/Kraft-Food-paper-Containers-1.webp","datePublished":"2025-04-15T09:19:12+00:00","dateModified":"2025-05-15T03:21:53+00:00","description":"Kraft Food Paper Containers - Nanwang Paper Packaging , we supply Luxury Paper Bags, Shopping Paper Bag, Paper Carry Bag, Delivery Bag for you with good price.","breadcrumb":{"@id":"https:\/\/www.nanwangpaperbag.com\/product\/kraft-food-paper-containers\/#breadcrumb"},"inLanguage":"es","potentialAction":[{"@type":"ReadAction","target":["https:\/\/www.nanwangpaperbag.com\/product\/kraft-food-paper-containers\/"]}]},{"@type":"ImageObject","inLanguage":"es","@id":"https:\/\/www.nanwangpaperbag.com\/product\/kraft-food-paper-containers\/#primaryimage","url":"https:\/\/www.nanwangpaperbag.com\/wp-content\/uploads\/2025\/04\/Kraft-Food-paper-Containers-1.webp","contentUrl":"https:\/\/www.nanwangpaperbag.com\/wp-content\/uploads\/2025\/04\/Kraft-Food-paper-Containers-1.webp","width":800,"height":800,"caption":"Kraft Food Paper Containers"},{"@type":"BreadcrumbList","@id":"https:\/\/www.nanwangpaperbag.com\/product\/kraft-food-paper-containers\/#breadcrumb","itemListElement":[{"@type":"ListItem","position":1,"name":"Home","item":"https:\/\/www.nanwangpaperbag.com\/"},{"@type":"ListItem","position":2,"name":"Productos","item":"https:\/\/www.nanwangpaperbag.com\/es\/shop\/"},{"@type":"ListItem","position":3,"name":"Kraft Food Paper Containers"}]},{"@type":"WebSite","@id":"https:\/\/www.nanwangpaperbag.com\/#website","url":"https:\/\/www.nanwangpaperbag.com\/","name":"Nanwang Paper Packaging","description":"","publisher":{"@id":"https:\/\/www.nanwangpaperbag.com\/#organization"},"potentialAction":[{"@type":"SearchAction","target":{"@type":"EntryPoint","urlTemplate":"https:\/\/www.nanwangpaperbag.com\/?s={search_term_string}"},"query-input":"required name=search_term_string"}],"inLanguage":"es"},{"@type":"Organization","@id":"https:\/\/www.nanwangpaperbag.com\/#organization","name":"Nanwang Pack","url":"https:\/\/www.nanwangpaperbag.com\/","logo":{"@type":"ImageObject","inLanguage":"es","@id":"https:\/\/www.nanwangpaperbag.com\/#\/schema\/logo\/image\/","url":"https:\/\/www.nanwangpaperbag.com\/wp-content\/uploads\/2025\/03\/logo2.webp","contentUrl":"https:\/\/www.nanwangpaperbag.com\/wp-content\/uploads\/2025\/03\/logo2.webp","width":433,"height":407,"caption":"Nanwang Pack"},"image":{"@id":"https:\/\/www.nanwangpaperbag.com\/#\/schema\/logo\/image\/"},"sameAs":["https:\/\/www.facebook.com\/NanwangPaperBag","https:\/\/x.com\/NanwangPack","https:\/\/www.linkedin.com\/company\/nanwang-paper-bag\/","https:\/\/www.youtube.com\/@NanwangPaperBag","https:\/\/www.tiktok.com\/@nanwangpaperbag"]}]}},"_links":{"self":[{"href":"https:\/\/www.nanwangpaperbag.com\/es\/wp-json\/wp\/v2\/product\/12160"}],"collection":[{"href":"https:\/\/www.nanwangpaperbag.com\/es\/wp-json\/wp\/v2\/product"}],"about":[{"href":"https:\/\/www.nanwangpaperbag.com\/es\/wp-json\/wp\/v2\/types\/product"}],"replies":[{"embeddable":true,"href":"https:\/\/www.nanwangpaperbag.com\/es\/wp-json\/wp\/v2\/comments?post=12160"}],"wp:featuredmedia":[{"embeddable":true,"href":"https:\/\/www.nanwangpaperbag.com\/es\/wp-json\/wp\/v2\/media\/12170"}],"wp:attachment":[{"href":"https:\/\/www.nanwangpaperbag.com\/es\/wp-json\/wp\/v2\/media?parent=12160"}],"wp:term":[{"taxonomy":"product_cat","embeddable":true,"href":"https:\/\/www.nanwangpaperbag.com\/es\/wp-json\/wp\/v2\/product_cat?post=12160"},{"taxonomy":"product_tag","embeddable":true,"href":"https:\/\/www.nanwangpaperbag.com\/es\/wp-json\/wp\/v2\/product_tag?post=12160"}],"curies":[{"name":"wp","href":"https:\/\/api.w.org\/{rel}","templated":true}]}}