{"id":12161,"date":"2025-04-15T09:31:25","date_gmt":"2025-04-15T09:31:25","guid":{"rendered":"https:\/\/www.nanwangpaperbag.com\/?post_type=product&#038;p=12161"},"modified":"2025-05-14T06:55:16","modified_gmt":"2025-05-14T06:55:16","slug":"paper-cups-in-disposable","status":"publish","type":"product","link":"https:\/\/www.nanwangpaperbag.com\/es\/producto\/paper-cups-in-disposable\/","title":{"rendered":"Vasos de papel desechables"},"content":{"rendered":"<p><a href=\"https:\/\/www.nanwangpaperbag.com\/es\/producto\/paper-cups-in-disposable\/\"><strong>Vasos de papel desechables<\/strong><\/a> son esenciales en la vida diaria, y se utilizan habitualmente en fiestas, reuniones y cafeter\u00edas. Una de sus principales ventajas es que, a diferencia del pl\u00e1stico, los vasos de papel son biodegradables y f\u00e1cilmente reciclables. Fabricados con pulpa de madera renovable, pueden reponerse indefinidamente. Ante la creciente preocupaci\u00f3n por el medio ambiente, elegir vasos de papel es una decisi\u00f3n responsable para nuestra rutina diaria.<\/p>\n<p><img loading=\"lazy\" decoding=\"async\" class=\"size-full wp-image-12175 aligncenter\" data-src=\"https:\/\/www.nanwangpaperbag.com\/wp-content\/uploads\/2025\/04\/Paper-Cups_1.webp\" alt=\"Vasos de papel desechables\" width=\"979\" height=\"228\" srcset=\"https:\/\/www.nanwangpaperbag.com\/wp-content\/uploads\/2025\/04\/Paper-Cups_1.webp 979w, https:\/\/www.nanwangpaperbag.com\/wp-content\/uploads\/2025\/04\/Paper-Cups_1-480x112.webp 480w\" sizes=\"(min-width: 0px) and (max-width: 480px) 480px, (min-width: 481px) 979px, 100vw\" \/><\/p>\n<h2>MATERIAL EST\u00c1NDAR RECOMENDADO<\/h2>\n<p>Copa fr\u00eda<br \/>\n\u246014pe+210gsm Cart\u00f3n+1Bpe<br \/>\n\u246114pe+350gsm Cart\u00f3n+18pe<\/p>\n<p>Taza caliente<br \/>\n\u2460250gsm Cart\u00f3n+18pe<br \/>\n\u2461280gsm Papel Baard+18pe<br \/>\n\u2462320gsm Papel Baard+18pe<br \/>\n\u2463350gsm Papel Barba+18pe<\/p>\n<h2>Caracter\u00edsticas<\/h2>\n<p>Tama\u00f1os disponibles: A medida<br \/>\nMaterial del papel: Cart\u00f3n forrado de PE<br \/>\nGramaje del papel: 210-350 g\/m2<br \/>\nColores de impresi\u00f3n: 8 colores<\/p>\n<h2>Nuestra garant\u00eda<\/h2>\n<p>Certificados bajo las normas ISO 22000:2018 (Seguridad Alimentaria), ISO 9001:2015 (Calidad), ISO 14001:2015 (Medio Ambiente), FSC-COC, y BRC (Grado A+), mantenemos un riguroso sistema de gesti\u00f3n de calidad para nuestro <strong><a href=\"https:\/\/www.nanwangpaperbag.com\/es\/category\/food-service-disposables\/\">productos alimentarios desechables<\/a><\/strong>. Nuestro equipo de I+D, respaldado por una inversi\u00f3n anual superior a los 30 millones de RMB, ha desarrollado 14 tecnolog\u00edas b\u00e1sicas l\u00edderes en el sector adaptadas a los envases alimentarios desechables, entre las que se incluyen el dise\u00f1o de bolsas en U de plegado interno, la fijaci\u00f3n automatizada de asas y los revestimientos antipenetraci\u00f3n. Con 84 patentes nacionales (8 patentes de invenci\u00f3n) y 5 patentes internacionales aplicadas espec\u00edficamente a soluciones de envasado de alimentos desechables, nuestro laboratorio de \u00faltima generaci\u00f3n integra pruebas de materiales, an\u00e1lisis de datos e innovaci\u00f3n ecol\u00f3gica para avanzar en el rendimiento de los envases desechables sostenibles.<\/p>\n<h2>PREGUNTAS FRECUENTES<\/h2>\n<p>P1.\u00bfPodemos crear nuestra propia marca?<br \/>\nR: S\u00ed, podemos suministrar el servicio OEM.<\/p>\n<p>P2: \u00bfD\u00f3nde se encuentra su f\u00e1brica? \u00bfPuedo visitarla?<br \/>\nR:Tenemos 6 f\u00e1bricas, 5 en China y 1 en Malasia. Bienvenido a su visita.<\/p>\n<p>P3: \u00bfC\u00f3mo puedo conseguir muestras?<br \/>\nR: Si tenemos la muestra en stock, se la proporcionaremos. El honorario de la muestra pagar\u00e1 de nuevo a usted en las \u00f3rdenes posteriores<br \/>\n2. Si la muestra es personalizada, lo haremos para usted, entonces usted debe pagar la tarifa de la muestra y la carga, de todos modos la tarifa de la muestra se pagar\u00e1 de nuevo a usted en los pedidos posteriores.<\/p>\n<p>P4: \u00bfSe puede devolver el importe de la matr\u00edcula?<br \/>\nR: S\u00ed, si la cantidad del pedido es grande, le devolveremos el importe de la placa.<\/p>\n<p>P5.\u00bfPor qu\u00e9 elegirnos?<br \/>\nA:1,Gran capacidad (200 millones de piezas de bolsas de la compra al mes y 900 millones de piezas de envases alimentarios al mes),<br \/>\n2,Amplia gama de productos (13 tipos)<br \/>\n3,Estricto control de calidad SOP,<br \/>\n4,Elecci\u00f3n flexible de las instalaciones de producci\u00f3n (5 f\u00e1bricas en China con diferentes puertos de embarque, y Malasia)<br \/>\n5,Equipos avanzados (tenemos 230 conjuntos de m\u00e1quinas, la mayor\u00eda de ellos son importados para garantizar la gran calidad y estable)<br \/>\n6,Experiencia en cooperaci\u00f3n con marcas internacionales.<br \/>\n7. Cualificado por QS, ISO9001, ISO14001, ISO22000,BRC,FSC,FDA,SEDEX<\/p>","protected":false},"excerpt":{"rendered":"<p>Tama\u00f1o disponible:4OZ\/6OZ\/8OZ\/9OZ\/10OZ\/12OZ\/16OZ\/20OZ\/22OZ\/24OZ<br \/>\nTipos de papel: Cart\u00f3n forrado de PE<br \/>\nGramaje del papel: 210-350gsm<br \/>\nColor de impresi\u00f3n: 8 colores(flexo)<br \/>\nCantidad m\u00ednima: 100.000 unidades<br \/>\nMaterial est\u00e1ndar recomendado -Taza caliente-320g+18PE, 350g+18PE, 280g+18PE, 250g+18PE -Taza fr\u00eda-14PE+250g+17PE, 14PE+210g+17PE<br \/>\nVentaja: tinta de base acuosa no t\u00f3xica prin<\/p>","protected":false},"featured_media":12176,"comment_status":"open","ping_status":"closed","template":"","meta":{"_et_pb_use_builder":"","_et_pb_old_content":"","_et_gb_content_width":""},"product_cat":[284,286],"product_tag":[311,310],"yoast_head":"<!-- This site is optimized with the Yoast SEO plugin v22.7 - https:\/\/yoast.com\/wordpress\/plugins\/seo\/ -->\n<title>Paper Cups in Disposable - Nanwang Paper Packaging<\/title>\n<meta name=\"description\" content=\"Paper Cups in Disposable - Nanwang Paper Packaging , we supply Luxury Paper Bags, Shopping Paper Bag, Paper Carry Bag, Delivery Bag for you with good price.\" \/>\n<meta name=\"robots\" content=\"index, follow, max-snippet:-1, max-image-preview:large, max-video-preview:-1\" \/>\n<link rel=\"canonical\" href=\"https:\/\/www.nanwangpaperbag.com\/es\/producto\/paper-cups-in-disposable\/\" \/>\n<meta property=\"og:locale\" content=\"es_ES\" \/>\n<meta property=\"og:type\" content=\"article\" \/>\n<meta property=\"og:title\" content=\"Paper Cups in Disposable - Nanwang Paper Packaging\" \/>\n<meta property=\"og:description\" content=\"Paper Cups in Disposable - Nanwang Paper Packaging , we supply Luxury Paper Bags, Shopping Paper Bag, Paper Carry Bag, Delivery Bag for you with good price.\" \/>\n<meta property=\"og:url\" content=\"https:\/\/www.nanwangpaperbag.com\/es\/producto\/paper-cups-in-disposable\/\" \/>\n<meta property=\"og:site_name\" content=\"Nanwang Paper Packaging\" \/>\n<meta property=\"article:publisher\" content=\"https:\/\/www.facebook.com\/NanwangPaperBag\" \/>\n<meta property=\"article:modified_time\" content=\"2025-05-14T06:55:16+00:00\" \/>\n<meta property=\"og:image\" content=\"https:\/\/www.nanwangpaperbag.com\/wp-content\/uploads\/2025\/04\/Paper-Cups-in-Disposable_1.webp\" \/>\n\t<meta property=\"og:image:width\" content=\"800\" \/>\n\t<meta property=\"og:image:height\" content=\"800\" \/>\n\t<meta property=\"og:image:type\" content=\"image\/webp\" \/>\n<meta name=\"twitter:card\" content=\"summary_large_image\" \/>\n<meta name=\"twitter:site\" content=\"@NanwangPack\" \/>\n<meta name=\"twitter:label1\" content=\"Tiempo de lectura\" \/>\n\t<meta name=\"twitter:data1\" content=\"3 minutos\" \/>\n<script type=\"application\/ld+json\" class=\"yoast-schema-graph\">{\"@context\":\"https:\/\/schema.org\",\"@graph\":[{\"@type\":\"WebPage\",\"@id\":\"https:\/\/www.nanwangpaperbag.com\/product\/paper-cups-in-disposable\/\",\"url\":\"https:\/\/www.nanwangpaperbag.com\/product\/paper-cups-in-disposable\/\",\"name\":\"Paper Cups in Disposable - Nanwang Paper Packaging\",\"isPartOf\":{\"@id\":\"https:\/\/www.nanwangpaperbag.com\/#website\"},\"primaryImageOfPage\":{\"@id\":\"https:\/\/www.nanwangpaperbag.com\/product\/paper-cups-in-disposable\/#primaryimage\"},\"image\":{\"@id\":\"https:\/\/www.nanwangpaperbag.com\/product\/paper-cups-in-disposable\/#primaryimage\"},\"thumbnailUrl\":\"https:\/\/www.nanwangpaperbag.com\/wp-content\/uploads\/2025\/04\/Paper-Cups-in-Disposable_1.webp\",\"datePublished\":\"2025-04-15T09:31:25+00:00\",\"dateModified\":\"2025-05-14T06:55:16+00:00\",\"description\":\"Paper Cups in Disposable - Nanwang Paper Packaging , we supply Luxury Paper Bags, Shopping Paper Bag, Paper Carry Bag, Delivery Bag for you with good price.\",\"breadcrumb\":{\"@id\":\"https:\/\/www.nanwangpaperbag.com\/product\/paper-cups-in-disposable\/#breadcrumb\"},\"inLanguage\":\"es\",\"potentialAction\":[{\"@type\":\"ReadAction\",\"target\":[\"https:\/\/www.nanwangpaperbag.com\/product\/paper-cups-in-disposable\/\"]}]},{\"@type\":\"ImageObject\",\"inLanguage\":\"es\",\"@id\":\"https:\/\/www.nanwangpaperbag.com\/product\/paper-cups-in-disposable\/#primaryimage\",\"url\":\"https:\/\/www.nanwangpaperbag.com\/wp-content\/uploads\/2025\/04\/Paper-Cups-in-Disposable_1.webp\",\"contentUrl\":\"https:\/\/www.nanwangpaperbag.com\/wp-content\/uploads\/2025\/04\/Paper-Cups-in-Disposable_1.webp\",\"width\":800,\"height\":800,\"caption\":\"Paper Cups in Disposable\"},{\"@type\":\"BreadcrumbList\",\"@id\":\"https:\/\/www.nanwangpaperbag.com\/product\/paper-cups-in-disposable\/#breadcrumb\",\"itemListElement\":[{\"@type\":\"ListItem\",\"position\":1,\"name\":\"Home\",\"item\":\"https:\/\/www.nanwangpaperbag.com\/\"},{\"@type\":\"ListItem\",\"position\":2,\"name\":\"Productos\",\"item\":\"https:\/\/www.nanwangpaperbag.com\/es\/shop\/\"},{\"@type\":\"ListItem\",\"position\":3,\"name\":\"Paper Cups in Disposable\"}]},{\"@type\":\"WebSite\",\"@id\":\"https:\/\/www.nanwangpaperbag.com\/#website\",\"url\":\"https:\/\/www.nanwangpaperbag.com\/\",\"name\":\"Nanwang Paper Packaging\",\"description\":\"\",\"publisher\":{\"@id\":\"https:\/\/www.nanwangpaperbag.com\/#organization\"},\"potentialAction\":[{\"@type\":\"SearchAction\",\"target\":{\"@type\":\"EntryPoint\",\"urlTemplate\":\"https:\/\/www.nanwangpaperbag.com\/?s={search_term_string}\"},\"query-input\":\"required name=search_term_string\"}],\"inLanguage\":\"es\"},{\"@type\":\"Organization\",\"@id\":\"https:\/\/www.nanwangpaperbag.com\/#organization\",\"name\":\"Nanwang Pack\",\"url\":\"https:\/\/www.nanwangpaperbag.com\/\",\"logo\":{\"@type\":\"ImageObject\",\"inLanguage\":\"es\",\"@id\":\"https:\/\/www.nanwangpaperbag.com\/#\/schema\/logo\/image\/\",\"url\":\"https:\/\/www.nanwangpaperbag.com\/wp-content\/uploads\/2025\/03\/logo2.webp\",\"contentUrl\":\"https:\/\/www.nanwangpaperbag.com\/wp-content\/uploads\/2025\/03\/logo2.webp\",\"width\":433,\"height\":407,\"caption\":\"Nanwang Pack\"},\"image\":{\"@id\":\"https:\/\/www.nanwangpaperbag.com\/#\/schema\/logo\/image\/\"},\"sameAs\":[\"https:\/\/www.facebook.com\/NanwangPaperBag\",\"https:\/\/x.com\/NanwangPack\",\"https:\/\/www.linkedin.com\/company\/nanwang-paper-bag\/\",\"https:\/\/www.youtube.com\/@NanwangPaperBag\",\"https:\/\/www.tiktok.com\/@nanwangpaperbag\"]}]}<\/script>\n<!-- \/ Yoast SEO plugin. -->","yoast_head_json":{"title":"Paper Cups in Disposable - Nanwang Paper Packaging","description":"Paper Cups in Disposable - Nanwang Paper Packaging , we supply Luxury Paper Bags, Shopping Paper Bag, Paper Carry Bag, Delivery Bag for you with good price.","robots":{"index":"index","follow":"follow","max-snippet":"max-snippet:-1","max-image-preview":"max-image-preview:large","max-video-preview":"max-video-preview:-1"},"canonical":"https:\/\/www.nanwangpaperbag.com\/es\/producto\/paper-cups-in-disposable\/","og_locale":"es_ES","og_type":"article","og_title":"Paper Cups in Disposable - Nanwang Paper Packaging","og_description":"Paper Cups in Disposable - Nanwang Paper Packaging , we supply Luxury Paper Bags, Shopping Paper Bag, Paper Carry Bag, Delivery Bag for you with good price.","og_url":"https:\/\/www.nanwangpaperbag.com\/es\/producto\/paper-cups-in-disposable\/","og_site_name":"Nanwang Paper Packaging","article_publisher":"https:\/\/www.facebook.com\/NanwangPaperBag","article_modified_time":"2025-05-14T06:55:16+00:00","og_image":[{"width":800,"height":800,"url":"https:\/\/www.nanwangpaperbag.com\/wp-content\/uploads\/2025\/04\/Paper-Cups-in-Disposable_1.webp","type":"image\/webp"}],"twitter_card":"summary_large_image","twitter_site":"@NanwangPack","twitter_misc":{"Tiempo de lectura":"3 minutos"},"schema":{"@context":"https:\/\/schema.org","@graph":[{"@type":"WebPage","@id":"https:\/\/www.nanwangpaperbag.com\/product\/paper-cups-in-disposable\/","url":"https:\/\/www.nanwangpaperbag.com\/product\/paper-cups-in-disposable\/","name":"Paper Cups in Disposable - Nanwang Paper Packaging","isPartOf":{"@id":"https:\/\/www.nanwangpaperbag.com\/#website"},"primaryImageOfPage":{"@id":"https:\/\/www.nanwangpaperbag.com\/product\/paper-cups-in-disposable\/#primaryimage"},"image":{"@id":"https:\/\/www.nanwangpaperbag.com\/product\/paper-cups-in-disposable\/#primaryimage"},"thumbnailUrl":"https:\/\/www.nanwangpaperbag.com\/wp-content\/uploads\/2025\/04\/Paper-Cups-in-Disposable_1.webp","datePublished":"2025-04-15T09:31:25+00:00","dateModified":"2025-05-14T06:55:16+00:00","description":"Paper Cups in Disposable - Nanwang Paper Packaging , we supply Luxury Paper Bags, Shopping Paper Bag, Paper Carry Bag, Delivery Bag for you with good price.","breadcrumb":{"@id":"https:\/\/www.nanwangpaperbag.com\/product\/paper-cups-in-disposable\/#breadcrumb"},"inLanguage":"es","potentialAction":[{"@type":"ReadAction","target":["https:\/\/www.nanwangpaperbag.com\/product\/paper-cups-in-disposable\/"]}]},{"@type":"ImageObject","inLanguage":"es","@id":"https:\/\/www.nanwangpaperbag.com\/product\/paper-cups-in-disposable\/#primaryimage","url":"https:\/\/www.nanwangpaperbag.com\/wp-content\/uploads\/2025\/04\/Paper-Cups-in-Disposable_1.webp","contentUrl":"https:\/\/www.nanwangpaperbag.com\/wp-content\/uploads\/2025\/04\/Paper-Cups-in-Disposable_1.webp","width":800,"height":800,"caption":"Paper Cups in Disposable"},{"@type":"BreadcrumbList","@id":"https:\/\/www.nanwangpaperbag.com\/product\/paper-cups-in-disposable\/#breadcrumb","itemListElement":[{"@type":"ListItem","position":1,"name":"Home","item":"https:\/\/www.nanwangpaperbag.com\/"},{"@type":"ListItem","position":2,"name":"Productos","item":"https:\/\/www.nanwangpaperbag.com\/es\/shop\/"},{"@type":"ListItem","position":3,"name":"Paper Cups in Disposable"}]},{"@type":"WebSite","@id":"https:\/\/www.nanwangpaperbag.com\/#website","url":"https:\/\/www.nanwangpaperbag.com\/","name":"Nanwang Paper Packaging","description":"","publisher":{"@id":"https:\/\/www.nanwangpaperbag.com\/#organization"},"potentialAction":[{"@type":"SearchAction","target":{"@type":"EntryPoint","urlTemplate":"https:\/\/www.nanwangpaperbag.com\/?s={search_term_string}"},"query-input":"required name=search_term_string"}],"inLanguage":"es"},{"@type":"Organization","@id":"https:\/\/www.nanwangpaperbag.com\/#organization","name":"Nanwang Pack","url":"https:\/\/www.nanwangpaperbag.com\/","logo":{"@type":"ImageObject","inLanguage":"es","@id":"https:\/\/www.nanwangpaperbag.com\/#\/schema\/logo\/image\/","url":"https:\/\/www.nanwangpaperbag.com\/wp-content\/uploads\/2025\/03\/logo2.webp","contentUrl":"https:\/\/www.nanwangpaperbag.com\/wp-content\/uploads\/2025\/03\/logo2.webp","width":433,"height":407,"caption":"Nanwang Pack"},"image":{"@id":"https:\/\/www.nanwangpaperbag.com\/#\/schema\/logo\/image\/"},"sameAs":["https:\/\/www.facebook.com\/NanwangPaperBag","https:\/\/x.com\/NanwangPack","https:\/\/www.linkedin.com\/company\/nanwang-paper-bag\/","https:\/\/www.youtube.com\/@NanwangPaperBag","https:\/\/www.tiktok.com\/@nanwangpaperbag"]}]}},"_links":{"self":[{"href":"https:\/\/www.nanwangpaperbag.com\/es\/wp-json\/wp\/v2\/product\/12161"}],"collection":[{"href":"https:\/\/www.nanwangpaperbag.com\/es\/wp-json\/wp\/v2\/product"}],"about":[{"href":"https:\/\/www.nanwangpaperbag.com\/es\/wp-json\/wp\/v2\/types\/product"}],"replies":[{"embeddable":true,"href":"https:\/\/www.nanwangpaperbag.com\/es\/wp-json\/wp\/v2\/comments?post=12161"}],"wp:featuredmedia":[{"embeddable":true,"href":"https:\/\/www.nanwangpaperbag.com\/es\/wp-json\/wp\/v2\/media\/12176"}],"wp:attachment":[{"href":"https:\/\/www.nanwangpaperbag.com\/es\/wp-json\/wp\/v2\/media?parent=12161"}],"wp:term":[{"taxonomy":"product_cat","embeddable":true,"href":"https:\/\/www.nanwangpaperbag.com\/es\/wp-json\/wp\/v2\/product_cat?post=12161"},{"taxonomy":"product_tag","embeddable":true,"href":"https:\/\/www.nanwangpaperbag.com\/es\/wp-json\/wp\/v2\/product_tag?post=12161"}],"curies":[{"name":"wp","href":"https:\/\/api.w.org\/{rel}","templated":true}]}}