{"id":12162,"date":"2025-04-15T09:40:01","date_gmt":"2025-04-15T09:40:01","guid":{"rendered":"https:\/\/www.nanwangpaperbag.com\/?post_type=product&#038;p=12162"},"modified":"2025-05-14T06:56:34","modified_gmt":"2025-05-14T06:56:34","slug":"paper-soup-bowl","status":"publish","type":"product","link":"https:\/\/www.nanwangpaperbag.com\/es\/producto\/sopera-de-papel\/","title":{"rendered":"Sopa de papel"},"content":{"rendered":"<p><a href=\"https:\/\/www.nanwangpaperbag.com\/es\/producto\/sopera-de-papel\/\"><strong>Platos hondos desechables<\/strong><\/a> de papel o cart\u00f3n son una de las cosas m\u00e1s importantes que se necesitan en un restaurante o cafeter\u00eda. Son necesarios porque los cuencos de papel est\u00e1n pensados para contener y servir alimentos. Los cuencos desechables tienen todo tipo de formas, tama\u00f1os y dise\u00f1os, seg\u00fan el tipo de comida. Por ejemplo, las formas m\u00e1s comunes de los cuencos de papel son redonda, ovalada o cuadrada, y los tama\u00f1os van desde los m\u00e1s peque\u00f1os (para aperitivos) a los grandes y extragrandes (para sopas, ensaladas y platos de carne). A menudo, puedes encontrar cuencos desechables con tapa para el reparto y la comida para llevar, y estos recipientes especiales evitan los derrames y mantienen la comida fresca. Los recipientes para llevar, como los cuencos de papel o cart\u00f3n, son muy populares en cafeter\u00edas, restaurantes, fiestas o para comida para llevar y reparto. Son f\u00e1ciles de desechar y reciclar: \u00a1estos cuencos son una excelente opci\u00f3n sostenible de envasado de alimentos si quieres evitar los pl\u00e1sticos!<\/p>\n<p><img loading=\"lazy\" decoding=\"async\" class=\"size-full wp-image-12179 aligncenter\" data-src=\"https:\/\/www.nanwangpaperbag.com\/wp-content\/uploads\/2025\/04\/Paper-Soup-Bowl_1.webp\" alt=\"Sopa de papel\" width=\"400\" height=\"300\" srcset=\"https:\/\/www.nanwangpaperbag.com\/wp-content\/uploads\/2025\/04\/Paper-Soup-Bowl_1.webp 400w, https:\/\/www.nanwangpaperbag.com\/wp-content\/uploads\/2025\/04\/Paper-Soup-Bowl_1-300x225.webp 300w, https:\/\/www.nanwangpaperbag.com\/wp-content\/uploads\/2025\/04\/Paper-Soup-Bowl_1-16x12.webp 16w\" sizes=\"(max-width: 400px) 100vw, 400px\" \/><\/p>\n<h2>Caracter\u00edsticas<\/h2>\n<p>\u25cfDispoable<\/p>\n<p>\u25cfImpresi\u00f3n personalizada<\/p>\n<p>\u25cfReciclar<\/p>\n<p>\u25cfHot friendly<\/p>\n<h2>Ventajas de utilizar cuencos de papel<\/h2>\n<p>1. Las ventajas de los cuencos de papel desechables. Si tiene un restaurante o una cafeter\u00eda, invertir en cuencos de papel duraderos y de alta calidad es imprescindible.<\/p>\n<p>2. Las ventajas de utilizar cuencos de papel para restaurantes son numerosas, desde reducir el impacto medioambiental hasta minimizar el riesgo de contaminaci\u00f3n cruzada y maximizar la higiene. Pero a\u00fan hay m\u00e1s.<\/p>\n<p>3. En esta gu\u00eda exclusiva, examinaremos m\u00e1s de cerca los recipientes, especialmente los cuencos desechables, para comprender plenamente por qu\u00e9 son esenciales para el \u00e9xito de su empresa alimentaria.<\/p>\n<p>4. Adem\u00e1s, conocer\u00e1 las ventajas de utilizar cuencos de papel para restaurantes, d\u00f3nde encontrar productos de primera calidad al precio m\u00e1s bajo en Canad\u00e1 y mucho m\u00e1s.<\/p>\n<h2>Nuestra garant\u00eda de seguridad<\/h2>\n<p>Certificados bajo las normas ISO 22000:2018 (Seguridad Alimentaria), ISO 9001:2015 (Calidad), ISO 14001:2015 (Medio Ambiente), FSC-COC, y BRC (Grado A+), mantenemos un riguroso sistema de gesti\u00f3n de calidad dise\u00f1ado espec\u00edficamente para <a href=\"https:\/\/www.nanwangpaperbag.com\/es\/category\/food-service-disposables\/\"><strong>envases desechables para servicios alimentarios<\/strong><\/a>. Nuestro equipo de I+D, respaldado por una inversi\u00f3n anual superior a los 30 millones de RMB, ha desarrollado 14 tecnolog\u00edas b\u00e1sicas l\u00edderes en el sector adaptadas a este campo, entre las que se incluyen el dise\u00f1o de bolsas en U con plegado interno, la fijaci\u00f3n automatizada de asas, los revestimientos antipenetraci\u00f3n y otras innovaciones que mejoran la seguridad, la funcionalidad y la sostenibilidad de las soluciones de envasado desechables.<\/p>\n<h2>PREGUNTAS FRECUENTES<\/h2>\n<p>P1:\u00bfCu\u00e1l es su pol\u00edtica de muestras?<br \/>\nR: Muchos clientes piden muestras gratuitas, nuestra pol\u00edtica de muestras depende de las diferentes muestras. Llano y existe la muestra de la acci\u00f3n es libre, muestra del dise\u00f1o que cargamos la tarifa de la muestra, la tarifa de la muestra depende de color y de tama\u00f1o.<\/p>\n<p>P2: \u00bfCu\u00e1l es su plazo de pago habitual?<br \/>\nR: Normalmente 30% de dep\u00f3sito por adelantado y 70% de saldo contra copia BL. Para los productos personalizados, 50% dep\u00f3sito y 50% saldo contra copia BL.<\/p>\n<p>P3: \u00bfCuentan con un buen equipo de I+D?<br \/>\nR:S\u00ed, lanzamos una serie de productos nuevos cada a\u00f1o y actualizamos nuestro sitio web y nuestra cata log\u00eda con nuevos art\u00edculos.<\/p>\n<p>P4: \u00bfC\u00f3mo controlan la calidad?<br \/>\nTenemos personal profesional de control de calidad, hay 5 procesos en los que centramos nuestra atenci\u00f3n<br \/>\nA:Para comprobar la calidad del material a granel antes de la producci\u00f3n<br \/>\nB:Para comprobar el proceso de la l\u00ednea de producci\u00f3n<br \/>\nC:Volver a comprobar la especificaci\u00f3n de las bolsas<br \/>\nD:Proceder a las pruebas de rendimiento de los productos acabados antes de embalarlos<br \/>\nE:En funci\u00f3n de las diferentes caracter\u00edsticas de la protecci\u00f3n medioambiental y el envasado de alimentos, disponemos de los correspondientes sistemas de gesti\u00f3n del almacenamiento.<\/p>\n<p>P5:\u00bfCu\u00e1l es su embalaje est\u00e1ndar?<br \/>\nR: Diferentes dimensiones de cajas de cart\u00f3n para diferentes bolsas.<\/p>","protected":false},"excerpt":{"rendered":"<p>Art\u00edculo: Cuenco de papel<br \/>\nTama\u00f1o: 14oz, 16oz<br \/>\nColor: marr\u00f3n natural, blanco<br \/>\nLogotipo: liso y personalizado Papel: cart\u00f3n antigrasa<\/p>","protected":false},"featured_media":12180,"comment_status":"open","ping_status":"closed","template":"","meta":{"_et_pb_use_builder":"","_et_pb_old_content":"","_et_gb_content_width":""},"product_cat":[284,287],"product_tag":[355,309,312],"yoast_head":"<!-- This site is optimized with the Yoast SEO plugin v22.7 - https:\/\/yoast.com\/wordpress\/plugins\/seo\/ -->\n<title>Paper Soup Bowl - Nanwang Paper Packaging<\/title>\n<meta name=\"description\" content=\"Paper Soup Bowl - Nanwang Paper Packaging , we supply Luxury Paper Bags, Shopping Paper Bag, Paper Carry Bag, Delivery Bag for you with good price.\" \/>\n<meta name=\"robots\" content=\"index, follow, max-snippet:-1, max-image-preview:large, max-video-preview:-1\" \/>\n<link rel=\"canonical\" href=\"https:\/\/www.nanwangpaperbag.com\/es\/producto\/sopera-de-papel\/\" \/>\n<meta property=\"og:locale\" content=\"es_ES\" \/>\n<meta property=\"og:type\" content=\"article\" \/>\n<meta property=\"og:title\" content=\"Paper Soup Bowl - Nanwang Paper Packaging\" \/>\n<meta property=\"og:description\" content=\"Paper Soup Bowl - Nanwang Paper Packaging , we supply Luxury Paper Bags, Shopping Paper Bag, Paper Carry Bag, Delivery Bag for you with good price.\" \/>\n<meta property=\"og:url\" content=\"https:\/\/www.nanwangpaperbag.com\/es\/producto\/sopera-de-papel\/\" \/>\n<meta property=\"og:site_name\" content=\"Nanwang Paper Packaging\" \/>\n<meta property=\"article:publisher\" content=\"https:\/\/www.facebook.com\/NanwangPaperBag\" \/>\n<meta property=\"article:modified_time\" content=\"2025-05-14T06:56:34+00:00\" \/>\n<meta property=\"og:image\" content=\"https:\/\/www.nanwangpaperbag.com\/wp-content\/uploads\/2025\/04\/Paper-Soup-Bowl_1-1.webp\" \/>\n\t<meta property=\"og:image:width\" content=\"800\" \/>\n\t<meta property=\"og:image:height\" content=\"800\" \/>\n\t<meta property=\"og:image:type\" content=\"image\/webp\" \/>\n<meta name=\"twitter:card\" content=\"summary_large_image\" \/>\n<meta name=\"twitter:site\" content=\"@NanwangPack\" \/>\n<meta name=\"twitter:label1\" content=\"Tiempo de lectura\" \/>\n\t<meta name=\"twitter:data1\" content=\"3 minutos\" \/>\n<script type=\"application\/ld+json\" class=\"yoast-schema-graph\">{\"@context\":\"https:\/\/schema.org\",\"@graph\":[{\"@type\":\"WebPage\",\"@id\":\"https:\/\/www.nanwangpaperbag.com\/product\/paper-soup-bowl\/\",\"url\":\"https:\/\/www.nanwangpaperbag.com\/product\/paper-soup-bowl\/\",\"name\":\"Paper Soup Bowl - Nanwang Paper Packaging\",\"isPartOf\":{\"@id\":\"https:\/\/www.nanwangpaperbag.com\/#website\"},\"primaryImageOfPage\":{\"@id\":\"https:\/\/www.nanwangpaperbag.com\/product\/paper-soup-bowl\/#primaryimage\"},\"image\":{\"@id\":\"https:\/\/www.nanwangpaperbag.com\/product\/paper-soup-bowl\/#primaryimage\"},\"thumbnailUrl\":\"https:\/\/www.nanwangpaperbag.com\/wp-content\/uploads\/2025\/04\/Paper-Soup-Bowl_1-1.webp\",\"datePublished\":\"2025-04-15T09:40:01+00:00\",\"dateModified\":\"2025-05-14T06:56:34+00:00\",\"description\":\"Paper Soup Bowl - Nanwang Paper Packaging , we supply Luxury Paper Bags, Shopping Paper Bag, Paper Carry Bag, Delivery Bag for you with good price.\",\"breadcrumb\":{\"@id\":\"https:\/\/www.nanwangpaperbag.com\/product\/paper-soup-bowl\/#breadcrumb\"},\"inLanguage\":\"es\",\"potentialAction\":[{\"@type\":\"ReadAction\",\"target\":[\"https:\/\/www.nanwangpaperbag.com\/product\/paper-soup-bowl\/\"]}]},{\"@type\":\"ImageObject\",\"inLanguage\":\"es\",\"@id\":\"https:\/\/www.nanwangpaperbag.com\/product\/paper-soup-bowl\/#primaryimage\",\"url\":\"https:\/\/www.nanwangpaperbag.com\/wp-content\/uploads\/2025\/04\/Paper-Soup-Bowl_1-1.webp\",\"contentUrl\":\"https:\/\/www.nanwangpaperbag.com\/wp-content\/uploads\/2025\/04\/Paper-Soup-Bowl_1-1.webp\",\"width\":800,\"height\":800,\"caption\":\"Paper Soup Bowl\"},{\"@type\":\"BreadcrumbList\",\"@id\":\"https:\/\/www.nanwangpaperbag.com\/product\/paper-soup-bowl\/#breadcrumb\",\"itemListElement\":[{\"@type\":\"ListItem\",\"position\":1,\"name\":\"Home\",\"item\":\"https:\/\/www.nanwangpaperbag.com\/\"},{\"@type\":\"ListItem\",\"position\":2,\"name\":\"Productos\",\"item\":\"https:\/\/www.nanwangpaperbag.com\/es\/shop\/\"},{\"@type\":\"ListItem\",\"position\":3,\"name\":\"Paper Soup Bowl\"}]},{\"@type\":\"WebSite\",\"@id\":\"https:\/\/www.nanwangpaperbag.com\/#website\",\"url\":\"https:\/\/www.nanwangpaperbag.com\/\",\"name\":\"Nanwang Paper Packaging\",\"description\":\"\",\"publisher\":{\"@id\":\"https:\/\/www.nanwangpaperbag.com\/#organization\"},\"potentialAction\":[{\"@type\":\"SearchAction\",\"target\":{\"@type\":\"EntryPoint\",\"urlTemplate\":\"https:\/\/www.nanwangpaperbag.com\/?s={search_term_string}\"},\"query-input\":\"required name=search_term_string\"}],\"inLanguage\":\"es\"},{\"@type\":\"Organization\",\"@id\":\"https:\/\/www.nanwangpaperbag.com\/#organization\",\"name\":\"Nanwang Pack\",\"url\":\"https:\/\/www.nanwangpaperbag.com\/\",\"logo\":{\"@type\":\"ImageObject\",\"inLanguage\":\"es\",\"@id\":\"https:\/\/www.nanwangpaperbag.com\/#\/schema\/logo\/image\/\",\"url\":\"https:\/\/www.nanwangpaperbag.com\/wp-content\/uploads\/2025\/03\/logo2.webp\",\"contentUrl\":\"https:\/\/www.nanwangpaperbag.com\/wp-content\/uploads\/2025\/03\/logo2.webp\",\"width\":433,\"height\":407,\"caption\":\"Nanwang Pack\"},\"image\":{\"@id\":\"https:\/\/www.nanwangpaperbag.com\/#\/schema\/logo\/image\/\"},\"sameAs\":[\"https:\/\/www.facebook.com\/NanwangPaperBag\",\"https:\/\/x.com\/NanwangPack\",\"https:\/\/www.linkedin.com\/company\/nanwang-paper-bag\/\",\"https:\/\/www.youtube.com\/@NanwangPaperBag\",\"https:\/\/www.tiktok.com\/@nanwangpaperbag\"]}]}<\/script>\n<!-- \/ Yoast SEO plugin. -->","yoast_head_json":{"title":"Paper Soup Bowl - Nanwang Paper Packaging","description":"Paper Soup Bowl - Nanwang Paper Packaging , we supply Luxury Paper Bags, Shopping Paper Bag, Paper Carry Bag, Delivery Bag for you with good price.","robots":{"index":"index","follow":"follow","max-snippet":"max-snippet:-1","max-image-preview":"max-image-preview:large","max-video-preview":"max-video-preview:-1"},"canonical":"https:\/\/www.nanwangpaperbag.com\/es\/producto\/sopera-de-papel\/","og_locale":"es_ES","og_type":"article","og_title":"Paper Soup Bowl - Nanwang Paper Packaging","og_description":"Paper Soup Bowl - Nanwang Paper Packaging , we supply Luxury Paper Bags, Shopping Paper Bag, Paper Carry Bag, Delivery Bag for you with good price.","og_url":"https:\/\/www.nanwangpaperbag.com\/es\/producto\/sopera-de-papel\/","og_site_name":"Nanwang Paper Packaging","article_publisher":"https:\/\/www.facebook.com\/NanwangPaperBag","article_modified_time":"2025-05-14T06:56:34+00:00","og_image":[{"width":800,"height":800,"url":"https:\/\/www.nanwangpaperbag.com\/wp-content\/uploads\/2025\/04\/Paper-Soup-Bowl_1-1.webp","type":"image\/webp"}],"twitter_card":"summary_large_image","twitter_site":"@NanwangPack","twitter_misc":{"Tiempo de lectura":"3 minutos"},"schema":{"@context":"https:\/\/schema.org","@graph":[{"@type":"WebPage","@id":"https:\/\/www.nanwangpaperbag.com\/product\/paper-soup-bowl\/","url":"https:\/\/www.nanwangpaperbag.com\/product\/paper-soup-bowl\/","name":"Paper Soup Bowl - Nanwang Paper Packaging","isPartOf":{"@id":"https:\/\/www.nanwangpaperbag.com\/#website"},"primaryImageOfPage":{"@id":"https:\/\/www.nanwangpaperbag.com\/product\/paper-soup-bowl\/#primaryimage"},"image":{"@id":"https:\/\/www.nanwangpaperbag.com\/product\/paper-soup-bowl\/#primaryimage"},"thumbnailUrl":"https:\/\/www.nanwangpaperbag.com\/wp-content\/uploads\/2025\/04\/Paper-Soup-Bowl_1-1.webp","datePublished":"2025-04-15T09:40:01+00:00","dateModified":"2025-05-14T06:56:34+00:00","description":"Paper Soup Bowl - Nanwang Paper Packaging , we supply Luxury Paper Bags, Shopping Paper Bag, Paper Carry Bag, Delivery Bag for you with good price.","breadcrumb":{"@id":"https:\/\/www.nanwangpaperbag.com\/product\/paper-soup-bowl\/#breadcrumb"},"inLanguage":"es","potentialAction":[{"@type":"ReadAction","target":["https:\/\/www.nanwangpaperbag.com\/product\/paper-soup-bowl\/"]}]},{"@type":"ImageObject","inLanguage":"es","@id":"https:\/\/www.nanwangpaperbag.com\/product\/paper-soup-bowl\/#primaryimage","url":"https:\/\/www.nanwangpaperbag.com\/wp-content\/uploads\/2025\/04\/Paper-Soup-Bowl_1-1.webp","contentUrl":"https:\/\/www.nanwangpaperbag.com\/wp-content\/uploads\/2025\/04\/Paper-Soup-Bowl_1-1.webp","width":800,"height":800,"caption":"Paper Soup Bowl"},{"@type":"BreadcrumbList","@id":"https:\/\/www.nanwangpaperbag.com\/product\/paper-soup-bowl\/#breadcrumb","itemListElement":[{"@type":"ListItem","position":1,"name":"Home","item":"https:\/\/www.nanwangpaperbag.com\/"},{"@type":"ListItem","position":2,"name":"Productos","item":"https:\/\/www.nanwangpaperbag.com\/es\/shop\/"},{"@type":"ListItem","position":3,"name":"Paper Soup Bowl"}]},{"@type":"WebSite","@id":"https:\/\/www.nanwangpaperbag.com\/#website","url":"https:\/\/www.nanwangpaperbag.com\/","name":"Nanwang Paper Packaging","description":"","publisher":{"@id":"https:\/\/www.nanwangpaperbag.com\/#organization"},"potentialAction":[{"@type":"SearchAction","target":{"@type":"EntryPoint","urlTemplate":"https:\/\/www.nanwangpaperbag.com\/?s={search_term_string}"},"query-input":"required name=search_term_string"}],"inLanguage":"es"},{"@type":"Organization","@id":"https:\/\/www.nanwangpaperbag.com\/#organization","name":"Nanwang Pack","url":"https:\/\/www.nanwangpaperbag.com\/","logo":{"@type":"ImageObject","inLanguage":"es","@id":"https:\/\/www.nanwangpaperbag.com\/#\/schema\/logo\/image\/","url":"https:\/\/www.nanwangpaperbag.com\/wp-content\/uploads\/2025\/03\/logo2.webp","contentUrl":"https:\/\/www.nanwangpaperbag.com\/wp-content\/uploads\/2025\/03\/logo2.webp","width":433,"height":407,"caption":"Nanwang Pack"},"image":{"@id":"https:\/\/www.nanwangpaperbag.com\/#\/schema\/logo\/image\/"},"sameAs":["https:\/\/www.facebook.com\/NanwangPaperBag","https:\/\/x.com\/NanwangPack","https:\/\/www.linkedin.com\/company\/nanwang-paper-bag\/","https:\/\/www.youtube.com\/@NanwangPaperBag","https:\/\/www.tiktok.com\/@nanwangpaperbag"]}]}},"_links":{"self":[{"href":"https:\/\/www.nanwangpaperbag.com\/es\/wp-json\/wp\/v2\/product\/12162"}],"collection":[{"href":"https:\/\/www.nanwangpaperbag.com\/es\/wp-json\/wp\/v2\/product"}],"about":[{"href":"https:\/\/www.nanwangpaperbag.com\/es\/wp-json\/wp\/v2\/types\/product"}],"replies":[{"embeddable":true,"href":"https:\/\/www.nanwangpaperbag.com\/es\/wp-json\/wp\/v2\/comments?post=12162"}],"wp:featuredmedia":[{"embeddable":true,"href":"https:\/\/www.nanwangpaperbag.com\/es\/wp-json\/wp\/v2\/media\/12180"}],"wp:attachment":[{"href":"https:\/\/www.nanwangpaperbag.com\/es\/wp-json\/wp\/v2\/media?parent=12162"}],"wp:term":[{"taxonomy":"product_cat","embeddable":true,"href":"https:\/\/www.nanwangpaperbag.com\/es\/wp-json\/wp\/v2\/product_cat?post=12162"},{"taxonomy":"product_tag","embeddable":true,"href":"https:\/\/www.nanwangpaperbag.com\/es\/wp-json\/wp\/v2\/product_tag?post=12162"}],"curies":[{"name":"wp","href":"https:\/\/api.w.org\/{rel}","templated":true}]}}