{"id":12163,"date":"2025-04-15T09:49:40","date_gmt":"2025-04-15T09:49:40","guid":{"rendered":"https:\/\/www.nanwangpaperbag.com\/?post_type=product&#038;p=12163"},"modified":"2025-05-14T06:45:41","modified_gmt":"2025-05-14T06:45:41","slug":"burger-wrapper-paper","status":"publish","type":"product","link":"https:\/\/www.nanwangpaperbag.com\/es\/producto\/papel-para-envolver-hamburguesas\/","title":{"rendered":"Papel para envolver hamburguesas"},"content":{"rendered":"<p>Nuestra <a href=\"https:\/\/www.nanwangpaperbag.com\/es\/producto\/papel-para-envolver-hamburguesas\/\"><strong>papel para envolver hamburguesas<\/strong><\/a>fabricado con papel encerado, ofrece una excelente resistencia a la grasa y al agua, al tiempo que resulta c\u00f3modo de usar. Tambi\u00e9n es m\u00e1s ecol\u00f3gico y elegante. Este papel para envolver es muy vers\u00e1til y se utiliza mucho en establecimientos de comida r\u00e1pida para envolver hamburguesas, alitas de pollo, nuggets de pollo y s\u00e1ndwiches. Est\u00e1 fabricado con papel de calidad alimentaria y tinta de calidad alimentaria con una impresi\u00f3n exquisita, con un m\u00e1ximo de 6 colores. Nuestro tama\u00f1o de 305*255 mm es el m\u00e1s popular para los restaurantes KFC y Macdonald. El embalaje es muy sencillo y el volumen es muy peque\u00f1o, lo que ahorra costes de transporte. Nuestro <a href=\"https:\/\/www.nanwangpaperbag.com\/es\/category\/food-service-disposables\/\"><strong>productos alimentarios desechables<\/strong> <\/a>f\u00e1brica pas\u00f3 ISO 9001, ISO 14001, ISO 22000, FSC, SEDEX, BRC, puede satisfacer la solicitud de la FDA. Los clientes de la petici\u00f3n de la alta calidad son nuestros clientes de la blanco.<br \/>\nContamos con un equipo profesional para garantizar una calidad alta y estable, desde el dise\u00f1o, la toma de muestras, el material entrante, la comprobaci\u00f3n de la producci\u00f3n, las pruebas en l\u00ednea, la inspecci\u00f3n de los productos acabados, las existencias, la carga, los documentos y el servicio posventa.<\/p>\n<p><img loading=\"lazy\" decoding=\"async\" class=\"wp-image-12184 aligncenter\" data-src=\"https:\/\/www.nanwangpaperbag.com\/wp-content\/uploads\/2025\/04\/Burger-Wrapper-Paper_2.webp\" alt=\"Papel para envolver hamburguesas\" width=\"512\" height=\"512\" srcset=\"https:\/\/www.nanwangpaperbag.com\/wp-content\/uploads\/2025\/04\/Burger-Wrapper-Paper_2.webp 512w, https:\/\/www.nanwangpaperbag.com\/wp-content\/uploads\/2025\/04\/Burger-Wrapper-Paper_2-480x480.webp 480w\" sizes=\"(min-width: 0px) and (max-width: 480px) 480px, (min-width: 481px) 512px, 100vw\" \/><\/p>\n<h2>Caracter\u00edsticas<\/h2>\n<p>\u25cf Calidad alimentaria<br \/>\n\u25cf 100% reciclable<br \/>\n\u25cf Conveniente<br \/>\n\u25cf A prueba de grasa<br \/>\n\u25cf Seguridad<br \/>\n\u25cf Respetuoso con el medio ambiente<br \/>\n\u25cf Amplio uso<\/p>\n<h2>Escenarios de aplicaci\u00f3n del Burger Wrapper<\/h2>\n<p>La Burger Wrapper es una soluci\u00f3n innovadora destinada a transformar el sector de la comida r\u00e1pida. Al ofrecer un material de envoltura c\u00f3modo, ecol\u00f3gico y reutilizable, ayuda a reducir los residuos, mejorar la experiencia del cliente y aumentar la sostenibilidad.<br \/>\n1.Cadenas de comida r\u00e1pida<br \/>\nLas cadenas de comida r\u00e1pida pueden beneficiarse significativamente del Burger Wrapper mostrando su compromiso con la sostenibilidad, reduciendo su huella de carbono y aline\u00e1ndose con los objetivos de RSC. Tambi\u00e9n mejora la imagen de marca al ofrecer una experiencia \u00fanica al cliente.<br \/>\n2.Festivales gastron\u00f3micos<br \/>\nEn los festivales gastron\u00f3micos, los vendedores pueden utilizar el Burger Wrapper para ofrecer una opci\u00f3n de envasado sostenible que destaque. Crea experiencias memorables y permite a los clientes reutilizarlo m\u00e1s tarde.<br \/>\n3.Eventos y fiestas de empresa<br \/>\nEl Burger Wrapper aporta un toque ecol\u00f3gico a los eventos corporativos, dejando una impresi\u00f3n duradera en los asistentes. Tambi\u00e9n sirve como oportunidad creativa de marca, con logotipos o mensajes de la empresa.<br \/>\n4.Servicios de comida a domicilio y reparto<br \/>\nPara los servicios de comida para llevar y de reparto, la envoltura para hamburguesas simplifica el envasado, reduce los residuos y mejora la presentaci\u00f3n de los alimentos. Los clientes pueden reutilizarla c\u00f3modamente para aperitivos o almuerzos.<br \/>\n5.Uso dom\u00e9stico<br \/>\nM\u00e1s all\u00e1 de las aplicaciones comerciales, la Burger Wrapper puede ser una alternativa reutilizable y ecol\u00f3gica para los hogares. Es perfecta para empaquetar aperitivos para viajes por carretera, picnics o almuerzos escolares.<\/p>\n<h2>PREGUNTAS FRECUENTES<\/h2>\n<p>P32: \u00bfCu\u00e1l es el plazo de entrega de mi pedido?<br \/>\nR: Eso depende de la cantidad, el estilo y las materias primas, pls h\u00e1gamelo saber los detalles de la orden, le haremos saber c\u00f3mo hacerlo.<\/p>\n<p>P33: \u00bfCu\u00e1ntos colores puedes hacer?<br \/>\nR: 8 colores.<\/p>\n<p>P34: \u00bfQu\u00e9 es la referencia de calidad?<br \/>\nR: Igual que las muestras presentadas.<\/p>\n<p>P35: \u00bfCu\u00e1l es su pol\u00edtica de calidad?<br \/>\nR: Tenemos un estricto control de calidad SOP, podemos personalizar un manual de calidad exclusivo para su producto, y la f\u00e1brica ejecuta el pedido de acuerdo con este manual.<\/p>\n<p>P36: \u00bfPuede encargarse del transitario en nombre de su cliente?<br \/>\nR: S\u00ed, podemos proporcionarle presupuestos de transitarios para su referencia. Puede elegir entre utilizar la agencia de transporte que le recomendemos o la agencia de transporte de su elecci\u00f3n.<\/p>","protected":false},"excerpt":{"rendered":"<p>Paper types: Virgin,coated,grease proof paper<br \/>\nPaper weight: 28-60gsm<br \/>\nPrinting color: 7 colors<br \/>\nMOQ: 1,000,000pcs<br \/>\nStandard Size\/mm: 380*305<br \/>\nStandard material recommend -28 gsm wax wrapping paper -33 gsm wax wrapping paper -40 gsm food-grade white\/brown kraft (grease proof available)<br \/>\nAdvantage: recyclable paper\/water base non-toxic ink print<\/p>","protected":false},"featured_media":12185,"comment_status":"open","ping_status":"closed","template":"","meta":{"_et_pb_use_builder":"","_et_pb_old_content":"","_et_gb_content_width":""},"product_cat":[284,288],"product_tag":[313,311],"yoast_head":"<!-- This site is optimized with the Yoast SEO plugin v22.7 - https:\/\/yoast.com\/wordpress\/plugins\/seo\/ -->\n<title>Burger Wrapper Paper - Nanwang Paper Packaging<\/title>\n<meta name=\"description\" content=\"Burger Wrapper Paper - Nanwang Paper Packaging , we supply Luxury Paper Bags, Shopping Paper Bag, Paper Carry Bag, Delivery Bag for you with good price.\" \/>\n<meta name=\"robots\" content=\"index, follow, max-snippet:-1, max-image-preview:large, max-video-preview:-1\" \/>\n<link rel=\"canonical\" href=\"https:\/\/www.nanwangpaperbag.com\/es\/producto\/papel-para-envolver-hamburguesas\/\" \/>\n<meta property=\"og:locale\" content=\"es_ES\" \/>\n<meta property=\"og:type\" content=\"article\" \/>\n<meta property=\"og:title\" content=\"Burger Wrapper Paper - Nanwang Paper Packaging\" \/>\n<meta property=\"og:description\" content=\"Burger Wrapper Paper - Nanwang Paper Packaging , we supply Luxury Paper Bags, Shopping Paper Bag, Paper Carry Bag, Delivery Bag for you with good price.\" \/>\n<meta property=\"og:url\" content=\"https:\/\/www.nanwangpaperbag.com\/es\/producto\/papel-para-envolver-hamburguesas\/\" \/>\n<meta property=\"og:site_name\" content=\"Nanwang Paper Packaging\" \/>\n<meta property=\"article:publisher\" content=\"https:\/\/www.facebook.com\/NanwangPaperBag\" \/>\n<meta property=\"article:modified_time\" content=\"2025-05-14T06:45:41+00:00\" \/>\n<meta property=\"og:image\" content=\"https:\/\/www.nanwangpaperbag.com\/wp-content\/uploads\/2025\/04\/Burger-Wrapper-Paper_1.webp\" \/>\n\t<meta property=\"og:image:width\" content=\"800\" \/>\n\t<meta property=\"og:image:height\" content=\"800\" \/>\n\t<meta property=\"og:image:type\" content=\"image\/webp\" \/>\n<meta name=\"twitter:card\" content=\"summary_large_image\" \/>\n<meta name=\"twitter:site\" content=\"@NanwangPack\" \/>\n<meta name=\"twitter:label1\" content=\"Tiempo de lectura\" \/>\n\t<meta name=\"twitter:data1\" content=\"3 minutos\" \/>\n<script type=\"application\/ld+json\" class=\"yoast-schema-graph\">{\"@context\":\"https:\/\/schema.org\",\"@graph\":[{\"@type\":\"WebPage\",\"@id\":\"https:\/\/www.nanwangpaperbag.com\/product\/burger-wrapper-paper\/\",\"url\":\"https:\/\/www.nanwangpaperbag.com\/product\/burger-wrapper-paper\/\",\"name\":\"Burger Wrapper Paper - Nanwang Paper Packaging\",\"isPartOf\":{\"@id\":\"https:\/\/www.nanwangpaperbag.com\/#website\"},\"primaryImageOfPage\":{\"@id\":\"https:\/\/www.nanwangpaperbag.com\/product\/burger-wrapper-paper\/#primaryimage\"},\"image\":{\"@id\":\"https:\/\/www.nanwangpaperbag.com\/product\/burger-wrapper-paper\/#primaryimage\"},\"thumbnailUrl\":\"https:\/\/www.nanwangpaperbag.com\/wp-content\/uploads\/2025\/04\/Burger-Wrapper-Paper_1.webp\",\"datePublished\":\"2025-04-15T09:49:40+00:00\",\"dateModified\":\"2025-05-14T06:45:41+00:00\",\"description\":\"Burger Wrapper Paper - Nanwang Paper Packaging , we supply Luxury Paper Bags, Shopping Paper Bag, Paper Carry Bag, Delivery Bag for you with good price.\",\"breadcrumb\":{\"@id\":\"https:\/\/www.nanwangpaperbag.com\/product\/burger-wrapper-paper\/#breadcrumb\"},\"inLanguage\":\"es\",\"potentialAction\":[{\"@type\":\"ReadAction\",\"target\":[\"https:\/\/www.nanwangpaperbag.com\/product\/burger-wrapper-paper\/\"]}]},{\"@type\":\"ImageObject\",\"inLanguage\":\"es\",\"@id\":\"https:\/\/www.nanwangpaperbag.com\/product\/burger-wrapper-paper\/#primaryimage\",\"url\":\"https:\/\/www.nanwangpaperbag.com\/wp-content\/uploads\/2025\/04\/Burger-Wrapper-Paper_1.webp\",\"contentUrl\":\"https:\/\/www.nanwangpaperbag.com\/wp-content\/uploads\/2025\/04\/Burger-Wrapper-Paper_1.webp\",\"width\":800,\"height\":800,\"caption\":\"Burger Wrapper Paper\"},{\"@type\":\"BreadcrumbList\",\"@id\":\"https:\/\/www.nanwangpaperbag.com\/product\/burger-wrapper-paper\/#breadcrumb\",\"itemListElement\":[{\"@type\":\"ListItem\",\"position\":1,\"name\":\"Home\",\"item\":\"https:\/\/www.nanwangpaperbag.com\/\"},{\"@type\":\"ListItem\",\"position\":2,\"name\":\"Productos\",\"item\":\"https:\/\/www.nanwangpaperbag.com\/es\/shop\/\"},{\"@type\":\"ListItem\",\"position\":3,\"name\":\"Burger Wrapper Paper\"}]},{\"@type\":\"WebSite\",\"@id\":\"https:\/\/www.nanwangpaperbag.com\/#website\",\"url\":\"https:\/\/www.nanwangpaperbag.com\/\",\"name\":\"Nanwang Paper Packaging\",\"description\":\"\",\"publisher\":{\"@id\":\"https:\/\/www.nanwangpaperbag.com\/#organization\"},\"potentialAction\":[{\"@type\":\"SearchAction\",\"target\":{\"@type\":\"EntryPoint\",\"urlTemplate\":\"https:\/\/www.nanwangpaperbag.com\/?s={search_term_string}\"},\"query-input\":\"required name=search_term_string\"}],\"inLanguage\":\"es\"},{\"@type\":\"Organization\",\"@id\":\"https:\/\/www.nanwangpaperbag.com\/#organization\",\"name\":\"Nanwang Pack\",\"url\":\"https:\/\/www.nanwangpaperbag.com\/\",\"logo\":{\"@type\":\"ImageObject\",\"inLanguage\":\"es\",\"@id\":\"https:\/\/www.nanwangpaperbag.com\/#\/schema\/logo\/image\/\",\"url\":\"https:\/\/www.nanwangpaperbag.com\/wp-content\/uploads\/2025\/03\/logo2.webp\",\"contentUrl\":\"https:\/\/www.nanwangpaperbag.com\/wp-content\/uploads\/2025\/03\/logo2.webp\",\"width\":433,\"height\":407,\"caption\":\"Nanwang Pack\"},\"image\":{\"@id\":\"https:\/\/www.nanwangpaperbag.com\/#\/schema\/logo\/image\/\"},\"sameAs\":[\"https:\/\/www.facebook.com\/NanwangPaperBag\",\"https:\/\/x.com\/NanwangPack\",\"https:\/\/www.linkedin.com\/company\/nanwang-paper-bag\/\",\"https:\/\/www.youtube.com\/@NanwangPaperBag\",\"https:\/\/www.tiktok.com\/@nanwangpaperbag\"]}]}<\/script>\n<!-- \/ Yoast SEO plugin. -->","yoast_head_json":{"title":"Burger Wrapper Paper - Nanwang Paper Packaging","description":"Burger Wrapper Paper - Nanwang Paper Packaging , we supply Luxury Paper Bags, Shopping Paper Bag, Paper Carry Bag, Delivery Bag for you with good price.","robots":{"index":"index","follow":"follow","max-snippet":"max-snippet:-1","max-image-preview":"max-image-preview:large","max-video-preview":"max-video-preview:-1"},"canonical":"https:\/\/www.nanwangpaperbag.com\/es\/producto\/papel-para-envolver-hamburguesas\/","og_locale":"es_ES","og_type":"article","og_title":"Burger Wrapper Paper - Nanwang Paper Packaging","og_description":"Burger Wrapper Paper - Nanwang Paper Packaging , we supply Luxury Paper Bags, Shopping Paper Bag, Paper Carry Bag, Delivery Bag for you with good price.","og_url":"https:\/\/www.nanwangpaperbag.com\/es\/producto\/papel-para-envolver-hamburguesas\/","og_site_name":"Nanwang Paper Packaging","article_publisher":"https:\/\/www.facebook.com\/NanwangPaperBag","article_modified_time":"2025-05-14T06:45:41+00:00","og_image":[{"width":800,"height":800,"url":"https:\/\/www.nanwangpaperbag.com\/wp-content\/uploads\/2025\/04\/Burger-Wrapper-Paper_1.webp","type":"image\/webp"}],"twitter_card":"summary_large_image","twitter_site":"@NanwangPack","twitter_misc":{"Tiempo de lectura":"3 minutos"},"schema":{"@context":"https:\/\/schema.org","@graph":[{"@type":"WebPage","@id":"https:\/\/www.nanwangpaperbag.com\/product\/burger-wrapper-paper\/","url":"https:\/\/www.nanwangpaperbag.com\/product\/burger-wrapper-paper\/","name":"Burger Wrapper Paper - Nanwang Paper Packaging","isPartOf":{"@id":"https:\/\/www.nanwangpaperbag.com\/#website"},"primaryImageOfPage":{"@id":"https:\/\/www.nanwangpaperbag.com\/product\/burger-wrapper-paper\/#primaryimage"},"image":{"@id":"https:\/\/www.nanwangpaperbag.com\/product\/burger-wrapper-paper\/#primaryimage"},"thumbnailUrl":"https:\/\/www.nanwangpaperbag.com\/wp-content\/uploads\/2025\/04\/Burger-Wrapper-Paper_1.webp","datePublished":"2025-04-15T09:49:40+00:00","dateModified":"2025-05-14T06:45:41+00:00","description":"Burger Wrapper Paper - Nanwang Paper Packaging , we supply Luxury Paper Bags, Shopping Paper Bag, Paper Carry Bag, Delivery Bag for you with good price.","breadcrumb":{"@id":"https:\/\/www.nanwangpaperbag.com\/product\/burger-wrapper-paper\/#breadcrumb"},"inLanguage":"es","potentialAction":[{"@type":"ReadAction","target":["https:\/\/www.nanwangpaperbag.com\/product\/burger-wrapper-paper\/"]}]},{"@type":"ImageObject","inLanguage":"es","@id":"https:\/\/www.nanwangpaperbag.com\/product\/burger-wrapper-paper\/#primaryimage","url":"https:\/\/www.nanwangpaperbag.com\/wp-content\/uploads\/2025\/04\/Burger-Wrapper-Paper_1.webp","contentUrl":"https:\/\/www.nanwangpaperbag.com\/wp-content\/uploads\/2025\/04\/Burger-Wrapper-Paper_1.webp","width":800,"height":800,"caption":"Burger Wrapper Paper"},{"@type":"BreadcrumbList","@id":"https:\/\/www.nanwangpaperbag.com\/product\/burger-wrapper-paper\/#breadcrumb","itemListElement":[{"@type":"ListItem","position":1,"name":"Home","item":"https:\/\/www.nanwangpaperbag.com\/"},{"@type":"ListItem","position":2,"name":"Productos","item":"https:\/\/www.nanwangpaperbag.com\/es\/shop\/"},{"@type":"ListItem","position":3,"name":"Burger Wrapper Paper"}]},{"@type":"WebSite","@id":"https:\/\/www.nanwangpaperbag.com\/#website","url":"https:\/\/www.nanwangpaperbag.com\/","name":"Nanwang Paper Packaging","description":"","publisher":{"@id":"https:\/\/www.nanwangpaperbag.com\/#organization"},"potentialAction":[{"@type":"SearchAction","target":{"@type":"EntryPoint","urlTemplate":"https:\/\/www.nanwangpaperbag.com\/?s={search_term_string}"},"query-input":"required name=search_term_string"}],"inLanguage":"es"},{"@type":"Organization","@id":"https:\/\/www.nanwangpaperbag.com\/#organization","name":"Nanwang Pack","url":"https:\/\/www.nanwangpaperbag.com\/","logo":{"@type":"ImageObject","inLanguage":"es","@id":"https:\/\/www.nanwangpaperbag.com\/#\/schema\/logo\/image\/","url":"https:\/\/www.nanwangpaperbag.com\/wp-content\/uploads\/2025\/03\/logo2.webp","contentUrl":"https:\/\/www.nanwangpaperbag.com\/wp-content\/uploads\/2025\/03\/logo2.webp","width":433,"height":407,"caption":"Nanwang Pack"},"image":{"@id":"https:\/\/www.nanwangpaperbag.com\/#\/schema\/logo\/image\/"},"sameAs":["https:\/\/www.facebook.com\/NanwangPaperBag","https:\/\/x.com\/NanwangPack","https:\/\/www.linkedin.com\/company\/nanwang-paper-bag\/","https:\/\/www.youtube.com\/@NanwangPaperBag","https:\/\/www.tiktok.com\/@nanwangpaperbag"]}]}},"_links":{"self":[{"href":"https:\/\/www.nanwangpaperbag.com\/es\/wp-json\/wp\/v2\/product\/12163"}],"collection":[{"href":"https:\/\/www.nanwangpaperbag.com\/es\/wp-json\/wp\/v2\/product"}],"about":[{"href":"https:\/\/www.nanwangpaperbag.com\/es\/wp-json\/wp\/v2\/types\/product"}],"replies":[{"embeddable":true,"href":"https:\/\/www.nanwangpaperbag.com\/es\/wp-json\/wp\/v2\/comments?post=12163"}],"wp:featuredmedia":[{"embeddable":true,"href":"https:\/\/www.nanwangpaperbag.com\/es\/wp-json\/wp\/v2\/media\/12185"}],"wp:attachment":[{"href":"https:\/\/www.nanwangpaperbag.com\/es\/wp-json\/wp\/v2\/media?parent=12163"}],"wp:term":[{"taxonomy":"product_cat","embeddable":true,"href":"https:\/\/www.nanwangpaperbag.com\/es\/wp-json\/wp\/v2\/product_cat?post=12163"},{"taxonomy":"product_tag","embeddable":true,"href":"https:\/\/www.nanwangpaperbag.com\/es\/wp-json\/wp\/v2\/product_tag?post=12163"}],"curies":[{"name":"wp","href":"https:\/\/api.w.org\/{rel}","templated":true}]}}