{"id":12164,"date":"2025-04-15T09:58:54","date_gmt":"2025-04-15T09:58:54","guid":{"rendered":"https:\/\/www.nanwangpaperbag.com\/?post_type=product&#038;p=12164"},"modified":"2025-05-14T06:45:00","modified_gmt":"2025-05-14T06:45:00","slug":"brown-kraft-paper-placemats","status":"publish","type":"product","link":"https:\/\/www.nanwangpaperbag.com\/es\/producto\/brown-kraft-paper-placemats\/","title":{"rendered":"Manteles individuales de papel kraft marr\u00f3n"},"content":{"rendered":"<p>En <a href=\"https:\/\/www.nanwangpaperbag.com\/es\/category\/foodservice-disposables\/paper-placemats\/\"><strong>manteles individuales de papel<\/strong><\/a>\u00a0Se fabrica con papel de calidad alimentaria y tintas de calidad alimentaria, con la impresi\u00f3n exquisita y el medio ambiente friendly.It se puede hacer en diferentes patrones de acuerdo a las necesidades del cliente, mientras tanto, es un buen resultado para el efecto de la publicidad<\/p>\n<p><img loading=\"lazy\" decoding=\"async\" class=\"size-full wp-image-12190 aligncenter\" data-src=\"https:\/\/www.nanwangpaperbag.com\/wp-content\/uploads\/2025\/04\/Brown-Kraft-Paper-Placemats_1.webp\" alt=\"Manteles individuales de papel kraft marr\u00f3n\" width=\"741\" height=\"776\" srcset=\"https:\/\/www.nanwangpaperbag.com\/wp-content\/uploads\/2025\/04\/Brown-Kraft-Paper-Placemats_1.webp 741w, https:\/\/www.nanwangpaperbag.com\/wp-content\/uploads\/2025\/04\/Brown-Kraft-Paper-Placemats_1-480x503.webp 480w\" sizes=\"(min-width: 0px) and (max-width: 480px) 480px, (min-width: 481px) 741px, 100vw\" \/><\/p>\n<h2>MATERIAL EST\u00c1NDAR RECOMENDADO<\/h2>\n<p>\u25cf Papel ligero superblanco 50GSM<br \/>\n\u25cf Papel de peri\u00f3dico 50GSM<br \/>\n\u25cf Papel de calidad alimentaria de 55 g\/m\u00b2.<br \/>\n\u25cf Papel de calidad alimentaria de 70 g\/m\u00b2.<\/p>\n<h2>Caracter\u00edsticas<\/h2>\n<p>\u25cf Tintas medioambientales<br \/>\n\u25cf A prueba de grasa<br \/>\n\u25cf Salud y seguridad<br \/>\n\u25cf Selecci\u00f3n de varios estilos<br \/>\n\u25cf Sostenible<\/p>\n<h2>Qui\u00e9nes somos<\/h2>\n<p>Nanwang, fundada en 2010, es la primera empresa china de envases de papel que cotiza en bolsa. Especializada en bolsas de papel ecol\u00f3gicas, <strong><a href=\"https:\/\/www.nanwangpaperbag.com\/es\/category\/food-service-disposables\/\">productos desechables para servicios alimentarios<\/a><\/strong>y envasado de alimentos, nos hemos expandido al papel para cajas registradoras, papel para etiquetas y telas no tejidas. Con una automatizaci\u00f3n avanzada y dos nuevas filiales, ofrecemos soluciones de envasado completas y sostenibles y nos situamos entre las 100 principales empresas de impresi\u00f3n y envasado de China.<\/p>\n<h2>PREGUNTAS FRECUENTES<\/h2>\n<p>P1.\u00bfEn cu\u00e1ntos d\u00edas puedo recibir PI si env\u00edo un pedido?<br \/>\nR: Normalmente 2 d\u00edas<\/p>\n<p>Q2.\u00bfPuede hacer DDP?<br \/>\nR: Normalmente hacemos FOB, si necesita CIF o DDP, tenemos que evaluar despu\u00e9s de nuestra conversaci\u00f3n con usted.<\/p>\n<p>Q3. Si hago un pedido con un uso anual, \u00bfpueden ofrecerme un mejor precio?<br \/>\nA: Pls proporcionar horario de env\u00edo, le haremos saber el mejor costo.<\/p>\n<p>P4.\u00bfExiste alg\u00fan arancel para mi pa\u00eds?<br \/>\nA\uff1aEs 25% arancel de China a EE.UU., pero otros pa\u00edses no. Tenemos una f\u00e1brica en Malasia puede enviar a EE.UU. para evitar los aranceles.<\/p>\n<p>Q5. \u00bfPueden enviar productos a mi oficina en China?<br \/>\nR: S\u00ed, ind\u00edquenos la direcci\u00f3n.<\/p>","protected":false},"excerpt":{"rendered":"<p>Item:Brown Kraft Paper Placemats<br \/>\nAvailable Size:230X340\/250X350mm or Customized<br \/>\nLogotipo:personalizado<br \/>\nPaper Material:Brown Kraft Paper,Uncoated Paper<br \/>\nPrinting Colors:5 colors<br \/>\nPaper Weight:23-80g\/m2<br \/>\nPackaging Details:Packed in poly bag,then in export carton<\/p>","protected":false},"featured_media":12191,"comment_status":"open","ping_status":"closed","template":"","meta":{"_et_pb_use_builder":"","_et_pb_old_content":"","_et_gb_content_width":""},"product_cat":[284,289],"product_tag":[315,351],"yoast_head":"<!-- This site is optimized with the Yoast SEO plugin v22.7 - https:\/\/yoast.com\/wordpress\/plugins\/seo\/ -->\n<title>Brown Kraft Paper Placemats - Nanwang Paper Packaging<\/title>\n<meta name=\"description\" content=\"Brown Kraft Paper Placemats - Nanwang Paper Packaging , we supply Luxury Paper Bags, Shopping Paper Bag, Paper Carry Bag, Delivery Bag for you with good price.\" \/>\n<meta name=\"robots\" content=\"index, follow, max-snippet:-1, max-image-preview:large, max-video-preview:-1\" \/>\n<link rel=\"canonical\" href=\"https:\/\/www.nanwangpaperbag.com\/es\/producto\/brown-kraft-paper-placemats\/\" \/>\n<meta property=\"og:locale\" content=\"es_ES\" \/>\n<meta property=\"og:type\" content=\"article\" \/>\n<meta property=\"og:title\" content=\"Brown Kraft Paper Placemats - Nanwang Paper Packaging\" \/>\n<meta property=\"og:description\" content=\"Brown Kraft Paper Placemats - Nanwang Paper Packaging , we supply Luxury Paper Bags, Shopping Paper Bag, Paper Carry Bag, Delivery Bag for you with good price.\" \/>\n<meta property=\"og:url\" content=\"https:\/\/www.nanwangpaperbag.com\/es\/producto\/brown-kraft-paper-placemats\/\" \/>\n<meta property=\"og:site_name\" content=\"Nanwang Paper Packaging\" \/>\n<meta property=\"article:publisher\" content=\"https:\/\/www.facebook.com\/NanwangPaperBag\" \/>\n<meta property=\"article:modified_time\" content=\"2025-05-14T06:45:00+00:00\" \/>\n<meta property=\"og:image\" content=\"https:\/\/www.nanwangpaperbag.com\/wp-content\/uploads\/2025\/04\/Brown-Kraft-Paper-Placemats_1-1.webp\" \/>\n\t<meta property=\"og:image:width\" content=\"800\" \/>\n\t<meta property=\"og:image:height\" content=\"800\" \/>\n\t<meta property=\"og:image:type\" content=\"image\/webp\" \/>\n<meta name=\"twitter:card\" content=\"summary_large_image\" \/>\n<meta name=\"twitter:site\" content=\"@NanwangPack\" \/>\n<meta name=\"twitter:label1\" content=\"Tiempo de lectura\" \/>\n\t<meta name=\"twitter:data1\" content=\"2 minutos\" \/>\n<script type=\"application\/ld+json\" class=\"yoast-schema-graph\">{\"@context\":\"https:\/\/schema.org\",\"@graph\":[{\"@type\":\"WebPage\",\"@id\":\"https:\/\/www.nanwangpaperbag.com\/product\/brown-kraft-paper-placemats\/\",\"url\":\"https:\/\/www.nanwangpaperbag.com\/product\/brown-kraft-paper-placemats\/\",\"name\":\"Brown Kraft Paper Placemats - Nanwang Paper Packaging\",\"isPartOf\":{\"@id\":\"https:\/\/www.nanwangpaperbag.com\/#website\"},\"primaryImageOfPage\":{\"@id\":\"https:\/\/www.nanwangpaperbag.com\/product\/brown-kraft-paper-placemats\/#primaryimage\"},\"image\":{\"@id\":\"https:\/\/www.nanwangpaperbag.com\/product\/brown-kraft-paper-placemats\/#primaryimage\"},\"thumbnailUrl\":\"https:\/\/www.nanwangpaperbag.com\/wp-content\/uploads\/2025\/04\/Brown-Kraft-Paper-Placemats_1-1.webp\",\"datePublished\":\"2025-04-15T09:58:54+00:00\",\"dateModified\":\"2025-05-14T06:45:00+00:00\",\"description\":\"Brown Kraft Paper Placemats - Nanwang Paper Packaging , we supply Luxury Paper Bags, Shopping Paper Bag, Paper Carry Bag, Delivery Bag for you with good price.\",\"breadcrumb\":{\"@id\":\"https:\/\/www.nanwangpaperbag.com\/product\/brown-kraft-paper-placemats\/#breadcrumb\"},\"inLanguage\":\"es\",\"potentialAction\":[{\"@type\":\"ReadAction\",\"target\":[\"https:\/\/www.nanwangpaperbag.com\/product\/brown-kraft-paper-placemats\/\"]}]},{\"@type\":\"ImageObject\",\"inLanguage\":\"es\",\"@id\":\"https:\/\/www.nanwangpaperbag.com\/product\/brown-kraft-paper-placemats\/#primaryimage\",\"url\":\"https:\/\/www.nanwangpaperbag.com\/wp-content\/uploads\/2025\/04\/Brown-Kraft-Paper-Placemats_1-1.webp\",\"contentUrl\":\"https:\/\/www.nanwangpaperbag.com\/wp-content\/uploads\/2025\/04\/Brown-Kraft-Paper-Placemats_1-1.webp\",\"width\":800,\"height\":800,\"caption\":\"Brown Kraft Paper Placemats\"},{\"@type\":\"BreadcrumbList\",\"@id\":\"https:\/\/www.nanwangpaperbag.com\/product\/brown-kraft-paper-placemats\/#breadcrumb\",\"itemListElement\":[{\"@type\":\"ListItem\",\"position\":1,\"name\":\"Home\",\"item\":\"https:\/\/www.nanwangpaperbag.com\/\"},{\"@type\":\"ListItem\",\"position\":2,\"name\":\"Productos\",\"item\":\"https:\/\/www.nanwangpaperbag.com\/es\/shop\/\"},{\"@type\":\"ListItem\",\"position\":3,\"name\":\"Brown Kraft Paper Placemats\"}]},{\"@type\":\"WebSite\",\"@id\":\"https:\/\/www.nanwangpaperbag.com\/#website\",\"url\":\"https:\/\/www.nanwangpaperbag.com\/\",\"name\":\"Nanwang Paper Packaging\",\"description\":\"\",\"publisher\":{\"@id\":\"https:\/\/www.nanwangpaperbag.com\/#organization\"},\"potentialAction\":[{\"@type\":\"SearchAction\",\"target\":{\"@type\":\"EntryPoint\",\"urlTemplate\":\"https:\/\/www.nanwangpaperbag.com\/?s={search_term_string}\"},\"query-input\":\"required name=search_term_string\"}],\"inLanguage\":\"es\"},{\"@type\":\"Organization\",\"@id\":\"https:\/\/www.nanwangpaperbag.com\/#organization\",\"name\":\"Nanwang Pack\",\"url\":\"https:\/\/www.nanwangpaperbag.com\/\",\"logo\":{\"@type\":\"ImageObject\",\"inLanguage\":\"es\",\"@id\":\"https:\/\/www.nanwangpaperbag.com\/#\/schema\/logo\/image\/\",\"url\":\"https:\/\/www.nanwangpaperbag.com\/wp-content\/uploads\/2025\/03\/logo2.webp\",\"contentUrl\":\"https:\/\/www.nanwangpaperbag.com\/wp-content\/uploads\/2025\/03\/logo2.webp\",\"width\":433,\"height\":407,\"caption\":\"Nanwang Pack\"},\"image\":{\"@id\":\"https:\/\/www.nanwangpaperbag.com\/#\/schema\/logo\/image\/\"},\"sameAs\":[\"https:\/\/www.facebook.com\/NanwangPaperBag\",\"https:\/\/x.com\/NanwangPack\",\"https:\/\/www.linkedin.com\/company\/nanwang-paper-bag\/\",\"https:\/\/www.youtube.com\/@NanwangPaperBag\",\"https:\/\/www.tiktok.com\/@nanwangpaperbag\"]}]}<\/script>\n<!-- \/ Yoast SEO plugin. -->","yoast_head_json":{"title":"Brown Kraft Paper Placemats - Nanwang Paper Packaging","description":"Brown Kraft Paper Placemats - Nanwang Paper Packaging , we supply Luxury Paper Bags, Shopping Paper Bag, Paper Carry Bag, Delivery Bag for you with good price.","robots":{"index":"index","follow":"follow","max-snippet":"max-snippet:-1","max-image-preview":"max-image-preview:large","max-video-preview":"max-video-preview:-1"},"canonical":"https:\/\/www.nanwangpaperbag.com\/es\/producto\/brown-kraft-paper-placemats\/","og_locale":"es_ES","og_type":"article","og_title":"Brown Kraft Paper Placemats - Nanwang Paper Packaging","og_description":"Brown Kraft Paper Placemats - Nanwang Paper Packaging , we supply Luxury Paper Bags, Shopping Paper Bag, Paper Carry Bag, Delivery Bag for you with good price.","og_url":"https:\/\/www.nanwangpaperbag.com\/es\/producto\/brown-kraft-paper-placemats\/","og_site_name":"Nanwang Paper Packaging","article_publisher":"https:\/\/www.facebook.com\/NanwangPaperBag","article_modified_time":"2025-05-14T06:45:00+00:00","og_image":[{"width":800,"height":800,"url":"https:\/\/www.nanwangpaperbag.com\/wp-content\/uploads\/2025\/04\/Brown-Kraft-Paper-Placemats_1-1.webp","type":"image\/webp"}],"twitter_card":"summary_large_image","twitter_site":"@NanwangPack","twitter_misc":{"Tiempo de lectura":"2 minutos"},"schema":{"@context":"https:\/\/schema.org","@graph":[{"@type":"WebPage","@id":"https:\/\/www.nanwangpaperbag.com\/product\/brown-kraft-paper-placemats\/","url":"https:\/\/www.nanwangpaperbag.com\/product\/brown-kraft-paper-placemats\/","name":"Brown Kraft Paper Placemats - Nanwang Paper Packaging","isPartOf":{"@id":"https:\/\/www.nanwangpaperbag.com\/#website"},"primaryImageOfPage":{"@id":"https:\/\/www.nanwangpaperbag.com\/product\/brown-kraft-paper-placemats\/#primaryimage"},"image":{"@id":"https:\/\/www.nanwangpaperbag.com\/product\/brown-kraft-paper-placemats\/#primaryimage"},"thumbnailUrl":"https:\/\/www.nanwangpaperbag.com\/wp-content\/uploads\/2025\/04\/Brown-Kraft-Paper-Placemats_1-1.webp","datePublished":"2025-04-15T09:58:54+00:00","dateModified":"2025-05-14T06:45:00+00:00","description":"Brown Kraft Paper Placemats - Nanwang Paper Packaging , we supply Luxury Paper Bags, Shopping Paper Bag, Paper Carry Bag, Delivery Bag for you with good price.","breadcrumb":{"@id":"https:\/\/www.nanwangpaperbag.com\/product\/brown-kraft-paper-placemats\/#breadcrumb"},"inLanguage":"es","potentialAction":[{"@type":"ReadAction","target":["https:\/\/www.nanwangpaperbag.com\/product\/brown-kraft-paper-placemats\/"]}]},{"@type":"ImageObject","inLanguage":"es","@id":"https:\/\/www.nanwangpaperbag.com\/product\/brown-kraft-paper-placemats\/#primaryimage","url":"https:\/\/www.nanwangpaperbag.com\/wp-content\/uploads\/2025\/04\/Brown-Kraft-Paper-Placemats_1-1.webp","contentUrl":"https:\/\/www.nanwangpaperbag.com\/wp-content\/uploads\/2025\/04\/Brown-Kraft-Paper-Placemats_1-1.webp","width":800,"height":800,"caption":"Brown Kraft Paper Placemats"},{"@type":"BreadcrumbList","@id":"https:\/\/www.nanwangpaperbag.com\/product\/brown-kraft-paper-placemats\/#breadcrumb","itemListElement":[{"@type":"ListItem","position":1,"name":"Home","item":"https:\/\/www.nanwangpaperbag.com\/"},{"@type":"ListItem","position":2,"name":"Productos","item":"https:\/\/www.nanwangpaperbag.com\/es\/shop\/"},{"@type":"ListItem","position":3,"name":"Brown Kraft Paper Placemats"}]},{"@type":"WebSite","@id":"https:\/\/www.nanwangpaperbag.com\/#website","url":"https:\/\/www.nanwangpaperbag.com\/","name":"Nanwang Paper Packaging","description":"","publisher":{"@id":"https:\/\/www.nanwangpaperbag.com\/#organization"},"potentialAction":[{"@type":"SearchAction","target":{"@type":"EntryPoint","urlTemplate":"https:\/\/www.nanwangpaperbag.com\/?s={search_term_string}"},"query-input":"required name=search_term_string"}],"inLanguage":"es"},{"@type":"Organization","@id":"https:\/\/www.nanwangpaperbag.com\/#organization","name":"Nanwang Pack","url":"https:\/\/www.nanwangpaperbag.com\/","logo":{"@type":"ImageObject","inLanguage":"es","@id":"https:\/\/www.nanwangpaperbag.com\/#\/schema\/logo\/image\/","url":"https:\/\/www.nanwangpaperbag.com\/wp-content\/uploads\/2025\/03\/logo2.webp","contentUrl":"https:\/\/www.nanwangpaperbag.com\/wp-content\/uploads\/2025\/03\/logo2.webp","width":433,"height":407,"caption":"Nanwang Pack"},"image":{"@id":"https:\/\/www.nanwangpaperbag.com\/#\/schema\/logo\/image\/"},"sameAs":["https:\/\/www.facebook.com\/NanwangPaperBag","https:\/\/x.com\/NanwangPack","https:\/\/www.linkedin.com\/company\/nanwang-paper-bag\/","https:\/\/www.youtube.com\/@NanwangPaperBag","https:\/\/www.tiktok.com\/@nanwangpaperbag"]}]}},"_links":{"self":[{"href":"https:\/\/www.nanwangpaperbag.com\/es\/wp-json\/wp\/v2\/product\/12164"}],"collection":[{"href":"https:\/\/www.nanwangpaperbag.com\/es\/wp-json\/wp\/v2\/product"}],"about":[{"href":"https:\/\/www.nanwangpaperbag.com\/es\/wp-json\/wp\/v2\/types\/product"}],"replies":[{"embeddable":true,"href":"https:\/\/www.nanwangpaperbag.com\/es\/wp-json\/wp\/v2\/comments?post=12164"}],"wp:featuredmedia":[{"embeddable":true,"href":"https:\/\/www.nanwangpaperbag.com\/es\/wp-json\/wp\/v2\/media\/12191"}],"wp:attachment":[{"href":"https:\/\/www.nanwangpaperbag.com\/es\/wp-json\/wp\/v2\/media?parent=12164"}],"wp:term":[{"taxonomy":"product_cat","embeddable":true,"href":"https:\/\/www.nanwangpaperbag.com\/es\/wp-json\/wp\/v2\/product_cat?post=12164"},{"taxonomy":"product_tag","embeddable":true,"href":"https:\/\/www.nanwangpaperbag.com\/es\/wp-json\/wp\/v2\/product_tag?post=12164"}],"curies":[{"name":"wp","href":"https:\/\/api.w.org\/{rel}","templated":true}]}}