{"id":12196,"date":"2025-04-15T10:11:55","date_gmt":"2025-04-15T10:11:55","guid":{"rendered":"https:\/\/www.nanwangpaperbag.com\/?post_type=product&#038;p=12196"},"modified":"2025-04-15T10:13:22","modified_gmt":"2025-04-15T10:13:22","slug":"thermal-receipt-rolls","status":"publish","type":"product","link":"https:\/\/www.nanwangpaperbag.com\/es\/producto\/rollos-termicos\/","title":{"rendered":"Rollos de recibos t\u00e9rmicos"},"content":{"rendered":"<p>Fujian Nanwang New Materials Co., Ltd. has developed 100% recycled pulp eco-friendly cash register paper and label surface materials based on traditional products, accelerating cutting-edge technological innovation in eco-friendly cash register paper and various eco-friendly commercial labels. We have launched strong water resistant thermal sensitive labels and linerless labels, which are widely used in various industries and platforms such as supermarkets, catering, healthcare, footwear, and so on. While greatly saving costs, we prioritize honest management, actively respond to the United Nations&#8217; environmental development path, and assume social responsibility.<\/p>\n<p><a href=\"https:\/\/www.nanwangpaperbag.com\/es\/producto\/rollos-termicos\/\"><strong>Thermal receipt rolls<\/strong><\/a> are paper rolls which are suitable only for thermal printers. Thermal printers use heat to transfer information to the paper, instead of using an ink ribbon. Thermal receipt rolls are widely used in POS printers, credit card terminals, ATMs, mobile printing devices and more, to provide customers with a receipt.<\/p>\n<p><img loading=\"lazy\" decoding=\"async\" class=\"size-full wp-image-12201 aligncenter\" data-src=\"https:\/\/www.nanwangpaperbag.com\/wp-content\/uploads\/2025\/04\/Thermal-Receipt-Rolls1.webp\" alt=\"Thermal receipt rolls\" width=\"324\" height=\"240\" srcset=\"https:\/\/www.nanwangpaperbag.com\/wp-content\/uploads\/2025\/04\/Thermal-Receipt-Rolls1.webp 324w, https:\/\/www.nanwangpaperbag.com\/wp-content\/uploads\/2025\/04\/Thermal-Receipt-Rolls1-300x222.webp 300w, https:\/\/www.nanwangpaperbag.com\/wp-content\/uploads\/2025\/04\/Thermal-Receipt-Rolls1-16x12.webp 16w\" sizes=\"(max-width: 324px) 100vw, 324px\" \/><\/p>\n<h2>Caracter\u00edsticas<\/h2>\n<p>\ud83c\udf1f Premium Thermal Paper: Crafted with 55 GSM BPA-free thermal paper for clear and durable receipts, ensuring your prints are sharp and easy to read.<\/p>\n<p>\ud83d\udd27 Extensive Compatibility: Fits models like Nurit 2080, 2085, 2090, 3000, 3020, 5000, 504, 505; Casio CE-T100, PCR-T465, PCR-T2000, TE-2000, TE-3000, TE-4500, TE-7000, TE-8500; and many more<\/p>\n<p>\ud83d\udcb0 Economical Bulk Pack: 50 rolls per case, providing excellent value for businesses. Stock up and save with our bulk packaging, ideal for high-volume printing environments.<\/p>\n<p>\ud83d\udce6 Versatile Application: Perfect for POS systems, credit card machines, and cash registers, ensuring flexibility in use across different business operations.<\/p>\n<p>\ud83d\udd12 Durable &amp; Reliable: Ensures long-lasting performance and consistent quality, reducing the need for frequent replacements and minimizing downtime.<\/p>\n<h2>Para saber m\u00e1s<\/h2>\n<p>BPA \/ BPS Free Thermal Paper<\/p>\n<p>Plain &amp; Printed Thermal Paper ROLL<\/p>\n<h2>PREGUNTAS FRECUENTES<\/h2>\n<p>Q1: Can it communicate with other brand security guard equipment two way radio ?<br \/>\nA: Yes, they can communicate when in same frequency.<\/p>\n<p>Q2: Can I buy the paper products with my own logo?<br \/>\nA: Yes, you can customize the logo, but you need to provide the brand authorization document.<\/p>\n<p>Q3: If I order the paper package, what is the lead time?<br \/>\nR: Depende de la cantidad del pedido. Normalmente, el tiempo de entrega de producci\u00f3n: alrededor de 45-60 d\u00edas despu\u00e9s de la muestra de la primera orden es calificado y 30% dep\u00f3sito se recibe, y 30-45 d\u00edas despu\u00e9s de la orden de devoluci\u00f3n se recibe.<\/p>\n<p>Q4: How long is the shelf life?<br \/>\nR: Normalmente, la vida \u00fatil del producto suele ser de 2 a\u00f1os.<\/p>\n<p>Q5: Which industries are your paper packaging products mainly used in?<br \/>\nOur paper packaging products are mainly used in shopping bags, catering, fast food restaurants, cafes, cake shops, pharmacies, supermarkets, cosmeceuticals, cosmetics, shoes and clothing and other industries.<\/p>","protected":false},"excerpt":{"rendered":"<p>Receipt &amp; Label Thermal receipts: customizable size and weight; LOGO or advertising print are available.<\/p>","protected":false},"featured_media":12202,"comment_status":"open","ping_status":"closed","template":"","meta":{"_et_pb_use_builder":"","_et_pb_old_content":"","_et_gb_content_width":""},"product_cat":[290,292],"product_tag":[317],"yoast_head":"<!-- This site is optimized with the Yoast SEO plugin v22.7 - https:\/\/yoast.com\/wordpress\/plugins\/seo\/ -->\n<title>Thermal Receipt Rolls - Nanwang Paper Packaging<\/title>\n<meta name=\"description\" content=\"Thermal Receipt Rolls - Nanwang Paper Packaging , we supply Luxury Paper Bags, Shopping Paper Bag, Paper Carry Bag, Delivery Bag for you with good price.\" \/>\n<meta name=\"robots\" content=\"index, follow, max-snippet:-1, max-image-preview:large, max-video-preview:-1\" \/>\n<link rel=\"canonical\" href=\"https:\/\/www.nanwangpaperbag.com\/es\/producto\/rollos-termicos\/\" \/>\n<meta property=\"og:locale\" content=\"es_ES\" \/>\n<meta property=\"og:type\" content=\"article\" \/>\n<meta property=\"og:title\" content=\"Thermal Receipt Rolls - Nanwang Paper Packaging\" \/>\n<meta property=\"og:description\" content=\"Thermal Receipt Rolls - Nanwang Paper Packaging , we supply Luxury Paper Bags, Shopping Paper Bag, Paper Carry Bag, Delivery Bag for you with good price.\" \/>\n<meta property=\"og:url\" content=\"https:\/\/www.nanwangpaperbag.com\/es\/producto\/rollos-termicos\/\" \/>\n<meta property=\"og:site_name\" content=\"Nanwang Paper Packaging\" \/>\n<meta property=\"article:publisher\" content=\"https:\/\/www.facebook.com\/NanwangPaperBag\" \/>\n<meta property=\"article:modified_time\" content=\"2025-04-15T10:13:22+00:00\" \/>\n<meta property=\"og:image\" content=\"https:\/\/www.nanwangpaperbag.com\/wp-content\/uploads\/2025\/04\/Thermal-Receipt-Rolls_1.webp\" \/>\n\t<meta property=\"og:image:width\" content=\"800\" \/>\n\t<meta property=\"og:image:height\" content=\"800\" \/>\n\t<meta property=\"og:image:type\" content=\"image\/webp\" \/>\n<meta name=\"twitter:card\" content=\"summary_large_image\" \/>\n<meta name=\"twitter:site\" content=\"@NanwangPack\" \/>\n<meta name=\"twitter:label1\" content=\"Tiempo de lectura\" \/>\n\t<meta name=\"twitter:data1\" content=\"3 minutos\" \/>\n<script type=\"application\/ld+json\" class=\"yoast-schema-graph\">{\"@context\":\"https:\/\/schema.org\",\"@graph\":[{\"@type\":\"WebPage\",\"@id\":\"https:\/\/www.nanwangpaperbag.com\/product\/thermal-receipt-rolls\/\",\"url\":\"https:\/\/www.nanwangpaperbag.com\/product\/thermal-receipt-rolls\/\",\"name\":\"Thermal Receipt Rolls - Nanwang Paper Packaging\",\"isPartOf\":{\"@id\":\"https:\/\/www.nanwangpaperbag.com\/#website\"},\"primaryImageOfPage\":{\"@id\":\"https:\/\/www.nanwangpaperbag.com\/product\/thermal-receipt-rolls\/#primaryimage\"},\"image\":{\"@id\":\"https:\/\/www.nanwangpaperbag.com\/product\/thermal-receipt-rolls\/#primaryimage\"},\"thumbnailUrl\":\"https:\/\/www.nanwangpaperbag.com\/wp-content\/uploads\/2025\/04\/Thermal-Receipt-Rolls_1.webp\",\"datePublished\":\"2025-04-15T10:11:55+00:00\",\"dateModified\":\"2025-04-15T10:13:22+00:00\",\"description\":\"Thermal Receipt Rolls - Nanwang Paper Packaging , we supply Luxury Paper Bags, Shopping Paper Bag, Paper Carry Bag, Delivery Bag for you with good price.\",\"breadcrumb\":{\"@id\":\"https:\/\/www.nanwangpaperbag.com\/product\/thermal-receipt-rolls\/#breadcrumb\"},\"inLanguage\":\"es\",\"potentialAction\":[{\"@type\":\"ReadAction\",\"target\":[\"https:\/\/www.nanwangpaperbag.com\/product\/thermal-receipt-rolls\/\"]}]},{\"@type\":\"ImageObject\",\"inLanguage\":\"es\",\"@id\":\"https:\/\/www.nanwangpaperbag.com\/product\/thermal-receipt-rolls\/#primaryimage\",\"url\":\"https:\/\/www.nanwangpaperbag.com\/wp-content\/uploads\/2025\/04\/Thermal-Receipt-Rolls_1.webp\",\"contentUrl\":\"https:\/\/www.nanwangpaperbag.com\/wp-content\/uploads\/2025\/04\/Thermal-Receipt-Rolls_1.webp\",\"width\":800,\"height\":800,\"caption\":\"Thermal Receipt Rolls\"},{\"@type\":\"BreadcrumbList\",\"@id\":\"https:\/\/www.nanwangpaperbag.com\/product\/thermal-receipt-rolls\/#breadcrumb\",\"itemListElement\":[{\"@type\":\"ListItem\",\"position\":1,\"name\":\"Home\",\"item\":\"https:\/\/www.nanwangpaperbag.com\/\"},{\"@type\":\"ListItem\",\"position\":2,\"name\":\"Productos\",\"item\":\"https:\/\/www.nanwangpaperbag.com\/es\/shop\/\"},{\"@type\":\"ListItem\",\"position\":3,\"name\":\"Thermal Receipt Rolls\"}]},{\"@type\":\"WebSite\",\"@id\":\"https:\/\/www.nanwangpaperbag.com\/#website\",\"url\":\"https:\/\/www.nanwangpaperbag.com\/\",\"name\":\"Nanwang Paper Packaging\",\"description\":\"\",\"publisher\":{\"@id\":\"https:\/\/www.nanwangpaperbag.com\/#organization\"},\"potentialAction\":[{\"@type\":\"SearchAction\",\"target\":{\"@type\":\"EntryPoint\",\"urlTemplate\":\"https:\/\/www.nanwangpaperbag.com\/?s={search_term_string}\"},\"query-input\":\"required name=search_term_string\"}],\"inLanguage\":\"es\"},{\"@type\":\"Organization\",\"@id\":\"https:\/\/www.nanwangpaperbag.com\/#organization\",\"name\":\"Nanwang Pack\",\"url\":\"https:\/\/www.nanwangpaperbag.com\/\",\"logo\":{\"@type\":\"ImageObject\",\"inLanguage\":\"es\",\"@id\":\"https:\/\/www.nanwangpaperbag.com\/#\/schema\/logo\/image\/\",\"url\":\"https:\/\/www.nanwangpaperbag.com\/wp-content\/uploads\/2025\/03\/logo2.webp\",\"contentUrl\":\"https:\/\/www.nanwangpaperbag.com\/wp-content\/uploads\/2025\/03\/logo2.webp\",\"width\":433,\"height\":407,\"caption\":\"Nanwang Pack\"},\"image\":{\"@id\":\"https:\/\/www.nanwangpaperbag.com\/#\/schema\/logo\/image\/\"},\"sameAs\":[\"https:\/\/www.facebook.com\/NanwangPaperBag\",\"https:\/\/x.com\/NanwangPack\",\"https:\/\/www.linkedin.com\/company\/nanwang-paper-bag\/\",\"https:\/\/www.youtube.com\/@NanwangPaperBag\",\"https:\/\/www.tiktok.com\/@nanwangpaperbag\"]}]}<\/script>\n<!-- \/ Yoast SEO plugin. -->","yoast_head_json":{"title":"Thermal Receipt Rolls - Nanwang Paper Packaging","description":"Thermal Receipt Rolls - Nanwang Paper Packaging , we supply Luxury Paper Bags, Shopping Paper Bag, Paper Carry Bag, Delivery Bag for you with good price.","robots":{"index":"index","follow":"follow","max-snippet":"max-snippet:-1","max-image-preview":"max-image-preview:large","max-video-preview":"max-video-preview:-1"},"canonical":"https:\/\/www.nanwangpaperbag.com\/es\/producto\/rollos-termicos\/","og_locale":"es_ES","og_type":"article","og_title":"Thermal Receipt Rolls - Nanwang Paper Packaging","og_description":"Thermal Receipt Rolls - Nanwang Paper Packaging , we supply Luxury Paper Bags, Shopping Paper Bag, Paper Carry Bag, Delivery Bag for you with good price.","og_url":"https:\/\/www.nanwangpaperbag.com\/es\/producto\/rollos-termicos\/","og_site_name":"Nanwang Paper Packaging","article_publisher":"https:\/\/www.facebook.com\/NanwangPaperBag","article_modified_time":"2025-04-15T10:13:22+00:00","og_image":[{"width":800,"height":800,"url":"https:\/\/www.nanwangpaperbag.com\/wp-content\/uploads\/2025\/04\/Thermal-Receipt-Rolls_1.webp","type":"image\/webp"}],"twitter_card":"summary_large_image","twitter_site":"@NanwangPack","twitter_misc":{"Tiempo de lectura":"3 minutos"},"schema":{"@context":"https:\/\/schema.org","@graph":[{"@type":"WebPage","@id":"https:\/\/www.nanwangpaperbag.com\/product\/thermal-receipt-rolls\/","url":"https:\/\/www.nanwangpaperbag.com\/product\/thermal-receipt-rolls\/","name":"Thermal Receipt Rolls - Nanwang Paper Packaging","isPartOf":{"@id":"https:\/\/www.nanwangpaperbag.com\/#website"},"primaryImageOfPage":{"@id":"https:\/\/www.nanwangpaperbag.com\/product\/thermal-receipt-rolls\/#primaryimage"},"image":{"@id":"https:\/\/www.nanwangpaperbag.com\/product\/thermal-receipt-rolls\/#primaryimage"},"thumbnailUrl":"https:\/\/www.nanwangpaperbag.com\/wp-content\/uploads\/2025\/04\/Thermal-Receipt-Rolls_1.webp","datePublished":"2025-04-15T10:11:55+00:00","dateModified":"2025-04-15T10:13:22+00:00","description":"Thermal Receipt Rolls - Nanwang Paper Packaging , we supply Luxury Paper Bags, Shopping Paper Bag, Paper Carry Bag, Delivery Bag for you with good price.","breadcrumb":{"@id":"https:\/\/www.nanwangpaperbag.com\/product\/thermal-receipt-rolls\/#breadcrumb"},"inLanguage":"es","potentialAction":[{"@type":"ReadAction","target":["https:\/\/www.nanwangpaperbag.com\/product\/thermal-receipt-rolls\/"]}]},{"@type":"ImageObject","inLanguage":"es","@id":"https:\/\/www.nanwangpaperbag.com\/product\/thermal-receipt-rolls\/#primaryimage","url":"https:\/\/www.nanwangpaperbag.com\/wp-content\/uploads\/2025\/04\/Thermal-Receipt-Rolls_1.webp","contentUrl":"https:\/\/www.nanwangpaperbag.com\/wp-content\/uploads\/2025\/04\/Thermal-Receipt-Rolls_1.webp","width":800,"height":800,"caption":"Thermal Receipt Rolls"},{"@type":"BreadcrumbList","@id":"https:\/\/www.nanwangpaperbag.com\/product\/thermal-receipt-rolls\/#breadcrumb","itemListElement":[{"@type":"ListItem","position":1,"name":"Home","item":"https:\/\/www.nanwangpaperbag.com\/"},{"@type":"ListItem","position":2,"name":"Productos","item":"https:\/\/www.nanwangpaperbag.com\/es\/shop\/"},{"@type":"ListItem","position":3,"name":"Thermal Receipt Rolls"}]},{"@type":"WebSite","@id":"https:\/\/www.nanwangpaperbag.com\/#website","url":"https:\/\/www.nanwangpaperbag.com\/","name":"Nanwang Paper Packaging","description":"","publisher":{"@id":"https:\/\/www.nanwangpaperbag.com\/#organization"},"potentialAction":[{"@type":"SearchAction","target":{"@type":"EntryPoint","urlTemplate":"https:\/\/www.nanwangpaperbag.com\/?s={search_term_string}"},"query-input":"required name=search_term_string"}],"inLanguage":"es"},{"@type":"Organization","@id":"https:\/\/www.nanwangpaperbag.com\/#organization","name":"Nanwang Pack","url":"https:\/\/www.nanwangpaperbag.com\/","logo":{"@type":"ImageObject","inLanguage":"es","@id":"https:\/\/www.nanwangpaperbag.com\/#\/schema\/logo\/image\/","url":"https:\/\/www.nanwangpaperbag.com\/wp-content\/uploads\/2025\/03\/logo2.webp","contentUrl":"https:\/\/www.nanwangpaperbag.com\/wp-content\/uploads\/2025\/03\/logo2.webp","width":433,"height":407,"caption":"Nanwang Pack"},"image":{"@id":"https:\/\/www.nanwangpaperbag.com\/#\/schema\/logo\/image\/"},"sameAs":["https:\/\/www.facebook.com\/NanwangPaperBag","https:\/\/x.com\/NanwangPack","https:\/\/www.linkedin.com\/company\/nanwang-paper-bag\/","https:\/\/www.youtube.com\/@NanwangPaperBag","https:\/\/www.tiktok.com\/@nanwangpaperbag"]}]}},"_links":{"self":[{"href":"https:\/\/www.nanwangpaperbag.com\/es\/wp-json\/wp\/v2\/product\/12196"}],"collection":[{"href":"https:\/\/www.nanwangpaperbag.com\/es\/wp-json\/wp\/v2\/product"}],"about":[{"href":"https:\/\/www.nanwangpaperbag.com\/es\/wp-json\/wp\/v2\/types\/product"}],"replies":[{"embeddable":true,"href":"https:\/\/www.nanwangpaperbag.com\/es\/wp-json\/wp\/v2\/comments?post=12196"}],"wp:featuredmedia":[{"embeddable":true,"href":"https:\/\/www.nanwangpaperbag.com\/es\/wp-json\/wp\/v2\/media\/12202"}],"wp:attachment":[{"href":"https:\/\/www.nanwangpaperbag.com\/es\/wp-json\/wp\/v2\/media?parent=12196"}],"wp:term":[{"taxonomy":"product_cat","embeddable":true,"href":"https:\/\/www.nanwangpaperbag.com\/es\/wp-json\/wp\/v2\/product_cat?post=12196"},{"taxonomy":"product_tag","embeddable":true,"href":"https:\/\/www.nanwangpaperbag.com\/es\/wp-json\/wp\/v2\/product_tag?post=12196"}],"curies":[{"name":"wp","href":"https:\/\/api.w.org\/{rel}","templated":true}]}}