{"id":12204,"date":"2025-04-15T10:26:56","date_gmt":"2025-04-15T10:26:56","guid":{"rendered":"https:\/\/www.nanwangpaperbag.com\/?post_type=product&#038;p=12204"},"modified":"2025-04-15T10:26:57","modified_gmt":"2025-04-15T10:26:57","slug":"non-woven-one-step-forming-bags","status":"publish","type":"product","link":"https:\/\/www.nanwangpaperbag.com\/es\/producto\/non-woven-one-step-forming-bags\/","title":{"rendered":"Bolsas de tejido sin tejer de un solo paso"},"content":{"rendered":"<p>Nuestra <a href=\"https:\/\/www.nanwangpaperbag.com\/es\/category\/non-woven-bags\/one-step-forming-bags\/\"><strong>bolsas formadoras de un solo paso<\/strong> <\/a>se presentan en dos series: con asa plana y con cierre. La serie con asa plana incluye bolsas con asa plana y bolsas de mano con asa plana, entre otras; la serie resellable incluye bolsas de apertura alta y baja y bolsas resellables de doble apertura alta. Las bolsas conformadas en un solo paso se fabrican mediante procesos totalmente autom\u00e1ticos, lo que garantiza una alta eficiencia de producci\u00f3n y una calidad estable. Puede aplicarse a diversos escenarios, como comercios minoristas, supermercados y otros lugares.<\/p>\n<p><img loading=\"lazy\" decoding=\"async\" class=\"alignnone size-full wp-image-12210\" data-src=\"https:\/\/www.nanwangpaperbag.com\/wp-content\/uploads\/2025\/04\/High-and-low-opening-resealable-bags.webp\" alt=\"bolsas formadoras de un solo paso\" width=\"210\" height=\"210\" srcset=\"https:\/\/www.nanwangpaperbag.com\/wp-content\/uploads\/2025\/04\/High-and-low-opening-resealable-bags.webp 210w, https:\/\/www.nanwangpaperbag.com\/wp-content\/uploads\/2025\/04\/High-and-low-opening-resealable-bags-150x150.webp 150w, https:\/\/www.nanwangpaperbag.com\/wp-content\/uploads\/2025\/04\/High-and-low-opening-resealable-bags-12x12.webp 12w, https:\/\/www.nanwangpaperbag.com\/wp-content\/uploads\/2025\/04\/High-and-low-opening-resealable-bags-100x100.webp 100w\" sizes=\"(max-width: 210px) 100vw, 210px\" \/><img loading=\"lazy\" decoding=\"async\" class=\"alignnone size-full wp-image-12212\" data-src=\"https:\/\/www.nanwangpaperbag.com\/wp-content\/uploads\/2025\/04\/Dual-high-opening-resealable-bags.webp\" alt=\"bolsas formadoras de un solo paso\" width=\"210\" height=\"210\" srcset=\"https:\/\/www.nanwangpaperbag.com\/wp-content\/uploads\/2025\/04\/Dual-high-opening-resealable-bags.webp 210w, https:\/\/www.nanwangpaperbag.com\/wp-content\/uploads\/2025\/04\/Dual-high-opening-resealable-bags-150x150.webp 150w, https:\/\/www.nanwangpaperbag.com\/wp-content\/uploads\/2025\/04\/Dual-high-opening-resealable-bags-12x12.webp 12w, https:\/\/www.nanwangpaperbag.com\/wp-content\/uploads\/2025\/04\/Dual-high-opening-resealable-bags-100x100.webp 100w\" sizes=\"(max-width: 210px) 100vw, 210px\" \/> <img loading=\"lazy\" decoding=\"async\" class=\"alignnone size-full wp-image-12209\" data-src=\"https:\/\/www.nanwangpaperbag.com\/wp-content\/uploads\/2025\/04\/Flat-top-bags.webp\" alt=\"bolsas formadoras de un solo paso\" width=\"210\" height=\"210\" srcset=\"https:\/\/www.nanwangpaperbag.com\/wp-content\/uploads\/2025\/04\/Flat-top-bags.webp 210w, https:\/\/www.nanwangpaperbag.com\/wp-content\/uploads\/2025\/04\/Flat-top-bags-150x150.webp 150w, https:\/\/www.nanwangpaperbag.com\/wp-content\/uploads\/2025\/04\/Flat-top-bags-12x12.webp 12w, https:\/\/www.nanwangpaperbag.com\/wp-content\/uploads\/2025\/04\/Flat-top-bags-100x100.webp 100w\" sizes=\"(max-width: 210px) 100vw, 210px\" \/> <img loading=\"lazy\" decoding=\"async\" class=\"alignnone size-full wp-image-12208\" data-src=\"https:\/\/www.nanwangpaperbag.com\/wp-content\/uploads\/2025\/04\/Flat-handle-flat-top-bags.webp\" alt=\"bolsas formadoras de un solo paso\" width=\"210\" height=\"210\" srcset=\"https:\/\/www.nanwangpaperbag.com\/wp-content\/uploads\/2025\/04\/Flat-handle-flat-top-bags.webp 210w, https:\/\/www.nanwangpaperbag.com\/wp-content\/uploads\/2025\/04\/Flat-handle-flat-top-bags-150x150.webp 150w, https:\/\/www.nanwangpaperbag.com\/wp-content\/uploads\/2025\/04\/Flat-handle-flat-top-bags-12x12.webp 12w, https:\/\/www.nanwangpaperbag.com\/wp-content\/uploads\/2025\/04\/Flat-handle-flat-top-bags-100x100.webp 100w\" sizes=\"(max-width: 210px) 100vw, 210px\" \/><img loading=\"lazy\" decoding=\"async\" class=\"alignnone size-full wp-image-12211\" data-src=\"https:\/\/www.nanwangpaperbag.com\/wp-content\/uploads\/2025\/04\/Non-woven-One-step-forming-bags_1.webp\" alt=\"bolsas formadoras de un solo paso\" width=\"210\" height=\"210\" srcset=\"https:\/\/www.nanwangpaperbag.com\/wp-content\/uploads\/2025\/04\/Non-woven-One-step-forming-bags_1.webp 210w, https:\/\/www.nanwangpaperbag.com\/wp-content\/uploads\/2025\/04\/Non-woven-One-step-forming-bags_1-150x150.webp 150w, https:\/\/www.nanwangpaperbag.com\/wp-content\/uploads\/2025\/04\/Non-woven-One-step-forming-bags_1-12x12.webp 12w, https:\/\/www.nanwangpaperbag.com\/wp-content\/uploads\/2025\/04\/Non-woven-One-step-forming-bags_1-100x100.webp 100w\" sizes=\"(max-width: 210px) 100vw, 210px\" \/><\/p>\n<h2>MATERIAL EST\u00c1NDAR RECOMENDADO<\/h2>\n<p>Material: tela no tejida, papel de aluminio, pel\u00edcula BOPP<br \/>\nProceso: Formado de bolsas en un solo paso<br \/>\nTejido:50-120 g<br \/>\nColor: Varios colores disponibles<br \/>\nOpciones de tipo: Bolsa sin laterales y sin fondo,<br \/>\nBolsa sin fondo,<br \/>\nBolsa con laterales y fondo<br \/>\nOpciones de sellado: Cierre autoadherente\/cinta adhesiva<br \/>\nColores de impresi\u00f3n:9 colores<br \/>\nResistencia: Capacidad de carga m\u00e1xima de 3,5-10 kg<br \/>\nTama\u00f1o: Anchura:230-420mm<br \/>\nAltura: 200-410 mm<br \/>\nFuelle: 60-250 mm<\/p>\n<h2>Caracter\u00edsticas<\/h2>\n<p>Prensado en caliente\/costura ultras\u00f3nica<br \/>\nBolsas disponibles con fondo y laterales<br \/>\nBolsas con asas disponibles<\/p>\n<h2>Flujo de procesos<\/h2>\n<p>Tejer<br \/>\nImpresi\u00f3n<br \/>\nRevestimiento<br \/>\nFabricaci\u00f3n de bolsas<\/p>\n<h2>PREGUNTAS FRECUENTES<\/h2>\n<p>Q1. \u00bfCu\u00e1ndo se tramita y env\u00eda el pedido?<br \/>\nR: Normalmente no tenemos art\u00edculos impresos en stock, organizaremos el env\u00edo en un plazo de 7 d\u00edas despu\u00e9s de su pago. Si la cantidad de la orden est\u00e1 sobre 20000 unidades, y la necesidad de la insignia modificada para requisitos particulares, tomar\u00e1 cerca de 20-30 d\u00edas para acabar la producci\u00f3n en masa.<\/p>\n<p>Q2. Cuando llamo al n\u00famero de tel\u00e9fono que aparece en su sitio web, no contestan.<br \/>\nR: Debido a la diferencia horaria, puede que perdamos su llamada. Si es urgente, env\u00edenos un correo electr\u00f3nico: sales@nwpak.com. Una vez recibido el correo electr\u00f3nico, nos pondremos en contacto con usted en 24 horas.<\/p>\n<p>Q3. \u00bfCu\u00e1l es el MOQ y el tiempo de las muestras?<br \/>\nR: Nuestro MOQ es 20000pcs. Y el tiempo de las muestras es 2-3 d\u00edas si no hay peticiones especiales.<\/p>\n<p>Q4. \u00bfPuedo tener mi propia caja para mi pedido?<br \/>\nA: S\u00ed, si su QTY est\u00e1 sobre 20000pcs, podemos proveer de usted su propio cart\u00f3n dise\u00f1ado que marca gratuitamente.<\/p>\n<p>Q5. \u00bfCu\u00e1l es su plazo de pago habitual?<br \/>\nR: Nuestra forma de pago habitual es T\/T: Transferencia Telegr\u00e1fica. El dep\u00f3sito 30% debe ser transferido antes de la producci\u00f3n en masa. Y el saldo se pagar\u00e1 contra la copia de Bill of Loading.<\/p>\n<p>&nbsp;<\/p>","protected":false},"excerpt":{"rendered":"<p>Art\u00edculo: Bolsas moldeadoras de un solo paso<br \/>\nAsas: asa de l\u00e1minas con\/sin laminaci\u00f3n<br \/>\nCaracter\u00edstica:alta eficiencia de producci\u00f3n, m\u00faltiples opciones<\/p>","protected":false},"featured_media":12213,"comment_status":"open","ping_status":"closed","template":"","meta":{"_et_pb_use_builder":"","_et_pb_old_content":"","_et_gb_content_width":""},"product_cat":[293,295],"product_tag":[319],"yoast_head":"<!-- This site is optimized with the Yoast SEO plugin v22.7 - https:\/\/yoast.com\/wordpress\/plugins\/seo\/ -->\n<title>Non-woven One-step Forming Bags - Nanwang Paper Packaging<\/title>\n<meta name=\"description\" content=\"Non-woven One-step Forming Bags - Nanwang Paper Packaging , we supply Luxury Paper Bags, Shopping Paper Bag, Paper Carry Bag, Delivery Bag for you with good price.\" \/>\n<meta name=\"robots\" content=\"index, follow, max-snippet:-1, max-image-preview:large, max-video-preview:-1\" \/>\n<link rel=\"canonical\" href=\"https:\/\/www.nanwangpaperbag.com\/es\/producto\/non-woven-one-step-forming-bags\/\" \/>\n<meta property=\"og:locale\" content=\"es_ES\" \/>\n<meta property=\"og:type\" content=\"article\" \/>\n<meta property=\"og:title\" content=\"Non-woven One-step Forming Bags - Nanwang Paper Packaging\" \/>\n<meta property=\"og:description\" content=\"Non-woven One-step Forming Bags - Nanwang Paper Packaging , we supply Luxury Paper Bags, Shopping Paper Bag, Paper Carry Bag, Delivery Bag for you with good price.\" \/>\n<meta property=\"og:url\" content=\"https:\/\/www.nanwangpaperbag.com\/es\/producto\/non-woven-one-step-forming-bags\/\" \/>\n<meta property=\"og:site_name\" content=\"Nanwang Paper Packaging\" \/>\n<meta property=\"article:publisher\" content=\"https:\/\/www.facebook.com\/NanwangPaperBag\" \/>\n<meta property=\"article:modified_time\" content=\"2025-04-15T10:26:57+00:00\" \/>\n<meta property=\"og:image\" content=\"https:\/\/www.nanwangpaperbag.com\/wp-content\/uploads\/2025\/04\/Non-woven-One-step-forming-bags_1-1.webp\" \/>\n\t<meta property=\"og:image:width\" content=\"800\" \/>\n\t<meta property=\"og:image:height\" content=\"800\" \/>\n\t<meta property=\"og:image:type\" content=\"image\/webp\" \/>\n<meta name=\"twitter:card\" content=\"summary_large_image\" \/>\n<meta name=\"twitter:site\" content=\"@NanwangPack\" \/>\n<meta name=\"twitter:label1\" content=\"Tiempo de lectura\" \/>\n\t<meta name=\"twitter:data1\" content=\"3 minutos\" \/>\n<script type=\"application\/ld+json\" class=\"yoast-schema-graph\">{\"@context\":\"https:\/\/schema.org\",\"@graph\":[{\"@type\":\"WebPage\",\"@id\":\"https:\/\/www.nanwangpaperbag.com\/product\/non-woven-one-step-forming-bags\/\",\"url\":\"https:\/\/www.nanwangpaperbag.com\/product\/non-woven-one-step-forming-bags\/\",\"name\":\"Non-woven One-step Forming Bags - Nanwang Paper Packaging\",\"isPartOf\":{\"@id\":\"https:\/\/www.nanwangpaperbag.com\/#website\"},\"primaryImageOfPage\":{\"@id\":\"https:\/\/www.nanwangpaperbag.com\/product\/non-woven-one-step-forming-bags\/#primaryimage\"},\"image\":{\"@id\":\"https:\/\/www.nanwangpaperbag.com\/product\/non-woven-one-step-forming-bags\/#primaryimage\"},\"thumbnailUrl\":\"https:\/\/www.nanwangpaperbag.com\/wp-content\/uploads\/2025\/04\/Non-woven-One-step-forming-bags_1-1.webp\",\"datePublished\":\"2025-04-15T10:26:56+00:00\",\"dateModified\":\"2025-04-15T10:26:57+00:00\",\"description\":\"Non-woven One-step Forming Bags - Nanwang Paper Packaging , we supply Luxury Paper Bags, Shopping Paper Bag, Paper Carry Bag, Delivery Bag for you with good price.\",\"breadcrumb\":{\"@id\":\"https:\/\/www.nanwangpaperbag.com\/product\/non-woven-one-step-forming-bags\/#breadcrumb\"},\"inLanguage\":\"es\",\"potentialAction\":[{\"@type\":\"ReadAction\",\"target\":[\"https:\/\/www.nanwangpaperbag.com\/product\/non-woven-one-step-forming-bags\/\"]}]},{\"@type\":\"ImageObject\",\"inLanguage\":\"es\",\"@id\":\"https:\/\/www.nanwangpaperbag.com\/product\/non-woven-one-step-forming-bags\/#primaryimage\",\"url\":\"https:\/\/www.nanwangpaperbag.com\/wp-content\/uploads\/2025\/04\/Non-woven-One-step-forming-bags_1-1.webp\",\"contentUrl\":\"https:\/\/www.nanwangpaperbag.com\/wp-content\/uploads\/2025\/04\/Non-woven-One-step-forming-bags_1-1.webp\",\"width\":800,\"height\":800,\"caption\":\"Non-woven One-step forming bags\"},{\"@type\":\"BreadcrumbList\",\"@id\":\"https:\/\/www.nanwangpaperbag.com\/product\/non-woven-one-step-forming-bags\/#breadcrumb\",\"itemListElement\":[{\"@type\":\"ListItem\",\"position\":1,\"name\":\"Home\",\"item\":\"https:\/\/www.nanwangpaperbag.com\/\"},{\"@type\":\"ListItem\",\"position\":2,\"name\":\"Productos\",\"item\":\"https:\/\/www.nanwangpaperbag.com\/es\/shop\/\"},{\"@type\":\"ListItem\",\"position\":3,\"name\":\"Non-woven One-step Forming Bags\"}]},{\"@type\":\"WebSite\",\"@id\":\"https:\/\/www.nanwangpaperbag.com\/#website\",\"url\":\"https:\/\/www.nanwangpaperbag.com\/\",\"name\":\"Nanwang Paper Packaging\",\"description\":\"\",\"publisher\":{\"@id\":\"https:\/\/www.nanwangpaperbag.com\/#organization\"},\"potentialAction\":[{\"@type\":\"SearchAction\",\"target\":{\"@type\":\"EntryPoint\",\"urlTemplate\":\"https:\/\/www.nanwangpaperbag.com\/?s={search_term_string}\"},\"query-input\":\"required name=search_term_string\"}],\"inLanguage\":\"es\"},{\"@type\":\"Organization\",\"@id\":\"https:\/\/www.nanwangpaperbag.com\/#organization\",\"name\":\"Nanwang Pack\",\"url\":\"https:\/\/www.nanwangpaperbag.com\/\",\"logo\":{\"@type\":\"ImageObject\",\"inLanguage\":\"es\",\"@id\":\"https:\/\/www.nanwangpaperbag.com\/#\/schema\/logo\/image\/\",\"url\":\"https:\/\/www.nanwangpaperbag.com\/wp-content\/uploads\/2025\/03\/logo2.webp\",\"contentUrl\":\"https:\/\/www.nanwangpaperbag.com\/wp-content\/uploads\/2025\/03\/logo2.webp\",\"width\":433,\"height\":407,\"caption\":\"Nanwang Pack\"},\"image\":{\"@id\":\"https:\/\/www.nanwangpaperbag.com\/#\/schema\/logo\/image\/\"},\"sameAs\":[\"https:\/\/www.facebook.com\/NanwangPaperBag\",\"https:\/\/x.com\/NanwangPack\",\"https:\/\/www.linkedin.com\/company\/nanwang-paper-bag\/\",\"https:\/\/www.youtube.com\/@NanwangPaperBag\",\"https:\/\/www.tiktok.com\/@nanwangpaperbag\"]}]}<\/script>\n<!-- \/ Yoast SEO plugin. -->","yoast_head_json":{"title":"Non-woven One-step Forming Bags - Nanwang Paper Packaging","description":"Non-woven One-step Forming Bags - Nanwang Paper Packaging , we supply Luxury Paper Bags, Shopping Paper Bag, Paper Carry Bag, Delivery Bag for you with good price.","robots":{"index":"index","follow":"follow","max-snippet":"max-snippet:-1","max-image-preview":"max-image-preview:large","max-video-preview":"max-video-preview:-1"},"canonical":"https:\/\/www.nanwangpaperbag.com\/es\/producto\/non-woven-one-step-forming-bags\/","og_locale":"es_ES","og_type":"article","og_title":"Non-woven One-step Forming Bags - Nanwang Paper Packaging","og_description":"Non-woven One-step Forming Bags - Nanwang Paper Packaging , we supply Luxury Paper Bags, Shopping Paper Bag, Paper Carry Bag, Delivery Bag for you with good price.","og_url":"https:\/\/www.nanwangpaperbag.com\/es\/producto\/non-woven-one-step-forming-bags\/","og_site_name":"Nanwang Paper Packaging","article_publisher":"https:\/\/www.facebook.com\/NanwangPaperBag","article_modified_time":"2025-04-15T10:26:57+00:00","og_image":[{"width":800,"height":800,"url":"https:\/\/www.nanwangpaperbag.com\/wp-content\/uploads\/2025\/04\/Non-woven-One-step-forming-bags_1-1.webp","type":"image\/webp"}],"twitter_card":"summary_large_image","twitter_site":"@NanwangPack","twitter_misc":{"Tiempo de lectura":"3 minutos"},"schema":{"@context":"https:\/\/schema.org","@graph":[{"@type":"WebPage","@id":"https:\/\/www.nanwangpaperbag.com\/product\/non-woven-one-step-forming-bags\/","url":"https:\/\/www.nanwangpaperbag.com\/product\/non-woven-one-step-forming-bags\/","name":"Non-woven One-step Forming Bags - Nanwang Paper Packaging","isPartOf":{"@id":"https:\/\/www.nanwangpaperbag.com\/#website"},"primaryImageOfPage":{"@id":"https:\/\/www.nanwangpaperbag.com\/product\/non-woven-one-step-forming-bags\/#primaryimage"},"image":{"@id":"https:\/\/www.nanwangpaperbag.com\/product\/non-woven-one-step-forming-bags\/#primaryimage"},"thumbnailUrl":"https:\/\/www.nanwangpaperbag.com\/wp-content\/uploads\/2025\/04\/Non-woven-One-step-forming-bags_1-1.webp","datePublished":"2025-04-15T10:26:56+00:00","dateModified":"2025-04-15T10:26:57+00:00","description":"Non-woven One-step Forming Bags - Nanwang Paper Packaging , we supply Luxury Paper Bags, Shopping Paper Bag, Paper Carry Bag, Delivery Bag for you with good price.","breadcrumb":{"@id":"https:\/\/www.nanwangpaperbag.com\/product\/non-woven-one-step-forming-bags\/#breadcrumb"},"inLanguage":"es","potentialAction":[{"@type":"ReadAction","target":["https:\/\/www.nanwangpaperbag.com\/product\/non-woven-one-step-forming-bags\/"]}]},{"@type":"ImageObject","inLanguage":"es","@id":"https:\/\/www.nanwangpaperbag.com\/product\/non-woven-one-step-forming-bags\/#primaryimage","url":"https:\/\/www.nanwangpaperbag.com\/wp-content\/uploads\/2025\/04\/Non-woven-One-step-forming-bags_1-1.webp","contentUrl":"https:\/\/www.nanwangpaperbag.com\/wp-content\/uploads\/2025\/04\/Non-woven-One-step-forming-bags_1-1.webp","width":800,"height":800,"caption":"Non-woven One-step forming bags"},{"@type":"BreadcrumbList","@id":"https:\/\/www.nanwangpaperbag.com\/product\/non-woven-one-step-forming-bags\/#breadcrumb","itemListElement":[{"@type":"ListItem","position":1,"name":"Home","item":"https:\/\/www.nanwangpaperbag.com\/"},{"@type":"ListItem","position":2,"name":"Productos","item":"https:\/\/www.nanwangpaperbag.com\/es\/shop\/"},{"@type":"ListItem","position":3,"name":"Non-woven One-step Forming Bags"}]},{"@type":"WebSite","@id":"https:\/\/www.nanwangpaperbag.com\/#website","url":"https:\/\/www.nanwangpaperbag.com\/","name":"Nanwang Paper Packaging","description":"","publisher":{"@id":"https:\/\/www.nanwangpaperbag.com\/#organization"},"potentialAction":[{"@type":"SearchAction","target":{"@type":"EntryPoint","urlTemplate":"https:\/\/www.nanwangpaperbag.com\/?s={search_term_string}"},"query-input":"required name=search_term_string"}],"inLanguage":"es"},{"@type":"Organization","@id":"https:\/\/www.nanwangpaperbag.com\/#organization","name":"Nanwang Pack","url":"https:\/\/www.nanwangpaperbag.com\/","logo":{"@type":"ImageObject","inLanguage":"es","@id":"https:\/\/www.nanwangpaperbag.com\/#\/schema\/logo\/image\/","url":"https:\/\/www.nanwangpaperbag.com\/wp-content\/uploads\/2025\/03\/logo2.webp","contentUrl":"https:\/\/www.nanwangpaperbag.com\/wp-content\/uploads\/2025\/03\/logo2.webp","width":433,"height":407,"caption":"Nanwang Pack"},"image":{"@id":"https:\/\/www.nanwangpaperbag.com\/#\/schema\/logo\/image\/"},"sameAs":["https:\/\/www.facebook.com\/NanwangPaperBag","https:\/\/x.com\/NanwangPack","https:\/\/www.linkedin.com\/company\/nanwang-paper-bag\/","https:\/\/www.youtube.com\/@NanwangPaperBag","https:\/\/www.tiktok.com\/@nanwangpaperbag"]}]}},"_links":{"self":[{"href":"https:\/\/www.nanwangpaperbag.com\/es\/wp-json\/wp\/v2\/product\/12204"}],"collection":[{"href":"https:\/\/www.nanwangpaperbag.com\/es\/wp-json\/wp\/v2\/product"}],"about":[{"href":"https:\/\/www.nanwangpaperbag.com\/es\/wp-json\/wp\/v2\/types\/product"}],"replies":[{"embeddable":true,"href":"https:\/\/www.nanwangpaperbag.com\/es\/wp-json\/wp\/v2\/comments?post=12204"}],"wp:featuredmedia":[{"embeddable":true,"href":"https:\/\/www.nanwangpaperbag.com\/es\/wp-json\/wp\/v2\/media\/12213"}],"wp:attachment":[{"href":"https:\/\/www.nanwangpaperbag.com\/es\/wp-json\/wp\/v2\/media?parent=12204"}],"wp:term":[{"taxonomy":"product_cat","embeddable":true,"href":"https:\/\/www.nanwangpaperbag.com\/es\/wp-json\/wp\/v2\/product_cat?post=12204"},{"taxonomy":"product_tag","embeddable":true,"href":"https:\/\/www.nanwangpaperbag.com\/es\/wp-json\/wp\/v2\/product_tag?post=12204"}],"curies":[{"name":"wp","href":"https:\/\/api.w.org\/{rel}","templated":true}]}}