{"id":12217,"date":"2025-04-15T01:15:53","date_gmt":"2025-04-15T01:15:53","guid":{"rendered":"https:\/\/www.nanwangpaperbag.com\/?post_type=product&#038;p=12217"},"modified":"2025-05-07T02:24:30","modified_gmt":"2025-05-07T02:24:30","slug":"non-woven-thermal-insulation-bag","status":"publish","type":"product","link":"https:\/\/www.nanwangpaperbag.com\/es\/producto\/non-woven-thermal-insulation-bag\/","title":{"rendered":"Bolsa aislante t\u00e9rmica no tejida"},"content":{"rendered":"<p><a href=\"https:\/\/www.nanwangpaperbag.com\/es\/producto\/non-woven-thermal-insulation-bag\/\"><strong>Bolsas con aislamiento t\u00e9rmico<\/strong><\/a> se utilizan principalmente para comida para llevar, con fuertes propiedades de sellado y aislamiento, as\u00ed como una excelente capacidad de carga. Son reciclables y pueden fabricarse mediante procesos totalmente automatizados o manuales, lo que garantiza una calidad constante y fiable. <a href=\"https:\/\/www.nanwangpaperbag.com\/es\/category\/non-woven-bags\/thermal-bags\/\"><strong>Bolsas t\u00e9rmicas<\/strong><\/a> son ampliamente compatibles y pueden aplicarse en comercios, supermercados y otros escenarios diversos.<\/p>\n<p><img loading=\"lazy\" decoding=\"async\" class=\"size-full wp-image-12219 aligncenter\" data-src=\"https:\/\/www.nanwangpaperbag.com\/wp-content\/uploads\/2025\/04\/Non-woven-Thermal-Insulation-Bag_1.webp\" alt=\"Bolsas con aislamiento t\u00e9rmico\" width=\"800\" height=\"800\" srcset=\"https:\/\/www.nanwangpaperbag.com\/wp-content\/uploads\/2025\/04\/Non-woven-Thermal-Insulation-Bag_1.webp 800w, https:\/\/www.nanwangpaperbag.com\/wp-content\/uploads\/2025\/04\/Non-woven-Thermal-Insulation-Bag_1-480x480.webp 480w\" sizes=\"(min-width: 0px) and (max-width: 480px) 480px, (min-width: 481px) 800px, 100vw\" \/><\/p>\n<h2>Material recomendado<\/h2>\n<p>Tela no tejida, 70-120 g<\/p>\n<h2>Caracter\u00edsticas<\/h2>\n<p>Capa interior de aislamiento t\u00e9rmico de papel de aluminio<br \/>\nRevestimiento exterior laminado impermeable y resistente al aceite<br \/>\nAislamiento t\u00e9rmico eficaz y retenci\u00f3n del fr\u00edo<\/p>\n<h2>PREGUNTAS FRECUENTES<\/h2>\n<p>Q1. El MOQ de su OEM es de 20000 piezas? pero si estamos orden menos de 20000 piezas, \u00bfest\u00e1 bien?<br \/>\nR: S\u00ed, no hay problema, tambi\u00e9n podemos hacerlo, pero el precio es bastante diferente.<\/p>\n<p>P2: \u00bfEn qu\u00e9 sectores se aplican principalmente sus productos?<br \/>\nR: Nuestros productos incluyen b\u00e1sicamente bolsas de la compra y bolsas de envasado de alimentos, que se aplican principalmente en negocios de comida r\u00e1pida, industria de la ropa y el calzado, como restaurantes, panader\u00edas, cafeter\u00edas, tiendas de regalos, tiendas de ropa, etc.<\/p>\n<p>P3: \u00bfCu\u00e1l es el plazo de entrega de un nuevo pedido?<br \/>\nR: Depende de la cantidad, normalmente tarda 20~45 d\u00edas.<\/p>\n<p>P4: \u00bfCu\u00e1l es su capacidad?<br \/>\nR: Nuestra capacidad para bolsas de la compra es de 1.000 millones al a\u00f1o, y para bolsas de envasado de alimentos, de 4.000 millones al a\u00f1o.<\/p>\n<p>P5: \u00bfCu\u00e1ntas bolsas de asas pueden producir al mes?<br \/>\nR: Podemos producir unos 80 millones de unidades al mes.<\/p>","protected":false},"excerpt":{"rendered":"<p>Material del producto:Tela no tejida, papel de aluminio, pel\u00edcula BOPP<br \/>\nProceso de producci\u00f3n: fabricaci\u00f3n de bolsas en un solo paso, fabricaci\u00f3n de bolsas a mano<br \/>\nGramaje del producto:70-120 g<br \/>\nOpciones de sellado:Cinta adhesiva \/ cierre autoadherente \/ cremallera<br \/>\nColores de impresi\u00f3n:8 colores<br \/>\nResistencia: Capacidad de carga m\u00e1xima de 5-20 kg<br \/>\nTama\u00f1o: Anchura:250-400 mm<br \/>\nAltura: 300-500 mm<br \/>\nRefuerzo:0-120 mm<\/p>","protected":false},"featured_media":12220,"comment_status":"open","ping_status":"closed","template":"","meta":{"_et_pb_use_builder":"","_et_pb_old_content":"","_et_gb_content_width":""},"product_cat":[293,296],"product_tag":[352,320],"yoast_head":"<!-- This site is optimized with the Yoast SEO plugin v22.7 - https:\/\/yoast.com\/wordpress\/plugins\/seo\/ -->\n<title>Non-woven Thermal Insulation Bag - Nanwang Paper Packaging<\/title>\n<meta name=\"description\" content=\"Non-woven Thermal Insulation Bag - Nanwang Paper Packaging , we supply Luxury Paper Bags, Shopping Paper Bag, Paper Carry Bag, Delivery Bag for you with good price.\" \/>\n<meta name=\"robots\" content=\"index, follow, max-snippet:-1, max-image-preview:large, max-video-preview:-1\" \/>\n<link rel=\"canonical\" href=\"https:\/\/www.nanwangpaperbag.com\/es\/producto\/non-woven-thermal-insulation-bag\/\" \/>\n<meta property=\"og:locale\" content=\"es_ES\" \/>\n<meta property=\"og:type\" content=\"article\" \/>\n<meta property=\"og:title\" content=\"Non-woven Thermal Insulation Bag - Nanwang Paper Packaging\" \/>\n<meta property=\"og:description\" content=\"Non-woven Thermal Insulation Bag - Nanwang Paper Packaging , we supply Luxury Paper Bags, Shopping Paper Bag, Paper Carry Bag, Delivery Bag for you with good price.\" \/>\n<meta property=\"og:url\" content=\"https:\/\/www.nanwangpaperbag.com\/es\/producto\/non-woven-thermal-insulation-bag\/\" \/>\n<meta property=\"og:site_name\" content=\"Nanwang Paper Packaging\" \/>\n<meta property=\"article:publisher\" content=\"https:\/\/www.facebook.com\/NanwangPaperBag\" \/>\n<meta property=\"article:modified_time\" content=\"2025-05-07T02:24:30+00:00\" \/>\n<meta property=\"og:image\" content=\"https:\/\/www.nanwangpaperbag.com\/wp-content\/uploads\/2025\/04\/Non-woven-Thermal-Insulation-Bag_1-1.webp\" \/>\n\t<meta property=\"og:image:width\" content=\"800\" \/>\n\t<meta property=\"og:image:height\" content=\"800\" \/>\n\t<meta property=\"og:image:type\" content=\"image\/webp\" \/>\n<meta name=\"twitter:card\" content=\"summary_large_image\" \/>\n<meta name=\"twitter:site\" content=\"@NanwangPack\" \/>\n<meta name=\"twitter:label1\" content=\"Tiempo de lectura\" \/>\n\t<meta name=\"twitter:data1\" content=\"2 minutos\" \/>\n<script type=\"application\/ld+json\" class=\"yoast-schema-graph\">{\"@context\":\"https:\/\/schema.org\",\"@graph\":[{\"@type\":\"WebPage\",\"@id\":\"https:\/\/www.nanwangpaperbag.com\/product\/non-woven-thermal-insulation-bag\/\",\"url\":\"https:\/\/www.nanwangpaperbag.com\/product\/non-woven-thermal-insulation-bag\/\",\"name\":\"Non-woven Thermal Insulation Bag - Nanwang Paper Packaging\",\"isPartOf\":{\"@id\":\"https:\/\/www.nanwangpaperbag.com\/#website\"},\"primaryImageOfPage\":{\"@id\":\"https:\/\/www.nanwangpaperbag.com\/product\/non-woven-thermal-insulation-bag\/#primaryimage\"},\"image\":{\"@id\":\"https:\/\/www.nanwangpaperbag.com\/product\/non-woven-thermal-insulation-bag\/#primaryimage\"},\"thumbnailUrl\":\"https:\/\/www.nanwangpaperbag.com\/wp-content\/uploads\/2025\/04\/Non-woven-Thermal-Insulation-Bag_1-1.webp\",\"datePublished\":\"2025-04-15T01:15:53+00:00\",\"dateModified\":\"2025-05-07T02:24:30+00:00\",\"description\":\"Non-woven Thermal Insulation Bag - Nanwang Paper Packaging , we supply Luxury Paper Bags, Shopping Paper Bag, Paper Carry Bag, Delivery Bag for you with good price.\",\"breadcrumb\":{\"@id\":\"https:\/\/www.nanwangpaperbag.com\/product\/non-woven-thermal-insulation-bag\/#breadcrumb\"},\"inLanguage\":\"es\",\"potentialAction\":[{\"@type\":\"ReadAction\",\"target\":[\"https:\/\/www.nanwangpaperbag.com\/product\/non-woven-thermal-insulation-bag\/\"]}]},{\"@type\":\"ImageObject\",\"inLanguage\":\"es\",\"@id\":\"https:\/\/www.nanwangpaperbag.com\/product\/non-woven-thermal-insulation-bag\/#primaryimage\",\"url\":\"https:\/\/www.nanwangpaperbag.com\/wp-content\/uploads\/2025\/04\/Non-woven-Thermal-Insulation-Bag_1-1.webp\",\"contentUrl\":\"https:\/\/www.nanwangpaperbag.com\/wp-content\/uploads\/2025\/04\/Non-woven-Thermal-Insulation-Bag_1-1.webp\",\"width\":800,\"height\":800,\"caption\":\"Thermal insulated bags\"},{\"@type\":\"BreadcrumbList\",\"@id\":\"https:\/\/www.nanwangpaperbag.com\/product\/non-woven-thermal-insulation-bag\/#breadcrumb\",\"itemListElement\":[{\"@type\":\"ListItem\",\"position\":1,\"name\":\"Home\",\"item\":\"https:\/\/www.nanwangpaperbag.com\/\"},{\"@type\":\"ListItem\",\"position\":2,\"name\":\"Productos\",\"item\":\"https:\/\/www.nanwangpaperbag.com\/es\/shop\/\"},{\"@type\":\"ListItem\",\"position\":3,\"name\":\"Non-woven Thermal Insulation Bag\"}]},{\"@type\":\"WebSite\",\"@id\":\"https:\/\/www.nanwangpaperbag.com\/#website\",\"url\":\"https:\/\/www.nanwangpaperbag.com\/\",\"name\":\"Nanwang Paper Packaging\",\"description\":\"\",\"publisher\":{\"@id\":\"https:\/\/www.nanwangpaperbag.com\/#organization\"},\"potentialAction\":[{\"@type\":\"SearchAction\",\"target\":{\"@type\":\"EntryPoint\",\"urlTemplate\":\"https:\/\/www.nanwangpaperbag.com\/?s={search_term_string}\"},\"query-input\":\"required name=search_term_string\"}],\"inLanguage\":\"es\"},{\"@type\":\"Organization\",\"@id\":\"https:\/\/www.nanwangpaperbag.com\/#organization\",\"name\":\"Nanwang Pack\",\"url\":\"https:\/\/www.nanwangpaperbag.com\/\",\"logo\":{\"@type\":\"ImageObject\",\"inLanguage\":\"es\",\"@id\":\"https:\/\/www.nanwangpaperbag.com\/#\/schema\/logo\/image\/\",\"url\":\"https:\/\/www.nanwangpaperbag.com\/wp-content\/uploads\/2025\/03\/logo2.webp\",\"contentUrl\":\"https:\/\/www.nanwangpaperbag.com\/wp-content\/uploads\/2025\/03\/logo2.webp\",\"width\":433,\"height\":407,\"caption\":\"Nanwang Pack\"},\"image\":{\"@id\":\"https:\/\/www.nanwangpaperbag.com\/#\/schema\/logo\/image\/\"},\"sameAs\":[\"https:\/\/www.facebook.com\/NanwangPaperBag\",\"https:\/\/x.com\/NanwangPack\",\"https:\/\/www.linkedin.com\/company\/nanwang-paper-bag\/\",\"https:\/\/www.youtube.com\/@NanwangPaperBag\",\"https:\/\/www.tiktok.com\/@nanwangpaperbag\"]}]}<\/script>\n<!-- \/ Yoast SEO plugin. -->","yoast_head_json":{"title":"Non-woven Thermal Insulation Bag - Nanwang Paper Packaging","description":"Non-woven Thermal Insulation Bag - Nanwang Paper Packaging , we supply Luxury Paper Bags, Shopping Paper Bag, Paper Carry Bag, Delivery Bag for you with good price.","robots":{"index":"index","follow":"follow","max-snippet":"max-snippet:-1","max-image-preview":"max-image-preview:large","max-video-preview":"max-video-preview:-1"},"canonical":"https:\/\/www.nanwangpaperbag.com\/es\/producto\/non-woven-thermal-insulation-bag\/","og_locale":"es_ES","og_type":"article","og_title":"Non-woven Thermal Insulation Bag - Nanwang Paper Packaging","og_description":"Non-woven Thermal Insulation Bag - Nanwang Paper Packaging , we supply Luxury Paper Bags, Shopping Paper Bag, Paper Carry Bag, Delivery Bag for you with good price.","og_url":"https:\/\/www.nanwangpaperbag.com\/es\/producto\/non-woven-thermal-insulation-bag\/","og_site_name":"Nanwang Paper Packaging","article_publisher":"https:\/\/www.facebook.com\/NanwangPaperBag","article_modified_time":"2025-05-07T02:24:30+00:00","og_image":[{"width":800,"height":800,"url":"https:\/\/www.nanwangpaperbag.com\/wp-content\/uploads\/2025\/04\/Non-woven-Thermal-Insulation-Bag_1-1.webp","type":"image\/webp"}],"twitter_card":"summary_large_image","twitter_site":"@NanwangPack","twitter_misc":{"Tiempo de lectura":"2 minutos"},"schema":{"@context":"https:\/\/schema.org","@graph":[{"@type":"WebPage","@id":"https:\/\/www.nanwangpaperbag.com\/product\/non-woven-thermal-insulation-bag\/","url":"https:\/\/www.nanwangpaperbag.com\/product\/non-woven-thermal-insulation-bag\/","name":"Non-woven Thermal Insulation Bag - Nanwang Paper Packaging","isPartOf":{"@id":"https:\/\/www.nanwangpaperbag.com\/#website"},"primaryImageOfPage":{"@id":"https:\/\/www.nanwangpaperbag.com\/product\/non-woven-thermal-insulation-bag\/#primaryimage"},"image":{"@id":"https:\/\/www.nanwangpaperbag.com\/product\/non-woven-thermal-insulation-bag\/#primaryimage"},"thumbnailUrl":"https:\/\/www.nanwangpaperbag.com\/wp-content\/uploads\/2025\/04\/Non-woven-Thermal-Insulation-Bag_1-1.webp","datePublished":"2025-04-15T01:15:53+00:00","dateModified":"2025-05-07T02:24:30+00:00","description":"Non-woven Thermal Insulation Bag - Nanwang Paper Packaging , we supply Luxury Paper Bags, Shopping Paper Bag, Paper Carry Bag, Delivery Bag for you with good price.","breadcrumb":{"@id":"https:\/\/www.nanwangpaperbag.com\/product\/non-woven-thermal-insulation-bag\/#breadcrumb"},"inLanguage":"es","potentialAction":[{"@type":"ReadAction","target":["https:\/\/www.nanwangpaperbag.com\/product\/non-woven-thermal-insulation-bag\/"]}]},{"@type":"ImageObject","inLanguage":"es","@id":"https:\/\/www.nanwangpaperbag.com\/product\/non-woven-thermal-insulation-bag\/#primaryimage","url":"https:\/\/www.nanwangpaperbag.com\/wp-content\/uploads\/2025\/04\/Non-woven-Thermal-Insulation-Bag_1-1.webp","contentUrl":"https:\/\/www.nanwangpaperbag.com\/wp-content\/uploads\/2025\/04\/Non-woven-Thermal-Insulation-Bag_1-1.webp","width":800,"height":800,"caption":"Thermal insulated bags"},{"@type":"BreadcrumbList","@id":"https:\/\/www.nanwangpaperbag.com\/product\/non-woven-thermal-insulation-bag\/#breadcrumb","itemListElement":[{"@type":"ListItem","position":1,"name":"Home","item":"https:\/\/www.nanwangpaperbag.com\/"},{"@type":"ListItem","position":2,"name":"Productos","item":"https:\/\/www.nanwangpaperbag.com\/es\/shop\/"},{"@type":"ListItem","position":3,"name":"Non-woven Thermal Insulation Bag"}]},{"@type":"WebSite","@id":"https:\/\/www.nanwangpaperbag.com\/#website","url":"https:\/\/www.nanwangpaperbag.com\/","name":"Nanwang Paper Packaging","description":"","publisher":{"@id":"https:\/\/www.nanwangpaperbag.com\/#organization"},"potentialAction":[{"@type":"SearchAction","target":{"@type":"EntryPoint","urlTemplate":"https:\/\/www.nanwangpaperbag.com\/?s={search_term_string}"},"query-input":"required name=search_term_string"}],"inLanguage":"es"},{"@type":"Organization","@id":"https:\/\/www.nanwangpaperbag.com\/#organization","name":"Nanwang Pack","url":"https:\/\/www.nanwangpaperbag.com\/","logo":{"@type":"ImageObject","inLanguage":"es","@id":"https:\/\/www.nanwangpaperbag.com\/#\/schema\/logo\/image\/","url":"https:\/\/www.nanwangpaperbag.com\/wp-content\/uploads\/2025\/03\/logo2.webp","contentUrl":"https:\/\/www.nanwangpaperbag.com\/wp-content\/uploads\/2025\/03\/logo2.webp","width":433,"height":407,"caption":"Nanwang Pack"},"image":{"@id":"https:\/\/www.nanwangpaperbag.com\/#\/schema\/logo\/image\/"},"sameAs":["https:\/\/www.facebook.com\/NanwangPaperBag","https:\/\/x.com\/NanwangPack","https:\/\/www.linkedin.com\/company\/nanwang-paper-bag\/","https:\/\/www.youtube.com\/@NanwangPaperBag","https:\/\/www.tiktok.com\/@nanwangpaperbag"]}]}},"_links":{"self":[{"href":"https:\/\/www.nanwangpaperbag.com\/es\/wp-json\/wp\/v2\/product\/12217"}],"collection":[{"href":"https:\/\/www.nanwangpaperbag.com\/es\/wp-json\/wp\/v2\/product"}],"about":[{"href":"https:\/\/www.nanwangpaperbag.com\/es\/wp-json\/wp\/v2\/types\/product"}],"replies":[{"embeddable":true,"href":"https:\/\/www.nanwangpaperbag.com\/es\/wp-json\/wp\/v2\/comments?post=12217"}],"wp:featuredmedia":[{"embeddable":true,"href":"https:\/\/www.nanwangpaperbag.com\/es\/wp-json\/wp\/v2\/media\/12220"}],"wp:attachment":[{"href":"https:\/\/www.nanwangpaperbag.com\/es\/wp-json\/wp\/v2\/media?parent=12217"}],"wp:term":[{"taxonomy":"product_cat","embeddable":true,"href":"https:\/\/www.nanwangpaperbag.com\/es\/wp-json\/wp\/v2\/product_cat?post=12217"},{"taxonomy":"product_tag","embeddable":true,"href":"https:\/\/www.nanwangpaperbag.com\/es\/wp-json\/wp\/v2\/product_tag?post=12217"}],"curies":[{"name":"wp","href":"https:\/\/api.w.org\/{rel}","templated":true}]}}