{"id":12218,"date":"2025-04-15T01:15:57","date_gmt":"2025-04-15T01:15:57","guid":{"rendered":"https:\/\/www.nanwangpaperbag.com\/?post_type=product&#038;p=12218"},"modified":"2025-04-16T02:48:10","modified_gmt":"2025-04-16T02:48:10","slug":"degradable-glassine-paper-bag","status":"publish","type":"product","link":"https:\/\/www.nanwangpaperbag.com\/es\/producto\/degradable-glassine-paper-bag\/","title":{"rendered":"Bolsa de papel cristal degradable"},"content":{"rendered":"<p>Las Bolsas de Papel Glassine Degradables est\u00e1n especialmente dise\u00f1adas para el embalaje de prendas de vestir, normalmente fabricadas con papel de alta calidad y dotadas de un forro interior para aumentar su durabilidad y resistencia al agua. Estas bolsas protegen eficazmente la ropa de la suciedad y los da\u00f1os, al tiempo que ofrecen una buena transpirabilidad para evitar que la humedad afecte a las prendas. El dise\u00f1o de <a href=\"https:\/\/www.nanwangpaperbag.com\/es\/producto\/degradable-glassine-paper-bag\/\"><strong>Bolsa de papel cristal degradable<\/strong><\/a> suelen ser sencillas pero elegantes, adecuadas para diversas identidades de marca de ropa, y pueden personalizarse en diferentes tama\u00f1os, colores y dise\u00f1os impresos para mejorar el reconocimiento de la marca. La inclusi\u00f3n de asas facilita su transporte, lo que las convierte en una opci\u00f3n ideal para los clientes durante las compras. En resumen, las bolsas de papel con forro interior para ropa combinan practicidad y est\u00e9tica, y son una soluci\u00f3n ideal para el embalaje ecol\u00f3gico.<\/p>\n<p><img loading=\"lazy\" decoding=\"async\" class=\"size-full wp-image-12225 aligncenter\" data-src=\"https:\/\/www.nanwangpaperbag.com\/wp-content\/uploads\/2025\/04\/Degradable-Glassine-paper-Bag_1.webp\" alt=\"Bolsa de papel cristal degradable\" width=\"500\" height=\"496\" srcset=\"https:\/\/www.nanwangpaperbag.com\/wp-content\/uploads\/2025\/04\/Degradable-Glassine-paper-Bag_1.webp 500w, https:\/\/www.nanwangpaperbag.com\/wp-content\/uploads\/2025\/04\/Degradable-Glassine-paper-Bag_1-480x476.webp 480w\" sizes=\"(min-width: 0px) and (max-width: 480px) 480px, (min-width: 481px) 500px, 100vw\" \/><\/p>\n<h2>Par\u00e1metros del producto<\/h2>\n<p>Descripci\u00f3n del producto: Bolsa de papel cristal naturalmente degradable<\/p>\n<p>Caracter\u00edsticas del producto: material de protecci\u00f3n medioambiental totalmente degradable<\/p>\n<p>Tipos de papel: Tipo de papel: Papel cristal, papel kraft blanco todo madera, papel reciclado, papel estucado.<\/p>\n<p>Gama de gramajes de papel: 35-135GSM<\/p>\n<p>N\u00famero de colores impresos: 3-7 colores para impresi\u00f3n a doble cara<\/p>\n<p>Impresi\u00f3n personalizada: impresi\u00f3n a una cara y a dos caras.<\/p>\n<p>Impresi\u00f3n exterior: Opcional<\/p>\n<p>Tama\u00f1o: Anchura de la bolsa:100-600mm \/ Longitud\/altura de la bolsa: 150-850mm ( El rango de par\u00e1metros anterior se eval\u00faa y cambia en combinaci\u00f3n con el gramaje del papel. )<\/p>\n<p>Caracter\u00edsticas del producto: Textura de papel delicada y suave, nuevo proceso de termosellado, sellado de papel de liberaci\u00f3n, dise\u00f1o de orificio transpirable invisible en la parte inferior.<\/p>\n<p>Contenido recomendado: Ropa de hombre, ropa de mujer, ropa interior, ropa para beb\u00e9s y ni\u00f1os, o accesorios de ferreter\u00eda, juguetes, etc.<\/p>\n<p><img loading=\"lazy\" decoding=\"async\" class=\"size-full wp-image-12226 aligncenter\" data-src=\"https:\/\/www.nanwangpaperbag.com\/wp-content\/uploads\/2025\/04\/Degradable-Glassine-paper-Bag_2.webp\" alt=\"Bolsa de papel cristal degradable\" width=\"1080\" height=\"612\" srcset=\"https:\/\/www.nanwangpaperbag.com\/wp-content\/uploads\/2025\/04\/Degradable-Glassine-paper-Bag_2.webp 1080w, https:\/\/www.nanwangpaperbag.com\/wp-content\/uploads\/2025\/04\/Degradable-Glassine-paper-Bag_2-980x555.webp 980w, https:\/\/www.nanwangpaperbag.com\/wp-content\/uploads\/2025\/04\/Degradable-Glassine-paper-Bag_2-480x272.webp 480w\" sizes=\"(min-width: 0px) and (max-width: 480px) 480px, (min-width: 481px) and (max-width: 980px) 980px, (min-width: 981px) 1080px, 100vw\" \/><\/p>\n<h2>Caracter\u00edsticas<\/h2>\n<p>1. Buena textura del papel<br \/>\nFirme y suave, delicada transparencia, transparencia ajustable, personalizable<\/p>\n<p>2. Actualizar la tecnolog\u00eda de encolado<br \/>\nAdoptando una tecnolog\u00eda de pegado mejorada, el pegado es firme y no se agrieta f\u00e1cilmente, y los bordes y esquinas son n\u00edtidos.<\/p>\n<p>3. Sello reutilizable<br \/>\nEl uso de sellado de liberaci\u00f3n, se puede repetir el reciclaje de adhesivo, lo que reduce el costo de uso de envases.<\/p>\n<p>4. Orificio de ventilaci\u00f3n oculto<br \/>\nOrificios de ventilaci\u00f3n invisibles en la parte inferior para una ventilaci\u00f3n r\u00e1pida F\u00e1cil de romper, pr\u00e1ctico para embalar y transportar. Mantiene el paquete bonito.<\/p>\n<h2>Fuerza de f\u00e1brica<\/h2>\n<p>El socio de alta calidad de muchas empresas de Fortune 500 de todo el mundo Clasificada entre las 100 principales empresas de impresi\u00f3n de China durante cinco a\u00f1os consecutivos Proporciona soluciones de envasado ecol\u00f3gicas en un solo paso.<\/p>\n<p>Nanwang cuenta con seis filiales y dos oficinas en todo el mundo. Puede proporcionar de forma r\u00e1pida y estable servicios m\u00e1s completos a los clientes para el mercado nacional y extranjero.<\/p>\n<p><img loading=\"lazy\" decoding=\"async\" class=\"size-full wp-image-12227 aligncenter\" data-src=\"https:\/\/www.nanwangpaperbag.com\/wp-content\/uploads\/2025\/04\/Degradable-Glassine-paper-Bag_3.webp\" alt=\"Bolsa de papel cristal degradable\" width=\"399\" height=\"481\" srcset=\"https:\/\/www.nanwangpaperbag.com\/wp-content\/uploads\/2025\/04\/Degradable-Glassine-paper-Bag_3.webp 399w, https:\/\/www.nanwangpaperbag.com\/wp-content\/uploads\/2025\/04\/Degradable-Glassine-paper-Bag_3-249x300.webp 249w, https:\/\/www.nanwangpaperbag.com\/wp-content\/uploads\/2025\/04\/Degradable-Glassine-paper-Bag_3-10x12.webp 10w\" sizes=\"(max-width: 399px) 100vw, 399px\" \/><\/p>\n<h2>PREGUNTAS FRECUENTES<\/h2>\n<p>P1: \u00bfC\u00f3mo prueban sus productos?<br \/>\nR: Disponemos de laboratorio de f\u00edsica, laboratorio de microbiolog\u00eda, laboratorio de an\u00e1lisis qu\u00edmico y laboratorio de simulaci\u00f3n. Si es necesario, las pruebas de terceros tambi\u00e9n aceptan, enviaremos la muestra para la prueba seg\u00fan el requisito de cliente.<\/p>\n<p>P2: \u00bfC\u00f3mo gestiona el control de la producci\u00f3n?<br \/>\nR: Se requieren 12 pruebas durante la producci\u00f3n de nuestras bolsas de papel, que incluyen el valor PH de la tinta, la primera pieza de impresi\u00f3n, la muestra de impresi\u00f3n por rollo, la prueba de resistencia a la fricci\u00f3n, la prueba de resistencia a las salpicaduras de agua, la primera pieza de fabricaci\u00f3n de la bolsa, la prueba de ca\u00edda, la prueba de carga est\u00e1tica, la prueba de elevaci\u00f3n din\u00e1mica, la prueba de tensi\u00f3n, la prueba de oscilaci\u00f3n y la prueba de alta y baja temperatura.<\/p>\n<p>P3: \u00bfCu\u00e1ntos kilos pueden cargar sus bolsas?<br \/>\nR: Depende del material de la bolsa. Para bolsas de papel virgen, normalmente hasta 10KGS, bolsas recicladas normalmente alrededor de 5KGS.<\/p>\n<p>P4: \u00bfCu\u00e1l es su tipo de impresi\u00f3n?<br \/>\nR: Nuestra m\u00e1quina es una m\u00e1quina de impresi\u00f3n flexogr\u00e1fica, utilizamos tinta a base de agua para la impresi\u00f3n, que es respetuosa con el medio ambiente.<\/p>\n<p>P5: \u00bfC\u00f3mo gestiona el mantenimiento de su almac\u00e9n?<br \/>\nR: De acuerdo con las diferentes caracter\u00edsticas de la protecci\u00f3n medioambiental y el envasado de alimentos, disponemos de los correspondientes sistemas de gesti\u00f3n del almacenamiento. Disponemos de gesti\u00f3n inteligente de almacenes, puerta de persiana enrollable a prueba de polvo, pantallas antipolvo y antiinsectos, eliminaci\u00f3n de polvo, nos aseguraremos de que el entorno de almacenamiento sea seguro y limpio.<\/p>","protected":false},"excerpt":{"rendered":"<p>envelope paper bag for clothing<br \/>\nNatural Degradable Glassine Bag<br \/>\nPAPER WEIGHT RANGE:30-140GSM CUSTOME PRINTING: ONE SIDE, AND TWO SIDES PRINTING AVAILABLE.<\/p>","protected":false},"featured_media":12228,"comment_status":"open","ping_status":"closed","template":"","meta":{"_et_pb_use_builder":"","_et_pb_old_content":"","_et_gb_content_width":""},"product_cat":[297,299],"product_tag":[321],"yoast_head":"<!-- This site is optimized with the Yoast SEO plugin v22.7 - https:\/\/yoast.com\/wordpress\/plugins\/seo\/ -->\n<title>Degradable Glassine Paper Bag - Nanwang Paper Packaging<\/title>\n<meta name=\"description\" content=\"Degradable Glassine Paper Bag - Nanwang Paper Packaging , we supply Luxury Paper Bags, Shopping Paper Bag, Paper Carry Bag, Delivery Bag for you with good price.\" \/>\n<meta name=\"robots\" content=\"index, follow, max-snippet:-1, max-image-preview:large, max-video-preview:-1\" \/>\n<link rel=\"canonical\" href=\"https:\/\/www.nanwangpaperbag.com\/es\/producto\/degradable-glassine-paper-bag\/\" \/>\n<meta property=\"og:locale\" content=\"es_ES\" \/>\n<meta property=\"og:type\" content=\"article\" \/>\n<meta property=\"og:title\" content=\"Degradable Glassine Paper Bag - Nanwang Paper Packaging\" \/>\n<meta property=\"og:description\" content=\"Degradable Glassine Paper Bag - Nanwang Paper Packaging , we supply Luxury Paper Bags, Shopping Paper Bag, Paper Carry Bag, Delivery Bag for you with good price.\" \/>\n<meta property=\"og:url\" content=\"https:\/\/www.nanwangpaperbag.com\/es\/producto\/degradable-glassine-paper-bag\/\" \/>\n<meta property=\"og:site_name\" content=\"Nanwang Paper Packaging\" \/>\n<meta property=\"article:publisher\" content=\"https:\/\/www.facebook.com\/NanwangPaperBag\" \/>\n<meta property=\"article:modified_time\" content=\"2025-04-16T02:48:10+00:00\" \/>\n<meta property=\"og:image\" content=\"https:\/\/www.nanwangpaperbag.com\/wp-content\/uploads\/2025\/04\/Degradable-Glassine-paper-Bag_1-1.webp\" \/>\n\t<meta property=\"og:image:width\" content=\"800\" \/>\n\t<meta property=\"og:image:height\" content=\"800\" \/>\n\t<meta property=\"og:image:type\" content=\"image\/webp\" \/>\n<meta name=\"twitter:card\" content=\"summary_large_image\" \/>\n<meta name=\"twitter:site\" content=\"@NanwangPack\" \/>\n<meta name=\"twitter:label1\" content=\"Tiempo de lectura\" \/>\n\t<meta name=\"twitter:data1\" content=\"4 minutos\" \/>\n<script type=\"application\/ld+json\" class=\"yoast-schema-graph\">{\"@context\":\"https:\/\/schema.org\",\"@graph\":[{\"@type\":\"WebPage\",\"@id\":\"https:\/\/www.nanwangpaperbag.com\/product\/degradable-glassine-paper-bag\/\",\"url\":\"https:\/\/www.nanwangpaperbag.com\/product\/degradable-glassine-paper-bag\/\",\"name\":\"Degradable Glassine Paper Bag - Nanwang Paper Packaging\",\"isPartOf\":{\"@id\":\"https:\/\/www.nanwangpaperbag.com\/#website\"},\"primaryImageOfPage\":{\"@id\":\"https:\/\/www.nanwangpaperbag.com\/product\/degradable-glassine-paper-bag\/#primaryimage\"},\"image\":{\"@id\":\"https:\/\/www.nanwangpaperbag.com\/product\/degradable-glassine-paper-bag\/#primaryimage\"},\"thumbnailUrl\":\"https:\/\/www.nanwangpaperbag.com\/wp-content\/uploads\/2025\/04\/Degradable-Glassine-paper-Bag_1-1.webp\",\"datePublished\":\"2025-04-15T01:15:57+00:00\",\"dateModified\":\"2025-04-16T02:48:10+00:00\",\"description\":\"Degradable Glassine Paper Bag - Nanwang Paper Packaging , we supply Luxury Paper Bags, Shopping Paper Bag, Paper Carry Bag, Delivery Bag for you with good price.\",\"breadcrumb\":{\"@id\":\"https:\/\/www.nanwangpaperbag.com\/product\/degradable-glassine-paper-bag\/#breadcrumb\"},\"inLanguage\":\"es\",\"potentialAction\":[{\"@type\":\"ReadAction\",\"target\":[\"https:\/\/www.nanwangpaperbag.com\/product\/degradable-glassine-paper-bag\/\"]}]},{\"@type\":\"ImageObject\",\"inLanguage\":\"es\",\"@id\":\"https:\/\/www.nanwangpaperbag.com\/product\/degradable-glassine-paper-bag\/#primaryimage\",\"url\":\"https:\/\/www.nanwangpaperbag.com\/wp-content\/uploads\/2025\/04\/Degradable-Glassine-paper-Bag_1-1.webp\",\"contentUrl\":\"https:\/\/www.nanwangpaperbag.com\/wp-content\/uploads\/2025\/04\/Degradable-Glassine-paper-Bag_1-1.webp\",\"width\":800,\"height\":800,\"caption\":\"Degradable Glassine paper Bag\"},{\"@type\":\"BreadcrumbList\",\"@id\":\"https:\/\/www.nanwangpaperbag.com\/product\/degradable-glassine-paper-bag\/#breadcrumb\",\"itemListElement\":[{\"@type\":\"ListItem\",\"position\":1,\"name\":\"Home\",\"item\":\"https:\/\/www.nanwangpaperbag.com\/\"},{\"@type\":\"ListItem\",\"position\":2,\"name\":\"Productos\",\"item\":\"https:\/\/www.nanwangpaperbag.com\/es\/shop\/\"},{\"@type\":\"ListItem\",\"position\":3,\"name\":\"Degradable Glassine Paper Bag\"}]},{\"@type\":\"WebSite\",\"@id\":\"https:\/\/www.nanwangpaperbag.com\/#website\",\"url\":\"https:\/\/www.nanwangpaperbag.com\/\",\"name\":\"Nanwang Paper Packaging\",\"description\":\"\",\"publisher\":{\"@id\":\"https:\/\/www.nanwangpaperbag.com\/#organization\"},\"potentialAction\":[{\"@type\":\"SearchAction\",\"target\":{\"@type\":\"EntryPoint\",\"urlTemplate\":\"https:\/\/www.nanwangpaperbag.com\/?s={search_term_string}\"},\"query-input\":\"required name=search_term_string\"}],\"inLanguage\":\"es\"},{\"@type\":\"Organization\",\"@id\":\"https:\/\/www.nanwangpaperbag.com\/#organization\",\"name\":\"Nanwang Pack\",\"url\":\"https:\/\/www.nanwangpaperbag.com\/\",\"logo\":{\"@type\":\"ImageObject\",\"inLanguage\":\"es\",\"@id\":\"https:\/\/www.nanwangpaperbag.com\/#\/schema\/logo\/image\/\",\"url\":\"https:\/\/www.nanwangpaperbag.com\/wp-content\/uploads\/2025\/03\/logo2.webp\",\"contentUrl\":\"https:\/\/www.nanwangpaperbag.com\/wp-content\/uploads\/2025\/03\/logo2.webp\",\"width\":433,\"height\":407,\"caption\":\"Nanwang Pack\"},\"image\":{\"@id\":\"https:\/\/www.nanwangpaperbag.com\/#\/schema\/logo\/image\/\"},\"sameAs\":[\"https:\/\/www.facebook.com\/NanwangPaperBag\",\"https:\/\/x.com\/NanwangPack\",\"https:\/\/www.linkedin.com\/company\/nanwang-paper-bag\/\",\"https:\/\/www.youtube.com\/@NanwangPaperBag\",\"https:\/\/www.tiktok.com\/@nanwangpaperbag\"]}]}<\/script>\n<!-- \/ Yoast SEO plugin. -->","yoast_head_json":{"title":"Degradable Glassine Paper Bag - Nanwang Paper Packaging","description":"Degradable Glassine Paper Bag - Nanwang Paper Packaging , we supply Luxury Paper Bags, Shopping Paper Bag, Paper Carry Bag, Delivery Bag for you with good price.","robots":{"index":"index","follow":"follow","max-snippet":"max-snippet:-1","max-image-preview":"max-image-preview:large","max-video-preview":"max-video-preview:-1"},"canonical":"https:\/\/www.nanwangpaperbag.com\/es\/producto\/degradable-glassine-paper-bag\/","og_locale":"es_ES","og_type":"article","og_title":"Degradable Glassine Paper Bag - Nanwang Paper Packaging","og_description":"Degradable Glassine Paper Bag - Nanwang Paper Packaging , we supply Luxury Paper Bags, Shopping Paper Bag, Paper Carry Bag, Delivery Bag for you with good price.","og_url":"https:\/\/www.nanwangpaperbag.com\/es\/producto\/degradable-glassine-paper-bag\/","og_site_name":"Nanwang Paper Packaging","article_publisher":"https:\/\/www.facebook.com\/NanwangPaperBag","article_modified_time":"2025-04-16T02:48:10+00:00","og_image":[{"width":800,"height":800,"url":"https:\/\/www.nanwangpaperbag.com\/wp-content\/uploads\/2025\/04\/Degradable-Glassine-paper-Bag_1-1.webp","type":"image\/webp"}],"twitter_card":"summary_large_image","twitter_site":"@NanwangPack","twitter_misc":{"Tiempo de lectura":"4 minutos"},"schema":{"@context":"https:\/\/schema.org","@graph":[{"@type":"WebPage","@id":"https:\/\/www.nanwangpaperbag.com\/product\/degradable-glassine-paper-bag\/","url":"https:\/\/www.nanwangpaperbag.com\/product\/degradable-glassine-paper-bag\/","name":"Degradable Glassine Paper Bag - Nanwang Paper Packaging","isPartOf":{"@id":"https:\/\/www.nanwangpaperbag.com\/#website"},"primaryImageOfPage":{"@id":"https:\/\/www.nanwangpaperbag.com\/product\/degradable-glassine-paper-bag\/#primaryimage"},"image":{"@id":"https:\/\/www.nanwangpaperbag.com\/product\/degradable-glassine-paper-bag\/#primaryimage"},"thumbnailUrl":"https:\/\/www.nanwangpaperbag.com\/wp-content\/uploads\/2025\/04\/Degradable-Glassine-paper-Bag_1-1.webp","datePublished":"2025-04-15T01:15:57+00:00","dateModified":"2025-04-16T02:48:10+00:00","description":"Degradable Glassine Paper Bag - Nanwang Paper Packaging , we supply Luxury Paper Bags, Shopping Paper Bag, Paper Carry Bag, Delivery Bag for you with good price.","breadcrumb":{"@id":"https:\/\/www.nanwangpaperbag.com\/product\/degradable-glassine-paper-bag\/#breadcrumb"},"inLanguage":"es","potentialAction":[{"@type":"ReadAction","target":["https:\/\/www.nanwangpaperbag.com\/product\/degradable-glassine-paper-bag\/"]}]},{"@type":"ImageObject","inLanguage":"es","@id":"https:\/\/www.nanwangpaperbag.com\/product\/degradable-glassine-paper-bag\/#primaryimage","url":"https:\/\/www.nanwangpaperbag.com\/wp-content\/uploads\/2025\/04\/Degradable-Glassine-paper-Bag_1-1.webp","contentUrl":"https:\/\/www.nanwangpaperbag.com\/wp-content\/uploads\/2025\/04\/Degradable-Glassine-paper-Bag_1-1.webp","width":800,"height":800,"caption":"Degradable Glassine paper Bag"},{"@type":"BreadcrumbList","@id":"https:\/\/www.nanwangpaperbag.com\/product\/degradable-glassine-paper-bag\/#breadcrumb","itemListElement":[{"@type":"ListItem","position":1,"name":"Home","item":"https:\/\/www.nanwangpaperbag.com\/"},{"@type":"ListItem","position":2,"name":"Productos","item":"https:\/\/www.nanwangpaperbag.com\/es\/shop\/"},{"@type":"ListItem","position":3,"name":"Degradable Glassine Paper Bag"}]},{"@type":"WebSite","@id":"https:\/\/www.nanwangpaperbag.com\/#website","url":"https:\/\/www.nanwangpaperbag.com\/","name":"Nanwang Paper Packaging","description":"","publisher":{"@id":"https:\/\/www.nanwangpaperbag.com\/#organization"},"potentialAction":[{"@type":"SearchAction","target":{"@type":"EntryPoint","urlTemplate":"https:\/\/www.nanwangpaperbag.com\/?s={search_term_string}"},"query-input":"required name=search_term_string"}],"inLanguage":"es"},{"@type":"Organization","@id":"https:\/\/www.nanwangpaperbag.com\/#organization","name":"Nanwang Pack","url":"https:\/\/www.nanwangpaperbag.com\/","logo":{"@type":"ImageObject","inLanguage":"es","@id":"https:\/\/www.nanwangpaperbag.com\/#\/schema\/logo\/image\/","url":"https:\/\/www.nanwangpaperbag.com\/wp-content\/uploads\/2025\/03\/logo2.webp","contentUrl":"https:\/\/www.nanwangpaperbag.com\/wp-content\/uploads\/2025\/03\/logo2.webp","width":433,"height":407,"caption":"Nanwang Pack"},"image":{"@id":"https:\/\/www.nanwangpaperbag.com\/#\/schema\/logo\/image\/"},"sameAs":["https:\/\/www.facebook.com\/NanwangPaperBag","https:\/\/x.com\/NanwangPack","https:\/\/www.linkedin.com\/company\/nanwang-paper-bag\/","https:\/\/www.youtube.com\/@NanwangPaperBag","https:\/\/www.tiktok.com\/@nanwangpaperbag"]}]}},"_links":{"self":[{"href":"https:\/\/www.nanwangpaperbag.com\/es\/wp-json\/wp\/v2\/product\/12218"}],"collection":[{"href":"https:\/\/www.nanwangpaperbag.com\/es\/wp-json\/wp\/v2\/product"}],"about":[{"href":"https:\/\/www.nanwangpaperbag.com\/es\/wp-json\/wp\/v2\/types\/product"}],"replies":[{"embeddable":true,"href":"https:\/\/www.nanwangpaperbag.com\/es\/wp-json\/wp\/v2\/comments?post=12218"}],"wp:featuredmedia":[{"embeddable":true,"href":"https:\/\/www.nanwangpaperbag.com\/es\/wp-json\/wp\/v2\/media\/12228"}],"wp:attachment":[{"href":"https:\/\/www.nanwangpaperbag.com\/es\/wp-json\/wp\/v2\/media?parent=12218"}],"wp:term":[{"taxonomy":"product_cat","embeddable":true,"href":"https:\/\/www.nanwangpaperbag.com\/es\/wp-json\/wp\/v2\/product_cat?post=12218"},{"taxonomy":"product_tag","embeddable":true,"href":"https:\/\/www.nanwangpaperbag.com\/es\/wp-json\/wp\/v2\/product_tag?post=12218"}],"curies":[{"name":"wp","href":"https:\/\/api.w.org\/{rel}","templated":true}]}}