{"id":12233,"date":"2025-04-15T02:43:33","date_gmt":"2025-04-15T02:43:33","guid":{"rendered":"https:\/\/www.nanwangpaperbag.com\/?post_type=product&#038;p=12233"},"modified":"2025-04-16T03:27:06","modified_gmt":"2025-04-16T03:27:06","slug":"food-grade-fluorine-free-grease-proof-paper-bag","status":"publish","type":"product","link":"https:\/\/www.nanwangpaperbag.com\/es\/producto\/food-grade-fluorine-free-grease-proof-paper-bag\/","title":{"rendered":"Bolsa de papel antigrasa sin fl\u00faor de calidad alimentaria"},"content":{"rendered":"<p>A medida que aumenta la concienciaci\u00f3n p\u00fablica sobre los problemas medioambientales, se hace cada vez m\u00e1s urgente la demanda de diversos sectores para combatir la contaminaci\u00f3n por pl\u00e1sticos y promover el desarrollo sostenible. En respuesta a este reto medioambiental global, los gobiernos locales han tomado medidas decisivas, aplicando una serie de pol\u00edticas s\u00f3lidas para prohibir o limitar el uso del pl\u00e1stico, con el objetivo de abordar el consumo de pl\u00e1stico en su origen y aliviar la presi\u00f3n medioambiental.<\/p>\n<p>En vista de esta apremiante situaci\u00f3n ecol\u00f3gica, la alimentaci\u00f3n <a href=\"https:\/\/www.nanwangpaperbag.com\/es\/category\/new-product\/fluorine-free-grease-proof-paper-bag\/\"><strong>Bolsa de papel antigrasa sin fl\u00faor<\/strong><\/a> han surgido como una soluci\u00f3n de envasado innovadora y respetuosa con el medio ambiente, que ha suscitado un gran inter\u00e9s entre numerosas marcas. Estas bolsas no solo responden a la demanda social contempor\u00e1nea de envases sostenibles, sino que tambi\u00e9n representan un avance tecnol\u00f3gico significativo con respecto al papel convencional resistente al aceite.<\/p>\n<p><img loading=\"lazy\" decoding=\"async\" class=\"aligncenter wp-image-12243\" data-src=\"https:\/\/www.nanwangpaperbag.com\/wp-content\/uploads\/2025\/04\/Food-grade-Fluorine-free-Grease-proof-Paper-Bag_1.webp\" alt=\"Bolsa de papel antigrasa sin fl\u00faor\" width=\"470\" height=\"470\" \/><\/p>\n<h2>Par\u00e1metros del producto<\/h2>\n<p>Bolsa de fondo plano antigrasa sin fl\u00faor de calidad alimentaria\uff1a<br \/>\nColor del papel: Blanco, Amarillo Gramaje: 33-50gsm<br \/>\nAnchura de la bolsa: 60-500 mm<br \/>\nAltura de la bolsa: 75-410 mm<br \/>\nFuelle de la bolsa: 0-140 mm<br \/>\nColores de impresi\u00f3n: 0-8 colores<\/p>\n<p>Grado alimentario Libre de fl\u00faor A prueba de grasa estilo autoabierto Bolsa\uff1a<br \/>\nColor del papel: Blanco, Amarillo<br \/>\nGramaje del papel: 33-50gsm<br \/>\nAnchura de la bolsa: 120-290 mm<br \/>\nAltura de la bolsa: 230-435 mm<br \/>\nFuelle de la bolsa: 60-150 mm<br \/>\nColores de impresi\u00f3n: 0-8 colores<\/p>\n<p><img loading=\"lazy\" decoding=\"async\" class=\"aligncenter wp-image-12242\" data-src=\"https:\/\/www.nanwangpaperbag.com\/wp-content\/uploads\/2025\/04\/Fluoride-free-means-healthy.webp\" alt=\"Bolsa de papel antigrasa sin fl\u00faor\" width=\"470\" height=\"353\" \/><\/p>\n<h2>Caracter\u00edsticas<\/h2>\n<p>Sin fl\u00faor significa sano<br \/>\nSostenibilidad medioambiental<br \/>\nExcelente resistencia a la grasa<\/p>\n<p><img loading=\"lazy\" decoding=\"async\" class=\"aligncenter wp-image-12240\" data-src=\"https:\/\/www.nanwangpaperbag.com\/wp-content\/uploads\/2025\/04\/Environmental-sustainability.webp\" alt=\"Bolsa de papel antigrasa sin fl\u00faor\" width=\"470\" height=\"318\" \/><\/p>\n<h2>Aplicaci\u00f3n<\/h2>\n<p>01. Industria china\/occidental de comida r\u00e1pida<br \/>\nIdeal para envasar alimentos ricos en grasas, como hamburguesas, pollo frito y patatas fritas, ya que impide eficazmente la penetraci\u00f3n del aceite y preserva el sabor y aroma originales del alimento.<\/p>\n<p>02.Industria panadera<br \/>\nSe utiliza para envasar productos horneados como pasteles, pan y galletas. Es adecuado para envolver pan, pasteles, galletas y otros productos horneados, manteni\u00e9ndolos frescos y conservando la textura. No s\u00f3lo evita la filtraci\u00f3n de aceite, sino que tambi\u00e9n mantiene el aroma y la textura de los alimentos.<\/p>\n<p><img loading=\"lazy\" decoding=\"async\" class=\"size-full wp-image-12241 aligncenter\" data-src=\"https:\/\/www.nanwangpaperbag.com\/wp-content\/uploads\/2025\/04\/Excellent-grease-proof-performance.webp\" alt=\"Bolsa de papel antigrasa sin fl\u00faor\" width=\"470\" height=\"317\" srcset=\"https:\/\/www.nanwangpaperbag.com\/wp-content\/uploads\/2025\/04\/Excellent-grease-proof-performance.webp 470w, https:\/\/www.nanwangpaperbag.com\/wp-content\/uploads\/2025\/04\/Excellent-grease-proof-performance-300x202.webp 300w, https:\/\/www.nanwangpaperbag.com\/wp-content\/uploads\/2025\/04\/Excellent-grease-proof-performance-18x12.webp 18w\" sizes=\"(max-width: 470px) 100vw, 470px\" \/><\/p>\n<h2>PREGUNTAS FRECUENTES<\/h2>\n<p>P1: \u00bfTienen productos en stock para vender?<br \/>\nR:S\u00ed, no tenemos bolsas de stock de impresi\u00f3n para su elecci\u00f3n.<\/p>\n<p>P2: \u00bfCu\u00e1les son sus principales productos?<br \/>\nR: Producimos principalmente todo tipo de bolsas de papel, bolsas de regalo, bolsas de la compra, etc.<\/p>\n<p>P3: \u00bfCu\u00e1l es su ventaja?<br \/>\nR: Tenemos una gran capacidad, m\u00e1s de 40 juegos de m\u00e1quinas de bolsas de la compra, la mayor\u00eda de los equipos son importados de JAP\u00d3N y ALEMANIA.<\/p>\n<p>P4: \u00bfC\u00f3mo solicitar informaci\u00f3n?<br \/>\nA: Pls aconsejan el material, tama\u00f1o, ilustraciones, cantidad de los productos que usted necesita as\u00ed como m\u00e9todo de la entrega, usted puede tambi\u00e9n enviarnos con los cuadros similares para comprobar.<\/p>\n<p>P5: \u00bfPuede ayudarnos con el dise\u00f1o?<br \/>\nR: Claro, contamos con dise\u00f1adores profesionales para ofrecer el servicio de dise\u00f1o.<\/p>","protected":false},"excerpt":{"rendered":"<p>En este grave y urgente contexto medioambiental, la bolsa de papel antigrasa sin fl\u00faor de calidad alimentaria ha surgido como un material de envasado innovador y respetuoso con el medio ambiente, atrayendo la atenci\u00f3n de los clientes de muchas marcas. No s\u00f3lo responde perfectamente a la demanda actual de la sociedad de envases respetuosos con el medio ambiente, sino que tambi\u00e9n logra una innovaci\u00f3n t\u00e9cnica y una trascendencia sobre el papel resistente al aceite tradicional.<\/p>","protected":false},"featured_media":12244,"comment_status":"open","ping_status":"closed","template":"","meta":{"_et_pb_use_builder":"","_et_pb_old_content":"","_et_gb_content_width":""},"product_cat":[301,297],"product_tag":[323],"yoast_head":"<!-- This site is optimized with the Yoast SEO plugin v22.7 - https:\/\/yoast.com\/wordpress\/plugins\/seo\/ -->\n<title>Food-grade Fluorine-free Grease-proof Paper Bag - Nanwang Paper Packaging<\/title>\n<meta name=\"description\" content=\"Food-grade Fluorine-free Grease-proof Paper Bag - Nanwang Paper Packaging , we supply Luxury Paper Bags, Shopping Paper Bag, Paper Carry Bag, Delivery Bag for you with good price.\" \/>\n<meta name=\"robots\" content=\"index, follow, max-snippet:-1, max-image-preview:large, max-video-preview:-1\" \/>\n<link rel=\"canonical\" href=\"https:\/\/www.nanwangpaperbag.com\/es\/producto\/food-grade-fluorine-free-grease-proof-paper-bag\/\" \/>\n<meta property=\"og:locale\" content=\"es_ES\" \/>\n<meta property=\"og:type\" content=\"article\" \/>\n<meta property=\"og:title\" content=\"Food-grade Fluorine-free Grease-proof Paper Bag - Nanwang Paper Packaging\" \/>\n<meta property=\"og:description\" content=\"Food-grade Fluorine-free Grease-proof Paper Bag - Nanwang Paper Packaging , we supply Luxury Paper Bags, Shopping Paper Bag, Paper Carry Bag, Delivery Bag for you with good price.\" \/>\n<meta property=\"og:url\" content=\"https:\/\/www.nanwangpaperbag.com\/es\/producto\/food-grade-fluorine-free-grease-proof-paper-bag\/\" \/>\n<meta property=\"og:site_name\" content=\"Nanwang Paper Packaging\" \/>\n<meta property=\"article:publisher\" content=\"https:\/\/www.facebook.com\/NanwangPaperBag\" \/>\n<meta property=\"article:modified_time\" content=\"2025-04-16T03:27:06+00:00\" \/>\n<meta property=\"og:image\" content=\"https:\/\/www.nanwangpaperbag.com\/wp-content\/uploads\/2025\/04\/Food-grade-Fluorine-free-Grease-proof-Paper-Bag_1-1.webp\" \/>\n\t<meta property=\"og:image:width\" content=\"800\" \/>\n\t<meta property=\"og:image:height\" content=\"800\" \/>\n\t<meta property=\"og:image:type\" content=\"image\/webp\" \/>\n<meta name=\"twitter:card\" content=\"summary_large_image\" \/>\n<meta name=\"twitter:site\" content=\"@NanwangPack\" \/>\n<meta name=\"twitter:label1\" content=\"Tiempo de lectura\" \/>\n\t<meta name=\"twitter:data1\" content=\"3 minutos\" \/>\n<script type=\"application\/ld+json\" class=\"yoast-schema-graph\">{\"@context\":\"https:\/\/schema.org\",\"@graph\":[{\"@type\":\"WebPage\",\"@id\":\"https:\/\/www.nanwangpaperbag.com\/product\/food-grade-fluorine-free-grease-proof-paper-bag\/\",\"url\":\"https:\/\/www.nanwangpaperbag.com\/product\/food-grade-fluorine-free-grease-proof-paper-bag\/\",\"name\":\"Food-grade Fluorine-free Grease-proof Paper Bag - Nanwang Paper Packaging\",\"isPartOf\":{\"@id\":\"https:\/\/www.nanwangpaperbag.com\/#website\"},\"primaryImageOfPage\":{\"@id\":\"https:\/\/www.nanwangpaperbag.com\/product\/food-grade-fluorine-free-grease-proof-paper-bag\/#primaryimage\"},\"image\":{\"@id\":\"https:\/\/www.nanwangpaperbag.com\/product\/food-grade-fluorine-free-grease-proof-paper-bag\/#primaryimage\"},\"thumbnailUrl\":\"https:\/\/www.nanwangpaperbag.com\/wp-content\/uploads\/2025\/04\/Food-grade-Fluorine-free-Grease-proof-Paper-Bag_1-1.webp\",\"datePublished\":\"2025-04-15T02:43:33+00:00\",\"dateModified\":\"2025-04-16T03:27:06+00:00\",\"description\":\"Food-grade Fluorine-free Grease-proof Paper Bag - Nanwang Paper Packaging , we supply Luxury Paper Bags, Shopping Paper Bag, Paper Carry Bag, Delivery Bag for you with good price.\",\"breadcrumb\":{\"@id\":\"https:\/\/www.nanwangpaperbag.com\/product\/food-grade-fluorine-free-grease-proof-paper-bag\/#breadcrumb\"},\"inLanguage\":\"es\",\"potentialAction\":[{\"@type\":\"ReadAction\",\"target\":[\"https:\/\/www.nanwangpaperbag.com\/product\/food-grade-fluorine-free-grease-proof-paper-bag\/\"]}]},{\"@type\":\"ImageObject\",\"inLanguage\":\"es\",\"@id\":\"https:\/\/www.nanwangpaperbag.com\/product\/food-grade-fluorine-free-grease-proof-paper-bag\/#primaryimage\",\"url\":\"https:\/\/www.nanwangpaperbag.com\/wp-content\/uploads\/2025\/04\/Food-grade-Fluorine-free-Grease-proof-Paper-Bag_1-1.webp\",\"contentUrl\":\"https:\/\/www.nanwangpaperbag.com\/wp-content\/uploads\/2025\/04\/Food-grade-Fluorine-free-Grease-proof-Paper-Bag_1-1.webp\",\"width\":800,\"height\":800,\"caption\":\"Fluorine-free Grease-proof Paper Bag\"},{\"@type\":\"BreadcrumbList\",\"@id\":\"https:\/\/www.nanwangpaperbag.com\/product\/food-grade-fluorine-free-grease-proof-paper-bag\/#breadcrumb\",\"itemListElement\":[{\"@type\":\"ListItem\",\"position\":1,\"name\":\"Home\",\"item\":\"https:\/\/www.nanwangpaperbag.com\/\"},{\"@type\":\"ListItem\",\"position\":2,\"name\":\"Productos\",\"item\":\"https:\/\/www.nanwangpaperbag.com\/es\/shop\/\"},{\"@type\":\"ListItem\",\"position\":3,\"name\":\"Food-grade Fluorine-free Grease-proof Paper Bag\"}]},{\"@type\":\"WebSite\",\"@id\":\"https:\/\/www.nanwangpaperbag.com\/#website\",\"url\":\"https:\/\/www.nanwangpaperbag.com\/\",\"name\":\"Nanwang Paper Packaging\",\"description\":\"\",\"publisher\":{\"@id\":\"https:\/\/www.nanwangpaperbag.com\/#organization\"},\"potentialAction\":[{\"@type\":\"SearchAction\",\"target\":{\"@type\":\"EntryPoint\",\"urlTemplate\":\"https:\/\/www.nanwangpaperbag.com\/?s={search_term_string}\"},\"query-input\":\"required name=search_term_string\"}],\"inLanguage\":\"es\"},{\"@type\":\"Organization\",\"@id\":\"https:\/\/www.nanwangpaperbag.com\/#organization\",\"name\":\"Nanwang Pack\",\"url\":\"https:\/\/www.nanwangpaperbag.com\/\",\"logo\":{\"@type\":\"ImageObject\",\"inLanguage\":\"es\",\"@id\":\"https:\/\/www.nanwangpaperbag.com\/#\/schema\/logo\/image\/\",\"url\":\"https:\/\/www.nanwangpaperbag.com\/wp-content\/uploads\/2025\/03\/logo2.webp\",\"contentUrl\":\"https:\/\/www.nanwangpaperbag.com\/wp-content\/uploads\/2025\/03\/logo2.webp\",\"width\":433,\"height\":407,\"caption\":\"Nanwang Pack\"},\"image\":{\"@id\":\"https:\/\/www.nanwangpaperbag.com\/#\/schema\/logo\/image\/\"},\"sameAs\":[\"https:\/\/www.facebook.com\/NanwangPaperBag\",\"https:\/\/x.com\/NanwangPack\",\"https:\/\/www.linkedin.com\/company\/nanwang-paper-bag\/\",\"https:\/\/www.youtube.com\/@NanwangPaperBag\",\"https:\/\/www.tiktok.com\/@nanwangpaperbag\"]}]}<\/script>\n<!-- \/ Yoast SEO plugin. -->","yoast_head_json":{"title":"Food-grade Fluorine-free Grease-proof Paper Bag - Nanwang Paper Packaging","description":"Food-grade Fluorine-free Grease-proof Paper Bag - Nanwang Paper Packaging , we supply Luxury Paper Bags, Shopping Paper Bag, Paper Carry Bag, Delivery Bag for you with good price.","robots":{"index":"index","follow":"follow","max-snippet":"max-snippet:-1","max-image-preview":"max-image-preview:large","max-video-preview":"max-video-preview:-1"},"canonical":"https:\/\/www.nanwangpaperbag.com\/es\/producto\/food-grade-fluorine-free-grease-proof-paper-bag\/","og_locale":"es_ES","og_type":"article","og_title":"Food-grade Fluorine-free Grease-proof Paper Bag - Nanwang Paper Packaging","og_description":"Food-grade Fluorine-free Grease-proof Paper Bag - Nanwang Paper Packaging , we supply Luxury Paper Bags, Shopping Paper Bag, Paper Carry Bag, Delivery Bag for you with good price.","og_url":"https:\/\/www.nanwangpaperbag.com\/es\/producto\/food-grade-fluorine-free-grease-proof-paper-bag\/","og_site_name":"Nanwang Paper Packaging","article_publisher":"https:\/\/www.facebook.com\/NanwangPaperBag","article_modified_time":"2025-04-16T03:27:06+00:00","og_image":[{"width":800,"height":800,"url":"https:\/\/www.nanwangpaperbag.com\/wp-content\/uploads\/2025\/04\/Food-grade-Fluorine-free-Grease-proof-Paper-Bag_1-1.webp","type":"image\/webp"}],"twitter_card":"summary_large_image","twitter_site":"@NanwangPack","twitter_misc":{"Tiempo de lectura":"3 minutos"},"schema":{"@context":"https:\/\/schema.org","@graph":[{"@type":"WebPage","@id":"https:\/\/www.nanwangpaperbag.com\/product\/food-grade-fluorine-free-grease-proof-paper-bag\/","url":"https:\/\/www.nanwangpaperbag.com\/product\/food-grade-fluorine-free-grease-proof-paper-bag\/","name":"Food-grade Fluorine-free Grease-proof Paper Bag - Nanwang Paper Packaging","isPartOf":{"@id":"https:\/\/www.nanwangpaperbag.com\/#website"},"primaryImageOfPage":{"@id":"https:\/\/www.nanwangpaperbag.com\/product\/food-grade-fluorine-free-grease-proof-paper-bag\/#primaryimage"},"image":{"@id":"https:\/\/www.nanwangpaperbag.com\/product\/food-grade-fluorine-free-grease-proof-paper-bag\/#primaryimage"},"thumbnailUrl":"https:\/\/www.nanwangpaperbag.com\/wp-content\/uploads\/2025\/04\/Food-grade-Fluorine-free-Grease-proof-Paper-Bag_1-1.webp","datePublished":"2025-04-15T02:43:33+00:00","dateModified":"2025-04-16T03:27:06+00:00","description":"Food-grade Fluorine-free Grease-proof Paper Bag - Nanwang Paper Packaging , we supply Luxury Paper Bags, Shopping Paper Bag, Paper Carry Bag, Delivery Bag for you with good price.","breadcrumb":{"@id":"https:\/\/www.nanwangpaperbag.com\/product\/food-grade-fluorine-free-grease-proof-paper-bag\/#breadcrumb"},"inLanguage":"es","potentialAction":[{"@type":"ReadAction","target":["https:\/\/www.nanwangpaperbag.com\/product\/food-grade-fluorine-free-grease-proof-paper-bag\/"]}]},{"@type":"ImageObject","inLanguage":"es","@id":"https:\/\/www.nanwangpaperbag.com\/product\/food-grade-fluorine-free-grease-proof-paper-bag\/#primaryimage","url":"https:\/\/www.nanwangpaperbag.com\/wp-content\/uploads\/2025\/04\/Food-grade-Fluorine-free-Grease-proof-Paper-Bag_1-1.webp","contentUrl":"https:\/\/www.nanwangpaperbag.com\/wp-content\/uploads\/2025\/04\/Food-grade-Fluorine-free-Grease-proof-Paper-Bag_1-1.webp","width":800,"height":800,"caption":"Fluorine-free Grease-proof Paper Bag"},{"@type":"BreadcrumbList","@id":"https:\/\/www.nanwangpaperbag.com\/product\/food-grade-fluorine-free-grease-proof-paper-bag\/#breadcrumb","itemListElement":[{"@type":"ListItem","position":1,"name":"Home","item":"https:\/\/www.nanwangpaperbag.com\/"},{"@type":"ListItem","position":2,"name":"Productos","item":"https:\/\/www.nanwangpaperbag.com\/es\/shop\/"},{"@type":"ListItem","position":3,"name":"Food-grade Fluorine-free Grease-proof Paper Bag"}]},{"@type":"WebSite","@id":"https:\/\/www.nanwangpaperbag.com\/#website","url":"https:\/\/www.nanwangpaperbag.com\/","name":"Nanwang Paper Packaging","description":"","publisher":{"@id":"https:\/\/www.nanwangpaperbag.com\/#organization"},"potentialAction":[{"@type":"SearchAction","target":{"@type":"EntryPoint","urlTemplate":"https:\/\/www.nanwangpaperbag.com\/?s={search_term_string}"},"query-input":"required name=search_term_string"}],"inLanguage":"es"},{"@type":"Organization","@id":"https:\/\/www.nanwangpaperbag.com\/#organization","name":"Nanwang Pack","url":"https:\/\/www.nanwangpaperbag.com\/","logo":{"@type":"ImageObject","inLanguage":"es","@id":"https:\/\/www.nanwangpaperbag.com\/#\/schema\/logo\/image\/","url":"https:\/\/www.nanwangpaperbag.com\/wp-content\/uploads\/2025\/03\/logo2.webp","contentUrl":"https:\/\/www.nanwangpaperbag.com\/wp-content\/uploads\/2025\/03\/logo2.webp","width":433,"height":407,"caption":"Nanwang Pack"},"image":{"@id":"https:\/\/www.nanwangpaperbag.com\/#\/schema\/logo\/image\/"},"sameAs":["https:\/\/www.facebook.com\/NanwangPaperBag","https:\/\/x.com\/NanwangPack","https:\/\/www.linkedin.com\/company\/nanwang-paper-bag\/","https:\/\/www.youtube.com\/@NanwangPaperBag","https:\/\/www.tiktok.com\/@nanwangpaperbag"]}]}},"_links":{"self":[{"href":"https:\/\/www.nanwangpaperbag.com\/es\/wp-json\/wp\/v2\/product\/12233"}],"collection":[{"href":"https:\/\/www.nanwangpaperbag.com\/es\/wp-json\/wp\/v2\/product"}],"about":[{"href":"https:\/\/www.nanwangpaperbag.com\/es\/wp-json\/wp\/v2\/types\/product"}],"replies":[{"embeddable":true,"href":"https:\/\/www.nanwangpaperbag.com\/es\/wp-json\/wp\/v2\/comments?post=12233"}],"wp:featuredmedia":[{"embeddable":true,"href":"https:\/\/www.nanwangpaperbag.com\/es\/wp-json\/wp\/v2\/media\/12244"}],"wp:attachment":[{"href":"https:\/\/www.nanwangpaperbag.com\/es\/wp-json\/wp\/v2\/media?parent=12233"}],"wp:term":[{"taxonomy":"product_cat","embeddable":true,"href":"https:\/\/www.nanwangpaperbag.com\/es\/wp-json\/wp\/v2\/product_cat?post=12233"},{"taxonomy":"product_tag","embeddable":true,"href":"https:\/\/www.nanwangpaperbag.com\/es\/wp-json\/wp\/v2\/product_tag?post=12233"}],"curies":[{"name":"wp","href":"https:\/\/api.w.org\/{rel}","templated":true}]}}