{"id":12271,"date":"2025-04-16T07:21:22","date_gmt":"2025-04-16T07:21:22","guid":{"rendered":"https:\/\/www.nanwangpaperbag.com\/?post_type=product&#038;p=12271"},"modified":"2025-05-15T02:48:36","modified_gmt":"2025-05-15T02:48:36","slug":"white-kraft-paper-bags-with-die-cut-handles","status":"publish","type":"product","link":"https:\/\/www.nanwangpaperbag.com\/es\/producto\/white-kraft-paper-bags-with-die-cut-handles\/","title":{"rendered":"Bolsas de papel kraft blanco con asas troqueladas"},"content":{"rendered":"<p>La bolsa de papel kraft blanco con asa troquelada est\u00e1 dise\u00f1ada para contener diversos art\u00edculos, como alimentos, regalos, verduras, productos de panader\u00eda y ropa. Estas <a href=\"https:\/\/www.nanwangpaperbag.com\/es\/producto\/white-kraft-paper-bags-with-die-cut-handles\/\"><strong>bolsas de papel kraft<\/strong><\/a> son reciclables y reutilizables, con un asa en forma de D y un fondo cuadrado para facilitar su transporte. Son ecol\u00f3gicas, visualmente atractivas y pr\u00e1cticas para el uso diario.<br \/>\nEstas bolsas son ideales para embalar y almacenar. Est\u00e1n disponibles en una amplia gama de tama\u00f1os y formas, lo que ofrece muchas opciones. Puede personalizarlas a\u00f1adiendo su logotipo. A un precio rentable, estas bolsas personalizadas pueden introducirse en su negocio, convirti\u00e9ndose en art\u00edculos de marca \u00fanicos que destacan.<\/p>\n<p><img loading=\"lazy\" decoding=\"async\" class=\"wp-image-12273 aligncenter\" data-src=\"https:\/\/www.nanwangpaperbag.com\/wp-content\/uploads\/2025\/04\/White-kraft-Paper-Bags-with-Die-Cut-Handles-1.webp\" alt=\"bolsas de papel kraft\" width=\"592\" height=\"463\" srcset=\"https:\/\/www.nanwangpaperbag.com\/wp-content\/uploads\/2025\/04\/White-kraft-Paper-Bags-with-Die-Cut-Handles-1.webp 592w, https:\/\/www.nanwangpaperbag.com\/wp-content\/uploads\/2025\/04\/White-kraft-Paper-Bags-with-Die-Cut-Handles-1-480x376.webp 480w\" sizes=\"(min-width: 0px) and (max-width: 480px) 480px, (min-width: 481px) 592px, 100vw\" \/><\/p>\n<h2>Tama\u00f1os est\u00e1ndar NanWang<\/h2>\n<table class=\"tg\" style=\"border-collapse: collapse; border-spacing: 0;\">\n<thead>\n<tr>\n<th style=\"font-family: Arial, sans-serif; font-size: 14px; font-weight: normal; overflow: hidden; padding: 10px 5px; text-align: center; vertical-align: top; word-break: normal; border: 1px solid black;\">C\u00f3digo Ltem<\/th>\n<th style=\"font-family: Arial, sans-serif; font-size: 14px; font-weight: normal; overflow: hidden; padding: 10px 5px; text-align: center; vertical-align: top; word-break: normal; border: 1px solid black;\">Dimensiones de la bolsa (mm)<br \/>\n( Anchura x Altura x Refuerzo )<\/th>\n<th style=\"font-family: Arial, sans-serif; font-size: 14px; font-weight: normal; overflow: hidden; padding: 10px 5px; text-align: center; vertical-align: top; word-break: normal; border: 1px solid black;\">Dimensiones de la bolsa (pulgadas)<br \/>\n( Anchura x Altura x Refuerzo )<\/th>\n<th style=\"font-family: Arial, sans-serif; font-size: 14px; font-weight: normal; overflow: hidden; padding: 10px 5px; text-align: center; vertical-align: top; word-break: normal; border: 1px solid black;\">Tama\u00f1o del envase<br \/>\n(piezas \/ ctn)<\/th>\n<th style=\"font-family: Arial, sans-serif; font-size: 14px; font-weight: normal; overflow: hidden; padding: 10px 5px; text-align: center; vertical-align: top; word-break: normal; border: 1px solid black;\">Liso MOQ<br \/>\n(unidades)<\/th>\n<th style=\"font-family: Arial, sans-serif; font-size: 14px; font-weight: normal; overflow: hidden; padding: 10px 5px; text-align: center; vertical-align: top; word-break: normal; border: 1px solid black;\">Impreso MOQ<br \/>\n(unidades)<\/th>\n<\/tr>\n<\/thead>\n<tbody>\n<tr>\n<td style=\"font-family: Arial, sans-serif; font-size: 14px; overflow: hidden; padding: 10px 5px; text-align: center; vertical-align: top; word-break: normal; border: 1px solid black;\">NWD240NA<\/td>\n<td style=\"font-family: Arial, sans-serif; font-size: 14px; overflow: hidden; padding: 10px 5px; text-align: center; vertical-align: top; word-break: normal; border: 1px solid black;\">240x350x120mm<\/td>\n<td style=\"font-family: Arial, sans-serif; font-size: 14px; overflow: hidden; padding: 10px 5px; text-align: center; vertical-align: top; word-break: normal; border: 1px solid black;\">9.45\u2033x13.78\u2033x4.72\u2033<\/td>\n<td style=\"font-family: Arial, sans-serif; font-size: 14px; overflow: hidden; padding: 10px 5px; text-align: center; vertical-align: top; word-break: normal; border: 1px solid black;\">400<\/td>\n<td style=\"font-family: Arial, sans-serif; font-size: 14px; overflow: hidden; padding: 10px 5px; text-align: center; vertical-align: top; word-break: normal; border: 1px solid black;\">100000<\/td>\n<td style=\"font-family: Arial, sans-serif; font-size: 14px; overflow: hidden; padding: 10px 5px; text-align: center; vertical-align: top; word-break: normal; border: 1px solid black;\">100000<\/td>\n<\/tr>\n<tr>\n<td style=\"font-family: Arial, sans-serif; font-size: 14px; overflow: hidden; padding: 10px 5px; text-align: center; vertical-align: top; word-break: normal; border: 1px solid black;\">NWD270NA<\/td>\n<td style=\"font-family: Arial, sans-serif; font-size: 14px; overflow: hidden; padding: 10px 5px; text-align: center; vertical-align: top; word-break: normal; border: 1px solid black;\">270x280x100mm<\/td>\n<td style=\"font-family: Arial, sans-serif; font-size: 14px; overflow: hidden; padding: 10px 5px; text-align: center; vertical-align: top; word-break: normal; border: 1px solid black;\">10.63\u2033x11\u2033x3.94\u2033<\/td>\n<td style=\"font-family: Arial, sans-serif; font-size: 14px; overflow: hidden; padding: 10px 5px; text-align: center; vertical-align: top; word-break: normal; border: 1px solid black;\">400<\/td>\n<td style=\"font-family: Arial, sans-serif; font-size: 14px; overflow: hidden; padding: 10px 5px; text-align: center; vertical-align: top; word-break: normal; border: 1px solid black;\">100000<\/td>\n<td style=\"font-family: Arial, sans-serif; font-size: 14px; overflow: hidden; padding: 10px 5px; text-align: center; vertical-align: top; word-break: normal; border: 1px solid black;\">100000<\/td>\n<\/tr>\n<tr>\n<td style=\"font-family: Arial, sans-serif; font-size: 14px; overflow: hidden; padding: 10px 5px; text-align: center; vertical-align: top; word-break: normal; border: 1px solid black;\">NWD270NA<\/td>\n<td style=\"font-family: Arial, sans-serif; font-size: 14px; overflow: hidden; padding: 10px 5px; text-align: center; vertical-align: top; word-break: normal; border: 1px solid black;\">270x350x140mm<\/td>\n<td style=\"font-family: Arial, sans-serif; font-size: 14px; overflow: hidden; padding: 10px 5px; text-align: center; vertical-align: top; word-break: normal; border: 1px solid black;\">10.63\u2033x13.78\u2033x5.5\u2033<\/td>\n<td style=\"font-family: Arial, sans-serif; font-size: 14px; overflow: hidden; padding: 10px 5px; text-align: center; vertical-align: top; word-break: normal; border: 1px solid black;\">300<\/td>\n<td style=\"font-family: Arial, sans-serif; font-size: 14px; overflow: hidden; padding: 10px 5px; text-align: center; vertical-align: top; word-break: normal; border: 1px solid black;\">100000<\/td>\n<td style=\"font-family: Arial, sans-serif; font-size: 14px; overflow: hidden; padding: 10px 5px; text-align: center; vertical-align: top; word-break: normal; border: 1px solid black;\">100000<\/td>\n<\/tr>\n<\/tbody>\n<\/table>\n<p><img loading=\"lazy\" decoding=\"async\" class=\"size-full wp-image-12274 aligncenter\" data-src=\"https:\/\/www.nanwangpaperbag.com\/wp-content\/uploads\/2025\/04\/White-kraft-Paper-Bags-with-Die-Cut-Handles-2.webp\" alt=\"bolsas de papel kraft\" width=\"600\" height=\"495\" srcset=\"https:\/\/www.nanwangpaperbag.com\/wp-content\/uploads\/2025\/04\/White-kraft-Paper-Bags-with-Die-Cut-Handles-2.webp 600w, https:\/\/www.nanwangpaperbag.com\/wp-content\/uploads\/2025\/04\/White-kraft-Paper-Bags-with-Die-Cut-Handles-2-480x396.webp 480w\" sizes=\"(min-width: 0px) and (max-width: 480px) 480px, (min-width: 481px) 600px, 100vw\" \/><\/p>\n<h2>Caracter\u00edsticas<\/h2>\n<ul>\n<li>Fondo espacioso para comida para llevar: Dise\u00f1adas con una amplia zona inferior, estas bolsas son perfectas para transportar de forma segura los pedidos de comida para llevar, garantizando espacio suficiente para varios alimentos.<\/li>\n<li>Materiales ecol\u00f3gicos: Son reutilizables y biodegradables, lo que las convierte en una opci\u00f3n respetuosa con el medio ambiente. Ideales para empaquetar y almacenar alimentos, ayudan a reducir los residuos en la vida diaria.<\/li>\n<li>Uso diario vers\u00e1til: Ampliamente aplicable en escenarios diarios, ya sea para un almuerzo r\u00e1pido o para empacar sobras.<\/li>\n<li>Personalizaci\u00f3n : Puede a\u00f1adir logotipos, dise\u00f1os u otros elementos de marca para hacerlos \u00fanicos.<\/li>\n<li>Dise\u00f1o estable e independiente: Las bolsas con fuelle de fondo plano est\u00e1n dise\u00f1adas para mantenerse en pie de forma independiente. Esta caracter\u00edstica las hace pr\u00e1cticas tanto para el llenado como para la exposici\u00f3n de alimentos.<\/li>\n<\/ul>\n<h2>Nuestras ventajas<\/h2>\n<ol>\n<li data-start=\"172\" data-end=\"277\">Como experiencia <a href=\"https:\/\/www.nanwangpaperbag.com\/es\/category\/retail-paper-bags\/\"><strong>fabricantes de bolsas de papel<\/strong><\/a>Tenemos una gran capacidad para satisfacer sus demandas de grandes cantidades.<\/li>\n<li data-start=\"281\" data-end=\"388\">Alta calidad: m\u00e1s de 40 juegos de m\u00e1quinas de bolsas de la compra, con la mayor\u00eda de equipos importados de JAP\u00d3N y ALEMANIA.<\/li>\n<li data-start=\"392\" data-end=\"464\">Amplia gama de productos para satisfacer todas sus necesidades.<\/li>\n<li data-start=\"468\" data-end=\"523\">Gran equipo de I+D para ofrecerle dise\u00f1os personalizados.<\/li>\n<\/ol>\n<h2>PREGUNTAS FRECUENTES<\/h2>\n<p>P1: \u00bfSus productos son degradables?<br \/>\nR: S\u00ed, el papel puede ser degradable.<\/p>\n<p>P2: \u00bfIncluyen los precios el embalaje?<br \/>\nR: S\u00ed, todos los productos incluyen cajas de cart\u00f3n ondulado de 5 capas.<\/p>\n<p>P3.\u00bfC\u00f3mo se tramitan las quejas?<br \/>\nR:Nos haremos responsables de las reclamaciones derivadas de problemas de calidad de los productos Nanwang. Por lo que firmaremos el est\u00e1ndar de calidad antes de realizar el pedido.<\/p>\n<p>P4: \u00bfCu\u00e1ntos cartones por 40HQ?<br \/>\nR: Productos de diferentes tama\u00f1os tendr\u00edan diferentes QTY de carga, bienvenido a hacernos saber los detalles de su pedido.<\/p>\n<p>P5: \u00bfLas bolsas pueden cargar alimentos congelados?<br \/>\nR: S\u00ed, podemos utilizar papel o revestimiento especial.<\/p>","protected":false},"excerpt":{"rendered":"<p>Papel: Papel kraft reciclable de 80 g \/ 100 g<br \/>\nImpresi\u00f3n: Impresi\u00f3n flexogr\u00e1fica; impresi\u00f3n offset<br \/>\nColor: A todo color CMYK o colores Pantone<br \/>\nUso: Embalaje de calzado y ropa<br \/>\nCaracter\u00edstica: reutilizable y reciclable<br \/>\nMOQ:100,000pcs<\/p>","protected":false},"featured_media":12276,"comment_status":"open","ping_status":"closed","template":"","meta":{"_et_pb_use_builder":"","_et_pb_old_content":"","_et_gb_content_width":""},"product_cat":[266,261],"product_tag":[329,277],"yoast_head":"<!-- This site is optimized with the Yoast SEO plugin v22.7 - https:\/\/yoast.com\/wordpress\/plugins\/seo\/ -->\n<title>White Kraft Paper Bags with Die Cut Handles - Nanwang Paper Packaging<\/title>\n<meta name=\"description\" content=\"White Kraft Paper Bags with Die Cut Handles - Nanwang Paper Packaging , we supply Luxury Paper Bags, Shopping Paper Bag, Paper Carry Bag, Delivery Bag for you with good price.\" \/>\n<meta name=\"robots\" content=\"index, follow, max-snippet:-1, max-image-preview:large, max-video-preview:-1\" \/>\n<link rel=\"canonical\" href=\"https:\/\/www.nanwangpaperbag.com\/es\/producto\/white-kraft-paper-bags-with-die-cut-handles\/\" \/>\n<meta property=\"og:locale\" content=\"es_ES\" \/>\n<meta property=\"og:type\" content=\"article\" \/>\n<meta property=\"og:title\" content=\"White Kraft Paper Bags with Die Cut Handles - Nanwang Paper Packaging\" \/>\n<meta property=\"og:description\" content=\"White Kraft Paper Bags with Die Cut Handles - Nanwang Paper Packaging , we supply Luxury Paper Bags, Shopping Paper Bag, Paper Carry Bag, Delivery Bag for you with good price.\" \/>\n<meta property=\"og:url\" content=\"https:\/\/www.nanwangpaperbag.com\/es\/producto\/white-kraft-paper-bags-with-die-cut-handles\/\" \/>\n<meta property=\"og:site_name\" content=\"Nanwang Paper Packaging\" \/>\n<meta property=\"article:publisher\" content=\"https:\/\/www.facebook.com\/NanwangPaperBag\" \/>\n<meta property=\"article:modified_time\" content=\"2025-05-15T02:48:36+00:00\" \/>\n<meta property=\"og:image\" content=\"https:\/\/www.nanwangpaperbag.com\/wp-content\/uploads\/2025\/04\/White-kraft-Paper-Bags-with-Die-Cut-Handles-1-1.webp\" \/>\n\t<meta property=\"og:image:width\" content=\"800\" \/>\n\t<meta property=\"og:image:height\" content=\"800\" \/>\n\t<meta property=\"og:image:type\" content=\"image\/webp\" \/>\n<meta name=\"twitter:card\" content=\"summary_large_image\" \/>\n<meta name=\"twitter:site\" content=\"@NanwangPack\" \/>\n<meta name=\"twitter:label1\" content=\"Tiempo de lectura\" \/>\n\t<meta name=\"twitter:data1\" content=\"3 minutos\" \/>\n<script type=\"application\/ld+json\" class=\"yoast-schema-graph\">{\"@context\":\"https:\/\/schema.org\",\"@graph\":[{\"@type\":\"WebPage\",\"@id\":\"https:\/\/www.nanwangpaperbag.com\/product\/white-kraft-paper-bags-with-die-cut-handles\/\",\"url\":\"https:\/\/www.nanwangpaperbag.com\/product\/white-kraft-paper-bags-with-die-cut-handles\/\",\"name\":\"White Kraft Paper Bags with Die Cut Handles - Nanwang Paper Packaging\",\"isPartOf\":{\"@id\":\"https:\/\/www.nanwangpaperbag.com\/#website\"},\"primaryImageOfPage\":{\"@id\":\"https:\/\/www.nanwangpaperbag.com\/product\/white-kraft-paper-bags-with-die-cut-handles\/#primaryimage\"},\"image\":{\"@id\":\"https:\/\/www.nanwangpaperbag.com\/product\/white-kraft-paper-bags-with-die-cut-handles\/#primaryimage\"},\"thumbnailUrl\":\"https:\/\/www.nanwangpaperbag.com\/wp-content\/uploads\/2025\/04\/White-kraft-Paper-Bags-with-Die-Cut-Handles-1-1.webp\",\"datePublished\":\"2025-04-16T07:21:22+00:00\",\"dateModified\":\"2025-05-15T02:48:36+00:00\",\"description\":\"White Kraft Paper Bags with Die Cut Handles - Nanwang Paper Packaging , we supply Luxury Paper Bags, Shopping Paper Bag, Paper Carry Bag, Delivery Bag for you with good price.\",\"breadcrumb\":{\"@id\":\"https:\/\/www.nanwangpaperbag.com\/product\/white-kraft-paper-bags-with-die-cut-handles\/#breadcrumb\"},\"inLanguage\":\"es\",\"potentialAction\":[{\"@type\":\"ReadAction\",\"target\":[\"https:\/\/www.nanwangpaperbag.com\/product\/white-kraft-paper-bags-with-die-cut-handles\/\"]}]},{\"@type\":\"ImageObject\",\"inLanguage\":\"es\",\"@id\":\"https:\/\/www.nanwangpaperbag.com\/product\/white-kraft-paper-bags-with-die-cut-handles\/#primaryimage\",\"url\":\"https:\/\/www.nanwangpaperbag.com\/wp-content\/uploads\/2025\/04\/White-kraft-Paper-Bags-with-Die-Cut-Handles-1-1.webp\",\"contentUrl\":\"https:\/\/www.nanwangpaperbag.com\/wp-content\/uploads\/2025\/04\/White-kraft-Paper-Bags-with-Die-Cut-Handles-1-1.webp\",\"width\":800,\"height\":800,\"caption\":\"kraft paper bags\"},{\"@type\":\"BreadcrumbList\",\"@id\":\"https:\/\/www.nanwangpaperbag.com\/product\/white-kraft-paper-bags-with-die-cut-handles\/#breadcrumb\",\"itemListElement\":[{\"@type\":\"ListItem\",\"position\":1,\"name\":\"Home\",\"item\":\"https:\/\/www.nanwangpaperbag.com\/\"},{\"@type\":\"ListItem\",\"position\":2,\"name\":\"Productos\",\"item\":\"https:\/\/www.nanwangpaperbag.com\/es\/shop\/\"},{\"@type\":\"ListItem\",\"position\":3,\"name\":\"White Kraft Paper Bags with Die Cut Handles\"}]},{\"@type\":\"WebSite\",\"@id\":\"https:\/\/www.nanwangpaperbag.com\/#website\",\"url\":\"https:\/\/www.nanwangpaperbag.com\/\",\"name\":\"Nanwang Paper Packaging\",\"description\":\"\",\"publisher\":{\"@id\":\"https:\/\/www.nanwangpaperbag.com\/#organization\"},\"potentialAction\":[{\"@type\":\"SearchAction\",\"target\":{\"@type\":\"EntryPoint\",\"urlTemplate\":\"https:\/\/www.nanwangpaperbag.com\/?s={search_term_string}\"},\"query-input\":\"required name=search_term_string\"}],\"inLanguage\":\"es\"},{\"@type\":\"Organization\",\"@id\":\"https:\/\/www.nanwangpaperbag.com\/#organization\",\"name\":\"Nanwang Pack\",\"url\":\"https:\/\/www.nanwangpaperbag.com\/\",\"logo\":{\"@type\":\"ImageObject\",\"inLanguage\":\"es\",\"@id\":\"https:\/\/www.nanwangpaperbag.com\/#\/schema\/logo\/image\/\",\"url\":\"https:\/\/www.nanwangpaperbag.com\/wp-content\/uploads\/2025\/03\/logo2.webp\",\"contentUrl\":\"https:\/\/www.nanwangpaperbag.com\/wp-content\/uploads\/2025\/03\/logo2.webp\",\"width\":433,\"height\":407,\"caption\":\"Nanwang Pack\"},\"image\":{\"@id\":\"https:\/\/www.nanwangpaperbag.com\/#\/schema\/logo\/image\/\"},\"sameAs\":[\"https:\/\/www.facebook.com\/NanwangPaperBag\",\"https:\/\/x.com\/NanwangPack\",\"https:\/\/www.linkedin.com\/company\/nanwang-paper-bag\/\",\"https:\/\/www.youtube.com\/@NanwangPaperBag\",\"https:\/\/www.tiktok.com\/@nanwangpaperbag\"]}]}<\/script>\n<!-- \/ Yoast SEO plugin. -->","yoast_head_json":{"title":"White Kraft Paper Bags with Die Cut Handles - Nanwang Paper Packaging","description":"White Kraft Paper Bags with Die Cut Handles - Nanwang Paper Packaging , we supply Luxury Paper Bags, Shopping Paper Bag, Paper Carry Bag, Delivery Bag for you with good price.","robots":{"index":"index","follow":"follow","max-snippet":"max-snippet:-1","max-image-preview":"max-image-preview:large","max-video-preview":"max-video-preview:-1"},"canonical":"https:\/\/www.nanwangpaperbag.com\/es\/producto\/white-kraft-paper-bags-with-die-cut-handles\/","og_locale":"es_ES","og_type":"article","og_title":"White Kraft Paper Bags with Die Cut Handles - Nanwang Paper Packaging","og_description":"White Kraft Paper Bags with Die Cut Handles - Nanwang Paper Packaging , we supply Luxury Paper Bags, Shopping Paper Bag, Paper Carry Bag, Delivery Bag for you with good price.","og_url":"https:\/\/www.nanwangpaperbag.com\/es\/producto\/white-kraft-paper-bags-with-die-cut-handles\/","og_site_name":"Nanwang Paper Packaging","article_publisher":"https:\/\/www.facebook.com\/NanwangPaperBag","article_modified_time":"2025-05-15T02:48:36+00:00","og_image":[{"width":800,"height":800,"url":"https:\/\/www.nanwangpaperbag.com\/wp-content\/uploads\/2025\/04\/White-kraft-Paper-Bags-with-Die-Cut-Handles-1-1.webp","type":"image\/webp"}],"twitter_card":"summary_large_image","twitter_site":"@NanwangPack","twitter_misc":{"Tiempo de lectura":"3 minutos"},"schema":{"@context":"https:\/\/schema.org","@graph":[{"@type":"WebPage","@id":"https:\/\/www.nanwangpaperbag.com\/product\/white-kraft-paper-bags-with-die-cut-handles\/","url":"https:\/\/www.nanwangpaperbag.com\/product\/white-kraft-paper-bags-with-die-cut-handles\/","name":"White Kraft Paper Bags with Die Cut Handles - Nanwang Paper Packaging","isPartOf":{"@id":"https:\/\/www.nanwangpaperbag.com\/#website"},"primaryImageOfPage":{"@id":"https:\/\/www.nanwangpaperbag.com\/product\/white-kraft-paper-bags-with-die-cut-handles\/#primaryimage"},"image":{"@id":"https:\/\/www.nanwangpaperbag.com\/product\/white-kraft-paper-bags-with-die-cut-handles\/#primaryimage"},"thumbnailUrl":"https:\/\/www.nanwangpaperbag.com\/wp-content\/uploads\/2025\/04\/White-kraft-Paper-Bags-with-Die-Cut-Handles-1-1.webp","datePublished":"2025-04-16T07:21:22+00:00","dateModified":"2025-05-15T02:48:36+00:00","description":"White Kraft Paper Bags with Die Cut Handles - Nanwang Paper Packaging , we supply Luxury Paper Bags, Shopping Paper Bag, Paper Carry Bag, Delivery Bag for you with good price.","breadcrumb":{"@id":"https:\/\/www.nanwangpaperbag.com\/product\/white-kraft-paper-bags-with-die-cut-handles\/#breadcrumb"},"inLanguage":"es","potentialAction":[{"@type":"ReadAction","target":["https:\/\/www.nanwangpaperbag.com\/product\/white-kraft-paper-bags-with-die-cut-handles\/"]}]},{"@type":"ImageObject","inLanguage":"es","@id":"https:\/\/www.nanwangpaperbag.com\/product\/white-kraft-paper-bags-with-die-cut-handles\/#primaryimage","url":"https:\/\/www.nanwangpaperbag.com\/wp-content\/uploads\/2025\/04\/White-kraft-Paper-Bags-with-Die-Cut-Handles-1-1.webp","contentUrl":"https:\/\/www.nanwangpaperbag.com\/wp-content\/uploads\/2025\/04\/White-kraft-Paper-Bags-with-Die-Cut-Handles-1-1.webp","width":800,"height":800,"caption":"kraft paper bags"},{"@type":"BreadcrumbList","@id":"https:\/\/www.nanwangpaperbag.com\/product\/white-kraft-paper-bags-with-die-cut-handles\/#breadcrumb","itemListElement":[{"@type":"ListItem","position":1,"name":"Home","item":"https:\/\/www.nanwangpaperbag.com\/"},{"@type":"ListItem","position":2,"name":"Productos","item":"https:\/\/www.nanwangpaperbag.com\/es\/shop\/"},{"@type":"ListItem","position":3,"name":"White Kraft Paper Bags with Die Cut Handles"}]},{"@type":"WebSite","@id":"https:\/\/www.nanwangpaperbag.com\/#website","url":"https:\/\/www.nanwangpaperbag.com\/","name":"Nanwang Paper Packaging","description":"","publisher":{"@id":"https:\/\/www.nanwangpaperbag.com\/#organization"},"potentialAction":[{"@type":"SearchAction","target":{"@type":"EntryPoint","urlTemplate":"https:\/\/www.nanwangpaperbag.com\/?s={search_term_string}"},"query-input":"required name=search_term_string"}],"inLanguage":"es"},{"@type":"Organization","@id":"https:\/\/www.nanwangpaperbag.com\/#organization","name":"Nanwang Pack","url":"https:\/\/www.nanwangpaperbag.com\/","logo":{"@type":"ImageObject","inLanguage":"es","@id":"https:\/\/www.nanwangpaperbag.com\/#\/schema\/logo\/image\/","url":"https:\/\/www.nanwangpaperbag.com\/wp-content\/uploads\/2025\/03\/logo2.webp","contentUrl":"https:\/\/www.nanwangpaperbag.com\/wp-content\/uploads\/2025\/03\/logo2.webp","width":433,"height":407,"caption":"Nanwang Pack"},"image":{"@id":"https:\/\/www.nanwangpaperbag.com\/#\/schema\/logo\/image\/"},"sameAs":["https:\/\/www.facebook.com\/NanwangPaperBag","https:\/\/x.com\/NanwangPack","https:\/\/www.linkedin.com\/company\/nanwang-paper-bag\/","https:\/\/www.youtube.com\/@NanwangPaperBag","https:\/\/www.tiktok.com\/@nanwangpaperbag"]}]}},"_links":{"self":[{"href":"https:\/\/www.nanwangpaperbag.com\/es\/wp-json\/wp\/v2\/product\/12271"}],"collection":[{"href":"https:\/\/www.nanwangpaperbag.com\/es\/wp-json\/wp\/v2\/product"}],"about":[{"href":"https:\/\/www.nanwangpaperbag.com\/es\/wp-json\/wp\/v2\/types\/product"}],"replies":[{"embeddable":true,"href":"https:\/\/www.nanwangpaperbag.com\/es\/wp-json\/wp\/v2\/comments?post=12271"}],"wp:featuredmedia":[{"embeddable":true,"href":"https:\/\/www.nanwangpaperbag.com\/es\/wp-json\/wp\/v2\/media\/12276"}],"wp:attachment":[{"href":"https:\/\/www.nanwangpaperbag.com\/es\/wp-json\/wp\/v2\/media?parent=12271"}],"wp:term":[{"taxonomy":"product_cat","embeddable":true,"href":"https:\/\/www.nanwangpaperbag.com\/es\/wp-json\/wp\/v2\/product_cat?post=12271"},{"taxonomy":"product_tag","embeddable":true,"href":"https:\/\/www.nanwangpaperbag.com\/es\/wp-json\/wp\/v2\/product_tag?post=12271"}],"curies":[{"name":"wp","href":"https:\/\/api.w.org\/{rel}","templated":true}]}}