{"id":12359,"date":"2025-04-16T09:48:03","date_gmt":"2025-04-16T09:48:03","guid":{"rendered":"https:\/\/www.nanwangpaperbag.com\/?post_type=product&#038;p=12359"},"modified":"2025-05-14T06:48:48","modified_gmt":"2025-05-14T06:48:48","slug":"eco-friendly-paper-straw","status":"publish","type":"product","link":"https:\/\/www.nanwangpaperbag.com\/es\/producto\/pajita-de-papel-ecologica\/","title":{"rendered":"Pajita de papel ecol\u00f3gica"},"content":{"rendered":"<p><a href=\"https:\/\/www.nanwangpaperbag.com\/es\/producto\/pajita-de-papel-ecologica\/\"><strong>Pajita de papel ecol\u00f3gica<\/strong><\/a> est\u00e1 fabricado con papel kraft, que es ecol\u00f3gico, desechable, reciclable y biodegradable. Es mejor para el medio ambiente que el pl\u00e1stico. Puede resistir altas temperaturas y mantenerse mucho tiempo en la bebida. Por lo tanto, es adecuada para bebidas calientes. La pajita de papel se utiliza mucho en bares, restaurantes, fiestas, bodas, aniversarios, barbacoas y picnics.<\/p>\n<p><img loading=\"lazy\" decoding=\"async\" class=\"wp-image-12369 aligncenter\" data-src=\"https:\/\/www.nanwangpaperbag.com\/wp-content\/uploads\/2025\/04\/Paper-Straw_1.webp\" alt=\"Pajita de papel ecol\u00f3gica\" width=\"437\" height=\"314\" \/><\/p>\n<h2>MATERIAL EST\u00c1NDAR RECOMENDADO<\/h2>\n<ul>\n<li>El di\u00e1metro oscila entre 6 mm y 12 mm.<\/li>\n<li>La longitud oscila entre 120 mm y 240 mm.<\/li>\n<\/ul>\n<h2>Caracter\u00edsticas<\/h2>\n<p>\u25cfDispoable<br \/>\n\u25cfPlantilla \/ Impresi\u00f3n personalizada<br \/>\n\u25cfHot friendly<\/p>\n<h2>\u00bfPor qu\u00e9 elegirnos?<\/h2>\n<p>Como empresa de alta tecnolog\u00eda, NanWang cuenta con muchos expertos en impresi\u00f3n y fabricaci\u00f3n de bolsas y ha establecido un equipo profesional de I+D para centrarse en el desarrollo de nuevos productos y la innovaci\u00f3n en el sector de la impresi\u00f3n. <a href=\"https:\/\/www.nanwangpaperbag.com\/es\/category\/food-service-disposables\/\"><strong>productos desechables para servicios alimentarios<\/strong><\/a> y envasado a granel. Las materias primas, los productos semiacabados y los productos acabados -incluidos los desechables para servicios alimentarios- cuentan con un laboratorio profesional y modernos equipos de inspecci\u00f3n para garantizar el cumplimiento de las normas de alta calidad.<\/p>\n<h2>PREGUNTAS FRECUENTES<\/h2>\n<p>Q1. \u00bfC\u00f3mo podemos evitar los retrasos?<br \/>\nR: Esperamos que pueda darnos la previsi\u00f3n y preparar los materiales en primer lugar para garantizar la entrega.<\/p>\n<p>P2: \u00bfEn qu\u00e9 es bueno NANWANG?<br \/>\nR: Envases de papel, especialmente bolsas de la compra.<\/p>\n<p>P3: \u00bfCu\u00e1les son sus principales productos?<br \/>\nR: Bolsas de papel para la compra, bolsas de papel para envasar alimentos, cajas para envasar alimentos y vasos de papel.<\/p>\n<p>Q4. \u00bfCu\u00e1l es el mejor precio que ofrecen?<br \/>\nR: El precio depende del material, la cantidad, el dise\u00f1o y el logotipo. Usted puede decirnos m\u00e1s detalles que podemos citar con el price.but nos aseguramos de que podemos darle un mejor precio y la calidad.<\/p>\n<p>P5: \u00bfPuede ayudarnos a dise\u00f1ar?<br \/>\nR:S\u00ed, s\u00f3lo tiene que decirnos su idea, le aconsejaremos algunos art\u00edculos de referencia y le ayudaremos a dise\u00f1ar la bolsa especialmente para usted.<\/p>","protected":false},"excerpt":{"rendered":"<p>Art\u00edculo: Pajita de papel<br \/>\nTama\u00f1o: DIA6-12*12-24cm<br \/>\nColor: marr\u00f3n natural, blanco<br \/>\nLogotipo: liso y personalizado<\/p>","protected":false},"featured_media":12370,"comment_status":"open","ping_status":"closed","template":"","meta":{"_et_pb_use_builder":"","_et_pb_old_content":"","_et_gb_content_width":""},"product_cat":[284,286],"product_tag":[340,315],"yoast_head":"<!-- This site is optimized with the Yoast SEO plugin v22.7 - https:\/\/yoast.com\/wordpress\/plugins\/seo\/ -->\n<title>Eco Friendly Paper Straw - Nanwang Paper Packaging<\/title>\n<meta name=\"description\" content=\"Eco Friendly Paper Straw - Nanwang Paper Packaging , we supply Luxury Paper Bags, Shopping Paper Bag, Paper Carry Bag, Delivery Bag for you with good price.\" \/>\n<meta name=\"robots\" content=\"index, follow, max-snippet:-1, max-image-preview:large, max-video-preview:-1\" \/>\n<link rel=\"canonical\" href=\"https:\/\/www.nanwangpaperbag.com\/es\/producto\/pajita-de-papel-ecologica\/\" \/>\n<meta property=\"og:locale\" content=\"es_ES\" \/>\n<meta property=\"og:type\" content=\"article\" \/>\n<meta property=\"og:title\" content=\"Eco Friendly Paper Straw - Nanwang Paper Packaging\" \/>\n<meta property=\"og:description\" content=\"Eco Friendly Paper Straw - Nanwang Paper Packaging , we supply Luxury Paper Bags, Shopping Paper Bag, Paper Carry Bag, Delivery Bag for you with good price.\" \/>\n<meta property=\"og:url\" content=\"https:\/\/www.nanwangpaperbag.com\/es\/producto\/pajita-de-papel-ecologica\/\" \/>\n<meta property=\"og:site_name\" content=\"Nanwang Paper Packaging\" \/>\n<meta property=\"article:publisher\" content=\"https:\/\/www.facebook.com\/NanwangPaperBag\" \/>\n<meta property=\"article:modified_time\" content=\"2025-05-14T06:48:48+00:00\" \/>\n<meta property=\"og:image\" content=\"https:\/\/www.nanwangpaperbag.com\/wp-content\/uploads\/2025\/04\/Eco-Friendly-Paper-Straw_1.webp\" \/>\n\t<meta property=\"og:image:width\" content=\"800\" \/>\n\t<meta property=\"og:image:height\" content=\"800\" \/>\n\t<meta property=\"og:image:type\" content=\"image\/webp\" \/>\n<meta name=\"twitter:card\" content=\"summary_large_image\" \/>\n<meta name=\"twitter:site\" content=\"@NanwangPack\" \/>\n<meta name=\"twitter:label1\" content=\"Tiempo de lectura\" \/>\n\t<meta name=\"twitter:data1\" content=\"2 minutos\" \/>\n<script type=\"application\/ld+json\" class=\"yoast-schema-graph\">{\"@context\":\"https:\/\/schema.org\",\"@graph\":[{\"@type\":\"WebPage\",\"@id\":\"https:\/\/www.nanwangpaperbag.com\/product\/eco-friendly-paper-straw\/\",\"url\":\"https:\/\/www.nanwangpaperbag.com\/product\/eco-friendly-paper-straw\/\",\"name\":\"Eco Friendly Paper Straw - Nanwang Paper Packaging\",\"isPartOf\":{\"@id\":\"https:\/\/www.nanwangpaperbag.com\/#website\"},\"primaryImageOfPage\":{\"@id\":\"https:\/\/www.nanwangpaperbag.com\/product\/eco-friendly-paper-straw\/#primaryimage\"},\"image\":{\"@id\":\"https:\/\/www.nanwangpaperbag.com\/product\/eco-friendly-paper-straw\/#primaryimage\"},\"thumbnailUrl\":\"https:\/\/www.nanwangpaperbag.com\/wp-content\/uploads\/2025\/04\/Eco-Friendly-Paper-Straw_1.webp\",\"datePublished\":\"2025-04-16T09:48:03+00:00\",\"dateModified\":\"2025-05-14T06:48:48+00:00\",\"description\":\"Eco Friendly Paper Straw - Nanwang Paper Packaging , we supply Luxury Paper Bags, Shopping Paper Bag, Paper Carry Bag, Delivery Bag for you with good price.\",\"breadcrumb\":{\"@id\":\"https:\/\/www.nanwangpaperbag.com\/product\/eco-friendly-paper-straw\/#breadcrumb\"},\"inLanguage\":\"es\",\"potentialAction\":[{\"@type\":\"ReadAction\",\"target\":[\"https:\/\/www.nanwangpaperbag.com\/product\/eco-friendly-paper-straw\/\"]}]},{\"@type\":\"ImageObject\",\"inLanguage\":\"es\",\"@id\":\"https:\/\/www.nanwangpaperbag.com\/product\/eco-friendly-paper-straw\/#primaryimage\",\"url\":\"https:\/\/www.nanwangpaperbag.com\/wp-content\/uploads\/2025\/04\/Eco-Friendly-Paper-Straw_1.webp\",\"contentUrl\":\"https:\/\/www.nanwangpaperbag.com\/wp-content\/uploads\/2025\/04\/Eco-Friendly-Paper-Straw_1.webp\",\"width\":800,\"height\":800,\"caption\":\"Eco Friendly Paper Straw\"},{\"@type\":\"BreadcrumbList\",\"@id\":\"https:\/\/www.nanwangpaperbag.com\/product\/eco-friendly-paper-straw\/#breadcrumb\",\"itemListElement\":[{\"@type\":\"ListItem\",\"position\":1,\"name\":\"Home\",\"item\":\"https:\/\/www.nanwangpaperbag.com\/\"},{\"@type\":\"ListItem\",\"position\":2,\"name\":\"Productos\",\"item\":\"https:\/\/www.nanwangpaperbag.com\/es\/shop\/\"},{\"@type\":\"ListItem\",\"position\":3,\"name\":\"Eco Friendly Paper Straw\"}]},{\"@type\":\"WebSite\",\"@id\":\"https:\/\/www.nanwangpaperbag.com\/#website\",\"url\":\"https:\/\/www.nanwangpaperbag.com\/\",\"name\":\"Nanwang Paper Packaging\",\"description\":\"\",\"publisher\":{\"@id\":\"https:\/\/www.nanwangpaperbag.com\/#organization\"},\"potentialAction\":[{\"@type\":\"SearchAction\",\"target\":{\"@type\":\"EntryPoint\",\"urlTemplate\":\"https:\/\/www.nanwangpaperbag.com\/?s={search_term_string}\"},\"query-input\":\"required name=search_term_string\"}],\"inLanguage\":\"es\"},{\"@type\":\"Organization\",\"@id\":\"https:\/\/www.nanwangpaperbag.com\/#organization\",\"name\":\"Nanwang Pack\",\"url\":\"https:\/\/www.nanwangpaperbag.com\/\",\"logo\":{\"@type\":\"ImageObject\",\"inLanguage\":\"es\",\"@id\":\"https:\/\/www.nanwangpaperbag.com\/#\/schema\/logo\/image\/\",\"url\":\"https:\/\/www.nanwangpaperbag.com\/wp-content\/uploads\/2025\/03\/logo2.webp\",\"contentUrl\":\"https:\/\/www.nanwangpaperbag.com\/wp-content\/uploads\/2025\/03\/logo2.webp\",\"width\":433,\"height\":407,\"caption\":\"Nanwang Pack\"},\"image\":{\"@id\":\"https:\/\/www.nanwangpaperbag.com\/#\/schema\/logo\/image\/\"},\"sameAs\":[\"https:\/\/www.facebook.com\/NanwangPaperBag\",\"https:\/\/x.com\/NanwangPack\",\"https:\/\/www.linkedin.com\/company\/nanwang-paper-bag\/\",\"https:\/\/www.youtube.com\/@NanwangPaperBag\",\"https:\/\/www.tiktok.com\/@nanwangpaperbag\"]}]}<\/script>\n<!-- \/ Yoast SEO plugin. -->","yoast_head_json":{"title":"Eco Friendly Paper Straw - Nanwang Paper Packaging","description":"Eco Friendly Paper Straw - Nanwang Paper Packaging , we supply Luxury Paper Bags, Shopping Paper Bag, Paper Carry Bag, Delivery Bag for you with good price.","robots":{"index":"index","follow":"follow","max-snippet":"max-snippet:-1","max-image-preview":"max-image-preview:large","max-video-preview":"max-video-preview:-1"},"canonical":"https:\/\/www.nanwangpaperbag.com\/es\/producto\/pajita-de-papel-ecologica\/","og_locale":"es_ES","og_type":"article","og_title":"Eco Friendly Paper Straw - Nanwang Paper Packaging","og_description":"Eco Friendly Paper Straw - Nanwang Paper Packaging , we supply Luxury Paper Bags, Shopping Paper Bag, Paper Carry Bag, Delivery Bag for you with good price.","og_url":"https:\/\/www.nanwangpaperbag.com\/es\/producto\/pajita-de-papel-ecologica\/","og_site_name":"Nanwang Paper Packaging","article_publisher":"https:\/\/www.facebook.com\/NanwangPaperBag","article_modified_time":"2025-05-14T06:48:48+00:00","og_image":[{"width":800,"height":800,"url":"https:\/\/www.nanwangpaperbag.com\/wp-content\/uploads\/2025\/04\/Eco-Friendly-Paper-Straw_1.webp","type":"image\/webp"}],"twitter_card":"summary_large_image","twitter_site":"@NanwangPack","twitter_misc":{"Tiempo de lectura":"2 minutos"},"schema":{"@context":"https:\/\/schema.org","@graph":[{"@type":"WebPage","@id":"https:\/\/www.nanwangpaperbag.com\/product\/eco-friendly-paper-straw\/","url":"https:\/\/www.nanwangpaperbag.com\/product\/eco-friendly-paper-straw\/","name":"Eco Friendly Paper Straw - Nanwang Paper Packaging","isPartOf":{"@id":"https:\/\/www.nanwangpaperbag.com\/#website"},"primaryImageOfPage":{"@id":"https:\/\/www.nanwangpaperbag.com\/product\/eco-friendly-paper-straw\/#primaryimage"},"image":{"@id":"https:\/\/www.nanwangpaperbag.com\/product\/eco-friendly-paper-straw\/#primaryimage"},"thumbnailUrl":"https:\/\/www.nanwangpaperbag.com\/wp-content\/uploads\/2025\/04\/Eco-Friendly-Paper-Straw_1.webp","datePublished":"2025-04-16T09:48:03+00:00","dateModified":"2025-05-14T06:48:48+00:00","description":"Eco Friendly Paper Straw - Nanwang Paper Packaging , we supply Luxury Paper Bags, Shopping Paper Bag, Paper Carry Bag, Delivery Bag for you with good price.","breadcrumb":{"@id":"https:\/\/www.nanwangpaperbag.com\/product\/eco-friendly-paper-straw\/#breadcrumb"},"inLanguage":"es","potentialAction":[{"@type":"ReadAction","target":["https:\/\/www.nanwangpaperbag.com\/product\/eco-friendly-paper-straw\/"]}]},{"@type":"ImageObject","inLanguage":"es","@id":"https:\/\/www.nanwangpaperbag.com\/product\/eco-friendly-paper-straw\/#primaryimage","url":"https:\/\/www.nanwangpaperbag.com\/wp-content\/uploads\/2025\/04\/Eco-Friendly-Paper-Straw_1.webp","contentUrl":"https:\/\/www.nanwangpaperbag.com\/wp-content\/uploads\/2025\/04\/Eco-Friendly-Paper-Straw_1.webp","width":800,"height":800,"caption":"Eco Friendly Paper Straw"},{"@type":"BreadcrumbList","@id":"https:\/\/www.nanwangpaperbag.com\/product\/eco-friendly-paper-straw\/#breadcrumb","itemListElement":[{"@type":"ListItem","position":1,"name":"Home","item":"https:\/\/www.nanwangpaperbag.com\/"},{"@type":"ListItem","position":2,"name":"Productos","item":"https:\/\/www.nanwangpaperbag.com\/es\/shop\/"},{"@type":"ListItem","position":3,"name":"Eco Friendly Paper Straw"}]},{"@type":"WebSite","@id":"https:\/\/www.nanwangpaperbag.com\/#website","url":"https:\/\/www.nanwangpaperbag.com\/","name":"Nanwang Paper Packaging","description":"","publisher":{"@id":"https:\/\/www.nanwangpaperbag.com\/#organization"},"potentialAction":[{"@type":"SearchAction","target":{"@type":"EntryPoint","urlTemplate":"https:\/\/www.nanwangpaperbag.com\/?s={search_term_string}"},"query-input":"required name=search_term_string"}],"inLanguage":"es"},{"@type":"Organization","@id":"https:\/\/www.nanwangpaperbag.com\/#organization","name":"Nanwang Pack","url":"https:\/\/www.nanwangpaperbag.com\/","logo":{"@type":"ImageObject","inLanguage":"es","@id":"https:\/\/www.nanwangpaperbag.com\/#\/schema\/logo\/image\/","url":"https:\/\/www.nanwangpaperbag.com\/wp-content\/uploads\/2025\/03\/logo2.webp","contentUrl":"https:\/\/www.nanwangpaperbag.com\/wp-content\/uploads\/2025\/03\/logo2.webp","width":433,"height":407,"caption":"Nanwang Pack"},"image":{"@id":"https:\/\/www.nanwangpaperbag.com\/#\/schema\/logo\/image\/"},"sameAs":["https:\/\/www.facebook.com\/NanwangPaperBag","https:\/\/x.com\/NanwangPack","https:\/\/www.linkedin.com\/company\/nanwang-paper-bag\/","https:\/\/www.youtube.com\/@NanwangPaperBag","https:\/\/www.tiktok.com\/@nanwangpaperbag"]}]}},"_links":{"self":[{"href":"https:\/\/www.nanwangpaperbag.com\/es\/wp-json\/wp\/v2\/product\/12359"}],"collection":[{"href":"https:\/\/www.nanwangpaperbag.com\/es\/wp-json\/wp\/v2\/product"}],"about":[{"href":"https:\/\/www.nanwangpaperbag.com\/es\/wp-json\/wp\/v2\/types\/product"}],"replies":[{"embeddable":true,"href":"https:\/\/www.nanwangpaperbag.com\/es\/wp-json\/wp\/v2\/comments?post=12359"}],"wp:featuredmedia":[{"embeddable":true,"href":"https:\/\/www.nanwangpaperbag.com\/es\/wp-json\/wp\/v2\/media\/12370"}],"wp:attachment":[{"href":"https:\/\/www.nanwangpaperbag.com\/es\/wp-json\/wp\/v2\/media?parent=12359"}],"wp:term":[{"taxonomy":"product_cat","embeddable":true,"href":"https:\/\/www.nanwangpaperbag.com\/es\/wp-json\/wp\/v2\/product_cat?post=12359"},{"taxonomy":"product_tag","embeddable":true,"href":"https:\/\/www.nanwangpaperbag.com\/es\/wp-json\/wp\/v2\/product_tag?post=12359"}],"curies":[{"name":"wp","href":"https:\/\/api.w.org\/{rel}","templated":true}]}}