{"id":12393,"date":"2025-04-17T01:57:11","date_gmt":"2025-04-17T01:57:11","guid":{"rendered":"https:\/\/www.nanwangpaperbag.com\/?post_type=product&#038;p=12393"},"modified":"2025-05-14T06:57:42","modified_gmt":"2025-05-14T06:57:42","slug":"sandwich-wrapping-paper","status":"publish","type":"product","link":"https:\/\/www.nanwangpaperbag.com\/es\/producto\/sandwich-wrapping-paper\/","title":{"rendered":"Papel para envolver bocadillos"},"content":{"rendered":"<p>En <a href=\"https:\/\/www.nanwangpaperbag.com\/es\/producto\/sandwich-wrapping-paper\/\"><strong>Papel para envolver bocadillos<\/strong><\/a> es papel encerado para el envasado de alimentos, comida para llevar, como hamburguesas, patatas fritas, pan de pollo, etc. Con las instalaciones del equipo bien autom\u00e1ticamente y la fuerza t\u00e9cnica fuerte, nuestros productos son ampliamente utilizados en f\u00e1brica del alimento y de la panader\u00eda, hogar, hotel, restaurante y mercado estupendo.<br \/>\nNuestros productos son de buena calidad, sanos y seguros en su uso, de acuerdo con el certificado de seguridad alimentaria de la organizaci\u00f3n internacional de la salud probado por SGS. Nuestro <a href=\"https:\/\/www.nanwangpaperbag.com\/es\/category\/food-service-disposables\/\"><strong>productos alimentarios desechables<\/strong><\/a> son de buena calidad, sanos y seguros en su uso, de acuerdo con el certificado de seguridad alimentaria de la organizaci\u00f3n internacional de la salud probado por SGS. M\u00e1s de 10 a\u00f1os de experiencia en el envasado de alimentos, estamos familiarizados con el mercado mundial y nacional, y tambi\u00e9n proveedores en China.<\/p>\n<p><img loading=\"lazy\" decoding=\"async\" class=\"size-full wp-image-12401 aligncenter\" data-src=\"https:\/\/www.nanwangpaperbag.com\/wp-content\/uploads\/2025\/04\/Sandwich-Wrapping-Paper_1.webp\" alt=\"Papel para envolver bocadillos\" width=\"450\" height=\"356\" srcset=\"https:\/\/www.nanwangpaperbag.com\/wp-content\/uploads\/2025\/04\/Sandwich-Wrapping-Paper_1.webp 450w, https:\/\/www.nanwangpaperbag.com\/wp-content\/uploads\/2025\/04\/Sandwich-Wrapping-Paper_1-300x237.webp 300w, https:\/\/www.nanwangpaperbag.com\/wp-content\/uploads\/2025\/04\/Sandwich-Wrapping-Paper_1-15x12.webp 15w\" sizes=\"(max-width: 450px) 100vw, 450px\" \/><\/p>\n<h2>Caracter\u00edsticas<\/h2>\n<p>\u25cf Calidad alimentaria<br \/>\n\u25cf 100% reciclable<br \/>\n\u25cf Conveniente<br \/>\n\u25cf A prueba de grasa<\/p>\n<h2>Para saber m\u00e1s<\/h2>\n<ul>\n<li>cafeter\u00eda<\/li>\n<li>procesamiento de piezas de precisi\u00f3n<\/li>\n<li>aspecto de nuestra f\u00e1brica<\/li>\n<li>procesamiento de piezas de precisi\u00f3n<\/li>\n<\/ul>\n<p><img loading=\"lazy\" decoding=\"async\" class=\"wp-image-12400 aligncenter\" data-src=\"https:\/\/www.nanwangpaperbag.com\/wp-content\/uploads\/2025\/04\/Sandwich-Wrappe-Paper_2.webp\" alt=\"Papel para envolver bocadillos\" width=\"787\" height=\"488\" \/><\/p>\n<h2>PREGUNTAS FRECUENTES<\/h2>\n<p>P1: \u00bfCu\u00e1l es el mayor mercado al que exporta?<br \/>\nR: En Norteam\u00e9rica, unos 100 contenedores al mes.<\/p>\n<p>Q2. \u00bfQu\u00e9 formas de pago aceptan?<br \/>\nR: Normalmente aceptamos T\/T.A veces L\/C.<\/p>\n<p>Q3. \u00bfC\u00f3mo s\u00e9 si es seguro tratar con ustedes?<br \/>\nR: Nanwang es una empresa de confianza, por lo que puede crecer tan r\u00e1pido que no necesitas preocuparte por tu seguridad.<\/p>\n<p>P4.\u00bfExiste alg\u00fan descuento por la compra de grandes cantidades?<br \/>\nA: Nuestros precios dependen del QTY, el QTY m\u00e1s grande de la orden, los precios m\u00e1s bajos.<\/p>\n<p>P5.\u00bfRealizan env\u00edos internacionales?<br \/>\nR: \u00a1S\u00ed, lo hacemos! Exportamos m\u00e1s de 2000 contenedores 40HQ al a\u00f1o.<\/p>","protected":false},"excerpt":{"rendered":"<p>Art\u00edculo:Papel para envolver bocadillos<br \/>\nTalla: Personalizado<br \/>\nLogotipo:Logotipo personalizado<br \/>\nTipo de papel: Papel 23gsm+Cera 8gsm<br \/>\nColor:color pantone,1-5 colores<br \/>\nMOQ:1000000pcs, QTY inferior, pls en contacto con nosotros por sales@nwpak.com<\/p>","protected":false},"featured_media":12402,"comment_status":"open","ping_status":"closed","template":"","meta":{"_et_pb_use_builder":"","_et_pb_old_content":"","_et_gb_content_width":""},"product_cat":[284,288],"product_tag":[311,343],"yoast_head":"<!-- This site is optimized with the Yoast SEO plugin v22.7 - https:\/\/yoast.com\/wordpress\/plugins\/seo\/ -->\n<title>Sandwich Wrapping Paper - Nanwang Paper Packaging<\/title>\n<meta name=\"description\" content=\"Sandwich Wrapping Paper - Nanwang Paper Packaging , we supply Luxury Paper Bags, Shopping Paper Bag, Paper Carry Bag, Delivery Bag for you with good price.\" \/>\n<meta name=\"robots\" content=\"index, follow, max-snippet:-1, max-image-preview:large, max-video-preview:-1\" \/>\n<link rel=\"canonical\" href=\"https:\/\/www.nanwangpaperbag.com\/es\/producto\/sandwich-wrapping-paper\/\" \/>\n<meta property=\"og:locale\" content=\"es_ES\" \/>\n<meta property=\"og:type\" content=\"article\" \/>\n<meta property=\"og:title\" content=\"Sandwich Wrapping Paper - Nanwang Paper Packaging\" \/>\n<meta property=\"og:description\" content=\"Sandwich Wrapping Paper - Nanwang Paper Packaging , we supply Luxury Paper Bags, Shopping Paper Bag, Paper Carry Bag, Delivery Bag for you with good price.\" \/>\n<meta property=\"og:url\" content=\"https:\/\/www.nanwangpaperbag.com\/es\/producto\/sandwich-wrapping-paper\/\" \/>\n<meta property=\"og:site_name\" content=\"Nanwang Paper Packaging\" \/>\n<meta property=\"article:publisher\" content=\"https:\/\/www.facebook.com\/NanwangPaperBag\" \/>\n<meta property=\"article:modified_time\" content=\"2025-05-14T06:57:42+00:00\" \/>\n<meta property=\"og:image\" content=\"https:\/\/www.nanwangpaperbag.com\/wp-content\/uploads\/2025\/04\/Sandwich-Wrapping-Paper_1-1.webp\" \/>\n\t<meta property=\"og:image:width\" content=\"800\" \/>\n\t<meta property=\"og:image:height\" content=\"800\" \/>\n\t<meta property=\"og:image:type\" content=\"image\/webp\" \/>\n<meta name=\"twitter:card\" content=\"summary_large_image\" \/>\n<meta name=\"twitter:site\" content=\"@NanwangPack\" \/>\n<meta name=\"twitter:label1\" content=\"Tiempo de lectura\" \/>\n\t<meta name=\"twitter:data1\" content=\"2 minutos\" \/>\n<script type=\"application\/ld+json\" class=\"yoast-schema-graph\">{\"@context\":\"https:\/\/schema.org\",\"@graph\":[{\"@type\":\"WebPage\",\"@id\":\"https:\/\/www.nanwangpaperbag.com\/product\/sandwich-wrapping-paper\/\",\"url\":\"https:\/\/www.nanwangpaperbag.com\/product\/sandwich-wrapping-paper\/\",\"name\":\"Sandwich Wrapping Paper - Nanwang Paper Packaging\",\"isPartOf\":{\"@id\":\"https:\/\/www.nanwangpaperbag.com\/#website\"},\"primaryImageOfPage\":{\"@id\":\"https:\/\/www.nanwangpaperbag.com\/product\/sandwich-wrapping-paper\/#primaryimage\"},\"image\":{\"@id\":\"https:\/\/www.nanwangpaperbag.com\/product\/sandwich-wrapping-paper\/#primaryimage\"},\"thumbnailUrl\":\"https:\/\/www.nanwangpaperbag.com\/wp-content\/uploads\/2025\/04\/Sandwich-Wrapping-Paper_1-1.webp\",\"datePublished\":\"2025-04-17T01:57:11+00:00\",\"dateModified\":\"2025-05-14T06:57:42+00:00\",\"description\":\"Sandwich Wrapping Paper - Nanwang Paper Packaging , we supply Luxury Paper Bags, Shopping Paper Bag, Paper Carry Bag, Delivery Bag for you with good price.\",\"breadcrumb\":{\"@id\":\"https:\/\/www.nanwangpaperbag.com\/product\/sandwich-wrapping-paper\/#breadcrumb\"},\"inLanguage\":\"es\",\"potentialAction\":[{\"@type\":\"ReadAction\",\"target\":[\"https:\/\/www.nanwangpaperbag.com\/product\/sandwich-wrapping-paper\/\"]}]},{\"@type\":\"ImageObject\",\"inLanguage\":\"es\",\"@id\":\"https:\/\/www.nanwangpaperbag.com\/product\/sandwich-wrapping-paper\/#primaryimage\",\"url\":\"https:\/\/www.nanwangpaperbag.com\/wp-content\/uploads\/2025\/04\/Sandwich-Wrapping-Paper_1-1.webp\",\"contentUrl\":\"https:\/\/www.nanwangpaperbag.com\/wp-content\/uploads\/2025\/04\/Sandwich-Wrapping-Paper_1-1.webp\",\"width\":800,\"height\":800,\"caption\":\"Sandwich Wrapping Paper\"},{\"@type\":\"BreadcrumbList\",\"@id\":\"https:\/\/www.nanwangpaperbag.com\/product\/sandwich-wrapping-paper\/#breadcrumb\",\"itemListElement\":[{\"@type\":\"ListItem\",\"position\":1,\"name\":\"Home\",\"item\":\"https:\/\/www.nanwangpaperbag.com\/\"},{\"@type\":\"ListItem\",\"position\":2,\"name\":\"Productos\",\"item\":\"https:\/\/www.nanwangpaperbag.com\/es\/shop\/\"},{\"@type\":\"ListItem\",\"position\":3,\"name\":\"Sandwich Wrapping Paper\"}]},{\"@type\":\"WebSite\",\"@id\":\"https:\/\/www.nanwangpaperbag.com\/#website\",\"url\":\"https:\/\/www.nanwangpaperbag.com\/\",\"name\":\"Nanwang Paper Packaging\",\"description\":\"\",\"publisher\":{\"@id\":\"https:\/\/www.nanwangpaperbag.com\/#organization\"},\"potentialAction\":[{\"@type\":\"SearchAction\",\"target\":{\"@type\":\"EntryPoint\",\"urlTemplate\":\"https:\/\/www.nanwangpaperbag.com\/?s={search_term_string}\"},\"query-input\":\"required name=search_term_string\"}],\"inLanguage\":\"es\"},{\"@type\":\"Organization\",\"@id\":\"https:\/\/www.nanwangpaperbag.com\/#organization\",\"name\":\"Nanwang Pack\",\"url\":\"https:\/\/www.nanwangpaperbag.com\/\",\"logo\":{\"@type\":\"ImageObject\",\"inLanguage\":\"es\",\"@id\":\"https:\/\/www.nanwangpaperbag.com\/#\/schema\/logo\/image\/\",\"url\":\"https:\/\/www.nanwangpaperbag.com\/wp-content\/uploads\/2025\/03\/logo2.webp\",\"contentUrl\":\"https:\/\/www.nanwangpaperbag.com\/wp-content\/uploads\/2025\/03\/logo2.webp\",\"width\":433,\"height\":407,\"caption\":\"Nanwang Pack\"},\"image\":{\"@id\":\"https:\/\/www.nanwangpaperbag.com\/#\/schema\/logo\/image\/\"},\"sameAs\":[\"https:\/\/www.facebook.com\/NanwangPaperBag\",\"https:\/\/x.com\/NanwangPack\",\"https:\/\/www.linkedin.com\/company\/nanwang-paper-bag\/\",\"https:\/\/www.youtube.com\/@NanwangPaperBag\",\"https:\/\/www.tiktok.com\/@nanwangpaperbag\"]}]}<\/script>\n<!-- \/ Yoast SEO plugin. -->","yoast_head_json":{"title":"Sandwich Wrapping Paper - Nanwang Paper Packaging","description":"Sandwich Wrapping Paper - Nanwang Paper Packaging , we supply Luxury Paper Bags, Shopping Paper Bag, Paper Carry Bag, Delivery Bag for you with good price.","robots":{"index":"index","follow":"follow","max-snippet":"max-snippet:-1","max-image-preview":"max-image-preview:large","max-video-preview":"max-video-preview:-1"},"canonical":"https:\/\/www.nanwangpaperbag.com\/es\/producto\/sandwich-wrapping-paper\/","og_locale":"es_ES","og_type":"article","og_title":"Sandwich Wrapping Paper - Nanwang Paper Packaging","og_description":"Sandwich Wrapping Paper - Nanwang Paper Packaging , we supply Luxury Paper Bags, Shopping Paper Bag, Paper Carry Bag, Delivery Bag for you with good price.","og_url":"https:\/\/www.nanwangpaperbag.com\/es\/producto\/sandwich-wrapping-paper\/","og_site_name":"Nanwang Paper Packaging","article_publisher":"https:\/\/www.facebook.com\/NanwangPaperBag","article_modified_time":"2025-05-14T06:57:42+00:00","og_image":[{"width":800,"height":800,"url":"https:\/\/www.nanwangpaperbag.com\/wp-content\/uploads\/2025\/04\/Sandwich-Wrapping-Paper_1-1.webp","type":"image\/webp"}],"twitter_card":"summary_large_image","twitter_site":"@NanwangPack","twitter_misc":{"Tiempo de lectura":"2 minutos"},"schema":{"@context":"https:\/\/schema.org","@graph":[{"@type":"WebPage","@id":"https:\/\/www.nanwangpaperbag.com\/product\/sandwich-wrapping-paper\/","url":"https:\/\/www.nanwangpaperbag.com\/product\/sandwich-wrapping-paper\/","name":"Sandwich Wrapping Paper - Nanwang Paper Packaging","isPartOf":{"@id":"https:\/\/www.nanwangpaperbag.com\/#website"},"primaryImageOfPage":{"@id":"https:\/\/www.nanwangpaperbag.com\/product\/sandwich-wrapping-paper\/#primaryimage"},"image":{"@id":"https:\/\/www.nanwangpaperbag.com\/product\/sandwich-wrapping-paper\/#primaryimage"},"thumbnailUrl":"https:\/\/www.nanwangpaperbag.com\/wp-content\/uploads\/2025\/04\/Sandwich-Wrapping-Paper_1-1.webp","datePublished":"2025-04-17T01:57:11+00:00","dateModified":"2025-05-14T06:57:42+00:00","description":"Sandwich Wrapping Paper - Nanwang Paper Packaging , we supply Luxury Paper Bags, Shopping Paper Bag, Paper Carry Bag, Delivery Bag for you with good price.","breadcrumb":{"@id":"https:\/\/www.nanwangpaperbag.com\/product\/sandwich-wrapping-paper\/#breadcrumb"},"inLanguage":"es","potentialAction":[{"@type":"ReadAction","target":["https:\/\/www.nanwangpaperbag.com\/product\/sandwich-wrapping-paper\/"]}]},{"@type":"ImageObject","inLanguage":"es","@id":"https:\/\/www.nanwangpaperbag.com\/product\/sandwich-wrapping-paper\/#primaryimage","url":"https:\/\/www.nanwangpaperbag.com\/wp-content\/uploads\/2025\/04\/Sandwich-Wrapping-Paper_1-1.webp","contentUrl":"https:\/\/www.nanwangpaperbag.com\/wp-content\/uploads\/2025\/04\/Sandwich-Wrapping-Paper_1-1.webp","width":800,"height":800,"caption":"Sandwich Wrapping Paper"},{"@type":"BreadcrumbList","@id":"https:\/\/www.nanwangpaperbag.com\/product\/sandwich-wrapping-paper\/#breadcrumb","itemListElement":[{"@type":"ListItem","position":1,"name":"Home","item":"https:\/\/www.nanwangpaperbag.com\/"},{"@type":"ListItem","position":2,"name":"Productos","item":"https:\/\/www.nanwangpaperbag.com\/es\/shop\/"},{"@type":"ListItem","position":3,"name":"Sandwich Wrapping Paper"}]},{"@type":"WebSite","@id":"https:\/\/www.nanwangpaperbag.com\/#website","url":"https:\/\/www.nanwangpaperbag.com\/","name":"Nanwang Paper Packaging","description":"","publisher":{"@id":"https:\/\/www.nanwangpaperbag.com\/#organization"},"potentialAction":[{"@type":"SearchAction","target":{"@type":"EntryPoint","urlTemplate":"https:\/\/www.nanwangpaperbag.com\/?s={search_term_string}"},"query-input":"required name=search_term_string"}],"inLanguage":"es"},{"@type":"Organization","@id":"https:\/\/www.nanwangpaperbag.com\/#organization","name":"Nanwang Pack","url":"https:\/\/www.nanwangpaperbag.com\/","logo":{"@type":"ImageObject","inLanguage":"es","@id":"https:\/\/www.nanwangpaperbag.com\/#\/schema\/logo\/image\/","url":"https:\/\/www.nanwangpaperbag.com\/wp-content\/uploads\/2025\/03\/logo2.webp","contentUrl":"https:\/\/www.nanwangpaperbag.com\/wp-content\/uploads\/2025\/03\/logo2.webp","width":433,"height":407,"caption":"Nanwang Pack"},"image":{"@id":"https:\/\/www.nanwangpaperbag.com\/#\/schema\/logo\/image\/"},"sameAs":["https:\/\/www.facebook.com\/NanwangPaperBag","https:\/\/x.com\/NanwangPack","https:\/\/www.linkedin.com\/company\/nanwang-paper-bag\/","https:\/\/www.youtube.com\/@NanwangPaperBag","https:\/\/www.tiktok.com\/@nanwangpaperbag"]}]}},"_links":{"self":[{"href":"https:\/\/www.nanwangpaperbag.com\/es\/wp-json\/wp\/v2\/product\/12393"}],"collection":[{"href":"https:\/\/www.nanwangpaperbag.com\/es\/wp-json\/wp\/v2\/product"}],"about":[{"href":"https:\/\/www.nanwangpaperbag.com\/es\/wp-json\/wp\/v2\/types\/product"}],"replies":[{"embeddable":true,"href":"https:\/\/www.nanwangpaperbag.com\/es\/wp-json\/wp\/v2\/comments?post=12393"}],"wp:featuredmedia":[{"embeddable":true,"href":"https:\/\/www.nanwangpaperbag.com\/es\/wp-json\/wp\/v2\/media\/12402"}],"wp:attachment":[{"href":"https:\/\/www.nanwangpaperbag.com\/es\/wp-json\/wp\/v2\/media?parent=12393"}],"wp:term":[{"taxonomy":"product_cat","embeddable":true,"href":"https:\/\/www.nanwangpaperbag.com\/es\/wp-json\/wp\/v2\/product_cat?post=12393"},{"taxonomy":"product_tag","embeddable":true,"href":"https:\/\/www.nanwangpaperbag.com\/es\/wp-json\/wp\/v2\/product_tag?post=12393"}],"curies":[{"name":"wp","href":"https:\/\/api.w.org\/{rel}","templated":true}]}}