{"id":12407,"date":"2025-04-16T02:11:43","date_gmt":"2025-04-16T02:11:43","guid":{"rendered":"https:\/\/www.nanwangpaperbag.com\/?post_type=product&#038;p=12407"},"modified":"2025-05-14T06:58:08","modified_gmt":"2025-05-14T06:58:08","slug":"white-paper-placemats","status":"publish","type":"product","link":"https:\/\/www.nanwangpaperbag.com\/es\/producto\/white-paper-placemats\/","title":{"rendered":"Manteles individuales de papel blanco"},"content":{"rendered":"<p>Mantenga la higiene de su restaurante Cualquiera que trabaje en el sector de la restauraci\u00f3n sabe que la higiene es de extrema importancia. Nuestros manteles individuales desechables presentan una superficie fresca e higi\u00e9nica para cada cliente en cada visita. Proteja sus mesas Los manteles individuales pueden ayudar a proteger su mobiliario contra derrames, manchas y grasa. Estos<a href=\"https:\/\/www.nanwangpaperbag.com\/es\/category\/foodservice-disposables\/paper-placemats\/\"><strong> manteles individuales de papel<\/strong><\/a> est\u00e1n te\u00f1idos con tinta de color r\u00e1pido, por lo que el color no se corre ni sangra. Esto significa que sus mesas no se da\u00f1ar\u00e1n por su tinte. Combina con tu estilo Nuestros manteles individuales est\u00e1n disponibles en una gran variedad de colores y dise\u00f1os, lo que significa que podr\u00e1 encontrar la combinaci\u00f3n perfecta para la personalidad de su marca.<\/p>\n<p><img loading=\"lazy\" decoding=\"async\" class=\"size-full wp-image-12409 aligncenter\" data-src=\"https:\/\/www.nanwangpaperbag.com\/wp-content\/uploads\/2025\/04\/White-Paper-Placemats_1.webp\" alt=\"Manteles individuales de papel blanco\" width=\"771\" height=\"520\" srcset=\"https:\/\/www.nanwangpaperbag.com\/wp-content\/uploads\/2025\/04\/White-Paper-Placemats_1.webp 771w, https:\/\/www.nanwangpaperbag.com\/wp-content\/uploads\/2025\/04\/White-Paper-Placemats_1-480x324.webp 480w\" sizes=\"(min-width: 0px) and (max-width: 480px) 480px, (min-width: 481px) 771px, 100vw\" \/><\/p>\n<h2>MATERIAL EST\u00c1NDAR RECOMENDADO<\/h2>\n<p>\u25cf Papel ligero superblanco 50GSM<\/p>\n<p>\u25cf Papel de peri\u00f3dico 50GSM<\/p>\n<p>\u25cf Papel de 60gsm a 80gsm<\/p>\n<h2>Caracter\u00edsticas<\/h2>\n<p>\u25cf Tintas medioambientales<br \/>\n\u25cf Anti-alta y baja temperatura,Impermeable<br \/>\n\u25cf Publicidad perfecta<br \/>\n\u25cf Selecci\u00f3n de varios estilos<br \/>\n\u25cf A prueba de grasa<br \/>\n\u25cf Alfombrilla antideslizante para bandejas<\/p>\n<h2>PREGUNTAS FRECUENTES<\/h2>\n<p>Q1. \u00bfCu\u00e1l es la capacidad de su f\u00e1brica?<br \/>\nA:Capacidad de 200 millones de unidades de bolsas de la compra al mes, y 900 millones de unidades <a href=\"https:\/\/www.nanwangpaperbag.com\/es\/category\/food-service-disposables\/\"><strong>envases desechables para servicios alimentarios<\/strong><\/a> al mes.<\/p>\n<p>P2: \u00bfPodemos crear nuestra propia marca?<br \/>\nR: S\u00ed, podemos suministrar el servicio OEM.<\/p>\n<p>P3.\u00bfD\u00f3nde se encuentra su f\u00e1brica? \u00bfPuedo visitarla?<br \/>\nR:Tenemos 6 f\u00e1bricas, 5 en China y 1 en Malasia. Bienvenido a su visita.<\/p>\n<p>P4: \u00bfC\u00f3mo puedo conseguir muestras?<br \/>\nR: Si tenemos la muestra en stock, se la proporcionaremos. El honorario de la muestra pagar\u00e1 de nuevo a usted en las \u00f3rdenes posteriores<br \/>\n2. Si la muestra es personalizada, lo haremos para usted, entonces usted debe pagar la tarifa de la muestra y la carga, de todos modos la tarifa de la muestra se pagar\u00e1 de nuevo a usted en los pedidos posteriores.<\/p>\n<p>P5.\u00bfPueden devolver el importe de la matr\u00edcula?<br \/>\nR: S\u00ed, si la cantidad del pedido es grande, le devolveremos el importe de la placa.<\/p>","protected":false},"excerpt":{"rendered":"<p>Art\u00edculo:Mantel individual de papel blanco<br \/>\nTama\u00f1o: personalizado<br \/>\nLogotipo:logotipo personalizado<br \/>\nMaterial del papel:Papel kraft blanco<br \/>\nImpresi\u00f3n: flexograf\u00eda<br \/>\nTiempo de muestreo: 3-5 d\u00edas<br \/>\nPlazo de entrega: 35-45 d\u00edas<\/p>","protected":false},"featured_media":12410,"comment_status":"open","ping_status":"closed","template":"","meta":{"_et_pb_use_builder":"","_et_pb_old_content":"","_et_gb_content_width":""},"product_cat":[284,289],"product_tag":[309,351],"yoast_head":"<!-- This site is optimized with the Yoast SEO plugin v22.7 - https:\/\/yoast.com\/wordpress\/plugins\/seo\/ -->\n<title>White Paper Placemats - Nanwang Paper Packaging<\/title>\n<meta name=\"description\" content=\"White Paper Placemats - Nanwang Paper Packaging , we supply Luxury Paper Bags, Shopping Paper Bag, Paper Carry Bag, Delivery Bag for you with good price.\" \/>\n<meta name=\"robots\" content=\"index, follow, max-snippet:-1, max-image-preview:large, max-video-preview:-1\" \/>\n<link rel=\"canonical\" href=\"https:\/\/www.nanwangpaperbag.com\/es\/producto\/white-paper-placemats\/\" \/>\n<meta property=\"og:locale\" content=\"es_ES\" \/>\n<meta property=\"og:type\" content=\"article\" \/>\n<meta property=\"og:title\" content=\"White Paper Placemats - Nanwang Paper Packaging\" \/>\n<meta property=\"og:description\" content=\"White Paper Placemats - Nanwang Paper Packaging , we supply Luxury Paper Bags, Shopping Paper Bag, Paper Carry Bag, Delivery Bag for you with good price.\" \/>\n<meta property=\"og:url\" content=\"https:\/\/www.nanwangpaperbag.com\/es\/producto\/white-paper-placemats\/\" \/>\n<meta property=\"og:site_name\" content=\"Nanwang Paper Packaging\" \/>\n<meta property=\"article:publisher\" content=\"https:\/\/www.facebook.com\/NanwangPaperBag\" \/>\n<meta property=\"article:modified_time\" content=\"2025-05-14T06:58:08+00:00\" \/>\n<meta property=\"og:image\" content=\"https:\/\/www.nanwangpaperbag.com\/wp-content\/uploads\/2025\/04\/White-Paper-Placemats_1-1.webp\" \/>\n\t<meta property=\"og:image:width\" content=\"800\" \/>\n\t<meta property=\"og:image:height\" content=\"800\" \/>\n\t<meta property=\"og:image:type\" content=\"image\/webp\" \/>\n<meta name=\"twitter:card\" content=\"summary_large_image\" \/>\n<meta name=\"twitter:site\" content=\"@NanwangPack\" \/>\n<meta name=\"twitter:label1\" content=\"Tiempo de lectura\" \/>\n\t<meta name=\"twitter:data1\" content=\"2 minutos\" \/>\n<script type=\"application\/ld+json\" class=\"yoast-schema-graph\">{\"@context\":\"https:\/\/schema.org\",\"@graph\":[{\"@type\":\"WebPage\",\"@id\":\"https:\/\/www.nanwangpaperbag.com\/product\/white-paper-placemats\/\",\"url\":\"https:\/\/www.nanwangpaperbag.com\/product\/white-paper-placemats\/\",\"name\":\"White Paper Placemats - Nanwang Paper Packaging\",\"isPartOf\":{\"@id\":\"https:\/\/www.nanwangpaperbag.com\/#website\"},\"primaryImageOfPage\":{\"@id\":\"https:\/\/www.nanwangpaperbag.com\/product\/white-paper-placemats\/#primaryimage\"},\"image\":{\"@id\":\"https:\/\/www.nanwangpaperbag.com\/product\/white-paper-placemats\/#primaryimage\"},\"thumbnailUrl\":\"https:\/\/www.nanwangpaperbag.com\/wp-content\/uploads\/2025\/04\/White-Paper-Placemats_1-1.webp\",\"datePublished\":\"2025-04-16T02:11:43+00:00\",\"dateModified\":\"2025-05-14T06:58:08+00:00\",\"description\":\"White Paper Placemats - Nanwang Paper Packaging , we supply Luxury Paper Bags, Shopping Paper Bag, Paper Carry Bag, Delivery Bag for you with good price.\",\"breadcrumb\":{\"@id\":\"https:\/\/www.nanwangpaperbag.com\/product\/white-paper-placemats\/#breadcrumb\"},\"inLanguage\":\"es\",\"potentialAction\":[{\"@type\":\"ReadAction\",\"target\":[\"https:\/\/www.nanwangpaperbag.com\/product\/white-paper-placemats\/\"]}]},{\"@type\":\"ImageObject\",\"inLanguage\":\"es\",\"@id\":\"https:\/\/www.nanwangpaperbag.com\/product\/white-paper-placemats\/#primaryimage\",\"url\":\"https:\/\/www.nanwangpaperbag.com\/wp-content\/uploads\/2025\/04\/White-Paper-Placemats_1-1.webp\",\"contentUrl\":\"https:\/\/www.nanwangpaperbag.com\/wp-content\/uploads\/2025\/04\/White-Paper-Placemats_1-1.webp\",\"width\":800,\"height\":800,\"caption\":\"White Paper Placemats\"},{\"@type\":\"BreadcrumbList\",\"@id\":\"https:\/\/www.nanwangpaperbag.com\/product\/white-paper-placemats\/#breadcrumb\",\"itemListElement\":[{\"@type\":\"ListItem\",\"position\":1,\"name\":\"Home\",\"item\":\"https:\/\/www.nanwangpaperbag.com\/\"},{\"@type\":\"ListItem\",\"position\":2,\"name\":\"Productos\",\"item\":\"https:\/\/www.nanwangpaperbag.com\/es\/shop\/\"},{\"@type\":\"ListItem\",\"position\":3,\"name\":\"White Paper Placemats\"}]},{\"@type\":\"WebSite\",\"@id\":\"https:\/\/www.nanwangpaperbag.com\/#website\",\"url\":\"https:\/\/www.nanwangpaperbag.com\/\",\"name\":\"Nanwang Paper Packaging\",\"description\":\"\",\"publisher\":{\"@id\":\"https:\/\/www.nanwangpaperbag.com\/#organization\"},\"potentialAction\":[{\"@type\":\"SearchAction\",\"target\":{\"@type\":\"EntryPoint\",\"urlTemplate\":\"https:\/\/www.nanwangpaperbag.com\/?s={search_term_string}\"},\"query-input\":\"required name=search_term_string\"}],\"inLanguage\":\"es\"},{\"@type\":\"Organization\",\"@id\":\"https:\/\/www.nanwangpaperbag.com\/#organization\",\"name\":\"Nanwang Pack\",\"url\":\"https:\/\/www.nanwangpaperbag.com\/\",\"logo\":{\"@type\":\"ImageObject\",\"inLanguage\":\"es\",\"@id\":\"https:\/\/www.nanwangpaperbag.com\/#\/schema\/logo\/image\/\",\"url\":\"https:\/\/www.nanwangpaperbag.com\/wp-content\/uploads\/2025\/03\/logo2.webp\",\"contentUrl\":\"https:\/\/www.nanwangpaperbag.com\/wp-content\/uploads\/2025\/03\/logo2.webp\",\"width\":433,\"height\":407,\"caption\":\"Nanwang Pack\"},\"image\":{\"@id\":\"https:\/\/www.nanwangpaperbag.com\/#\/schema\/logo\/image\/\"},\"sameAs\":[\"https:\/\/www.facebook.com\/NanwangPaperBag\",\"https:\/\/x.com\/NanwangPack\",\"https:\/\/www.linkedin.com\/company\/nanwang-paper-bag\/\",\"https:\/\/www.youtube.com\/@NanwangPaperBag\",\"https:\/\/www.tiktok.com\/@nanwangpaperbag\"]}]}<\/script>\n<!-- \/ Yoast SEO plugin. -->","yoast_head_json":{"title":"White Paper Placemats - Nanwang Paper Packaging","description":"White Paper Placemats - Nanwang Paper Packaging , we supply Luxury Paper Bags, Shopping Paper Bag, Paper Carry Bag, Delivery Bag for you with good price.","robots":{"index":"index","follow":"follow","max-snippet":"max-snippet:-1","max-image-preview":"max-image-preview:large","max-video-preview":"max-video-preview:-1"},"canonical":"https:\/\/www.nanwangpaperbag.com\/es\/producto\/white-paper-placemats\/","og_locale":"es_ES","og_type":"article","og_title":"White Paper Placemats - Nanwang Paper Packaging","og_description":"White Paper Placemats - Nanwang Paper Packaging , we supply Luxury Paper Bags, Shopping Paper Bag, Paper Carry Bag, Delivery Bag for you with good price.","og_url":"https:\/\/www.nanwangpaperbag.com\/es\/producto\/white-paper-placemats\/","og_site_name":"Nanwang Paper Packaging","article_publisher":"https:\/\/www.facebook.com\/NanwangPaperBag","article_modified_time":"2025-05-14T06:58:08+00:00","og_image":[{"width":800,"height":800,"url":"https:\/\/www.nanwangpaperbag.com\/wp-content\/uploads\/2025\/04\/White-Paper-Placemats_1-1.webp","type":"image\/webp"}],"twitter_card":"summary_large_image","twitter_site":"@NanwangPack","twitter_misc":{"Tiempo de lectura":"2 minutos"},"schema":{"@context":"https:\/\/schema.org","@graph":[{"@type":"WebPage","@id":"https:\/\/www.nanwangpaperbag.com\/product\/white-paper-placemats\/","url":"https:\/\/www.nanwangpaperbag.com\/product\/white-paper-placemats\/","name":"White Paper Placemats - Nanwang Paper Packaging","isPartOf":{"@id":"https:\/\/www.nanwangpaperbag.com\/#website"},"primaryImageOfPage":{"@id":"https:\/\/www.nanwangpaperbag.com\/product\/white-paper-placemats\/#primaryimage"},"image":{"@id":"https:\/\/www.nanwangpaperbag.com\/product\/white-paper-placemats\/#primaryimage"},"thumbnailUrl":"https:\/\/www.nanwangpaperbag.com\/wp-content\/uploads\/2025\/04\/White-Paper-Placemats_1-1.webp","datePublished":"2025-04-16T02:11:43+00:00","dateModified":"2025-05-14T06:58:08+00:00","description":"White Paper Placemats - Nanwang Paper Packaging , we supply Luxury Paper Bags, Shopping Paper Bag, Paper Carry Bag, Delivery Bag for you with good price.","breadcrumb":{"@id":"https:\/\/www.nanwangpaperbag.com\/product\/white-paper-placemats\/#breadcrumb"},"inLanguage":"es","potentialAction":[{"@type":"ReadAction","target":["https:\/\/www.nanwangpaperbag.com\/product\/white-paper-placemats\/"]}]},{"@type":"ImageObject","inLanguage":"es","@id":"https:\/\/www.nanwangpaperbag.com\/product\/white-paper-placemats\/#primaryimage","url":"https:\/\/www.nanwangpaperbag.com\/wp-content\/uploads\/2025\/04\/White-Paper-Placemats_1-1.webp","contentUrl":"https:\/\/www.nanwangpaperbag.com\/wp-content\/uploads\/2025\/04\/White-Paper-Placemats_1-1.webp","width":800,"height":800,"caption":"White Paper Placemats"},{"@type":"BreadcrumbList","@id":"https:\/\/www.nanwangpaperbag.com\/product\/white-paper-placemats\/#breadcrumb","itemListElement":[{"@type":"ListItem","position":1,"name":"Home","item":"https:\/\/www.nanwangpaperbag.com\/"},{"@type":"ListItem","position":2,"name":"Productos","item":"https:\/\/www.nanwangpaperbag.com\/es\/shop\/"},{"@type":"ListItem","position":3,"name":"White Paper Placemats"}]},{"@type":"WebSite","@id":"https:\/\/www.nanwangpaperbag.com\/#website","url":"https:\/\/www.nanwangpaperbag.com\/","name":"Nanwang Paper Packaging","description":"","publisher":{"@id":"https:\/\/www.nanwangpaperbag.com\/#organization"},"potentialAction":[{"@type":"SearchAction","target":{"@type":"EntryPoint","urlTemplate":"https:\/\/www.nanwangpaperbag.com\/?s={search_term_string}"},"query-input":"required name=search_term_string"}],"inLanguage":"es"},{"@type":"Organization","@id":"https:\/\/www.nanwangpaperbag.com\/#organization","name":"Nanwang Pack","url":"https:\/\/www.nanwangpaperbag.com\/","logo":{"@type":"ImageObject","inLanguage":"es","@id":"https:\/\/www.nanwangpaperbag.com\/#\/schema\/logo\/image\/","url":"https:\/\/www.nanwangpaperbag.com\/wp-content\/uploads\/2025\/03\/logo2.webp","contentUrl":"https:\/\/www.nanwangpaperbag.com\/wp-content\/uploads\/2025\/03\/logo2.webp","width":433,"height":407,"caption":"Nanwang Pack"},"image":{"@id":"https:\/\/www.nanwangpaperbag.com\/#\/schema\/logo\/image\/"},"sameAs":["https:\/\/www.facebook.com\/NanwangPaperBag","https:\/\/x.com\/NanwangPack","https:\/\/www.linkedin.com\/company\/nanwang-paper-bag\/","https:\/\/www.youtube.com\/@NanwangPaperBag","https:\/\/www.tiktok.com\/@nanwangpaperbag"]}]}},"_links":{"self":[{"href":"https:\/\/www.nanwangpaperbag.com\/es\/wp-json\/wp\/v2\/product\/12407"}],"collection":[{"href":"https:\/\/www.nanwangpaperbag.com\/es\/wp-json\/wp\/v2\/product"}],"about":[{"href":"https:\/\/www.nanwangpaperbag.com\/es\/wp-json\/wp\/v2\/types\/product"}],"replies":[{"embeddable":true,"href":"https:\/\/www.nanwangpaperbag.com\/es\/wp-json\/wp\/v2\/comments?post=12407"}],"wp:featuredmedia":[{"embeddable":true,"href":"https:\/\/www.nanwangpaperbag.com\/es\/wp-json\/wp\/v2\/media\/12410"}],"wp:attachment":[{"href":"https:\/\/www.nanwangpaperbag.com\/es\/wp-json\/wp\/v2\/media?parent=12407"}],"wp:term":[{"taxonomy":"product_cat","embeddable":true,"href":"https:\/\/www.nanwangpaperbag.com\/es\/wp-json\/wp\/v2\/product_cat?post=12407"},{"taxonomy":"product_tag","embeddable":true,"href":"https:\/\/www.nanwangpaperbag.com\/es\/wp-json\/wp\/v2\/product_tag?post=12407"}],"curies":[{"name":"wp","href":"https:\/\/api.w.org\/{rel}","templated":true}]}}