{"id":12408,"date":"2025-04-16T02:11:45","date_gmt":"2025-04-16T02:11:45","guid":{"rendered":"https:\/\/www.nanwangpaperbag.com\/?post_type=product&#038;p=12408"},"modified":"2025-05-14T06:47:04","modified_gmt":"2025-05-14T06:47:04","slug":"disposable-placemats","status":"publish","type":"product","link":"https:\/\/www.nanwangpaperbag.com\/es\/producto\/disposable-placemats\/","title":{"rendered":"Manteles individuales desechables"},"content":{"rendered":"<p><a href=\"https:\/\/www.nanwangpaperbag.com\/es\/producto\/disposable-placemats\/\"><strong>Manteles individuales desechables<\/strong> <\/a>se utilizan ampliamente en las mesas de hoteles, restaurantes de comida r\u00e1pida y restaurantes de pollo frito. Se fabrican con papel alimentario y tintas alimentarias, con una impresi\u00f3n exquisita y respetuosa con el medio ambiente.<\/p>\n<p>Los tama\u00f1os son opcionales y pueden personalizarse seg\u00fan los requisitos del cliente. Mientras tanto, la impresi\u00f3n del logotipo en los manteles individuales le ayuda a aumentar el efecto publicitario.<\/p>\n<p><img loading=\"lazy\" decoding=\"async\" class=\"wp-image-12414 aligncenter\" data-src=\"https:\/\/www.nanwangpaperbag.com\/wp-content\/uploads\/2025\/04\/Disposable-Placemats_5.webp\" alt=\"Manteles individuales desechables\" width=\"472\" height=\"472\" \/><\/p>\n<h2>Caracter\u00edsticas<\/h2>\n<ol>\n<li>Tintas ecol\u00f3gicas, seguras y saludables<\/li>\n<li>A prueba de grasa<\/li>\n<li>M\u00faltiples selecciones de estilo<\/li>\n<li>Sostenible<\/li>\n<\/ol>\n<h2>Aplicaci\u00f3n<\/h2>\n<ul>\n<li>Cafeter\u00eda<\/li>\n<li>Mesa de comedor<\/li>\n<li>Restaurante<\/li>\n<li>Hamburgueser\u00eda<\/li>\n<li>Restaurante de ollas calientes<\/li>\n<\/ul>\n<h2>Por qu\u00e9 elegirnos<\/h2>\n<ul>\n<li>Certificados bajo las normas ISO 22000:2018 (Seguridad Alimentaria), ISO 9001:2015 (Calidad), ISO 14001:2015 (Medio Ambiente), FSC-COC, y BRC (Grado A+), mantenemos un riguroso sistema de gesti\u00f3n de calidad espec\u00edficamente adaptado para <a href=\"https:\/\/www.nanwangpaperbag.com\/es\/category\/food-service-disposables\/\"><strong>productos desechables para servicios alimentarios<\/strong><\/a>.<\/li>\n<li>Nuestro equipo de I+D, respaldado por una inversi\u00f3n anual superior a los 30 millones de RMB, ha desarrollado 14 tecnolog\u00edas b\u00e1sicas l\u00edderes en el sector, entre las que se incluyen el dise\u00f1o de bolsas en U con plegado interno, la fijaci\u00f3n automatizada de asas y los revestimientos antipenetraci\u00f3n, todo ello optimizado para el rendimiento y la seguridad de los productos desechables para servicios alimentarios.<\/li>\n<li data-spm-anchor-id=\"5176.28103460.0.i6.34eb451eSgZalA\">Con 84 patentes nacionales (8 patentes de invenci\u00f3n) y 5 patentes internacionales, nuestro laboratorio de \u00faltima generaci\u00f3n integra pruebas de materiales, an\u00e1lisis de datos e innovaci\u00f3n ecol\u00f3gica para garantizar los m\u00e1s altos est\u00e1ndares en productos desechables para servicios alimentarios.<\/li>\n<\/ul>\n<h2>PREGUNTAS FRECUENTES<\/h2>\n<p>P1: \u00bfPuede ayudarnos a dise\u00f1ar?<br \/>\nR:S\u00ed, s\u00f3lo tiene que decirnos su idea, le aconsejaremos algunos art\u00edculos de referencia y le ayudaremos a dise\u00f1ar la bolsa especialmente para usted.<\/p>\n<p>P2:\u00bfQu\u00e9 pasa con el MOQ?<br \/>\nR: El MOQ es de 50000 piezas por dise\u00f1o y tama\u00f1o, pero queremos apoyarle con su nuevo negocio, un peque\u00f1o pedido de 20000 piezas est\u00e1 bien para un pedido de prueba. Muchas marcas nuevas eligen trabajar con nosotros al principio y estamos muy contentos de verlos crecer.<\/p>\n<p>P3:\u00bfPuedo obtener una muestra antes de hacer un pedido al por mayor?<br \/>\nA: S\u00ed, para probar la calidad, usted puede conseguir una muestra antes de orden a granel. Estamos muy confiados sobre la calidad. Y el tiempo de la muestra es 3-5 d\u00edas.<\/p>\n<p>P4:\u00bfQu\u00e9 hay del servicio posventa?<br \/>\nR: Respondemos a todas las consultas en un plazo de 12 horas y hacemos todo lo posible para satisfacer la demanda de los clientes, consultaremos y seguiremos las ventas y manipulaciones pertinentes.<\/p>\n<p>Q5:\u00bfCu\u00e1l es su tiempo de fabricaci\u00f3n y env\u00edo?<br \/>\nR: Alrededor de 25-35 d\u00edas despu\u00e9s de confirmar los detalles.<\/p>","protected":false},"excerpt":{"rendered":"<p>Art\u00edculo: Manteles individuales de papel desechables disponibles<br \/>\nTama\u00f1o: 230X340\/250X350mm<br \/>\nLogotipo personalizado: 1-8 colores por impresi\u00f3n flexogr\u00e1fica<br \/>\nMaterial del papel: Papel kraft marr\u00f3n, papel kraft blanco, papel estucado PE<br \/>\nColores de impresi\u00f3n: Hasta 5 colores<br \/>\nGramaje del papel: 23-80 g\/m2<br \/>\nInformaci\u00f3n de embalaje: Embalado en bolsa de polietileno, luego en cart\u00f3n est\u00e1ndar de exportaci\u00f3n<\/p>","protected":false},"featured_media":12415,"comment_status":"open","ping_status":"closed","template":"","meta":{"_et_pb_use_builder":"","_et_pb_old_content":"","_et_gb_content_width":""},"product_cat":[284,289],"product_tag":[344,315],"yoast_head":"<!-- This site is optimized with the Yoast SEO plugin v22.7 - https:\/\/yoast.com\/wordpress\/plugins\/seo\/ -->\n<title>Disposable Placemats - Nanwang Paper Packaging<\/title>\n<meta name=\"description\" content=\"Disposable Placemats - Nanwang Paper Packaging , we supply Luxury Paper Bags, Shopping Paper Bag, Paper Carry Bag, Delivery Bag for you with good price.\" \/>\n<meta name=\"robots\" content=\"index, follow, max-snippet:-1, max-image-preview:large, max-video-preview:-1\" \/>\n<link rel=\"canonical\" href=\"https:\/\/www.nanwangpaperbag.com\/es\/producto\/disposable-placemats\/\" \/>\n<meta property=\"og:locale\" content=\"es_ES\" \/>\n<meta property=\"og:type\" content=\"article\" \/>\n<meta property=\"og:title\" content=\"Disposable Placemats - Nanwang Paper Packaging\" \/>\n<meta property=\"og:description\" content=\"Disposable Placemats - Nanwang Paper Packaging , we supply Luxury Paper Bags, Shopping Paper Bag, Paper Carry Bag, Delivery Bag for you with good price.\" \/>\n<meta property=\"og:url\" content=\"https:\/\/www.nanwangpaperbag.com\/es\/producto\/disposable-placemats\/\" \/>\n<meta property=\"og:site_name\" content=\"Nanwang Paper Packaging\" \/>\n<meta property=\"article:publisher\" content=\"https:\/\/www.facebook.com\/NanwangPaperBag\" \/>\n<meta property=\"article:modified_time\" content=\"2025-05-14T06:47:04+00:00\" \/>\n<meta property=\"og:image\" content=\"https:\/\/www.nanwangpaperbag.com\/wp-content\/uploads\/2025\/04\/Disposable-Placemats_1.webp\" \/>\n\t<meta property=\"og:image:width\" content=\"800\" \/>\n\t<meta property=\"og:image:height\" content=\"800\" \/>\n\t<meta property=\"og:image:type\" content=\"image\/webp\" \/>\n<meta name=\"twitter:card\" content=\"summary_large_image\" \/>\n<meta name=\"twitter:site\" content=\"@NanwangPack\" \/>\n<meta name=\"twitter:label1\" content=\"Tiempo de lectura\" \/>\n\t<meta name=\"twitter:data1\" content=\"2 minutos\" \/>\n<script type=\"application\/ld+json\" class=\"yoast-schema-graph\">{\"@context\":\"https:\/\/schema.org\",\"@graph\":[{\"@type\":\"WebPage\",\"@id\":\"https:\/\/www.nanwangpaperbag.com\/product\/disposable-placemats\/\",\"url\":\"https:\/\/www.nanwangpaperbag.com\/product\/disposable-placemats\/\",\"name\":\"Disposable Placemats - Nanwang Paper Packaging\",\"isPartOf\":{\"@id\":\"https:\/\/www.nanwangpaperbag.com\/#website\"},\"primaryImageOfPage\":{\"@id\":\"https:\/\/www.nanwangpaperbag.com\/product\/disposable-placemats\/#primaryimage\"},\"image\":{\"@id\":\"https:\/\/www.nanwangpaperbag.com\/product\/disposable-placemats\/#primaryimage\"},\"thumbnailUrl\":\"https:\/\/www.nanwangpaperbag.com\/wp-content\/uploads\/2025\/04\/Disposable-Placemats_1.webp\",\"datePublished\":\"2025-04-16T02:11:45+00:00\",\"dateModified\":\"2025-05-14T06:47:04+00:00\",\"description\":\"Disposable Placemats - Nanwang Paper Packaging , we supply Luxury Paper Bags, Shopping Paper Bag, Paper Carry Bag, Delivery Bag for you with good price.\",\"breadcrumb\":{\"@id\":\"https:\/\/www.nanwangpaperbag.com\/product\/disposable-placemats\/#breadcrumb\"},\"inLanguage\":\"es\",\"potentialAction\":[{\"@type\":\"ReadAction\",\"target\":[\"https:\/\/www.nanwangpaperbag.com\/product\/disposable-placemats\/\"]}]},{\"@type\":\"ImageObject\",\"inLanguage\":\"es\",\"@id\":\"https:\/\/www.nanwangpaperbag.com\/product\/disposable-placemats\/#primaryimage\",\"url\":\"https:\/\/www.nanwangpaperbag.com\/wp-content\/uploads\/2025\/04\/Disposable-Placemats_1.webp\",\"contentUrl\":\"https:\/\/www.nanwangpaperbag.com\/wp-content\/uploads\/2025\/04\/Disposable-Placemats_1.webp\",\"width\":800,\"height\":800,\"caption\":\"Disposable Placemats\"},{\"@type\":\"BreadcrumbList\",\"@id\":\"https:\/\/www.nanwangpaperbag.com\/product\/disposable-placemats\/#breadcrumb\",\"itemListElement\":[{\"@type\":\"ListItem\",\"position\":1,\"name\":\"Home\",\"item\":\"https:\/\/www.nanwangpaperbag.com\/\"},{\"@type\":\"ListItem\",\"position\":2,\"name\":\"Productos\",\"item\":\"https:\/\/www.nanwangpaperbag.com\/es\/shop\/\"},{\"@type\":\"ListItem\",\"position\":3,\"name\":\"Disposable Placemats\"}]},{\"@type\":\"WebSite\",\"@id\":\"https:\/\/www.nanwangpaperbag.com\/#website\",\"url\":\"https:\/\/www.nanwangpaperbag.com\/\",\"name\":\"Nanwang Paper Packaging\",\"description\":\"\",\"publisher\":{\"@id\":\"https:\/\/www.nanwangpaperbag.com\/#organization\"},\"potentialAction\":[{\"@type\":\"SearchAction\",\"target\":{\"@type\":\"EntryPoint\",\"urlTemplate\":\"https:\/\/www.nanwangpaperbag.com\/?s={search_term_string}\"},\"query-input\":\"required name=search_term_string\"}],\"inLanguage\":\"es\"},{\"@type\":\"Organization\",\"@id\":\"https:\/\/www.nanwangpaperbag.com\/#organization\",\"name\":\"Nanwang Pack\",\"url\":\"https:\/\/www.nanwangpaperbag.com\/\",\"logo\":{\"@type\":\"ImageObject\",\"inLanguage\":\"es\",\"@id\":\"https:\/\/www.nanwangpaperbag.com\/#\/schema\/logo\/image\/\",\"url\":\"https:\/\/www.nanwangpaperbag.com\/wp-content\/uploads\/2025\/03\/logo2.webp\",\"contentUrl\":\"https:\/\/www.nanwangpaperbag.com\/wp-content\/uploads\/2025\/03\/logo2.webp\",\"width\":433,\"height\":407,\"caption\":\"Nanwang Pack\"},\"image\":{\"@id\":\"https:\/\/www.nanwangpaperbag.com\/#\/schema\/logo\/image\/\"},\"sameAs\":[\"https:\/\/www.facebook.com\/NanwangPaperBag\",\"https:\/\/x.com\/NanwangPack\",\"https:\/\/www.linkedin.com\/company\/nanwang-paper-bag\/\",\"https:\/\/www.youtube.com\/@NanwangPaperBag\",\"https:\/\/www.tiktok.com\/@nanwangpaperbag\"]}]}<\/script>\n<!-- \/ Yoast SEO plugin. -->","yoast_head_json":{"title":"Disposable Placemats - Nanwang Paper Packaging","description":"Disposable Placemats - Nanwang Paper Packaging , we supply Luxury Paper Bags, Shopping Paper Bag, Paper Carry Bag, Delivery Bag for you with good price.","robots":{"index":"index","follow":"follow","max-snippet":"max-snippet:-1","max-image-preview":"max-image-preview:large","max-video-preview":"max-video-preview:-1"},"canonical":"https:\/\/www.nanwangpaperbag.com\/es\/producto\/disposable-placemats\/","og_locale":"es_ES","og_type":"article","og_title":"Disposable Placemats - Nanwang Paper Packaging","og_description":"Disposable Placemats - Nanwang Paper Packaging , we supply Luxury Paper Bags, Shopping Paper Bag, Paper Carry Bag, Delivery Bag for you with good price.","og_url":"https:\/\/www.nanwangpaperbag.com\/es\/producto\/disposable-placemats\/","og_site_name":"Nanwang Paper Packaging","article_publisher":"https:\/\/www.facebook.com\/NanwangPaperBag","article_modified_time":"2025-05-14T06:47:04+00:00","og_image":[{"width":800,"height":800,"url":"https:\/\/www.nanwangpaperbag.com\/wp-content\/uploads\/2025\/04\/Disposable-Placemats_1.webp","type":"image\/webp"}],"twitter_card":"summary_large_image","twitter_site":"@NanwangPack","twitter_misc":{"Tiempo de lectura":"2 minutos"},"schema":{"@context":"https:\/\/schema.org","@graph":[{"@type":"WebPage","@id":"https:\/\/www.nanwangpaperbag.com\/product\/disposable-placemats\/","url":"https:\/\/www.nanwangpaperbag.com\/product\/disposable-placemats\/","name":"Disposable Placemats - Nanwang Paper Packaging","isPartOf":{"@id":"https:\/\/www.nanwangpaperbag.com\/#website"},"primaryImageOfPage":{"@id":"https:\/\/www.nanwangpaperbag.com\/product\/disposable-placemats\/#primaryimage"},"image":{"@id":"https:\/\/www.nanwangpaperbag.com\/product\/disposable-placemats\/#primaryimage"},"thumbnailUrl":"https:\/\/www.nanwangpaperbag.com\/wp-content\/uploads\/2025\/04\/Disposable-Placemats_1.webp","datePublished":"2025-04-16T02:11:45+00:00","dateModified":"2025-05-14T06:47:04+00:00","description":"Disposable Placemats - Nanwang Paper Packaging , we supply Luxury Paper Bags, Shopping Paper Bag, Paper Carry Bag, Delivery Bag for you with good price.","breadcrumb":{"@id":"https:\/\/www.nanwangpaperbag.com\/product\/disposable-placemats\/#breadcrumb"},"inLanguage":"es","potentialAction":[{"@type":"ReadAction","target":["https:\/\/www.nanwangpaperbag.com\/product\/disposable-placemats\/"]}]},{"@type":"ImageObject","inLanguage":"es","@id":"https:\/\/www.nanwangpaperbag.com\/product\/disposable-placemats\/#primaryimage","url":"https:\/\/www.nanwangpaperbag.com\/wp-content\/uploads\/2025\/04\/Disposable-Placemats_1.webp","contentUrl":"https:\/\/www.nanwangpaperbag.com\/wp-content\/uploads\/2025\/04\/Disposable-Placemats_1.webp","width":800,"height":800,"caption":"Disposable Placemats"},{"@type":"BreadcrumbList","@id":"https:\/\/www.nanwangpaperbag.com\/product\/disposable-placemats\/#breadcrumb","itemListElement":[{"@type":"ListItem","position":1,"name":"Home","item":"https:\/\/www.nanwangpaperbag.com\/"},{"@type":"ListItem","position":2,"name":"Productos","item":"https:\/\/www.nanwangpaperbag.com\/es\/shop\/"},{"@type":"ListItem","position":3,"name":"Disposable Placemats"}]},{"@type":"WebSite","@id":"https:\/\/www.nanwangpaperbag.com\/#website","url":"https:\/\/www.nanwangpaperbag.com\/","name":"Nanwang Paper Packaging","description":"","publisher":{"@id":"https:\/\/www.nanwangpaperbag.com\/#organization"},"potentialAction":[{"@type":"SearchAction","target":{"@type":"EntryPoint","urlTemplate":"https:\/\/www.nanwangpaperbag.com\/?s={search_term_string}"},"query-input":"required name=search_term_string"}],"inLanguage":"es"},{"@type":"Organization","@id":"https:\/\/www.nanwangpaperbag.com\/#organization","name":"Nanwang Pack","url":"https:\/\/www.nanwangpaperbag.com\/","logo":{"@type":"ImageObject","inLanguage":"es","@id":"https:\/\/www.nanwangpaperbag.com\/#\/schema\/logo\/image\/","url":"https:\/\/www.nanwangpaperbag.com\/wp-content\/uploads\/2025\/03\/logo2.webp","contentUrl":"https:\/\/www.nanwangpaperbag.com\/wp-content\/uploads\/2025\/03\/logo2.webp","width":433,"height":407,"caption":"Nanwang Pack"},"image":{"@id":"https:\/\/www.nanwangpaperbag.com\/#\/schema\/logo\/image\/"},"sameAs":["https:\/\/www.facebook.com\/NanwangPaperBag","https:\/\/x.com\/NanwangPack","https:\/\/www.linkedin.com\/company\/nanwang-paper-bag\/","https:\/\/www.youtube.com\/@NanwangPaperBag","https:\/\/www.tiktok.com\/@nanwangpaperbag"]}]}},"_links":{"self":[{"href":"https:\/\/www.nanwangpaperbag.com\/es\/wp-json\/wp\/v2\/product\/12408"}],"collection":[{"href":"https:\/\/www.nanwangpaperbag.com\/es\/wp-json\/wp\/v2\/product"}],"about":[{"href":"https:\/\/www.nanwangpaperbag.com\/es\/wp-json\/wp\/v2\/types\/product"}],"replies":[{"embeddable":true,"href":"https:\/\/www.nanwangpaperbag.com\/es\/wp-json\/wp\/v2\/comments?post=12408"}],"wp:featuredmedia":[{"embeddable":true,"href":"https:\/\/www.nanwangpaperbag.com\/es\/wp-json\/wp\/v2\/media\/12415"}],"wp:attachment":[{"href":"https:\/\/www.nanwangpaperbag.com\/es\/wp-json\/wp\/v2\/media?parent=12408"}],"wp:term":[{"taxonomy":"product_cat","embeddable":true,"href":"https:\/\/www.nanwangpaperbag.com\/es\/wp-json\/wp\/v2\/product_cat?post=12408"},{"taxonomy":"product_tag","embeddable":true,"href":"https:\/\/www.nanwangpaperbag.com\/es\/wp-json\/wp\/v2\/product_tag?post=12408"}],"curies":[{"name":"wp","href":"https:\/\/api.w.org\/{rel}","templated":true}]}}