{"id":12420,"date":"2025-04-17T02:24:28","date_gmt":"2025-04-17T02:24:28","guid":{"rendered":"https:\/\/www.nanwangpaperbag.com\/?post_type=product&#038;p=12420"},"modified":"2025-05-07T02:20:42","modified_gmt":"2025-05-07T02:20:42","slug":"auto-machine-made-non-woven-bag","status":"publish","type":"product","link":"https:\/\/www.nanwangpaperbag.com\/es\/producto\/auto-machine-made-non-woven-bag\/","title":{"rendered":"Bolsa de tela no tejida fabricada a m\u00e1quina"},"content":{"rendered":"<p>A medida que el mundo avanza hacia un futuro m\u00e1s sostenible, las bolsas no tejidas se han convertido en una opci\u00f3n muy popular entre los consumidores con conciencia ecol\u00f3gica. Estas bolsas est\u00e1n fabricadas con materiales que no s\u00f3lo son respetuosos con el medio ambiente, sino tambi\u00e9n duraderos y reutilizables. Una de las ventajas de las bolsas de tela no tejida es que se crean mediante un proceso de fabricaci\u00f3n que no produce residuos. Esto significa que se puede utilizar toda la bolsa, sin tirar el material sobrante. Adem\u00e1s, estas bolsas est\u00e1n dise\u00f1adas para reutilizarse varias veces, lo que reduce la necesidad de bolsas de pl\u00e1stico de un solo uso.<\/p>\n<p><a href=\"https:\/\/www.nanwangpaperbag.com\/es\/category\/non-woven-bags\/\"><strong>Bolsas no tejidas<\/strong> <\/a>tambi\u00e9n son f\u00e1ciles de limpiar y mantener, lo que las convierte en una opci\u00f3n pr\u00e1ctica para el uso diario. Las hay de distintos tama\u00f1os, estilos y colores, lo que las convierte en un accesorio vers\u00e1til para cualquier atuendo u ocasi\u00f3n. Al optar por las bolsas de tela no tejida, todos podemos hacer una peque\u00f1a pero importante contribuci\u00f3n a la reducci\u00f3n de nuestro impacto en el medio ambiente. Gracias a su durabilidad, practicidad y elegantes dise\u00f1os, estas bolsas son una forma estupenda de introducir un cambio positivo en nuestra vida cotidiana. Adoptemos esta opci\u00f3n respetuosa con el medio ambiente y marquemos la diferencia.<\/p>\n<p><img loading=\"lazy\" decoding=\"async\" class=\"size-full wp-image-12421 aligncenter\" data-src=\"https:\/\/www.nanwangpaperbag.com\/wp-content\/uploads\/2025\/04\/Auto-Machine-Made-Non-woven-Bag_1.webp\" alt=\"Bolsa de tela no tejida fabricada a m\u00e1quina\" width=\"477\" height=\"392\" srcset=\"https:\/\/www.nanwangpaperbag.com\/wp-content\/uploads\/2025\/04\/Auto-Machine-Made-Non-woven-Bag_1.webp 477w, https:\/\/www.nanwangpaperbag.com\/wp-content\/uploads\/2025\/04\/Auto-Machine-Made-Non-woven-Bag_1-300x247.webp 300w, https:\/\/www.nanwangpaperbag.com\/wp-content\/uploads\/2025\/04\/Auto-Machine-Made-Non-woven-Bag_1-15x12.webp 15w\" sizes=\"(max-width: 477px) 100vw, 477px\" \/><\/p>\n<h2>Caracter\u00edsticas de <a href=\"https:\/\/www.nanwangpaperbag.com\/es\/category\/non-woven-bags\/one-step-forming-bags\/\"><em><strong>Bolsas moldeables de un solo paso<\/strong><\/em><\/a><\/h2>\n<p>1.Producci\u00f3n eficiente: Utiliza equipos automatizados para una producci\u00f3n r\u00e1pida, satisfaciendo demandas de gran volumen.<br \/>\n2.Consistencia: La automatizaci\u00f3n garantiza un tama\u00f1o y una calidad uniformes para cada bolsa, lo que reduce los errores humanos.<br \/>\n3.Materiales ecol\u00f3gicos: Hecho de tela no tejida, cumple con las normas ambientales y apoya el desarrollo sostenible.<br \/>\n4.Diversas opciones de dise\u00f1o: Personalizable en varias formas, colores y dise\u00f1os impresos seg\u00fan las necesidades del cliente.<br \/>\n5.Alta resistencia: Procesado para una buena capacidad de carga, adecuado para diversas aplicaciones.<br \/>\n6.F\u00e1cil almacenamiento: Las bolsas se pueden plegar, ahorrando espacio de transporte y almacenamiento.<br \/>\n7.Rentabilidad: La automatizaci\u00f3n reduce los costes de mano de obra y aumenta la eficiencia de la producci\u00f3n.<\/p>\n<p><img loading=\"lazy\" decoding=\"async\" class=\"size-full wp-image-12422 aligncenter\" data-src=\"https:\/\/www.nanwangpaperbag.com\/wp-content\/uploads\/2025\/04\/Auto-Machine-Made-Non-woven-Bag_2.webp\" alt=\"Bolsa de tela no tejida fabricada a m\u00e1quina\" width=\"1142\" height=\"267\" srcset=\"https:\/\/www.nanwangpaperbag.com\/wp-content\/uploads\/2025\/04\/Auto-Machine-Made-Non-woven-Bag_2.webp 1142w, https:\/\/www.nanwangpaperbag.com\/wp-content\/uploads\/2025\/04\/Auto-Machine-Made-Non-woven-Bag_2-980x229.webp 980w, https:\/\/www.nanwangpaperbag.com\/wp-content\/uploads\/2025\/04\/Auto-Machine-Made-Non-woven-Bag_2-480x112.webp 480w\" sizes=\"(min-width: 0px) and (max-width: 480px) 480px, (min-width: 481px) and (max-width: 980px) 980px, (min-width: 981px) 1142px, 100vw\" \/><\/p>\n<h2>PREGUNTAS FRECUENTES<\/h2>\n<p>P1: \u00bfPueden personalizar la caja y la bolsa?<br \/>\nR: S\u00ed. Se proporciona OEM\/ODM. El MOQ depende de diferentes tipos de bolsas, p\u00f3ngase en contacto con nosotros para obtener informaci\u00f3n sobre nuestra pol\u00edtica de OEM.<\/p>\n<p>P2: \u00bfCu\u00e1ndo se pueden enviar los productos tras el pago?<br \/>\nR: Por lo general, para la orden de la muestra vamos a organizar el env\u00edo de alrededor de 3-7 d\u00edas despu\u00e9s de confirmar su payment.for orden a granel, que depender\u00e1 de su cantidad, por lo general alrededor de 20 d\u00edas despu\u00e9s de la recepci\u00f3n del dep\u00f3sito 30%.<\/p>\n<p>P3:\u00bfCu\u00e1les son sus condiciones de pago?<br \/>\nR: Por lo general T \/ T (transferencia bancaria) o Western Union. Paypal para la peque\u00f1a cantidad.<\/p>\n<p>Q4. \u00bfC\u00f3mo se hace un pedido?<br \/>\nR: 1. Ofr\u00e9zcanos los detalles que necesite (tama\u00f1o, cantidad, demandas personalizadas de impresi\u00f3n, env\u00edo).<br \/>\n2. Haremos PI y se lo enviaremos.<br \/>\n3. Compruebe el contrato de venta y conf\u00edrmelo, luego abone el pago;<br \/>\n4. Organizaremos la producci\u00f3n r\u00e1pidamente una vez recibido el pago.<br \/>\n5. Tomar fotos para la producci\u00f3n en serie, organizar pruebas e inspecciones.<br \/>\n6. Env\u00edenos la informaci\u00f3n del transportista, organizaremos la reserva y el seguimiento para entregarle la mercanc\u00eda en breve.<\/p>\n<p>Q5. \u00bfPuedo poner mi propio logotipo en los productos?(OEM)<br \/>\nR: S\u00ed, puede poner su logotipo en los productos con una cantidad de pedido requerida. Por favor, env\u00edenos la informaci\u00f3n de su logotipo.<\/p>\n<p>&nbsp;<\/p>","protected":false},"excerpt":{"rendered":"<p>La bolsa no tejida es reciclable, duradera, est\u00e9tica, etc. Estas caracter\u00edsticas hacen que sean cada vez m\u00e1s solicitadas tanto por los clientes como por las marcas.<\/p>","protected":false},"featured_media":12423,"comment_status":"open","ping_status":"closed","template":"","meta":{"_et_pb_use_builder":"","_et_pb_old_content":"","_et_gb_content_width":""},"product_cat":[293,295],"product_tag":[345,319],"yoast_head":"<!-- This site is optimized with the Yoast SEO plugin v22.7 - https:\/\/yoast.com\/wordpress\/plugins\/seo\/ -->\n<title>Auto- Machine Made Non-woven Bag - Nanwang Paper Packaging<\/title>\n<meta name=\"description\" content=\"Auto- Machine Made Non-woven Bag - Nanwang Paper Packaging , we supply Luxury Paper Bags, Shopping Paper Bag, Paper Carry Bag, Delivery Bag for you with good price.\" \/>\n<meta name=\"robots\" content=\"index, follow, max-snippet:-1, max-image-preview:large, max-video-preview:-1\" \/>\n<link rel=\"canonical\" href=\"https:\/\/www.nanwangpaperbag.com\/es\/producto\/auto-machine-made-non-woven-bag\/\" \/>\n<meta property=\"og:locale\" content=\"es_ES\" \/>\n<meta property=\"og:type\" content=\"article\" \/>\n<meta property=\"og:title\" content=\"Auto- Machine Made Non-woven Bag - Nanwang Paper Packaging\" \/>\n<meta property=\"og:description\" content=\"Auto- Machine Made Non-woven Bag - Nanwang Paper Packaging , we supply Luxury Paper Bags, Shopping Paper Bag, Paper Carry Bag, Delivery Bag for you with good price.\" \/>\n<meta property=\"og:url\" content=\"https:\/\/www.nanwangpaperbag.com\/es\/producto\/auto-machine-made-non-woven-bag\/\" \/>\n<meta property=\"og:site_name\" content=\"Nanwang Paper Packaging\" \/>\n<meta property=\"article:publisher\" content=\"https:\/\/www.facebook.com\/NanwangPaperBag\" \/>\n<meta property=\"article:modified_time\" content=\"2025-05-07T02:20:42+00:00\" \/>\n<meta property=\"og:image\" content=\"https:\/\/www.nanwangpaperbag.com\/wp-content\/uploads\/2025\/04\/Auto-Machine-Made-Non-woven-Bag_1-1.webp\" \/>\n\t<meta property=\"og:image:width\" content=\"800\" \/>\n\t<meta property=\"og:image:height\" content=\"800\" \/>\n\t<meta property=\"og:image:type\" content=\"image\/webp\" \/>\n<meta name=\"twitter:card\" content=\"summary_large_image\" \/>\n<meta name=\"twitter:site\" content=\"@NanwangPack\" \/>\n<meta name=\"twitter:label1\" content=\"Tiempo de lectura\" \/>\n\t<meta name=\"twitter:data1\" content=\"3 minutos\" \/>\n<script type=\"application\/ld+json\" class=\"yoast-schema-graph\">{\"@context\":\"https:\/\/schema.org\",\"@graph\":[{\"@type\":\"WebPage\",\"@id\":\"https:\/\/www.nanwangpaperbag.com\/product\/auto-machine-made-non-woven-bag\/\",\"url\":\"https:\/\/www.nanwangpaperbag.com\/product\/auto-machine-made-non-woven-bag\/\",\"name\":\"Auto- Machine Made Non-woven Bag - Nanwang Paper Packaging\",\"isPartOf\":{\"@id\":\"https:\/\/www.nanwangpaperbag.com\/#website\"},\"primaryImageOfPage\":{\"@id\":\"https:\/\/www.nanwangpaperbag.com\/product\/auto-machine-made-non-woven-bag\/#primaryimage\"},\"image\":{\"@id\":\"https:\/\/www.nanwangpaperbag.com\/product\/auto-machine-made-non-woven-bag\/#primaryimage\"},\"thumbnailUrl\":\"https:\/\/www.nanwangpaperbag.com\/wp-content\/uploads\/2025\/04\/Auto-Machine-Made-Non-woven-Bag_1-1.webp\",\"datePublished\":\"2025-04-17T02:24:28+00:00\",\"dateModified\":\"2025-05-07T02:20:42+00:00\",\"description\":\"Auto- Machine Made Non-woven Bag - Nanwang Paper Packaging , we supply Luxury Paper Bags, Shopping Paper Bag, Paper Carry Bag, Delivery Bag for you with good price.\",\"breadcrumb\":{\"@id\":\"https:\/\/www.nanwangpaperbag.com\/product\/auto-machine-made-non-woven-bag\/#breadcrumb\"},\"inLanguage\":\"es\",\"potentialAction\":[{\"@type\":\"ReadAction\",\"target\":[\"https:\/\/www.nanwangpaperbag.com\/product\/auto-machine-made-non-woven-bag\/\"]}]},{\"@type\":\"ImageObject\",\"inLanguage\":\"es\",\"@id\":\"https:\/\/www.nanwangpaperbag.com\/product\/auto-machine-made-non-woven-bag\/#primaryimage\",\"url\":\"https:\/\/www.nanwangpaperbag.com\/wp-content\/uploads\/2025\/04\/Auto-Machine-Made-Non-woven-Bag_1-1.webp\",\"contentUrl\":\"https:\/\/www.nanwangpaperbag.com\/wp-content\/uploads\/2025\/04\/Auto-Machine-Made-Non-woven-Bag_1-1.webp\",\"width\":800,\"height\":800,\"caption\":\"Auto- Machine Made Non-woven Bag\"},{\"@type\":\"BreadcrumbList\",\"@id\":\"https:\/\/www.nanwangpaperbag.com\/product\/auto-machine-made-non-woven-bag\/#breadcrumb\",\"itemListElement\":[{\"@type\":\"ListItem\",\"position\":1,\"name\":\"Home\",\"item\":\"https:\/\/www.nanwangpaperbag.com\/\"},{\"@type\":\"ListItem\",\"position\":2,\"name\":\"Productos\",\"item\":\"https:\/\/www.nanwangpaperbag.com\/es\/shop\/\"},{\"@type\":\"ListItem\",\"position\":3,\"name\":\"Auto- Machine Made Non-woven Bag\"}]},{\"@type\":\"WebSite\",\"@id\":\"https:\/\/www.nanwangpaperbag.com\/#website\",\"url\":\"https:\/\/www.nanwangpaperbag.com\/\",\"name\":\"Nanwang Paper Packaging\",\"description\":\"\",\"publisher\":{\"@id\":\"https:\/\/www.nanwangpaperbag.com\/#organization\"},\"potentialAction\":[{\"@type\":\"SearchAction\",\"target\":{\"@type\":\"EntryPoint\",\"urlTemplate\":\"https:\/\/www.nanwangpaperbag.com\/?s={search_term_string}\"},\"query-input\":\"required name=search_term_string\"}],\"inLanguage\":\"es\"},{\"@type\":\"Organization\",\"@id\":\"https:\/\/www.nanwangpaperbag.com\/#organization\",\"name\":\"Nanwang Pack\",\"url\":\"https:\/\/www.nanwangpaperbag.com\/\",\"logo\":{\"@type\":\"ImageObject\",\"inLanguage\":\"es\",\"@id\":\"https:\/\/www.nanwangpaperbag.com\/#\/schema\/logo\/image\/\",\"url\":\"https:\/\/www.nanwangpaperbag.com\/wp-content\/uploads\/2025\/03\/logo2.webp\",\"contentUrl\":\"https:\/\/www.nanwangpaperbag.com\/wp-content\/uploads\/2025\/03\/logo2.webp\",\"width\":433,\"height\":407,\"caption\":\"Nanwang Pack\"},\"image\":{\"@id\":\"https:\/\/www.nanwangpaperbag.com\/#\/schema\/logo\/image\/\"},\"sameAs\":[\"https:\/\/www.facebook.com\/NanwangPaperBag\",\"https:\/\/x.com\/NanwangPack\",\"https:\/\/www.linkedin.com\/company\/nanwang-paper-bag\/\",\"https:\/\/www.youtube.com\/@NanwangPaperBag\",\"https:\/\/www.tiktok.com\/@nanwangpaperbag\"]}]}<\/script>\n<!-- \/ Yoast SEO plugin. -->","yoast_head_json":{"title":"Auto- Machine Made Non-woven Bag - Nanwang Paper Packaging","description":"Auto- Machine Made Non-woven Bag - Nanwang Paper Packaging , we supply Luxury Paper Bags, Shopping Paper Bag, Paper Carry Bag, Delivery Bag for you with good price.","robots":{"index":"index","follow":"follow","max-snippet":"max-snippet:-1","max-image-preview":"max-image-preview:large","max-video-preview":"max-video-preview:-1"},"canonical":"https:\/\/www.nanwangpaperbag.com\/es\/producto\/auto-machine-made-non-woven-bag\/","og_locale":"es_ES","og_type":"article","og_title":"Auto- Machine Made Non-woven Bag - Nanwang Paper Packaging","og_description":"Auto- Machine Made Non-woven Bag - Nanwang Paper Packaging , we supply Luxury Paper Bags, Shopping Paper Bag, Paper Carry Bag, Delivery Bag for you with good price.","og_url":"https:\/\/www.nanwangpaperbag.com\/es\/producto\/auto-machine-made-non-woven-bag\/","og_site_name":"Nanwang Paper Packaging","article_publisher":"https:\/\/www.facebook.com\/NanwangPaperBag","article_modified_time":"2025-05-07T02:20:42+00:00","og_image":[{"width":800,"height":800,"url":"https:\/\/www.nanwangpaperbag.com\/wp-content\/uploads\/2025\/04\/Auto-Machine-Made-Non-woven-Bag_1-1.webp","type":"image\/webp"}],"twitter_card":"summary_large_image","twitter_site":"@NanwangPack","twitter_misc":{"Tiempo de lectura":"3 minutos"},"schema":{"@context":"https:\/\/schema.org","@graph":[{"@type":"WebPage","@id":"https:\/\/www.nanwangpaperbag.com\/product\/auto-machine-made-non-woven-bag\/","url":"https:\/\/www.nanwangpaperbag.com\/product\/auto-machine-made-non-woven-bag\/","name":"Auto- Machine Made Non-woven Bag - Nanwang Paper Packaging","isPartOf":{"@id":"https:\/\/www.nanwangpaperbag.com\/#website"},"primaryImageOfPage":{"@id":"https:\/\/www.nanwangpaperbag.com\/product\/auto-machine-made-non-woven-bag\/#primaryimage"},"image":{"@id":"https:\/\/www.nanwangpaperbag.com\/product\/auto-machine-made-non-woven-bag\/#primaryimage"},"thumbnailUrl":"https:\/\/www.nanwangpaperbag.com\/wp-content\/uploads\/2025\/04\/Auto-Machine-Made-Non-woven-Bag_1-1.webp","datePublished":"2025-04-17T02:24:28+00:00","dateModified":"2025-05-07T02:20:42+00:00","description":"Auto- Machine Made Non-woven Bag - Nanwang Paper Packaging , we supply Luxury Paper Bags, Shopping Paper Bag, Paper Carry Bag, Delivery Bag for you with good price.","breadcrumb":{"@id":"https:\/\/www.nanwangpaperbag.com\/product\/auto-machine-made-non-woven-bag\/#breadcrumb"},"inLanguage":"es","potentialAction":[{"@type":"ReadAction","target":["https:\/\/www.nanwangpaperbag.com\/product\/auto-machine-made-non-woven-bag\/"]}]},{"@type":"ImageObject","inLanguage":"es","@id":"https:\/\/www.nanwangpaperbag.com\/product\/auto-machine-made-non-woven-bag\/#primaryimage","url":"https:\/\/www.nanwangpaperbag.com\/wp-content\/uploads\/2025\/04\/Auto-Machine-Made-Non-woven-Bag_1-1.webp","contentUrl":"https:\/\/www.nanwangpaperbag.com\/wp-content\/uploads\/2025\/04\/Auto-Machine-Made-Non-woven-Bag_1-1.webp","width":800,"height":800,"caption":"Auto- Machine Made Non-woven Bag"},{"@type":"BreadcrumbList","@id":"https:\/\/www.nanwangpaperbag.com\/product\/auto-machine-made-non-woven-bag\/#breadcrumb","itemListElement":[{"@type":"ListItem","position":1,"name":"Home","item":"https:\/\/www.nanwangpaperbag.com\/"},{"@type":"ListItem","position":2,"name":"Productos","item":"https:\/\/www.nanwangpaperbag.com\/es\/shop\/"},{"@type":"ListItem","position":3,"name":"Auto- Machine Made Non-woven Bag"}]},{"@type":"WebSite","@id":"https:\/\/www.nanwangpaperbag.com\/#website","url":"https:\/\/www.nanwangpaperbag.com\/","name":"Nanwang Paper Packaging","description":"","publisher":{"@id":"https:\/\/www.nanwangpaperbag.com\/#organization"},"potentialAction":[{"@type":"SearchAction","target":{"@type":"EntryPoint","urlTemplate":"https:\/\/www.nanwangpaperbag.com\/?s={search_term_string}"},"query-input":"required name=search_term_string"}],"inLanguage":"es"},{"@type":"Organization","@id":"https:\/\/www.nanwangpaperbag.com\/#organization","name":"Nanwang Pack","url":"https:\/\/www.nanwangpaperbag.com\/","logo":{"@type":"ImageObject","inLanguage":"es","@id":"https:\/\/www.nanwangpaperbag.com\/#\/schema\/logo\/image\/","url":"https:\/\/www.nanwangpaperbag.com\/wp-content\/uploads\/2025\/03\/logo2.webp","contentUrl":"https:\/\/www.nanwangpaperbag.com\/wp-content\/uploads\/2025\/03\/logo2.webp","width":433,"height":407,"caption":"Nanwang Pack"},"image":{"@id":"https:\/\/www.nanwangpaperbag.com\/#\/schema\/logo\/image\/"},"sameAs":["https:\/\/www.facebook.com\/NanwangPaperBag","https:\/\/x.com\/NanwangPack","https:\/\/www.linkedin.com\/company\/nanwang-paper-bag\/","https:\/\/www.youtube.com\/@NanwangPaperBag","https:\/\/www.tiktok.com\/@nanwangpaperbag"]}]}},"_links":{"self":[{"href":"https:\/\/www.nanwangpaperbag.com\/es\/wp-json\/wp\/v2\/product\/12420"}],"collection":[{"href":"https:\/\/www.nanwangpaperbag.com\/es\/wp-json\/wp\/v2\/product"}],"about":[{"href":"https:\/\/www.nanwangpaperbag.com\/es\/wp-json\/wp\/v2\/types\/product"}],"replies":[{"embeddable":true,"href":"https:\/\/www.nanwangpaperbag.com\/es\/wp-json\/wp\/v2\/comments?post=12420"}],"wp:featuredmedia":[{"embeddable":true,"href":"https:\/\/www.nanwangpaperbag.com\/es\/wp-json\/wp\/v2\/media\/12423"}],"wp:attachment":[{"href":"https:\/\/www.nanwangpaperbag.com\/es\/wp-json\/wp\/v2\/media?parent=12420"}],"wp:term":[{"taxonomy":"product_cat","embeddable":true,"href":"https:\/\/www.nanwangpaperbag.com\/es\/wp-json\/wp\/v2\/product_cat?post=12420"},{"taxonomy":"product_tag","embeddable":true,"href":"https:\/\/www.nanwangpaperbag.com\/es\/wp-json\/wp\/v2\/product_tag?post=12420"}],"curies":[{"name":"wp","href":"https:\/\/api.w.org\/{rel}","templated":true}]}}