{"id":13195,"date":"2025-08-05T07:17:24","date_gmt":"2025-08-05T07:17:24","guid":{"rendered":"https:\/\/www.nanwangpaperbag.com\/?post_type=product&#038;p=13195"},"modified":"2025-08-05T07:38:16","modified_gmt":"2025-08-05T07:38:16","slug":"eco-friendly-flat-handle-inner-fold-courier-bag-tamper-resistant-e-commerce-packaging-eco-paper-bags","status":"publish","type":"product","link":"https:\/\/www.nanwangpaperbag.com\/es\/producto\/eco-friendly-flat-handle-inner-fold-courier-bag-tamper-resistant-e-commerce-packaging-eco-paper-bags\/","title":{"rendered":"Bolsa de mensajer\u00eda ecol\u00f3gica con asa plana y plegado interior Bolsas de papel ecol\u00f3gicas para embalajes de comercio electr\u00f3nico a prueba de manipulaciones"},"content":{"rendered":"<h2>Especificaciones de las bolsas de papel ecol\u00f3gicas<\/h2>\n<p>Nombre del producto: Mensajero con asa plana y pliegue interior <a href=\"https:\/\/www.nanwangpaperbag.com\/es\/producto\/eco-friendly-flat-handle-inner-fold-courier-bag-tamper-resistant-e-commerce-packaging-eco-paper-bags\/\"><strong>Bolsas de papel ecol\u00f3gicas<\/strong><\/a><br \/>\nOpciones de material: Papel Kraft Blanco \/ Papel Kraft Marr\u00f3n<br \/>\nAnchura: 250-530 mm<br \/>\nGramaje recomendado: 150-250 g\/m\u00b2.<br \/>\nAlcance de la empu\u00f1adura lateral: 70-150mm<br \/>\nOpciones de impresi\u00f3n: 3-7 colores (doble cara)<br \/>\nLongitud del tubo: 280-650 mm<br \/>\nImpresi\u00f3n exterior: Personalizable<\/p>\n<h2>\u00bfPor qu\u00e9 elegir bolsas de papel ecol\u00f3gicas?<\/h2>\n<p>Con China entrando en la era de los \"100.000 millones de paquetes\", el impacto medioambiental de los envases desechables se ha convertido en una preocupaci\u00f3n importante. Desde el 1 de junio de 2025, la \"Normativa sobre mensajer\u00eda\" revisada por el Consejo de Estado ha aplicado pol\u00edticas de envasado ecol\u00f3gico m\u00e1s estrictas, fomentando los materiales biodegradables, reutilizables y reciclables.<br \/>\nComo l\u00edder en embalaje sostenible, Nanwang se enorgullece de presentar la bolsa de mensajer\u00eda con asa plana y pliegue interior, una soluci\u00f3n ecol\u00f3gica de alto rendimiento que se ajusta a las iniciativas ESG nacionales y a las demandas del mercado.<\/p>\n<h2>Principales ventajas<\/h2>\n<p>1.Tira Easy-Tear: apertura r\u00e1pida para desembalar sin complicaciones.<br \/>\n2.Reutilizable como bolsa de asa - Una vez abierta, se convierte en una bolsa de la compra de uso secundario, resolviendo los problemas de transporte posteriores a la apertura.<\/p>\n<h2>Pruebas rigurosas de los productos<\/h2>\n<p>1. Prueba de carga (est\u00e1tica y din\u00e1mica)<br \/>\nCarga est\u00e1tica (saco de arena de 5 kg, 4 horas) - Sin rotura.<br \/>\nPrueba de elevaci\u00f3n din\u00e1mica (3.900 ciclos) - Sin da\u00f1os.<\/p>\n<p>2. Prueba de resistencia a la temperatura<br \/>\n-20\u00b0C durante 2 horas \u2192 Sellos intactos.<br \/>\n70\u00b0C durante 2 horas \u2192 Sin fallo del adhesivo ni da\u00f1os en las fibras.<\/p>\n<h2>Aplicaciones<\/h2>\n<p>\u2714 Env\u00edo de comercio electr\u00f3nico<br \/>\n\u2714 Entrega en la misma ciudad<br \/>\n\u2714 Compras de grupos comunitarios<br \/>\n\u2714 Supermercados y comercio minorista<br \/>\nProductos farmac\u00e9uticos (protecci\u00f3n de la intimidad)<br \/>\n\u2714 Comida para llevar<\/p>\n<h2>Proceso de personalizaci\u00f3n<\/h2>\n<p>01. Consulte al Servicio de Atenci\u00f3n al Cliente: P\u00f3ngase en contacto con nuestro equipo para hablar de sus necesidades.<br \/>\n02. Recibir presupuesto: Le proporcionaremos un presupuesto detallado basado en sus especificaciones.<br \/>\n03. Servicio de dise\u00f1o gratuito: Nuestros expertos dise\u00f1adores crear\u00e1n una maqueta para su aprobaci\u00f3n.<br \/>\n04. Confirmar la soluci\u00f3n: Finalizar el dise\u00f1o y las especificaciones.<br \/>\n05. Realice el pedido y el pago: Proceda con su pedido.<br \/>\n06. Producci\u00f3n en taller: Nuestras modernas instalaciones comienzan la producci\u00f3n.<br \/>\n07. Inspecci\u00f3n y env\u00edo: Inspeccionamos rigurosamente su pedido antes del env\u00edo.<br \/>\n08. Confirme la recepci\u00f3n: Recibe sus bolsas personalizadas de alta calidad.<\/p>\n<h2>Nuestros puntos fuertes<\/h2>\n<p>1.De confianza de las empresas Fortune 500 de todo el mundo<br \/>\n2.Clasificada entre las 100 mejores empresas de impresi\u00f3n de China durante 6 a\u00f1os<br \/>\n3.Gama completa de productos - Envases de papel, bolsas de tela no tejida, etiquetas y recibos.<br \/>\n4.Soluciones personalizadas integrales - Satisfacci\u00f3n de las diversas necesidades de la industria.<br \/>\n5. Primer fabricante de bolsas de papel ecol\u00f3gicas de China<br \/>\n6.Presencia mundial - 13 filiales + 2 oficinas para un servicio r\u00e1pido y fiable.<\/p>\n<h2>Capacidad de producci\u00f3n y certificaciones<\/h2>\n<p>\ud83d\udd39 Producci\u00f3n anual:<br \/>\n2.700 millones ecol\u00f3gicos <a href=\"https:\/\/www.nanwangpaperbag.com\/es\/category\/retall-paper-bags\/\"><strong>bolsas de papel personalizadas<\/strong><\/a><br \/>\n9.500 millones de unidades de envasado de alimentos<br \/>\n2.000 millones de bolsas de tela no tejida<br \/>\n200 millones de m\u00b2 de etiquetas y recibos<\/p>\n<p>\ud83d\udd39 Equipamiento avanzado:<br \/>\nM\u00e1s de 400 m\u00e1quinas de producci\u00f3n<br \/>\nM\u00e1s de 100 dispositivos de inspecci\u00f3n de calidad<\/p>\n<p>\ud83d\udd39 94 Patentes (Nacionales) + 5 (Internacionales)<\/p>\n<p>\ud83d\udd39 Certificaciones:<br \/>\n\u2714 ISO 9001, ISO 14001, ISO 22000, ISO 45001<br \/>\n\u2714 Certificado BRC-IOP, FSC-COC<\/p>\n<p>Alcance mundial: Prestamos servicio en m\u00e1s de 200 pa\u00edses de Asia-Pac\u00edfico, Norteam\u00e9rica, Europa y Jap\u00f3n.<\/p>\n<h2>PREGUNTAS FRECUENTES<\/h2>\n<p>1. \u00bfQu\u00e9 rango de temperatura puede soportar el adhesivo?<br \/>\nR: Nuestro sellante supera las pruebas de -20\u00b0C a 70\u00b0C (apto para inviernos\/veranos europeos).<\/p>\n<p>2. \u00bfPuede a\u00f1adir una ventana troquelada para mostrar el contenido?<br \/>\nR: \u00a1S\u00ed! Posiciones y formas de ventana personalizadas disponibles.<\/p>\n<p>3. \u00bfCu\u00e1ntas l\u00edneas de cola termofusible se pueden a\u00f1adir?<br \/>\nA: Opciones: Sin cola \/ Cola simple \/ Cola doble + tira de rasgado (papel o pl\u00e1stico).<\/p>\n<p>4. \u00bfLa tira de rasgado puede ser de papel o de pl\u00e1stico?<br \/>\nR: Ambas opciones est\u00e1n disponibles.<\/p>\n<p>5. \u00bfC\u00f3mo podemos reducir costes?<br \/>\nR: Optimizamos el gramaje, el tama\u00f1o y el material del papel para reducir costes.<\/p>\n<p>6. \u00bfC\u00f3mo se realizan las pruebas de peso de las bolsas sin asas?<br \/>\nR: Adjuntamos un mango temporal para las pruebas de carga est\u00e1tica\/din\u00e1mica.<\/p>\n<p>7. \u00bfCu\u00e1l es la capacidad de peso de los distintos tipos de bolsas?<br \/>\nR: Expl\u00edquenos sus necesidades y le recomendaremos el papel m\u00e1s adecuado.<\/p>\n<p>8. \u00bfProporcionan v\u00eddeos instructivos?<br \/>\nR: \u00a1S\u00ed! P\u00f3ngase en contacto con nosotros para ver v\u00eddeos de demostraci\u00f3n.<\/p>","protected":false},"excerpt":{"rendered":"<p>A medida que el panorama del comercio electr\u00f3nico contin\u00faa su r\u00e1pida expansi\u00f3n, la demanda de soluciones de embalaje sostenibles y eficientes nunca ha sido m\u00e1s cr\u00edtica. Nuestras bolsas de mensajer\u00eda con asa plana y plegado interior representan un importante salto adelante en la log\u00edstica respetuosa con el medio ambiente, ya que ofrecen una opci\u00f3n vers\u00e1til, robusta y personalizable para las empresas que buscan mejorar su imagen de marca al tiempo que dan prioridad a la responsabilidad medioambiental.<\/p>","protected":false},"featured_media":13197,"comment_status":"closed","ping_status":"closed","template":"","meta":{"_et_pb_use_builder":"","_et_pb_old_content":"","_et_gb_content_width":""},"product_cat":[265,261],"product_tag":[],"yoast_head":"<!-- This site is optimized with the Yoast SEO plugin v22.7 - https:\/\/yoast.com\/wordpress\/plugins\/seo\/ -->\n<title>Eco Paper Bags - Nanwang Paper Packaging<\/title>\n<meta name=\"description\" content=\"Eco Paper Bags - Nanwang Paper Packaging , we supply Luxury Paper Bags, Shopping Paper Bag, Paper Carry Bag, Delivery Bag for you with good price.\" \/>\n<meta name=\"robots\" content=\"index, follow, max-snippet:-1, max-image-preview:large, max-video-preview:-1\" \/>\n<link rel=\"canonical\" href=\"https:\/\/www.nanwangpaperbag.com\/es\/producto\/eco-friendly-flat-handle-inner-fold-courier-bag-tamper-resistant-e-commerce-packaging-eco-paper-bags\/\" \/>\n<meta property=\"og:locale\" content=\"es_ES\" \/>\n<meta property=\"og:type\" content=\"article\" \/>\n<meta property=\"og:title\" content=\"Eco Paper Bags - Nanwang Paper Packaging\" \/>\n<meta property=\"og:description\" content=\"Eco Paper Bags - Nanwang Paper Packaging , we supply Luxury Paper Bags, Shopping Paper Bag, Paper Carry Bag, Delivery Bag for you with good price.\" \/>\n<meta property=\"og:url\" content=\"https:\/\/www.nanwangpaperbag.com\/es\/producto\/eco-friendly-flat-handle-inner-fold-courier-bag-tamper-resistant-e-commerce-packaging-eco-paper-bags\/\" \/>\n<meta property=\"og:site_name\" content=\"Nanwang Paper Packaging\" \/>\n<meta property=\"article:publisher\" content=\"https:\/\/www.facebook.com\/NanwangPaperBag\" \/>\n<meta property=\"article:modified_time\" content=\"2025-08-05T07:38:16+00:00\" \/>\n<meta property=\"og:image\" content=\"https:\/\/www.nanwangpaperbag.com\/wp-content\/uploads\/2025\/08\/Eco-Friendly-Flat-Handle-Inner-Fold-Courier-Bag-Tamper-Resistant-E-commerce-Packaging-Eco-Paper-Bags8.webp\" \/>\n\t<meta property=\"og:image:width\" content=\"1100\" \/>\n\t<meta property=\"og:image:height\" content=\"1100\" \/>\n\t<meta property=\"og:image:type\" content=\"image\/webp\" \/>\n<meta name=\"twitter:card\" content=\"summary_large_image\" \/>\n<meta name=\"twitter:site\" content=\"@NanwangPack\" \/>\n<meta name=\"twitter:label1\" content=\"Tiempo de lectura\" \/>\n\t<meta name=\"twitter:data1\" content=\"3 minutos\" \/>\n<script type=\"application\/ld+json\" class=\"yoast-schema-graph\">{\"@context\":\"https:\/\/schema.org\",\"@graph\":[{\"@type\":\"WebPage\",\"@id\":\"https:\/\/www.nanwangpaperbag.com\/product\/eco-friendly-flat-handle-inner-fold-courier-bag-tamper-resistant-e-commerce-packaging-eco-paper-bags\/\",\"url\":\"https:\/\/www.nanwangpaperbag.com\/product\/eco-friendly-flat-handle-inner-fold-courier-bag-tamper-resistant-e-commerce-packaging-eco-paper-bags\/\",\"name\":\"Eco Paper Bags - Nanwang Paper Packaging\",\"isPartOf\":{\"@id\":\"https:\/\/www.nanwangpaperbag.com\/#website\"},\"primaryImageOfPage\":{\"@id\":\"https:\/\/www.nanwangpaperbag.com\/product\/eco-friendly-flat-handle-inner-fold-courier-bag-tamper-resistant-e-commerce-packaging-eco-paper-bags\/#primaryimage\"},\"image\":{\"@id\":\"https:\/\/www.nanwangpaperbag.com\/product\/eco-friendly-flat-handle-inner-fold-courier-bag-tamper-resistant-e-commerce-packaging-eco-paper-bags\/#primaryimage\"},\"thumbnailUrl\":\"https:\/\/www.nanwangpaperbag.com\/wp-content\/uploads\/2025\/08\/Eco-Friendly-Flat-Handle-Inner-Fold-Courier-Bag-Tamper-Resistant-E-commerce-Packaging-Eco-Paper-Bags8.webp\",\"datePublished\":\"2025-08-05T07:17:24+00:00\",\"dateModified\":\"2025-08-05T07:38:16+00:00\",\"description\":\"Eco Paper Bags - Nanwang Paper Packaging , we supply Luxury Paper Bags, Shopping Paper Bag, Paper Carry Bag, Delivery Bag for you with good price.\",\"breadcrumb\":{\"@id\":\"https:\/\/www.nanwangpaperbag.com\/product\/eco-friendly-flat-handle-inner-fold-courier-bag-tamper-resistant-e-commerce-packaging-eco-paper-bags\/#breadcrumb\"},\"inLanguage\":\"es\",\"potentialAction\":[{\"@type\":\"ReadAction\",\"target\":[\"https:\/\/www.nanwangpaperbag.com\/product\/eco-friendly-flat-handle-inner-fold-courier-bag-tamper-resistant-e-commerce-packaging-eco-paper-bags\/\"]}]},{\"@type\":\"ImageObject\",\"inLanguage\":\"es\",\"@id\":\"https:\/\/www.nanwangpaperbag.com\/product\/eco-friendly-flat-handle-inner-fold-courier-bag-tamper-resistant-e-commerce-packaging-eco-paper-bags\/#primaryimage\",\"url\":\"https:\/\/www.nanwangpaperbag.com\/wp-content\/uploads\/2025\/08\/Eco-Friendly-Flat-Handle-Inner-Fold-Courier-Bag-Tamper-Resistant-E-commerce-Packaging-Eco-Paper-Bags8.webp\",\"contentUrl\":\"https:\/\/www.nanwangpaperbag.com\/wp-content\/uploads\/2025\/08\/Eco-Friendly-Flat-Handle-Inner-Fold-Courier-Bag-Tamper-Resistant-E-commerce-Packaging-Eco-Paper-Bags8.webp\",\"width\":1100,\"height\":1100,\"caption\":\"Eco-Friendly Flat Handle Inner Fold Courier Bag Tamper-Resistant E-commerce Packaging Eco Paper Bags\"},{\"@type\":\"BreadcrumbList\",\"@id\":\"https:\/\/www.nanwangpaperbag.com\/product\/eco-friendly-flat-handle-inner-fold-courier-bag-tamper-resistant-e-commerce-packaging-eco-paper-bags\/#breadcrumb\",\"itemListElement\":[{\"@type\":\"ListItem\",\"position\":1,\"name\":\"Home\",\"item\":\"https:\/\/www.nanwangpaperbag.com\/\"},{\"@type\":\"ListItem\",\"position\":2,\"name\":\"Productos\",\"item\":\"https:\/\/www.nanwangpaperbag.com\/es\/shop\/\"},{\"@type\":\"ListItem\",\"position\":3,\"name\":\"Eco-Friendly Flat Handle Inner Fold Courier Bag Tamper-Resistant E-commerce Packaging Eco Paper Bags\"}]},{\"@type\":\"WebSite\",\"@id\":\"https:\/\/www.nanwangpaperbag.com\/#website\",\"url\":\"https:\/\/www.nanwangpaperbag.com\/\",\"name\":\"Nanwang Paper Packaging\",\"description\":\"\",\"publisher\":{\"@id\":\"https:\/\/www.nanwangpaperbag.com\/#organization\"},\"potentialAction\":[{\"@type\":\"SearchAction\",\"target\":{\"@type\":\"EntryPoint\",\"urlTemplate\":\"https:\/\/www.nanwangpaperbag.com\/?s={search_term_string}\"},\"query-input\":\"required name=search_term_string\"}],\"inLanguage\":\"es\"},{\"@type\":\"Organization\",\"@id\":\"https:\/\/www.nanwangpaperbag.com\/#organization\",\"name\":\"Nanwang Pack\",\"url\":\"https:\/\/www.nanwangpaperbag.com\/\",\"logo\":{\"@type\":\"ImageObject\",\"inLanguage\":\"es\",\"@id\":\"https:\/\/www.nanwangpaperbag.com\/#\/schema\/logo\/image\/\",\"url\":\"https:\/\/www.nanwangpaperbag.com\/wp-content\/uploads\/2025\/03\/logo2.webp\",\"contentUrl\":\"https:\/\/www.nanwangpaperbag.com\/wp-content\/uploads\/2025\/03\/logo2.webp\",\"width\":433,\"height\":407,\"caption\":\"Nanwang Pack\"},\"image\":{\"@id\":\"https:\/\/www.nanwangpaperbag.com\/#\/schema\/logo\/image\/\"},\"sameAs\":[\"https:\/\/www.facebook.com\/NanwangPaperBag\",\"https:\/\/x.com\/NanwangPack\",\"https:\/\/www.linkedin.com\/company\/nanwang-paper-bag\/\",\"https:\/\/www.youtube.com\/@NanwangPaperBag\",\"https:\/\/www.tiktok.com\/@nanwangpaperbag\"]}]}<\/script>\n<!-- \/ Yoast SEO plugin. -->","yoast_head_json":{"title":"Eco Paper Bags - Nanwang Paper Packaging","description":"Eco Paper Bags - Nanwang Paper Packaging , we supply Luxury Paper Bags, Shopping Paper Bag, Paper Carry Bag, Delivery Bag for you with good price.","robots":{"index":"index","follow":"follow","max-snippet":"max-snippet:-1","max-image-preview":"max-image-preview:large","max-video-preview":"max-video-preview:-1"},"canonical":"https:\/\/www.nanwangpaperbag.com\/es\/producto\/eco-friendly-flat-handle-inner-fold-courier-bag-tamper-resistant-e-commerce-packaging-eco-paper-bags\/","og_locale":"es_ES","og_type":"article","og_title":"Eco Paper Bags - Nanwang Paper Packaging","og_description":"Eco Paper Bags - Nanwang Paper Packaging , we supply Luxury Paper Bags, Shopping Paper Bag, Paper Carry Bag, Delivery Bag for you with good price.","og_url":"https:\/\/www.nanwangpaperbag.com\/es\/producto\/eco-friendly-flat-handle-inner-fold-courier-bag-tamper-resistant-e-commerce-packaging-eco-paper-bags\/","og_site_name":"Nanwang Paper Packaging","article_publisher":"https:\/\/www.facebook.com\/NanwangPaperBag","article_modified_time":"2025-08-05T07:38:16+00:00","og_image":[{"width":1100,"height":1100,"url":"https:\/\/www.nanwangpaperbag.com\/wp-content\/uploads\/2025\/08\/Eco-Friendly-Flat-Handle-Inner-Fold-Courier-Bag-Tamper-Resistant-E-commerce-Packaging-Eco-Paper-Bags8.webp","type":"image\/webp"}],"twitter_card":"summary_large_image","twitter_site":"@NanwangPack","twitter_misc":{"Tiempo de lectura":"3 minutos"},"schema":{"@context":"https:\/\/schema.org","@graph":[{"@type":"WebPage","@id":"https:\/\/www.nanwangpaperbag.com\/product\/eco-friendly-flat-handle-inner-fold-courier-bag-tamper-resistant-e-commerce-packaging-eco-paper-bags\/","url":"https:\/\/www.nanwangpaperbag.com\/product\/eco-friendly-flat-handle-inner-fold-courier-bag-tamper-resistant-e-commerce-packaging-eco-paper-bags\/","name":"Eco Paper Bags - Nanwang Paper Packaging","isPartOf":{"@id":"https:\/\/www.nanwangpaperbag.com\/#website"},"primaryImageOfPage":{"@id":"https:\/\/www.nanwangpaperbag.com\/product\/eco-friendly-flat-handle-inner-fold-courier-bag-tamper-resistant-e-commerce-packaging-eco-paper-bags\/#primaryimage"},"image":{"@id":"https:\/\/www.nanwangpaperbag.com\/product\/eco-friendly-flat-handle-inner-fold-courier-bag-tamper-resistant-e-commerce-packaging-eco-paper-bags\/#primaryimage"},"thumbnailUrl":"https:\/\/www.nanwangpaperbag.com\/wp-content\/uploads\/2025\/08\/Eco-Friendly-Flat-Handle-Inner-Fold-Courier-Bag-Tamper-Resistant-E-commerce-Packaging-Eco-Paper-Bags8.webp","datePublished":"2025-08-05T07:17:24+00:00","dateModified":"2025-08-05T07:38:16+00:00","description":"Eco Paper Bags - Nanwang Paper Packaging , we supply Luxury Paper Bags, Shopping Paper Bag, Paper Carry Bag, Delivery Bag for you with good price.","breadcrumb":{"@id":"https:\/\/www.nanwangpaperbag.com\/product\/eco-friendly-flat-handle-inner-fold-courier-bag-tamper-resistant-e-commerce-packaging-eco-paper-bags\/#breadcrumb"},"inLanguage":"es","potentialAction":[{"@type":"ReadAction","target":["https:\/\/www.nanwangpaperbag.com\/product\/eco-friendly-flat-handle-inner-fold-courier-bag-tamper-resistant-e-commerce-packaging-eco-paper-bags\/"]}]},{"@type":"ImageObject","inLanguage":"es","@id":"https:\/\/www.nanwangpaperbag.com\/product\/eco-friendly-flat-handle-inner-fold-courier-bag-tamper-resistant-e-commerce-packaging-eco-paper-bags\/#primaryimage","url":"https:\/\/www.nanwangpaperbag.com\/wp-content\/uploads\/2025\/08\/Eco-Friendly-Flat-Handle-Inner-Fold-Courier-Bag-Tamper-Resistant-E-commerce-Packaging-Eco-Paper-Bags8.webp","contentUrl":"https:\/\/www.nanwangpaperbag.com\/wp-content\/uploads\/2025\/08\/Eco-Friendly-Flat-Handle-Inner-Fold-Courier-Bag-Tamper-Resistant-E-commerce-Packaging-Eco-Paper-Bags8.webp","width":1100,"height":1100,"caption":"Eco-Friendly Flat Handle Inner Fold Courier Bag Tamper-Resistant E-commerce Packaging Eco Paper Bags"},{"@type":"BreadcrumbList","@id":"https:\/\/www.nanwangpaperbag.com\/product\/eco-friendly-flat-handle-inner-fold-courier-bag-tamper-resistant-e-commerce-packaging-eco-paper-bags\/#breadcrumb","itemListElement":[{"@type":"ListItem","position":1,"name":"Home","item":"https:\/\/www.nanwangpaperbag.com\/"},{"@type":"ListItem","position":2,"name":"Productos","item":"https:\/\/www.nanwangpaperbag.com\/es\/shop\/"},{"@type":"ListItem","position":3,"name":"Eco-Friendly Flat Handle Inner Fold Courier Bag Tamper-Resistant E-commerce Packaging Eco Paper Bags"}]},{"@type":"WebSite","@id":"https:\/\/www.nanwangpaperbag.com\/#website","url":"https:\/\/www.nanwangpaperbag.com\/","name":"Nanwang Paper Packaging","description":"","publisher":{"@id":"https:\/\/www.nanwangpaperbag.com\/#organization"},"potentialAction":[{"@type":"SearchAction","target":{"@type":"EntryPoint","urlTemplate":"https:\/\/www.nanwangpaperbag.com\/?s={search_term_string}"},"query-input":"required name=search_term_string"}],"inLanguage":"es"},{"@type":"Organization","@id":"https:\/\/www.nanwangpaperbag.com\/#organization","name":"Nanwang Pack","url":"https:\/\/www.nanwangpaperbag.com\/","logo":{"@type":"ImageObject","inLanguage":"es","@id":"https:\/\/www.nanwangpaperbag.com\/#\/schema\/logo\/image\/","url":"https:\/\/www.nanwangpaperbag.com\/wp-content\/uploads\/2025\/03\/logo2.webp","contentUrl":"https:\/\/www.nanwangpaperbag.com\/wp-content\/uploads\/2025\/03\/logo2.webp","width":433,"height":407,"caption":"Nanwang Pack"},"image":{"@id":"https:\/\/www.nanwangpaperbag.com\/#\/schema\/logo\/image\/"},"sameAs":["https:\/\/www.facebook.com\/NanwangPaperBag","https:\/\/x.com\/NanwangPack","https:\/\/www.linkedin.com\/company\/nanwang-paper-bag\/","https:\/\/www.youtube.com\/@NanwangPaperBag","https:\/\/www.tiktok.com\/@nanwangpaperbag"]}]}},"_links":{"self":[{"href":"https:\/\/www.nanwangpaperbag.com\/es\/wp-json\/wp\/v2\/product\/13195"}],"collection":[{"href":"https:\/\/www.nanwangpaperbag.com\/es\/wp-json\/wp\/v2\/product"}],"about":[{"href":"https:\/\/www.nanwangpaperbag.com\/es\/wp-json\/wp\/v2\/types\/product"}],"replies":[{"embeddable":true,"href":"https:\/\/www.nanwangpaperbag.com\/es\/wp-json\/wp\/v2\/comments?post=13195"}],"wp:featuredmedia":[{"embeddable":true,"href":"https:\/\/www.nanwangpaperbag.com\/es\/wp-json\/wp\/v2\/media\/13197"}],"wp:attachment":[{"href":"https:\/\/www.nanwangpaperbag.com\/es\/wp-json\/wp\/v2\/media?parent=13195"}],"wp:term":[{"taxonomy":"product_cat","embeddable":true,"href":"https:\/\/www.nanwangpaperbag.com\/es\/wp-json\/wp\/v2\/product_cat?post=13195"},{"taxonomy":"product_tag","embeddable":true,"href":"https:\/\/www.nanwangpaperbag.com\/es\/wp-json\/wp\/v2\/product_tag?post=13195"}],"curies":[{"name":"wp","href":"https:\/\/api.w.org\/{rel}","templated":true}]}}