{"id":13217,"date":"2025-08-05T08:07:01","date_gmt":"2025-08-05T08:07:01","guid":{"rendered":"https:\/\/www.nanwangpaperbag.com\/?post_type=product&#038;p=13217"},"modified":"2025-08-05T08:08:25","modified_gmt":"2025-08-05T08:08:25","slug":"eco-friendly-mailing-envelopes-pointed-bottom-courier-bag-flat-mailers-for-e-commerce-apparel-documents","status":"publish","type":"product","link":"https:\/\/www.nanwangpaperbag.com\/es\/producto\/eco-friendly-mailing-envelopes-pointed-bottom-courier-bag-flat-mailers-for-e-commerce-apparel-documents\/","title":{"rendered":"Sobres de correo ecol\u00f3gicos Bolsa de correo con fondo puntiagudo Sobres planos para comercio electr\u00f3nico, ropa y documentos"},"content":{"rendered":"<h2>Especificaciones de producto de los sobres de correo ecol\u00f3gicos<\/h2>\n<p>Nombre: <a href=\"https:\/\/www.nanwangpaperbag.com\/es\/producto\/eco-friendly-mailing-envelopes-pointed-bottom-courier-bag-flat-mailers-for-e-commerce-apparel-documents\/\"><strong>Sobres de correo ecol\u00f3gicos<\/strong><\/a> Bolsa de mensajer\u00eda con fondo puntiagudo Mailers planos para comercio electr\u00f3nico, ropa y documentos<br \/>\nTipo de papel: Papel kraft blanco\/marr\u00f3n<br \/>\nGramaje: 150-250 g\/m\u00b2.<br \/>\nOpciones de impresi\u00f3n: 3-7 colores (doble cara)<br \/>\nImpresi\u00f3n exterior: Personalizable<br \/>\nRango de anchura: 100-600mm<br \/>\nRango de altura de la bolsa: 50-450mm<br \/>\nRango de anchura del labio: 0-70mm<\/p>\n<h2>Caracter\u00edsticas principales de los sobres de correo ecol\u00f3gicos<\/h2>\n<p>1.L\u00ednea Easy-Tear: apertura r\u00e1pida y limpia sin herramientas<br \/>\n2.Alto gramaje - Garantiza el transporte seguro de documentos, libros y prendas de vestir<br \/>\n3.Dise\u00f1o de fondo puntiagudo - Integridad estructural mejorada para un mejor apilamiento<br \/>\n4.Impresi\u00f3n personalizable - Personalice su envase con logotipos, colores y dise\u00f1os<br \/>\n5.Material respetuoso con el medio ambiente - 100% reciclable y biodegradable<\/p>\n<h2>\u00bfPor qu\u00e9 elegir nuestras bolsas de mensajer\u00eda con fondo puntiagudo?<\/h2>\n<p>Con el r\u00e1pido crecimiento de los env\u00edos de comercio electr\u00f3nico, hay una gran demanda de soluciones de embalaje sostenibles. Nuestras bolsas de mensajer\u00eda de fondo puntiagudo proporcionan:<br \/>\n1.Reducci\u00f3n de los residuos pl\u00e1sticos - Totalmente en papel, en apoyo de las iniciativas ecol\u00f3gicas mundiales<br \/>\n2.Durabilidad mejorada - Rigurosas pruebas de resistencia al desgarro y capacidad de carga<br \/>\n3.Oportunidad de marca - Impresi\u00f3n de alta calidad para marketing y profesionalidad<\/p>\n<h2>Aplicaciones<\/h2>\n<p>1.Env\u00edos de comercio electr\u00f3nico (ropa, libros, documentos)<br \/>\n2.Oficina y correo (archivos, papeler\u00eda, regalos)<br \/>\n3.Venta al por menor y envasado de mercanc\u00edas<\/p>\n<h2>Proceso de personalizaci\u00f3n<\/h2>\n<p>1.Consulta - Comente sus necesidades con nuestro equipo<br \/>\n2.Presupuesto - Obtenga un precio competitivo basado en las especificaciones<br \/>\n3.Dise\u00f1o gratuito - Reciba las maquetas para su aprobaci\u00f3n<br \/>\n4.Finalizar la soluci\u00f3n - Confirmar los materiales y la impresi\u00f3n<br \/>\n5.Pedido y pago - Transacci\u00f3n segura<br \/>\n6.Producci\u00f3n - Entrega r\u00e1pida<br \/>\n7.Control de calidad y env\u00edo - Inspeccionado antes del env\u00edo<br \/>\n8.Entrega - Apoyo log\u00edstico en todo el mundo<\/p>\n<h2>Nuestros puntos fuertes<\/h2>\n<p>1.De la confianza de las empresas Fortune 500<br \/>\n2.Las 100 mejores imprentas de China (6 a\u00f1os)<br \/>\n3.Soluciones integrales de envasado - Bolsas de papel, envasado de alimentos, bolsas no tejidas, etiquetas y recibos<br \/>\n4.0 Personalizaci\u00f3n integral: adaptada a sus necesidades<br \/>\n5.Primera empresa china cotizada de envases ecol\u00f3gicos<br \/>\n6.Cadena de suministro global - 13 filiales y 2 oficinas<\/p>\n<h2>Capacidad de fabricaci\u00f3n<\/h2>\n<p>Producci\u00f3n anual:<br \/>\n2.700 millones de bolsas de papel ecol\u00f3gicas<br \/>\n9.500 millones de unidades de envasado de alimentos<br \/>\nBolsas no tejidas 2B<br \/>\n200 millones de m\u00b2 de etiquetas y recibos<\/p>\n<h2>Certificaciones<\/h2>\n<p>\u2714 ISO 9001, 14001, 22000, 45001<br \/>\n\u2714 Certificado BRC-IOP, FSC-COC<br \/>\nCumple con FDA y REACH<\/p>\n<h2>Alcance mundial<\/h2>\n<p>Prestamos servicio en m\u00e1s de 200 pa\u00edses de Norteam\u00e9rica, Europa, Asia-Pac\u00edfico y Jap\u00f3n.<\/p>\n<h2>PREGUNTAS FRECUENTES<\/h2>\n<p>1. \u00bfQu\u00e9 rango de temperatura puede soportar el adhesivo?<br \/>\nR: Nuestro sellante supera las pruebas de -20\u00b0C a 70\u00b0C (apto para inviernos\/veranos europeos).<\/p>\n<p>2. \u00bfPuede a\u00f1adir una ventana troquelada para mostrar el contenido?<br \/>\nR: \u00a1S\u00ed! Posiciones y formas de ventana personalizadas disponibles.<\/p>\n<p>3. \u00bfCu\u00e1ntas l\u00edneas de cola termofusible se pueden a\u00f1adir?<br \/>\nA: Opciones: Sin cola \/ Cola simple \/ Cola doble + tira de rasgado (papel o pl\u00e1stico).<\/p>\n<p>4. \u00bfLa tira de rasgado puede ser de papel o de pl\u00e1stico?<br \/>\nR: Ambas opciones est\u00e1n disponibles.<\/p>\n<p>5. \u00bfC\u00f3mo podemos reducir costes?<br \/>\nR: Optimizamos el gramaje, el tama\u00f1o y el material del papel para reducir costes.<\/p>\n<p>6. \u00bfC\u00f3mo se realizan las pruebas de peso de las bolsas sin asas?<br \/>\nR: Adjuntamos un mango temporal para las pruebas de carga est\u00e1tica\/din\u00e1mica.<\/p>\n<p>7. \u00bfCu\u00e1l es la capacidad de peso de los distintos tipos de bolsas?<br \/>\nR: Expl\u00edquenos sus necesidades y le recomendaremos el papel m\u00e1s adecuado.<\/p>\n<p>8. \u00bfProporcionan v\u00eddeos instructivos?<br \/>\nR: \u00a1S\u00ed! P\u00f3ngase en contacto con nosotros para ver v\u00eddeos de demostraci\u00f3n.<\/p>","protected":false},"excerpt":{"rendered":"<p>En el vertiginoso mundo del comercio electr\u00f3nico, el embalaje debe ser seguro, eficiente y respetuoso con el medio ambiente. Nuestras bolsas de mensajer\u00eda de fondo puntiagudo est\u00e1n dise\u00f1adas para satisfacer estas demandas, ofreciendo una alternativa elegante y sostenible a los sobres de pl\u00e1stico tradicionales. Centradas en la durabilidad y la comodidad de uso, estas bolsas son la soluci\u00f3n de embalaje perfecta para una gran variedad de productos, desde ropa hasta libros.<\/p>","protected":false},"featured_media":13219,"comment_status":"closed","ping_status":"closed","template":"","meta":{"_et_pb_use_builder":"","_et_pb_old_content":"","_et_gb_content_width":""},"product_cat":[300,297],"product_tag":[],"yoast_head":"<!-- This site is optimized with the Yoast SEO plugin v22.7 - https:\/\/yoast.com\/wordpress\/plugins\/seo\/ -->\n<title>Eco Friendly Mailing Envelopes - Nanwang Paper Packaging<\/title>\n<meta name=\"description\" content=\"Eco Friendly Mailing Envelopes - Nanwang Paper Packaging , we supply Luxury Paper Bags, Shopping Paper Bag, Paper Carry Bag, Delivery Bag for you with good price.\" \/>\n<meta name=\"robots\" content=\"index, follow, max-snippet:-1, max-image-preview:large, max-video-preview:-1\" \/>\n<link rel=\"canonical\" href=\"https:\/\/www.nanwangpaperbag.com\/es\/producto\/eco-friendly-mailing-envelopes-pointed-bottom-courier-bag-flat-mailers-for-e-commerce-apparel-documents\/\" \/>\n<meta property=\"og:locale\" content=\"es_ES\" \/>\n<meta property=\"og:type\" content=\"article\" \/>\n<meta property=\"og:title\" content=\"Eco Friendly Mailing Envelopes - Nanwang Paper Packaging\" \/>\n<meta property=\"og:description\" content=\"Eco Friendly Mailing Envelopes - Nanwang Paper Packaging , we supply Luxury Paper Bags, Shopping Paper Bag, Paper Carry Bag, Delivery Bag for you with good price.\" \/>\n<meta property=\"og:url\" content=\"https:\/\/www.nanwangpaperbag.com\/es\/producto\/eco-friendly-mailing-envelopes-pointed-bottom-courier-bag-flat-mailers-for-e-commerce-apparel-documents\/\" \/>\n<meta property=\"og:site_name\" content=\"Nanwang Paper Packaging\" \/>\n<meta property=\"article:publisher\" content=\"https:\/\/www.facebook.com\/NanwangPaperBag\" \/>\n<meta property=\"article:modified_time\" content=\"2025-08-05T08:08:25+00:00\" \/>\n<meta property=\"og:image\" content=\"https:\/\/www.nanwangpaperbag.com\/wp-content\/uploads\/2025\/08\/Eco-Friendly-Mailing-Envelopes-Pointed-Bottom-Courier-Bag-Flat-Mailers-for-E-commerce-Apparel-Documents4.webp\" \/>\n\t<meta property=\"og:image:width\" content=\"1100\" \/>\n\t<meta property=\"og:image:height\" content=\"1100\" \/>\n\t<meta property=\"og:image:type\" content=\"image\/webp\" \/>\n<meta name=\"twitter:card\" content=\"summary_large_image\" \/>\n<meta name=\"twitter:site\" content=\"@NanwangPack\" \/>\n<meta name=\"twitter:label1\" content=\"Tiempo de lectura\" \/>\n\t<meta name=\"twitter:data1\" content=\"3 minutos\" \/>\n<script type=\"application\/ld+json\" class=\"yoast-schema-graph\">{\"@context\":\"https:\/\/schema.org\",\"@graph\":[{\"@type\":\"WebPage\",\"@id\":\"https:\/\/www.nanwangpaperbag.com\/product\/eco-friendly-mailing-envelopes-pointed-bottom-courier-bag-flat-mailers-for-e-commerce-apparel-documents\/\",\"url\":\"https:\/\/www.nanwangpaperbag.com\/product\/eco-friendly-mailing-envelopes-pointed-bottom-courier-bag-flat-mailers-for-e-commerce-apparel-documents\/\",\"name\":\"Eco Friendly Mailing Envelopes - Nanwang Paper Packaging\",\"isPartOf\":{\"@id\":\"https:\/\/www.nanwangpaperbag.com\/#website\"},\"primaryImageOfPage\":{\"@id\":\"https:\/\/www.nanwangpaperbag.com\/product\/eco-friendly-mailing-envelopes-pointed-bottom-courier-bag-flat-mailers-for-e-commerce-apparel-documents\/#primaryimage\"},\"image\":{\"@id\":\"https:\/\/www.nanwangpaperbag.com\/product\/eco-friendly-mailing-envelopes-pointed-bottom-courier-bag-flat-mailers-for-e-commerce-apparel-documents\/#primaryimage\"},\"thumbnailUrl\":\"https:\/\/www.nanwangpaperbag.com\/wp-content\/uploads\/2025\/08\/Eco-Friendly-Mailing-Envelopes-Pointed-Bottom-Courier-Bag-Flat-Mailers-for-E-commerce-Apparel-Documents4.webp\",\"datePublished\":\"2025-08-05T08:07:01+00:00\",\"dateModified\":\"2025-08-05T08:08:25+00:00\",\"description\":\"Eco Friendly Mailing Envelopes - Nanwang Paper Packaging , we supply Luxury Paper Bags, Shopping Paper Bag, Paper Carry Bag, Delivery Bag for you with good price.\",\"breadcrumb\":{\"@id\":\"https:\/\/www.nanwangpaperbag.com\/product\/eco-friendly-mailing-envelopes-pointed-bottom-courier-bag-flat-mailers-for-e-commerce-apparel-documents\/#breadcrumb\"},\"inLanguage\":\"es\",\"potentialAction\":[{\"@type\":\"ReadAction\",\"target\":[\"https:\/\/www.nanwangpaperbag.com\/product\/eco-friendly-mailing-envelopes-pointed-bottom-courier-bag-flat-mailers-for-e-commerce-apparel-documents\/\"]}]},{\"@type\":\"ImageObject\",\"inLanguage\":\"es\",\"@id\":\"https:\/\/www.nanwangpaperbag.com\/product\/eco-friendly-mailing-envelopes-pointed-bottom-courier-bag-flat-mailers-for-e-commerce-apparel-documents\/#primaryimage\",\"url\":\"https:\/\/www.nanwangpaperbag.com\/wp-content\/uploads\/2025\/08\/Eco-Friendly-Mailing-Envelopes-Pointed-Bottom-Courier-Bag-Flat-Mailers-for-E-commerce-Apparel-Documents4.webp\",\"contentUrl\":\"https:\/\/www.nanwangpaperbag.com\/wp-content\/uploads\/2025\/08\/Eco-Friendly-Mailing-Envelopes-Pointed-Bottom-Courier-Bag-Flat-Mailers-for-E-commerce-Apparel-Documents4.webp\",\"width\":1100,\"height\":1100,\"caption\":\"Eco Friendly Mailing Envelopes Pointed Bottom Courier Bag Flat Mailers for E-commerce, Apparel & Documents\"},{\"@type\":\"BreadcrumbList\",\"@id\":\"https:\/\/www.nanwangpaperbag.com\/product\/eco-friendly-mailing-envelopes-pointed-bottom-courier-bag-flat-mailers-for-e-commerce-apparel-documents\/#breadcrumb\",\"itemListElement\":[{\"@type\":\"ListItem\",\"position\":1,\"name\":\"Home\",\"item\":\"https:\/\/www.nanwangpaperbag.com\/\"},{\"@type\":\"ListItem\",\"position\":2,\"name\":\"Productos\",\"item\":\"https:\/\/www.nanwangpaperbag.com\/es\/shop\/\"},{\"@type\":\"ListItem\",\"position\":3,\"name\":\"Eco Friendly Mailing Envelopes Pointed Bottom Courier Bag Flat Mailers for E-commerce, Apparel &#038; Documents\"}]},{\"@type\":\"WebSite\",\"@id\":\"https:\/\/www.nanwangpaperbag.com\/#website\",\"url\":\"https:\/\/www.nanwangpaperbag.com\/\",\"name\":\"Nanwang Paper Packaging\",\"description\":\"\",\"publisher\":{\"@id\":\"https:\/\/www.nanwangpaperbag.com\/#organization\"},\"potentialAction\":[{\"@type\":\"SearchAction\",\"target\":{\"@type\":\"EntryPoint\",\"urlTemplate\":\"https:\/\/www.nanwangpaperbag.com\/?s={search_term_string}\"},\"query-input\":\"required name=search_term_string\"}],\"inLanguage\":\"es\"},{\"@type\":\"Organization\",\"@id\":\"https:\/\/www.nanwangpaperbag.com\/#organization\",\"name\":\"Nanwang Pack\",\"url\":\"https:\/\/www.nanwangpaperbag.com\/\",\"logo\":{\"@type\":\"ImageObject\",\"inLanguage\":\"es\",\"@id\":\"https:\/\/www.nanwangpaperbag.com\/#\/schema\/logo\/image\/\",\"url\":\"https:\/\/www.nanwangpaperbag.com\/wp-content\/uploads\/2025\/03\/logo2.webp\",\"contentUrl\":\"https:\/\/www.nanwangpaperbag.com\/wp-content\/uploads\/2025\/03\/logo2.webp\",\"width\":433,\"height\":407,\"caption\":\"Nanwang Pack\"},\"image\":{\"@id\":\"https:\/\/www.nanwangpaperbag.com\/#\/schema\/logo\/image\/\"},\"sameAs\":[\"https:\/\/www.facebook.com\/NanwangPaperBag\",\"https:\/\/x.com\/NanwangPack\",\"https:\/\/www.linkedin.com\/company\/nanwang-paper-bag\/\",\"https:\/\/www.youtube.com\/@NanwangPaperBag\",\"https:\/\/www.tiktok.com\/@nanwangpaperbag\"]}]}<\/script>\n<!-- \/ Yoast SEO plugin. -->","yoast_head_json":{"title":"Eco Friendly Mailing Envelopes - Nanwang Paper Packaging","description":"Eco Friendly Mailing Envelopes - Nanwang Paper Packaging , we supply Luxury Paper Bags, Shopping Paper Bag, Paper Carry Bag, Delivery Bag for you with good price.","robots":{"index":"index","follow":"follow","max-snippet":"max-snippet:-1","max-image-preview":"max-image-preview:large","max-video-preview":"max-video-preview:-1"},"canonical":"https:\/\/www.nanwangpaperbag.com\/es\/producto\/eco-friendly-mailing-envelopes-pointed-bottom-courier-bag-flat-mailers-for-e-commerce-apparel-documents\/","og_locale":"es_ES","og_type":"article","og_title":"Eco Friendly Mailing Envelopes - Nanwang Paper Packaging","og_description":"Eco Friendly Mailing Envelopes - Nanwang Paper Packaging , we supply Luxury Paper Bags, Shopping Paper Bag, Paper Carry Bag, Delivery Bag for you with good price.","og_url":"https:\/\/www.nanwangpaperbag.com\/es\/producto\/eco-friendly-mailing-envelopes-pointed-bottom-courier-bag-flat-mailers-for-e-commerce-apparel-documents\/","og_site_name":"Nanwang Paper Packaging","article_publisher":"https:\/\/www.facebook.com\/NanwangPaperBag","article_modified_time":"2025-08-05T08:08:25+00:00","og_image":[{"width":1100,"height":1100,"url":"https:\/\/www.nanwangpaperbag.com\/wp-content\/uploads\/2025\/08\/Eco-Friendly-Mailing-Envelopes-Pointed-Bottom-Courier-Bag-Flat-Mailers-for-E-commerce-Apparel-Documents4.webp","type":"image\/webp"}],"twitter_card":"summary_large_image","twitter_site":"@NanwangPack","twitter_misc":{"Tiempo de lectura":"3 minutos"},"schema":{"@context":"https:\/\/schema.org","@graph":[{"@type":"WebPage","@id":"https:\/\/www.nanwangpaperbag.com\/product\/eco-friendly-mailing-envelopes-pointed-bottom-courier-bag-flat-mailers-for-e-commerce-apparel-documents\/","url":"https:\/\/www.nanwangpaperbag.com\/product\/eco-friendly-mailing-envelopes-pointed-bottom-courier-bag-flat-mailers-for-e-commerce-apparel-documents\/","name":"Eco Friendly Mailing Envelopes - Nanwang Paper Packaging","isPartOf":{"@id":"https:\/\/www.nanwangpaperbag.com\/#website"},"primaryImageOfPage":{"@id":"https:\/\/www.nanwangpaperbag.com\/product\/eco-friendly-mailing-envelopes-pointed-bottom-courier-bag-flat-mailers-for-e-commerce-apparel-documents\/#primaryimage"},"image":{"@id":"https:\/\/www.nanwangpaperbag.com\/product\/eco-friendly-mailing-envelopes-pointed-bottom-courier-bag-flat-mailers-for-e-commerce-apparel-documents\/#primaryimage"},"thumbnailUrl":"https:\/\/www.nanwangpaperbag.com\/wp-content\/uploads\/2025\/08\/Eco-Friendly-Mailing-Envelopes-Pointed-Bottom-Courier-Bag-Flat-Mailers-for-E-commerce-Apparel-Documents4.webp","datePublished":"2025-08-05T08:07:01+00:00","dateModified":"2025-08-05T08:08:25+00:00","description":"Eco Friendly Mailing Envelopes - Nanwang Paper Packaging , we supply Luxury Paper Bags, Shopping Paper Bag, Paper Carry Bag, Delivery Bag for you with good price.","breadcrumb":{"@id":"https:\/\/www.nanwangpaperbag.com\/product\/eco-friendly-mailing-envelopes-pointed-bottom-courier-bag-flat-mailers-for-e-commerce-apparel-documents\/#breadcrumb"},"inLanguage":"es","potentialAction":[{"@type":"ReadAction","target":["https:\/\/www.nanwangpaperbag.com\/product\/eco-friendly-mailing-envelopes-pointed-bottom-courier-bag-flat-mailers-for-e-commerce-apparel-documents\/"]}]},{"@type":"ImageObject","inLanguage":"es","@id":"https:\/\/www.nanwangpaperbag.com\/product\/eco-friendly-mailing-envelopes-pointed-bottom-courier-bag-flat-mailers-for-e-commerce-apparel-documents\/#primaryimage","url":"https:\/\/www.nanwangpaperbag.com\/wp-content\/uploads\/2025\/08\/Eco-Friendly-Mailing-Envelopes-Pointed-Bottom-Courier-Bag-Flat-Mailers-for-E-commerce-Apparel-Documents4.webp","contentUrl":"https:\/\/www.nanwangpaperbag.com\/wp-content\/uploads\/2025\/08\/Eco-Friendly-Mailing-Envelopes-Pointed-Bottom-Courier-Bag-Flat-Mailers-for-E-commerce-Apparel-Documents4.webp","width":1100,"height":1100,"caption":"Eco Friendly Mailing Envelopes Pointed Bottom Courier Bag Flat Mailers for E-commerce, Apparel & Documents"},{"@type":"BreadcrumbList","@id":"https:\/\/www.nanwangpaperbag.com\/product\/eco-friendly-mailing-envelopes-pointed-bottom-courier-bag-flat-mailers-for-e-commerce-apparel-documents\/#breadcrumb","itemListElement":[{"@type":"ListItem","position":1,"name":"Home","item":"https:\/\/www.nanwangpaperbag.com\/"},{"@type":"ListItem","position":2,"name":"Productos","item":"https:\/\/www.nanwangpaperbag.com\/es\/shop\/"},{"@type":"ListItem","position":3,"name":"Eco Friendly Mailing Envelopes Pointed Bottom Courier Bag Flat Mailers for E-commerce, Apparel &#038; Documents"}]},{"@type":"WebSite","@id":"https:\/\/www.nanwangpaperbag.com\/#website","url":"https:\/\/www.nanwangpaperbag.com\/","name":"Nanwang Paper Packaging","description":"","publisher":{"@id":"https:\/\/www.nanwangpaperbag.com\/#organization"},"potentialAction":[{"@type":"SearchAction","target":{"@type":"EntryPoint","urlTemplate":"https:\/\/www.nanwangpaperbag.com\/?s={search_term_string}"},"query-input":"required name=search_term_string"}],"inLanguage":"es"},{"@type":"Organization","@id":"https:\/\/www.nanwangpaperbag.com\/#organization","name":"Nanwang Pack","url":"https:\/\/www.nanwangpaperbag.com\/","logo":{"@type":"ImageObject","inLanguage":"es","@id":"https:\/\/www.nanwangpaperbag.com\/#\/schema\/logo\/image\/","url":"https:\/\/www.nanwangpaperbag.com\/wp-content\/uploads\/2025\/03\/logo2.webp","contentUrl":"https:\/\/www.nanwangpaperbag.com\/wp-content\/uploads\/2025\/03\/logo2.webp","width":433,"height":407,"caption":"Nanwang Pack"},"image":{"@id":"https:\/\/www.nanwangpaperbag.com\/#\/schema\/logo\/image\/"},"sameAs":["https:\/\/www.facebook.com\/NanwangPaperBag","https:\/\/x.com\/NanwangPack","https:\/\/www.linkedin.com\/company\/nanwang-paper-bag\/","https:\/\/www.youtube.com\/@NanwangPaperBag","https:\/\/www.tiktok.com\/@nanwangpaperbag"]}]}},"_links":{"self":[{"href":"https:\/\/www.nanwangpaperbag.com\/es\/wp-json\/wp\/v2\/product\/13217"}],"collection":[{"href":"https:\/\/www.nanwangpaperbag.com\/es\/wp-json\/wp\/v2\/product"}],"about":[{"href":"https:\/\/www.nanwangpaperbag.com\/es\/wp-json\/wp\/v2\/types\/product"}],"replies":[{"embeddable":true,"href":"https:\/\/www.nanwangpaperbag.com\/es\/wp-json\/wp\/v2\/comments?post=13217"}],"wp:featuredmedia":[{"embeddable":true,"href":"https:\/\/www.nanwangpaperbag.com\/es\/wp-json\/wp\/v2\/media\/13219"}],"wp:attachment":[{"href":"https:\/\/www.nanwangpaperbag.com\/es\/wp-json\/wp\/v2\/media?parent=13217"}],"wp:term":[{"taxonomy":"product_cat","embeddable":true,"href":"https:\/\/www.nanwangpaperbag.com\/es\/wp-json\/wp\/v2\/product_cat?post=13217"},{"taxonomy":"product_tag","embeddable":true,"href":"https:\/\/www.nanwangpaperbag.com\/es\/wp-json\/wp\/v2\/product_tag?post=13217"}],"curies":[{"name":"wp","href":"https:\/\/api.w.org\/{rel}","templated":true}]}}