{"id":12111,"date":"2025-04-15T06:51:30","date_gmt":"2025-04-15T06:51:30","guid":{"rendered":"https:\/\/www.nanwangpaperbag.com\/?post_type=product&#038;p=12111"},"modified":"2025-05-15T02:48:51","modified_gmt":"2025-05-15T02:48:51","slug":"die-cut-handle-paper-bag","status":"publish","type":"product","link":"https:\/\/www.nanwangpaperbag.com\/fr\/produit\/die-cut-handle-paper-bag\/","title":{"rendered":"Sac en papier \u00e0 poign\u00e9e d\u00e9coup\u00e9e"},"content":{"rendered":"<p><a href=\"https:\/\/www.nanwangpaperbag.com\/fr\/produit\/die-cut-handle-paper-bag\/\"><strong>Sac en papier \u00e0 poign\u00e9e d\u00e9coup\u00e9e<\/strong><\/a> est id\u00e9al pour les cadeaux et les travaux manuels. Il est dot\u00e9 d'une poign\u00e9e d\u00e9coup\u00e9e pratique pour un transport ais\u00e9. Ce sac est une alternative \u00e9cologique aux sacs en plastique traditionnels, r\u00e9duisant notre empreinte carbone gr\u00e2ce \u00e0 des mat\u00e9riaux biod\u00e9gradables et \u00e0 une utilisation minimale des ressources. Personnalisez-le avec du papier de soie color\u00e9 ou votre logo. Il est conforme aux normes FSC et fabriqu\u00e9 \u00e0 partir de papier recyclable 100%.<br \/>\nNos sacs en papier \u00e0 poign\u00e9e d\u00e9coup\u00e9e sont produits selon des processus enti\u00e8rement automatis\u00e9s, ce qui garantit une qualit\u00e9 stable et une productivit\u00e9 \u00e9lev\u00e9e. En tant que produit <a href=\"https:\/\/www.nanwangpaperbag.com\/fr\/category\/retail-paper-bags\/\"><strong>grossiste en sacs en papier<\/strong><\/a> Avec une \u00e9quipe professionnelle de recherche et d\u00e9veloppement, nous pouvons transformer vos id\u00e9es en produits tangibles. Vous avez le choix entre deux options de renforcement de la poign\u00e9e : plastique durable et r\u00e9sistant ou papier, tous deux maintenus fermement par un adh\u00e9sif puissant.<\/p>\n<p><img loading=\"lazy\" decoding=\"async\" class=\"wp-image-12118 aligncenter\" data-src=\"https:\/\/www.nanwangpaperbag.com\/wp-content\/uploads\/2025\/04\/Die-Cut-Paper-Bag-1.webp\" alt=\"Sac en papier \u00e0 poign\u00e9e d\u00e9coup\u00e9e \" width=\"490\" height=\"386\" srcset=\"https:\/\/www.nanwangpaperbag.com\/wp-content\/uploads\/2025\/04\/Die-Cut-Paper-Bag-1.webp 490w, https:\/\/www.nanwangpaperbag.com\/wp-content\/uploads\/2025\/04\/Die-Cut-Paper-Bag-1-480x378.webp 480w\" sizes=\"(min-width: 0px) and (max-width: 480px) 480px, (min-width: 481px) 490px, 100vw\" \/><\/p>\n<h2>Tailles standard NanWang<\/h2>\n<table class=\"tg\" style=\"border-collapse: collapse; border-spacing: 0;\">\n<thead>\n<tr>\n<th style=\"font-family: Arial, sans-serif; font-size: 14px; font-weight: normal; overflow: hidden; padding: 10px 5px; text-align: center; vertical-align: top; word-break: normal; border: 1px solid black;\">Code Ltem<\/th>\n<th style=\"font-family: Arial, sans-serif; font-size: 14px; font-weight: normal; overflow: hidden; padding: 10px 5px; text-align: center; vertical-align: top; word-break: normal; border: 1px solid black;\">Dimensions du sac (mm)<br \/>\n( Largeur x Hauteur x Soufflet )<\/th>\n<th style=\"font-family: Arial, sans-serif; font-size: 14px; font-weight: normal; overflow: hidden; padding: 10px 5px; text-align: center; vertical-align: top; word-break: normal; border: 1px solid black;\">Dimensions du sac (pouces)<br \/>\n( Largeur x Hauteur x Soufflet )<\/th>\n<th style=\"font-family: Arial, sans-serif; font-size: 14px; font-weight: normal; overflow: hidden; padding: 10px 5px; text-align: center; vertical-align: top; word-break: normal; border: 1px solid black;\">Taille de l'emballage<br \/>\n(pcs \/ ctn)<\/th>\n<th style=\"font-family: Arial, sans-serif; font-size: 14px; font-weight: normal; overflow: hidden; padding: 10px 5px; text-align: center; vertical-align: top; word-break: normal; border: 1px solid black;\">Plain MOQ<br \/>\n(pcs)<\/th>\n<th style=\"font-family: Arial, sans-serif; font-size: 14px; font-weight: normal; overflow: hidden; padding: 10px 5px; text-align: center; vertical-align: top; word-break: normal; border: 1px solid black;\">Imprim\u00e9 MOQ<br \/>\n(pcs)<\/th>\n<\/tr>\n<\/thead>\n<tbody>\n<tr>\n<td style=\"font-family: Arial, sans-serif; font-size: 14px; overflow: hidden; padding: 10px 5px; text-align: center; vertical-align: top; word-break: normal; border: 1px solid black;\">NWD240NA<\/td>\n<td style=\"font-family: Arial, sans-serif; font-size: 14px; overflow: hidden; padding: 10px 5px; text-align: center; vertical-align: top; word-break: normal; border: 1px solid black;\">240x350x120mm<\/td>\n<td style=\"font-family: Arial, sans-serif; font-size: 14px; overflow: hidden; padding: 10px 5px; text-align: center; vertical-align: top; word-break: normal; border: 1px solid black;\">9.45\u2033x13.78\u2033x4.72\u2033<\/td>\n<td style=\"font-family: Arial, sans-serif; font-size: 14px; overflow: hidden; padding: 10px 5px; text-align: center; vertical-align: top; word-break: normal; border: 1px solid black;\">400<\/td>\n<td style=\"font-family: Arial, sans-serif; font-size: 14px; overflow: hidden; padding: 10px 5px; text-align: center; vertical-align: top; word-break: normal; border: 1px solid black;\">100000<\/td>\n<td style=\"font-family: Arial, sans-serif; font-size: 14px; overflow: hidden; padding: 10px 5px; text-align: center; vertical-align: top; word-break: normal; border: 1px solid black;\">100000<\/td>\n<\/tr>\n<tr>\n<td style=\"font-family: Arial, sans-serif; font-size: 14px; overflow: hidden; padding: 10px 5px; text-align: center; vertical-align: top; word-break: normal; border: 1px solid black;\">NWD270NA<\/td>\n<td style=\"font-family: Arial, sans-serif; font-size: 14px; overflow: hidden; padding: 10px 5px; text-align: center; vertical-align: top; word-break: normal; border: 1px solid black;\">270x280x100mm<\/td>\n<td style=\"font-family: Arial, sans-serif; font-size: 14px; overflow: hidden; padding: 10px 5px; text-align: center; vertical-align: top; word-break: normal; border: 1px solid black;\">10.63\u2033x11\u2033x3.94\u2033<\/td>\n<td style=\"font-family: Arial, sans-serif; font-size: 14px; overflow: hidden; padding: 10px 5px; text-align: center; vertical-align: top; word-break: normal; border: 1px solid black;\">400<\/td>\n<td style=\"font-family: Arial, sans-serif; font-size: 14px; overflow: hidden; padding: 10px 5px; text-align: center; vertical-align: top; word-break: normal; border: 1px solid black;\">100000<\/td>\n<td style=\"font-family: Arial, sans-serif; font-size: 14px; overflow: hidden; padding: 10px 5px; text-align: center; vertical-align: top; word-break: normal; border: 1px solid black;\">100000<\/td>\n<\/tr>\n<tr>\n<td style=\"font-family: Arial, sans-serif; font-size: 14px; overflow: hidden; padding: 10px 5px; text-align: center; vertical-align: top; word-break: normal; border: 1px solid black;\">NWD270NA<\/td>\n<td style=\"font-family: Arial, sans-serif; font-size: 14px; overflow: hidden; padding: 10px 5px; text-align: center; vertical-align: top; word-break: normal; border: 1px solid black;\">270x350x140mm<\/td>\n<td style=\"font-family: Arial, sans-serif; font-size: 14px; overflow: hidden; padding: 10px 5px; text-align: center; vertical-align: top; word-break: normal; border: 1px solid black;\">10.63\u2033x13.78\u2033x5.5\u2033<\/td>\n<td style=\"font-family: Arial, sans-serif; font-size: 14px; overflow: hidden; padding: 10px 5px; text-align: center; vertical-align: top; word-break: normal; border: 1px solid black;\">300<\/td>\n<td style=\"font-family: Arial, sans-serif; font-size: 14px; overflow: hidden; padding: 10px 5px; text-align: center; vertical-align: top; word-break: normal; border: 1px solid black;\">100000<\/td>\n<td style=\"font-family: Arial, sans-serif; font-size: 14px; overflow: hidden; padding: 10px 5px; text-align: center; vertical-align: top; word-break: normal; border: 1px solid black;\">100000<\/td>\n<\/tr>\n<\/tbody>\n<\/table>\n<h2>MAT\u00c9RIAU STANDARD RECOMMANDER<\/h2>\n<ul>\n<li>Papier kraft blanc 110\/120GSM<\/li>\n<li>Papier kraft vierge brun 120GSM<\/li>\n<li>Papier kraft versa recycl\u00e9 110\/125GSM<\/li>\n<li>90\/100\/110\/120GSM PCW Papier kraft brun<\/li>\n<\/ul>\n<h2>Gammes de tailles<\/h2>\n<ol>\n<li>Largeur 120-280mm \/ 4.72\u2033-11\u2033inches<\/li>\n<li>Hauteur 220-460mm \/ 8.66\u2033-18.11\u2033inches<\/li>\n<li>Gousset 70-150mm \/ 2.76\u2033-5.91\u2033 pouces<\/li>\n<\/ol>\n<h2>Caract\u00e9ristiques<\/h2>\n<ul>\n<li>Bien structur\u00e9 avec des poign\u00e9es renforc\u00e9es en plastique lourd<\/li>\n<li>Facile \u00e0 tenir et \u00e0 remplir<\/li>\n<li>Recyclable et \u00e9cologique<\/li>\n<li>Utilisation : Cadeaux et artisanat, restauration rapide<\/li>\n<\/ul>\n<h2>FAQ<\/h2>\n<p>Q1 : Comment puis-je savoir que ma commande a \u00e9t\u00e9 accept\u00e9e ?<br \/>\nR : Nous vous enverrons le contrat par courrier \u00e9lectronique et vous le confirmerez en le signant et en le d\u00e9posant.<\/p>\n<p>Q2 : Quel est le d\u00e9lai de livraison de ma commande ?<br \/>\nR : Cela d\u00e9pend de la quantit\u00e9, du style et des mati\u00e8res premi\u00e8res. Veuillez me communiquer les d\u00e9tails de la commande et nous vous indiquerons la marche \u00e0 suivre.<\/p>\n<p>Q3 : Combien de couleurs pouvez-vous faire ?<br \/>\nA : 8 couleurs.<\/p>\n<p>Q4 : Qu'est-ce que la r\u00e9f\u00e9rence de qualit\u00e9 ?<br \/>\nR : Identique et identique aux \u00e9chantillons soumis.<\/p>\n<p>Q5 : Quelle est votre politique de qualit\u00e9 ?<br \/>\nR : Nous avons des proc\u00e9dures d'exploitation normalis\u00e9es strictes en mati\u00e8re de contr\u00f4le de la qualit\u00e9. Nous pouvons personnaliser un manuel de qualit\u00e9 exclusif pour votre produit, et l'usine ex\u00e9cute la commande conform\u00e9ment \u00e0 ce manuel.<\/p>","protected":false},"excerpt":{"rendered":"<p>Article:Sac en papier \u00e0 poign\u00e9e d\u00e9coup\u00e9e<br \/>\nTaille : Sur mesure<br \/>\nStyle\uff1apatch handle ;Die cut handle<br \/>\nTypes de papier\uff1aVirgin\uff0cRecycled\uff0cCoated\uff0cou Versa kraft<br \/>\nFinition : mat naturel<br \/>\nPoids du papier\uff1a60-120 g\/\u33a1<br \/>\nR\u00e9sistance du sac\uff1ajusqu'\u00e0 2 KG<br \/>\nCouleurs d'impression\uff1a8 couleurs<\/p>","protected":false},"featured_media":12119,"comment_status":"open","ping_status":"closed","template":"","meta":{"_et_pb_use_builder":"","_et_pb_old_content":"","_et_gb_content_width":""},"product_cat":[266,261],"product_tag":[274,275],"yoast_head":"<!-- This site is optimized with the Yoast SEO plugin v22.7 - https:\/\/yoast.com\/wordpress\/plugins\/seo\/ -->\n<title>Die Cut Handle Paper Bag - Nanwang Paper Packaging<\/title>\n<meta name=\"description\" content=\"Die Cut Handle Paper Bag - Nanwang Paper Packaging , we supply Luxury Paper Bags, Shopping Paper Bag, Paper Carry Bag, Delivery Bag for you with good price.\" \/>\n<meta name=\"robots\" content=\"index, follow, max-snippet:-1, max-image-preview:large, max-video-preview:-1\" \/>\n<link rel=\"canonical\" href=\"https:\/\/www.nanwangpaperbag.com\/fr\/produit\/die-cut-handle-paper-bag\/\" \/>\n<meta property=\"og:locale\" content=\"fr_FR\" \/>\n<meta property=\"og:type\" content=\"article\" \/>\n<meta property=\"og:title\" content=\"Die Cut Handle Paper Bag - Nanwang Paper Packaging\" \/>\n<meta property=\"og:description\" content=\"Die Cut Handle Paper Bag - Nanwang Paper Packaging , we supply Luxury Paper Bags, Shopping Paper Bag, Paper Carry Bag, Delivery Bag for you with good price.\" \/>\n<meta property=\"og:url\" content=\"https:\/\/www.nanwangpaperbag.com\/fr\/produit\/die-cut-handle-paper-bag\/\" \/>\n<meta property=\"og:site_name\" content=\"Nanwang Paper Packaging\" \/>\n<meta property=\"article:publisher\" content=\"https:\/\/www.facebook.com\/NanwangPaperBag\" \/>\n<meta property=\"article:modified_time\" content=\"2025-05-15T02:48:51+00:00\" \/>\n<meta property=\"og:image\" content=\"https:\/\/www.nanwangpaperbag.com\/wp-content\/uploads\/2025\/04\/Die-Cut-Handle-Paper-Bag-1.webp\" \/>\n\t<meta property=\"og:image:width\" content=\"800\" \/>\n\t<meta property=\"og:image:height\" content=\"800\" \/>\n\t<meta property=\"og:image:type\" content=\"image\/webp\" \/>\n<meta name=\"twitter:card\" content=\"summary_large_image\" \/>\n<meta name=\"twitter:site\" content=\"@NanwangPack\" \/>\n<meta name=\"twitter:label1\" content=\"Dur\u00e9e de lecture estim\u00e9e\" \/>\n\t<meta name=\"twitter:data1\" content=\"2 minutes\" \/>\n<script type=\"application\/ld+json\" class=\"yoast-schema-graph\">{\"@context\":\"https:\/\/schema.org\",\"@graph\":[{\"@type\":\"WebPage\",\"@id\":\"https:\/\/www.nanwangpaperbag.com\/product\/die-cut-handle-paper-bag\/\",\"url\":\"https:\/\/www.nanwangpaperbag.com\/product\/die-cut-handle-paper-bag\/\",\"name\":\"Die Cut Handle Paper Bag - Nanwang Paper Packaging\",\"isPartOf\":{\"@id\":\"https:\/\/www.nanwangpaperbag.com\/#website\"},\"primaryImageOfPage\":{\"@id\":\"https:\/\/www.nanwangpaperbag.com\/product\/die-cut-handle-paper-bag\/#primaryimage\"},\"image\":{\"@id\":\"https:\/\/www.nanwangpaperbag.com\/product\/die-cut-handle-paper-bag\/#primaryimage\"},\"thumbnailUrl\":\"https:\/\/www.nanwangpaperbag.com\/wp-content\/uploads\/2025\/04\/Die-Cut-Handle-Paper-Bag-1.webp\",\"datePublished\":\"2025-04-15T06:51:30+00:00\",\"dateModified\":\"2025-05-15T02:48:51+00:00\",\"description\":\"Die Cut Handle Paper Bag - Nanwang Paper Packaging , we supply Luxury Paper Bags, Shopping Paper Bag, Paper Carry Bag, Delivery Bag for you with good price.\",\"breadcrumb\":{\"@id\":\"https:\/\/www.nanwangpaperbag.com\/product\/die-cut-handle-paper-bag\/#breadcrumb\"},\"inLanguage\":\"fr-FR\",\"potentialAction\":[{\"@type\":\"ReadAction\",\"target\":[\"https:\/\/www.nanwangpaperbag.com\/product\/die-cut-handle-paper-bag\/\"]}]},{\"@type\":\"ImageObject\",\"inLanguage\":\"fr-FR\",\"@id\":\"https:\/\/www.nanwangpaperbag.com\/product\/die-cut-handle-paper-bag\/#primaryimage\",\"url\":\"https:\/\/www.nanwangpaperbag.com\/wp-content\/uploads\/2025\/04\/Die-Cut-Handle-Paper-Bag-1.webp\",\"contentUrl\":\"https:\/\/www.nanwangpaperbag.com\/wp-content\/uploads\/2025\/04\/Die-Cut-Handle-Paper-Bag-1.webp\",\"width\":800,\"height\":800,\"caption\":\"Die Cut Handle Paper Bag\"},{\"@type\":\"BreadcrumbList\",\"@id\":\"https:\/\/www.nanwangpaperbag.com\/product\/die-cut-handle-paper-bag\/#breadcrumb\",\"itemListElement\":[{\"@type\":\"ListItem\",\"position\":1,\"name\":\"Home\",\"item\":\"https:\/\/www.nanwangpaperbag.com\/\"},{\"@type\":\"ListItem\",\"position\":2,\"name\":\"Productos\",\"item\":\"https:\/\/www.nanwangpaperbag.com\/es\/shop\/\"},{\"@type\":\"ListItem\",\"position\":3,\"name\":\"Die Cut Handle Paper Bag\"}]},{\"@type\":\"WebSite\",\"@id\":\"https:\/\/www.nanwangpaperbag.com\/#website\",\"url\":\"https:\/\/www.nanwangpaperbag.com\/\",\"name\":\"Nanwang Paper Packaging\",\"description\":\"\",\"publisher\":{\"@id\":\"https:\/\/www.nanwangpaperbag.com\/#organization\"},\"potentialAction\":[{\"@type\":\"SearchAction\",\"target\":{\"@type\":\"EntryPoint\",\"urlTemplate\":\"https:\/\/www.nanwangpaperbag.com\/?s={search_term_string}\"},\"query-input\":\"required name=search_term_string\"}],\"inLanguage\":\"fr-FR\"},{\"@type\":\"Organization\",\"@id\":\"https:\/\/www.nanwangpaperbag.com\/#organization\",\"name\":\"Nanwang Pack\",\"url\":\"https:\/\/www.nanwangpaperbag.com\/\",\"logo\":{\"@type\":\"ImageObject\",\"inLanguage\":\"fr-FR\",\"@id\":\"https:\/\/www.nanwangpaperbag.com\/#\/schema\/logo\/image\/\",\"url\":\"https:\/\/www.nanwangpaperbag.com\/wp-content\/uploads\/2025\/03\/logo2.webp\",\"contentUrl\":\"https:\/\/www.nanwangpaperbag.com\/wp-content\/uploads\/2025\/03\/logo2.webp\",\"width\":433,\"height\":407,\"caption\":\"Nanwang Pack\"},\"image\":{\"@id\":\"https:\/\/www.nanwangpaperbag.com\/#\/schema\/logo\/image\/\"},\"sameAs\":[\"https:\/\/www.facebook.com\/NanwangPaperBag\",\"https:\/\/x.com\/NanwangPack\",\"https:\/\/www.linkedin.com\/company\/nanwang-paper-bag\/\",\"https:\/\/www.youtube.com\/@NanwangPaperBag\",\"https:\/\/www.tiktok.com\/@nanwangpaperbag\"]}]}<\/script>\n<!-- \/ Yoast SEO plugin. -->","yoast_head_json":{"title":"Die Cut Handle Paper Bag - Nanwang Paper Packaging","description":"Die Cut Handle Paper Bag - Nanwang Paper Packaging , we supply Luxury Paper Bags, Shopping Paper Bag, Paper Carry Bag, Delivery Bag for you with good price.","robots":{"index":"index","follow":"follow","max-snippet":"max-snippet:-1","max-image-preview":"max-image-preview:large","max-video-preview":"max-video-preview:-1"},"canonical":"https:\/\/www.nanwangpaperbag.com\/fr\/produit\/die-cut-handle-paper-bag\/","og_locale":"fr_FR","og_type":"article","og_title":"Die Cut Handle Paper Bag - Nanwang Paper Packaging","og_description":"Die Cut Handle Paper Bag - Nanwang Paper Packaging , we supply Luxury Paper Bags, Shopping Paper Bag, Paper Carry Bag, Delivery Bag for you with good price.","og_url":"https:\/\/www.nanwangpaperbag.com\/fr\/produit\/die-cut-handle-paper-bag\/","og_site_name":"Nanwang Paper Packaging","article_publisher":"https:\/\/www.facebook.com\/NanwangPaperBag","article_modified_time":"2025-05-15T02:48:51+00:00","og_image":[{"width":800,"height":800,"url":"https:\/\/www.nanwangpaperbag.com\/wp-content\/uploads\/2025\/04\/Die-Cut-Handle-Paper-Bag-1.webp","type":"image\/webp"}],"twitter_card":"summary_large_image","twitter_site":"@NanwangPack","twitter_misc":{"Dur\u00e9e de lecture estim\u00e9e":"2 minutes"},"schema":{"@context":"https:\/\/schema.org","@graph":[{"@type":"WebPage","@id":"https:\/\/www.nanwangpaperbag.com\/product\/die-cut-handle-paper-bag\/","url":"https:\/\/www.nanwangpaperbag.com\/product\/die-cut-handle-paper-bag\/","name":"Die Cut Handle Paper Bag - Nanwang Paper Packaging","isPartOf":{"@id":"https:\/\/www.nanwangpaperbag.com\/#website"},"primaryImageOfPage":{"@id":"https:\/\/www.nanwangpaperbag.com\/product\/die-cut-handle-paper-bag\/#primaryimage"},"image":{"@id":"https:\/\/www.nanwangpaperbag.com\/product\/die-cut-handle-paper-bag\/#primaryimage"},"thumbnailUrl":"https:\/\/www.nanwangpaperbag.com\/wp-content\/uploads\/2025\/04\/Die-Cut-Handle-Paper-Bag-1.webp","datePublished":"2025-04-15T06:51:30+00:00","dateModified":"2025-05-15T02:48:51+00:00","description":"Die Cut Handle Paper Bag - Nanwang Paper Packaging , we supply Luxury Paper Bags, Shopping Paper Bag, Paper Carry Bag, Delivery Bag for you with good price.","breadcrumb":{"@id":"https:\/\/www.nanwangpaperbag.com\/product\/die-cut-handle-paper-bag\/#breadcrumb"},"inLanguage":"fr-FR","potentialAction":[{"@type":"ReadAction","target":["https:\/\/www.nanwangpaperbag.com\/product\/die-cut-handle-paper-bag\/"]}]},{"@type":"ImageObject","inLanguage":"fr-FR","@id":"https:\/\/www.nanwangpaperbag.com\/product\/die-cut-handle-paper-bag\/#primaryimage","url":"https:\/\/www.nanwangpaperbag.com\/wp-content\/uploads\/2025\/04\/Die-Cut-Handle-Paper-Bag-1.webp","contentUrl":"https:\/\/www.nanwangpaperbag.com\/wp-content\/uploads\/2025\/04\/Die-Cut-Handle-Paper-Bag-1.webp","width":800,"height":800,"caption":"Die Cut Handle Paper Bag"},{"@type":"BreadcrumbList","@id":"https:\/\/www.nanwangpaperbag.com\/product\/die-cut-handle-paper-bag\/#breadcrumb","itemListElement":[{"@type":"ListItem","position":1,"name":"Home","item":"https:\/\/www.nanwangpaperbag.com\/"},{"@type":"ListItem","position":2,"name":"Productos","item":"https:\/\/www.nanwangpaperbag.com\/es\/shop\/"},{"@type":"ListItem","position":3,"name":"Die Cut Handle Paper Bag"}]},{"@type":"WebSite","@id":"https:\/\/www.nanwangpaperbag.com\/#website","url":"https:\/\/www.nanwangpaperbag.com\/","name":"Nanwang Paper Packaging","description":"","publisher":{"@id":"https:\/\/www.nanwangpaperbag.com\/#organization"},"potentialAction":[{"@type":"SearchAction","target":{"@type":"EntryPoint","urlTemplate":"https:\/\/www.nanwangpaperbag.com\/?s={search_term_string}"},"query-input":"required name=search_term_string"}],"inLanguage":"fr-FR"},{"@type":"Organization","@id":"https:\/\/www.nanwangpaperbag.com\/#organization","name":"Nanwang Pack","url":"https:\/\/www.nanwangpaperbag.com\/","logo":{"@type":"ImageObject","inLanguage":"fr-FR","@id":"https:\/\/www.nanwangpaperbag.com\/#\/schema\/logo\/image\/","url":"https:\/\/www.nanwangpaperbag.com\/wp-content\/uploads\/2025\/03\/logo2.webp","contentUrl":"https:\/\/www.nanwangpaperbag.com\/wp-content\/uploads\/2025\/03\/logo2.webp","width":433,"height":407,"caption":"Nanwang Pack"},"image":{"@id":"https:\/\/www.nanwangpaperbag.com\/#\/schema\/logo\/image\/"},"sameAs":["https:\/\/www.facebook.com\/NanwangPaperBag","https:\/\/x.com\/NanwangPack","https:\/\/www.linkedin.com\/company\/nanwang-paper-bag\/","https:\/\/www.youtube.com\/@NanwangPaperBag","https:\/\/www.tiktok.com\/@nanwangpaperbag"]}]}},"_links":{"self":[{"href":"https:\/\/www.nanwangpaperbag.com\/fr\/wp-json\/wp\/v2\/product\/12111"}],"collection":[{"href":"https:\/\/www.nanwangpaperbag.com\/fr\/wp-json\/wp\/v2\/product"}],"about":[{"href":"https:\/\/www.nanwangpaperbag.com\/fr\/wp-json\/wp\/v2\/types\/product"}],"replies":[{"embeddable":true,"href":"https:\/\/www.nanwangpaperbag.com\/fr\/wp-json\/wp\/v2\/comments?post=12111"}],"wp:featuredmedia":[{"embeddable":true,"href":"https:\/\/www.nanwangpaperbag.com\/fr\/wp-json\/wp\/v2\/media\/12119"}],"wp:attachment":[{"href":"https:\/\/www.nanwangpaperbag.com\/fr\/wp-json\/wp\/v2\/media?parent=12111"}],"wp:term":[{"taxonomy":"product_cat","embeddable":true,"href":"https:\/\/www.nanwangpaperbag.com\/fr\/wp-json\/wp\/v2\/product_cat?post=12111"},{"taxonomy":"product_tag","embeddable":true,"href":"https:\/\/www.nanwangpaperbag.com\/fr\/wp-json\/wp\/v2\/product_tag?post=12111"}],"curies":[{"name":"wp","href":"https:\/\/api.w.org\/{rel}","templated":true}]}}