{"id":12142,"date":"2025-04-15T08:45:56","date_gmt":"2025-04-15T08:45:56","guid":{"rendered":"https:\/\/www.nanwangpaperbag.com\/?post_type=product&#038;p=12142"},"modified":"2025-04-16T09:08:07","modified_gmt":"2025-04-16T09:08:07","slug":"sos-paper-bags","status":"publish","type":"product","link":"https:\/\/www.nanwangpaperbag.com\/fr\/produit\/sacs-en-papier-sos\/","title":{"rendered":"Sacs en papier SOS"},"content":{"rendered":"<p><a href=\"https:\/\/www.nanwangpaperbag.com\/fr\/produit\/sacs-en-papier-sos\/\"><strong>Sacs en papier SOS<\/strong><\/a> offrent une solution d'emballage pratique pour les restaurants \u00e0 service rapide. Utilisant les machines #4 et #8 de H.G. Weber Inc. ces sacs sont disponibles en diff\u00e9rentes tailles et peuvent \u00eatre imprim\u00e9s jusqu'\u00e0 7 couleurs. Le choix de sacs avec fen\u00eatres permet aux clients de voir le contenu, tandis que les options avec fermeture en \u00e9tain permettent de conserver la fra\u00eecheur des aliments. Fabriqu\u00e9s \u00e0 partir de papier blanc et kraft de qualit\u00e9 alimentaire, ces sacs recyclables et \u00e9cologiques sont imprim\u00e9s avec des encres non toxiques \u00e0 base d'eau pour garantir la s\u00e9curit\u00e9.<\/p>\n<p><img loading=\"lazy\" decoding=\"async\" class=\"wp-image-12145 aligncenter\" data-src=\"https:\/\/www.nanwangpaperbag.com\/wp-content\/uploads\/2025\/04\/SOS-Paper-Bags-1.webp\" alt=\"Sacs en papier SOS \" width=\"548\" height=\"548\" srcset=\"https:\/\/www.nanwangpaperbag.com\/wp-content\/uploads\/2025\/04\/SOS-Paper-Bags-1.webp 548w, https:\/\/www.nanwangpaperbag.com\/wp-content\/uploads\/2025\/04\/SOS-Paper-Bags-1-480x480.webp 480w\" sizes=\"(min-width: 0px) and (max-width: 480px) 480px, (min-width: 481px) 548px, 100vw\" \/><\/p>\n<h2>Tailles standard NanWang<\/h2>\n<table class=\"tg\" style=\"border-collapse: collapse; border-spacing: 0;\">\n<thead>\n<tr>\n<th style=\"font-family: Arial, sans-serif; font-size: 14px; font-weight: normal; overflow: hidden; padding: 10px 5px; text-align: center; vertical-align: top; word-break: normal; border: 1px solid black;\"><span style=\"font-weight: normal;\">Code Ltem<\/span><\/th>\n<th style=\"font-family: Arial, sans-serif; font-size: 14px; font-weight: normal; overflow: hidden; padding: 10px 5px; text-align: center; vertical-align: top; word-break: normal; border: 1px solid black;\"><span style=\"font-weight: normal;\">Dimensions du sac (mm)<\/span><br \/>\n<span style=\"font-weight: normal;\">( Largeur x Hauteur x Soufflet )<\/span><\/th>\n<th style=\"font-family: Arial, sans-serif; font-size: 14px; font-weight: normal; overflow: hidden; padding: 10px 5px; text-align: center; vertical-align: top; word-break: normal; border: 1px solid black;\"><span style=\"font-weight: normal;\">Dimensions du sac (pouces)<\/span><br \/>\n<span style=\"font-weight: normal;\">( Largeur x Hauteur x Soufflet )<\/span><\/th>\n<th style=\"font-family: Arial, sans-serif; font-size: 14px; font-weight: normal; overflow: hidden; padding: 10px 5px; text-align: center; vertical-align: top; word-break: normal; border: 1px solid black;\"><span style=\"font-weight: normal;\">Paquet d'\u00e9tuis<\/span><br \/>\n<span style=\"font-weight: normal;\">(pcs\/ ctn)<\/span><\/th>\n<th style=\"font-family: Arial, sans-serif; font-size: 14px; font-weight: normal; overflow: hidden; padding: 10px 5px; text-align: center; vertical-align: top; word-break: normal; border: 1px solid black;\"><span style=\"font-weight: normal;\">Plain MOQ<\/span><br \/>\n<span style=\"font-weight: normal;\">(pcs)<\/span><\/th>\n<th style=\"font-family: Arial, sans-serif; font-size: 14px; font-weight: normal; overflow: hidden; padding: 10px 5px; text-align: center; vertical-align: top; word-break: normal; border: 1px solid black;\"><span style=\"font-weight: normal;\">Imprim\u00e9 MOQ<\/span><br \/>\n<span style=\"font-weight: normal;\">(pcs)<\/span><\/th>\n<\/tr>\n<\/thead>\n<tbody>\n<tr>\n<td style=\"font-family: Arial, sans-serif; font-size: 14px; overflow: hidden; padding: 10px 5px; text-align: center; vertical-align: top; word-break: normal; border: 1px solid black;\">NWC4<\/td>\n<td style=\"font-family: Arial, sans-serif; font-size: 14px; overflow: hidden; padding: 10px 5px; text-align: center; vertical-align: top; word-break: normal; border: 1px solid black;\">127X240X79mm<\/td>\n<td style=\"font-family: Arial, sans-serif; font-size: 14px; overflow: hidden; padding: 10px 5px; text-align: center; vertical-align: top; word-break: normal; border: 1px solid black;\">5\u2033x9.75\u2033x3\u2033<\/td>\n<td style=\"font-family: Arial, sans-serif; font-size: 14px; overflow: hidden; padding: 10px 5px; text-align: center; vertical-align: top; word-break: normal; border: 1px solid black;\">500<\/td>\n<td style=\"font-family: Arial, sans-serif; font-size: 14px; overflow: hidden; padding: 10px 5px; text-align: center; vertical-align: top; word-break: normal; border: 1px solid black;\">50000<\/td>\n<td style=\"font-family: Arial, sans-serif; font-size: 14px; overflow: hidden; padding: 10px 5px; text-align: center; vertical-align: top; word-break: normal; border: 1px solid black;\">100000<\/td>\n<\/tr>\n<tr>\n<td style=\"font-family: Arial, sans-serif; font-size: 14px; overflow: hidden; padding: 10px 5px; text-align: center; vertical-align: top; word-break: normal; border: 1px solid black;\">NWC6<\/td>\n<td style=\"font-family: Arial, sans-serif; font-size: 14px; overflow: hidden; padding: 10px 5px; text-align: center; vertical-align: top; word-break: normal; border: 1px solid black;\">152x281x92mm<\/td>\n<td style=\"font-family: Arial, sans-serif; font-size: 14px; overflow: hidden; padding: 10px 5px; text-align: center; vertical-align: top; word-break: normal; border: 1px solid black;\">6\u2033x11\u2033x3.5\u2033<\/td>\n<td style=\"font-family: Arial, sans-serif; font-size: 14px; overflow: hidden; padding: 10px 5px; text-align: center; vertical-align: top; word-break: normal; border: 1px solid black;\">500<\/td>\n<td style=\"font-family: Arial, sans-serif; font-size: 14px; overflow: hidden; padding: 10px 5px; text-align: center; vertical-align: top; word-break: normal; border: 1px solid black;\">50000<\/td>\n<td style=\"font-family: Arial, sans-serif; font-size: 14px; overflow: hidden; padding: 10px 5px; text-align: center; vertical-align: top; word-break: normal; border: 1px solid black;\">100000<\/td>\n<\/tr>\n<tr>\n<td style=\"font-family: Arial, sans-serif; font-size: 14px; overflow: hidden; padding: 10px 5px; text-align: center; vertical-align: top; word-break: normal; border: 1px solid black;\">NWC8<\/td>\n<td style=\"font-family: Arial, sans-serif; font-size: 14px; overflow: hidden; padding: 10px 5px; text-align: center; vertical-align: top; word-break: normal; border: 1px solid black;\">156x316x106mm<\/td>\n<td style=\"font-family: Arial, sans-serif; font-size: 14px; overflow: hidden; padding: 10px 5px; text-align: center; vertical-align: top; word-break: normal; border: 1px solid black;\">6\u2033x12.5\u2033x4\u2033<\/td>\n<td style=\"font-family: Arial, sans-serif; font-size: 14px; overflow: hidden; padding: 10px 5px; text-align: center; vertical-align: top; word-break: normal; border: 1px solid black;\">500<\/td>\n<td style=\"font-family: Arial, sans-serif; font-size: 14px; overflow: hidden; padding: 10px 5px; text-align: center; vertical-align: top; word-break: normal; border: 1px solid black;\">50000<\/td>\n<td style=\"font-family: Arial, sans-serif; font-size: 14px; overflow: hidden; padding: 10px 5px; text-align: center; vertical-align: top; word-break: normal; border: 1px solid black;\">100000<\/td>\n<\/tr>\n<tr>\n<td style=\"font-family: Arial, sans-serif; font-size: 14px; overflow: hidden; padding: 10px 5px; text-align: center; vertical-align: top; word-break: normal; border: 1px solid black;\">NWC10<\/td>\n<td style=\"font-family: Arial, sans-serif; font-size: 14px; overflow: hidden; padding: 10px 5px; text-align: center; vertical-align: top; word-break: normal; border: 1px solid black;\">160x340x106mm<\/td>\n<td style=\"font-family: Arial, sans-serif; font-size: 14px; overflow: hidden; padding: 10px 5px; text-align: center; vertical-align: top; word-break: normal; border: 1px solid black;\">6\u2033x13.5\u2033x4\u2033<\/td>\n<td style=\"font-family: Arial, sans-serif; font-size: 14px; overflow: hidden; padding: 10px 5px; text-align: center; vertical-align: top; word-break: normal; border: 1px solid black;\">500<\/td>\n<td style=\"font-family: Arial, sans-serif; font-size: 14px; overflow: hidden; padding: 10px 5px; text-align: center; vertical-align: top; word-break: normal; border: 1px solid black;\">50000<\/td>\n<td style=\"font-family: Arial, sans-serif; font-size: 14px; overflow: hidden; padding: 10px 5px; text-align: center; vertical-align: top; word-break: normal; border: 1px solid black;\">100000<\/td>\n<\/tr>\n<tr>\n<td style=\"font-family: Arial, sans-serif; font-size: 14px; overflow: hidden; padding: 10px 5px; text-align: center; vertical-align: top; word-break: normal; border: 1px solid black;\">NWC12<\/td>\n<td style=\"font-family: Arial, sans-serif; font-size: 14px; overflow: hidden; padding: 10px 5px; text-align: center; vertical-align: top; word-break: normal; border: 1px solid black;\">179x349x114mm<\/td>\n<td style=\"font-family: Arial, sans-serif; font-size: 14px; overflow: hidden; padding: 10px 5px; text-align: center; vertical-align: top; word-break: normal; border: 1px solid black;\">7\u2033x13.75\u2033x4.5\u2033<\/td>\n<td style=\"font-family: Arial, sans-serif; font-size: 14px; overflow: hidden; padding: 10px 5px; text-align: center; vertical-align: top; word-break: normal; border: 1px solid black;\">500<\/td>\n<td style=\"font-family: Arial, sans-serif; font-size: 14px; overflow: hidden; padding: 10px 5px; text-align: center; vertical-align: top; word-break: normal; border: 1px solid black;\">50000<\/td>\n<td style=\"font-family: Arial, sans-serif; font-size: 14px; overflow: hidden; padding: 10px 5px; text-align: center; vertical-align: top; word-break: normal; border: 1px solid black;\">100000<\/td>\n<\/tr>\n<\/tbody>\n<\/table>\n<p>&nbsp;<\/p>\n<h2>MAT\u00c9RIAU STANDARD RECOMMANDER<\/h2>\n<p>\u25cf 50\/60GSM Papier kraft blanc de qualit\u00e9 alimentaire<br \/>\n\u25cf R\u00e9sistant aux graisses\/enrob\u00e9 d'un c\u00f4t\u00e9<br \/>\n\u25cf 50\/60GSM Papier kraft brun de qualit\u00e9 alimentaire<br \/>\n\u25cf R\u00e9sistant aux graisses\/enrob\u00e9 d'un c\u00f4t\u00e9<\/p>\n<h2>Caract\u00e9ristiques<\/h2>\n<p>Nanwang est une entreprise de confiance <a href=\"https:\/\/www.nanwangpaperbag.com\/fr\/category\/food-grade-paper-bag\/\"><strong>fournisseur de sacs en papier<\/strong><\/a>\u00a0sp\u00e9cialis\u00e9e dans les emballages en papier conformes au contact alimentaire, con\u00e7us pour les restaurants \u00e0 service rapide et les besoins de marquage haut de gamme. Fabriqu\u00e9s dans des installations certifi\u00e9es GMP, nos produits int\u00e8grent l'impression flexographique avec du papier kraft de qualit\u00e9 alimentaire et des encres aqueuses non toxiques, garantissant une s\u00e9curit\u00e9 conforme \u00e0 la FDA tout en produisant des graphiques \u00e9clatants.<\/p>\n<p><img loading=\"lazy\" decoding=\"async\" class=\"wp-image-12146 aligncenter\" data-src=\"https:\/\/www.nanwangpaperbag.com\/wp-content\/uploads\/2025\/04\/SOS-Paper-Bags-2.webp\" alt=\"Sacs en papier SOS \" width=\"468\" height=\"468\" \/><\/p>\n<h2>Avantages principaux<\/h2>\n<p>1. Sain et \u00e9cologique<br \/>\nNos sacs sont fabriqu\u00e9s \u00e0 partir de mat\u00e9riaux sans danger pour les consommateurs et la plan\u00e8te, ce qui favorise un environnement plus sain.<br \/>\n2. Forte r\u00e9sistance<br \/>\nCon\u00e7us pour \u00eatre tr\u00e8s r\u00e9sistants, ces sacs peuvent supporter les rigueurs d'un service rapide sans se d\u00e9chirer ni se d\u00e9t\u00e9riorer.<br \/>\n3. Forte capacit\u00e9 de charge<br \/>\nCon\u00e7us pour supporter un poids important, nos sacs en papier SOS garantissent que vos produits alimentaires sont emball\u00e9s en toute s\u00e9curit\u00e9.<br \/>\n4. Recyclable, d\u00e9gradable et r\u00e9cup\u00e9rable<br \/>\nNos sacs sont non seulement recyclables, mais aussi enti\u00e8rement d\u00e9gradables, ce qui en fait un choix responsable pour les entreprises soucieuses de l'environnement.<br \/>\n5. Haute qualit\u00e9 et bas prix<br \/>\nNous proposons des produits de premi\u00e8re qualit\u00e9 \u00e0 des prix abordables, garantissant \u00e0 nos clients le meilleur rapport qualit\u00e9-prix sans faire de compromis sur les normes.<\/p>\n<h2>Notre service<\/h2>\n<p>1. Les fonds de R&amp;D sont investis \u00e0 hauteur de 3% du chiffre d'affaires annuel (30 millions RMB+) - 2022<br \/>\n2. 66 brevets : 5 brevets d'invention, 56 brevets de mod\u00e8le d'utilit\u00e9 et 5 brevets de conception. Les brevets \u00e9trangers ont \u00e9t\u00e9 admis dans 8 pays et 5 brevets par le biais du PCT (trait\u00e9 de coop\u00e9ration en mati\u00e8re de brevets).<br \/>\n3. De 2019 \u00e0 2022, nous avons fourni \u00e0 nos clients une moyenne de plus de 200 solutions de conception et de d\u00e9veloppement d'emballages par an.<\/p>\n<h2>FAQ<\/h2>\n<p>Q1:Quel est le d\u00e9lai d'envoi d'un \u00e9chantillon ? Quels sont les frais d'\u00e9chantillonnage ?<br \/>\nR : L'envoi d'un \u00e9chantillon prend g\u00e9n\u00e9ralement 1 \u00e0 2 jours ouvrables. Les frais d'\u00e9chantillonnage d\u00e9pendent de la conception. Pour les \u00e9chantillons en stock, nous ne facturons pas de frais et les clients ne doivent payer que les frais de transport ; nous facturons des frais pour le d\u00e9veloppement d'un nouvel \u00e9chantillon, appel\u00e9 \u00e9chantillon sur mesure, et les frais d'\u00e9chantillon vous seront rembours\u00e9s si vous passez une commande group\u00e9e.<\/p>\n<p>Q2 : Quelles sont les m\u00e9thodes d'exp\u00e9dition ?<br \/>\nA:DHL, UPS, TNT, FEDEX, par mer, par air, etc.<\/p>\n<p>Q3 : Que faire si nous ne trouvons pas ce que nous cherchons sur votre site ?<br \/>\nR : Veuillez nous contacter pour nous fournir votre propre dessin, nous vous donnerons un devis pour votre dessin.<\/p>\n<p>Q4 : Quel est votre avantage ?<br \/>\nA:1.Depuis 2010<br \/>\n2. prix d'usine<br \/>\n3. un service client\u00e8le rapide<br \/>\n4. livraison dans les d\u00e9lais<br \/>\n5. garantir une qualit\u00e9 sup\u00e9rieure<br \/>\n6. Suivre les clients<\/p>\n<p>Q5:\u00cates-vous une usine ou une soci\u00e9t\u00e9 commerciale ?<br \/>\nR : Depuis 2010, nous produisons et exportons des produits d'emballage en papier. Nous disposons \u00e9galement d'une \u00e9quipe de travailleurs professionnels.<\/p>","protected":false},"excerpt":{"rendered":"<p>Article : Sac en papier kraft SOS<br \/>\nTailles : 2#, 4#, 6#, 8#, 10#, 12#, 20#<br \/>\nLogo : Logo personnalis\u00e9<br \/>\nCouleurs d'impression : jusqu'\u00e0 8 couleurs<br \/>\nMat\u00e9riau du papier : papier kraft brun\/blanc vierge de qualit\u00e9 alimentaire, papier kraft brun recycl\u00e9<\/p>","protected":false},"featured_media":12147,"comment_status":"open","ping_status":"closed","template":"","meta":{"_et_pb_use_builder":"","_et_pb_old_content":"","_et_gb_content_width":""},"product_cat":[280,281],"product_tag":[303,302],"yoast_head":"<!-- This site is optimized with the Yoast SEO plugin v22.7 - https:\/\/yoast.com\/wordpress\/plugins\/seo\/ -->\n<title>SOS Paper Bags - Nanwang Paper Packaging<\/title>\n<meta name=\"description\" content=\"SOS Paper Bags - Nanwang Paper Packaging , we supply Luxury Paper Bags, Shopping Paper Bag, Paper Carry Bag, Delivery Bag for you with good price.\" \/>\n<meta name=\"robots\" content=\"index, follow, max-snippet:-1, max-image-preview:large, max-video-preview:-1\" \/>\n<link rel=\"canonical\" href=\"https:\/\/www.nanwangpaperbag.com\/fr\/produit\/sacs-en-papier-sos\/\" \/>\n<meta property=\"og:locale\" content=\"fr_FR\" \/>\n<meta property=\"og:type\" content=\"article\" \/>\n<meta property=\"og:title\" content=\"SOS Paper Bags - Nanwang Paper Packaging\" \/>\n<meta property=\"og:description\" content=\"SOS Paper Bags - Nanwang Paper Packaging , we supply Luxury Paper Bags, Shopping Paper Bag, Paper Carry Bag, Delivery Bag for you with good price.\" \/>\n<meta property=\"og:url\" content=\"https:\/\/www.nanwangpaperbag.com\/fr\/produit\/sacs-en-papier-sos\/\" \/>\n<meta property=\"og:site_name\" content=\"Nanwang Paper Packaging\" \/>\n<meta property=\"article:publisher\" content=\"https:\/\/www.facebook.com\/NanwangPaperBag\" \/>\n<meta property=\"article:modified_time\" content=\"2025-04-16T09:08:07+00:00\" \/>\n<meta property=\"og:image\" content=\"https:\/\/www.nanwangpaperbag.com\/wp-content\/uploads\/2025\/04\/SOS-Paper-Bags-1-1.webp\" \/>\n\t<meta property=\"og:image:width\" content=\"800\" \/>\n\t<meta property=\"og:image:height\" content=\"800\" \/>\n\t<meta property=\"og:image:type\" content=\"image\/webp\" \/>\n<meta name=\"twitter:card\" content=\"summary_large_image\" \/>\n<meta name=\"twitter:site\" content=\"@NanwangPack\" \/>\n<meta name=\"twitter:label1\" content=\"Dur\u00e9e de lecture estim\u00e9e\" \/>\n\t<meta name=\"twitter:data1\" content=\"4 minutes\" \/>\n<script type=\"application\/ld+json\" class=\"yoast-schema-graph\">{\"@context\":\"https:\/\/schema.org\",\"@graph\":[{\"@type\":\"WebPage\",\"@id\":\"https:\/\/www.nanwangpaperbag.com\/product\/sos-paper-bags\/\",\"url\":\"https:\/\/www.nanwangpaperbag.com\/product\/sos-paper-bags\/\",\"name\":\"SOS Paper Bags - Nanwang Paper Packaging\",\"isPartOf\":{\"@id\":\"https:\/\/www.nanwangpaperbag.com\/#website\"},\"primaryImageOfPage\":{\"@id\":\"https:\/\/www.nanwangpaperbag.com\/product\/sos-paper-bags\/#primaryimage\"},\"image\":{\"@id\":\"https:\/\/www.nanwangpaperbag.com\/product\/sos-paper-bags\/#primaryimage\"},\"thumbnailUrl\":\"https:\/\/www.nanwangpaperbag.com\/wp-content\/uploads\/2025\/04\/SOS-Paper-Bags-1-1.webp\",\"datePublished\":\"2025-04-15T08:45:56+00:00\",\"dateModified\":\"2025-04-16T09:08:07+00:00\",\"description\":\"SOS Paper Bags - Nanwang Paper Packaging , we supply Luxury Paper Bags, Shopping Paper Bag, Paper Carry Bag, Delivery Bag for you with good price.\",\"breadcrumb\":{\"@id\":\"https:\/\/www.nanwangpaperbag.com\/product\/sos-paper-bags\/#breadcrumb\"},\"inLanguage\":\"fr-FR\",\"potentialAction\":[{\"@type\":\"ReadAction\",\"target\":[\"https:\/\/www.nanwangpaperbag.com\/product\/sos-paper-bags\/\"]}]},{\"@type\":\"ImageObject\",\"inLanguage\":\"fr-FR\",\"@id\":\"https:\/\/www.nanwangpaperbag.com\/product\/sos-paper-bags\/#primaryimage\",\"url\":\"https:\/\/www.nanwangpaperbag.com\/wp-content\/uploads\/2025\/04\/SOS-Paper-Bags-1-1.webp\",\"contentUrl\":\"https:\/\/www.nanwangpaperbag.com\/wp-content\/uploads\/2025\/04\/SOS-Paper-Bags-1-1.webp\",\"width\":800,\"height\":800,\"caption\":\"SOS Paper Bags\"},{\"@type\":\"BreadcrumbList\",\"@id\":\"https:\/\/www.nanwangpaperbag.com\/product\/sos-paper-bags\/#breadcrumb\",\"itemListElement\":[{\"@type\":\"ListItem\",\"position\":1,\"name\":\"Home\",\"item\":\"https:\/\/www.nanwangpaperbag.com\/\"},{\"@type\":\"ListItem\",\"position\":2,\"name\":\"Productos\",\"item\":\"https:\/\/www.nanwangpaperbag.com\/es\/shop\/\"},{\"@type\":\"ListItem\",\"position\":3,\"name\":\"SOS Paper Bags\"}]},{\"@type\":\"WebSite\",\"@id\":\"https:\/\/www.nanwangpaperbag.com\/#website\",\"url\":\"https:\/\/www.nanwangpaperbag.com\/\",\"name\":\"Nanwang Paper Packaging\",\"description\":\"\",\"publisher\":{\"@id\":\"https:\/\/www.nanwangpaperbag.com\/#organization\"},\"potentialAction\":[{\"@type\":\"SearchAction\",\"target\":{\"@type\":\"EntryPoint\",\"urlTemplate\":\"https:\/\/www.nanwangpaperbag.com\/?s={search_term_string}\"},\"query-input\":\"required name=search_term_string\"}],\"inLanguage\":\"fr-FR\"},{\"@type\":\"Organization\",\"@id\":\"https:\/\/www.nanwangpaperbag.com\/#organization\",\"name\":\"Nanwang Pack\",\"url\":\"https:\/\/www.nanwangpaperbag.com\/\",\"logo\":{\"@type\":\"ImageObject\",\"inLanguage\":\"fr-FR\",\"@id\":\"https:\/\/www.nanwangpaperbag.com\/#\/schema\/logo\/image\/\",\"url\":\"https:\/\/www.nanwangpaperbag.com\/wp-content\/uploads\/2025\/03\/logo2.webp\",\"contentUrl\":\"https:\/\/www.nanwangpaperbag.com\/wp-content\/uploads\/2025\/03\/logo2.webp\",\"width\":433,\"height\":407,\"caption\":\"Nanwang Pack\"},\"image\":{\"@id\":\"https:\/\/www.nanwangpaperbag.com\/#\/schema\/logo\/image\/\"},\"sameAs\":[\"https:\/\/www.facebook.com\/NanwangPaperBag\",\"https:\/\/x.com\/NanwangPack\",\"https:\/\/www.linkedin.com\/company\/nanwang-paper-bag\/\",\"https:\/\/www.youtube.com\/@NanwangPaperBag\",\"https:\/\/www.tiktok.com\/@nanwangpaperbag\"]}]}<\/script>\n<!-- \/ Yoast SEO plugin. -->","yoast_head_json":{"title":"SOS Paper Bags - Nanwang Paper Packaging","description":"SOS Paper Bags - Nanwang Paper Packaging , we supply Luxury Paper Bags, Shopping Paper Bag, Paper Carry Bag, Delivery Bag for you with good price.","robots":{"index":"index","follow":"follow","max-snippet":"max-snippet:-1","max-image-preview":"max-image-preview:large","max-video-preview":"max-video-preview:-1"},"canonical":"https:\/\/www.nanwangpaperbag.com\/fr\/produit\/sacs-en-papier-sos\/","og_locale":"fr_FR","og_type":"article","og_title":"SOS Paper Bags - Nanwang Paper Packaging","og_description":"SOS Paper Bags - Nanwang Paper Packaging , we supply Luxury Paper Bags, Shopping Paper Bag, Paper Carry Bag, Delivery Bag for you with good price.","og_url":"https:\/\/www.nanwangpaperbag.com\/fr\/produit\/sacs-en-papier-sos\/","og_site_name":"Nanwang Paper Packaging","article_publisher":"https:\/\/www.facebook.com\/NanwangPaperBag","article_modified_time":"2025-04-16T09:08:07+00:00","og_image":[{"width":800,"height":800,"url":"https:\/\/www.nanwangpaperbag.com\/wp-content\/uploads\/2025\/04\/SOS-Paper-Bags-1-1.webp","type":"image\/webp"}],"twitter_card":"summary_large_image","twitter_site":"@NanwangPack","twitter_misc":{"Dur\u00e9e de lecture estim\u00e9e":"4 minutes"},"schema":{"@context":"https:\/\/schema.org","@graph":[{"@type":"WebPage","@id":"https:\/\/www.nanwangpaperbag.com\/product\/sos-paper-bags\/","url":"https:\/\/www.nanwangpaperbag.com\/product\/sos-paper-bags\/","name":"SOS Paper Bags - Nanwang Paper Packaging","isPartOf":{"@id":"https:\/\/www.nanwangpaperbag.com\/#website"},"primaryImageOfPage":{"@id":"https:\/\/www.nanwangpaperbag.com\/product\/sos-paper-bags\/#primaryimage"},"image":{"@id":"https:\/\/www.nanwangpaperbag.com\/product\/sos-paper-bags\/#primaryimage"},"thumbnailUrl":"https:\/\/www.nanwangpaperbag.com\/wp-content\/uploads\/2025\/04\/SOS-Paper-Bags-1-1.webp","datePublished":"2025-04-15T08:45:56+00:00","dateModified":"2025-04-16T09:08:07+00:00","description":"SOS Paper Bags - Nanwang Paper Packaging , we supply Luxury Paper Bags, Shopping Paper Bag, Paper Carry Bag, Delivery Bag for you with good price.","breadcrumb":{"@id":"https:\/\/www.nanwangpaperbag.com\/product\/sos-paper-bags\/#breadcrumb"},"inLanguage":"fr-FR","potentialAction":[{"@type":"ReadAction","target":["https:\/\/www.nanwangpaperbag.com\/product\/sos-paper-bags\/"]}]},{"@type":"ImageObject","inLanguage":"fr-FR","@id":"https:\/\/www.nanwangpaperbag.com\/product\/sos-paper-bags\/#primaryimage","url":"https:\/\/www.nanwangpaperbag.com\/wp-content\/uploads\/2025\/04\/SOS-Paper-Bags-1-1.webp","contentUrl":"https:\/\/www.nanwangpaperbag.com\/wp-content\/uploads\/2025\/04\/SOS-Paper-Bags-1-1.webp","width":800,"height":800,"caption":"SOS Paper Bags"},{"@type":"BreadcrumbList","@id":"https:\/\/www.nanwangpaperbag.com\/product\/sos-paper-bags\/#breadcrumb","itemListElement":[{"@type":"ListItem","position":1,"name":"Home","item":"https:\/\/www.nanwangpaperbag.com\/"},{"@type":"ListItem","position":2,"name":"Productos","item":"https:\/\/www.nanwangpaperbag.com\/es\/shop\/"},{"@type":"ListItem","position":3,"name":"SOS Paper Bags"}]},{"@type":"WebSite","@id":"https:\/\/www.nanwangpaperbag.com\/#website","url":"https:\/\/www.nanwangpaperbag.com\/","name":"Nanwang Paper Packaging","description":"","publisher":{"@id":"https:\/\/www.nanwangpaperbag.com\/#organization"},"potentialAction":[{"@type":"SearchAction","target":{"@type":"EntryPoint","urlTemplate":"https:\/\/www.nanwangpaperbag.com\/?s={search_term_string}"},"query-input":"required name=search_term_string"}],"inLanguage":"fr-FR"},{"@type":"Organization","@id":"https:\/\/www.nanwangpaperbag.com\/#organization","name":"Nanwang Pack","url":"https:\/\/www.nanwangpaperbag.com\/","logo":{"@type":"ImageObject","inLanguage":"fr-FR","@id":"https:\/\/www.nanwangpaperbag.com\/#\/schema\/logo\/image\/","url":"https:\/\/www.nanwangpaperbag.com\/wp-content\/uploads\/2025\/03\/logo2.webp","contentUrl":"https:\/\/www.nanwangpaperbag.com\/wp-content\/uploads\/2025\/03\/logo2.webp","width":433,"height":407,"caption":"Nanwang Pack"},"image":{"@id":"https:\/\/www.nanwangpaperbag.com\/#\/schema\/logo\/image\/"},"sameAs":["https:\/\/www.facebook.com\/NanwangPaperBag","https:\/\/x.com\/NanwangPack","https:\/\/www.linkedin.com\/company\/nanwang-paper-bag\/","https:\/\/www.youtube.com\/@NanwangPaperBag","https:\/\/www.tiktok.com\/@nanwangpaperbag"]}]}},"_links":{"self":[{"href":"https:\/\/www.nanwangpaperbag.com\/fr\/wp-json\/wp\/v2\/product\/12142"}],"collection":[{"href":"https:\/\/www.nanwangpaperbag.com\/fr\/wp-json\/wp\/v2\/product"}],"about":[{"href":"https:\/\/www.nanwangpaperbag.com\/fr\/wp-json\/wp\/v2\/types\/product"}],"replies":[{"embeddable":true,"href":"https:\/\/www.nanwangpaperbag.com\/fr\/wp-json\/wp\/v2\/comments?post=12142"}],"wp:featuredmedia":[{"embeddable":true,"href":"https:\/\/www.nanwangpaperbag.com\/fr\/wp-json\/wp\/v2\/media\/12147"}],"wp:attachment":[{"href":"https:\/\/www.nanwangpaperbag.com\/fr\/wp-json\/wp\/v2\/media?parent=12142"}],"wp:term":[{"taxonomy":"product_cat","embeddable":true,"href":"https:\/\/www.nanwangpaperbag.com\/fr\/wp-json\/wp\/v2\/product_cat?post=12142"},{"taxonomy":"product_tag","embeddable":true,"href":"https:\/\/www.nanwangpaperbag.com\/fr\/wp-json\/wp\/v2\/product_tag?post=12142"}],"curies":[{"name":"wp","href":"https:\/\/api.w.org\/{rel}","templated":true}]}}