{"id":12143,"date":"2025-04-15T08:54:42","date_gmt":"2025-04-15T08:54:42","guid":{"rendered":"https:\/\/www.nanwangpaperbag.com\/?post_type=product&#038;p=12143"},"modified":"2025-04-15T08:56:01","modified_gmt":"2025-04-15T08:56:01","slug":"pinch-bottom-paper-bags","status":"publish","type":"product","link":"https:\/\/www.nanwangpaperbag.com\/fr\/produit\/pinch-bottom-paper-bags\/","title":{"rendered":"Sacs en papier \u00e0 fond pinc\u00e9"},"content":{"rendered":"<p>Les sacs \u00e0 fond pinc\u00e9, \u00e9galement appel\u00e9s sacs en papier \u00e0 fond pinc\u00e9 ou sacs \u00e0 ouverture automatique, sont largement utilis\u00e9s dans divers secteurs, notamment l'alimentation, le commerce de d\u00e9tail et les applications industrielles. Ils se caract\u00e9risent par un fond cr\u00e9\u00e9 par le pliage et le pincement du papier, ce qui \u00e9limine la n\u00e9cessit\u00e9 d'un collage ou d'un scellement suppl\u00e9mentaire. Voici quelques caract\u00e9ristiques et utilisations cl\u00e9s des sacs \u00e0 fond pinc\u00e9 :<\/p>\n<ul>\n<li>La construction<br \/>\nLe fond du sac est cr\u00e9\u00e9 en pliant et en pin\u00e7ant les couches de papier ensemble, ce qui permet d'obtenir une base s\u00fbre et solide. Cette m\u00e9thode de construction garantit l'int\u00e9grit\u00e9 de la structure, ce qui permet au sac de contenir une grande vari\u00e9t\u00e9 de produits.<\/li>\n<li>Facilit\u00e9 d'ouverture<br \/>\nLes sacs \u00e0 fond pinc\u00e9 sont con\u00e7us pour s'ouvrir sans effort, ce qui permet un remplissage rapide et pratique. Leur couvercle reste g\u00e9n\u00e9ralement ouvert, ce qui offre un espace suffisant pour charger les produits sans n\u00e9cessiter de fermetures ou de scell\u00e9s suppl\u00e9mentaires.<\/li>\n<li>Personnalisation<br \/>\nLes sacs \u00e0 fond pinc\u00e9 peuvent \u00eatre personnalis\u00e9s par l'impression, le marquage et l'\u00e9tiquetage afin d'am\u00e9liorer la visibilit\u00e9 du produit et la reconnaissance de la marque. Les d\u00e9taillants utilisent fr\u00e9quemment ces sacs personnalis\u00e9s pour afficher efficacement leurs logos, les d\u00e9tails de leurs produits et leurs messages promotionnels.<\/li>\n<li>Respect de l'environnement<br \/>\nLes sacs \u00e0 fond pinc\u00e9 sont g\u00e9n\u00e9ralement fabriqu\u00e9s \u00e0 partir de mat\u00e9riaux recyclables et biod\u00e9gradables, ce qui en fait un choix d'emballage respectueux de l'environnement. Ils sont plus durables que les sacs en plastique et contribuent \u00e0 r\u00e9duire consid\u00e9rablement l'impact sur l'environnement.<\/li>\n<\/ul>\n<p><img loading=\"lazy\" decoding=\"async\" class=\"wp-image-12150 aligncenter\" data-src=\"https:\/\/www.nanwangpaperbag.com\/wp-content\/uploads\/2025\/04\/Pinch-Bottom-paper-Bags-1.webp\" alt=\"Sacs en papier \u00e0 fond pinc\u00e9\" width=\"642\" height=\"642\" srcset=\"https:\/\/www.nanwangpaperbag.com\/wp-content\/uploads\/2025\/04\/Pinch-Bottom-paper-Bags-1.webp 642w, https:\/\/www.nanwangpaperbag.com\/wp-content\/uploads\/2025\/04\/Pinch-Bottom-paper-Bags-1-480x480.webp 480w\" sizes=\"(min-width: 0px) and (max-width: 480px) 480px, (min-width: 481px) 642px, 100vw\" \/><\/p>\n<h2>Tailles standard NanWang<\/h2>\n<table class=\"tg\" style=\"border-collapse: collapse; border-spacing: 0;\">\n<thead>\n<tr>\n<th style=\"font-family: Arial, sans-serif; font-size: 14px; font-weight: normal; overflow: hidden; padding: 10px 5px; text-align: center; vertical-align: top; word-break: normal; border: 1px solid black;\">Code Ltem<\/th>\n<th style=\"font-family: Arial, sans-serif; font-size: 14px; font-weight: normal; overflow: hidden; padding: 10px 5px; text-align: center; vertical-align: top; word-break: normal; border: 1px solid black;\">Dimensions du sac (mm)<br \/>\n( Largeur x Hauteur x Soufflet )<\/th>\n<th style=\"font-family: Arial, sans-serif; font-size: 14px; font-weight: normal; overflow: hidden; padding: 10px 5px; text-align: center; vertical-align: top; word-break: normal; border: 1px solid black;\">Dimensions du sac (pouces)<br \/>\n( Largeur x Hauteur x Soufflet )<\/th>\n<th style=\"font-family: Arial, sans-serif; font-size: 14px; font-weight: normal; overflow: hidden; padding: 10px 5px; text-align: center; vertical-align: top; word-break: normal; border: 1px solid black;\">Plain MOQ<br \/>\n(pcs)<\/th>\n<th style=\"font-family: Arial, sans-serif; font-size: 14px; font-weight: normal; overflow: hidden; padding: 10px 5px; text-align: center; vertical-align: top; word-break: normal; border: 1px solid black;\">Imprim\u00e9 MOQ<br \/>\n(pcs)<\/th>\n<\/tr>\n<\/thead>\n<tbody>\n<tr>\n<td style=\"font-family: Arial, sans-serif; font-size: 14px; overflow: hidden; padding: 10px 5px; text-align: center; vertical-align: top; word-break: normal; border: 1px solid black;\">NWP70NA<\/td>\n<td style=\"font-family: Arial, sans-serif; font-size: 14px; overflow: hidden; padding: 10px 5px; text-align: center; vertical-align: top; word-break: normal; border: 1px solid black;\">70x160x40mm<\/td>\n<td style=\"font-family: Arial, sans-serif; font-size: 14px; overflow: hidden; padding: 10px 5px; text-align: center; vertical-align: top; word-break: normal; border: 1px solid black;\">2.75\u2033x6.3\u2033x1.57\u2033<\/td>\n<td style=\"font-family: Arial, sans-serif; font-size: 14px; overflow: hidden; padding: 10px 5px; text-align: center; vertical-align: top; word-break: normal; border: 1px solid black;\">100000<\/td>\n<td style=\"font-family: Arial, sans-serif; font-size: 14px; overflow: hidden; padding: 10px 5px; text-align: center; vertical-align: top; word-break: normal; border: 1px solid black;\">100000<\/td>\n<\/tr>\n<tr>\n<td style=\"font-family: Arial, sans-serif; font-size: 14px; overflow: hidden; padding: 10px 5px; text-align: center; vertical-align: top; word-break: normal; border: 1px solid black;\">NWP86NA<\/td>\n<td style=\"font-family: Arial, sans-serif; font-size: 14px; overflow: hidden; padding: 10px 5px; text-align: center; vertical-align: top; word-break: normal; border: 1px solid black;\">86x260x51mm<\/td>\n<td style=\"font-family: Arial, sans-serif; font-size: 14px; overflow: hidden; padding: 10px 5px; text-align: center; vertical-align: top; word-break: normal; border: 1px solid black;\">3.38\u2033x10.23\u2033x2\u2033<\/td>\n<td style=\"font-family: Arial, sans-serif; font-size: 14px; overflow: hidden; padding: 10px 5px; text-align: center; vertical-align: top; word-break: normal; border: 1px solid black;\">100000<\/td>\n<td style=\"font-family: Arial, sans-serif; font-size: 14px; overflow: hidden; padding: 10px 5px; text-align: center; vertical-align: top; word-break: normal; border: 1px solid black;\">100000<\/td>\n<\/tr>\n<tr>\n<td style=\"font-family: Arial, sans-serif; font-size: 14px; overflow: hidden; padding: 10px 5px; text-align: center; vertical-align: top; word-break: normal; border: 1px solid black;\">NWP110NA<\/td>\n<td style=\"font-family: Arial, sans-serif; font-size: 14px; overflow: hidden; padding: 10px 5px; text-align: center; vertical-align: top; word-break: normal; border: 1px solid black;\">110x160x44mm<\/td>\n<td style=\"font-family: Arial, sans-serif; font-size: 14px; overflow: hidden; padding: 10px 5px; text-align: center; vertical-align: top; word-break: normal; border: 1px solid black;\">4.33\u2033x6.3\u2033x1.73\u2033<\/td>\n<td style=\"font-family: Arial, sans-serif; font-size: 14px; overflow: hidden; padding: 10px 5px; text-align: center; vertical-align: top; word-break: normal; border: 1px solid black;\">100000<\/td>\n<td style=\"font-family: Arial, sans-serif; font-size: 14px; overflow: hidden; padding: 10px 5px; text-align: center; vertical-align: top; word-break: normal; border: 1px solid black;\">100000<\/td>\n<\/tr>\n<tr>\n<td style=\"font-family: Arial, sans-serif; font-size: 14px; overflow: hidden; padding: 10px 5px; text-align: center; vertical-align: top; word-break: normal; border: 1px solid black;\">NWP118NA<\/td>\n<td style=\"font-family: Arial, sans-serif; font-size: 14px; overflow: hidden; padding: 10px 5px; text-align: center; vertical-align: top; word-break: normal; border: 1px solid black;\">118x102mm<\/td>\n<td style=\"font-family: Arial, sans-serif; font-size: 14px; overflow: hidden; padding: 10px 5px; text-align: center; vertical-align: top; word-break: normal; border: 1px solid black;\">4.65\u2033x4\u2033<\/td>\n<td style=\"font-family: Arial, sans-serif; font-size: 14px; overflow: hidden; padding: 10px 5px; text-align: center; vertical-align: top; word-break: normal; border: 1px solid black;\">100000<\/td>\n<td style=\"font-family: Arial, sans-serif; font-size: 14px; overflow: hidden; padding: 10px 5px; text-align: center; vertical-align: top; word-break: normal; border: 1px solid black;\">100000<\/td>\n<\/tr>\n<\/tbody>\n<\/table>\n<h2>MAT\u00c9RIAU STANDARD RECOMMANDER<\/h2>\n<p>\u25cf40\/45\/50\/60\/70\/80GSM Papier kraft blanc<br \/>\n\u25cf45\/50\/60\/65\/80GSM Papier kraft vierge brun<\/p>\n<h2>Caract\u00e9ristiques<\/h2>\n<p>1. R\u00e9sistant \u00e0 l'huile<br \/>\n<strong><a href=\"https:\/\/www.nanwangpaperbag.com\/fr\/produit\/pinch-bottom-paper-bags\/\">Sacs en papier \u00e0 fond pinc\u00e9<\/a><\/strong> sont fabriqu\u00e9s avec des mat\u00e9riaux sp\u00e9ciaux qui offrent une excellente r\u00e9sistance \u00e0 l'huile, emp\u00eachant efficacement la graisse de s'infiltrer et garantissant la fra\u00eecheur des aliments, ce qui est id\u00e9al pour l'emballage des produits gras.<\/p>\n<p>2. Respect de l'environnement<br \/>\nCes sacs en papier sont fabriqu\u00e9s \u00e0 partir de mat\u00e9riaux recyclables et biod\u00e9gradables, r\u00e9pondant ainsi aux normes environnementales. Ils contribuent \u00e0 r\u00e9duire l'impact \u00e9cologique et \u00e0 soutenir le d\u00e9veloppement durable, en r\u00e9pondant aux besoins des consommateurs qui privil\u00e9gient les options \u00e9cologiques.<\/p>\n<p>3. Faible co\u00fbt<br \/>\nLes sacs en papier Pinch Bottom utilisent des techniques de production efficaces qui r\u00e9duisent les co\u00fbts de fabrication, ce qui les rend abordables. Les entreprises peuvent ainsi fournir des solutions d'emballage de qualit\u00e9 tout en g\u00e9rant efficacement leur budget.<\/p>\n<h2>\u00c0 propos de nous<\/h2>\n<p>Nanwang (code boursier : 301355), cr\u00e9\u00e9e en 2010, est la premi\u00e8re entreprise chinoise cot\u00e9e en bourse sp\u00e9cialis\u00e9e dans les emballages en papier. <a href=\"https:\/\/www.nanwangpaperbag.com\/fr\/category\/food-grade-paper-bag\/\"><strong>Sac en papier en gros<\/strong><\/a> et des emballages alimentaires respectueux de l'environnement. Avec des actifs totaux d\u00e9passant les 2 milliards de RMB, nous sommes \u00e9quip\u00e9s de centaines de lignes de fabrication de sacs et de machines d'impression automatis\u00e9es et de pointe au niveau international. En tant qu'acteur majeur de l'industrie chinoise des sacs en papier, nous avons \u00e9t\u00e9 class\u00e9s parmi les \"100 premi\u00e8res entreprises d'impression et d'emballage en Chine\" pendant cinq ann\u00e9es cons\u00e9cutives.<\/p>\n<h2>FAQ<\/h2>\n<p>Q1 : \u00cates-vous un fabricant ?<br \/>\nR : Oui, nous fournissons des solutions professionnelles pour l'industrie de l'impression et de l'emballage depuis 2010, soit depuis plus de 12 ans.<\/p>\n<p>Q2 : Avez-vous des produits en stock \u00e0 vendre ?<br \/>\nR:Oui, nous n'avons pas de sacs imprim\u00e9s en stock.<\/p>\n<p>Q3 : Quels sont vos principaux produits ?<br \/>\nR : Nous produisons principalement toutes sortes de sacs en papier, de sacs-cadeaux, de sacs \u00e0 provisions, etc.<\/p>\n<p>Q4 : Quel est votre avantage ?<br \/>\nR : Nous avons une grande capacit\u00e9, plus de 40 ensembles de machines \u00e0 sacs \u00e0 provisions, la plupart des \u00e9quipements \u00e9tant import\u00e9s du Japon et d'Allemagne.<\/p>\n<p>Q5:Comment demander des renseignements ?<br \/>\nR : Veuillez indiquer le mat\u00e9riau, la taille, le dessin, la quantit\u00e9 des produits dont vous avez besoin ainsi que le mode de livraison. Vous pouvez \u00e9galement nous envoyer des photos similaires pour v\u00e9rification.<\/p>","protected":false},"excerpt":{"rendered":"<p>Fonction\uff1aGraisse proof<br \/>\nMat\u00e9riau : Papier kraft blanc<br \/>\nLogo:Logo personnalis\u00e9<br \/>\nImpression : 8 couleurs sont disponibles pour l'impression flexo.<\/p>","protected":false},"featured_media":12151,"comment_status":"open","ping_status":"closed","template":"","meta":{"_et_pb_use_builder":"","_et_pb_old_content":"","_et_gb_content_width":""},"product_cat":[280,282],"product_tag":[304,305],"yoast_head":"<!-- This site is optimized with the Yoast SEO plugin v22.7 - https:\/\/yoast.com\/wordpress\/plugins\/seo\/ -->\n<title>Pinch Bottom Paper Bags - Nanwang Paper Packaging<\/title>\n<meta name=\"description\" content=\"Pinch Bottom Paper Bags - Nanwang Paper Packaging , we supply Luxury Paper Bags, Shopping Paper Bag, Paper Carry Bag, Delivery Bag for you with good price.\" \/>\n<meta name=\"robots\" content=\"index, follow, max-snippet:-1, max-image-preview:large, max-video-preview:-1\" \/>\n<link rel=\"canonical\" href=\"https:\/\/www.nanwangpaperbag.com\/fr\/produit\/pinch-bottom-paper-bags\/\" \/>\n<meta property=\"og:locale\" content=\"fr_FR\" \/>\n<meta property=\"og:type\" content=\"article\" \/>\n<meta property=\"og:title\" content=\"Pinch Bottom Paper Bags - Nanwang Paper Packaging\" \/>\n<meta property=\"og:description\" content=\"Pinch Bottom Paper Bags - Nanwang Paper Packaging , we supply Luxury Paper Bags, Shopping Paper Bag, Paper Carry Bag, Delivery Bag for you with good price.\" \/>\n<meta property=\"og:url\" content=\"https:\/\/www.nanwangpaperbag.com\/fr\/produit\/pinch-bottom-paper-bags\/\" \/>\n<meta property=\"og:site_name\" content=\"Nanwang Paper Packaging\" \/>\n<meta property=\"article:publisher\" content=\"https:\/\/www.facebook.com\/NanwangPaperBag\" \/>\n<meta property=\"article:modified_time\" content=\"2025-04-15T08:56:01+00:00\" \/>\n<meta property=\"og:image\" content=\"https:\/\/www.nanwangpaperbag.com\/wp-content\/uploads\/2025\/04\/Pinch-Bottom-paper-Bags-1-1.webp\" \/>\n\t<meta property=\"og:image:width\" content=\"800\" \/>\n\t<meta property=\"og:image:height\" content=\"800\" \/>\n\t<meta property=\"og:image:type\" content=\"image\/webp\" \/>\n<meta name=\"twitter:card\" content=\"summary_large_image\" \/>\n<meta name=\"twitter:site\" content=\"@NanwangPack\" \/>\n<meta name=\"twitter:label1\" content=\"Dur\u00e9e de lecture estim\u00e9e\" \/>\n\t<meta name=\"twitter:data1\" content=\"3 minutes\" \/>\n<script type=\"application\/ld+json\" class=\"yoast-schema-graph\">{\"@context\":\"https:\/\/schema.org\",\"@graph\":[{\"@type\":\"WebPage\",\"@id\":\"https:\/\/www.nanwangpaperbag.com\/product\/pinch-bottom-paper-bags\/\",\"url\":\"https:\/\/www.nanwangpaperbag.com\/product\/pinch-bottom-paper-bags\/\",\"name\":\"Pinch Bottom Paper Bags - Nanwang Paper Packaging\",\"isPartOf\":{\"@id\":\"https:\/\/www.nanwangpaperbag.com\/#website\"},\"primaryImageOfPage\":{\"@id\":\"https:\/\/www.nanwangpaperbag.com\/product\/pinch-bottom-paper-bags\/#primaryimage\"},\"image\":{\"@id\":\"https:\/\/www.nanwangpaperbag.com\/product\/pinch-bottom-paper-bags\/#primaryimage\"},\"thumbnailUrl\":\"https:\/\/www.nanwangpaperbag.com\/wp-content\/uploads\/2025\/04\/Pinch-Bottom-paper-Bags-1-1.webp\",\"datePublished\":\"2025-04-15T08:54:42+00:00\",\"dateModified\":\"2025-04-15T08:56:01+00:00\",\"description\":\"Pinch Bottom Paper Bags - Nanwang Paper Packaging , we supply Luxury Paper Bags, Shopping Paper Bag, Paper Carry Bag, Delivery Bag for you with good price.\",\"breadcrumb\":{\"@id\":\"https:\/\/www.nanwangpaperbag.com\/product\/pinch-bottom-paper-bags\/#breadcrumb\"},\"inLanguage\":\"fr-FR\",\"potentialAction\":[{\"@type\":\"ReadAction\",\"target\":[\"https:\/\/www.nanwangpaperbag.com\/product\/pinch-bottom-paper-bags\/\"]}]},{\"@type\":\"ImageObject\",\"inLanguage\":\"fr-FR\",\"@id\":\"https:\/\/www.nanwangpaperbag.com\/product\/pinch-bottom-paper-bags\/#primaryimage\",\"url\":\"https:\/\/www.nanwangpaperbag.com\/wp-content\/uploads\/2025\/04\/Pinch-Bottom-paper-Bags-1-1.webp\",\"contentUrl\":\"https:\/\/www.nanwangpaperbag.com\/wp-content\/uploads\/2025\/04\/Pinch-Bottom-paper-Bags-1-1.webp\",\"width\":800,\"height\":800,\"caption\":\"Pinch Bottom Paper Bags\"},{\"@type\":\"BreadcrumbList\",\"@id\":\"https:\/\/www.nanwangpaperbag.com\/product\/pinch-bottom-paper-bags\/#breadcrumb\",\"itemListElement\":[{\"@type\":\"ListItem\",\"position\":1,\"name\":\"Home\",\"item\":\"https:\/\/www.nanwangpaperbag.com\/\"},{\"@type\":\"ListItem\",\"position\":2,\"name\":\"Productos\",\"item\":\"https:\/\/www.nanwangpaperbag.com\/es\/shop\/\"},{\"@type\":\"ListItem\",\"position\":3,\"name\":\"Pinch Bottom Paper Bags\"}]},{\"@type\":\"WebSite\",\"@id\":\"https:\/\/www.nanwangpaperbag.com\/#website\",\"url\":\"https:\/\/www.nanwangpaperbag.com\/\",\"name\":\"Nanwang Paper Packaging\",\"description\":\"\",\"publisher\":{\"@id\":\"https:\/\/www.nanwangpaperbag.com\/#organization\"},\"potentialAction\":[{\"@type\":\"SearchAction\",\"target\":{\"@type\":\"EntryPoint\",\"urlTemplate\":\"https:\/\/www.nanwangpaperbag.com\/?s={search_term_string}\"},\"query-input\":\"required name=search_term_string\"}],\"inLanguage\":\"fr-FR\"},{\"@type\":\"Organization\",\"@id\":\"https:\/\/www.nanwangpaperbag.com\/#organization\",\"name\":\"Nanwang Pack\",\"url\":\"https:\/\/www.nanwangpaperbag.com\/\",\"logo\":{\"@type\":\"ImageObject\",\"inLanguage\":\"fr-FR\",\"@id\":\"https:\/\/www.nanwangpaperbag.com\/#\/schema\/logo\/image\/\",\"url\":\"https:\/\/www.nanwangpaperbag.com\/wp-content\/uploads\/2025\/03\/logo2.webp\",\"contentUrl\":\"https:\/\/www.nanwangpaperbag.com\/wp-content\/uploads\/2025\/03\/logo2.webp\",\"width\":433,\"height\":407,\"caption\":\"Nanwang Pack\"},\"image\":{\"@id\":\"https:\/\/www.nanwangpaperbag.com\/#\/schema\/logo\/image\/\"},\"sameAs\":[\"https:\/\/www.facebook.com\/NanwangPaperBag\",\"https:\/\/x.com\/NanwangPack\",\"https:\/\/www.linkedin.com\/company\/nanwang-paper-bag\/\",\"https:\/\/www.youtube.com\/@NanwangPaperBag\",\"https:\/\/www.tiktok.com\/@nanwangpaperbag\"]}]}<\/script>\n<!-- \/ Yoast SEO plugin. -->","yoast_head_json":{"title":"Pinch Bottom Paper Bags - Nanwang Paper Packaging","description":"Pinch Bottom Paper Bags - Nanwang Paper Packaging , we supply Luxury Paper Bags, Shopping Paper Bag, Paper Carry Bag, Delivery Bag for you with good price.","robots":{"index":"index","follow":"follow","max-snippet":"max-snippet:-1","max-image-preview":"max-image-preview:large","max-video-preview":"max-video-preview:-1"},"canonical":"https:\/\/www.nanwangpaperbag.com\/fr\/produit\/pinch-bottom-paper-bags\/","og_locale":"fr_FR","og_type":"article","og_title":"Pinch Bottom Paper Bags - Nanwang Paper Packaging","og_description":"Pinch Bottom Paper Bags - Nanwang Paper Packaging , we supply Luxury Paper Bags, Shopping Paper Bag, Paper Carry Bag, Delivery Bag for you with good price.","og_url":"https:\/\/www.nanwangpaperbag.com\/fr\/produit\/pinch-bottom-paper-bags\/","og_site_name":"Nanwang Paper Packaging","article_publisher":"https:\/\/www.facebook.com\/NanwangPaperBag","article_modified_time":"2025-04-15T08:56:01+00:00","og_image":[{"width":800,"height":800,"url":"https:\/\/www.nanwangpaperbag.com\/wp-content\/uploads\/2025\/04\/Pinch-Bottom-paper-Bags-1-1.webp","type":"image\/webp"}],"twitter_card":"summary_large_image","twitter_site":"@NanwangPack","twitter_misc":{"Dur\u00e9e de lecture estim\u00e9e":"3 minutes"},"schema":{"@context":"https:\/\/schema.org","@graph":[{"@type":"WebPage","@id":"https:\/\/www.nanwangpaperbag.com\/product\/pinch-bottom-paper-bags\/","url":"https:\/\/www.nanwangpaperbag.com\/product\/pinch-bottom-paper-bags\/","name":"Pinch Bottom Paper Bags - Nanwang Paper Packaging","isPartOf":{"@id":"https:\/\/www.nanwangpaperbag.com\/#website"},"primaryImageOfPage":{"@id":"https:\/\/www.nanwangpaperbag.com\/product\/pinch-bottom-paper-bags\/#primaryimage"},"image":{"@id":"https:\/\/www.nanwangpaperbag.com\/product\/pinch-bottom-paper-bags\/#primaryimage"},"thumbnailUrl":"https:\/\/www.nanwangpaperbag.com\/wp-content\/uploads\/2025\/04\/Pinch-Bottom-paper-Bags-1-1.webp","datePublished":"2025-04-15T08:54:42+00:00","dateModified":"2025-04-15T08:56:01+00:00","description":"Pinch Bottom Paper Bags - Nanwang Paper Packaging , we supply Luxury Paper Bags, Shopping Paper Bag, Paper Carry Bag, Delivery Bag for you with good price.","breadcrumb":{"@id":"https:\/\/www.nanwangpaperbag.com\/product\/pinch-bottom-paper-bags\/#breadcrumb"},"inLanguage":"fr-FR","potentialAction":[{"@type":"ReadAction","target":["https:\/\/www.nanwangpaperbag.com\/product\/pinch-bottom-paper-bags\/"]}]},{"@type":"ImageObject","inLanguage":"fr-FR","@id":"https:\/\/www.nanwangpaperbag.com\/product\/pinch-bottom-paper-bags\/#primaryimage","url":"https:\/\/www.nanwangpaperbag.com\/wp-content\/uploads\/2025\/04\/Pinch-Bottom-paper-Bags-1-1.webp","contentUrl":"https:\/\/www.nanwangpaperbag.com\/wp-content\/uploads\/2025\/04\/Pinch-Bottom-paper-Bags-1-1.webp","width":800,"height":800,"caption":"Pinch Bottom Paper Bags"},{"@type":"BreadcrumbList","@id":"https:\/\/www.nanwangpaperbag.com\/product\/pinch-bottom-paper-bags\/#breadcrumb","itemListElement":[{"@type":"ListItem","position":1,"name":"Home","item":"https:\/\/www.nanwangpaperbag.com\/"},{"@type":"ListItem","position":2,"name":"Productos","item":"https:\/\/www.nanwangpaperbag.com\/es\/shop\/"},{"@type":"ListItem","position":3,"name":"Pinch Bottom Paper Bags"}]},{"@type":"WebSite","@id":"https:\/\/www.nanwangpaperbag.com\/#website","url":"https:\/\/www.nanwangpaperbag.com\/","name":"Nanwang Paper Packaging","description":"","publisher":{"@id":"https:\/\/www.nanwangpaperbag.com\/#organization"},"potentialAction":[{"@type":"SearchAction","target":{"@type":"EntryPoint","urlTemplate":"https:\/\/www.nanwangpaperbag.com\/?s={search_term_string}"},"query-input":"required name=search_term_string"}],"inLanguage":"fr-FR"},{"@type":"Organization","@id":"https:\/\/www.nanwangpaperbag.com\/#organization","name":"Nanwang Pack","url":"https:\/\/www.nanwangpaperbag.com\/","logo":{"@type":"ImageObject","inLanguage":"fr-FR","@id":"https:\/\/www.nanwangpaperbag.com\/#\/schema\/logo\/image\/","url":"https:\/\/www.nanwangpaperbag.com\/wp-content\/uploads\/2025\/03\/logo2.webp","contentUrl":"https:\/\/www.nanwangpaperbag.com\/wp-content\/uploads\/2025\/03\/logo2.webp","width":433,"height":407,"caption":"Nanwang Pack"},"image":{"@id":"https:\/\/www.nanwangpaperbag.com\/#\/schema\/logo\/image\/"},"sameAs":["https:\/\/www.facebook.com\/NanwangPaperBag","https:\/\/x.com\/NanwangPack","https:\/\/www.linkedin.com\/company\/nanwang-paper-bag\/","https:\/\/www.youtube.com\/@NanwangPaperBag","https:\/\/www.tiktok.com\/@nanwangpaperbag"]}]}},"_links":{"self":[{"href":"https:\/\/www.nanwangpaperbag.com\/fr\/wp-json\/wp\/v2\/product\/12143"}],"collection":[{"href":"https:\/\/www.nanwangpaperbag.com\/fr\/wp-json\/wp\/v2\/product"}],"about":[{"href":"https:\/\/www.nanwangpaperbag.com\/fr\/wp-json\/wp\/v2\/types\/product"}],"replies":[{"embeddable":true,"href":"https:\/\/www.nanwangpaperbag.com\/fr\/wp-json\/wp\/v2\/comments?post=12143"}],"wp:featuredmedia":[{"embeddable":true,"href":"https:\/\/www.nanwangpaperbag.com\/fr\/wp-json\/wp\/v2\/media\/12151"}],"wp:attachment":[{"href":"https:\/\/www.nanwangpaperbag.com\/fr\/wp-json\/wp\/v2\/media?parent=12143"}],"wp:term":[{"taxonomy":"product_cat","embeddable":true,"href":"https:\/\/www.nanwangpaperbag.com\/fr\/wp-json\/wp\/v2\/product_cat?post=12143"},{"taxonomy":"product_tag","embeddable":true,"href":"https:\/\/www.nanwangpaperbag.com\/fr\/wp-json\/wp\/v2\/product_tag?post=12143"}],"curies":[{"name":"wp","href":"https:\/\/api.w.org\/{rel}","templated":true}]}}