{"id":12160,"date":"2025-04-15T09:19:12","date_gmt":"2025-04-15T09:19:12","guid":{"rendered":"https:\/\/www.nanwangpaperbag.com\/?post_type=product&#038;p=12160"},"modified":"2025-05-15T03:21:53","modified_gmt":"2025-05-15T03:21:53","slug":"kraft-food-paper-containers","status":"publish","type":"product","link":"https:\/\/www.nanwangpaperbag.com\/fr\/produit\/kraft-food-paper-containers\/","title":{"rendered":"Contenants alimentaires en papier kraft"},"content":{"rendered":"<p>These <a href=\"https:\/\/www.nanwangpaperbag.com\/fr\/category\/food-service-disposables\/paper-box\/\"><strong>contenants alimentaires en papier<\/strong><\/a> are supplied flat and easily fold into shape with molding lines. Made from eco-friendly kraft paper using a chlorine-free process and soy blend eco-wax, they support the green movement while remaining highly functional. Ideal for keeping food fresh, these kraft brown takeaway boxes are perfect for serving heavy, fried foods. Whether for catering events or hosting a party, these containers are suitable for both cold and hot dishes, making them a versatile and sustainable choice.<\/p>\n<p><img loading=\"lazy\" decoding=\"async\" class=\"size-full wp-image-12169 aligncenter\" data-src=\"https:\/\/www.nanwangpaperbag.com\/wp-content\/uploads\/2025\/04\/Food-paper-Containers-1.webp\" alt=\"Contenants alimentaires en papier kraft\" width=\"596\" height=\"280\" srcset=\"https:\/\/www.nanwangpaperbag.com\/wp-content\/uploads\/2025\/04\/Food-paper-Containers-1.webp 596w, https:\/\/www.nanwangpaperbag.com\/wp-content\/uploads\/2025\/04\/Food-paper-Containers-1-480x226.webp 480w\" sizes=\"(min-width: 0px) and (max-width: 480px) 480px, (min-width: 481px) 596px, 100vw\" \/><\/p>\n<h2>MAT\u00c9RIAU STANDARD RECOMMANDER<\/h2>\n<p>\u25cf Papier cartonn\u00e9 blanc couch\u00e9 anti-graisse 210 g\/m\u00b2.<br \/>\n\u25cf Papier cartonn\u00e9 blanc couch\u00e9 anti-graisse 240 g\/m\u00b2.<br \/>\n\u25cf Papier cartonn\u00e9 blanc couch\u00e9 anti-graisse de 250 g\/m\u00b2.<br \/>\n\u25cf Papier cartonn\u00e9 brun couch\u00e9 de 250 g\/m2<\/p>\n<h2>Caract\u00e9ristiques <a href=\"https:\/\/www.nanwangpaperbag.com\/fr\/produit\/kraft-food-paper-containers\/\"><em><strong>Contenants alimentaires Kraft<\/strong><\/em><\/a><\/h2>\n<p>\u25cf Cost effective<\/p>\n<p>\u25cf Strong sturdy construction<\/p>\n<p>\u25cf Ideal for hot food and grease resistant<\/p>\n<p>\u25cf Fully recyclable \u2013 environmentally friendly<\/p>\n<p>\u25cf Popular kraft containers for take-out dinners<\/p>\n<p>\u25cf Leak and grease-resistant paper take-put boxes<\/p>\n<p>\u25cf Great for your bakery, restaurant, bistro, or catered event, this versatile container is the perfect size for desserts. It&#8217;s an excellent option to house a variety of foods, while the attractive kraft color provides a professional feel for your customer&#8217;s food-to-go.<\/p>\n<h2>National Standards<\/h2>\n<p>Accolades include recognition as a \u201cNational Service-Oriented Manufacturing Enterprise,\u201d a \u201cNational High-Tech Enterprise,\u201d and one of the \u201cTop 100 Printing &amp; Packaging Enterprises in China\u201d for five consecutive years. As a leading player in the <a href=\"https:\/\/www.nanwangpaperbag.com\/fr\/category\/food-service-disposables\/\"><strong>emballages jetables pour la restauration<\/strong><\/a> industry, we also take a pioneering role in standardization, serving as the primary drafter of several key industry, national, and group standards, including:<\/p>\n<ul>\n<li><strong>QB\/T 4379-2019<\/strong> \u201cHandheld Paper Bags\u201d (Industry Standard)<\/li>\n<li><strong>GB\/T 27590-2022<\/strong> \u201cPaper Cups\u201d (National Standard)<\/li>\n<li><strong>T\/CNFIA 201-2020<\/strong> \u201cDisposable Paper Straws for Food Contact\u201d (Group Standard)<\/li>\n<li><strong>T\/CNFIA 189-2024<\/strong> \u201cDetermination of Extractable Organic Fluoride in Food-Contact Paper\u201d (Group Standard)<\/li>\n<li><strong>T\/CNFIA 190-2024<\/strong> \u201cDetermination of Total Organic Fluorine in Paper, Paperboard, and Paper Products for Food Contact\u201d<\/li>\n<li><strong>T\/CNFIA 191-2024<\/strong> \u201cDetermination of Total Fluorine in Paper, Paperboard, and Paper Products for Food Contact\u201d<\/li>\n<\/ul>\n<p>These contributions reflect our commitment to innovation, safety, and sustainability in the food service disposable packaging sector.<\/p>\n<h2>FAQ<\/h2>\n<p>Q1. Y a-t-il des droits de douane pour mon pays ?<br \/>\nA\uff1aIl s'agit d'un tarif 25% de la Chine vers les \u00c9tats-Unis, mais pas vers d'autres pays. Nous avons une usine en Malaisie qui peut exp\u00e9dier aux Etats-Unis pour \u00e9viter les droits de douane.<\/p>\n<p>Q2. Pouvez-vous envoyer des produits \u00e0 mon bureau en Chine ?<br \/>\nR : Oui, veuillez indiquer l'adresse.<\/p>\n<p>Q3. Les produits en papier sont-ils soumis \u00e0 des r\u00e9glementations suppl\u00e9mentaires en mati\u00e8re d'exp\u00e9dition ?<br \/>\nA : Non.<\/p>\n<p>Q4. Comment puis-je b\u00e9n\u00e9ficier de la r\u00e9duction ?<br \/>\nR : Si la quantit\u00e9 command\u00e9e est plus importante, les prix seront plus bas.<\/p>\n<p>Q5.\u00cates-vous une usine ou une soci\u00e9t\u00e9 commerciale ?<br \/>\nR:Nous sommes une usine qui fabrique des produits d'emballage en papier et nous poss\u00e9dons 6 usines. 5 en Chine, 1 en Malaisie.<\/p>","protected":false},"excerpt":{"rendered":"<p>Made from grease proof white kraft paper board, custom printed hot chip cup, folded design, flat foldable for french fries takeaway. Can be custom printed, ideal for hot food. Serve up fast food ease with paper food containers. Made from paper board, these containers are leak and grease resistant and can hot fried food items. They can also be used to store, package, delivery.<br \/>\nTaille : sur la base de la conception de l'\u0153uvre d'art<br \/>\nCouleur\/mat\u00e9riau : Carton kraft blanc<br \/>\nQuantit\u00e9 : 100,000<br \/>\nGreat for packaging to-go orders of hot or cold food<br \/>\nDisposable for easy clean up<\/p>","protected":false},"featured_media":12170,"comment_status":"open","ping_status":"closed","template":"","meta":{"_et_pb_use_builder":"","_et_pb_old_content":"","_et_gb_content_width":""},"product_cat":[284,285],"product_tag":[308,309,354],"yoast_head":"<!-- This site is optimized with the Yoast SEO plugin v22.7 - https:\/\/yoast.com\/wordpress\/plugins\/seo\/ -->\n<title>Kraft Food Paper Containers - Nanwang Paper Packaging<\/title>\n<meta name=\"description\" content=\"Kraft Food Paper Containers - Nanwang Paper Packaging , we supply Luxury Paper Bags, Shopping Paper Bag, Paper Carry Bag, Delivery Bag for you with good price.\" \/>\n<meta name=\"robots\" content=\"index, follow, max-snippet:-1, max-image-preview:large, max-video-preview:-1\" \/>\n<link rel=\"canonical\" href=\"https:\/\/www.nanwangpaperbag.com\/fr\/produit\/kraft-food-paper-containers\/\" \/>\n<meta property=\"og:locale\" content=\"fr_FR\" \/>\n<meta property=\"og:type\" content=\"article\" \/>\n<meta property=\"og:title\" content=\"Kraft Food Paper Containers - Nanwang Paper Packaging\" \/>\n<meta property=\"og:description\" content=\"Kraft Food Paper Containers - Nanwang Paper Packaging , we supply Luxury Paper Bags, Shopping Paper Bag, Paper Carry Bag, Delivery Bag for you with good price.\" \/>\n<meta property=\"og:url\" content=\"https:\/\/www.nanwangpaperbag.com\/fr\/produit\/kraft-food-paper-containers\/\" \/>\n<meta property=\"og:site_name\" content=\"Nanwang Paper Packaging\" \/>\n<meta property=\"article:publisher\" content=\"https:\/\/www.facebook.com\/NanwangPaperBag\" \/>\n<meta property=\"article:modified_time\" content=\"2025-05-15T03:21:53+00:00\" \/>\n<meta property=\"og:image\" content=\"https:\/\/www.nanwangpaperbag.com\/wp-content\/uploads\/2025\/04\/Kraft-Food-paper-Containers-1.webp\" \/>\n\t<meta property=\"og:image:width\" content=\"800\" \/>\n\t<meta property=\"og:image:height\" content=\"800\" \/>\n\t<meta property=\"og:image:type\" content=\"image\/webp\" \/>\n<meta name=\"twitter:card\" content=\"summary_large_image\" \/>\n<meta name=\"twitter:site\" content=\"@NanwangPack\" \/>\n<meta name=\"twitter:label1\" content=\"Dur\u00e9e de lecture estim\u00e9e\" \/>\n\t<meta name=\"twitter:data1\" content=\"3 minutes\" \/>\n<script type=\"application\/ld+json\" class=\"yoast-schema-graph\">{\"@context\":\"https:\/\/schema.org\",\"@graph\":[{\"@type\":\"WebPage\",\"@id\":\"https:\/\/www.nanwangpaperbag.com\/product\/kraft-food-paper-containers\/\",\"url\":\"https:\/\/www.nanwangpaperbag.com\/product\/kraft-food-paper-containers\/\",\"name\":\"Kraft Food Paper Containers - Nanwang Paper Packaging\",\"isPartOf\":{\"@id\":\"https:\/\/www.nanwangpaperbag.com\/#website\"},\"primaryImageOfPage\":{\"@id\":\"https:\/\/www.nanwangpaperbag.com\/product\/kraft-food-paper-containers\/#primaryimage\"},\"image\":{\"@id\":\"https:\/\/www.nanwangpaperbag.com\/product\/kraft-food-paper-containers\/#primaryimage\"},\"thumbnailUrl\":\"https:\/\/www.nanwangpaperbag.com\/wp-content\/uploads\/2025\/04\/Kraft-Food-paper-Containers-1.webp\",\"datePublished\":\"2025-04-15T09:19:12+00:00\",\"dateModified\":\"2025-05-15T03:21:53+00:00\",\"description\":\"Kraft Food Paper Containers - Nanwang Paper Packaging , we supply Luxury Paper Bags, Shopping Paper Bag, Paper Carry Bag, Delivery Bag for you with good price.\",\"breadcrumb\":{\"@id\":\"https:\/\/www.nanwangpaperbag.com\/product\/kraft-food-paper-containers\/#breadcrumb\"},\"inLanguage\":\"fr-FR\",\"potentialAction\":[{\"@type\":\"ReadAction\",\"target\":[\"https:\/\/www.nanwangpaperbag.com\/product\/kraft-food-paper-containers\/\"]}]},{\"@type\":\"ImageObject\",\"inLanguage\":\"fr-FR\",\"@id\":\"https:\/\/www.nanwangpaperbag.com\/product\/kraft-food-paper-containers\/#primaryimage\",\"url\":\"https:\/\/www.nanwangpaperbag.com\/wp-content\/uploads\/2025\/04\/Kraft-Food-paper-Containers-1.webp\",\"contentUrl\":\"https:\/\/www.nanwangpaperbag.com\/wp-content\/uploads\/2025\/04\/Kraft-Food-paper-Containers-1.webp\",\"width\":800,\"height\":800,\"caption\":\"Kraft Food Paper Containers\"},{\"@type\":\"BreadcrumbList\",\"@id\":\"https:\/\/www.nanwangpaperbag.com\/product\/kraft-food-paper-containers\/#breadcrumb\",\"itemListElement\":[{\"@type\":\"ListItem\",\"position\":1,\"name\":\"Home\",\"item\":\"https:\/\/www.nanwangpaperbag.com\/\"},{\"@type\":\"ListItem\",\"position\":2,\"name\":\"Productos\",\"item\":\"https:\/\/www.nanwangpaperbag.com\/es\/shop\/\"},{\"@type\":\"ListItem\",\"position\":3,\"name\":\"Kraft Food Paper Containers\"}]},{\"@type\":\"WebSite\",\"@id\":\"https:\/\/www.nanwangpaperbag.com\/#website\",\"url\":\"https:\/\/www.nanwangpaperbag.com\/\",\"name\":\"Nanwang Paper Packaging\",\"description\":\"\",\"publisher\":{\"@id\":\"https:\/\/www.nanwangpaperbag.com\/#organization\"},\"potentialAction\":[{\"@type\":\"SearchAction\",\"target\":{\"@type\":\"EntryPoint\",\"urlTemplate\":\"https:\/\/www.nanwangpaperbag.com\/?s={search_term_string}\"},\"query-input\":\"required name=search_term_string\"}],\"inLanguage\":\"fr-FR\"},{\"@type\":\"Organization\",\"@id\":\"https:\/\/www.nanwangpaperbag.com\/#organization\",\"name\":\"Nanwang Pack\",\"url\":\"https:\/\/www.nanwangpaperbag.com\/\",\"logo\":{\"@type\":\"ImageObject\",\"inLanguage\":\"fr-FR\",\"@id\":\"https:\/\/www.nanwangpaperbag.com\/#\/schema\/logo\/image\/\",\"url\":\"https:\/\/www.nanwangpaperbag.com\/wp-content\/uploads\/2025\/03\/logo2.webp\",\"contentUrl\":\"https:\/\/www.nanwangpaperbag.com\/wp-content\/uploads\/2025\/03\/logo2.webp\",\"width\":433,\"height\":407,\"caption\":\"Nanwang Pack\"},\"image\":{\"@id\":\"https:\/\/www.nanwangpaperbag.com\/#\/schema\/logo\/image\/\"},\"sameAs\":[\"https:\/\/www.facebook.com\/NanwangPaperBag\",\"https:\/\/x.com\/NanwangPack\",\"https:\/\/www.linkedin.com\/company\/nanwang-paper-bag\/\",\"https:\/\/www.youtube.com\/@NanwangPaperBag\",\"https:\/\/www.tiktok.com\/@nanwangpaperbag\"]}]}<\/script>\n<!-- \/ Yoast SEO plugin. -->","yoast_head_json":{"title":"Kraft Food Paper Containers - Nanwang Paper Packaging","description":"Kraft Food Paper Containers - Nanwang Paper Packaging , we supply Luxury Paper Bags, Shopping Paper Bag, Paper Carry Bag, Delivery Bag for you with good price.","robots":{"index":"index","follow":"follow","max-snippet":"max-snippet:-1","max-image-preview":"max-image-preview:large","max-video-preview":"max-video-preview:-1"},"canonical":"https:\/\/www.nanwangpaperbag.com\/fr\/produit\/kraft-food-paper-containers\/","og_locale":"fr_FR","og_type":"article","og_title":"Kraft Food Paper Containers - Nanwang Paper Packaging","og_description":"Kraft Food Paper Containers - Nanwang Paper Packaging , we supply Luxury Paper Bags, Shopping Paper Bag, Paper Carry Bag, Delivery Bag for you with good price.","og_url":"https:\/\/www.nanwangpaperbag.com\/fr\/produit\/kraft-food-paper-containers\/","og_site_name":"Nanwang Paper Packaging","article_publisher":"https:\/\/www.facebook.com\/NanwangPaperBag","article_modified_time":"2025-05-15T03:21:53+00:00","og_image":[{"width":800,"height":800,"url":"https:\/\/www.nanwangpaperbag.com\/wp-content\/uploads\/2025\/04\/Kraft-Food-paper-Containers-1.webp","type":"image\/webp"}],"twitter_card":"summary_large_image","twitter_site":"@NanwangPack","twitter_misc":{"Dur\u00e9e de lecture estim\u00e9e":"3 minutes"},"schema":{"@context":"https:\/\/schema.org","@graph":[{"@type":"WebPage","@id":"https:\/\/www.nanwangpaperbag.com\/product\/kraft-food-paper-containers\/","url":"https:\/\/www.nanwangpaperbag.com\/product\/kraft-food-paper-containers\/","name":"Kraft Food Paper Containers - Nanwang Paper Packaging","isPartOf":{"@id":"https:\/\/www.nanwangpaperbag.com\/#website"},"primaryImageOfPage":{"@id":"https:\/\/www.nanwangpaperbag.com\/product\/kraft-food-paper-containers\/#primaryimage"},"image":{"@id":"https:\/\/www.nanwangpaperbag.com\/product\/kraft-food-paper-containers\/#primaryimage"},"thumbnailUrl":"https:\/\/www.nanwangpaperbag.com\/wp-content\/uploads\/2025\/04\/Kraft-Food-paper-Containers-1.webp","datePublished":"2025-04-15T09:19:12+00:00","dateModified":"2025-05-15T03:21:53+00:00","description":"Kraft Food Paper Containers - Nanwang Paper Packaging , we supply Luxury Paper Bags, Shopping Paper Bag, Paper Carry Bag, Delivery Bag for you with good price.","breadcrumb":{"@id":"https:\/\/www.nanwangpaperbag.com\/product\/kraft-food-paper-containers\/#breadcrumb"},"inLanguage":"fr-FR","potentialAction":[{"@type":"ReadAction","target":["https:\/\/www.nanwangpaperbag.com\/product\/kraft-food-paper-containers\/"]}]},{"@type":"ImageObject","inLanguage":"fr-FR","@id":"https:\/\/www.nanwangpaperbag.com\/product\/kraft-food-paper-containers\/#primaryimage","url":"https:\/\/www.nanwangpaperbag.com\/wp-content\/uploads\/2025\/04\/Kraft-Food-paper-Containers-1.webp","contentUrl":"https:\/\/www.nanwangpaperbag.com\/wp-content\/uploads\/2025\/04\/Kraft-Food-paper-Containers-1.webp","width":800,"height":800,"caption":"Kraft Food Paper Containers"},{"@type":"BreadcrumbList","@id":"https:\/\/www.nanwangpaperbag.com\/product\/kraft-food-paper-containers\/#breadcrumb","itemListElement":[{"@type":"ListItem","position":1,"name":"Home","item":"https:\/\/www.nanwangpaperbag.com\/"},{"@type":"ListItem","position":2,"name":"Productos","item":"https:\/\/www.nanwangpaperbag.com\/es\/shop\/"},{"@type":"ListItem","position":3,"name":"Kraft Food Paper Containers"}]},{"@type":"WebSite","@id":"https:\/\/www.nanwangpaperbag.com\/#website","url":"https:\/\/www.nanwangpaperbag.com\/","name":"Nanwang Paper Packaging","description":"","publisher":{"@id":"https:\/\/www.nanwangpaperbag.com\/#organization"},"potentialAction":[{"@type":"SearchAction","target":{"@type":"EntryPoint","urlTemplate":"https:\/\/www.nanwangpaperbag.com\/?s={search_term_string}"},"query-input":"required name=search_term_string"}],"inLanguage":"fr-FR"},{"@type":"Organization","@id":"https:\/\/www.nanwangpaperbag.com\/#organization","name":"Nanwang Pack","url":"https:\/\/www.nanwangpaperbag.com\/","logo":{"@type":"ImageObject","inLanguage":"fr-FR","@id":"https:\/\/www.nanwangpaperbag.com\/#\/schema\/logo\/image\/","url":"https:\/\/www.nanwangpaperbag.com\/wp-content\/uploads\/2025\/03\/logo2.webp","contentUrl":"https:\/\/www.nanwangpaperbag.com\/wp-content\/uploads\/2025\/03\/logo2.webp","width":433,"height":407,"caption":"Nanwang Pack"},"image":{"@id":"https:\/\/www.nanwangpaperbag.com\/#\/schema\/logo\/image\/"},"sameAs":["https:\/\/www.facebook.com\/NanwangPaperBag","https:\/\/x.com\/NanwangPack","https:\/\/www.linkedin.com\/company\/nanwang-paper-bag\/","https:\/\/www.youtube.com\/@NanwangPaperBag","https:\/\/www.tiktok.com\/@nanwangpaperbag"]}]}},"_links":{"self":[{"href":"https:\/\/www.nanwangpaperbag.com\/fr\/wp-json\/wp\/v2\/product\/12160"}],"collection":[{"href":"https:\/\/www.nanwangpaperbag.com\/fr\/wp-json\/wp\/v2\/product"}],"about":[{"href":"https:\/\/www.nanwangpaperbag.com\/fr\/wp-json\/wp\/v2\/types\/product"}],"replies":[{"embeddable":true,"href":"https:\/\/www.nanwangpaperbag.com\/fr\/wp-json\/wp\/v2\/comments?post=12160"}],"wp:featuredmedia":[{"embeddable":true,"href":"https:\/\/www.nanwangpaperbag.com\/fr\/wp-json\/wp\/v2\/media\/12170"}],"wp:attachment":[{"href":"https:\/\/www.nanwangpaperbag.com\/fr\/wp-json\/wp\/v2\/media?parent=12160"}],"wp:term":[{"taxonomy":"product_cat","embeddable":true,"href":"https:\/\/www.nanwangpaperbag.com\/fr\/wp-json\/wp\/v2\/product_cat?post=12160"},{"taxonomy":"product_tag","embeddable":true,"href":"https:\/\/www.nanwangpaperbag.com\/fr\/wp-json\/wp\/v2\/product_tag?post=12160"}],"curies":[{"name":"wp","href":"https:\/\/api.w.org\/{rel}","templated":true}]}}