{"id":12161,"date":"2025-04-15T09:31:25","date_gmt":"2025-04-15T09:31:25","guid":{"rendered":"https:\/\/www.nanwangpaperbag.com\/?post_type=product&#038;p=12161"},"modified":"2025-05-14T06:55:16","modified_gmt":"2025-05-14T06:55:16","slug":"paper-cups-in-disposable","status":"publish","type":"product","link":"https:\/\/www.nanwangpaperbag.com\/fr\/produit\/paper-cups-in-disposable\/","title":{"rendered":"Gobelets en papier \u00e0 usage unique"},"content":{"rendered":"<p><a href=\"https:\/\/www.nanwangpaperbag.com\/fr\/produit\/paper-cups-in-disposable\/\"><strong>Gobelets en papier jetables<\/strong><\/a> Les gobelets en papier sont essentiels dans la vie quotidienne. Ils sont couramment utilis\u00e9s lors de f\u00eates, de r\u00e9unions et dans les caf\u00e9s. L'un de leurs principaux avantages est leur caract\u00e8re \u00e9cologique : contrairement au plastique, les gobelets en papier sont biod\u00e9gradables et facilement recyclables. Fabriqu\u00e9s \u00e0 partir de p\u00e2te de bois renouvelable, ils peuvent \u00eatre renouvel\u00e9s ind\u00e9finiment. Compte tenu des pr\u00e9occupations environnementales croissantes, le choix des gobelets en papier est une d\u00e9cision responsable pour nos activit\u00e9s quotidiennes.<\/p>\n<p><img loading=\"lazy\" decoding=\"async\" class=\"size-full wp-image-12175 aligncenter\" data-src=\"https:\/\/www.nanwangpaperbag.com\/wp-content\/uploads\/2025\/04\/Paper-Cups_1.webp\" alt=\"Gobelets en papier \u00e0 usage unique\" width=\"979\" height=\"228\" srcset=\"https:\/\/www.nanwangpaperbag.com\/wp-content\/uploads\/2025\/04\/Paper-Cups_1.webp 979w, https:\/\/www.nanwangpaperbag.com\/wp-content\/uploads\/2025\/04\/Paper-Cups_1-480x112.webp 480w\" sizes=\"(min-width: 0px) and (max-width: 480px) 480px, (min-width: 481px) 979px, 100vw\" \/><\/p>\n<h2>MAT\u00c9RIAU STANDARD RECOMMANDER<\/h2>\n<p>Coupe froide<br \/>\n\u246014pe+210gsm Paper Board+1Bpe<br \/>\n\u246114pe+350gsm Paper Board+18pe<\/p>\n<p>Tasse chaude<br \/>\n\u2460250gsm Paper Board+18pe<br \/>\n\u2461280gsm Papier Baard+18pe<br \/>\n\u2462320gsm Papier Baard+18pe<br \/>\n\u2463350gsm Papier Barbe+18pe<\/p>\n<h2>Caract\u00e9ristiques<\/h2>\n<p>Tailles disponibles : Sur mesure<br \/>\nMat\u00e9riau du papier : PE Lining Paper Board<br \/>\nPoids du papier : 210-350 g\/m2<br \/>\nCouleurs d'impression : 8 couleurs<\/p>\n<h2>Notre garantie<\/h2>\n<p>Certifi\u00e9s ISO 22000:2018 (S\u00e9curit\u00e9 alimentaire), ISO 9001:2015 (Qualit\u00e9), ISO 14001:2015 (Environnement), FSC-COC et BRC (Grade A+), nous maintenons un syst\u00e8me rigoureux de gestion de la qualit\u00e9 pour nos produits et services. <strong><a href=\"https:\/\/www.nanwangpaperbag.com\/fr\/category\/food-service-disposables\/\">produits jetables pour la restauration<\/a><\/strong>. Notre \u00e9quipe de R&amp;D, qui b\u00e9n\u00e9ficie d'un investissement annuel de plus de 30 millions de RMB, a mis au point 14 technologies de pointe adapt\u00e9es aux emballages alimentaires jetables, notamment la conception de sacs en U \u00e0 pliage interne, la fixation automatis\u00e9e des poign\u00e9es et les rev\u00eatements anti-p\u00e9n\u00e9tration. Avec 84 brevets nationaux (8 brevets d'invention) et 5 brevets internationaux sp\u00e9cifiquement appliqu\u00e9s aux solutions de services alimentaires jetables, notre laboratoire de pointe int\u00e8gre les essais de mat\u00e9riaux, l'analyse des donn\u00e9es et l'innovation \u00e9cologique pour faire progresser les performances des emballages jetables durables.<\/p>\n<h2>FAQ<\/h2>\n<p>Q1. Pouvons-nous cr\u00e9er notre propre marque ?<br \/>\nR : Oui, nous pouvons fournir le service OEM.<\/p>\n<p>Q2 : O\u00f9 se trouve votre usine ? Puis-je la visiter ?<br \/>\nR : Nous avons 6 usines, 5 en Chine et 1 en Malaisie. Nous vous souhaitons la bienvenue.<\/p>\n<p>Q3. Comment puis-je obtenir des \u00e9chantillons ?<br \/>\nR : Si nous avons l'\u00e9chantillon en stock, nous vous le fournirons. Les frais d'\u00e9chantillonnage vous seront rembours\u00e9s lors des commandes ult\u00e9rieures.<br \/>\n2. Si l'\u00e9chantillon est personnalis\u00e9, nous le fabriquerons pour vous, vous devrez alors payer les frais d'\u00e9chantillon et de transport, de toute fa\u00e7on les frais d'\u00e9chantillon vous seront rembours\u00e9s dans les commandes ult\u00e9rieures.<\/p>\n<p>Q4. Pouvez-vous rembourser le prix de la plaque ?<br \/>\nR : Oui, si la quantit\u00e9 command\u00e9e est importante, nous vous rembourserons les frais de plaque.<\/p>\n<p>Q5. Pourquoi nous choisir ?<br \/>\nR:1,Grande capacit\u00e9 (200 millions de sacs \u00e0 provisions par mois et 900 millions d'emballages alimentaires par mois),<br \/>\n2. Large gamme de produits (13 types)<br \/>\n3. Contr\u00f4le strict de la qualit\u00e9 SOP,<br \/>\n4. Choix d'installations de production flexibles (5 usines en Chine avec diff\u00e9rents ports d'exp\u00e9dition et en Malaisie).<br \/>\n5. \u00c9quipement de pointe (nous disposons de 230 ensembles de machines, dont la plupart sont import\u00e9es afin de garantir une qualit\u00e9 \u00e9lev\u00e9e et stable).<br \/>\n6. Exp\u00e9rience en mati\u00e8re de coop\u00e9ration avec des marques internationales.<br \/>\n7. Qualifi\u00e9 par QS, ISO9001, ISO14001, ISO22000, BRC, FSC, FDA, SEDEX<\/p>","protected":false},"excerpt":{"rendered":"<p>Available size:4OZ\/6OZ\/8OZ\/9OZ\/10OZ\/12OZ\/16OZ\/20OZ\/22OZ\/24OZ<br \/>\nPaper types: PE lining paper board<br \/>\nPaper weight: 210-350gsm<br \/>\nPrinting color: 8 colors(flexo)<br \/>\nMOQ: 100,000pcs<br \/>\nStandard material recommend -Hot cup-320g+18PE, 350g+18PE, 280g+18PE, 250g+18PE -Cold cup-14PE+250g+17PE, 14PE+210g+17PE<br \/>\nAdvantage: water base non-toxi ink prin<\/p>","protected":false},"featured_media":12176,"comment_status":"open","ping_status":"closed","template":"","meta":{"_et_pb_use_builder":"","_et_pb_old_content":"","_et_gb_content_width":""},"product_cat":[284,286],"product_tag":[311,310],"yoast_head":"<!-- This site is optimized with the Yoast SEO plugin v22.7 - https:\/\/yoast.com\/wordpress\/plugins\/seo\/ -->\n<title>Paper Cups in Disposable - Nanwang Paper Packaging<\/title>\n<meta name=\"description\" content=\"Paper Cups in Disposable - Nanwang Paper Packaging , we supply Luxury Paper Bags, Shopping Paper Bag, Paper Carry Bag, Delivery Bag for you with good price.\" \/>\n<meta name=\"robots\" content=\"index, follow, max-snippet:-1, max-image-preview:large, max-video-preview:-1\" \/>\n<link rel=\"canonical\" href=\"https:\/\/www.nanwangpaperbag.com\/fr\/produit\/paper-cups-in-disposable\/\" \/>\n<meta property=\"og:locale\" content=\"fr_FR\" \/>\n<meta property=\"og:type\" content=\"article\" \/>\n<meta property=\"og:title\" content=\"Paper Cups in Disposable - Nanwang Paper Packaging\" \/>\n<meta property=\"og:description\" content=\"Paper Cups in Disposable - Nanwang Paper Packaging , we supply Luxury Paper Bags, Shopping Paper Bag, Paper Carry Bag, Delivery Bag for you with good price.\" \/>\n<meta property=\"og:url\" content=\"https:\/\/www.nanwangpaperbag.com\/fr\/produit\/paper-cups-in-disposable\/\" \/>\n<meta property=\"og:site_name\" content=\"Nanwang Paper Packaging\" \/>\n<meta property=\"article:publisher\" content=\"https:\/\/www.facebook.com\/NanwangPaperBag\" \/>\n<meta property=\"article:modified_time\" content=\"2025-05-14T06:55:16+00:00\" \/>\n<meta property=\"og:image\" content=\"https:\/\/www.nanwangpaperbag.com\/wp-content\/uploads\/2025\/04\/Paper-Cups-in-Disposable_1.webp\" \/>\n\t<meta property=\"og:image:width\" content=\"800\" \/>\n\t<meta property=\"og:image:height\" content=\"800\" \/>\n\t<meta property=\"og:image:type\" content=\"image\/webp\" \/>\n<meta name=\"twitter:card\" content=\"summary_large_image\" \/>\n<meta name=\"twitter:site\" content=\"@NanwangPack\" \/>\n<meta name=\"twitter:label1\" content=\"Dur\u00e9e de lecture estim\u00e9e\" \/>\n\t<meta name=\"twitter:data1\" content=\"3 minutes\" \/>\n<script type=\"application\/ld+json\" class=\"yoast-schema-graph\">{\"@context\":\"https:\/\/schema.org\",\"@graph\":[{\"@type\":\"WebPage\",\"@id\":\"https:\/\/www.nanwangpaperbag.com\/product\/paper-cups-in-disposable\/\",\"url\":\"https:\/\/www.nanwangpaperbag.com\/product\/paper-cups-in-disposable\/\",\"name\":\"Paper Cups in Disposable - Nanwang Paper Packaging\",\"isPartOf\":{\"@id\":\"https:\/\/www.nanwangpaperbag.com\/#website\"},\"primaryImageOfPage\":{\"@id\":\"https:\/\/www.nanwangpaperbag.com\/product\/paper-cups-in-disposable\/#primaryimage\"},\"image\":{\"@id\":\"https:\/\/www.nanwangpaperbag.com\/product\/paper-cups-in-disposable\/#primaryimage\"},\"thumbnailUrl\":\"https:\/\/www.nanwangpaperbag.com\/wp-content\/uploads\/2025\/04\/Paper-Cups-in-Disposable_1.webp\",\"datePublished\":\"2025-04-15T09:31:25+00:00\",\"dateModified\":\"2025-05-14T06:55:16+00:00\",\"description\":\"Paper Cups in Disposable - Nanwang Paper Packaging , we supply Luxury Paper Bags, Shopping Paper Bag, Paper Carry Bag, Delivery Bag for you with good price.\",\"breadcrumb\":{\"@id\":\"https:\/\/www.nanwangpaperbag.com\/product\/paper-cups-in-disposable\/#breadcrumb\"},\"inLanguage\":\"fr-FR\",\"potentialAction\":[{\"@type\":\"ReadAction\",\"target\":[\"https:\/\/www.nanwangpaperbag.com\/product\/paper-cups-in-disposable\/\"]}]},{\"@type\":\"ImageObject\",\"inLanguage\":\"fr-FR\",\"@id\":\"https:\/\/www.nanwangpaperbag.com\/product\/paper-cups-in-disposable\/#primaryimage\",\"url\":\"https:\/\/www.nanwangpaperbag.com\/wp-content\/uploads\/2025\/04\/Paper-Cups-in-Disposable_1.webp\",\"contentUrl\":\"https:\/\/www.nanwangpaperbag.com\/wp-content\/uploads\/2025\/04\/Paper-Cups-in-Disposable_1.webp\",\"width\":800,\"height\":800,\"caption\":\"Paper Cups in Disposable\"},{\"@type\":\"BreadcrumbList\",\"@id\":\"https:\/\/www.nanwangpaperbag.com\/product\/paper-cups-in-disposable\/#breadcrumb\",\"itemListElement\":[{\"@type\":\"ListItem\",\"position\":1,\"name\":\"Home\",\"item\":\"https:\/\/www.nanwangpaperbag.com\/\"},{\"@type\":\"ListItem\",\"position\":2,\"name\":\"Productos\",\"item\":\"https:\/\/www.nanwangpaperbag.com\/es\/shop\/\"},{\"@type\":\"ListItem\",\"position\":3,\"name\":\"Paper Cups in Disposable\"}]},{\"@type\":\"WebSite\",\"@id\":\"https:\/\/www.nanwangpaperbag.com\/#website\",\"url\":\"https:\/\/www.nanwangpaperbag.com\/\",\"name\":\"Nanwang Paper Packaging\",\"description\":\"\",\"publisher\":{\"@id\":\"https:\/\/www.nanwangpaperbag.com\/#organization\"},\"potentialAction\":[{\"@type\":\"SearchAction\",\"target\":{\"@type\":\"EntryPoint\",\"urlTemplate\":\"https:\/\/www.nanwangpaperbag.com\/?s={search_term_string}\"},\"query-input\":\"required name=search_term_string\"}],\"inLanguage\":\"fr-FR\"},{\"@type\":\"Organization\",\"@id\":\"https:\/\/www.nanwangpaperbag.com\/#organization\",\"name\":\"Nanwang Pack\",\"url\":\"https:\/\/www.nanwangpaperbag.com\/\",\"logo\":{\"@type\":\"ImageObject\",\"inLanguage\":\"fr-FR\",\"@id\":\"https:\/\/www.nanwangpaperbag.com\/#\/schema\/logo\/image\/\",\"url\":\"https:\/\/www.nanwangpaperbag.com\/wp-content\/uploads\/2025\/03\/logo2.webp\",\"contentUrl\":\"https:\/\/www.nanwangpaperbag.com\/wp-content\/uploads\/2025\/03\/logo2.webp\",\"width\":433,\"height\":407,\"caption\":\"Nanwang Pack\"},\"image\":{\"@id\":\"https:\/\/www.nanwangpaperbag.com\/#\/schema\/logo\/image\/\"},\"sameAs\":[\"https:\/\/www.facebook.com\/NanwangPaperBag\",\"https:\/\/x.com\/NanwangPack\",\"https:\/\/www.linkedin.com\/company\/nanwang-paper-bag\/\",\"https:\/\/www.youtube.com\/@NanwangPaperBag\",\"https:\/\/www.tiktok.com\/@nanwangpaperbag\"]}]}<\/script>\n<!-- \/ Yoast SEO plugin. -->","yoast_head_json":{"title":"Paper Cups in Disposable - Nanwang Paper Packaging","description":"Paper Cups in Disposable - Nanwang Paper Packaging , we supply Luxury Paper Bags, Shopping Paper Bag, Paper Carry Bag, Delivery Bag for you with good price.","robots":{"index":"index","follow":"follow","max-snippet":"max-snippet:-1","max-image-preview":"max-image-preview:large","max-video-preview":"max-video-preview:-1"},"canonical":"https:\/\/www.nanwangpaperbag.com\/fr\/produit\/paper-cups-in-disposable\/","og_locale":"fr_FR","og_type":"article","og_title":"Paper Cups in Disposable - Nanwang Paper Packaging","og_description":"Paper Cups in Disposable - Nanwang Paper Packaging , we supply Luxury Paper Bags, Shopping Paper Bag, Paper Carry Bag, Delivery Bag for you with good price.","og_url":"https:\/\/www.nanwangpaperbag.com\/fr\/produit\/paper-cups-in-disposable\/","og_site_name":"Nanwang Paper Packaging","article_publisher":"https:\/\/www.facebook.com\/NanwangPaperBag","article_modified_time":"2025-05-14T06:55:16+00:00","og_image":[{"width":800,"height":800,"url":"https:\/\/www.nanwangpaperbag.com\/wp-content\/uploads\/2025\/04\/Paper-Cups-in-Disposable_1.webp","type":"image\/webp"}],"twitter_card":"summary_large_image","twitter_site":"@NanwangPack","twitter_misc":{"Dur\u00e9e de lecture estim\u00e9e":"3 minutes"},"schema":{"@context":"https:\/\/schema.org","@graph":[{"@type":"WebPage","@id":"https:\/\/www.nanwangpaperbag.com\/product\/paper-cups-in-disposable\/","url":"https:\/\/www.nanwangpaperbag.com\/product\/paper-cups-in-disposable\/","name":"Paper Cups in Disposable - Nanwang Paper Packaging","isPartOf":{"@id":"https:\/\/www.nanwangpaperbag.com\/#website"},"primaryImageOfPage":{"@id":"https:\/\/www.nanwangpaperbag.com\/product\/paper-cups-in-disposable\/#primaryimage"},"image":{"@id":"https:\/\/www.nanwangpaperbag.com\/product\/paper-cups-in-disposable\/#primaryimage"},"thumbnailUrl":"https:\/\/www.nanwangpaperbag.com\/wp-content\/uploads\/2025\/04\/Paper-Cups-in-Disposable_1.webp","datePublished":"2025-04-15T09:31:25+00:00","dateModified":"2025-05-14T06:55:16+00:00","description":"Paper Cups in Disposable - Nanwang Paper Packaging , we supply Luxury Paper Bags, Shopping Paper Bag, Paper Carry Bag, Delivery Bag for you with good price.","breadcrumb":{"@id":"https:\/\/www.nanwangpaperbag.com\/product\/paper-cups-in-disposable\/#breadcrumb"},"inLanguage":"fr-FR","potentialAction":[{"@type":"ReadAction","target":["https:\/\/www.nanwangpaperbag.com\/product\/paper-cups-in-disposable\/"]}]},{"@type":"ImageObject","inLanguage":"fr-FR","@id":"https:\/\/www.nanwangpaperbag.com\/product\/paper-cups-in-disposable\/#primaryimage","url":"https:\/\/www.nanwangpaperbag.com\/wp-content\/uploads\/2025\/04\/Paper-Cups-in-Disposable_1.webp","contentUrl":"https:\/\/www.nanwangpaperbag.com\/wp-content\/uploads\/2025\/04\/Paper-Cups-in-Disposable_1.webp","width":800,"height":800,"caption":"Paper Cups in Disposable"},{"@type":"BreadcrumbList","@id":"https:\/\/www.nanwangpaperbag.com\/product\/paper-cups-in-disposable\/#breadcrumb","itemListElement":[{"@type":"ListItem","position":1,"name":"Home","item":"https:\/\/www.nanwangpaperbag.com\/"},{"@type":"ListItem","position":2,"name":"Productos","item":"https:\/\/www.nanwangpaperbag.com\/es\/shop\/"},{"@type":"ListItem","position":3,"name":"Paper Cups in Disposable"}]},{"@type":"WebSite","@id":"https:\/\/www.nanwangpaperbag.com\/#website","url":"https:\/\/www.nanwangpaperbag.com\/","name":"Nanwang Paper Packaging","description":"","publisher":{"@id":"https:\/\/www.nanwangpaperbag.com\/#organization"},"potentialAction":[{"@type":"SearchAction","target":{"@type":"EntryPoint","urlTemplate":"https:\/\/www.nanwangpaperbag.com\/?s={search_term_string}"},"query-input":"required name=search_term_string"}],"inLanguage":"fr-FR"},{"@type":"Organization","@id":"https:\/\/www.nanwangpaperbag.com\/#organization","name":"Nanwang Pack","url":"https:\/\/www.nanwangpaperbag.com\/","logo":{"@type":"ImageObject","inLanguage":"fr-FR","@id":"https:\/\/www.nanwangpaperbag.com\/#\/schema\/logo\/image\/","url":"https:\/\/www.nanwangpaperbag.com\/wp-content\/uploads\/2025\/03\/logo2.webp","contentUrl":"https:\/\/www.nanwangpaperbag.com\/wp-content\/uploads\/2025\/03\/logo2.webp","width":433,"height":407,"caption":"Nanwang Pack"},"image":{"@id":"https:\/\/www.nanwangpaperbag.com\/#\/schema\/logo\/image\/"},"sameAs":["https:\/\/www.facebook.com\/NanwangPaperBag","https:\/\/x.com\/NanwangPack","https:\/\/www.linkedin.com\/company\/nanwang-paper-bag\/","https:\/\/www.youtube.com\/@NanwangPaperBag","https:\/\/www.tiktok.com\/@nanwangpaperbag"]}]}},"_links":{"self":[{"href":"https:\/\/www.nanwangpaperbag.com\/fr\/wp-json\/wp\/v2\/product\/12161"}],"collection":[{"href":"https:\/\/www.nanwangpaperbag.com\/fr\/wp-json\/wp\/v2\/product"}],"about":[{"href":"https:\/\/www.nanwangpaperbag.com\/fr\/wp-json\/wp\/v2\/types\/product"}],"replies":[{"embeddable":true,"href":"https:\/\/www.nanwangpaperbag.com\/fr\/wp-json\/wp\/v2\/comments?post=12161"}],"wp:featuredmedia":[{"embeddable":true,"href":"https:\/\/www.nanwangpaperbag.com\/fr\/wp-json\/wp\/v2\/media\/12176"}],"wp:attachment":[{"href":"https:\/\/www.nanwangpaperbag.com\/fr\/wp-json\/wp\/v2\/media?parent=12161"}],"wp:term":[{"taxonomy":"product_cat","embeddable":true,"href":"https:\/\/www.nanwangpaperbag.com\/fr\/wp-json\/wp\/v2\/product_cat?post=12161"},{"taxonomy":"product_tag","embeddable":true,"href":"https:\/\/www.nanwangpaperbag.com\/fr\/wp-json\/wp\/v2\/product_tag?post=12161"}],"curies":[{"name":"wp","href":"https:\/\/api.w.org\/{rel}","templated":true}]}}