{"id":12164,"date":"2025-04-15T09:58:54","date_gmt":"2025-04-15T09:58:54","guid":{"rendered":"https:\/\/www.nanwangpaperbag.com\/?post_type=product&#038;p=12164"},"modified":"2025-05-14T06:45:00","modified_gmt":"2025-05-14T06:45:00","slug":"brown-kraft-paper-placemats","status":"publish","type":"product","link":"https:\/\/www.nanwangpaperbag.com\/fr\/produit\/brown-kraft-paper-placemats\/","title":{"rendered":"Sets de table en papier kraft brun"},"content":{"rendered":"<p>Le <a href=\"https:\/\/www.nanwangpaperbag.com\/fr\/category\/foodservice-disposables\/paper-placemats\/\"><strong>sets de table en papier<\/strong><\/a>\u00a0Ils sont largement utilis\u00e9s sur les tables des h\u00f4tels, des restaurants rapides et des restaurants de poulet frit.Ils sont fabriqu\u00e9s avec du papier et des encres de qualit\u00e9 alimentaire, avec une impression exquise et respectueuse de l'environnement.Ils peuvent \u00eatre fabriqu\u00e9s avec diff\u00e9rents motifs selon les besoins du client, et constituent un bon r\u00e9sultat pour l'effet publicitaire.<\/p>\n<p><img loading=\"lazy\" decoding=\"async\" class=\"size-full wp-image-12190 aligncenter\" data-src=\"https:\/\/www.nanwangpaperbag.com\/wp-content\/uploads\/2025\/04\/Brown-Kraft-Paper-Placemats_1.webp\" alt=\"Sets de table en papier kraft brun\" width=\"741\" height=\"776\" srcset=\"https:\/\/www.nanwangpaperbag.com\/wp-content\/uploads\/2025\/04\/Brown-Kraft-Paper-Placemats_1.webp 741w, https:\/\/www.nanwangpaperbag.com\/wp-content\/uploads\/2025\/04\/Brown-Kraft-Paper-Placemats_1-480x503.webp 480w\" sizes=\"(min-width: 0px) and (max-width: 480px) 480px, (min-width: 481px) 741px, 100vw\" \/><\/p>\n<h2>MAT\u00c9RIAU STANDARD RECOMMANDER<\/h2>\n<p>\u25cf Papier l\u00e9ger super blanc 50GSM<br \/>\n\u25cf 50GSM Papier journal<br \/>\n\u25cf Papier de qualit\u00e9 alimentaire de 55 g\/m2<br \/>\n\u25cf Papier de qualit\u00e9 alimentaire 70 g\/m2<\/p>\n<h2>Caract\u00e9ristiques<\/h2>\n<p>\u25cf Encres environnementales<br \/>\n\u25cf \u00c9tanch\u00e9it\u00e9 \u00e0 la graisse<br \/>\n\u25cf Sant\u00e9 et s\u00e9curit\u00e9<br \/>\n\u25cf S\u00e9lection de plusieurs styles<br \/>\n\u25cf Durable<\/p>\n<h2>\u00c0 propos de nous<\/h2>\n<p>Nanwang, cr\u00e9\u00e9e en 2010, est la premi\u00e8re entreprise chinoise cot\u00e9e en bourse sp\u00e9cialis\u00e9e dans les emballages en papier. Elle est sp\u00e9cialis\u00e9e dans les sacs en papier respectueux de l'environnement, <strong><a href=\"https:\/\/www.nanwangpaperbag.com\/fr\/category\/food-service-disposables\/\">produits jetables pour la restauration<\/a><\/strong>Apr\u00e8s avoir d\u00e9velopp\u00e9 l'impression et l'emballage de produits alimentaires, nous avons \u00e9tendu nos activit\u00e9s au papier pour caisses enregistreuses, au papier pour \u00e9tiquettes et aux tissus non tiss\u00e9s. Gr\u00e2ce \u00e0 une automatisation avanc\u00e9e et \u00e0 deux nouvelles filiales, nous fournissons des solutions d'emballage compl\u00e8tes et durables et nous nous classons parmi les 100 premi\u00e8res entreprises d'impression et d'emballage de Chine.<\/p>\n<h2>FAQ<\/h2>\n<p>Q1 : Dans combien de jours puis-je obtenir l'IP si j'envoie une commande ?<br \/>\nR : Normalement 2 jours<\/p>\n<p>Q2. Pouvez-vous faire du DDP ?<br \/>\nR : Normalement, nous faisons du FOB, mais si vous avez besoin de CIF ou de DDP, nous devons l'\u00e9valuer apr\u00e8s notre conversation avec vous.<\/p>\n<p>Q3. Si je passe commande pour une utilisation annuelle, pouvez-vous me proposer un meilleur prix ?<br \/>\nR : Veuillez indiquer le calendrier d'exp\u00e9dition, nous vous indiquerons le co\u00fbt le plus avantageux.<\/p>\n<p>Q4 : Existe-t-il des droits de douane pour mon pays ?<br \/>\nA\uff1aIl s'agit d'un tarif 25% de la Chine vers les \u00c9tats-Unis, mais pas vers d'autres pays. Nous avons une usine en Malaisie qui peut exp\u00e9dier aux Etats-Unis pour \u00e9viter les droits de douane.<\/p>\n<p>Q5. Pouvez-vous envoyer des produits \u00e0 mon bureau en Chine ?<br \/>\nR : Oui, veuillez indiquer l'adresse.<\/p>","protected":false},"excerpt":{"rendered":"<p>Article:Sets de table en papier kraft brun<br \/>\nTaille disponible : 230X340\/250X350mm ou personnalis\u00e9e<br \/>\nLogo : personnalis\u00e9<br \/>\nMat\u00e9riau du papier : papier kraft brun, papier non couch\u00e9<br \/>\nCouleurs d'impression : 5 couleurs<br \/>\nPoids du papier : 23-80g\/m2<br \/>\nD\u00e9tails de l'emballage : emball\u00e9 dans un sac en poly\u00e9thyl\u00e8ne, puis dans un carton d'exportation.<\/p>","protected":false},"featured_media":12191,"comment_status":"open","ping_status":"closed","template":"","meta":{"_et_pb_use_builder":"","_et_pb_old_content":"","_et_gb_content_width":""},"product_cat":[284,289],"product_tag":[315,351],"yoast_head":"<!-- This site is optimized with the Yoast SEO plugin v22.7 - https:\/\/yoast.com\/wordpress\/plugins\/seo\/ -->\n<title>Brown Kraft Paper Placemats - Nanwang Paper Packaging<\/title>\n<meta name=\"description\" content=\"Brown Kraft Paper Placemats - Nanwang Paper Packaging , we supply Luxury Paper Bags, Shopping Paper Bag, Paper Carry Bag, Delivery Bag for you with good price.\" \/>\n<meta name=\"robots\" content=\"index, follow, max-snippet:-1, max-image-preview:large, max-video-preview:-1\" \/>\n<link rel=\"canonical\" href=\"https:\/\/www.nanwangpaperbag.com\/fr\/produit\/brown-kraft-paper-placemats\/\" \/>\n<meta property=\"og:locale\" content=\"fr_FR\" \/>\n<meta property=\"og:type\" content=\"article\" \/>\n<meta property=\"og:title\" content=\"Brown Kraft Paper Placemats - Nanwang Paper Packaging\" \/>\n<meta property=\"og:description\" content=\"Brown Kraft Paper Placemats - Nanwang Paper Packaging , we supply Luxury Paper Bags, Shopping Paper Bag, Paper Carry Bag, Delivery Bag for you with good price.\" \/>\n<meta property=\"og:url\" content=\"https:\/\/www.nanwangpaperbag.com\/fr\/produit\/brown-kraft-paper-placemats\/\" \/>\n<meta property=\"og:site_name\" content=\"Nanwang Paper Packaging\" \/>\n<meta property=\"article:publisher\" content=\"https:\/\/www.facebook.com\/NanwangPaperBag\" \/>\n<meta property=\"article:modified_time\" content=\"2025-05-14T06:45:00+00:00\" \/>\n<meta property=\"og:image\" content=\"https:\/\/www.nanwangpaperbag.com\/wp-content\/uploads\/2025\/04\/Brown-Kraft-Paper-Placemats_1-1.webp\" \/>\n\t<meta property=\"og:image:width\" content=\"800\" \/>\n\t<meta property=\"og:image:height\" content=\"800\" \/>\n\t<meta property=\"og:image:type\" content=\"image\/webp\" \/>\n<meta name=\"twitter:card\" content=\"summary_large_image\" \/>\n<meta name=\"twitter:site\" content=\"@NanwangPack\" \/>\n<meta name=\"twitter:label1\" content=\"Dur\u00e9e de lecture estim\u00e9e\" \/>\n\t<meta name=\"twitter:data1\" content=\"2 minutes\" \/>\n<script type=\"application\/ld+json\" class=\"yoast-schema-graph\">{\"@context\":\"https:\/\/schema.org\",\"@graph\":[{\"@type\":\"WebPage\",\"@id\":\"https:\/\/www.nanwangpaperbag.com\/product\/brown-kraft-paper-placemats\/\",\"url\":\"https:\/\/www.nanwangpaperbag.com\/product\/brown-kraft-paper-placemats\/\",\"name\":\"Brown Kraft Paper Placemats - Nanwang Paper Packaging\",\"isPartOf\":{\"@id\":\"https:\/\/www.nanwangpaperbag.com\/#website\"},\"primaryImageOfPage\":{\"@id\":\"https:\/\/www.nanwangpaperbag.com\/product\/brown-kraft-paper-placemats\/#primaryimage\"},\"image\":{\"@id\":\"https:\/\/www.nanwangpaperbag.com\/product\/brown-kraft-paper-placemats\/#primaryimage\"},\"thumbnailUrl\":\"https:\/\/www.nanwangpaperbag.com\/wp-content\/uploads\/2025\/04\/Brown-Kraft-Paper-Placemats_1-1.webp\",\"datePublished\":\"2025-04-15T09:58:54+00:00\",\"dateModified\":\"2025-05-14T06:45:00+00:00\",\"description\":\"Brown Kraft Paper Placemats - Nanwang Paper Packaging , we supply Luxury Paper Bags, Shopping Paper Bag, Paper Carry Bag, Delivery Bag for you with good price.\",\"breadcrumb\":{\"@id\":\"https:\/\/www.nanwangpaperbag.com\/product\/brown-kraft-paper-placemats\/#breadcrumb\"},\"inLanguage\":\"fr-FR\",\"potentialAction\":[{\"@type\":\"ReadAction\",\"target\":[\"https:\/\/www.nanwangpaperbag.com\/product\/brown-kraft-paper-placemats\/\"]}]},{\"@type\":\"ImageObject\",\"inLanguage\":\"fr-FR\",\"@id\":\"https:\/\/www.nanwangpaperbag.com\/product\/brown-kraft-paper-placemats\/#primaryimage\",\"url\":\"https:\/\/www.nanwangpaperbag.com\/wp-content\/uploads\/2025\/04\/Brown-Kraft-Paper-Placemats_1-1.webp\",\"contentUrl\":\"https:\/\/www.nanwangpaperbag.com\/wp-content\/uploads\/2025\/04\/Brown-Kraft-Paper-Placemats_1-1.webp\",\"width\":800,\"height\":800,\"caption\":\"Brown Kraft Paper Placemats\"},{\"@type\":\"BreadcrumbList\",\"@id\":\"https:\/\/www.nanwangpaperbag.com\/product\/brown-kraft-paper-placemats\/#breadcrumb\",\"itemListElement\":[{\"@type\":\"ListItem\",\"position\":1,\"name\":\"Home\",\"item\":\"https:\/\/www.nanwangpaperbag.com\/\"},{\"@type\":\"ListItem\",\"position\":2,\"name\":\"Productos\",\"item\":\"https:\/\/www.nanwangpaperbag.com\/es\/shop\/\"},{\"@type\":\"ListItem\",\"position\":3,\"name\":\"Brown Kraft Paper Placemats\"}]},{\"@type\":\"WebSite\",\"@id\":\"https:\/\/www.nanwangpaperbag.com\/#website\",\"url\":\"https:\/\/www.nanwangpaperbag.com\/\",\"name\":\"Nanwang Paper Packaging\",\"description\":\"\",\"publisher\":{\"@id\":\"https:\/\/www.nanwangpaperbag.com\/#organization\"},\"potentialAction\":[{\"@type\":\"SearchAction\",\"target\":{\"@type\":\"EntryPoint\",\"urlTemplate\":\"https:\/\/www.nanwangpaperbag.com\/?s={search_term_string}\"},\"query-input\":\"required name=search_term_string\"}],\"inLanguage\":\"fr-FR\"},{\"@type\":\"Organization\",\"@id\":\"https:\/\/www.nanwangpaperbag.com\/#organization\",\"name\":\"Nanwang Pack\",\"url\":\"https:\/\/www.nanwangpaperbag.com\/\",\"logo\":{\"@type\":\"ImageObject\",\"inLanguage\":\"fr-FR\",\"@id\":\"https:\/\/www.nanwangpaperbag.com\/#\/schema\/logo\/image\/\",\"url\":\"https:\/\/www.nanwangpaperbag.com\/wp-content\/uploads\/2025\/03\/logo2.webp\",\"contentUrl\":\"https:\/\/www.nanwangpaperbag.com\/wp-content\/uploads\/2025\/03\/logo2.webp\",\"width\":433,\"height\":407,\"caption\":\"Nanwang Pack\"},\"image\":{\"@id\":\"https:\/\/www.nanwangpaperbag.com\/#\/schema\/logo\/image\/\"},\"sameAs\":[\"https:\/\/www.facebook.com\/NanwangPaperBag\",\"https:\/\/x.com\/NanwangPack\",\"https:\/\/www.linkedin.com\/company\/nanwang-paper-bag\/\",\"https:\/\/www.youtube.com\/@NanwangPaperBag\",\"https:\/\/www.tiktok.com\/@nanwangpaperbag\"]}]}<\/script>\n<!-- \/ Yoast SEO plugin. -->","yoast_head_json":{"title":"Brown Kraft Paper Placemats - Nanwang Paper Packaging","description":"Brown Kraft Paper Placemats - Nanwang Paper Packaging , we supply Luxury Paper Bags, Shopping Paper Bag, Paper Carry Bag, Delivery Bag for you with good price.","robots":{"index":"index","follow":"follow","max-snippet":"max-snippet:-1","max-image-preview":"max-image-preview:large","max-video-preview":"max-video-preview:-1"},"canonical":"https:\/\/www.nanwangpaperbag.com\/fr\/produit\/brown-kraft-paper-placemats\/","og_locale":"fr_FR","og_type":"article","og_title":"Brown Kraft Paper Placemats - Nanwang Paper Packaging","og_description":"Brown Kraft Paper Placemats - Nanwang Paper Packaging , we supply Luxury Paper Bags, Shopping Paper Bag, Paper Carry Bag, Delivery Bag for you with good price.","og_url":"https:\/\/www.nanwangpaperbag.com\/fr\/produit\/brown-kraft-paper-placemats\/","og_site_name":"Nanwang Paper Packaging","article_publisher":"https:\/\/www.facebook.com\/NanwangPaperBag","article_modified_time":"2025-05-14T06:45:00+00:00","og_image":[{"width":800,"height":800,"url":"https:\/\/www.nanwangpaperbag.com\/wp-content\/uploads\/2025\/04\/Brown-Kraft-Paper-Placemats_1-1.webp","type":"image\/webp"}],"twitter_card":"summary_large_image","twitter_site":"@NanwangPack","twitter_misc":{"Dur\u00e9e de lecture estim\u00e9e":"2 minutes"},"schema":{"@context":"https:\/\/schema.org","@graph":[{"@type":"WebPage","@id":"https:\/\/www.nanwangpaperbag.com\/product\/brown-kraft-paper-placemats\/","url":"https:\/\/www.nanwangpaperbag.com\/product\/brown-kraft-paper-placemats\/","name":"Brown Kraft Paper Placemats - Nanwang Paper Packaging","isPartOf":{"@id":"https:\/\/www.nanwangpaperbag.com\/#website"},"primaryImageOfPage":{"@id":"https:\/\/www.nanwangpaperbag.com\/product\/brown-kraft-paper-placemats\/#primaryimage"},"image":{"@id":"https:\/\/www.nanwangpaperbag.com\/product\/brown-kraft-paper-placemats\/#primaryimage"},"thumbnailUrl":"https:\/\/www.nanwangpaperbag.com\/wp-content\/uploads\/2025\/04\/Brown-Kraft-Paper-Placemats_1-1.webp","datePublished":"2025-04-15T09:58:54+00:00","dateModified":"2025-05-14T06:45:00+00:00","description":"Brown Kraft Paper Placemats - Nanwang Paper Packaging , we supply Luxury Paper Bags, Shopping Paper Bag, Paper Carry Bag, Delivery Bag for you with good price.","breadcrumb":{"@id":"https:\/\/www.nanwangpaperbag.com\/product\/brown-kraft-paper-placemats\/#breadcrumb"},"inLanguage":"fr-FR","potentialAction":[{"@type":"ReadAction","target":["https:\/\/www.nanwangpaperbag.com\/product\/brown-kraft-paper-placemats\/"]}]},{"@type":"ImageObject","inLanguage":"fr-FR","@id":"https:\/\/www.nanwangpaperbag.com\/product\/brown-kraft-paper-placemats\/#primaryimage","url":"https:\/\/www.nanwangpaperbag.com\/wp-content\/uploads\/2025\/04\/Brown-Kraft-Paper-Placemats_1-1.webp","contentUrl":"https:\/\/www.nanwangpaperbag.com\/wp-content\/uploads\/2025\/04\/Brown-Kraft-Paper-Placemats_1-1.webp","width":800,"height":800,"caption":"Brown Kraft Paper Placemats"},{"@type":"BreadcrumbList","@id":"https:\/\/www.nanwangpaperbag.com\/product\/brown-kraft-paper-placemats\/#breadcrumb","itemListElement":[{"@type":"ListItem","position":1,"name":"Home","item":"https:\/\/www.nanwangpaperbag.com\/"},{"@type":"ListItem","position":2,"name":"Productos","item":"https:\/\/www.nanwangpaperbag.com\/es\/shop\/"},{"@type":"ListItem","position":3,"name":"Brown Kraft Paper Placemats"}]},{"@type":"WebSite","@id":"https:\/\/www.nanwangpaperbag.com\/#website","url":"https:\/\/www.nanwangpaperbag.com\/","name":"Nanwang Paper Packaging","description":"","publisher":{"@id":"https:\/\/www.nanwangpaperbag.com\/#organization"},"potentialAction":[{"@type":"SearchAction","target":{"@type":"EntryPoint","urlTemplate":"https:\/\/www.nanwangpaperbag.com\/?s={search_term_string}"},"query-input":"required name=search_term_string"}],"inLanguage":"fr-FR"},{"@type":"Organization","@id":"https:\/\/www.nanwangpaperbag.com\/#organization","name":"Nanwang Pack","url":"https:\/\/www.nanwangpaperbag.com\/","logo":{"@type":"ImageObject","inLanguage":"fr-FR","@id":"https:\/\/www.nanwangpaperbag.com\/#\/schema\/logo\/image\/","url":"https:\/\/www.nanwangpaperbag.com\/wp-content\/uploads\/2025\/03\/logo2.webp","contentUrl":"https:\/\/www.nanwangpaperbag.com\/wp-content\/uploads\/2025\/03\/logo2.webp","width":433,"height":407,"caption":"Nanwang Pack"},"image":{"@id":"https:\/\/www.nanwangpaperbag.com\/#\/schema\/logo\/image\/"},"sameAs":["https:\/\/www.facebook.com\/NanwangPaperBag","https:\/\/x.com\/NanwangPack","https:\/\/www.linkedin.com\/company\/nanwang-paper-bag\/","https:\/\/www.youtube.com\/@NanwangPaperBag","https:\/\/www.tiktok.com\/@nanwangpaperbag"]}]}},"_links":{"self":[{"href":"https:\/\/www.nanwangpaperbag.com\/fr\/wp-json\/wp\/v2\/product\/12164"}],"collection":[{"href":"https:\/\/www.nanwangpaperbag.com\/fr\/wp-json\/wp\/v2\/product"}],"about":[{"href":"https:\/\/www.nanwangpaperbag.com\/fr\/wp-json\/wp\/v2\/types\/product"}],"replies":[{"embeddable":true,"href":"https:\/\/www.nanwangpaperbag.com\/fr\/wp-json\/wp\/v2\/comments?post=12164"}],"wp:featuredmedia":[{"embeddable":true,"href":"https:\/\/www.nanwangpaperbag.com\/fr\/wp-json\/wp\/v2\/media\/12191"}],"wp:attachment":[{"href":"https:\/\/www.nanwangpaperbag.com\/fr\/wp-json\/wp\/v2\/media?parent=12164"}],"wp:term":[{"taxonomy":"product_cat","embeddable":true,"href":"https:\/\/www.nanwangpaperbag.com\/fr\/wp-json\/wp\/v2\/product_cat?post=12164"},{"taxonomy":"product_tag","embeddable":true,"href":"https:\/\/www.nanwangpaperbag.com\/fr\/wp-json\/wp\/v2\/product_tag?post=12164"}],"curies":[{"name":"wp","href":"https:\/\/api.w.org\/{rel}","templated":true}]}}