{"id":12195,"date":"2025-04-15T10:08:34","date_gmt":"2025-04-15T10:08:34","guid":{"rendered":"https:\/\/www.nanwangpaperbag.com\/?post_type=product&#038;p=12195"},"modified":"2025-04-15T10:08:35","modified_gmt":"2025-04-15T10:08:35","slug":"popular-paper-labels-thermal-receipt-rolls","status":"publish","type":"product","link":"https:\/\/www.nanwangpaperbag.com\/fr\/produit\/popular-paper-labels-thermal-receipt-rolls\/","title":{"rendered":"\u00c9tiquettes en papier et rouleaux de re\u00e7us thermiques populaires"},"content":{"rendered":"<p>Fujian Nanwang New Materials Co., Ltd. a cr\u00e9\u00e9 le papier de caisse et les \u00e9tiquettes \u00e9cologiques 100% \u00e0 base de p\u00e2te recycl\u00e9e, faisant ainsi progresser l'innovation technologique dans le domaine des produits commerciaux durables. Nous proposons des \u00e9tiquettes thermosensibles et des \u00e9tiquettes sans support robustes et r\u00e9sistantes \u00e0 l'eau, largement utilis\u00e9es dans des secteurs tels que les supermarch\u00e9s, la restauration, les soins de sant\u00e9 et les chaussures. Tout en r\u00e9duisant consid\u00e9rablement les co\u00fbts, nous mettons l'accent sur une gestion honn\u00eate et soutenons activement les objectifs environnementaux des Nations unies, assumant ainsi notre responsabilit\u00e9 sociale.<\/p>\n<p><img loading=\"lazy\" decoding=\"async\" class=\"wp-image-12197 aligncenter\" data-src=\"https:\/\/www.nanwangpaperbag.com\/wp-content\/uploads\/2025\/04\/Popular-Paper-Labels-Thermal-Receipt-Rolls_1.webp\" alt=\"\u00c9tiquettes adh\u00e9sives\" width=\"331\" height=\"286\" \/><\/p>\n<h2>Caract\u00e9ristiques<\/h2>\n<p>1. Bonne conservation de l'image \u00e0 long terme, r\u00e9sistance \u00e0 la chaleur 900C, haute r\u00e9sistance \u00e0 la lumi\u00e8re, r\u00e9sistance aux rayures, haute sensibilit\u00e9, haute clart\u00e9 ;<br \/>\n2. Bonne conservation dans des environnements et des dur\u00e9es d'utilisation vari\u00e9s ;<br \/>\n3. Le code-barres \u00e9tant bidimensionnel, l'impression de petits textes doit \u00eatre d'une grande clart\u00e9.<\/p>\n<h2>Autonome<a href=\"https:\/\/www.nanwangpaperbag.com\/fr\/category\/label-receipt\/adhesive-labels\/\"><em><strong>\u00c9tiquettes adh\u00e9sives<\/strong><\/em><\/a><\/h2>\n<p>\u00c9tiquette thermique personnalis\u00e9e ;<br \/>\n\u00c9tiquette en papier couch\u00e9 ;<br \/>\nEtiquette \u00e0 transfert thermique ;<br \/>\n\u00c9tiquette amovible ;<br \/>\n\u00c9tiquette sans support ;<br \/>\nLabel anti-froid ;<br \/>\nLabel de r\u00e9sistance \u00e0 l'huile, \u00e0 l'eau et au grattage.<\/p>\n<p><img loading=\"lazy\" decoding=\"async\" class=\"size-full wp-image-12198 aligncenter\" data-src=\"https:\/\/www.nanwangpaperbag.com\/wp-content\/uploads\/2025\/04\/Popular-Paper-Labels-Thermal-Receipt-Rolls_2.webp\" alt=\"\u00c9tiquettes adh\u00e9sives\" width=\"1137\" height=\"312\" srcset=\"https:\/\/www.nanwangpaperbag.com\/wp-content\/uploads\/2025\/04\/Popular-Paper-Labels-Thermal-Receipt-Rolls_2.webp 1137w, https:\/\/www.nanwangpaperbag.com\/wp-content\/uploads\/2025\/04\/Popular-Paper-Labels-Thermal-Receipt-Rolls_2-980x269.webp 980w, https:\/\/www.nanwangpaperbag.com\/wp-content\/uploads\/2025\/04\/Popular-Paper-Labels-Thermal-Receipt-Rolls_2-480x132.webp 480w\" sizes=\"(min-width: 0px) and (max-width: 480px) 480px, (min-width: 481px) and (max-width: 980px) 980px, (min-width: 981px) 1137px, 100vw\" \/><\/p>\n<h2>FAQ<\/h2>\n<p>Q1:Quelle est votre politique en mati\u00e8re d'\u00e9chantillons ?<br \/>\nR : De nombreux clients demandent des \u00e9chantillons gratuits. Notre politique en mati\u00e8re d'\u00e9chantillons d\u00e9pend des diff\u00e9rents \u00e9chantillons. Les \u00e9chantillons simples et existants sont gratuits, les \u00e9chantillons de conception sont payants, le prix de l'\u00e9chantillon d\u00e9pend de la couleur et de la taille.<\/p>\n<p>Q2:Quel est votre d\u00e9lai de paiement habituel ?<br \/>\nR : Normalement, 30% de d\u00e9p\u00f4t \u00e0 l'avance et 70% de solde contre copie BL. Pour les produits personnalis\u00e9s, 50% d'acompte et 50% de solde contre copie BL.<\/p>\n<p>Q3:Disposez-vous d'une bonne \u00e9quipe de R&amp;D ?<br \/>\nR:Oui, nous lan\u00e7ons une s\u00e9rie de nouveaux produits chaque ann\u00e9e et nous mettons \u00e0 jour notre site web et notre catalogue avec de nouveaux articles.<\/p>\n<p>Q4:Comment contr\u00f4lez-vous la qualit\u00e9 ?<br \/>\nNous disposons d'un personnel professionnel charg\u00e9 du contr\u00f4le de la qualit\u00e9. Nous concentrons notre attention sur cinq processus<br \/>\nA:V\u00e9rifier la qualit\u00e9 du produit en vrac avant la production<br \/>\nB:Contr\u00f4ler le processus de la cha\u00eene de production<br \/>\nC:Rev\u00e9rifier les sp\u00e9cifications des sacs<br \/>\nD:Proc\u00e9der aux tests de performance des produits finis avant l'emballage<br \/>\nE:En fonction des diff\u00e9rentes caract\u00e9ristiques de la protection de l'environnement et de l'emballage alimentaire, nous disposons de syst\u00e8mes de gestion du stockage correspondants.<\/p>\n<p>Q5:Quel est votre emballage standard ?<br \/>\nR : Les dimensions des cartons varient en fonction des sacs.<\/p>","protected":false},"excerpt":{"rendered":"<p>\u00c9tiquettes autocollantes en papier : \u00c9tiquettes thermiques r\u00e9sistantes \u00e0 l'eau, \u00e9tiquettes en papier sans fond.<\/p>","protected":false},"featured_media":12199,"comment_status":"open","ping_status":"closed","template":"","meta":{"_et_pb_use_builder":"","_et_pb_old_content":"","_et_gb_content_width":""},"product_cat":[291,290],"product_tag":[316],"yoast_head":"<!-- This site is optimized with the Yoast SEO plugin v22.7 - https:\/\/yoast.com\/wordpress\/plugins\/seo\/ -->\n<title>Popular Paper Labels &amp; Thermal Receipt Rolls - Nanwang Paper Packaging<\/title>\n<meta name=\"description\" content=\"Popular Paper Labels &amp; Thermal Receipt Rolls - Nanwang Paper Packaging , we supply Luxury Paper Bags, Shopping Paper Bag, Paper Carry Bag, Delivery Bag for you with good price.\" \/>\n<meta name=\"robots\" content=\"index, follow, max-snippet:-1, max-image-preview:large, max-video-preview:-1\" \/>\n<link rel=\"canonical\" href=\"https:\/\/www.nanwangpaperbag.com\/fr\/produit\/popular-paper-labels-thermal-receipt-rolls\/\" \/>\n<meta property=\"og:locale\" content=\"fr_FR\" \/>\n<meta property=\"og:type\" content=\"article\" \/>\n<meta property=\"og:title\" content=\"Popular Paper Labels &amp; Thermal Receipt Rolls - Nanwang Paper Packaging\" \/>\n<meta property=\"og:description\" content=\"Popular Paper Labels &amp; Thermal Receipt Rolls - Nanwang Paper Packaging , we supply Luxury Paper Bags, Shopping Paper Bag, Paper Carry Bag, Delivery Bag for you with good price.\" \/>\n<meta property=\"og:url\" content=\"https:\/\/www.nanwangpaperbag.com\/fr\/produit\/popular-paper-labels-thermal-receipt-rolls\/\" \/>\n<meta property=\"og:site_name\" content=\"Nanwang Paper Packaging\" \/>\n<meta property=\"article:publisher\" content=\"https:\/\/www.facebook.com\/NanwangPaperBag\" \/>\n<meta property=\"article:modified_time\" content=\"2025-04-15T10:08:35+00:00\" \/>\n<meta property=\"og:image\" content=\"https:\/\/www.nanwangpaperbag.com\/wp-content\/uploads\/2025\/04\/Popular-Paper-Labels-Thermal-Receipt-Rolls_1-1.webp\" \/>\n\t<meta property=\"og:image:width\" content=\"800\" \/>\n\t<meta property=\"og:image:height\" content=\"800\" \/>\n\t<meta property=\"og:image:type\" content=\"image\/webp\" \/>\n<meta name=\"twitter:card\" content=\"summary_large_image\" \/>\n<meta name=\"twitter:site\" content=\"@NanwangPack\" \/>\n<meta name=\"twitter:label1\" content=\"Dur\u00e9e de lecture estim\u00e9e\" \/>\n\t<meta name=\"twitter:data1\" content=\"2 minutes\" \/>\n<script type=\"application\/ld+json\" class=\"yoast-schema-graph\">{\"@context\":\"https:\/\/schema.org\",\"@graph\":[{\"@type\":\"WebPage\",\"@id\":\"https:\/\/www.nanwangpaperbag.com\/product\/popular-paper-labels-thermal-receipt-rolls\/\",\"url\":\"https:\/\/www.nanwangpaperbag.com\/product\/popular-paper-labels-thermal-receipt-rolls\/\",\"name\":\"Popular Paper Labels & Thermal Receipt Rolls - Nanwang Paper Packaging\",\"isPartOf\":{\"@id\":\"https:\/\/www.nanwangpaperbag.com\/#website\"},\"primaryImageOfPage\":{\"@id\":\"https:\/\/www.nanwangpaperbag.com\/product\/popular-paper-labels-thermal-receipt-rolls\/#primaryimage\"},\"image\":{\"@id\":\"https:\/\/www.nanwangpaperbag.com\/product\/popular-paper-labels-thermal-receipt-rolls\/#primaryimage\"},\"thumbnailUrl\":\"https:\/\/www.nanwangpaperbag.com\/wp-content\/uploads\/2025\/04\/Popular-Paper-Labels-Thermal-Receipt-Rolls_1-1.webp\",\"datePublished\":\"2025-04-15T10:08:34+00:00\",\"dateModified\":\"2025-04-15T10:08:35+00:00\",\"description\":\"Popular Paper Labels & Thermal Receipt Rolls - Nanwang Paper Packaging , we supply Luxury Paper Bags, Shopping Paper Bag, Paper Carry Bag, Delivery Bag for you with good price.\",\"breadcrumb\":{\"@id\":\"https:\/\/www.nanwangpaperbag.com\/product\/popular-paper-labels-thermal-receipt-rolls\/#breadcrumb\"},\"inLanguage\":\"fr-FR\",\"potentialAction\":[{\"@type\":\"ReadAction\",\"target\":[\"https:\/\/www.nanwangpaperbag.com\/product\/popular-paper-labels-thermal-receipt-rolls\/\"]}]},{\"@type\":\"ImageObject\",\"inLanguage\":\"fr-FR\",\"@id\":\"https:\/\/www.nanwangpaperbag.com\/product\/popular-paper-labels-thermal-receipt-rolls\/#primaryimage\",\"url\":\"https:\/\/www.nanwangpaperbag.com\/wp-content\/uploads\/2025\/04\/Popular-Paper-Labels-Thermal-Receipt-Rolls_1-1.webp\",\"contentUrl\":\"https:\/\/www.nanwangpaperbag.com\/wp-content\/uploads\/2025\/04\/Popular-Paper-Labels-Thermal-Receipt-Rolls_1-1.webp\",\"width\":800,\"height\":800,\"caption\":\"Adhesive Labels\"},{\"@type\":\"BreadcrumbList\",\"@id\":\"https:\/\/www.nanwangpaperbag.com\/product\/popular-paper-labels-thermal-receipt-rolls\/#breadcrumb\",\"itemListElement\":[{\"@type\":\"ListItem\",\"position\":1,\"name\":\"Home\",\"item\":\"https:\/\/www.nanwangpaperbag.com\/\"},{\"@type\":\"ListItem\",\"position\":2,\"name\":\"Productos\",\"item\":\"https:\/\/www.nanwangpaperbag.com\/es\/shop\/\"},{\"@type\":\"ListItem\",\"position\":3,\"name\":\"Popular Paper Labels &#038; Thermal Receipt Rolls\"}]},{\"@type\":\"WebSite\",\"@id\":\"https:\/\/www.nanwangpaperbag.com\/#website\",\"url\":\"https:\/\/www.nanwangpaperbag.com\/\",\"name\":\"Nanwang Paper Packaging\",\"description\":\"\",\"publisher\":{\"@id\":\"https:\/\/www.nanwangpaperbag.com\/#organization\"},\"potentialAction\":[{\"@type\":\"SearchAction\",\"target\":{\"@type\":\"EntryPoint\",\"urlTemplate\":\"https:\/\/www.nanwangpaperbag.com\/?s={search_term_string}\"},\"query-input\":\"required name=search_term_string\"}],\"inLanguage\":\"fr-FR\"},{\"@type\":\"Organization\",\"@id\":\"https:\/\/www.nanwangpaperbag.com\/#organization\",\"name\":\"Nanwang Pack\",\"url\":\"https:\/\/www.nanwangpaperbag.com\/\",\"logo\":{\"@type\":\"ImageObject\",\"inLanguage\":\"fr-FR\",\"@id\":\"https:\/\/www.nanwangpaperbag.com\/#\/schema\/logo\/image\/\",\"url\":\"https:\/\/www.nanwangpaperbag.com\/wp-content\/uploads\/2025\/03\/logo2.webp\",\"contentUrl\":\"https:\/\/www.nanwangpaperbag.com\/wp-content\/uploads\/2025\/03\/logo2.webp\",\"width\":433,\"height\":407,\"caption\":\"Nanwang Pack\"},\"image\":{\"@id\":\"https:\/\/www.nanwangpaperbag.com\/#\/schema\/logo\/image\/\"},\"sameAs\":[\"https:\/\/www.facebook.com\/NanwangPaperBag\",\"https:\/\/x.com\/NanwangPack\",\"https:\/\/www.linkedin.com\/company\/nanwang-paper-bag\/\",\"https:\/\/www.youtube.com\/@NanwangPaperBag\",\"https:\/\/www.tiktok.com\/@nanwangpaperbag\"]}]}<\/script>\n<!-- \/ Yoast SEO plugin. -->","yoast_head_json":{"title":"Popular Paper Labels & Thermal Receipt Rolls - Nanwang Paper Packaging","description":"Popular Paper Labels & Thermal Receipt Rolls - Nanwang Paper Packaging , we supply Luxury Paper Bags, Shopping Paper Bag, Paper Carry Bag, Delivery Bag for you with good price.","robots":{"index":"index","follow":"follow","max-snippet":"max-snippet:-1","max-image-preview":"max-image-preview:large","max-video-preview":"max-video-preview:-1"},"canonical":"https:\/\/www.nanwangpaperbag.com\/fr\/produit\/popular-paper-labels-thermal-receipt-rolls\/","og_locale":"fr_FR","og_type":"article","og_title":"Popular Paper Labels & Thermal Receipt Rolls - Nanwang Paper Packaging","og_description":"Popular Paper Labels & Thermal Receipt Rolls - Nanwang Paper Packaging , we supply Luxury Paper Bags, Shopping Paper Bag, Paper Carry Bag, Delivery Bag for you with good price.","og_url":"https:\/\/www.nanwangpaperbag.com\/fr\/produit\/popular-paper-labels-thermal-receipt-rolls\/","og_site_name":"Nanwang Paper Packaging","article_publisher":"https:\/\/www.facebook.com\/NanwangPaperBag","article_modified_time":"2025-04-15T10:08:35+00:00","og_image":[{"width":800,"height":800,"url":"https:\/\/www.nanwangpaperbag.com\/wp-content\/uploads\/2025\/04\/Popular-Paper-Labels-Thermal-Receipt-Rolls_1-1.webp","type":"image\/webp"}],"twitter_card":"summary_large_image","twitter_site":"@NanwangPack","twitter_misc":{"Dur\u00e9e de lecture estim\u00e9e":"2 minutes"},"schema":{"@context":"https:\/\/schema.org","@graph":[{"@type":"WebPage","@id":"https:\/\/www.nanwangpaperbag.com\/product\/popular-paper-labels-thermal-receipt-rolls\/","url":"https:\/\/www.nanwangpaperbag.com\/product\/popular-paper-labels-thermal-receipt-rolls\/","name":"Popular Paper Labels & Thermal Receipt Rolls - Nanwang Paper Packaging","isPartOf":{"@id":"https:\/\/www.nanwangpaperbag.com\/#website"},"primaryImageOfPage":{"@id":"https:\/\/www.nanwangpaperbag.com\/product\/popular-paper-labels-thermal-receipt-rolls\/#primaryimage"},"image":{"@id":"https:\/\/www.nanwangpaperbag.com\/product\/popular-paper-labels-thermal-receipt-rolls\/#primaryimage"},"thumbnailUrl":"https:\/\/www.nanwangpaperbag.com\/wp-content\/uploads\/2025\/04\/Popular-Paper-Labels-Thermal-Receipt-Rolls_1-1.webp","datePublished":"2025-04-15T10:08:34+00:00","dateModified":"2025-04-15T10:08:35+00:00","description":"Popular Paper Labels & Thermal Receipt Rolls - Nanwang Paper Packaging , we supply Luxury Paper Bags, Shopping Paper Bag, Paper Carry Bag, Delivery Bag for you with good price.","breadcrumb":{"@id":"https:\/\/www.nanwangpaperbag.com\/product\/popular-paper-labels-thermal-receipt-rolls\/#breadcrumb"},"inLanguage":"fr-FR","potentialAction":[{"@type":"ReadAction","target":["https:\/\/www.nanwangpaperbag.com\/product\/popular-paper-labels-thermal-receipt-rolls\/"]}]},{"@type":"ImageObject","inLanguage":"fr-FR","@id":"https:\/\/www.nanwangpaperbag.com\/product\/popular-paper-labels-thermal-receipt-rolls\/#primaryimage","url":"https:\/\/www.nanwangpaperbag.com\/wp-content\/uploads\/2025\/04\/Popular-Paper-Labels-Thermal-Receipt-Rolls_1-1.webp","contentUrl":"https:\/\/www.nanwangpaperbag.com\/wp-content\/uploads\/2025\/04\/Popular-Paper-Labels-Thermal-Receipt-Rolls_1-1.webp","width":800,"height":800,"caption":"Adhesive Labels"},{"@type":"BreadcrumbList","@id":"https:\/\/www.nanwangpaperbag.com\/product\/popular-paper-labels-thermal-receipt-rolls\/#breadcrumb","itemListElement":[{"@type":"ListItem","position":1,"name":"Home","item":"https:\/\/www.nanwangpaperbag.com\/"},{"@type":"ListItem","position":2,"name":"Productos","item":"https:\/\/www.nanwangpaperbag.com\/es\/shop\/"},{"@type":"ListItem","position":3,"name":"Popular Paper Labels &#038; Thermal Receipt Rolls"}]},{"@type":"WebSite","@id":"https:\/\/www.nanwangpaperbag.com\/#website","url":"https:\/\/www.nanwangpaperbag.com\/","name":"Nanwang Paper Packaging","description":"","publisher":{"@id":"https:\/\/www.nanwangpaperbag.com\/#organization"},"potentialAction":[{"@type":"SearchAction","target":{"@type":"EntryPoint","urlTemplate":"https:\/\/www.nanwangpaperbag.com\/?s={search_term_string}"},"query-input":"required name=search_term_string"}],"inLanguage":"fr-FR"},{"@type":"Organization","@id":"https:\/\/www.nanwangpaperbag.com\/#organization","name":"Nanwang Pack","url":"https:\/\/www.nanwangpaperbag.com\/","logo":{"@type":"ImageObject","inLanguage":"fr-FR","@id":"https:\/\/www.nanwangpaperbag.com\/#\/schema\/logo\/image\/","url":"https:\/\/www.nanwangpaperbag.com\/wp-content\/uploads\/2025\/03\/logo2.webp","contentUrl":"https:\/\/www.nanwangpaperbag.com\/wp-content\/uploads\/2025\/03\/logo2.webp","width":433,"height":407,"caption":"Nanwang Pack"},"image":{"@id":"https:\/\/www.nanwangpaperbag.com\/#\/schema\/logo\/image\/"},"sameAs":["https:\/\/www.facebook.com\/NanwangPaperBag","https:\/\/x.com\/NanwangPack","https:\/\/www.linkedin.com\/company\/nanwang-paper-bag\/","https:\/\/www.youtube.com\/@NanwangPaperBag","https:\/\/www.tiktok.com\/@nanwangpaperbag"]}]}},"_links":{"self":[{"href":"https:\/\/www.nanwangpaperbag.com\/fr\/wp-json\/wp\/v2\/product\/12195"}],"collection":[{"href":"https:\/\/www.nanwangpaperbag.com\/fr\/wp-json\/wp\/v2\/product"}],"about":[{"href":"https:\/\/www.nanwangpaperbag.com\/fr\/wp-json\/wp\/v2\/types\/product"}],"replies":[{"embeddable":true,"href":"https:\/\/www.nanwangpaperbag.com\/fr\/wp-json\/wp\/v2\/comments?post=12195"}],"wp:featuredmedia":[{"embeddable":true,"href":"https:\/\/www.nanwangpaperbag.com\/fr\/wp-json\/wp\/v2\/media\/12199"}],"wp:attachment":[{"href":"https:\/\/www.nanwangpaperbag.com\/fr\/wp-json\/wp\/v2\/media?parent=12195"}],"wp:term":[{"taxonomy":"product_cat","embeddable":true,"href":"https:\/\/www.nanwangpaperbag.com\/fr\/wp-json\/wp\/v2\/product_cat?post=12195"},{"taxonomy":"product_tag","embeddable":true,"href":"https:\/\/www.nanwangpaperbag.com\/fr\/wp-json\/wp\/v2\/product_tag?post=12195"}],"curies":[{"name":"wp","href":"https:\/\/api.w.org\/{rel}","templated":true}]}}