{"id":12196,"date":"2025-04-15T10:11:55","date_gmt":"2025-04-15T10:11:55","guid":{"rendered":"https:\/\/www.nanwangpaperbag.com\/?post_type=product&#038;p=12196"},"modified":"2025-04-15T10:13:22","modified_gmt":"2025-04-15T10:13:22","slug":"thermal-receipt-rolls","status":"publish","type":"product","link":"https:\/\/www.nanwangpaperbag.com\/fr\/produit\/rouleaux-de-recus-thermiques\/","title":{"rendered":"Rouleaux de re\u00e7us thermiques"},"content":{"rendered":"<p>Fujian Nanwang New Materials Co., Ltd. a mis au point le papier de caisse \u00e9cologique 100% \u00e0 base de p\u00e2te recycl\u00e9e et des mat\u00e9riaux de surface pour les \u00e9tiquettes sur la base de produits traditionnels, acc\u00e9l\u00e9rant ainsi l'innovation technologique de pointe dans le domaine du papier de caisse \u00e9cologique et de diverses \u00e9tiquettes commerciales \u00e9cologiques. Nous avons lanc\u00e9 des \u00e9tiquettes thermosensibles r\u00e9sistantes \u00e0 l'eau et des \u00e9tiquettes sans support, qui sont largement utilis\u00e9es dans diverses industries et plates-formes telles que les supermarch\u00e9s, la restauration, les soins de sant\u00e9, les chaussures, etc. Tout en r\u00e9duisant consid\u00e9rablement les co\u00fbts, nous donnons la priorit\u00e9 \u00e0 une gestion honn\u00eate, r\u00e9pondons activement \u00e0 la voie de d\u00e9veloppement environnemental des Nations unies et assumons notre responsabilit\u00e9 sociale.<\/p>\n<p><a href=\"https:\/\/www.nanwangpaperbag.com\/fr\/produit\/rouleaux-de-recus-thermiques\/\"><strong>Rouleaux de re\u00e7us thermiques<\/strong><\/a> sont des rouleaux de papier qui conviennent uniquement aux imprimantes thermiques. Les imprimantes thermiques utilisent la chaleur pour transf\u00e9rer les informations sur le papier, au lieu d'utiliser un ruban encreur. Les rouleaux de re\u00e7us thermiques sont largement utilis\u00e9s dans les imprimantes POS, les terminaux de cartes de cr\u00e9dit, les guichets automatiques, les dispositifs d'impression mobiles et autres, pour fournir un re\u00e7u aux clients.<\/p>\n<p><img loading=\"lazy\" decoding=\"async\" class=\"size-full wp-image-12201 aligncenter\" data-src=\"https:\/\/www.nanwangpaperbag.com\/wp-content\/uploads\/2025\/04\/Thermal-Receipt-Rolls1.webp\" alt=\"Rouleaux de re\u00e7us thermiques\" width=\"324\" height=\"240\" srcset=\"https:\/\/www.nanwangpaperbag.com\/wp-content\/uploads\/2025\/04\/Thermal-Receipt-Rolls1.webp 324w, https:\/\/www.nanwangpaperbag.com\/wp-content\/uploads\/2025\/04\/Thermal-Receipt-Rolls1-300x222.webp 300w, https:\/\/www.nanwangpaperbag.com\/wp-content\/uploads\/2025\/04\/Thermal-Receipt-Rolls1-16x12.webp 16w\" sizes=\"(max-width: 324px) 100vw, 324px\" \/><\/p>\n<h2>Caract\u00e9ristiques<\/h2>\n<p>\ud83c\udf1f Papier thermique de qualit\u00e9 sup\u00e9rieure : Fabriqu\u00e9 avec du papier thermique 55 GSM sans BPA pour des re\u00e7us clairs et durables, garantissant que vos impressions sont nettes et faciles \u00e0 lire.<\/p>\n<p>Compatibilit\u00e9 \u00e9tendue : Convient \u00e0 des mod\u00e8les tels que Nurit 2080, 2085, 2090, 3000, 3020, 5000, 504, 505 ; Casio CE-T100, PCR-T465, PCR-T2000, TE-2000, TE-3000, TE-4500, TE-7000, TE-8500 ; et bien d'autres encore.<\/p>\n<p>\ud83d\udcb0 Emballage en vrac \u00e9conomique : 50 rouleaux par carton, ce qui repr\u00e9sente un excellent rapport qualit\u00e9-prix pour les entreprises. Stockez et \u00e9conomisez gr\u00e2ce \u00e0 nos emballages en vrac, id\u00e9aux pour les environnements d'impression \u00e0 haut volume.<\/p>\n<p>\ud83d\udce6 Application polyvalente : Parfait pour les syst\u00e8mes POS, les distributeurs de cartes de cr\u00e9dit et les caisses enregistreuses, garantissant une flexibilit\u00e9 d'utilisation dans diff\u00e9rentes op\u00e9rations commerciales.<\/p>\n<p>\ud83d\udd12 Durable et fiable : Garantit des performances durables et une qualit\u00e9 constante, r\u00e9duisant le besoin de remplacements fr\u00e9quents et minimisant les temps d'arr\u00eat.<\/p>\n<h2>Plus de d\u00e9tails<\/h2>\n<p>Papier thermique sans BPA \/ BPS<\/p>\n<p>Rouleau de papier thermique ordinaire et imprim\u00e9<\/p>\n<h2>FAQ<\/h2>\n<p>Q1 : Peut-il communiquer avec des \u00e9quipements de s\u00e9curit\u00e9 d'autres marques par radio bidirectionnelle ?<br \/>\nR : Oui, ils peuvent communiquer lorsqu'ils sont sur la m\u00eame fr\u00e9quence.<\/p>\n<p>Q2 : Puis-je acheter des produits en papier portant mon propre logo ?<br \/>\nR : Oui, vous pouvez personnaliser le logo, mais vous devez fournir le document d'autorisation de la marque.<\/p>\n<p>Q3 : Si je commande l'emballage papier, quel est le d\u00e9lai de livraison ?<br \/>\nR : Cela d\u00e9pend de la quantit\u00e9 command\u00e9e. Normalement, le d\u00e9lai de production est d'environ 45-60 jours apr\u00e8s la qualification de l'\u00e9chantillon de la premi\u00e8re commande et la r\u00e9ception de l'acompte 30%, et de 30-45 jours apr\u00e8s la r\u00e9ception de la commande de retour.<\/p>\n<p>Q4 : Quelle est la dur\u00e9e de conservation ?<br \/>\nR : Normalement, la dur\u00e9e de conservation du produit est de 2 ans.<\/p>\n<p>Q5 : Dans quelles industries vos produits d'emballage en papier sont-ils principalement utilis\u00e9s ?<br \/>\nNos produits d'emballage en papier sont principalement utilis\u00e9s dans les sacs \u00e0 provisions, la restauration, les restaurants rapides, les caf\u00e9s, les p\u00e2tisseries, les pharmacies, les supermarch\u00e9s, les produits cosm\u00e9tiques, les cosm\u00e9tiques, les chaussures et les v\u00eatements et d'autres industries.<\/p>","protected":false},"excerpt":{"rendered":"<p>Receipt &amp; Label Thermal receipts: customizable size and weight; LOGO or advertising print are available.<\/p>","protected":false},"featured_media":12202,"comment_status":"open","ping_status":"closed","template":"","meta":{"_et_pb_use_builder":"","_et_pb_old_content":"","_et_gb_content_width":""},"product_cat":[290,292],"product_tag":[317],"yoast_head":"<!-- This site is optimized with the Yoast SEO plugin v22.7 - https:\/\/yoast.com\/wordpress\/plugins\/seo\/ -->\n<title>Thermal Receipt Rolls - Nanwang Paper Packaging<\/title>\n<meta name=\"description\" content=\"Thermal Receipt Rolls - Nanwang Paper Packaging , we supply Luxury Paper Bags, Shopping Paper Bag, Paper Carry Bag, Delivery Bag for you with good price.\" \/>\n<meta name=\"robots\" content=\"index, follow, max-snippet:-1, max-image-preview:large, max-video-preview:-1\" \/>\n<link rel=\"canonical\" href=\"https:\/\/www.nanwangpaperbag.com\/fr\/produit\/rouleaux-de-recus-thermiques\/\" \/>\n<meta property=\"og:locale\" content=\"fr_FR\" \/>\n<meta property=\"og:type\" content=\"article\" \/>\n<meta property=\"og:title\" content=\"Thermal Receipt Rolls - Nanwang Paper Packaging\" \/>\n<meta property=\"og:description\" content=\"Thermal Receipt Rolls - Nanwang Paper Packaging , we supply Luxury Paper Bags, Shopping Paper Bag, Paper Carry Bag, Delivery Bag for you with good price.\" \/>\n<meta property=\"og:url\" content=\"https:\/\/www.nanwangpaperbag.com\/fr\/produit\/rouleaux-de-recus-thermiques\/\" \/>\n<meta property=\"og:site_name\" content=\"Nanwang Paper Packaging\" \/>\n<meta property=\"article:publisher\" content=\"https:\/\/www.facebook.com\/NanwangPaperBag\" \/>\n<meta property=\"article:modified_time\" content=\"2025-04-15T10:13:22+00:00\" \/>\n<meta property=\"og:image\" content=\"https:\/\/www.nanwangpaperbag.com\/wp-content\/uploads\/2025\/04\/Thermal-Receipt-Rolls_1.webp\" \/>\n\t<meta property=\"og:image:width\" content=\"800\" \/>\n\t<meta property=\"og:image:height\" content=\"800\" \/>\n\t<meta property=\"og:image:type\" content=\"image\/webp\" \/>\n<meta name=\"twitter:card\" content=\"summary_large_image\" \/>\n<meta name=\"twitter:site\" content=\"@NanwangPack\" \/>\n<meta name=\"twitter:label1\" content=\"Dur\u00e9e de lecture estim\u00e9e\" \/>\n\t<meta name=\"twitter:data1\" content=\"3 minutes\" \/>\n<script type=\"application\/ld+json\" class=\"yoast-schema-graph\">{\"@context\":\"https:\/\/schema.org\",\"@graph\":[{\"@type\":\"WebPage\",\"@id\":\"https:\/\/www.nanwangpaperbag.com\/product\/thermal-receipt-rolls\/\",\"url\":\"https:\/\/www.nanwangpaperbag.com\/product\/thermal-receipt-rolls\/\",\"name\":\"Thermal Receipt Rolls - Nanwang Paper Packaging\",\"isPartOf\":{\"@id\":\"https:\/\/www.nanwangpaperbag.com\/#website\"},\"primaryImageOfPage\":{\"@id\":\"https:\/\/www.nanwangpaperbag.com\/product\/thermal-receipt-rolls\/#primaryimage\"},\"image\":{\"@id\":\"https:\/\/www.nanwangpaperbag.com\/product\/thermal-receipt-rolls\/#primaryimage\"},\"thumbnailUrl\":\"https:\/\/www.nanwangpaperbag.com\/wp-content\/uploads\/2025\/04\/Thermal-Receipt-Rolls_1.webp\",\"datePublished\":\"2025-04-15T10:11:55+00:00\",\"dateModified\":\"2025-04-15T10:13:22+00:00\",\"description\":\"Thermal Receipt Rolls - Nanwang Paper Packaging , we supply Luxury Paper Bags, Shopping Paper Bag, Paper Carry Bag, Delivery Bag for you with good price.\",\"breadcrumb\":{\"@id\":\"https:\/\/www.nanwangpaperbag.com\/product\/thermal-receipt-rolls\/#breadcrumb\"},\"inLanguage\":\"fr-FR\",\"potentialAction\":[{\"@type\":\"ReadAction\",\"target\":[\"https:\/\/www.nanwangpaperbag.com\/product\/thermal-receipt-rolls\/\"]}]},{\"@type\":\"ImageObject\",\"inLanguage\":\"fr-FR\",\"@id\":\"https:\/\/www.nanwangpaperbag.com\/product\/thermal-receipt-rolls\/#primaryimage\",\"url\":\"https:\/\/www.nanwangpaperbag.com\/wp-content\/uploads\/2025\/04\/Thermal-Receipt-Rolls_1.webp\",\"contentUrl\":\"https:\/\/www.nanwangpaperbag.com\/wp-content\/uploads\/2025\/04\/Thermal-Receipt-Rolls_1.webp\",\"width\":800,\"height\":800,\"caption\":\"Thermal Receipt Rolls\"},{\"@type\":\"BreadcrumbList\",\"@id\":\"https:\/\/www.nanwangpaperbag.com\/product\/thermal-receipt-rolls\/#breadcrumb\",\"itemListElement\":[{\"@type\":\"ListItem\",\"position\":1,\"name\":\"Home\",\"item\":\"https:\/\/www.nanwangpaperbag.com\/\"},{\"@type\":\"ListItem\",\"position\":2,\"name\":\"Productos\",\"item\":\"https:\/\/www.nanwangpaperbag.com\/es\/shop\/\"},{\"@type\":\"ListItem\",\"position\":3,\"name\":\"Thermal Receipt Rolls\"}]},{\"@type\":\"WebSite\",\"@id\":\"https:\/\/www.nanwangpaperbag.com\/#website\",\"url\":\"https:\/\/www.nanwangpaperbag.com\/\",\"name\":\"Nanwang Paper Packaging\",\"description\":\"\",\"publisher\":{\"@id\":\"https:\/\/www.nanwangpaperbag.com\/#organization\"},\"potentialAction\":[{\"@type\":\"SearchAction\",\"target\":{\"@type\":\"EntryPoint\",\"urlTemplate\":\"https:\/\/www.nanwangpaperbag.com\/?s={search_term_string}\"},\"query-input\":\"required name=search_term_string\"}],\"inLanguage\":\"fr-FR\"},{\"@type\":\"Organization\",\"@id\":\"https:\/\/www.nanwangpaperbag.com\/#organization\",\"name\":\"Nanwang Pack\",\"url\":\"https:\/\/www.nanwangpaperbag.com\/\",\"logo\":{\"@type\":\"ImageObject\",\"inLanguage\":\"fr-FR\",\"@id\":\"https:\/\/www.nanwangpaperbag.com\/#\/schema\/logo\/image\/\",\"url\":\"https:\/\/www.nanwangpaperbag.com\/wp-content\/uploads\/2025\/03\/logo2.webp\",\"contentUrl\":\"https:\/\/www.nanwangpaperbag.com\/wp-content\/uploads\/2025\/03\/logo2.webp\",\"width\":433,\"height\":407,\"caption\":\"Nanwang Pack\"},\"image\":{\"@id\":\"https:\/\/www.nanwangpaperbag.com\/#\/schema\/logo\/image\/\"},\"sameAs\":[\"https:\/\/www.facebook.com\/NanwangPaperBag\",\"https:\/\/x.com\/NanwangPack\",\"https:\/\/www.linkedin.com\/company\/nanwang-paper-bag\/\",\"https:\/\/www.youtube.com\/@NanwangPaperBag\",\"https:\/\/www.tiktok.com\/@nanwangpaperbag\"]}]}<\/script>\n<!-- \/ Yoast SEO plugin. -->","yoast_head_json":{"title":"Thermal Receipt Rolls - Nanwang Paper Packaging","description":"Thermal Receipt Rolls - Nanwang Paper Packaging , we supply Luxury Paper Bags, Shopping Paper Bag, Paper Carry Bag, Delivery Bag for you with good price.","robots":{"index":"index","follow":"follow","max-snippet":"max-snippet:-1","max-image-preview":"max-image-preview:large","max-video-preview":"max-video-preview:-1"},"canonical":"https:\/\/www.nanwangpaperbag.com\/fr\/produit\/rouleaux-de-recus-thermiques\/","og_locale":"fr_FR","og_type":"article","og_title":"Thermal Receipt Rolls - Nanwang Paper Packaging","og_description":"Thermal Receipt Rolls - Nanwang Paper Packaging , we supply Luxury Paper Bags, Shopping Paper Bag, Paper Carry Bag, Delivery Bag for you with good price.","og_url":"https:\/\/www.nanwangpaperbag.com\/fr\/produit\/rouleaux-de-recus-thermiques\/","og_site_name":"Nanwang Paper Packaging","article_publisher":"https:\/\/www.facebook.com\/NanwangPaperBag","article_modified_time":"2025-04-15T10:13:22+00:00","og_image":[{"width":800,"height":800,"url":"https:\/\/www.nanwangpaperbag.com\/wp-content\/uploads\/2025\/04\/Thermal-Receipt-Rolls_1.webp","type":"image\/webp"}],"twitter_card":"summary_large_image","twitter_site":"@NanwangPack","twitter_misc":{"Dur\u00e9e de lecture estim\u00e9e":"3 minutes"},"schema":{"@context":"https:\/\/schema.org","@graph":[{"@type":"WebPage","@id":"https:\/\/www.nanwangpaperbag.com\/product\/thermal-receipt-rolls\/","url":"https:\/\/www.nanwangpaperbag.com\/product\/thermal-receipt-rolls\/","name":"Thermal Receipt Rolls - Nanwang Paper Packaging","isPartOf":{"@id":"https:\/\/www.nanwangpaperbag.com\/#website"},"primaryImageOfPage":{"@id":"https:\/\/www.nanwangpaperbag.com\/product\/thermal-receipt-rolls\/#primaryimage"},"image":{"@id":"https:\/\/www.nanwangpaperbag.com\/product\/thermal-receipt-rolls\/#primaryimage"},"thumbnailUrl":"https:\/\/www.nanwangpaperbag.com\/wp-content\/uploads\/2025\/04\/Thermal-Receipt-Rolls_1.webp","datePublished":"2025-04-15T10:11:55+00:00","dateModified":"2025-04-15T10:13:22+00:00","description":"Thermal Receipt Rolls - Nanwang Paper Packaging , we supply Luxury Paper Bags, Shopping Paper Bag, Paper Carry Bag, Delivery Bag for you with good price.","breadcrumb":{"@id":"https:\/\/www.nanwangpaperbag.com\/product\/thermal-receipt-rolls\/#breadcrumb"},"inLanguage":"fr-FR","potentialAction":[{"@type":"ReadAction","target":["https:\/\/www.nanwangpaperbag.com\/product\/thermal-receipt-rolls\/"]}]},{"@type":"ImageObject","inLanguage":"fr-FR","@id":"https:\/\/www.nanwangpaperbag.com\/product\/thermal-receipt-rolls\/#primaryimage","url":"https:\/\/www.nanwangpaperbag.com\/wp-content\/uploads\/2025\/04\/Thermal-Receipt-Rolls_1.webp","contentUrl":"https:\/\/www.nanwangpaperbag.com\/wp-content\/uploads\/2025\/04\/Thermal-Receipt-Rolls_1.webp","width":800,"height":800,"caption":"Thermal Receipt Rolls"},{"@type":"BreadcrumbList","@id":"https:\/\/www.nanwangpaperbag.com\/product\/thermal-receipt-rolls\/#breadcrumb","itemListElement":[{"@type":"ListItem","position":1,"name":"Home","item":"https:\/\/www.nanwangpaperbag.com\/"},{"@type":"ListItem","position":2,"name":"Productos","item":"https:\/\/www.nanwangpaperbag.com\/es\/shop\/"},{"@type":"ListItem","position":3,"name":"Thermal Receipt Rolls"}]},{"@type":"WebSite","@id":"https:\/\/www.nanwangpaperbag.com\/#website","url":"https:\/\/www.nanwangpaperbag.com\/","name":"Nanwang Paper Packaging","description":"","publisher":{"@id":"https:\/\/www.nanwangpaperbag.com\/#organization"},"potentialAction":[{"@type":"SearchAction","target":{"@type":"EntryPoint","urlTemplate":"https:\/\/www.nanwangpaperbag.com\/?s={search_term_string}"},"query-input":"required name=search_term_string"}],"inLanguage":"fr-FR"},{"@type":"Organization","@id":"https:\/\/www.nanwangpaperbag.com\/#organization","name":"Nanwang Pack","url":"https:\/\/www.nanwangpaperbag.com\/","logo":{"@type":"ImageObject","inLanguage":"fr-FR","@id":"https:\/\/www.nanwangpaperbag.com\/#\/schema\/logo\/image\/","url":"https:\/\/www.nanwangpaperbag.com\/wp-content\/uploads\/2025\/03\/logo2.webp","contentUrl":"https:\/\/www.nanwangpaperbag.com\/wp-content\/uploads\/2025\/03\/logo2.webp","width":433,"height":407,"caption":"Nanwang Pack"},"image":{"@id":"https:\/\/www.nanwangpaperbag.com\/#\/schema\/logo\/image\/"},"sameAs":["https:\/\/www.facebook.com\/NanwangPaperBag","https:\/\/x.com\/NanwangPack","https:\/\/www.linkedin.com\/company\/nanwang-paper-bag\/","https:\/\/www.youtube.com\/@NanwangPaperBag","https:\/\/www.tiktok.com\/@nanwangpaperbag"]}]}},"_links":{"self":[{"href":"https:\/\/www.nanwangpaperbag.com\/fr\/wp-json\/wp\/v2\/product\/12196"}],"collection":[{"href":"https:\/\/www.nanwangpaperbag.com\/fr\/wp-json\/wp\/v2\/product"}],"about":[{"href":"https:\/\/www.nanwangpaperbag.com\/fr\/wp-json\/wp\/v2\/types\/product"}],"replies":[{"embeddable":true,"href":"https:\/\/www.nanwangpaperbag.com\/fr\/wp-json\/wp\/v2\/comments?post=12196"}],"wp:featuredmedia":[{"embeddable":true,"href":"https:\/\/www.nanwangpaperbag.com\/fr\/wp-json\/wp\/v2\/media\/12202"}],"wp:attachment":[{"href":"https:\/\/www.nanwangpaperbag.com\/fr\/wp-json\/wp\/v2\/media?parent=12196"}],"wp:term":[{"taxonomy":"product_cat","embeddable":true,"href":"https:\/\/www.nanwangpaperbag.com\/fr\/wp-json\/wp\/v2\/product_cat?post=12196"},{"taxonomy":"product_tag","embeddable":true,"href":"https:\/\/www.nanwangpaperbag.com\/fr\/wp-json\/wp\/v2\/product_tag?post=12196"}],"curies":[{"name":"wp","href":"https:\/\/api.w.org\/{rel}","templated":true}]}}