{"id":12218,"date":"2025-04-15T01:15:57","date_gmt":"2025-04-15T01:15:57","guid":{"rendered":"https:\/\/www.nanwangpaperbag.com\/?post_type=product&#038;p=12218"},"modified":"2025-04-16T02:48:10","modified_gmt":"2025-04-16T02:48:10","slug":"degradable-glassine-paper-bag","status":"publish","type":"product","link":"https:\/\/www.nanwangpaperbag.com\/fr\/produit\/degradable-glassine-paper-bag\/","title":{"rendered":"Sac en papier glassine d\u00e9gradable"},"content":{"rendered":"<p>Les sacs en papier glassine d\u00e9gradable sont sp\u00e9cialement con\u00e7us pour l'emballage des v\u00eatements. Ils sont g\u00e9n\u00e9ralement fabriqu\u00e9s \u00e0 partir de papier de haute qualit\u00e9 et dot\u00e9s d'une doublure int\u00e9rieure qui renforce leur durabilit\u00e9 et leur r\u00e9sistance \u00e0 l'eau. Ces sacs prot\u00e8gent efficacement les v\u00eatements de la salet\u00e9 et des dommages, tout en offrant une bonne respirabilit\u00e9 pour \u00e9viter que l'humidit\u00e9 n'affecte les v\u00eatements. La conception des <a href=\"https:\/\/www.nanwangpaperbag.com\/fr\/produit\/degradable-glassine-paper-bag\/\"><strong>Sac en papier glassine d\u00e9gradable<\/strong><\/a> est g\u00e9n\u00e9ralement simple mais \u00e9l\u00e9gant, adapt\u00e9 \u00e0 diverses identit\u00e9s de marques de v\u00eatements, et peut \u00eatre personnalis\u00e9 en diff\u00e9rentes tailles, couleurs et motifs imprim\u00e9s afin d'am\u00e9liorer la reconnaissance de la marque. L'inclusion de poign\u00e9es les rend faciles \u00e0 transporter, ce qui en fait un choix id\u00e9al pour les clients lors de leurs achats. En r\u00e9sum\u00e9, les sacs en papier \u00e0 doublure int\u00e9rieure pour v\u00eatements allient praticit\u00e9 et esth\u00e9tique, et constituent une solution id\u00e9ale pour un emballage respectueux de l'environnement.<\/p>\n<p><img loading=\"lazy\" decoding=\"async\" class=\"size-full wp-image-12225 aligncenter\" data-src=\"https:\/\/www.nanwangpaperbag.com\/wp-content\/uploads\/2025\/04\/Degradable-Glassine-paper-Bag_1.webp\" alt=\"Sac en papier glassine d\u00e9gradable\" width=\"500\" height=\"496\" srcset=\"https:\/\/www.nanwangpaperbag.com\/wp-content\/uploads\/2025\/04\/Degradable-Glassine-paper-Bag_1.webp 500w, https:\/\/www.nanwangpaperbag.com\/wp-content\/uploads\/2025\/04\/Degradable-Glassine-paper-Bag_1-480x476.webp 480w\" sizes=\"(min-width: 0px) and (max-width: 480px) 480px, (min-width: 481px) 500px, 100vw\" \/><\/p>\n<h2>Param\u00e8tres du produit<\/h2>\n<p>Description du produit : Sac en glassine naturellement d\u00e9gradable<\/p>\n<p>Caract\u00e9ristiques du produit : mat\u00e9riau de protection de l'environnement enti\u00e8rement d\u00e9gradable<\/p>\n<p>Types de papier : Type de papier : Glassine, papier kraft blanc tout bois, papier recycl\u00e9, papier couch\u00e9<\/p>\n<p>Gamme de poids du papier : 35-135GSM<\/p>\n<p>Nombre de couleurs imprim\u00e9es : 3-7 couleurs pour l'impression recto-verso<\/p>\n<p>Impression personnalis\u00e9e : possibilit\u00e9 d'impression sur une face ou sur deux faces<\/p>\n<p>Impression ext\u00e9rieure : En option<\/p>\n<p>Taille : Largeur du sac : 100-600mm \/ Longueur\/hauteur du sac : 150-850mm ( La plage de param\u00e8tres ci-dessus est \u00e9valu\u00e9e et modifi\u00e9e en fonction du grammage du papier. )<\/p>\n<p>Caract\u00e9ristiques du produit : Texture d\u00e9licate et lisse du papier, nouveau processus de scellage \u00e0 chaud, scellage du papier antiadh\u00e9sif, conception d'un trou respirant invisible au bas de l'emballage.<\/p>\n<p>Contenu recommand\u00e9 : V\u00eatements pour hommes, v\u00eatements pour femmes, sous-v\u00eatements, v\u00eatements pour b\u00e9b\u00e9s et enfants, ou accessoires de quincaillerie, jouets, etc.<\/p>\n<p><img loading=\"lazy\" decoding=\"async\" class=\"size-full wp-image-12226 aligncenter\" data-src=\"https:\/\/www.nanwangpaperbag.com\/wp-content\/uploads\/2025\/04\/Degradable-Glassine-paper-Bag_2.webp\" alt=\"Sac en papier glassine d\u00e9gradable\" width=\"1080\" height=\"612\" srcset=\"https:\/\/www.nanwangpaperbag.com\/wp-content\/uploads\/2025\/04\/Degradable-Glassine-paper-Bag_2.webp 1080w, https:\/\/www.nanwangpaperbag.com\/wp-content\/uploads\/2025\/04\/Degradable-Glassine-paper-Bag_2-980x555.webp 980w, https:\/\/www.nanwangpaperbag.com\/wp-content\/uploads\/2025\/04\/Degradable-Glassine-paper-Bag_2-480x272.webp 480w\" sizes=\"(min-width: 0px) and (max-width: 480px) 480px, (min-width: 481px) and (max-width: 980px) 980px, (min-width: 981px) 1080px, 100vw\" \/><\/p>\n<h2>Caract\u00e9ristiques<\/h2>\n<p>1. Bonne texture du papier<br \/>\nFerme et lisse, d\u00e9licatement transparent, transparence r\u00e9glable, personnalisable<\/p>\n<p>2. Am\u00e9lioration de la technologie des colles<br \/>\nGr\u00e2ce \u00e0 une technologie de collage am\u00e9lior\u00e9e, le collage est ferme et ne se fissure pas facilement, et les bords et les coins sont nets.<\/p>\n<p>3. Joint r\u00e9utilisable<br \/>\nL'utilisation d'un scellage par rel\u00e2chement peut \u00eatre r\u00e9p\u00e9t\u00e9e pour le recyclage de l'adh\u00e9sif, ce qui r\u00e9duit le co\u00fbt d'utilisation de l'emballage.<\/p>\n<p>4. Trou d'a\u00e9ration dissimul\u00e9<br \/>\nTrous d'a\u00e9ration invisibles \u00e0 la base pour une ventilation rapide. Facile \u00e0 casser, pratique pour l'emballage et le transport. Pr\u00e9serve la beaut\u00e9 de l'emballage.<\/p>\n<h2>La force de l'usine<\/h2>\n<p>Partenaire de qualit\u00e9 de nombreuses entreprises Fortune 500 dans le monde entier Class\u00e9 parmi les 100 premi\u00e8res entreprises d'impression en Chine pendant cinq ann\u00e9es cons\u00e9cutives Fournir des solutions d'emballage \u00e9cologiques en une seule \u00e9tape.<\/p>\n<p>Nanwang poss\u00e8de six filiales et deux bureaux dans le monde. Elle est en mesure de fournir rapidement et de mani\u00e8re stable des services plus complets \u00e0 ses clients sur les march\u00e9s nationaux et \u00e9trangers.<\/p>\n<p><img loading=\"lazy\" decoding=\"async\" class=\"size-full wp-image-12227 aligncenter\" data-src=\"https:\/\/www.nanwangpaperbag.com\/wp-content\/uploads\/2025\/04\/Degradable-Glassine-paper-Bag_3.webp\" alt=\"Sac en papier glassine d\u00e9gradable\" width=\"399\" height=\"481\" srcset=\"https:\/\/www.nanwangpaperbag.com\/wp-content\/uploads\/2025\/04\/Degradable-Glassine-paper-Bag_3.webp 399w, https:\/\/www.nanwangpaperbag.com\/wp-content\/uploads\/2025\/04\/Degradable-Glassine-paper-Bag_3-249x300.webp 249w, https:\/\/www.nanwangpaperbag.com\/wp-content\/uploads\/2025\/04\/Degradable-Glassine-paper-Bag_3-10x12.webp 10w\" sizes=\"(max-width: 399px) 100vw, 399px\" \/><\/p>\n<h2>FAQ<\/h2>\n<p>Q1 : Comment testez-vous vos produits ?<br \/>\nR : Nous disposons d'un laboratoire de physique, d'un laboratoire de microbiologie, d'un laboratoire d'analyse chimique et d'un laboratoire de simulation. Si n\u00e9cessaire, les essais par des tiers sont \u00e9galement accept\u00e9s. Nous enverrons des \u00e9chantillons pour les essais selon les exigences du client.<\/p>\n<p>Q2 : Comment g\u00e9rez-vous le contr\u00f4le de votre production ?<br \/>\nR : 12 tests sont requis lors de la production de nos sacs en papier, notamment : valeur PH de l'encre, premi\u00e8re pi\u00e8ce d'impression, \u00e9chantillon d'impression par rouleau, test de r\u00e9sistance au frottement, test de r\u00e9sistance aux \u00e9claboussures d'eau, premi\u00e8re pi\u00e8ce de fabrication du sac, test de chute, test de charge statique, test de levage dynamique, test de tension, test d'oscillation, test de temp\u00e9rature \u00e9lev\u00e9e et basse.<\/p>\n<p>Q3 : Combien de kilogrammes vos sacs peuvent-ils transporter ?<br \/>\nR : Cela d\u00e9pend du mat\u00e9riau du sac. Les sacs en papier vierge p\u00e8sent normalement jusqu'\u00e0 10 kg, les sacs recycl\u00e9s environ 5 kg.<\/p>\n<p>Q4 : Quel est votre type d'impression ?<br \/>\nR : Notre machine est une machine d'impression flexo, nous utilisons de l'encre \u00e0 base d'eau pour l'impression, ce qui est respectueux de l'environnement.<\/p>\n<p>Q5 : Comment g\u00e9rez-vous votre entrep\u00f4t ?<br \/>\nR : En fonction des diff\u00e9rentes caract\u00e9ristiques de la protection de l'environnement et de l'emballage des produits alimentaires, nous disposons de syst\u00e8mes de gestion de l'entreposage correspondants. Nous disposons d'une gestion intelligente de l'entrep\u00f4t, d'une porte roulante anti-poussi\u00e8re, d'\u00e9crans anti-poussi\u00e8re et anti-insectes, d'un syst\u00e8me de d\u00e9poussi\u00e9rage, et nous veillons \u00e0 ce que l'environnement de stockage soit s\u00fbr et propre.<\/p>","protected":false},"excerpt":{"rendered":"<p>sac en papier pour v\u00eatements<br \/>\nSac en verre naturel d\u00e9gradable<br \/>\nGRAMMAGE DU PAPIER : 30-140GSM IMPRESSION SUR MESURE : IMPRESSION RECTO ET RECTO-VERSO POSSIBLE.<\/p>","protected":false},"featured_media":12228,"comment_status":"open","ping_status":"closed","template":"","meta":{"_et_pb_use_builder":"","_et_pb_old_content":"","_et_gb_content_width":""},"product_cat":[297,299],"product_tag":[321],"yoast_head":"<!-- This site is optimized with the Yoast SEO plugin v22.7 - https:\/\/yoast.com\/wordpress\/plugins\/seo\/ -->\n<title>Degradable Glassine Paper Bag - Nanwang Paper Packaging<\/title>\n<meta name=\"description\" content=\"Degradable Glassine Paper Bag - Nanwang Paper Packaging , we supply Luxury Paper Bags, Shopping Paper Bag, Paper Carry Bag, Delivery Bag for you with good price.\" \/>\n<meta name=\"robots\" content=\"index, follow, max-snippet:-1, max-image-preview:large, max-video-preview:-1\" \/>\n<link rel=\"canonical\" href=\"https:\/\/www.nanwangpaperbag.com\/fr\/produit\/degradable-glassine-paper-bag\/\" \/>\n<meta property=\"og:locale\" content=\"fr_FR\" \/>\n<meta property=\"og:type\" content=\"article\" \/>\n<meta property=\"og:title\" content=\"Degradable Glassine Paper Bag - Nanwang Paper Packaging\" \/>\n<meta property=\"og:description\" content=\"Degradable Glassine Paper Bag - Nanwang Paper Packaging , we supply Luxury Paper Bags, Shopping Paper Bag, Paper Carry Bag, Delivery Bag for you with good price.\" \/>\n<meta property=\"og:url\" content=\"https:\/\/www.nanwangpaperbag.com\/fr\/produit\/degradable-glassine-paper-bag\/\" \/>\n<meta property=\"og:site_name\" content=\"Nanwang Paper Packaging\" \/>\n<meta property=\"article:publisher\" content=\"https:\/\/www.facebook.com\/NanwangPaperBag\" \/>\n<meta property=\"article:modified_time\" content=\"2025-04-16T02:48:10+00:00\" \/>\n<meta property=\"og:image\" content=\"https:\/\/www.nanwangpaperbag.com\/wp-content\/uploads\/2025\/04\/Degradable-Glassine-paper-Bag_1-1.webp\" \/>\n\t<meta property=\"og:image:width\" content=\"800\" \/>\n\t<meta property=\"og:image:height\" content=\"800\" \/>\n\t<meta property=\"og:image:type\" content=\"image\/webp\" \/>\n<meta name=\"twitter:card\" content=\"summary_large_image\" \/>\n<meta name=\"twitter:site\" content=\"@NanwangPack\" \/>\n<meta name=\"twitter:label1\" content=\"Dur\u00e9e de lecture estim\u00e9e\" \/>\n\t<meta name=\"twitter:data1\" content=\"4 minutes\" \/>\n<script type=\"application\/ld+json\" class=\"yoast-schema-graph\">{\"@context\":\"https:\/\/schema.org\",\"@graph\":[{\"@type\":\"WebPage\",\"@id\":\"https:\/\/www.nanwangpaperbag.com\/product\/degradable-glassine-paper-bag\/\",\"url\":\"https:\/\/www.nanwangpaperbag.com\/product\/degradable-glassine-paper-bag\/\",\"name\":\"Degradable Glassine Paper Bag - Nanwang Paper Packaging\",\"isPartOf\":{\"@id\":\"https:\/\/www.nanwangpaperbag.com\/#website\"},\"primaryImageOfPage\":{\"@id\":\"https:\/\/www.nanwangpaperbag.com\/product\/degradable-glassine-paper-bag\/#primaryimage\"},\"image\":{\"@id\":\"https:\/\/www.nanwangpaperbag.com\/product\/degradable-glassine-paper-bag\/#primaryimage\"},\"thumbnailUrl\":\"https:\/\/www.nanwangpaperbag.com\/wp-content\/uploads\/2025\/04\/Degradable-Glassine-paper-Bag_1-1.webp\",\"datePublished\":\"2025-04-15T01:15:57+00:00\",\"dateModified\":\"2025-04-16T02:48:10+00:00\",\"description\":\"Degradable Glassine Paper Bag - Nanwang Paper Packaging , we supply Luxury Paper Bags, Shopping Paper Bag, Paper Carry Bag, Delivery Bag for you with good price.\",\"breadcrumb\":{\"@id\":\"https:\/\/www.nanwangpaperbag.com\/product\/degradable-glassine-paper-bag\/#breadcrumb\"},\"inLanguage\":\"fr-FR\",\"potentialAction\":[{\"@type\":\"ReadAction\",\"target\":[\"https:\/\/www.nanwangpaperbag.com\/product\/degradable-glassine-paper-bag\/\"]}]},{\"@type\":\"ImageObject\",\"inLanguage\":\"fr-FR\",\"@id\":\"https:\/\/www.nanwangpaperbag.com\/product\/degradable-glassine-paper-bag\/#primaryimage\",\"url\":\"https:\/\/www.nanwangpaperbag.com\/wp-content\/uploads\/2025\/04\/Degradable-Glassine-paper-Bag_1-1.webp\",\"contentUrl\":\"https:\/\/www.nanwangpaperbag.com\/wp-content\/uploads\/2025\/04\/Degradable-Glassine-paper-Bag_1-1.webp\",\"width\":800,\"height\":800,\"caption\":\"Degradable Glassine paper Bag\"},{\"@type\":\"BreadcrumbList\",\"@id\":\"https:\/\/www.nanwangpaperbag.com\/product\/degradable-glassine-paper-bag\/#breadcrumb\",\"itemListElement\":[{\"@type\":\"ListItem\",\"position\":1,\"name\":\"Home\",\"item\":\"https:\/\/www.nanwangpaperbag.com\/\"},{\"@type\":\"ListItem\",\"position\":2,\"name\":\"Productos\",\"item\":\"https:\/\/www.nanwangpaperbag.com\/es\/shop\/\"},{\"@type\":\"ListItem\",\"position\":3,\"name\":\"Degradable Glassine Paper Bag\"}]},{\"@type\":\"WebSite\",\"@id\":\"https:\/\/www.nanwangpaperbag.com\/#website\",\"url\":\"https:\/\/www.nanwangpaperbag.com\/\",\"name\":\"Nanwang Paper Packaging\",\"description\":\"\",\"publisher\":{\"@id\":\"https:\/\/www.nanwangpaperbag.com\/#organization\"},\"potentialAction\":[{\"@type\":\"SearchAction\",\"target\":{\"@type\":\"EntryPoint\",\"urlTemplate\":\"https:\/\/www.nanwangpaperbag.com\/?s={search_term_string}\"},\"query-input\":\"required name=search_term_string\"}],\"inLanguage\":\"fr-FR\"},{\"@type\":\"Organization\",\"@id\":\"https:\/\/www.nanwangpaperbag.com\/#organization\",\"name\":\"Nanwang Pack\",\"url\":\"https:\/\/www.nanwangpaperbag.com\/\",\"logo\":{\"@type\":\"ImageObject\",\"inLanguage\":\"fr-FR\",\"@id\":\"https:\/\/www.nanwangpaperbag.com\/#\/schema\/logo\/image\/\",\"url\":\"https:\/\/www.nanwangpaperbag.com\/wp-content\/uploads\/2025\/03\/logo2.webp\",\"contentUrl\":\"https:\/\/www.nanwangpaperbag.com\/wp-content\/uploads\/2025\/03\/logo2.webp\",\"width\":433,\"height\":407,\"caption\":\"Nanwang Pack\"},\"image\":{\"@id\":\"https:\/\/www.nanwangpaperbag.com\/#\/schema\/logo\/image\/\"},\"sameAs\":[\"https:\/\/www.facebook.com\/NanwangPaperBag\",\"https:\/\/x.com\/NanwangPack\",\"https:\/\/www.linkedin.com\/company\/nanwang-paper-bag\/\",\"https:\/\/www.youtube.com\/@NanwangPaperBag\",\"https:\/\/www.tiktok.com\/@nanwangpaperbag\"]}]}<\/script>\n<!-- \/ Yoast SEO plugin. -->","yoast_head_json":{"title":"Degradable Glassine Paper Bag - Nanwang Paper Packaging","description":"Degradable Glassine Paper Bag - Nanwang Paper Packaging , we supply Luxury Paper Bags, Shopping Paper Bag, Paper Carry Bag, Delivery Bag for you with good price.","robots":{"index":"index","follow":"follow","max-snippet":"max-snippet:-1","max-image-preview":"max-image-preview:large","max-video-preview":"max-video-preview:-1"},"canonical":"https:\/\/www.nanwangpaperbag.com\/fr\/produit\/degradable-glassine-paper-bag\/","og_locale":"fr_FR","og_type":"article","og_title":"Degradable Glassine Paper Bag - Nanwang Paper Packaging","og_description":"Degradable Glassine Paper Bag - Nanwang Paper Packaging , we supply Luxury Paper Bags, Shopping Paper Bag, Paper Carry Bag, Delivery Bag for you with good price.","og_url":"https:\/\/www.nanwangpaperbag.com\/fr\/produit\/degradable-glassine-paper-bag\/","og_site_name":"Nanwang Paper Packaging","article_publisher":"https:\/\/www.facebook.com\/NanwangPaperBag","article_modified_time":"2025-04-16T02:48:10+00:00","og_image":[{"width":800,"height":800,"url":"https:\/\/www.nanwangpaperbag.com\/wp-content\/uploads\/2025\/04\/Degradable-Glassine-paper-Bag_1-1.webp","type":"image\/webp"}],"twitter_card":"summary_large_image","twitter_site":"@NanwangPack","twitter_misc":{"Dur\u00e9e de lecture estim\u00e9e":"4 minutes"},"schema":{"@context":"https:\/\/schema.org","@graph":[{"@type":"WebPage","@id":"https:\/\/www.nanwangpaperbag.com\/product\/degradable-glassine-paper-bag\/","url":"https:\/\/www.nanwangpaperbag.com\/product\/degradable-glassine-paper-bag\/","name":"Degradable Glassine Paper Bag - Nanwang Paper Packaging","isPartOf":{"@id":"https:\/\/www.nanwangpaperbag.com\/#website"},"primaryImageOfPage":{"@id":"https:\/\/www.nanwangpaperbag.com\/product\/degradable-glassine-paper-bag\/#primaryimage"},"image":{"@id":"https:\/\/www.nanwangpaperbag.com\/product\/degradable-glassine-paper-bag\/#primaryimage"},"thumbnailUrl":"https:\/\/www.nanwangpaperbag.com\/wp-content\/uploads\/2025\/04\/Degradable-Glassine-paper-Bag_1-1.webp","datePublished":"2025-04-15T01:15:57+00:00","dateModified":"2025-04-16T02:48:10+00:00","description":"Degradable Glassine Paper Bag - Nanwang Paper Packaging , we supply Luxury Paper Bags, Shopping Paper Bag, Paper Carry Bag, Delivery Bag for you with good price.","breadcrumb":{"@id":"https:\/\/www.nanwangpaperbag.com\/product\/degradable-glassine-paper-bag\/#breadcrumb"},"inLanguage":"fr-FR","potentialAction":[{"@type":"ReadAction","target":["https:\/\/www.nanwangpaperbag.com\/product\/degradable-glassine-paper-bag\/"]}]},{"@type":"ImageObject","inLanguage":"fr-FR","@id":"https:\/\/www.nanwangpaperbag.com\/product\/degradable-glassine-paper-bag\/#primaryimage","url":"https:\/\/www.nanwangpaperbag.com\/wp-content\/uploads\/2025\/04\/Degradable-Glassine-paper-Bag_1-1.webp","contentUrl":"https:\/\/www.nanwangpaperbag.com\/wp-content\/uploads\/2025\/04\/Degradable-Glassine-paper-Bag_1-1.webp","width":800,"height":800,"caption":"Degradable Glassine paper Bag"},{"@type":"BreadcrumbList","@id":"https:\/\/www.nanwangpaperbag.com\/product\/degradable-glassine-paper-bag\/#breadcrumb","itemListElement":[{"@type":"ListItem","position":1,"name":"Home","item":"https:\/\/www.nanwangpaperbag.com\/"},{"@type":"ListItem","position":2,"name":"Productos","item":"https:\/\/www.nanwangpaperbag.com\/es\/shop\/"},{"@type":"ListItem","position":3,"name":"Degradable Glassine Paper Bag"}]},{"@type":"WebSite","@id":"https:\/\/www.nanwangpaperbag.com\/#website","url":"https:\/\/www.nanwangpaperbag.com\/","name":"Nanwang Paper Packaging","description":"","publisher":{"@id":"https:\/\/www.nanwangpaperbag.com\/#organization"},"potentialAction":[{"@type":"SearchAction","target":{"@type":"EntryPoint","urlTemplate":"https:\/\/www.nanwangpaperbag.com\/?s={search_term_string}"},"query-input":"required name=search_term_string"}],"inLanguage":"fr-FR"},{"@type":"Organization","@id":"https:\/\/www.nanwangpaperbag.com\/#organization","name":"Nanwang Pack","url":"https:\/\/www.nanwangpaperbag.com\/","logo":{"@type":"ImageObject","inLanguage":"fr-FR","@id":"https:\/\/www.nanwangpaperbag.com\/#\/schema\/logo\/image\/","url":"https:\/\/www.nanwangpaperbag.com\/wp-content\/uploads\/2025\/03\/logo2.webp","contentUrl":"https:\/\/www.nanwangpaperbag.com\/wp-content\/uploads\/2025\/03\/logo2.webp","width":433,"height":407,"caption":"Nanwang Pack"},"image":{"@id":"https:\/\/www.nanwangpaperbag.com\/#\/schema\/logo\/image\/"},"sameAs":["https:\/\/www.facebook.com\/NanwangPaperBag","https:\/\/x.com\/NanwangPack","https:\/\/www.linkedin.com\/company\/nanwang-paper-bag\/","https:\/\/www.youtube.com\/@NanwangPaperBag","https:\/\/www.tiktok.com\/@nanwangpaperbag"]}]}},"_links":{"self":[{"href":"https:\/\/www.nanwangpaperbag.com\/fr\/wp-json\/wp\/v2\/product\/12218"}],"collection":[{"href":"https:\/\/www.nanwangpaperbag.com\/fr\/wp-json\/wp\/v2\/product"}],"about":[{"href":"https:\/\/www.nanwangpaperbag.com\/fr\/wp-json\/wp\/v2\/types\/product"}],"replies":[{"embeddable":true,"href":"https:\/\/www.nanwangpaperbag.com\/fr\/wp-json\/wp\/v2\/comments?post=12218"}],"wp:featuredmedia":[{"embeddable":true,"href":"https:\/\/www.nanwangpaperbag.com\/fr\/wp-json\/wp\/v2\/media\/12228"}],"wp:attachment":[{"href":"https:\/\/www.nanwangpaperbag.com\/fr\/wp-json\/wp\/v2\/media?parent=12218"}],"wp:term":[{"taxonomy":"product_cat","embeddable":true,"href":"https:\/\/www.nanwangpaperbag.com\/fr\/wp-json\/wp\/v2\/product_cat?post=12218"},{"taxonomy":"product_tag","embeddable":true,"href":"https:\/\/www.nanwangpaperbag.com\/fr\/wp-json\/wp\/v2\/product_tag?post=12218"}],"curies":[{"name":"wp","href":"https:\/\/api.w.org\/{rel}","templated":true}]}}