{"id":12232,"date":"2025-04-15T02:43:28","date_gmt":"2025-04-15T02:43:28","guid":{"rendered":"https:\/\/www.nanwangpaperbag.com\/?post_type=product&#038;p=12232"},"modified":"2025-04-16T03:03:24","modified_gmt":"2025-04-16T03:03:24","slug":"kraft-express-paper-bag","status":"publish","type":"product","link":"https:\/\/www.nanwangpaperbag.com\/fr\/produit\/sac-papier-kraft-express\/","title":{"rendered":"Sac en papier Kraft Express"},"content":{"rendered":"<p>Les sacs en papier express sont sp\u00e9cialement con\u00e7us pour le transport et la livraison d'articles. Ils sont g\u00e9n\u00e9ralement fabriqu\u00e9s \u00e0 partir de papier durable, r\u00e9sistant \u00e0 l'eau et aux d\u00e9chirures. Ces sacs sont g\u00e9n\u00e9ralement scell\u00e9s pour garantir la s\u00e9curit\u00e9 et l'int\u00e9grit\u00e9 des colis pendant le transport. La doublure int\u00e9rieure peut offrir une protection suppl\u00e9mentaire contre l'humidit\u00e9 qui affecte le contenu. <a href=\"https:\/\/www.nanwangpaperbag.com\/fr\/category\/new-product\/express-paper-bag\/\"><strong>Sacs en papier express<\/strong><\/a> Ils sont souvent dot\u00e9s de fermetures autocollantes, ce qui les rend faciles \u00e0 sceller et \u00e0 ouvrir, am\u00e9liorant ainsi l'exp\u00e9rience de l'utilisateur. En outre, ils sont l\u00e9gers et faciles \u00e0 stocker, ce qui les rend adapt\u00e9s \u00e0 divers services de commerce \u00e9lectronique et de messagerie. En r\u00e9sum\u00e9, les sacs en papier express sont un choix pratique et \u00e9cologique qui r\u00e9pond efficacement aux exigences de la logistique moderne.<\/p>\n<p><img loading=\"lazy\" decoding=\"async\" class=\"size-full wp-image-12234 aligncenter\" data-src=\"https:\/\/www.nanwangpaperbag.com\/wp-content\/uploads\/2025\/04\/kraft-Express-paper-bag_1.webp\" alt=\"Sacs en papier express\" width=\"800\" height=\"800\" srcset=\"https:\/\/www.nanwangpaperbag.com\/wp-content\/uploads\/2025\/04\/kraft-Express-paper-bag_1.webp 800w, https:\/\/www.nanwangpaperbag.com\/wp-content\/uploads\/2025\/04\/kraft-Express-paper-bag_1-480x480.webp 480w\" sizes=\"(min-width: 0px) and (max-width: 480px) 480px, (min-width: 481px) 800px, 100vw\" \/><\/p>\n<h2>Produits Avantages<\/h2>\n<p>1. Pour l'environnement : fournir une solution d'emballage durable en rempla\u00e7ant les sacs int\u00e9rieurs traditionnels en plastique non d\u00e9gradable par du papier.<\/p>\n<p>2. Pour les industries : Il convient \u00e0 diverses industries, notamment l'habillement masculin, l'habillement f\u00e9minin, les sous-v\u00eatements et l'habillement pour b\u00e9b\u00e9s et enfants.<\/p>\n<p>3. Pour la fonction : Les mat\u00e9riaux utilis\u00e9s pour les sacs en glassine peuvent \u00eatre adapt\u00e9s de mani\u00e8re flexible en fonction du grammage et de la transparence souhait\u00e9s du papier.<\/p>\n<p>4. Pour la quantit\u00e9 : Elle peut \u00eatre personnalis\u00e9e en fonction des pr\u00e9f\u00e9rences de la marque. Le papier utilis\u00e9 est solide et lisse, offrant une texture d\u00e9licate et douce qui constitue une am\u00e9lioration significative par rapport aux sacs int\u00e9rieurs en plastique.<\/p>\n<h2>Caract\u00e9ristiques<\/h2>\n<p>1. Papier d\u00e9licat et lisse, nouveau processus de scellage \u00e0 chaud, scellage du papier antiadh\u00e9sif, conception d'un trou respirant invisible au bas de l'emballage.<br \/>\n2. Scellage du papier, trous d'a\u00e9ration invisibles dans la partie inf\u00e9rieure.<\/p>\n<p><img loading=\"lazy\" decoding=\"async\" class=\"size-full wp-image-12235 aligncenter\" data-src=\"https:\/\/www.nanwangpaperbag.com\/wp-content\/uploads\/2025\/04\/kraft-Express-paper-bag_2.webp\" alt=\"Sacs en papier express\" width=\"1097\" height=\"937\" srcset=\"https:\/\/www.nanwangpaperbag.com\/wp-content\/uploads\/2025\/04\/kraft-Express-paper-bag_2.webp 1097w, https:\/\/www.nanwangpaperbag.com\/wp-content\/uploads\/2025\/04\/kraft-Express-paper-bag_2-980x837.webp 980w, https:\/\/www.nanwangpaperbag.com\/wp-content\/uploads\/2025\/04\/kraft-Express-paper-bag_2-480x410.webp 480w\" sizes=\"(min-width: 0px) and (max-width: 480px) 480px, (min-width: 481px) and (max-width: 980px) 980px, (min-width: 981px) 1097px, 100vw\" \/><\/p>\n<h2>FAQ<\/h2>\n<p>Q1 : Quel format de document acceptez-vous pour l'impression ?<br \/>\nA : AI, CDR, PDF, PSD, EPS, JPG ou PNG haute r\u00e9solution.<\/p>\n<p>Q2 : Qu'en est-il du contr\u00f4le de la qualit\u00e9 des produits ?<br \/>\nR : Nous fabriquons des produits dont la qualit\u00e9 est confirm\u00e9e par les deux parties. Nous inspectons et testons les produits pendant la production et avant l'exp\u00e9dition. L'inspection par des organismes tiers est la bienvenue.<\/p>\n<p>Q3 : Pouvez-vous accepter l'inspection d'organisations internationales tierces ?<br \/>\nR : Oui, bienvenue.<\/p>\n<p>Q4 : Pouvez-vous concevoir le produit conform\u00e9ment \u00e0 mes exigences (sp\u00e9cifications) ?<br \/>\nR : Oui, nous le pouvons.<\/p>\n<p>Q5 : Quel est le montant de la caution ?<br \/>\nR : Cela d\u00e9pend de la situation de votre commande. En g\u00e9n\u00e9ral, il s'agit d'un d\u00e9p\u00f4t de 50% ou d'un paiement int\u00e9gral.<\/p>","protected":false},"excerpt":{"rendered":"<p>Sac en papier Enveloppe postale<br \/>\nenveloppes en papier kraft<\/p>","protected":false},"featured_media":12236,"comment_status":"open","ping_status":"closed","template":"","meta":{"_et_pb_use_builder":"","_et_pb_old_content":"","_et_gb_content_width":""},"product_cat":[300,297],"product_tag":[322],"yoast_head":"<!-- This site is optimized with the Yoast SEO plugin v22.7 - https:\/\/yoast.com\/wordpress\/plugins\/seo\/ -->\n<title>Kraft Express Paper Bag - Nanwang Paper Packaging<\/title>\n<meta name=\"description\" content=\"Kraft Express Paper Bag - Nanwang Paper Packaging , we supply Luxury Paper Bags, Shopping Paper Bag, Paper Carry Bag, Delivery Bag for you with good price.\" \/>\n<meta name=\"robots\" content=\"index, follow, max-snippet:-1, max-image-preview:large, max-video-preview:-1\" \/>\n<link rel=\"canonical\" href=\"https:\/\/www.nanwangpaperbag.com\/fr\/produit\/sac-papier-kraft-express\/\" \/>\n<meta property=\"og:locale\" content=\"fr_FR\" \/>\n<meta property=\"og:type\" content=\"article\" \/>\n<meta property=\"og:title\" content=\"Kraft Express Paper Bag - Nanwang Paper Packaging\" \/>\n<meta property=\"og:description\" content=\"Kraft Express Paper Bag - Nanwang Paper Packaging , we supply Luxury Paper Bags, Shopping Paper Bag, Paper Carry Bag, Delivery Bag for you with good price.\" \/>\n<meta property=\"og:url\" content=\"https:\/\/www.nanwangpaperbag.com\/fr\/produit\/sac-papier-kraft-express\/\" \/>\n<meta property=\"og:site_name\" content=\"Nanwang Paper Packaging\" \/>\n<meta property=\"article:publisher\" content=\"https:\/\/www.facebook.com\/NanwangPaperBag\" \/>\n<meta property=\"article:modified_time\" content=\"2025-04-16T03:03:24+00:00\" \/>\n<meta property=\"og:image\" content=\"https:\/\/www.nanwangpaperbag.com\/wp-content\/uploads\/2025\/04\/kraft-Express-paper-bag_1-1.webp\" \/>\n\t<meta property=\"og:image:width\" content=\"800\" \/>\n\t<meta property=\"og:image:height\" content=\"800\" \/>\n\t<meta property=\"og:image:type\" content=\"image\/webp\" \/>\n<meta name=\"twitter:card\" content=\"summary_large_image\" \/>\n<meta name=\"twitter:site\" content=\"@NanwangPack\" \/>\n<meta name=\"twitter:label1\" content=\"Dur\u00e9e de lecture estim\u00e9e\" \/>\n\t<meta name=\"twitter:data1\" content=\"3 minutes\" \/>\n<script type=\"application\/ld+json\" class=\"yoast-schema-graph\">{\"@context\":\"https:\/\/schema.org\",\"@graph\":[{\"@type\":\"WebPage\",\"@id\":\"https:\/\/www.nanwangpaperbag.com\/product\/kraft-express-paper-bag\/\",\"url\":\"https:\/\/www.nanwangpaperbag.com\/product\/kraft-express-paper-bag\/\",\"name\":\"Kraft Express Paper Bag - Nanwang Paper Packaging\",\"isPartOf\":{\"@id\":\"https:\/\/www.nanwangpaperbag.com\/#website\"},\"primaryImageOfPage\":{\"@id\":\"https:\/\/www.nanwangpaperbag.com\/product\/kraft-express-paper-bag\/#primaryimage\"},\"image\":{\"@id\":\"https:\/\/www.nanwangpaperbag.com\/product\/kraft-express-paper-bag\/#primaryimage\"},\"thumbnailUrl\":\"https:\/\/www.nanwangpaperbag.com\/wp-content\/uploads\/2025\/04\/kraft-Express-paper-bag_1-1.webp\",\"datePublished\":\"2025-04-15T02:43:28+00:00\",\"dateModified\":\"2025-04-16T03:03:24+00:00\",\"description\":\"Kraft Express Paper Bag - Nanwang Paper Packaging , we supply Luxury Paper Bags, Shopping Paper Bag, Paper Carry Bag, Delivery Bag for you with good price.\",\"breadcrumb\":{\"@id\":\"https:\/\/www.nanwangpaperbag.com\/product\/kraft-express-paper-bag\/#breadcrumb\"},\"inLanguage\":\"fr-FR\",\"potentialAction\":[{\"@type\":\"ReadAction\",\"target\":[\"https:\/\/www.nanwangpaperbag.com\/product\/kraft-express-paper-bag\/\"]}]},{\"@type\":\"ImageObject\",\"inLanguage\":\"fr-FR\",\"@id\":\"https:\/\/www.nanwangpaperbag.com\/product\/kraft-express-paper-bag\/#primaryimage\",\"url\":\"https:\/\/www.nanwangpaperbag.com\/wp-content\/uploads\/2025\/04\/kraft-Express-paper-bag_1-1.webp\",\"contentUrl\":\"https:\/\/www.nanwangpaperbag.com\/wp-content\/uploads\/2025\/04\/kraft-Express-paper-bag_1-1.webp\",\"width\":800,\"height\":800,\"caption\":\"Express paper bag\"},{\"@type\":\"BreadcrumbList\",\"@id\":\"https:\/\/www.nanwangpaperbag.com\/product\/kraft-express-paper-bag\/#breadcrumb\",\"itemListElement\":[{\"@type\":\"ListItem\",\"position\":1,\"name\":\"Home\",\"item\":\"https:\/\/www.nanwangpaperbag.com\/\"},{\"@type\":\"ListItem\",\"position\":2,\"name\":\"Productos\",\"item\":\"https:\/\/www.nanwangpaperbag.com\/es\/shop\/\"},{\"@type\":\"ListItem\",\"position\":3,\"name\":\"Kraft Express Paper Bag\"}]},{\"@type\":\"WebSite\",\"@id\":\"https:\/\/www.nanwangpaperbag.com\/#website\",\"url\":\"https:\/\/www.nanwangpaperbag.com\/\",\"name\":\"Nanwang Paper Packaging\",\"description\":\"\",\"publisher\":{\"@id\":\"https:\/\/www.nanwangpaperbag.com\/#organization\"},\"potentialAction\":[{\"@type\":\"SearchAction\",\"target\":{\"@type\":\"EntryPoint\",\"urlTemplate\":\"https:\/\/www.nanwangpaperbag.com\/?s={search_term_string}\"},\"query-input\":\"required name=search_term_string\"}],\"inLanguage\":\"fr-FR\"},{\"@type\":\"Organization\",\"@id\":\"https:\/\/www.nanwangpaperbag.com\/#organization\",\"name\":\"Nanwang Pack\",\"url\":\"https:\/\/www.nanwangpaperbag.com\/\",\"logo\":{\"@type\":\"ImageObject\",\"inLanguage\":\"fr-FR\",\"@id\":\"https:\/\/www.nanwangpaperbag.com\/#\/schema\/logo\/image\/\",\"url\":\"https:\/\/www.nanwangpaperbag.com\/wp-content\/uploads\/2025\/03\/logo2.webp\",\"contentUrl\":\"https:\/\/www.nanwangpaperbag.com\/wp-content\/uploads\/2025\/03\/logo2.webp\",\"width\":433,\"height\":407,\"caption\":\"Nanwang Pack\"},\"image\":{\"@id\":\"https:\/\/www.nanwangpaperbag.com\/#\/schema\/logo\/image\/\"},\"sameAs\":[\"https:\/\/www.facebook.com\/NanwangPaperBag\",\"https:\/\/x.com\/NanwangPack\",\"https:\/\/www.linkedin.com\/company\/nanwang-paper-bag\/\",\"https:\/\/www.youtube.com\/@NanwangPaperBag\",\"https:\/\/www.tiktok.com\/@nanwangpaperbag\"]}]}<\/script>\n<!-- \/ Yoast SEO plugin. -->","yoast_head_json":{"title":"Kraft Express Paper Bag - Nanwang Paper Packaging","description":"Kraft Express Paper Bag - Nanwang Paper Packaging , we supply Luxury Paper Bags, Shopping Paper Bag, Paper Carry Bag, Delivery Bag for you with good price.","robots":{"index":"index","follow":"follow","max-snippet":"max-snippet:-1","max-image-preview":"max-image-preview:large","max-video-preview":"max-video-preview:-1"},"canonical":"https:\/\/www.nanwangpaperbag.com\/fr\/produit\/sac-papier-kraft-express\/","og_locale":"fr_FR","og_type":"article","og_title":"Kraft Express Paper Bag - Nanwang Paper Packaging","og_description":"Kraft Express Paper Bag - Nanwang Paper Packaging , we supply Luxury Paper Bags, Shopping Paper Bag, Paper Carry Bag, Delivery Bag for you with good price.","og_url":"https:\/\/www.nanwangpaperbag.com\/fr\/produit\/sac-papier-kraft-express\/","og_site_name":"Nanwang Paper Packaging","article_publisher":"https:\/\/www.facebook.com\/NanwangPaperBag","article_modified_time":"2025-04-16T03:03:24+00:00","og_image":[{"width":800,"height":800,"url":"https:\/\/www.nanwangpaperbag.com\/wp-content\/uploads\/2025\/04\/kraft-Express-paper-bag_1-1.webp","type":"image\/webp"}],"twitter_card":"summary_large_image","twitter_site":"@NanwangPack","twitter_misc":{"Dur\u00e9e de lecture estim\u00e9e":"3 minutes"},"schema":{"@context":"https:\/\/schema.org","@graph":[{"@type":"WebPage","@id":"https:\/\/www.nanwangpaperbag.com\/product\/kraft-express-paper-bag\/","url":"https:\/\/www.nanwangpaperbag.com\/product\/kraft-express-paper-bag\/","name":"Kraft Express Paper Bag - Nanwang Paper Packaging","isPartOf":{"@id":"https:\/\/www.nanwangpaperbag.com\/#website"},"primaryImageOfPage":{"@id":"https:\/\/www.nanwangpaperbag.com\/product\/kraft-express-paper-bag\/#primaryimage"},"image":{"@id":"https:\/\/www.nanwangpaperbag.com\/product\/kraft-express-paper-bag\/#primaryimage"},"thumbnailUrl":"https:\/\/www.nanwangpaperbag.com\/wp-content\/uploads\/2025\/04\/kraft-Express-paper-bag_1-1.webp","datePublished":"2025-04-15T02:43:28+00:00","dateModified":"2025-04-16T03:03:24+00:00","description":"Kraft Express Paper Bag - Nanwang Paper Packaging , we supply Luxury Paper Bags, Shopping Paper Bag, Paper Carry Bag, Delivery Bag for you with good price.","breadcrumb":{"@id":"https:\/\/www.nanwangpaperbag.com\/product\/kraft-express-paper-bag\/#breadcrumb"},"inLanguage":"fr-FR","potentialAction":[{"@type":"ReadAction","target":["https:\/\/www.nanwangpaperbag.com\/product\/kraft-express-paper-bag\/"]}]},{"@type":"ImageObject","inLanguage":"fr-FR","@id":"https:\/\/www.nanwangpaperbag.com\/product\/kraft-express-paper-bag\/#primaryimage","url":"https:\/\/www.nanwangpaperbag.com\/wp-content\/uploads\/2025\/04\/kraft-Express-paper-bag_1-1.webp","contentUrl":"https:\/\/www.nanwangpaperbag.com\/wp-content\/uploads\/2025\/04\/kraft-Express-paper-bag_1-1.webp","width":800,"height":800,"caption":"Express paper bag"},{"@type":"BreadcrumbList","@id":"https:\/\/www.nanwangpaperbag.com\/product\/kraft-express-paper-bag\/#breadcrumb","itemListElement":[{"@type":"ListItem","position":1,"name":"Home","item":"https:\/\/www.nanwangpaperbag.com\/"},{"@type":"ListItem","position":2,"name":"Productos","item":"https:\/\/www.nanwangpaperbag.com\/es\/shop\/"},{"@type":"ListItem","position":3,"name":"Kraft Express Paper Bag"}]},{"@type":"WebSite","@id":"https:\/\/www.nanwangpaperbag.com\/#website","url":"https:\/\/www.nanwangpaperbag.com\/","name":"Nanwang Paper Packaging","description":"","publisher":{"@id":"https:\/\/www.nanwangpaperbag.com\/#organization"},"potentialAction":[{"@type":"SearchAction","target":{"@type":"EntryPoint","urlTemplate":"https:\/\/www.nanwangpaperbag.com\/?s={search_term_string}"},"query-input":"required name=search_term_string"}],"inLanguage":"fr-FR"},{"@type":"Organization","@id":"https:\/\/www.nanwangpaperbag.com\/#organization","name":"Nanwang Pack","url":"https:\/\/www.nanwangpaperbag.com\/","logo":{"@type":"ImageObject","inLanguage":"fr-FR","@id":"https:\/\/www.nanwangpaperbag.com\/#\/schema\/logo\/image\/","url":"https:\/\/www.nanwangpaperbag.com\/wp-content\/uploads\/2025\/03\/logo2.webp","contentUrl":"https:\/\/www.nanwangpaperbag.com\/wp-content\/uploads\/2025\/03\/logo2.webp","width":433,"height":407,"caption":"Nanwang Pack"},"image":{"@id":"https:\/\/www.nanwangpaperbag.com\/#\/schema\/logo\/image\/"},"sameAs":["https:\/\/www.facebook.com\/NanwangPaperBag","https:\/\/x.com\/NanwangPack","https:\/\/www.linkedin.com\/company\/nanwang-paper-bag\/","https:\/\/www.youtube.com\/@NanwangPaperBag","https:\/\/www.tiktok.com\/@nanwangpaperbag"]}]}},"_links":{"self":[{"href":"https:\/\/www.nanwangpaperbag.com\/fr\/wp-json\/wp\/v2\/product\/12232"}],"collection":[{"href":"https:\/\/www.nanwangpaperbag.com\/fr\/wp-json\/wp\/v2\/product"}],"about":[{"href":"https:\/\/www.nanwangpaperbag.com\/fr\/wp-json\/wp\/v2\/types\/product"}],"replies":[{"embeddable":true,"href":"https:\/\/www.nanwangpaperbag.com\/fr\/wp-json\/wp\/v2\/comments?post=12232"}],"wp:featuredmedia":[{"embeddable":true,"href":"https:\/\/www.nanwangpaperbag.com\/fr\/wp-json\/wp\/v2\/media\/12236"}],"wp:attachment":[{"href":"https:\/\/www.nanwangpaperbag.com\/fr\/wp-json\/wp\/v2\/media?parent=12232"}],"wp:term":[{"taxonomy":"product_cat","embeddable":true,"href":"https:\/\/www.nanwangpaperbag.com\/fr\/wp-json\/wp\/v2\/product_cat?post=12232"},{"taxonomy":"product_tag","embeddable":true,"href":"https:\/\/www.nanwangpaperbag.com\/fr\/wp-json\/wp\/v2\/product_tag?post=12232"}],"curies":[{"name":"wp","href":"https:\/\/api.w.org\/{rel}","templated":true}]}}