{"id":12271,"date":"2025-04-16T07:21:22","date_gmt":"2025-04-16T07:21:22","guid":{"rendered":"https:\/\/www.nanwangpaperbag.com\/?post_type=product&#038;p=12271"},"modified":"2025-05-15T02:48:36","modified_gmt":"2025-05-15T02:48:36","slug":"white-kraft-paper-bags-with-die-cut-handles","status":"publish","type":"product","link":"https:\/\/www.nanwangpaperbag.com\/fr\/produit\/sacs-en-papier-kraft-blanc-avec-poignees-decoupees\/","title":{"rendered":"Sacs en papier kraft blanc avec poign\u00e9es d\u00e9coup\u00e9es"},"content":{"rendered":"<p>Le sac en papier kraft blanc avec poign\u00e9e d\u00e9coup\u00e9e est con\u00e7u pour contenir divers articles, notamment de la nourriture, des cadeaux, des l\u00e9gumes, des produits de boulangerie et des v\u00eatements. Ces sacs <a href=\"https:\/\/www.nanwangpaperbag.com\/fr\/produit\/sacs-en-papier-kraft-blanc-avec-poignees-decoupees\/\"><strong>sacs en papier kraft<\/strong><\/a> sont \u00e0 la fois recyclables et r\u00e9utilisables, avec une poign\u00e9e en forme de D et un fond carr\u00e9 pour faciliter le transport. Ils sont respectueux de l'environnement, visuellement attrayants et pratiques pour un usage quotidien.<br \/>\nCes sacs sont id\u00e9aux pour l'emballage et le stockage. Ils sont disponibles dans une large gamme de tailles et de formes, ce qui offre de nombreuses possibilit\u00e9s. Vous pouvez les personnaliser en y ajoutant votre logo. \u00c0 un prix avantageux, ces sacs personnalis\u00e9s peuvent \u00eatre introduits dans votre entreprise, devenant ainsi des articles de marque uniques qui se d\u00e9marquent.<\/p>\n<p><img loading=\"lazy\" decoding=\"async\" class=\"wp-image-12273 aligncenter\" data-src=\"https:\/\/www.nanwangpaperbag.com\/wp-content\/uploads\/2025\/04\/White-kraft-Paper-Bags-with-Die-Cut-Handles-1.webp\" alt=\"sacs en papier kraft\" width=\"592\" height=\"463\" srcset=\"https:\/\/www.nanwangpaperbag.com\/wp-content\/uploads\/2025\/04\/White-kraft-Paper-Bags-with-Die-Cut-Handles-1.webp 592w, https:\/\/www.nanwangpaperbag.com\/wp-content\/uploads\/2025\/04\/White-kraft-Paper-Bags-with-Die-Cut-Handles-1-480x376.webp 480w\" sizes=\"(min-width: 0px) and (max-width: 480px) 480px, (min-width: 481px) 592px, 100vw\" \/><\/p>\n<h2>Tailles standard NanWang<\/h2>\n<table class=\"tg\" style=\"border-collapse: collapse; border-spacing: 0;\">\n<thead>\n<tr>\n<th style=\"font-family: Arial, sans-serif; font-size: 14px; font-weight: normal; overflow: hidden; padding: 10px 5px; text-align: center; vertical-align: top; word-break: normal; border: 1px solid black;\">Code Ltem<\/th>\n<th style=\"font-family: Arial, sans-serif; font-size: 14px; font-weight: normal; overflow: hidden; padding: 10px 5px; text-align: center; vertical-align: top; word-break: normal; border: 1px solid black;\">Dimensions du sac (mm)<br \/>\n( Largeur x Hauteur x Soufflet )<\/th>\n<th style=\"font-family: Arial, sans-serif; font-size: 14px; font-weight: normal; overflow: hidden; padding: 10px 5px; text-align: center; vertical-align: top; word-break: normal; border: 1px solid black;\">Dimensions du sac (pouces)<br \/>\n( Largeur x Hauteur x Soufflet )<\/th>\n<th style=\"font-family: Arial, sans-serif; font-size: 14px; font-weight: normal; overflow: hidden; padding: 10px 5px; text-align: center; vertical-align: top; word-break: normal; border: 1px solid black;\">Taille de l'emballage<br \/>\n(pcs \/ ctn)<\/th>\n<th style=\"font-family: Arial, sans-serif; font-size: 14px; font-weight: normal; overflow: hidden; padding: 10px 5px; text-align: center; vertical-align: top; word-break: normal; border: 1px solid black;\">Plain MOQ<br \/>\n(pcs)<\/th>\n<th style=\"font-family: Arial, sans-serif; font-size: 14px; font-weight: normal; overflow: hidden; padding: 10px 5px; text-align: center; vertical-align: top; word-break: normal; border: 1px solid black;\">Imprim\u00e9 MOQ<br \/>\n(pcs)<\/th>\n<\/tr>\n<\/thead>\n<tbody>\n<tr>\n<td style=\"font-family: Arial, sans-serif; font-size: 14px; overflow: hidden; padding: 10px 5px; text-align: center; vertical-align: top; word-break: normal; border: 1px solid black;\">NWD240NA<\/td>\n<td style=\"font-family: Arial, sans-serif; font-size: 14px; overflow: hidden; padding: 10px 5px; text-align: center; vertical-align: top; word-break: normal; border: 1px solid black;\">240x350x120mm<\/td>\n<td style=\"font-family: Arial, sans-serif; font-size: 14px; overflow: hidden; padding: 10px 5px; text-align: center; vertical-align: top; word-break: normal; border: 1px solid black;\">9.45\u2033x13.78\u2033x4.72\u2033<\/td>\n<td style=\"font-family: Arial, sans-serif; font-size: 14px; overflow: hidden; padding: 10px 5px; text-align: center; vertical-align: top; word-break: normal; border: 1px solid black;\">400<\/td>\n<td style=\"font-family: Arial, sans-serif; font-size: 14px; overflow: hidden; padding: 10px 5px; text-align: center; vertical-align: top; word-break: normal; border: 1px solid black;\">100000<\/td>\n<td style=\"font-family: Arial, sans-serif; font-size: 14px; overflow: hidden; padding: 10px 5px; text-align: center; vertical-align: top; word-break: normal; border: 1px solid black;\">100000<\/td>\n<\/tr>\n<tr>\n<td style=\"font-family: Arial, sans-serif; font-size: 14px; overflow: hidden; padding: 10px 5px; text-align: center; vertical-align: top; word-break: normal; border: 1px solid black;\">NWD270NA<\/td>\n<td style=\"font-family: Arial, sans-serif; font-size: 14px; overflow: hidden; padding: 10px 5px; text-align: center; vertical-align: top; word-break: normal; border: 1px solid black;\">270x280x100mm<\/td>\n<td style=\"font-family: Arial, sans-serif; font-size: 14px; overflow: hidden; padding: 10px 5px; text-align: center; vertical-align: top; word-break: normal; border: 1px solid black;\">10.63\u2033x11\u2033x3.94\u2033<\/td>\n<td style=\"font-family: Arial, sans-serif; font-size: 14px; overflow: hidden; padding: 10px 5px; text-align: center; vertical-align: top; word-break: normal; border: 1px solid black;\">400<\/td>\n<td style=\"font-family: Arial, sans-serif; font-size: 14px; overflow: hidden; padding: 10px 5px; text-align: center; vertical-align: top; word-break: normal; border: 1px solid black;\">100000<\/td>\n<td style=\"font-family: Arial, sans-serif; font-size: 14px; overflow: hidden; padding: 10px 5px; text-align: center; vertical-align: top; word-break: normal; border: 1px solid black;\">100000<\/td>\n<\/tr>\n<tr>\n<td style=\"font-family: Arial, sans-serif; font-size: 14px; overflow: hidden; padding: 10px 5px; text-align: center; vertical-align: top; word-break: normal; border: 1px solid black;\">NWD270NA<\/td>\n<td style=\"font-family: Arial, sans-serif; font-size: 14px; overflow: hidden; padding: 10px 5px; text-align: center; vertical-align: top; word-break: normal; border: 1px solid black;\">270x350x140mm<\/td>\n<td style=\"font-family: Arial, sans-serif; font-size: 14px; overflow: hidden; padding: 10px 5px; text-align: center; vertical-align: top; word-break: normal; border: 1px solid black;\">10.63\u2033x13.78\u2033x5.5\u2033<\/td>\n<td style=\"font-family: Arial, sans-serif; font-size: 14px; overflow: hidden; padding: 10px 5px; text-align: center; vertical-align: top; word-break: normal; border: 1px solid black;\">300<\/td>\n<td style=\"font-family: Arial, sans-serif; font-size: 14px; overflow: hidden; padding: 10px 5px; text-align: center; vertical-align: top; word-break: normal; border: 1px solid black;\">100000<\/td>\n<td style=\"font-family: Arial, sans-serif; font-size: 14px; overflow: hidden; padding: 10px 5px; text-align: center; vertical-align: top; word-break: normal; border: 1px solid black;\">100000<\/td>\n<\/tr>\n<\/tbody>\n<\/table>\n<p><img loading=\"lazy\" decoding=\"async\" class=\"size-full wp-image-12274 aligncenter\" data-src=\"https:\/\/www.nanwangpaperbag.com\/wp-content\/uploads\/2025\/04\/White-kraft-Paper-Bags-with-Die-Cut-Handles-2.webp\" alt=\"sacs en papier kraft\" width=\"600\" height=\"495\" srcset=\"https:\/\/www.nanwangpaperbag.com\/wp-content\/uploads\/2025\/04\/White-kraft-Paper-Bags-with-Die-Cut-Handles-2.webp 600w, https:\/\/www.nanwangpaperbag.com\/wp-content\/uploads\/2025\/04\/White-kraft-Paper-Bags-with-Die-Cut-Handles-2-480x396.webp 480w\" sizes=\"(min-width: 0px) and (max-width: 480px) 480px, (min-width: 481px) 600px, 100vw\" \/><\/p>\n<h2>Caract\u00e9ristiques<\/h2>\n<ul>\n<li>Fond spacieux pour les plats \u00e0 emporter : Con\u00e7us avec un fond large, ces sacs sont parfaits pour transporter en toute s\u00e9curit\u00e9 les commandes de nourriture \u00e0 emporter, en garantissant suffisamment d'espace pour les diff\u00e9rents aliments.<\/li>\n<li>Mat\u00e9riaux respectueux de l'environnement : Ils sont \u00e0 la fois r\u00e9utilisables et biod\u00e9gradables, ce qui en fait un choix respectueux de l'environnement. Id\u00e9ales pour emballer et conserver les aliments, elles contribuent \u00e0 r\u00e9duire les d\u00e9chets dans la vie quotidienne.<\/li>\n<li>Utilisation quotidienne polyvalente : Largement utilisable dans les sc\u00e9narios quotidiens, que ce soit pour un d\u00e9jeuner rapide ou pour emballer des restes.<\/li>\n<li>Personnalisation : vous pouvez ajouter des logos, des dessins ou d'autres \u00e9l\u00e9ments de marque pour les rendre uniques.<\/li>\n<li>Conception stable et autonome : Les sacs \u00e0 soufflets \u00e0 fond plat sont con\u00e7us pour tenir debout de mani\u00e8re ind\u00e9pendante. Cette caract\u00e9ristique les rend pratiques pour le remplissage et la pr\u00e9sentation des produits alimentaires.<\/li>\n<\/ul>\n<h2>Nos avantages<\/h2>\n<ol>\n<li data-start=\"172\" data-end=\"277\">En tant que personne exp\u00e9riment\u00e9e <a href=\"https:\/\/www.nanwangpaperbag.com\/fr\/category\/retail-paper-bags\/\"><strong>fabricants de sacs en papier<\/strong><\/a>Nous disposons d'une grande capacit\u00e9 pour r\u00e9pondre \u00e0 vos demandes de grandes quantit\u00e9s.<\/li>\n<li data-start=\"281\" data-end=\"388\">Haute qualit\u00e9 : plus de 40 ensembles de machines \u00e0 sacs \u00e0 provisions, dont la plupart des \u00e9quipements sont import\u00e9s du Japon et d'Allemagne.<\/li>\n<li data-start=\"392\" data-end=\"464\">Large gamme de produits pour r\u00e9pondre \u00e0 toutes les exigences.<\/li>\n<li data-start=\"468\" data-end=\"523\">Une grande \u00e9quipe de recherche et d\u00e9veloppement peut vous proposer des conceptions personnalis\u00e9es.<\/li>\n<\/ol>\n<h2>FAQ<\/h2>\n<p>Q1 : Vos produits sont-ils d\u00e9gradables ?<br \/>\nR : Oui, le papier peut \u00eatre d\u00e9grad\u00e9.<\/p>\n<p>Q2 : Vos prix incluent-ils l'emballage ?<br \/>\nR : Oui, tous les produits comprennent une bo\u00eete en carton ondul\u00e9 de 5 plis.<\/p>\n<p>Q3. Comment les plaintes sont-elles trait\u00e9es ?<br \/>\nR : Nous sommes responsables des r\u00e9clamations li\u00e9es aux probl\u00e8mes de qualit\u00e9 des produits Nanwang. Nous signerons donc la norme de qualit\u00e9 avant de passer commande.<\/p>\n<p>Q4 : Combien de cartons par 40HQ ?<br \/>\nR : La quantit\u00e9 de chargement varie en fonction de la taille des produits. N'h\u00e9sitez pas \u00e0 nous communiquer les d\u00e9tails de votre commande.<\/p>\n<p>Q5 : Les sacs peuvent-ils contenir des aliments surgel\u00e9s ?<br \/>\nR : Oui, nous pouvons utiliser un papier ou un rev\u00eatement sp\u00e9cial.<\/p>","protected":false},"excerpt":{"rendered":"<p>Papier : Papier kraft recyclable 80g \/ 100g<br \/>\nImpression : Impression flexo ; impression offset<br \/>\nCouleur : couleurs compl\u00e8tes CMYK ou couleurs pantone<br \/>\nUtilisation : emballage de chaussures et de v\u00eatements<br \/>\nCaract\u00e9ristique : r\u00e9utilisable et recyclable<br \/>\nMOQ : 100 000 pi\u00e8ces<\/p>","protected":false},"featured_media":12276,"comment_status":"open","ping_status":"closed","template":"","meta":{"_et_pb_use_builder":"","_et_pb_old_content":"","_et_gb_content_width":""},"product_cat":[266,261],"product_tag":[329,277],"yoast_head":"<!-- This site is optimized with the Yoast SEO plugin v22.7 - https:\/\/yoast.com\/wordpress\/plugins\/seo\/ -->\n<title>White Kraft Paper Bags with Die Cut Handles - Nanwang Paper Packaging<\/title>\n<meta name=\"description\" content=\"White Kraft Paper Bags with Die Cut Handles - Nanwang Paper Packaging , we supply Luxury Paper Bags, Shopping Paper Bag, Paper Carry Bag, Delivery Bag for you with good price.\" \/>\n<meta name=\"robots\" content=\"index, follow, max-snippet:-1, max-image-preview:large, max-video-preview:-1\" \/>\n<link rel=\"canonical\" href=\"https:\/\/www.nanwangpaperbag.com\/fr\/produit\/sacs-en-papier-kraft-blanc-avec-poignees-decoupees\/\" \/>\n<meta property=\"og:locale\" content=\"fr_FR\" \/>\n<meta property=\"og:type\" content=\"article\" \/>\n<meta property=\"og:title\" content=\"White Kraft Paper Bags with Die Cut Handles - Nanwang Paper Packaging\" \/>\n<meta property=\"og:description\" content=\"White Kraft Paper Bags with Die Cut Handles - Nanwang Paper Packaging , we supply Luxury Paper Bags, Shopping Paper Bag, Paper Carry Bag, Delivery Bag for you with good price.\" \/>\n<meta property=\"og:url\" content=\"https:\/\/www.nanwangpaperbag.com\/fr\/produit\/sacs-en-papier-kraft-blanc-avec-poignees-decoupees\/\" \/>\n<meta property=\"og:site_name\" content=\"Nanwang Paper Packaging\" \/>\n<meta property=\"article:publisher\" content=\"https:\/\/www.facebook.com\/NanwangPaperBag\" \/>\n<meta property=\"article:modified_time\" content=\"2025-05-15T02:48:36+00:00\" \/>\n<meta property=\"og:image\" content=\"https:\/\/www.nanwangpaperbag.com\/wp-content\/uploads\/2025\/04\/White-kraft-Paper-Bags-with-Die-Cut-Handles-1-1.webp\" \/>\n\t<meta property=\"og:image:width\" content=\"800\" \/>\n\t<meta property=\"og:image:height\" content=\"800\" \/>\n\t<meta property=\"og:image:type\" content=\"image\/webp\" \/>\n<meta name=\"twitter:card\" content=\"summary_large_image\" \/>\n<meta name=\"twitter:site\" content=\"@NanwangPack\" \/>\n<meta name=\"twitter:label1\" content=\"Dur\u00e9e de lecture estim\u00e9e\" \/>\n\t<meta name=\"twitter:data1\" content=\"3 minutes\" \/>\n<script type=\"application\/ld+json\" class=\"yoast-schema-graph\">{\"@context\":\"https:\/\/schema.org\",\"@graph\":[{\"@type\":\"WebPage\",\"@id\":\"https:\/\/www.nanwangpaperbag.com\/product\/white-kraft-paper-bags-with-die-cut-handles\/\",\"url\":\"https:\/\/www.nanwangpaperbag.com\/product\/white-kraft-paper-bags-with-die-cut-handles\/\",\"name\":\"White Kraft Paper Bags with Die Cut Handles - Nanwang Paper Packaging\",\"isPartOf\":{\"@id\":\"https:\/\/www.nanwangpaperbag.com\/#website\"},\"primaryImageOfPage\":{\"@id\":\"https:\/\/www.nanwangpaperbag.com\/product\/white-kraft-paper-bags-with-die-cut-handles\/#primaryimage\"},\"image\":{\"@id\":\"https:\/\/www.nanwangpaperbag.com\/product\/white-kraft-paper-bags-with-die-cut-handles\/#primaryimage\"},\"thumbnailUrl\":\"https:\/\/www.nanwangpaperbag.com\/wp-content\/uploads\/2025\/04\/White-kraft-Paper-Bags-with-Die-Cut-Handles-1-1.webp\",\"datePublished\":\"2025-04-16T07:21:22+00:00\",\"dateModified\":\"2025-05-15T02:48:36+00:00\",\"description\":\"White Kraft Paper Bags with Die Cut Handles - Nanwang Paper Packaging , we supply Luxury Paper Bags, Shopping Paper Bag, Paper Carry Bag, Delivery Bag for you with good price.\",\"breadcrumb\":{\"@id\":\"https:\/\/www.nanwangpaperbag.com\/product\/white-kraft-paper-bags-with-die-cut-handles\/#breadcrumb\"},\"inLanguage\":\"fr-FR\",\"potentialAction\":[{\"@type\":\"ReadAction\",\"target\":[\"https:\/\/www.nanwangpaperbag.com\/product\/white-kraft-paper-bags-with-die-cut-handles\/\"]}]},{\"@type\":\"ImageObject\",\"inLanguage\":\"fr-FR\",\"@id\":\"https:\/\/www.nanwangpaperbag.com\/product\/white-kraft-paper-bags-with-die-cut-handles\/#primaryimage\",\"url\":\"https:\/\/www.nanwangpaperbag.com\/wp-content\/uploads\/2025\/04\/White-kraft-Paper-Bags-with-Die-Cut-Handles-1-1.webp\",\"contentUrl\":\"https:\/\/www.nanwangpaperbag.com\/wp-content\/uploads\/2025\/04\/White-kraft-Paper-Bags-with-Die-Cut-Handles-1-1.webp\",\"width\":800,\"height\":800,\"caption\":\"kraft paper bags\"},{\"@type\":\"BreadcrumbList\",\"@id\":\"https:\/\/www.nanwangpaperbag.com\/product\/white-kraft-paper-bags-with-die-cut-handles\/#breadcrumb\",\"itemListElement\":[{\"@type\":\"ListItem\",\"position\":1,\"name\":\"Home\",\"item\":\"https:\/\/www.nanwangpaperbag.com\/\"},{\"@type\":\"ListItem\",\"position\":2,\"name\":\"Productos\",\"item\":\"https:\/\/www.nanwangpaperbag.com\/es\/shop\/\"},{\"@type\":\"ListItem\",\"position\":3,\"name\":\"White Kraft Paper Bags with Die Cut Handles\"}]},{\"@type\":\"WebSite\",\"@id\":\"https:\/\/www.nanwangpaperbag.com\/#website\",\"url\":\"https:\/\/www.nanwangpaperbag.com\/\",\"name\":\"Nanwang Paper Packaging\",\"description\":\"\",\"publisher\":{\"@id\":\"https:\/\/www.nanwangpaperbag.com\/#organization\"},\"potentialAction\":[{\"@type\":\"SearchAction\",\"target\":{\"@type\":\"EntryPoint\",\"urlTemplate\":\"https:\/\/www.nanwangpaperbag.com\/?s={search_term_string}\"},\"query-input\":\"required name=search_term_string\"}],\"inLanguage\":\"fr-FR\"},{\"@type\":\"Organization\",\"@id\":\"https:\/\/www.nanwangpaperbag.com\/#organization\",\"name\":\"Nanwang Pack\",\"url\":\"https:\/\/www.nanwangpaperbag.com\/\",\"logo\":{\"@type\":\"ImageObject\",\"inLanguage\":\"fr-FR\",\"@id\":\"https:\/\/www.nanwangpaperbag.com\/#\/schema\/logo\/image\/\",\"url\":\"https:\/\/www.nanwangpaperbag.com\/wp-content\/uploads\/2025\/03\/logo2.webp\",\"contentUrl\":\"https:\/\/www.nanwangpaperbag.com\/wp-content\/uploads\/2025\/03\/logo2.webp\",\"width\":433,\"height\":407,\"caption\":\"Nanwang Pack\"},\"image\":{\"@id\":\"https:\/\/www.nanwangpaperbag.com\/#\/schema\/logo\/image\/\"},\"sameAs\":[\"https:\/\/www.facebook.com\/NanwangPaperBag\",\"https:\/\/x.com\/NanwangPack\",\"https:\/\/www.linkedin.com\/company\/nanwang-paper-bag\/\",\"https:\/\/www.youtube.com\/@NanwangPaperBag\",\"https:\/\/www.tiktok.com\/@nanwangpaperbag\"]}]}<\/script>\n<!-- \/ Yoast SEO plugin. -->","yoast_head_json":{"title":"White Kraft Paper Bags with Die Cut Handles - Nanwang Paper Packaging","description":"White Kraft Paper Bags with Die Cut Handles - Nanwang Paper Packaging , we supply Luxury Paper Bags, Shopping Paper Bag, Paper Carry Bag, Delivery Bag for you with good price.","robots":{"index":"index","follow":"follow","max-snippet":"max-snippet:-1","max-image-preview":"max-image-preview:large","max-video-preview":"max-video-preview:-1"},"canonical":"https:\/\/www.nanwangpaperbag.com\/fr\/produit\/sacs-en-papier-kraft-blanc-avec-poignees-decoupees\/","og_locale":"fr_FR","og_type":"article","og_title":"White Kraft Paper Bags with Die Cut Handles - Nanwang Paper Packaging","og_description":"White Kraft Paper Bags with Die Cut Handles - Nanwang Paper Packaging , we supply Luxury Paper Bags, Shopping Paper Bag, Paper Carry Bag, Delivery Bag for you with good price.","og_url":"https:\/\/www.nanwangpaperbag.com\/fr\/produit\/sacs-en-papier-kraft-blanc-avec-poignees-decoupees\/","og_site_name":"Nanwang Paper Packaging","article_publisher":"https:\/\/www.facebook.com\/NanwangPaperBag","article_modified_time":"2025-05-15T02:48:36+00:00","og_image":[{"width":800,"height":800,"url":"https:\/\/www.nanwangpaperbag.com\/wp-content\/uploads\/2025\/04\/White-kraft-Paper-Bags-with-Die-Cut-Handles-1-1.webp","type":"image\/webp"}],"twitter_card":"summary_large_image","twitter_site":"@NanwangPack","twitter_misc":{"Dur\u00e9e de lecture estim\u00e9e":"3 minutes"},"schema":{"@context":"https:\/\/schema.org","@graph":[{"@type":"WebPage","@id":"https:\/\/www.nanwangpaperbag.com\/product\/white-kraft-paper-bags-with-die-cut-handles\/","url":"https:\/\/www.nanwangpaperbag.com\/product\/white-kraft-paper-bags-with-die-cut-handles\/","name":"White Kraft Paper Bags with Die Cut Handles - Nanwang Paper Packaging","isPartOf":{"@id":"https:\/\/www.nanwangpaperbag.com\/#website"},"primaryImageOfPage":{"@id":"https:\/\/www.nanwangpaperbag.com\/product\/white-kraft-paper-bags-with-die-cut-handles\/#primaryimage"},"image":{"@id":"https:\/\/www.nanwangpaperbag.com\/product\/white-kraft-paper-bags-with-die-cut-handles\/#primaryimage"},"thumbnailUrl":"https:\/\/www.nanwangpaperbag.com\/wp-content\/uploads\/2025\/04\/White-kraft-Paper-Bags-with-Die-Cut-Handles-1-1.webp","datePublished":"2025-04-16T07:21:22+00:00","dateModified":"2025-05-15T02:48:36+00:00","description":"White Kraft Paper Bags with Die Cut Handles - Nanwang Paper Packaging , we supply Luxury Paper Bags, Shopping Paper Bag, Paper Carry Bag, Delivery Bag for you with good price.","breadcrumb":{"@id":"https:\/\/www.nanwangpaperbag.com\/product\/white-kraft-paper-bags-with-die-cut-handles\/#breadcrumb"},"inLanguage":"fr-FR","potentialAction":[{"@type":"ReadAction","target":["https:\/\/www.nanwangpaperbag.com\/product\/white-kraft-paper-bags-with-die-cut-handles\/"]}]},{"@type":"ImageObject","inLanguage":"fr-FR","@id":"https:\/\/www.nanwangpaperbag.com\/product\/white-kraft-paper-bags-with-die-cut-handles\/#primaryimage","url":"https:\/\/www.nanwangpaperbag.com\/wp-content\/uploads\/2025\/04\/White-kraft-Paper-Bags-with-Die-Cut-Handles-1-1.webp","contentUrl":"https:\/\/www.nanwangpaperbag.com\/wp-content\/uploads\/2025\/04\/White-kraft-Paper-Bags-with-Die-Cut-Handles-1-1.webp","width":800,"height":800,"caption":"kraft paper bags"},{"@type":"BreadcrumbList","@id":"https:\/\/www.nanwangpaperbag.com\/product\/white-kraft-paper-bags-with-die-cut-handles\/#breadcrumb","itemListElement":[{"@type":"ListItem","position":1,"name":"Home","item":"https:\/\/www.nanwangpaperbag.com\/"},{"@type":"ListItem","position":2,"name":"Productos","item":"https:\/\/www.nanwangpaperbag.com\/es\/shop\/"},{"@type":"ListItem","position":3,"name":"White Kraft Paper Bags with Die Cut Handles"}]},{"@type":"WebSite","@id":"https:\/\/www.nanwangpaperbag.com\/#website","url":"https:\/\/www.nanwangpaperbag.com\/","name":"Nanwang Paper Packaging","description":"","publisher":{"@id":"https:\/\/www.nanwangpaperbag.com\/#organization"},"potentialAction":[{"@type":"SearchAction","target":{"@type":"EntryPoint","urlTemplate":"https:\/\/www.nanwangpaperbag.com\/?s={search_term_string}"},"query-input":"required name=search_term_string"}],"inLanguage":"fr-FR"},{"@type":"Organization","@id":"https:\/\/www.nanwangpaperbag.com\/#organization","name":"Nanwang Pack","url":"https:\/\/www.nanwangpaperbag.com\/","logo":{"@type":"ImageObject","inLanguage":"fr-FR","@id":"https:\/\/www.nanwangpaperbag.com\/#\/schema\/logo\/image\/","url":"https:\/\/www.nanwangpaperbag.com\/wp-content\/uploads\/2025\/03\/logo2.webp","contentUrl":"https:\/\/www.nanwangpaperbag.com\/wp-content\/uploads\/2025\/03\/logo2.webp","width":433,"height":407,"caption":"Nanwang Pack"},"image":{"@id":"https:\/\/www.nanwangpaperbag.com\/#\/schema\/logo\/image\/"},"sameAs":["https:\/\/www.facebook.com\/NanwangPaperBag","https:\/\/x.com\/NanwangPack","https:\/\/www.linkedin.com\/company\/nanwang-paper-bag\/","https:\/\/www.youtube.com\/@NanwangPaperBag","https:\/\/www.tiktok.com\/@nanwangpaperbag"]}]}},"_links":{"self":[{"href":"https:\/\/www.nanwangpaperbag.com\/fr\/wp-json\/wp\/v2\/product\/12271"}],"collection":[{"href":"https:\/\/www.nanwangpaperbag.com\/fr\/wp-json\/wp\/v2\/product"}],"about":[{"href":"https:\/\/www.nanwangpaperbag.com\/fr\/wp-json\/wp\/v2\/types\/product"}],"replies":[{"embeddable":true,"href":"https:\/\/www.nanwangpaperbag.com\/fr\/wp-json\/wp\/v2\/comments?post=12271"}],"wp:featuredmedia":[{"embeddable":true,"href":"https:\/\/www.nanwangpaperbag.com\/fr\/wp-json\/wp\/v2\/media\/12276"}],"wp:attachment":[{"href":"https:\/\/www.nanwangpaperbag.com\/fr\/wp-json\/wp\/v2\/media?parent=12271"}],"wp:term":[{"taxonomy":"product_cat","embeddable":true,"href":"https:\/\/www.nanwangpaperbag.com\/fr\/wp-json\/wp\/v2\/product_cat?post=12271"},{"taxonomy":"product_tag","embeddable":true,"href":"https:\/\/www.nanwangpaperbag.com\/fr\/wp-json\/wp\/v2\/product_tag?post=12271"}],"curies":[{"name":"wp","href":"https:\/\/api.w.org\/{rel}","templated":true}]}}