{"id":12272,"date":"2025-04-16T07:21:24","date_gmt":"2025-04-16T07:21:24","guid":{"rendered":"https:\/\/www.nanwangpaperbag.com\/?post_type=product&#038;p=12272"},"modified":"2025-05-15T02:48:15","modified_gmt":"2025-05-15T02:48:15","slug":"popular-die-cut-paper-bag","status":"publish","type":"product","link":"https:\/\/www.nanwangpaperbag.com\/fr\/produit\/sac-en-papier-decoupe-populaire\/","title":{"rendered":"Sac en papier d\u00e9coup\u00e9 populaire"},"content":{"rendered":"<p>Notre <a href=\"https:\/\/www.nanwangpaperbag.com\/fr\/category\/retail-paper-bags\/die-cut-paper-bag\/\"><strong>Sacs en papier d\u00e9coup\u00e9s<\/strong><\/a> gagnent en popularit\u00e9 dans l'industrie. Ils sont dot\u00e9s de solides soufflets lat\u00e9raux et inf\u00e9rieurs, ce qui les rend parfaits pour le transport d'articles l\u00e9gers. Nous proposons un large \u00e9ventail d'options de personnalisation. Vous pouvez choisir entre l'impression d'une seule couleur d'accompagnement et des conceptions multicolores, et nous pouvons m\u00eame imprimer des images photographiques, ce qui vous permet d'\u00e9tablir un label de marque distinct. Ces sacs en papier sont tr\u00e8s polyvalents et conviennent \u00e0 l'emballage de produits alimentaires, au transport de cadeaux ou au stockage de produits de premi\u00e8re n\u00e9cessit\u00e9. Leur adaptabilit\u00e9 en fait un choix pratique pour diverses utilisations.<\/p>\n<p><img loading=\"lazy\" decoding=\"async\" class=\"alignnone size-full wp-image-12280\" data-src=\"https:\/\/www.nanwangpaperbag.com\/wp-content\/uploads\/2025\/04\/Fully-cutout-handle-with-CPP-film-reinforcement.webp\" alt=\"Sacs en papier \u00e0 poign\u00e9e d\u00e9coup\u00e9e\" width=\"291\" height=\"213\" srcset=\"https:\/\/www.nanwangpaperbag.com\/wp-content\/uploads\/2025\/04\/Fully-cutout-handle-with-CPP-film-reinforcement.webp 291w, https:\/\/www.nanwangpaperbag.com\/wp-content\/uploads\/2025\/04\/Fully-cutout-handle-with-CPP-film-reinforcement-16x12.webp 16w\" sizes=\"(max-width: 291px) 100vw, 291px\" \/> <img loading=\"lazy\" decoding=\"async\" class=\"alignnone wp-image-12281\" data-src=\"https:\/\/www.nanwangpaperbag.com\/wp-content\/uploads\/2025\/04\/Semi-cutout-handle-with-cardstock-reinforcement.webp\" alt=\"Sacs en papier \u00e0 poign\u00e9e d\u00e9coup\u00e9e\" width=\"326\" height=\"213\" srcset=\"https:\/\/www.nanwangpaperbag.com\/wp-content\/uploads\/2025\/04\/Semi-cutout-handle-with-cardstock-reinforcement.webp 294w, https:\/\/www.nanwangpaperbag.com\/wp-content\/uploads\/2025\/04\/Semi-cutout-handle-with-cardstock-reinforcement-18x12.webp 18w\" sizes=\"(max-width: 326px) 100vw, 326px\" \/><\/p>\n<h2>Tailles standard NanWang<\/h2>\n<table class=\"tg\" style=\"border-collapse: collapse; border-spacing: 0;\">\n<thead>\n<tr>\n<th style=\"font-family: Arial, sans-serif; font-size: 14px; font-weight: normal; overflow: hidden; padding: 10px 5px; text-align: center; vertical-align: top; word-break: normal; border: 1px solid black;\">Code Ltem<\/th>\n<th style=\"font-family: Arial, sans-serif; font-size: 14px; font-weight: normal; overflow: hidden; padding: 10px 5px; text-align: center; vertical-align: top; word-break: normal; border: 1px solid black;\">Dimensions du sac (mm)<br \/>\n( Largeur x Hauteur x Soufflet )<\/th>\n<th style=\"font-family: Arial, sans-serif; font-size: 14px; font-weight: normal; overflow: hidden; padding: 10px 5px; text-align: center; vertical-align: top; word-break: normal; border: 1px solid black;\">Dimensions du sac (pouces)<br \/>\n( Largeur x Hauteur x Soufflet )<\/th>\n<th style=\"font-family: Arial, sans-serif; font-size: 14px; font-weight: normal; overflow: hidden; padding: 10px 5px; text-align: center; vertical-align: top; word-break: normal; border: 1px solid black;\">Taille de l'emballage<br \/>\n(pcs \/ ctn)<\/th>\n<th style=\"font-family: Arial, sans-serif; font-size: 14px; font-weight: normal; overflow: hidden; padding: 10px 5px; text-align: center; vertical-align: top; word-break: normal; border: 1px solid black;\">Plain MOQ<br \/>\n(pcs)<\/th>\n<th style=\"font-family: Arial, sans-serif; font-size: 14px; font-weight: normal; overflow: hidden; padding: 10px 5px; text-align: center; vertical-align: top; word-break: normal; border: 1px solid black;\">Imprim\u00e9 MOQ<br \/>\n(pcs)<\/th>\n<\/tr>\n<\/thead>\n<tbody>\n<tr>\n<td style=\"font-family: Arial, sans-serif; font-size: 14px; overflow: hidden; padding: 10px 5px; text-align: center; vertical-align: top; word-break: normal; border: 1px solid black;\">NWD240NA<\/td>\n<td style=\"font-family: Arial, sans-serif; font-size: 14px; overflow: hidden; padding: 10px 5px; text-align: center; vertical-align: top; word-break: normal; border: 1px solid black;\">240x350x120mm<\/td>\n<td style=\"font-family: Arial, sans-serif; font-size: 14px; overflow: hidden; padding: 10px 5px; text-align: center; vertical-align: top; word-break: normal; border: 1px solid black;\">9.45\u2033x13.78\u2033x4.72\u2033<\/td>\n<td style=\"font-family: Arial, sans-serif; font-size: 14px; overflow: hidden; padding: 10px 5px; text-align: center; vertical-align: top; word-break: normal; border: 1px solid black;\">400<\/td>\n<td style=\"font-family: Arial, sans-serif; font-size: 14px; overflow: hidden; padding: 10px 5px; text-align: center; vertical-align: top; word-break: normal; border: 1px solid black;\">100000<\/td>\n<td style=\"font-family: Arial, sans-serif; font-size: 14px; overflow: hidden; padding: 10px 5px; text-align: center; vertical-align: top; word-break: normal; border: 1px solid black;\">100000<\/td>\n<\/tr>\n<tr>\n<td style=\"font-family: Arial, sans-serif; font-size: 14px; overflow: hidden; padding: 10px 5px; text-align: center; vertical-align: top; word-break: normal; border: 1px solid black;\">NWD270NA<\/td>\n<td style=\"font-family: Arial, sans-serif; font-size: 14px; overflow: hidden; padding: 10px 5px; text-align: center; vertical-align: top; word-break: normal; border: 1px solid black;\">270x280x100mm<\/td>\n<td style=\"font-family: Arial, sans-serif; font-size: 14px; overflow: hidden; padding: 10px 5px; text-align: center; vertical-align: top; word-break: normal; border: 1px solid black;\">10.63\u2033x11\u2033x3.94\u2033<\/td>\n<td style=\"font-family: Arial, sans-serif; font-size: 14px; overflow: hidden; padding: 10px 5px; text-align: center; vertical-align: top; word-break: normal; border: 1px solid black;\">400<\/td>\n<td style=\"font-family: Arial, sans-serif; font-size: 14px; overflow: hidden; padding: 10px 5px; text-align: center; vertical-align: top; word-break: normal; border: 1px solid black;\">100000<\/td>\n<td style=\"font-family: Arial, sans-serif; font-size: 14px; overflow: hidden; padding: 10px 5px; text-align: center; vertical-align: top; word-break: normal; border: 1px solid black;\">100000<\/td>\n<\/tr>\n<tr>\n<td style=\"font-family: Arial, sans-serif; font-size: 14px; overflow: hidden; padding: 10px 5px; text-align: center; vertical-align: top; word-break: normal; border: 1px solid black;\">NWD270NA<\/td>\n<td style=\"font-family: Arial, sans-serif; font-size: 14px; overflow: hidden; padding: 10px 5px; text-align: center; vertical-align: top; word-break: normal; border: 1px solid black;\">270x350x140mm<\/td>\n<td style=\"font-family: Arial, sans-serif; font-size: 14px; overflow: hidden; padding: 10px 5px; text-align: center; vertical-align: top; word-break: normal; border: 1px solid black;\">10.63\u2033x13.78\u2033x5.5\u2033<\/td>\n<td style=\"font-family: Arial, sans-serif; font-size: 14px; overflow: hidden; padding: 10px 5px; text-align: center; vertical-align: top; word-break: normal; border: 1px solid black;\">300<\/td>\n<td style=\"font-family: Arial, sans-serif; font-size: 14px; overflow: hidden; padding: 10px 5px; text-align: center; vertical-align: top; word-break: normal; border: 1px solid black;\">100000<\/td>\n<td style=\"font-family: Arial, sans-serif; font-size: 14px; overflow: hidden; padding: 10px 5px; text-align: center; vertical-align: top; word-break: normal; border: 1px solid black;\">100000<\/td>\n<\/tr>\n<\/tbody>\n<\/table>\n<p>&nbsp;<\/p>\n<h2>MAT\u00c9RIAU STANDARD RECOMMANDER<\/h2>\n<p>Papier kraft blanc 110\/120GSM<br \/>\nPapier kraft vierge brun 120GSM<br \/>\nPapier kraft versa recycl\u00e9 110\/125GSM<br \/>\n90\/100\/110\/120GSM PCW Papier kraft brun<\/p>\n<h2>Caract\u00e9ristiques<\/h2>\n<ul>\n<li>Pratique \u00e0 transporter : Les poign\u00e9es ergonomiques, comme celles en forme de D, offrent une prise en main confortable. La liaison entre la poign\u00e9e et le corps principal est solide, avec une forte capacit\u00e9 de charge. Il est facile \u00e0 transporter et les objets ne risquent pas de tomber.<\/li>\n<li>Caract\u00e9ristiques \u00e9cologiques : Fabriqu\u00e9s en papier recyclable, les sacs peuvent se biod\u00e9grader dans l'environnement naturel, ce qui r\u00e9duit la consommation de ressources et la pollution de l'environnement et favorise le d\u00e9veloppement durable.<\/li>\n<li>Personnalisation diversifi\u00e9e : Permet l'impression d'une seule couleur ou de plusieurs couleurs, avec des tailles et des formes personnalisables pour r\u00e9pondre aux besoins des entreprises en mati\u00e8re d'emballage, ce qui favorise le d\u00e9veloppement de la marque.<\/li>\n<li>Tr\u00e8s pratique : Convient \u00e0 l'emballage d'aliments, de cadeaux et de produits de premi\u00e8re n\u00e9cessit\u00e9. Le fond et les c\u00f4t\u00e9s sont renforc\u00e9s, avec une bonne capacit\u00e9 de charge, garantissant la s\u00e9curit\u00e9 des articles pendant le transport et le stockage.<\/li>\n<li>Aspect esth\u00e9tique : Le design est simple et \u00e9l\u00e9gant et convient \u00e0 diverses occasions. Il peut \u00eatre d\u00e9cor\u00e9 avec du papier de soie color\u00e9, des rubans, etc. pour renforcer son attrait g\u00e9n\u00e9ral.<\/li>\n<\/ul>\n<h2>GESTION DE LA QUALIT\u00c9<\/h2>\n<p>Afin de maintenir des normes de qualit\u00e9 strictes, nos tests en laboratoire portent sur le lissage, la rigidit\u00e9, l'\u00e9paisseur et la blancheur du papier, des mati\u00e8res premi\u00e8res, des produits en cours de fabrication et des produits finis, \u00e0 l'aide d'\u00e9quipements de test tels que le spectrophotom\u00e8tre UV, le MDS, etc.Notre syst\u00e8me de tra\u00e7abilit\u00e9 va de l'inspection \u00e0 l'entr\u00e9e jusqu'au produit fini, ce qui nous permet de retracer toutes les mati\u00e8res premi\u00e8res, tous les produits finis, toutes les machines, tous les op\u00e9rateurs et tous les contr\u00f4les de qualit\u00e9 en deux heures.<\/p>\n<h2>FAQ<\/h2>\n<p>Q1 : Comment puis-je savoir que ma commande a \u00e9t\u00e9 accept\u00e9e ?<br \/>\nR : Nous vous enverrons le contrat par courrier \u00e9lectronique et vous le confirmerez en le signant et en le d\u00e9posant.<\/p>\n<p>Q2 : Quel est le d\u00e9lai de livraison de ma commande ?<br \/>\nR : Cela d\u00e9pend de la quantit\u00e9, du style et des mati\u00e8res premi\u00e8res. Veuillez me communiquer les d\u00e9tails de la commande et nous vous indiquerons la marche \u00e0 suivre.<\/p>\n<p>Q3 : Combien de couleurs pouvez-vous faire pour <a href=\"https:\/\/www.nanwangpaperbag.com\/fr\/category\/retail-paper-bags\/\"><strong>sacs en papier avec poign\u00e9es<\/strong><\/a>?<br \/>\nA : 8 couleurs.<\/p>\n<p>Q4 : Qu'est-ce que la r\u00e9f\u00e9rence de qualit\u00e9 ?<br \/>\nR : Identique et identique aux \u00e9chantillons soumis.<\/p>\n<p>Q5 : Quelle est votre politique de qualit\u00e9 ?<br \/>\nR : Nous avons des proc\u00e9dures d'exploitation normalis\u00e9es strictes en mati\u00e8re de contr\u00f4le de la qualit\u00e9. Nous pouvons personnaliser un manuel de qualit\u00e9 exclusif pour votre produit, et l'usine ex\u00e9cute la commande conform\u00e9ment \u00e0 ce manuel.<\/p>","protected":false},"excerpt":{"rendered":"<p>Article:Sac en papier \u00e0 poign\u00e9e d\u00e9coup\u00e9e<br \/>\nTaille : Sur mesure<br \/>\nStyle:poign\u00e9e plaqu\u00e9e ;poign\u00e9e d\u00e9coup\u00e9e<br \/>\nMat\u00e9riau : papier kraft vierge<br \/>\nFinition : mat naturel<\/p>","protected":false},"featured_media":12282,"comment_status":"open","ping_status":"closed","template":"","meta":{"_et_pb_use_builder":"","_et_pb_old_content":"","_et_gb_content_width":""},"product_cat":[266,261],"product_tag":[274,271],"yoast_head":"<!-- This site is optimized with the Yoast SEO plugin v22.7 - https:\/\/yoast.com\/wordpress\/plugins\/seo\/ -->\n<title>Popular Die Cut Paper Bag - Nanwang Paper Packaging<\/title>\n<meta name=\"description\" content=\"Popular Die Cut Paper Bag - Nanwang Paper Packaging , we supply Luxury Paper Bags, Shopping Paper Bag, Paper Carry Bag, Delivery Bag for you with good price.\" \/>\n<meta name=\"robots\" content=\"index, follow, max-snippet:-1, max-image-preview:large, max-video-preview:-1\" \/>\n<link rel=\"canonical\" href=\"https:\/\/www.nanwangpaperbag.com\/fr\/produit\/sac-en-papier-decoupe-populaire\/\" \/>\n<meta property=\"og:locale\" content=\"fr_FR\" \/>\n<meta property=\"og:type\" content=\"article\" \/>\n<meta property=\"og:title\" content=\"Popular Die Cut Paper Bag - Nanwang Paper Packaging\" \/>\n<meta property=\"og:description\" content=\"Popular Die Cut Paper Bag - Nanwang Paper Packaging , we supply Luxury Paper Bags, Shopping Paper Bag, Paper Carry Bag, Delivery Bag for you with good price.\" \/>\n<meta property=\"og:url\" content=\"https:\/\/www.nanwangpaperbag.com\/fr\/produit\/sac-en-papier-decoupe-populaire\/\" \/>\n<meta property=\"og:site_name\" content=\"Nanwang Paper Packaging\" \/>\n<meta property=\"article:publisher\" content=\"https:\/\/www.facebook.com\/NanwangPaperBag\" \/>\n<meta property=\"article:modified_time\" content=\"2025-05-15T02:48:15+00:00\" \/>\n<meta property=\"og:image\" content=\"https:\/\/www.nanwangpaperbag.com\/wp-content\/uploads\/2025\/04\/Popular-Die-Cut-Paper-Bag-1.webp\" \/>\n\t<meta property=\"og:image:width\" content=\"800\" \/>\n\t<meta property=\"og:image:height\" content=\"800\" \/>\n\t<meta property=\"og:image:type\" content=\"image\/webp\" \/>\n<meta name=\"twitter:card\" content=\"summary_large_image\" \/>\n<meta name=\"twitter:site\" content=\"@NanwangPack\" \/>\n<meta name=\"twitter:label1\" content=\"Dur\u00e9e de lecture estim\u00e9e\" \/>\n\t<meta name=\"twitter:data1\" content=\"3 minutes\" \/>\n<script type=\"application\/ld+json\" class=\"yoast-schema-graph\">{\"@context\":\"https:\/\/schema.org\",\"@graph\":[{\"@type\":\"WebPage\",\"@id\":\"https:\/\/www.nanwangpaperbag.com\/product\/popular-die-cut-paper-bag\/\",\"url\":\"https:\/\/www.nanwangpaperbag.com\/product\/popular-die-cut-paper-bag\/\",\"name\":\"Popular Die Cut Paper Bag - Nanwang Paper Packaging\",\"isPartOf\":{\"@id\":\"https:\/\/www.nanwangpaperbag.com\/#website\"},\"primaryImageOfPage\":{\"@id\":\"https:\/\/www.nanwangpaperbag.com\/product\/popular-die-cut-paper-bag\/#primaryimage\"},\"image\":{\"@id\":\"https:\/\/www.nanwangpaperbag.com\/product\/popular-die-cut-paper-bag\/#primaryimage\"},\"thumbnailUrl\":\"https:\/\/www.nanwangpaperbag.com\/wp-content\/uploads\/2025\/04\/Popular-Die-Cut-Paper-Bag-1.webp\",\"datePublished\":\"2025-04-16T07:21:24+00:00\",\"dateModified\":\"2025-05-15T02:48:15+00:00\",\"description\":\"Popular Die Cut Paper Bag - Nanwang Paper Packaging , we supply Luxury Paper Bags, Shopping Paper Bag, Paper Carry Bag, Delivery Bag for you with good price.\",\"breadcrumb\":{\"@id\":\"https:\/\/www.nanwangpaperbag.com\/product\/popular-die-cut-paper-bag\/#breadcrumb\"},\"inLanguage\":\"fr-FR\",\"potentialAction\":[{\"@type\":\"ReadAction\",\"target\":[\"https:\/\/www.nanwangpaperbag.com\/product\/popular-die-cut-paper-bag\/\"]}]},{\"@type\":\"ImageObject\",\"inLanguage\":\"fr-FR\",\"@id\":\"https:\/\/www.nanwangpaperbag.com\/product\/popular-die-cut-paper-bag\/#primaryimage\",\"url\":\"https:\/\/www.nanwangpaperbag.com\/wp-content\/uploads\/2025\/04\/Popular-Die-Cut-Paper-Bag-1.webp\",\"contentUrl\":\"https:\/\/www.nanwangpaperbag.com\/wp-content\/uploads\/2025\/04\/Popular-Die-Cut-Paper-Bag-1.webp\",\"width\":800,\"height\":800,\"caption\":\"Popular Die Cut Paper Bag\"},{\"@type\":\"BreadcrumbList\",\"@id\":\"https:\/\/www.nanwangpaperbag.com\/product\/popular-die-cut-paper-bag\/#breadcrumb\",\"itemListElement\":[{\"@type\":\"ListItem\",\"position\":1,\"name\":\"Home\",\"item\":\"https:\/\/www.nanwangpaperbag.com\/\"},{\"@type\":\"ListItem\",\"position\":2,\"name\":\"Productos\",\"item\":\"https:\/\/www.nanwangpaperbag.com\/es\/shop\/\"},{\"@type\":\"ListItem\",\"position\":3,\"name\":\"Popular Die Cut Paper Bag\"}]},{\"@type\":\"WebSite\",\"@id\":\"https:\/\/www.nanwangpaperbag.com\/#website\",\"url\":\"https:\/\/www.nanwangpaperbag.com\/\",\"name\":\"Nanwang Paper Packaging\",\"description\":\"\",\"publisher\":{\"@id\":\"https:\/\/www.nanwangpaperbag.com\/#organization\"},\"potentialAction\":[{\"@type\":\"SearchAction\",\"target\":{\"@type\":\"EntryPoint\",\"urlTemplate\":\"https:\/\/www.nanwangpaperbag.com\/?s={search_term_string}\"},\"query-input\":\"required name=search_term_string\"}],\"inLanguage\":\"fr-FR\"},{\"@type\":\"Organization\",\"@id\":\"https:\/\/www.nanwangpaperbag.com\/#organization\",\"name\":\"Nanwang Pack\",\"url\":\"https:\/\/www.nanwangpaperbag.com\/\",\"logo\":{\"@type\":\"ImageObject\",\"inLanguage\":\"fr-FR\",\"@id\":\"https:\/\/www.nanwangpaperbag.com\/#\/schema\/logo\/image\/\",\"url\":\"https:\/\/www.nanwangpaperbag.com\/wp-content\/uploads\/2025\/03\/logo2.webp\",\"contentUrl\":\"https:\/\/www.nanwangpaperbag.com\/wp-content\/uploads\/2025\/03\/logo2.webp\",\"width\":433,\"height\":407,\"caption\":\"Nanwang Pack\"},\"image\":{\"@id\":\"https:\/\/www.nanwangpaperbag.com\/#\/schema\/logo\/image\/\"},\"sameAs\":[\"https:\/\/www.facebook.com\/NanwangPaperBag\",\"https:\/\/x.com\/NanwangPack\",\"https:\/\/www.linkedin.com\/company\/nanwang-paper-bag\/\",\"https:\/\/www.youtube.com\/@NanwangPaperBag\",\"https:\/\/www.tiktok.com\/@nanwangpaperbag\"]}]}<\/script>\n<!-- \/ Yoast SEO plugin. -->","yoast_head_json":{"title":"Popular Die Cut Paper Bag - Nanwang Paper Packaging","description":"Popular Die Cut Paper Bag - Nanwang Paper Packaging , we supply Luxury Paper Bags, Shopping Paper Bag, Paper Carry Bag, Delivery Bag for you with good price.","robots":{"index":"index","follow":"follow","max-snippet":"max-snippet:-1","max-image-preview":"max-image-preview:large","max-video-preview":"max-video-preview:-1"},"canonical":"https:\/\/www.nanwangpaperbag.com\/fr\/produit\/sac-en-papier-decoupe-populaire\/","og_locale":"fr_FR","og_type":"article","og_title":"Popular Die Cut Paper Bag - Nanwang Paper Packaging","og_description":"Popular Die Cut Paper Bag - Nanwang Paper Packaging , we supply Luxury Paper Bags, Shopping Paper Bag, Paper Carry Bag, Delivery Bag for you with good price.","og_url":"https:\/\/www.nanwangpaperbag.com\/fr\/produit\/sac-en-papier-decoupe-populaire\/","og_site_name":"Nanwang Paper Packaging","article_publisher":"https:\/\/www.facebook.com\/NanwangPaperBag","article_modified_time":"2025-05-15T02:48:15+00:00","og_image":[{"width":800,"height":800,"url":"https:\/\/www.nanwangpaperbag.com\/wp-content\/uploads\/2025\/04\/Popular-Die-Cut-Paper-Bag-1.webp","type":"image\/webp"}],"twitter_card":"summary_large_image","twitter_site":"@NanwangPack","twitter_misc":{"Dur\u00e9e de lecture estim\u00e9e":"3 minutes"},"schema":{"@context":"https:\/\/schema.org","@graph":[{"@type":"WebPage","@id":"https:\/\/www.nanwangpaperbag.com\/product\/popular-die-cut-paper-bag\/","url":"https:\/\/www.nanwangpaperbag.com\/product\/popular-die-cut-paper-bag\/","name":"Popular Die Cut Paper Bag - Nanwang Paper Packaging","isPartOf":{"@id":"https:\/\/www.nanwangpaperbag.com\/#website"},"primaryImageOfPage":{"@id":"https:\/\/www.nanwangpaperbag.com\/product\/popular-die-cut-paper-bag\/#primaryimage"},"image":{"@id":"https:\/\/www.nanwangpaperbag.com\/product\/popular-die-cut-paper-bag\/#primaryimage"},"thumbnailUrl":"https:\/\/www.nanwangpaperbag.com\/wp-content\/uploads\/2025\/04\/Popular-Die-Cut-Paper-Bag-1.webp","datePublished":"2025-04-16T07:21:24+00:00","dateModified":"2025-05-15T02:48:15+00:00","description":"Popular Die Cut Paper Bag - Nanwang Paper Packaging , we supply Luxury Paper Bags, Shopping Paper Bag, Paper Carry Bag, Delivery Bag for you with good price.","breadcrumb":{"@id":"https:\/\/www.nanwangpaperbag.com\/product\/popular-die-cut-paper-bag\/#breadcrumb"},"inLanguage":"fr-FR","potentialAction":[{"@type":"ReadAction","target":["https:\/\/www.nanwangpaperbag.com\/product\/popular-die-cut-paper-bag\/"]}]},{"@type":"ImageObject","inLanguage":"fr-FR","@id":"https:\/\/www.nanwangpaperbag.com\/product\/popular-die-cut-paper-bag\/#primaryimage","url":"https:\/\/www.nanwangpaperbag.com\/wp-content\/uploads\/2025\/04\/Popular-Die-Cut-Paper-Bag-1.webp","contentUrl":"https:\/\/www.nanwangpaperbag.com\/wp-content\/uploads\/2025\/04\/Popular-Die-Cut-Paper-Bag-1.webp","width":800,"height":800,"caption":"Popular Die Cut Paper Bag"},{"@type":"BreadcrumbList","@id":"https:\/\/www.nanwangpaperbag.com\/product\/popular-die-cut-paper-bag\/#breadcrumb","itemListElement":[{"@type":"ListItem","position":1,"name":"Home","item":"https:\/\/www.nanwangpaperbag.com\/"},{"@type":"ListItem","position":2,"name":"Productos","item":"https:\/\/www.nanwangpaperbag.com\/es\/shop\/"},{"@type":"ListItem","position":3,"name":"Popular Die Cut Paper Bag"}]},{"@type":"WebSite","@id":"https:\/\/www.nanwangpaperbag.com\/#website","url":"https:\/\/www.nanwangpaperbag.com\/","name":"Nanwang Paper Packaging","description":"","publisher":{"@id":"https:\/\/www.nanwangpaperbag.com\/#organization"},"potentialAction":[{"@type":"SearchAction","target":{"@type":"EntryPoint","urlTemplate":"https:\/\/www.nanwangpaperbag.com\/?s={search_term_string}"},"query-input":"required name=search_term_string"}],"inLanguage":"fr-FR"},{"@type":"Organization","@id":"https:\/\/www.nanwangpaperbag.com\/#organization","name":"Nanwang Pack","url":"https:\/\/www.nanwangpaperbag.com\/","logo":{"@type":"ImageObject","inLanguage":"fr-FR","@id":"https:\/\/www.nanwangpaperbag.com\/#\/schema\/logo\/image\/","url":"https:\/\/www.nanwangpaperbag.com\/wp-content\/uploads\/2025\/03\/logo2.webp","contentUrl":"https:\/\/www.nanwangpaperbag.com\/wp-content\/uploads\/2025\/03\/logo2.webp","width":433,"height":407,"caption":"Nanwang Pack"},"image":{"@id":"https:\/\/www.nanwangpaperbag.com\/#\/schema\/logo\/image\/"},"sameAs":["https:\/\/www.facebook.com\/NanwangPaperBag","https:\/\/x.com\/NanwangPack","https:\/\/www.linkedin.com\/company\/nanwang-paper-bag\/","https:\/\/www.youtube.com\/@NanwangPaperBag","https:\/\/www.tiktok.com\/@nanwangpaperbag"]}]}},"_links":{"self":[{"href":"https:\/\/www.nanwangpaperbag.com\/fr\/wp-json\/wp\/v2\/product\/12272"}],"collection":[{"href":"https:\/\/www.nanwangpaperbag.com\/fr\/wp-json\/wp\/v2\/product"}],"about":[{"href":"https:\/\/www.nanwangpaperbag.com\/fr\/wp-json\/wp\/v2\/types\/product"}],"replies":[{"embeddable":true,"href":"https:\/\/www.nanwangpaperbag.com\/fr\/wp-json\/wp\/v2\/comments?post=12272"}],"wp:featuredmedia":[{"embeddable":true,"href":"https:\/\/www.nanwangpaperbag.com\/fr\/wp-json\/wp\/v2\/media\/12282"}],"wp:attachment":[{"href":"https:\/\/www.nanwangpaperbag.com\/fr\/wp-json\/wp\/v2\/media?parent=12272"}],"wp:term":[{"taxonomy":"product_cat","embeddable":true,"href":"https:\/\/www.nanwangpaperbag.com\/fr\/wp-json\/wp\/v2\/product_cat?post=12272"},{"taxonomy":"product_tag","embeddable":true,"href":"https:\/\/www.nanwangpaperbag.com\/fr\/wp-json\/wp\/v2\/product_tag?post=12272"}],"curies":[{"name":"wp","href":"https:\/\/api.w.org\/{rel}","templated":true}]}}