{"id":12335,"date":"2025-04-16T09:09:09","date_gmt":"2025-04-16T09:09:09","guid":{"rendered":"https:\/\/www.nanwangpaperbag.com\/?post_type=product&#038;p=12335"},"modified":"2025-04-16T09:29:58","modified_gmt":"2025-04-16T09:29:58","slug":"triangle-oil-proof-paper-bag","status":"publish","type":"product","link":"https:\/\/www.nanwangpaperbag.com\/fr\/produit\/triangle-oil-proof-paper-bag\/","title":{"rendered":"Sac en papier Triangle r\u00e9sistant \u00e0 l'huile"},"content":{"rendered":"<p>Le sac en papier Triangle Oil Proof, disponible en gros, est con\u00e7u pour un emballage efficace, en particulier pour les produits huileux ou gras. Sa forme triangulaire unique assure la stabilit\u00e9 et am\u00e9liore l'espace de stockage, ce qui le rend id\u00e9al pour une grande vari\u00e9t\u00e9 d'articles. Fabriqu\u00e9 \u00e0 partir de mat\u00e9riaux de haute qualit\u00e9 r\u00e9sistants \u00e0 l'huile, ce sac en papier de gros emp\u00eache efficacement la graisse de s'infiltrer, garantissant ainsi la fra\u00eecheur et l'int\u00e9grit\u00e9 du contenu. En outre, sa construction \u00e9cologique est conforme aux objectifs de d\u00e9veloppement durable, puisqu'il est \u00e0 la fois recyclable et biod\u00e9gradable. Parfait pour la restauration, le commerce de d\u00e9tail, etc. <a href=\"https:\/\/www.nanwangpaperbag.com\/fr\/category\/food-grade-paper-bag\/\"><strong>Sac en papier en gros<\/strong><\/a> allie fonctionnalit\u00e9 et responsabilit\u00e9 environnementale.<\/p>\n<p><img loading=\"lazy\" decoding=\"async\" class=\"wp-image-12341 aligncenter\" data-src=\"https:\/\/www.nanwangpaperbag.com\/wp-content\/uploads\/2025\/04\/Triangle-Oil-Proof-Paper-Bag-2.webp\" alt=\"Sac en papier Triangle r\u00e9sistant \u00e0 l&#039;huile\" width=\"396\" height=\"396\" \/><\/p>\n<h2>Tailles standard NanWang<\/h2>\n<table class=\"tg\" style=\"border-collapse: collapse; border-spacing: 0;\">\n<thead>\n<tr>\n<th style=\"font-family: Arial, sans-serif; font-size: 14px; font-weight: normal; overflow: hidden; padding: 10px 5px; text-align: center; vertical-align: top; word-break: normal; border: 1px solid black;\">Code Ltem<\/th>\n<th style=\"font-family: Arial, sans-serif; font-size: 14px; font-weight: normal; overflow: hidden; padding: 10px 5px; text-align: center; vertical-align: top; word-break: normal; border: 1px solid black;\">Dimensions du sac (mm)<br \/>\n( Largeur x Hauteur x Soufflet )<\/th>\n<th style=\"font-family: Arial, sans-serif; font-size: 14px; font-weight: normal; overflow: hidden; padding: 10px 5px; text-align: center; vertical-align: top; word-break: normal; border: 1px solid black;\">Dimensions du sac (pouces)<br \/>\n( Largeur x Hauteur x Soufflet )<\/th>\n<th style=\"font-family: Arial, sans-serif; font-size: 14px; font-weight: normal; overflow: hidden; padding: 10px 5px; text-align: center; vertical-align: top; word-break: normal; border: 1px solid black;\">Plain MOQ<br \/>\n(pcs)<\/th>\n<th style=\"font-family: Arial, sans-serif; font-size: 14px; font-weight: normal; overflow: hidden; padding: 10px 5px; text-align: center; vertical-align: top; word-break: normal; border: 1px solid black;\">Imprim\u00e9 MOQ<br \/>\n(pcs)<\/th>\n<\/tr>\n<\/thead>\n<tbody>\n<tr>\n<td style=\"font-family: Arial, sans-serif; font-size: 14px; overflow: hidden; padding: 10px 5px; text-align: center; vertical-align: top; word-break: normal; border: 1px solid black;\">NWP70NA<\/td>\n<td style=\"font-family: Arial, sans-serif; font-size: 14px; overflow: hidden; padding: 10px 5px; text-align: center; vertical-align: top; word-break: normal; border: 1px solid black;\">70x160x40mm<\/td>\n<td style=\"font-family: Arial, sans-serif; font-size: 14px; overflow: hidden; padding: 10px 5px; text-align: center; vertical-align: top; word-break: normal; border: 1px solid black;\">2.75\u2033x6.3\u2033x1.57\u2033<\/td>\n<td style=\"font-family: Arial, sans-serif; font-size: 14px; overflow: hidden; padding: 10px 5px; text-align: center; vertical-align: top; word-break: normal; border: 1px solid black;\">100000<\/td>\n<td style=\"font-family: Arial, sans-serif; font-size: 14px; overflow: hidden; padding: 10px 5px; text-align: center; vertical-align: top; word-break: normal; border: 1px solid black;\">100000<\/td>\n<\/tr>\n<tr>\n<td style=\"font-family: Arial, sans-serif; font-size: 14px; overflow: hidden; padding: 10px 5px; text-align: center; vertical-align: top; word-break: normal; border: 1px solid black;\">NWP86NA<\/td>\n<td style=\"font-family: Arial, sans-serif; font-size: 14px; overflow: hidden; padding: 10px 5px; text-align: center; vertical-align: top; word-break: normal; border: 1px solid black;\">86x260x51mm<\/td>\n<td style=\"font-family: Arial, sans-serif; font-size: 14px; overflow: hidden; padding: 10px 5px; text-align: center; vertical-align: top; word-break: normal; border: 1px solid black;\">3.38\u2033x10.23\u2033x2\u2033<\/td>\n<td style=\"font-family: Arial, sans-serif; font-size: 14px; overflow: hidden; padding: 10px 5px; text-align: center; vertical-align: top; word-break: normal; border: 1px solid black;\">100000<\/td>\n<td style=\"font-family: Arial, sans-serif; font-size: 14px; overflow: hidden; padding: 10px 5px; text-align: center; vertical-align: top; word-break: normal; border: 1px solid black;\">100000<\/td>\n<\/tr>\n<tr>\n<td style=\"font-family: Arial, sans-serif; font-size: 14px; overflow: hidden; padding: 10px 5px; text-align: center; vertical-align: top; word-break: normal; border: 1px solid black;\">NWP110NA<\/td>\n<td style=\"font-family: Arial, sans-serif; font-size: 14px; overflow: hidden; padding: 10px 5px; text-align: center; vertical-align: top; word-break: normal; border: 1px solid black;\">110x160x44mm<\/td>\n<td style=\"font-family: Arial, sans-serif; font-size: 14px; overflow: hidden; padding: 10px 5px; text-align: center; vertical-align: top; word-break: normal; border: 1px solid black;\">4.33\u2033x6.3\u2033x1.73\u2033<\/td>\n<td style=\"font-family: Arial, sans-serif; font-size: 14px; overflow: hidden; padding: 10px 5px; text-align: center; vertical-align: top; word-break: normal; border: 1px solid black;\">100000<\/td>\n<td style=\"font-family: Arial, sans-serif; font-size: 14px; overflow: hidden; padding: 10px 5px; text-align: center; vertical-align: top; word-break: normal; border: 1px solid black;\">100000<\/td>\n<\/tr>\n<tr>\n<td style=\"font-family: Arial, sans-serif; font-size: 14px; overflow: hidden; padding: 10px 5px; text-align: center; vertical-align: top; word-break: normal; border: 1px solid black;\">NWP118NA<\/td>\n<td style=\"font-family: Arial, sans-serif; font-size: 14px; overflow: hidden; padding: 10px 5px; text-align: center; vertical-align: top; word-break: normal; border: 1px solid black;\">118x102mm<\/td>\n<td style=\"font-family: Arial, sans-serif; font-size: 14px; overflow: hidden; padding: 10px 5px; text-align: center; vertical-align: top; word-break: normal; border: 1px solid black;\">4.65\u2033x4\u2033<\/td>\n<td style=\"font-family: Arial, sans-serif; font-size: 14px; overflow: hidden; padding: 10px 5px; text-align: center; vertical-align: top; word-break: normal; border: 1px solid black;\">100000<\/td>\n<td style=\"font-family: Arial, sans-serif; font-size: 14px; overflow: hidden; padding: 10px 5px; text-align: center; vertical-align: top; word-break: normal; border: 1px solid black;\">100000<\/td>\n<\/tr>\n<\/tbody>\n<\/table>\n<p>&nbsp;<\/p>\n<h2>MAT\u00c9RIAU STANDARD RECOMMANDER<\/h2>\n<p>\u25cf Papier kraft blanc 40\/45\/50\/60\/70\/80GSM<br \/>\n\u25cf Papier kraft brun vierge 45\/50\/60\/65\/80GSM<\/p>\n<h2>Caract\u00e9ristiques<\/h2>\n<ul>\n<li class=\"\" data-start=\"156\" data-end=\"373\">\n<p class=\"\" data-start=\"159\" data-end=\"373\"><strong data-start=\"159\" data-end=\"188\">R\u00e9sistance \u00e0 l'huile<\/strong><br data-start=\"188\" data-end=\"191\" \/>Fabriqu\u00e9 \u00e0 partir de mat\u00e9riaux de haute qualit\u00e9 r\u00e9sistants \u00e0 l'huile, le papier Triangle Oil Proof Paper <a href=\"https:\/\/www.nanwangpaperbag.com\/fr\/category\/food-grade-paper-bag\/pinch-bottom-bag\/\"><strong>Sac \u00e0 fond pinc\u00e9<\/strong><\/a> emp\u00eache efficacement la graisse de s'infiltrer, ce qui permet de conserver la fra\u00eecheur et l'hygi\u00e8ne du contenu.<\/p>\n<\/li>\n<li class=\"\" data-start=\"374\" data-end=\"544\">\n<p class=\"\" data-start=\"377\" data-end=\"544\"><strong data-start=\"377\" data-end=\"393\">Forme unique<\/strong><br data-start=\"393\" data-end=\"396\" \/>Sa conception triangulaire Pinch Bottom offre une stabilit\u00e9 et un espace de stockage accrus, ce qui le rend id\u00e9al pour une vari\u00e9t\u00e9 de besoins en mati\u00e8re d'emballage de produits alimentaires et de produits.<\/p>\n<\/li>\n<li class=\"\" data-start=\"545\" data-end=\"725\">\n<p class=\"\" data-start=\"548\" data-end=\"725\"><strong data-start=\"548\" data-end=\"574\">Mat\u00e9riaux respectueux de l'environnement<\/strong><br data-start=\"574\" data-end=\"577\" \/>Fabriqu\u00e9 \u00e0 partir de mat\u00e9riaux recyclables et biod\u00e9gradables, ce sac Pinch Bottom r\u00e9pond aux normes de durabilit\u00e9 et contribue \u00e0 minimiser l'impact sur l'environnement.<\/p>\n<\/li>\n<li class=\"\" data-start=\"726\" data-end=\"883\">\n<p class=\"\" data-start=\"729\" data-end=\"883\"><strong data-start=\"729\" data-end=\"744\">Commodit\u00e9<\/strong><br data-start=\"744\" data-end=\"747\" \/>Facile \u00e0 ouvrir et \u00e0 remplir, les utilisateurs peuvent rapidement emballer des produits sans avoir besoin d'un scellage suppl\u00e9mentaire, ce qui am\u00e9liore l'exp\u00e9rience globale de l'utilisateur.<\/p>\n<\/li>\n<li class=\"\" data-start=\"884\" data-end=\"1048\">\n<p class=\"\" data-start=\"887\" data-end=\"1048\"><strong data-start=\"887\" data-end=\"912\">Options de personnalisation<\/strong><br data-start=\"912\" data-end=\"915\" \/>L'impression et l'\u00e9tiquetage personnalis\u00e9s sont disponibles pour mettre en valeur la marque et les informations sur les produits, afin d'accro\u00eetre la visibilit\u00e9 et la reconnaissance de la marque.<\/p>\n<\/li>\n<\/ul>\n<h2>FAQ<\/h2>\n<p>Q1 : Quels sont les modes de transport adopt\u00e9s par votre entreprise ?<br \/>\nR : Nous envoyons g\u00e9n\u00e9ralement les marchandises par voie terrestre, express, a\u00e9rienne et maritime.<\/p>\n<p>Q2 : Peut-il communiquer avec des \u00e9quipements de s\u00e9curit\u00e9 d'autres marques par radio bidirectionnelle ?<br \/>\nR : Oui, ils peuvent communiquer lorsqu'ils sont sur la m\u00eame fr\u00e9quence.<\/p>\n<p>Q3 : Puis-je acheter des produits en papier avec mon propre logo ?<br \/>\nR : Oui, vous pouvez personnaliser le logo, mais vous devez fournir le document d'autorisation de la marque.<\/p>\n<p>Q4 : Si je commande l'emballage papier, quel est le d\u00e9lai de livraison ?<br \/>\nR : Cela d\u00e9pend de la quantit\u00e9 command\u00e9e. Normalement, le d\u00e9lai de production est d'environ 45-60 jours apr\u00e8s la qualification de l'\u00e9chantillon de la premi\u00e8re commande et la r\u00e9ception de l'acompte 30%, et de 30-45 jours apr\u00e8s la r\u00e9ception de la commande de retour.<\/p>\n<p>Q5 : Quelle est la dur\u00e9e de conservation ?<br \/>\nR : Normalement, la dur\u00e9e de conservation du produit est de 2 ans.<\/p>","protected":false},"excerpt":{"rendered":"<p>Lip\uff1a10-20mm<br \/>\nMaterial: kraft paper<br \/>\nSize: customized<br \/>\nGusset: No<br \/>\nHandle\uff1awithout handle<br \/>\nUse\uff1aBread, Popcorn, Snacks, Candy, Chips, Chocolate, Sandwiches, Etc.<\/p>","protected":false},"featured_media":12340,"comment_status":"open","ping_status":"closed","template":"","meta":{"_et_pb_use_builder":"","_et_pb_old_content":"","_et_gb_content_width":""},"product_cat":[280,282],"product_tag":[336,305],"yoast_head":"<!-- This site is optimized with the Yoast SEO plugin v22.7 - https:\/\/yoast.com\/wordpress\/plugins\/seo\/ -->\n<title>Triangle Oil Proof Paper Bag - Nanwang Paper Packaging<\/title>\n<meta name=\"description\" content=\"Triangle Oil Proof Paper Bag - Nanwang Paper Packaging , we supply Luxury Paper Bags, Shopping Paper Bag, Paper Carry Bag, Delivery Bag for you with good price.\" \/>\n<meta name=\"robots\" content=\"index, follow, max-snippet:-1, max-image-preview:large, max-video-preview:-1\" \/>\n<link rel=\"canonical\" href=\"https:\/\/www.nanwangpaperbag.com\/fr\/produit\/triangle-oil-proof-paper-bag\/\" \/>\n<meta property=\"og:locale\" content=\"fr_FR\" \/>\n<meta property=\"og:type\" content=\"article\" \/>\n<meta property=\"og:title\" content=\"Triangle Oil Proof Paper Bag - Nanwang Paper Packaging\" \/>\n<meta property=\"og:description\" content=\"Triangle Oil Proof Paper Bag - Nanwang Paper Packaging , we supply Luxury Paper Bags, Shopping Paper Bag, Paper Carry Bag, Delivery Bag for you with good price.\" \/>\n<meta property=\"og:url\" content=\"https:\/\/www.nanwangpaperbag.com\/fr\/produit\/triangle-oil-proof-paper-bag\/\" \/>\n<meta property=\"og:site_name\" content=\"Nanwang Paper Packaging\" \/>\n<meta property=\"article:publisher\" content=\"https:\/\/www.facebook.com\/NanwangPaperBag\" \/>\n<meta property=\"article:modified_time\" content=\"2025-04-16T09:29:58+00:00\" \/>\n<meta property=\"og:image\" content=\"https:\/\/www.nanwangpaperbag.com\/wp-content\/uploads\/2025\/04\/Triangle-Oil-Proof-Paper-Bag-1.webp\" \/>\n\t<meta property=\"og:image:width\" content=\"800\" \/>\n\t<meta property=\"og:image:height\" content=\"800\" \/>\n\t<meta property=\"og:image:type\" content=\"image\/webp\" \/>\n<meta name=\"twitter:card\" content=\"summary_large_image\" \/>\n<meta name=\"twitter:site\" content=\"@NanwangPack\" \/>\n<meta name=\"twitter:label1\" content=\"Dur\u00e9e de lecture estim\u00e9e\" \/>\n\t<meta name=\"twitter:data1\" content=\"3 minutes\" \/>\n<script type=\"application\/ld+json\" class=\"yoast-schema-graph\">{\"@context\":\"https:\/\/schema.org\",\"@graph\":[{\"@type\":\"WebPage\",\"@id\":\"https:\/\/www.nanwangpaperbag.com\/product\/triangle-oil-proof-paper-bag\/\",\"url\":\"https:\/\/www.nanwangpaperbag.com\/product\/triangle-oil-proof-paper-bag\/\",\"name\":\"Triangle Oil Proof Paper Bag - Nanwang Paper Packaging\",\"isPartOf\":{\"@id\":\"https:\/\/www.nanwangpaperbag.com\/#website\"},\"primaryImageOfPage\":{\"@id\":\"https:\/\/www.nanwangpaperbag.com\/product\/triangle-oil-proof-paper-bag\/#primaryimage\"},\"image\":{\"@id\":\"https:\/\/www.nanwangpaperbag.com\/product\/triangle-oil-proof-paper-bag\/#primaryimage\"},\"thumbnailUrl\":\"https:\/\/www.nanwangpaperbag.com\/wp-content\/uploads\/2025\/04\/Triangle-Oil-Proof-Paper-Bag-1.webp\",\"datePublished\":\"2025-04-16T09:09:09+00:00\",\"dateModified\":\"2025-04-16T09:29:58+00:00\",\"description\":\"Triangle Oil Proof Paper Bag - Nanwang Paper Packaging , we supply Luxury Paper Bags, Shopping Paper Bag, Paper Carry Bag, Delivery Bag for you with good price.\",\"breadcrumb\":{\"@id\":\"https:\/\/www.nanwangpaperbag.com\/product\/triangle-oil-proof-paper-bag\/#breadcrumb\"},\"inLanguage\":\"fr-FR\",\"potentialAction\":[{\"@type\":\"ReadAction\",\"target\":[\"https:\/\/www.nanwangpaperbag.com\/product\/triangle-oil-proof-paper-bag\/\"]}]},{\"@type\":\"ImageObject\",\"inLanguage\":\"fr-FR\",\"@id\":\"https:\/\/www.nanwangpaperbag.com\/product\/triangle-oil-proof-paper-bag\/#primaryimage\",\"url\":\"https:\/\/www.nanwangpaperbag.com\/wp-content\/uploads\/2025\/04\/Triangle-Oil-Proof-Paper-Bag-1.webp\",\"contentUrl\":\"https:\/\/www.nanwangpaperbag.com\/wp-content\/uploads\/2025\/04\/Triangle-Oil-Proof-Paper-Bag-1.webp\",\"width\":800,\"height\":800,\"caption\":\"Triangle Oil Proof Paper Bag\"},{\"@type\":\"BreadcrumbList\",\"@id\":\"https:\/\/www.nanwangpaperbag.com\/product\/triangle-oil-proof-paper-bag\/#breadcrumb\",\"itemListElement\":[{\"@type\":\"ListItem\",\"position\":1,\"name\":\"Home\",\"item\":\"https:\/\/www.nanwangpaperbag.com\/\"},{\"@type\":\"ListItem\",\"position\":2,\"name\":\"Productos\",\"item\":\"https:\/\/www.nanwangpaperbag.com\/es\/shop\/\"},{\"@type\":\"ListItem\",\"position\":3,\"name\":\"Triangle Oil Proof Paper Bag\"}]},{\"@type\":\"WebSite\",\"@id\":\"https:\/\/www.nanwangpaperbag.com\/#website\",\"url\":\"https:\/\/www.nanwangpaperbag.com\/\",\"name\":\"Nanwang Paper Packaging\",\"description\":\"\",\"publisher\":{\"@id\":\"https:\/\/www.nanwangpaperbag.com\/#organization\"},\"potentialAction\":[{\"@type\":\"SearchAction\",\"target\":{\"@type\":\"EntryPoint\",\"urlTemplate\":\"https:\/\/www.nanwangpaperbag.com\/?s={search_term_string}\"},\"query-input\":\"required name=search_term_string\"}],\"inLanguage\":\"fr-FR\"},{\"@type\":\"Organization\",\"@id\":\"https:\/\/www.nanwangpaperbag.com\/#organization\",\"name\":\"Nanwang Pack\",\"url\":\"https:\/\/www.nanwangpaperbag.com\/\",\"logo\":{\"@type\":\"ImageObject\",\"inLanguage\":\"fr-FR\",\"@id\":\"https:\/\/www.nanwangpaperbag.com\/#\/schema\/logo\/image\/\",\"url\":\"https:\/\/www.nanwangpaperbag.com\/wp-content\/uploads\/2025\/03\/logo2.webp\",\"contentUrl\":\"https:\/\/www.nanwangpaperbag.com\/wp-content\/uploads\/2025\/03\/logo2.webp\",\"width\":433,\"height\":407,\"caption\":\"Nanwang Pack\"},\"image\":{\"@id\":\"https:\/\/www.nanwangpaperbag.com\/#\/schema\/logo\/image\/\"},\"sameAs\":[\"https:\/\/www.facebook.com\/NanwangPaperBag\",\"https:\/\/x.com\/NanwangPack\",\"https:\/\/www.linkedin.com\/company\/nanwang-paper-bag\/\",\"https:\/\/www.youtube.com\/@NanwangPaperBag\",\"https:\/\/www.tiktok.com\/@nanwangpaperbag\"]}]}<\/script>\n<!-- \/ Yoast SEO plugin. -->","yoast_head_json":{"title":"Triangle Oil Proof Paper Bag - Nanwang Paper Packaging","description":"Triangle Oil Proof Paper Bag - Nanwang Paper Packaging , we supply Luxury Paper Bags, Shopping Paper Bag, Paper Carry Bag, Delivery Bag for you with good price.","robots":{"index":"index","follow":"follow","max-snippet":"max-snippet:-1","max-image-preview":"max-image-preview:large","max-video-preview":"max-video-preview:-1"},"canonical":"https:\/\/www.nanwangpaperbag.com\/fr\/produit\/triangle-oil-proof-paper-bag\/","og_locale":"fr_FR","og_type":"article","og_title":"Triangle Oil Proof Paper Bag - Nanwang Paper Packaging","og_description":"Triangle Oil Proof Paper Bag - Nanwang Paper Packaging , we supply Luxury Paper Bags, Shopping Paper Bag, Paper Carry Bag, Delivery Bag for you with good price.","og_url":"https:\/\/www.nanwangpaperbag.com\/fr\/produit\/triangle-oil-proof-paper-bag\/","og_site_name":"Nanwang Paper Packaging","article_publisher":"https:\/\/www.facebook.com\/NanwangPaperBag","article_modified_time":"2025-04-16T09:29:58+00:00","og_image":[{"width":800,"height":800,"url":"https:\/\/www.nanwangpaperbag.com\/wp-content\/uploads\/2025\/04\/Triangle-Oil-Proof-Paper-Bag-1.webp","type":"image\/webp"}],"twitter_card":"summary_large_image","twitter_site":"@NanwangPack","twitter_misc":{"Dur\u00e9e de lecture estim\u00e9e":"3 minutes"},"schema":{"@context":"https:\/\/schema.org","@graph":[{"@type":"WebPage","@id":"https:\/\/www.nanwangpaperbag.com\/product\/triangle-oil-proof-paper-bag\/","url":"https:\/\/www.nanwangpaperbag.com\/product\/triangle-oil-proof-paper-bag\/","name":"Triangle Oil Proof Paper Bag - Nanwang Paper Packaging","isPartOf":{"@id":"https:\/\/www.nanwangpaperbag.com\/#website"},"primaryImageOfPage":{"@id":"https:\/\/www.nanwangpaperbag.com\/product\/triangle-oil-proof-paper-bag\/#primaryimage"},"image":{"@id":"https:\/\/www.nanwangpaperbag.com\/product\/triangle-oil-proof-paper-bag\/#primaryimage"},"thumbnailUrl":"https:\/\/www.nanwangpaperbag.com\/wp-content\/uploads\/2025\/04\/Triangle-Oil-Proof-Paper-Bag-1.webp","datePublished":"2025-04-16T09:09:09+00:00","dateModified":"2025-04-16T09:29:58+00:00","description":"Triangle Oil Proof Paper Bag - Nanwang Paper Packaging , we supply Luxury Paper Bags, Shopping Paper Bag, Paper Carry Bag, Delivery Bag for you with good price.","breadcrumb":{"@id":"https:\/\/www.nanwangpaperbag.com\/product\/triangle-oil-proof-paper-bag\/#breadcrumb"},"inLanguage":"fr-FR","potentialAction":[{"@type":"ReadAction","target":["https:\/\/www.nanwangpaperbag.com\/product\/triangle-oil-proof-paper-bag\/"]}]},{"@type":"ImageObject","inLanguage":"fr-FR","@id":"https:\/\/www.nanwangpaperbag.com\/product\/triangle-oil-proof-paper-bag\/#primaryimage","url":"https:\/\/www.nanwangpaperbag.com\/wp-content\/uploads\/2025\/04\/Triangle-Oil-Proof-Paper-Bag-1.webp","contentUrl":"https:\/\/www.nanwangpaperbag.com\/wp-content\/uploads\/2025\/04\/Triangle-Oil-Proof-Paper-Bag-1.webp","width":800,"height":800,"caption":"Triangle Oil Proof Paper Bag"},{"@type":"BreadcrumbList","@id":"https:\/\/www.nanwangpaperbag.com\/product\/triangle-oil-proof-paper-bag\/#breadcrumb","itemListElement":[{"@type":"ListItem","position":1,"name":"Home","item":"https:\/\/www.nanwangpaperbag.com\/"},{"@type":"ListItem","position":2,"name":"Productos","item":"https:\/\/www.nanwangpaperbag.com\/es\/shop\/"},{"@type":"ListItem","position":3,"name":"Triangle Oil Proof Paper Bag"}]},{"@type":"WebSite","@id":"https:\/\/www.nanwangpaperbag.com\/#website","url":"https:\/\/www.nanwangpaperbag.com\/","name":"Nanwang Paper Packaging","description":"","publisher":{"@id":"https:\/\/www.nanwangpaperbag.com\/#organization"},"potentialAction":[{"@type":"SearchAction","target":{"@type":"EntryPoint","urlTemplate":"https:\/\/www.nanwangpaperbag.com\/?s={search_term_string}"},"query-input":"required name=search_term_string"}],"inLanguage":"fr-FR"},{"@type":"Organization","@id":"https:\/\/www.nanwangpaperbag.com\/#organization","name":"Nanwang Pack","url":"https:\/\/www.nanwangpaperbag.com\/","logo":{"@type":"ImageObject","inLanguage":"fr-FR","@id":"https:\/\/www.nanwangpaperbag.com\/#\/schema\/logo\/image\/","url":"https:\/\/www.nanwangpaperbag.com\/wp-content\/uploads\/2025\/03\/logo2.webp","contentUrl":"https:\/\/www.nanwangpaperbag.com\/wp-content\/uploads\/2025\/03\/logo2.webp","width":433,"height":407,"caption":"Nanwang Pack"},"image":{"@id":"https:\/\/www.nanwangpaperbag.com\/#\/schema\/logo\/image\/"},"sameAs":["https:\/\/www.facebook.com\/NanwangPaperBag","https:\/\/x.com\/NanwangPack","https:\/\/www.linkedin.com\/company\/nanwang-paper-bag\/","https:\/\/www.youtube.com\/@NanwangPaperBag","https:\/\/www.tiktok.com\/@nanwangpaperbag"]}]}},"_links":{"self":[{"href":"https:\/\/www.nanwangpaperbag.com\/fr\/wp-json\/wp\/v2\/product\/12335"}],"collection":[{"href":"https:\/\/www.nanwangpaperbag.com\/fr\/wp-json\/wp\/v2\/product"}],"about":[{"href":"https:\/\/www.nanwangpaperbag.com\/fr\/wp-json\/wp\/v2\/types\/product"}],"replies":[{"embeddable":true,"href":"https:\/\/www.nanwangpaperbag.com\/fr\/wp-json\/wp\/v2\/comments?post=12335"}],"wp:featuredmedia":[{"embeddable":true,"href":"https:\/\/www.nanwangpaperbag.com\/fr\/wp-json\/wp\/v2\/media\/12340"}],"wp:attachment":[{"href":"https:\/\/www.nanwangpaperbag.com\/fr\/wp-json\/wp\/v2\/media?parent=12335"}],"wp:term":[{"taxonomy":"product_cat","embeddable":true,"href":"https:\/\/www.nanwangpaperbag.com\/fr\/wp-json\/wp\/v2\/product_cat?post=12335"},{"taxonomy":"product_tag","embeddable":true,"href":"https:\/\/www.nanwangpaperbag.com\/fr\/wp-json\/wp\/v2\/product_tag?post=12335"}],"curies":[{"name":"wp","href":"https:\/\/api.w.org\/{rel}","templated":true}]}}