{"id":12359,"date":"2025-04-16T09:48:03","date_gmt":"2025-04-16T09:48:03","guid":{"rendered":"https:\/\/www.nanwangpaperbag.com\/?post_type=product&#038;p=12359"},"modified":"2025-05-14T06:48:48","modified_gmt":"2025-05-14T06:48:48","slug":"eco-friendly-paper-straw","status":"publish","type":"product","link":"https:\/\/www.nanwangpaperbag.com\/fr\/produit\/paille-en-papier-ecologique\/","title":{"rendered":"Paille en papier \u00e9cologique"},"content":{"rendered":"<p><a href=\"https:\/\/www.nanwangpaperbag.com\/fr\/produit\/paille-en-papier-ecologique\/\"><strong>Paille en papier \u00e9cologique<\/strong><\/a> est fabriqu\u00e9 en papier kraft, qui est \u00e9cologique, jetable, recyclable et biod\u00e9gradable. Il est meilleur pour l'environnement que le plastique. Il peut r\u00e9sister \u00e0 des temp\u00e9ratures \u00e9lev\u00e9es et rester longtemps dans la boisson. Elle convient donc aux boissons chaudes. La paille en papier est tr\u00e8s utilis\u00e9e dans les bars, les restaurants, les f\u00eates, les mariages, les anniversaires, les barbecues et les pique-niques.<\/p>\n<p><img loading=\"lazy\" decoding=\"async\" class=\"wp-image-12369 aligncenter\" data-src=\"https:\/\/www.nanwangpaperbag.com\/wp-content\/uploads\/2025\/04\/Paper-Straw_1.webp\" alt=\"Paille en papier \u00e9cologique\" width=\"437\" height=\"314\" \/><\/p>\n<h2>MAT\u00c9RIAU STANDARD RECOMMANDER<\/h2>\n<ul>\n<li>Le diam\u00e8tre est compris entre 6 et 12 mm.<\/li>\n<li>La longueur est comprise entre 120 mm et 240 mm.<\/li>\n<\/ul>\n<h2>Caract\u00e9ristiques<\/h2>\n<p>\u25cfDispoable<br \/>\n\u25cfPlain \/ Impression personnalis\u00e9e<br \/>\n\u25cfHot friendly<\/p>\n<h2>Pourquoi nous choisir ?<\/h2>\n<p>En tant qu'entreprise de haute technologie, NanWang dispose de nombreux experts techniques exp\u00e9riment\u00e9s dans le domaine de l'impression et de la fabrication de sacs et a mis en place une \u00e9quipe professionnelle de recherche et de d\u00e9veloppement pour se concentrer sur le d\u00e9veloppement de nouveaux produits et l'innovation dans le domaine de l'impression et de la fabrication de sacs. <a href=\"https:\/\/www.nanwangpaperbag.com\/fr\/category\/food-service-disposables\/\"><strong>produits jetables pour la restauration<\/strong><\/a> et l'emballage en vrac. Les mati\u00e8res premi\u00e8res, les produits semi-finis et les produits finis, y compris les produits jetables destin\u00e9s \u00e0 la restauration, sont dot\u00e9s d'un laboratoire professionnel et d'\u00e9quipements d'inspection modernes qui garantissent le respect de normes de qualit\u00e9 \u00e9lev\u00e9es.<\/p>\n<h2>FAQ<\/h2>\n<p>Q1. Comment \u00e9viter les retards ?<br \/>\nR : Nous esp\u00e9rons que vous pouvez nous donner des pr\u00e9visions et pr\u00e9parer les mat\u00e9riaux en premier lieu afin d'assurer la livraison.<\/p>\n<p>Q2 : Quels sont les points forts de NANWANG ?<br \/>\nR : Les emballages en papier, en particulier les sacs \u00e0 provisions.<\/p>\n<p>Q3. Quels sont vos principaux produits ?<br \/>\nR : Sacs en papier pour les achats, sacs en papier pour l'emballage alimentaire, bo\u00eetes pour l'emballage alimentaire et gobelets en papier.<\/p>\n<p>Q4. Quel est le meilleur prix que vous proposez ?<br \/>\nR:Le prix d\u00e9pend du mat\u00e9riel, de la quantit\u00e9, du design et du logo.Vous pouvez nous donner plus de d\u00e9tails pour que nous puissions vous donner un devis.mais nous nous assurons que nous pouvons vous donner le meilleur prix et la meilleure qualit\u00e9.<\/p>\n<p>Q5:Pouvez-vous nous aider \u00e0 concevoir ?<br \/>\nR:Oui, il vous suffit de nous faire part de votre id\u00e9e, nous vous conseillerons quelques articles de r\u00e9f\u00e9rence et nous vous aiderons \u00e0 concevoir le sac sp\u00e9cialement pour vous.<\/p>","protected":false},"excerpt":{"rendered":"<p>Item: Paper straw<br \/>\nSize: DIA6-12*12-24cm<br \/>\nCouleur : brun naturel, blanc<br \/>\nLogo: plain &amp; Customized logo<\/p>","protected":false},"featured_media":12370,"comment_status":"open","ping_status":"closed","template":"","meta":{"_et_pb_use_builder":"","_et_pb_old_content":"","_et_gb_content_width":""},"product_cat":[284,286],"product_tag":[340,315],"yoast_head":"<!-- This site is optimized with the Yoast SEO plugin v22.7 - https:\/\/yoast.com\/wordpress\/plugins\/seo\/ -->\n<title>Eco Friendly Paper Straw - Nanwang Paper Packaging<\/title>\n<meta name=\"description\" content=\"Eco Friendly Paper Straw - Nanwang Paper Packaging , we supply Luxury Paper Bags, Shopping Paper Bag, Paper Carry Bag, Delivery Bag for you with good price.\" \/>\n<meta name=\"robots\" content=\"index, follow, max-snippet:-1, max-image-preview:large, max-video-preview:-1\" \/>\n<link rel=\"canonical\" href=\"https:\/\/www.nanwangpaperbag.com\/fr\/produit\/paille-en-papier-ecologique\/\" \/>\n<meta property=\"og:locale\" content=\"fr_FR\" \/>\n<meta property=\"og:type\" content=\"article\" \/>\n<meta property=\"og:title\" content=\"Eco Friendly Paper Straw - Nanwang Paper Packaging\" \/>\n<meta property=\"og:description\" content=\"Eco Friendly Paper Straw - Nanwang Paper Packaging , we supply Luxury Paper Bags, Shopping Paper Bag, Paper Carry Bag, Delivery Bag for you with good price.\" \/>\n<meta property=\"og:url\" content=\"https:\/\/www.nanwangpaperbag.com\/fr\/produit\/paille-en-papier-ecologique\/\" \/>\n<meta property=\"og:site_name\" content=\"Nanwang Paper Packaging\" \/>\n<meta property=\"article:publisher\" content=\"https:\/\/www.facebook.com\/NanwangPaperBag\" \/>\n<meta property=\"article:modified_time\" content=\"2025-05-14T06:48:48+00:00\" \/>\n<meta property=\"og:image\" content=\"https:\/\/www.nanwangpaperbag.com\/wp-content\/uploads\/2025\/04\/Eco-Friendly-Paper-Straw_1.webp\" \/>\n\t<meta property=\"og:image:width\" content=\"800\" \/>\n\t<meta property=\"og:image:height\" content=\"800\" \/>\n\t<meta property=\"og:image:type\" content=\"image\/webp\" \/>\n<meta name=\"twitter:card\" content=\"summary_large_image\" \/>\n<meta name=\"twitter:site\" content=\"@NanwangPack\" \/>\n<meta name=\"twitter:label1\" content=\"Dur\u00e9e de lecture estim\u00e9e\" \/>\n\t<meta name=\"twitter:data1\" content=\"2 minutes\" \/>\n<script type=\"application\/ld+json\" class=\"yoast-schema-graph\">{\"@context\":\"https:\/\/schema.org\",\"@graph\":[{\"@type\":\"WebPage\",\"@id\":\"https:\/\/www.nanwangpaperbag.com\/product\/eco-friendly-paper-straw\/\",\"url\":\"https:\/\/www.nanwangpaperbag.com\/product\/eco-friendly-paper-straw\/\",\"name\":\"Eco Friendly Paper Straw - Nanwang Paper Packaging\",\"isPartOf\":{\"@id\":\"https:\/\/www.nanwangpaperbag.com\/#website\"},\"primaryImageOfPage\":{\"@id\":\"https:\/\/www.nanwangpaperbag.com\/product\/eco-friendly-paper-straw\/#primaryimage\"},\"image\":{\"@id\":\"https:\/\/www.nanwangpaperbag.com\/product\/eco-friendly-paper-straw\/#primaryimage\"},\"thumbnailUrl\":\"https:\/\/www.nanwangpaperbag.com\/wp-content\/uploads\/2025\/04\/Eco-Friendly-Paper-Straw_1.webp\",\"datePublished\":\"2025-04-16T09:48:03+00:00\",\"dateModified\":\"2025-05-14T06:48:48+00:00\",\"description\":\"Eco Friendly Paper Straw - Nanwang Paper Packaging , we supply Luxury Paper Bags, Shopping Paper Bag, Paper Carry Bag, Delivery Bag for you with good price.\",\"breadcrumb\":{\"@id\":\"https:\/\/www.nanwangpaperbag.com\/product\/eco-friendly-paper-straw\/#breadcrumb\"},\"inLanguage\":\"fr-FR\",\"potentialAction\":[{\"@type\":\"ReadAction\",\"target\":[\"https:\/\/www.nanwangpaperbag.com\/product\/eco-friendly-paper-straw\/\"]}]},{\"@type\":\"ImageObject\",\"inLanguage\":\"fr-FR\",\"@id\":\"https:\/\/www.nanwangpaperbag.com\/product\/eco-friendly-paper-straw\/#primaryimage\",\"url\":\"https:\/\/www.nanwangpaperbag.com\/wp-content\/uploads\/2025\/04\/Eco-Friendly-Paper-Straw_1.webp\",\"contentUrl\":\"https:\/\/www.nanwangpaperbag.com\/wp-content\/uploads\/2025\/04\/Eco-Friendly-Paper-Straw_1.webp\",\"width\":800,\"height\":800,\"caption\":\"Eco Friendly Paper Straw\"},{\"@type\":\"BreadcrumbList\",\"@id\":\"https:\/\/www.nanwangpaperbag.com\/product\/eco-friendly-paper-straw\/#breadcrumb\",\"itemListElement\":[{\"@type\":\"ListItem\",\"position\":1,\"name\":\"Home\",\"item\":\"https:\/\/www.nanwangpaperbag.com\/\"},{\"@type\":\"ListItem\",\"position\":2,\"name\":\"Productos\",\"item\":\"https:\/\/www.nanwangpaperbag.com\/es\/shop\/\"},{\"@type\":\"ListItem\",\"position\":3,\"name\":\"Eco Friendly Paper Straw\"}]},{\"@type\":\"WebSite\",\"@id\":\"https:\/\/www.nanwangpaperbag.com\/#website\",\"url\":\"https:\/\/www.nanwangpaperbag.com\/\",\"name\":\"Nanwang Paper Packaging\",\"description\":\"\",\"publisher\":{\"@id\":\"https:\/\/www.nanwangpaperbag.com\/#organization\"},\"potentialAction\":[{\"@type\":\"SearchAction\",\"target\":{\"@type\":\"EntryPoint\",\"urlTemplate\":\"https:\/\/www.nanwangpaperbag.com\/?s={search_term_string}\"},\"query-input\":\"required name=search_term_string\"}],\"inLanguage\":\"fr-FR\"},{\"@type\":\"Organization\",\"@id\":\"https:\/\/www.nanwangpaperbag.com\/#organization\",\"name\":\"Nanwang Pack\",\"url\":\"https:\/\/www.nanwangpaperbag.com\/\",\"logo\":{\"@type\":\"ImageObject\",\"inLanguage\":\"fr-FR\",\"@id\":\"https:\/\/www.nanwangpaperbag.com\/#\/schema\/logo\/image\/\",\"url\":\"https:\/\/www.nanwangpaperbag.com\/wp-content\/uploads\/2025\/03\/logo2.webp\",\"contentUrl\":\"https:\/\/www.nanwangpaperbag.com\/wp-content\/uploads\/2025\/03\/logo2.webp\",\"width\":433,\"height\":407,\"caption\":\"Nanwang Pack\"},\"image\":{\"@id\":\"https:\/\/www.nanwangpaperbag.com\/#\/schema\/logo\/image\/\"},\"sameAs\":[\"https:\/\/www.facebook.com\/NanwangPaperBag\",\"https:\/\/x.com\/NanwangPack\",\"https:\/\/www.linkedin.com\/company\/nanwang-paper-bag\/\",\"https:\/\/www.youtube.com\/@NanwangPaperBag\",\"https:\/\/www.tiktok.com\/@nanwangpaperbag\"]}]}<\/script>\n<!-- \/ Yoast SEO plugin. -->","yoast_head_json":{"title":"Eco Friendly Paper Straw - Nanwang Paper Packaging","description":"Eco Friendly Paper Straw - Nanwang Paper Packaging , we supply Luxury Paper Bags, Shopping Paper Bag, Paper Carry Bag, Delivery Bag for you with good price.","robots":{"index":"index","follow":"follow","max-snippet":"max-snippet:-1","max-image-preview":"max-image-preview:large","max-video-preview":"max-video-preview:-1"},"canonical":"https:\/\/www.nanwangpaperbag.com\/fr\/produit\/paille-en-papier-ecologique\/","og_locale":"fr_FR","og_type":"article","og_title":"Eco Friendly Paper Straw - Nanwang Paper Packaging","og_description":"Eco Friendly Paper Straw - Nanwang Paper Packaging , we supply Luxury Paper Bags, Shopping Paper Bag, Paper Carry Bag, Delivery Bag for you with good price.","og_url":"https:\/\/www.nanwangpaperbag.com\/fr\/produit\/paille-en-papier-ecologique\/","og_site_name":"Nanwang Paper Packaging","article_publisher":"https:\/\/www.facebook.com\/NanwangPaperBag","article_modified_time":"2025-05-14T06:48:48+00:00","og_image":[{"width":800,"height":800,"url":"https:\/\/www.nanwangpaperbag.com\/wp-content\/uploads\/2025\/04\/Eco-Friendly-Paper-Straw_1.webp","type":"image\/webp"}],"twitter_card":"summary_large_image","twitter_site":"@NanwangPack","twitter_misc":{"Dur\u00e9e de lecture estim\u00e9e":"2 minutes"},"schema":{"@context":"https:\/\/schema.org","@graph":[{"@type":"WebPage","@id":"https:\/\/www.nanwangpaperbag.com\/product\/eco-friendly-paper-straw\/","url":"https:\/\/www.nanwangpaperbag.com\/product\/eco-friendly-paper-straw\/","name":"Eco Friendly Paper Straw - Nanwang Paper Packaging","isPartOf":{"@id":"https:\/\/www.nanwangpaperbag.com\/#website"},"primaryImageOfPage":{"@id":"https:\/\/www.nanwangpaperbag.com\/product\/eco-friendly-paper-straw\/#primaryimage"},"image":{"@id":"https:\/\/www.nanwangpaperbag.com\/product\/eco-friendly-paper-straw\/#primaryimage"},"thumbnailUrl":"https:\/\/www.nanwangpaperbag.com\/wp-content\/uploads\/2025\/04\/Eco-Friendly-Paper-Straw_1.webp","datePublished":"2025-04-16T09:48:03+00:00","dateModified":"2025-05-14T06:48:48+00:00","description":"Eco Friendly Paper Straw - Nanwang Paper Packaging , we supply Luxury Paper Bags, Shopping Paper Bag, Paper Carry Bag, Delivery Bag for you with good price.","breadcrumb":{"@id":"https:\/\/www.nanwangpaperbag.com\/product\/eco-friendly-paper-straw\/#breadcrumb"},"inLanguage":"fr-FR","potentialAction":[{"@type":"ReadAction","target":["https:\/\/www.nanwangpaperbag.com\/product\/eco-friendly-paper-straw\/"]}]},{"@type":"ImageObject","inLanguage":"fr-FR","@id":"https:\/\/www.nanwangpaperbag.com\/product\/eco-friendly-paper-straw\/#primaryimage","url":"https:\/\/www.nanwangpaperbag.com\/wp-content\/uploads\/2025\/04\/Eco-Friendly-Paper-Straw_1.webp","contentUrl":"https:\/\/www.nanwangpaperbag.com\/wp-content\/uploads\/2025\/04\/Eco-Friendly-Paper-Straw_1.webp","width":800,"height":800,"caption":"Eco Friendly Paper Straw"},{"@type":"BreadcrumbList","@id":"https:\/\/www.nanwangpaperbag.com\/product\/eco-friendly-paper-straw\/#breadcrumb","itemListElement":[{"@type":"ListItem","position":1,"name":"Home","item":"https:\/\/www.nanwangpaperbag.com\/"},{"@type":"ListItem","position":2,"name":"Productos","item":"https:\/\/www.nanwangpaperbag.com\/es\/shop\/"},{"@type":"ListItem","position":3,"name":"Eco Friendly Paper Straw"}]},{"@type":"WebSite","@id":"https:\/\/www.nanwangpaperbag.com\/#website","url":"https:\/\/www.nanwangpaperbag.com\/","name":"Nanwang Paper Packaging","description":"","publisher":{"@id":"https:\/\/www.nanwangpaperbag.com\/#organization"},"potentialAction":[{"@type":"SearchAction","target":{"@type":"EntryPoint","urlTemplate":"https:\/\/www.nanwangpaperbag.com\/?s={search_term_string}"},"query-input":"required name=search_term_string"}],"inLanguage":"fr-FR"},{"@type":"Organization","@id":"https:\/\/www.nanwangpaperbag.com\/#organization","name":"Nanwang Pack","url":"https:\/\/www.nanwangpaperbag.com\/","logo":{"@type":"ImageObject","inLanguage":"fr-FR","@id":"https:\/\/www.nanwangpaperbag.com\/#\/schema\/logo\/image\/","url":"https:\/\/www.nanwangpaperbag.com\/wp-content\/uploads\/2025\/03\/logo2.webp","contentUrl":"https:\/\/www.nanwangpaperbag.com\/wp-content\/uploads\/2025\/03\/logo2.webp","width":433,"height":407,"caption":"Nanwang Pack"},"image":{"@id":"https:\/\/www.nanwangpaperbag.com\/#\/schema\/logo\/image\/"},"sameAs":["https:\/\/www.facebook.com\/NanwangPaperBag","https:\/\/x.com\/NanwangPack","https:\/\/www.linkedin.com\/company\/nanwang-paper-bag\/","https:\/\/www.youtube.com\/@NanwangPaperBag","https:\/\/www.tiktok.com\/@nanwangpaperbag"]}]}},"_links":{"self":[{"href":"https:\/\/www.nanwangpaperbag.com\/fr\/wp-json\/wp\/v2\/product\/12359"}],"collection":[{"href":"https:\/\/www.nanwangpaperbag.com\/fr\/wp-json\/wp\/v2\/product"}],"about":[{"href":"https:\/\/www.nanwangpaperbag.com\/fr\/wp-json\/wp\/v2\/types\/product"}],"replies":[{"embeddable":true,"href":"https:\/\/www.nanwangpaperbag.com\/fr\/wp-json\/wp\/v2\/comments?post=12359"}],"wp:featuredmedia":[{"embeddable":true,"href":"https:\/\/www.nanwangpaperbag.com\/fr\/wp-json\/wp\/v2\/media\/12370"}],"wp:attachment":[{"href":"https:\/\/www.nanwangpaperbag.com\/fr\/wp-json\/wp\/v2\/media?parent=12359"}],"wp:term":[{"taxonomy":"product_cat","embeddable":true,"href":"https:\/\/www.nanwangpaperbag.com\/fr\/wp-json\/wp\/v2\/product_cat?post=12359"},{"taxonomy":"product_tag","embeddable":true,"href":"https:\/\/www.nanwangpaperbag.com\/fr\/wp-json\/wp\/v2\/product_tag?post=12359"}],"curies":[{"name":"wp","href":"https:\/\/api.w.org\/{rel}","templated":true}]}}