{"id":12372,"date":"2025-04-17T01:11:37","date_gmt":"2025-04-17T01:11:37","guid":{"rendered":"https:\/\/www.nanwangpaperbag.com\/?post_type=product&#038;p=12372"},"modified":"2025-05-14T06:51:13","modified_gmt":"2025-05-14T06:51:13","slug":"greaseproof-popcorn-bucket","status":"publish","type":"product","link":"https:\/\/www.nanwangpaperbag.com\/fr\/produit\/greaseproof-popcorn-bucket\/","title":{"rendered":"Seau \u00e0 pop-corn en papier sulfuris\u00e9"},"content":{"rendered":"<p>Ce seau \u00e0 pop-corn anti-graisse est fabriqu\u00e9 \u00e0 partir de mat\u00e9riaux de haute qualit\u00e9, et la paroi int\u00e9rieure du gobelet est recouverte d'un film de rev\u00eatement, qui a un excellent effet anti-fuite. Il permet donc d'\u00e9viter les fuites de beurre lors de l'emballage de divers aliments. Il est largement utilis\u00e9 pour emballer les frites, le poulet frit, les ailes grill\u00e9es, les frites et les cornflakes, ce qui vous apportera une exp\u00e9rience de loisir heureuse ! En outre, le corps solide et rond de la coupelle conserve bien sa forme et ne se plie pas ou ne se comprime pas dans vos mains, ce qui \u00e9vite les fuites.<\/p>\n<p><img loading=\"lazy\" decoding=\"async\" class=\"wp-image-12389 aligncenter\" data-src=\"https:\/\/www.nanwangpaperbag.com\/wp-content\/uploads\/2025\/04\/Greaseproof-Popcorn-Bucket_2.webp\" alt=\"Seau \u00e0 pop-corn en papier sulfuris\u00e9\" width=\"445\" height=\"445\" \/><\/p>\n<h2>Tailles standard NanWang<\/h2>\n<table class=\"tg\" style=\"border-collapse: collapse; border-spacing: 0;\">\n<thead>\n<tr>\n<th style=\"font-family: Arial, sans-serif; font-size: 14px; font-weight: normal; overflow: hidden; padding: 10px 5px; text-align: center; vertical-align: top; word-break: normal; border: 1px solid black;\">Code Ltem<\/th>\n<th style=\"font-family: Arial, sans-serif; font-size: 14px; font-weight: normal; overflow: hidden; padding: 10px 5px; text-align: center; vertical-align: top; word-break: normal; border: 1px solid black;\">Godets Dimensions (mm)<br \/>\n( Diam\u00e8tre du haut x Diam\u00e8tre du bas x Hauteur)<\/th>\n<th style=\"font-family: Arial, sans-serif; font-size: 14px; font-weight: normal; overflow: hidden; padding: 10px 5px; text-align: center; vertical-align: top; word-break: normal; border: 1px solid black;\">Dimensions des godets (pouces)<br \/>\n( Diam\u00e8tre du haut x Diam\u00e8tre du bas x Hauteur)<\/th>\n<th style=\"font-family: Arial, sans-serif; font-size: 14px; font-weight: normal; overflow: hidden; padding: 10px 5px; text-align: center; vertical-align: top; word-break: normal; border: 1px solid black;\">Taille de l'emballage<br \/>\n(pcs\/ ctn)<\/th>\n<th style=\"font-family: Arial, sans-serif; font-size: 14px; font-weight: normal; overflow: hidden; padding: 10px 5px; text-align: center; vertical-align: top; word-break: normal; border: 1px solid black;\">Plain MOQ<br \/>\n(pcs)<\/th>\n<th style=\"font-family: Arial, sans-serif; font-size: 14px; font-weight: normal; overflow: hidden; padding: 10px 5px; text-align: center; vertical-align: top; word-break: normal; border: 1px solid black;\">Imprim\u00e9 MOQ<br \/>\n(pcs)<\/th>\n<\/tr>\n<\/thead>\n<tbody>\n<tr>\n<td style=\"font-family: Arial, sans-serif; font-size: 14px; overflow: hidden; padding: 10px 5px; text-align: center; vertical-align: top; word-break: normal; border: 1px solid black;\">42 oz<\/td>\n<td style=\"font-family: Arial, sans-serif; font-size: 14px; overflow: hidden; padding: 10px 5px; text-align: center; vertical-align: top; word-break: normal; border: 1px solid black;\">168,4\u00d7128,9\u00d784,5mm<\/td>\n<td style=\"font-family: Arial, sans-serif; font-size: 14px; overflow: hidden; padding: 10px 5px; text-align: center; vertical-align: top; word-break: normal; border: 1px solid black;\">6.63\u2033x5.08\u2033x3.33\u2033<\/td>\n<td style=\"font-family: Arial, sans-serif; font-size: 14px; overflow: hidden; padding: 10px 5px; text-align: center; vertical-align: top; word-break: normal; border: 1px solid black;\">210<\/td>\n<td style=\"font-family: Arial, sans-serif; font-size: 14px; overflow: hidden; padding: 10px 5px; text-align: center; vertical-align: top; word-break: normal; border: 1px solid black;\">50000<\/td>\n<td style=\"font-family: Arial, sans-serif; font-size: 14px; overflow: hidden; padding: 10px 5px; text-align: center; vertical-align: top; word-break: normal; border: 1px solid black;\">100000<\/td>\n<\/tr>\n<tr>\n<td style=\"font-family: Arial, sans-serif; font-size: 14px; overflow: hidden; padding: 10px 5px; text-align: center; vertical-align: top; word-break: normal; border: 1px solid black;\">65 oz<\/td>\n<td style=\"font-family: Arial, sans-serif; font-size: 14px; overflow: hidden; padding: 10px 5px; text-align: center; vertical-align: top; word-break: normal; border: 1px solid black;\">168.4x132x133mm<\/td>\n<td style=\"font-family: Arial, sans-serif; font-size: 14px; overflow: hidden; padding: 10px 5px; text-align: center; vertical-align: top; word-break: normal; border: 1px solid black;\">6.63\u2033x5.2\u2033x5.24\u2033<\/td>\n<td style=\"font-family: Arial, sans-serif; font-size: 14px; overflow: hidden; padding: 10px 5px; text-align: center; vertical-align: top; word-break: normal; border: 1px solid black;\">125<\/td>\n<td style=\"font-family: Arial, sans-serif; font-size: 14px; overflow: hidden; padding: 10px 5px; text-align: center; vertical-align: top; word-break: normal; border: 1px solid black;\">50000<\/td>\n<td style=\"font-family: Arial, sans-serif; font-size: 14px; overflow: hidden; padding: 10px 5px; text-align: center; vertical-align: top; word-break: normal; border: 1px solid black;\">100000<\/td>\n<\/tr>\n<tr>\n<td style=\"font-family: Arial, sans-serif; font-size: 14px; overflow: hidden; padding: 10px 5px; text-align: center; vertical-align: top; word-break: normal; border: 1px solid black;\">130 oz<\/td>\n<td style=\"font-family: Arial, sans-serif; font-size: 14px; overflow: hidden; padding: 10px 5px; text-align: center; vertical-align: top; word-break: normal; border: 1px solid black;\">215x161x166mm<\/td>\n<td style=\"font-family: Arial, sans-serif; font-size: 14px; overflow: hidden; padding: 10px 5px; text-align: center; vertical-align: top; word-break: normal; border: 1px solid black;\">8.46\u2033x6.34\u2033x6.54\u2033<\/td>\n<td style=\"font-family: Arial, sans-serif; font-size: 14px; overflow: hidden; padding: 10px 5px; text-align: center; vertical-align: top; word-break: normal; border: 1px solid black;\">125<\/td>\n<td style=\"font-family: Arial, sans-serif; font-size: 14px; overflow: hidden; padding: 10px 5px; text-align: center; vertical-align: top; word-break: normal; border: 1px solid black;\">50000<\/td>\n<td style=\"font-family: Arial, sans-serif; font-size: 14px; overflow: hidden; padding: 10px 5px; text-align: center; vertical-align: top; word-break: normal; border: 1px solid black;\">100000<\/td>\n<\/tr>\n<tr>\n<td style=\"font-family: Arial, sans-serif; font-size: 14px; overflow: hidden; padding: 10px 5px; text-align: center; vertical-align: top; word-break: normal; border: 1px solid black;\">170 oz<\/td>\n<td style=\"font-family: Arial, sans-serif; font-size: 14px; overflow: hidden; padding: 10px 5px; text-align: center; vertical-align: top; word-break: normal; border: 1px solid black;\">225.81\u00d7160.73\u00d7205.71mm<\/td>\n<td style=\"font-family: Arial, sans-serif; font-size: 14px; overflow: hidden; padding: 10px 5px; text-align: center; vertical-align: top; word-break: normal; border: 1px solid black;\">8.89\u2033x6.33\u2033x8.1\u2033<\/td>\n<td style=\"font-family: Arial, sans-serif; font-size: 14px; overflow: hidden; padding: 10px 5px; text-align: center; vertical-align: top; word-break: normal; border: 1px solid black;\">125<\/td>\n<td style=\"font-family: Arial, sans-serif; font-size: 14px; overflow: hidden; padding: 10px 5px; text-align: center; vertical-align: top; word-break: normal; border: 1px solid black;\">50000<\/td>\n<td style=\"font-family: Arial, sans-serif; font-size: 14px; overflow: hidden; padding: 10px 5px; text-align: center; vertical-align: top; word-break: normal; border: 1px solid black;\">100000<\/td>\n<\/tr>\n<\/tbody>\n<\/table>\n<p>&nbsp;<\/p>\n<h2>MAT\u00c9RIAU STANDARD RECOMMANDER<\/h2>\n<p>\u25cf330+24 GSM PE lining Food Grade Brown\/White Kraft Paper<\/p>\n<p>\u25cf14+330+18 GSM PE lining Food Grade Brown\/White Kraft Paper<\/p>\n<p>\u25cf14+400+18 GSM PE lining Food Grade Brown\/White Kraft Paper<\/p>\n<h2>Caract\u00e9ristiques<\/h2>\n<p>Ce Popcorn \u00e0 l'\u00e9preuve de la graisse <a href=\"https:\/\/www.nanwangpaperbag.com\/fr\/category\/foodservice-disposables\/paper-bowl-paper-bucket\/\"><strong>Seau en papier<\/strong> <\/a>est largement utilis\u00e9 dans les cin\u00e9mas, les parcs d'attractions, les salles de concert et diverses r\u00e9unions de famille. Son aspect r\u00e9tro rouge et jaune impressionnera imm\u00e9diatement les invit\u00e9s et en fera le clou de toute f\u00eate ou activit\u00e9. Son large couvercle facilite le remplissage et la consommation du pop-corn, et il permet de conserver la graisse dans le gobelet afin d'\u00e9viter de salir vos v\u00eatements. En outre, il peut \u00eatre utilis\u00e9 \u00e0 des fins diverses : popcorn, nuggets de poulet, frites, cadeaux de bienvenue pour le cirque et le carnaval, etc.<\/p>\n<h1>Contr\u00f4le de la qualit\u00e9<\/h1>\n<p>En tant que chef de file dans l'\u00e9laboration de normes nationales pour la <a href=\"https:\/\/www.nanwangpaperbag.com\/fr\/category\/food-service-disposables\/\"><strong>emballages jetables pour la restauration<\/strong><\/a> Pour r\u00e9pondre aux besoins de l'industrie du papier et des sacs en papier, NanWang dispose du laboratoire le plus avanc\u00e9 dans son domaine et a mis au point des normes internes de contr\u00f4le de la qualit\u00e9. Afin de maintenir des normes de qualit\u00e9 strictes, nos tests en laboratoire portent sur la douceur, la rigidit\u00e9, l'\u00e9paisseur et la blancheur du papier, des mati\u00e8res premi\u00e8res, des produits en cours de fabrication et des produits finis, tant pour les produits jetables destin\u00e9s \u00e0 la restauration que pour les emballages en papier, \u00e0 l'aide d'\u00e9quipements de test tels que le spectrophotom\u00e8tre UV, le MDS, etc. Notre syst\u00e8me de tra\u00e7abilit\u00e9 va de l'inspection \u00e0 l'entr\u00e9e au produit fini, ce qui nous permet de retracer toutes les mati\u00e8res premi\u00e8res, tous les produits finis (y compris les articles jetables pour la restauration), toutes les machines, tous les op\u00e9rateurs et tous les contr\u00f4les de qualit\u00e9 en l'espace de deux heures.<\/p>","protected":false},"excerpt":{"rendered":"<p>Item: Greaseproof Popcorn Buckets<br \/>\nSize: 42 oz, 65 oz, 130 oz, 170 oz<br \/>\nPrinting: Customized<br \/>\nPaper Type: Food grade kraft paper with PE lining, Greaseproof kraft paper.<br \/>\nPacking: 210\/125 pcs per carton<br \/>\nD\u00e9lai d'\u00e9chantillonnage : 3-5 jours<br \/>\nBulk Lead Time: 35-45 days<br \/>\nMOQ:50000 pcs<\/p>","protected":false},"featured_media":12388,"comment_status":"open","ping_status":"closed","template":"","meta":{"_et_pb_use_builder":"","_et_pb_old_content":"","_et_gb_content_width":""},"product_cat":[284,287],"product_tag":[309,341],"yoast_head":"<!-- This site is optimized with the Yoast SEO plugin v22.7 - https:\/\/yoast.com\/wordpress\/plugins\/seo\/ -->\n<title>Greaseproof Popcorn Bucket - Nanwang Paper Packaging<\/title>\n<meta name=\"description\" content=\"Greaseproof Popcorn Bucket - Nanwang Paper Packaging , we supply Luxury Paper Bags, Shopping Paper Bag, Paper Carry Bag, Delivery Bag for you with good price.\" \/>\n<meta name=\"robots\" content=\"index, follow, max-snippet:-1, max-image-preview:large, max-video-preview:-1\" \/>\n<link rel=\"canonical\" href=\"https:\/\/www.nanwangpaperbag.com\/fr\/produit\/greaseproof-popcorn-bucket\/\" \/>\n<meta property=\"og:locale\" content=\"fr_FR\" \/>\n<meta property=\"og:type\" content=\"article\" \/>\n<meta property=\"og:title\" content=\"Greaseproof Popcorn Bucket - Nanwang Paper Packaging\" \/>\n<meta property=\"og:description\" content=\"Greaseproof Popcorn Bucket - Nanwang Paper Packaging , we supply Luxury Paper Bags, Shopping Paper Bag, Paper Carry Bag, Delivery Bag for you with good price.\" \/>\n<meta property=\"og:url\" content=\"https:\/\/www.nanwangpaperbag.com\/fr\/produit\/greaseproof-popcorn-bucket\/\" \/>\n<meta property=\"og:site_name\" content=\"Nanwang Paper Packaging\" \/>\n<meta property=\"article:publisher\" content=\"https:\/\/www.facebook.com\/NanwangPaperBag\" \/>\n<meta property=\"article:modified_time\" content=\"2025-05-14T06:51:13+00:00\" \/>\n<meta property=\"og:image\" content=\"https:\/\/www.nanwangpaperbag.com\/wp-content\/uploads\/2025\/04\/Greaseproof-Popcorn-Bucket_1.webp\" \/>\n\t<meta property=\"og:image:width\" content=\"800\" \/>\n\t<meta property=\"og:image:height\" content=\"800\" \/>\n\t<meta property=\"og:image:type\" content=\"image\/webp\" \/>\n<meta name=\"twitter:card\" content=\"summary_large_image\" \/>\n<meta name=\"twitter:site\" content=\"@NanwangPack\" \/>\n<meta name=\"twitter:label1\" content=\"Dur\u00e9e de lecture estim\u00e9e\" \/>\n\t<meta name=\"twitter:data1\" content=\"3 minutes\" \/>\n<script type=\"application\/ld+json\" class=\"yoast-schema-graph\">{\"@context\":\"https:\/\/schema.org\",\"@graph\":[{\"@type\":\"WebPage\",\"@id\":\"https:\/\/www.nanwangpaperbag.com\/product\/greaseproof-popcorn-bucket\/\",\"url\":\"https:\/\/www.nanwangpaperbag.com\/product\/greaseproof-popcorn-bucket\/\",\"name\":\"Greaseproof Popcorn Bucket - Nanwang Paper Packaging\",\"isPartOf\":{\"@id\":\"https:\/\/www.nanwangpaperbag.com\/#website\"},\"primaryImageOfPage\":{\"@id\":\"https:\/\/www.nanwangpaperbag.com\/product\/greaseproof-popcorn-bucket\/#primaryimage\"},\"image\":{\"@id\":\"https:\/\/www.nanwangpaperbag.com\/product\/greaseproof-popcorn-bucket\/#primaryimage\"},\"thumbnailUrl\":\"https:\/\/www.nanwangpaperbag.com\/wp-content\/uploads\/2025\/04\/Greaseproof-Popcorn-Bucket_1.webp\",\"datePublished\":\"2025-04-17T01:11:37+00:00\",\"dateModified\":\"2025-05-14T06:51:13+00:00\",\"description\":\"Greaseproof Popcorn Bucket - Nanwang Paper Packaging , we supply Luxury Paper Bags, Shopping Paper Bag, Paper Carry Bag, Delivery Bag for you with good price.\",\"breadcrumb\":{\"@id\":\"https:\/\/www.nanwangpaperbag.com\/product\/greaseproof-popcorn-bucket\/#breadcrumb\"},\"inLanguage\":\"fr-FR\",\"potentialAction\":[{\"@type\":\"ReadAction\",\"target\":[\"https:\/\/www.nanwangpaperbag.com\/product\/greaseproof-popcorn-bucket\/\"]}]},{\"@type\":\"ImageObject\",\"inLanguage\":\"fr-FR\",\"@id\":\"https:\/\/www.nanwangpaperbag.com\/product\/greaseproof-popcorn-bucket\/#primaryimage\",\"url\":\"https:\/\/www.nanwangpaperbag.com\/wp-content\/uploads\/2025\/04\/Greaseproof-Popcorn-Bucket_1.webp\",\"contentUrl\":\"https:\/\/www.nanwangpaperbag.com\/wp-content\/uploads\/2025\/04\/Greaseproof-Popcorn-Bucket_1.webp\",\"width\":800,\"height\":800,\"caption\":\"Greaseproof Popcorn Bucket\"},{\"@type\":\"BreadcrumbList\",\"@id\":\"https:\/\/www.nanwangpaperbag.com\/product\/greaseproof-popcorn-bucket\/#breadcrumb\",\"itemListElement\":[{\"@type\":\"ListItem\",\"position\":1,\"name\":\"Home\",\"item\":\"https:\/\/www.nanwangpaperbag.com\/\"},{\"@type\":\"ListItem\",\"position\":2,\"name\":\"Productos\",\"item\":\"https:\/\/www.nanwangpaperbag.com\/es\/shop\/\"},{\"@type\":\"ListItem\",\"position\":3,\"name\":\"Greaseproof Popcorn Bucket\"}]},{\"@type\":\"WebSite\",\"@id\":\"https:\/\/www.nanwangpaperbag.com\/#website\",\"url\":\"https:\/\/www.nanwangpaperbag.com\/\",\"name\":\"Nanwang Paper Packaging\",\"description\":\"\",\"publisher\":{\"@id\":\"https:\/\/www.nanwangpaperbag.com\/#organization\"},\"potentialAction\":[{\"@type\":\"SearchAction\",\"target\":{\"@type\":\"EntryPoint\",\"urlTemplate\":\"https:\/\/www.nanwangpaperbag.com\/?s={search_term_string}\"},\"query-input\":\"required name=search_term_string\"}],\"inLanguage\":\"fr-FR\"},{\"@type\":\"Organization\",\"@id\":\"https:\/\/www.nanwangpaperbag.com\/#organization\",\"name\":\"Nanwang Pack\",\"url\":\"https:\/\/www.nanwangpaperbag.com\/\",\"logo\":{\"@type\":\"ImageObject\",\"inLanguage\":\"fr-FR\",\"@id\":\"https:\/\/www.nanwangpaperbag.com\/#\/schema\/logo\/image\/\",\"url\":\"https:\/\/www.nanwangpaperbag.com\/wp-content\/uploads\/2025\/03\/logo2.webp\",\"contentUrl\":\"https:\/\/www.nanwangpaperbag.com\/wp-content\/uploads\/2025\/03\/logo2.webp\",\"width\":433,\"height\":407,\"caption\":\"Nanwang Pack\"},\"image\":{\"@id\":\"https:\/\/www.nanwangpaperbag.com\/#\/schema\/logo\/image\/\"},\"sameAs\":[\"https:\/\/www.facebook.com\/NanwangPaperBag\",\"https:\/\/x.com\/NanwangPack\",\"https:\/\/www.linkedin.com\/company\/nanwang-paper-bag\/\",\"https:\/\/www.youtube.com\/@NanwangPaperBag\",\"https:\/\/www.tiktok.com\/@nanwangpaperbag\"]}]}<\/script>\n<!-- \/ Yoast SEO plugin. -->","yoast_head_json":{"title":"Greaseproof Popcorn Bucket - Nanwang Paper Packaging","description":"Greaseproof Popcorn Bucket - Nanwang Paper Packaging , we supply Luxury Paper Bags, Shopping Paper Bag, Paper Carry Bag, Delivery Bag for you with good price.","robots":{"index":"index","follow":"follow","max-snippet":"max-snippet:-1","max-image-preview":"max-image-preview:large","max-video-preview":"max-video-preview:-1"},"canonical":"https:\/\/www.nanwangpaperbag.com\/fr\/produit\/greaseproof-popcorn-bucket\/","og_locale":"fr_FR","og_type":"article","og_title":"Greaseproof Popcorn Bucket - Nanwang Paper Packaging","og_description":"Greaseproof Popcorn Bucket - Nanwang Paper Packaging , we supply Luxury Paper Bags, Shopping Paper Bag, Paper Carry Bag, Delivery Bag for you with good price.","og_url":"https:\/\/www.nanwangpaperbag.com\/fr\/produit\/greaseproof-popcorn-bucket\/","og_site_name":"Nanwang Paper Packaging","article_publisher":"https:\/\/www.facebook.com\/NanwangPaperBag","article_modified_time":"2025-05-14T06:51:13+00:00","og_image":[{"width":800,"height":800,"url":"https:\/\/www.nanwangpaperbag.com\/wp-content\/uploads\/2025\/04\/Greaseproof-Popcorn-Bucket_1.webp","type":"image\/webp"}],"twitter_card":"summary_large_image","twitter_site":"@NanwangPack","twitter_misc":{"Dur\u00e9e de lecture estim\u00e9e":"3 minutes"},"schema":{"@context":"https:\/\/schema.org","@graph":[{"@type":"WebPage","@id":"https:\/\/www.nanwangpaperbag.com\/product\/greaseproof-popcorn-bucket\/","url":"https:\/\/www.nanwangpaperbag.com\/product\/greaseproof-popcorn-bucket\/","name":"Greaseproof Popcorn Bucket - Nanwang Paper Packaging","isPartOf":{"@id":"https:\/\/www.nanwangpaperbag.com\/#website"},"primaryImageOfPage":{"@id":"https:\/\/www.nanwangpaperbag.com\/product\/greaseproof-popcorn-bucket\/#primaryimage"},"image":{"@id":"https:\/\/www.nanwangpaperbag.com\/product\/greaseproof-popcorn-bucket\/#primaryimage"},"thumbnailUrl":"https:\/\/www.nanwangpaperbag.com\/wp-content\/uploads\/2025\/04\/Greaseproof-Popcorn-Bucket_1.webp","datePublished":"2025-04-17T01:11:37+00:00","dateModified":"2025-05-14T06:51:13+00:00","description":"Greaseproof Popcorn Bucket - Nanwang Paper Packaging , we supply Luxury Paper Bags, Shopping Paper Bag, Paper Carry Bag, Delivery Bag for you with good price.","breadcrumb":{"@id":"https:\/\/www.nanwangpaperbag.com\/product\/greaseproof-popcorn-bucket\/#breadcrumb"},"inLanguage":"fr-FR","potentialAction":[{"@type":"ReadAction","target":["https:\/\/www.nanwangpaperbag.com\/product\/greaseproof-popcorn-bucket\/"]}]},{"@type":"ImageObject","inLanguage":"fr-FR","@id":"https:\/\/www.nanwangpaperbag.com\/product\/greaseproof-popcorn-bucket\/#primaryimage","url":"https:\/\/www.nanwangpaperbag.com\/wp-content\/uploads\/2025\/04\/Greaseproof-Popcorn-Bucket_1.webp","contentUrl":"https:\/\/www.nanwangpaperbag.com\/wp-content\/uploads\/2025\/04\/Greaseproof-Popcorn-Bucket_1.webp","width":800,"height":800,"caption":"Greaseproof Popcorn Bucket"},{"@type":"BreadcrumbList","@id":"https:\/\/www.nanwangpaperbag.com\/product\/greaseproof-popcorn-bucket\/#breadcrumb","itemListElement":[{"@type":"ListItem","position":1,"name":"Home","item":"https:\/\/www.nanwangpaperbag.com\/"},{"@type":"ListItem","position":2,"name":"Productos","item":"https:\/\/www.nanwangpaperbag.com\/es\/shop\/"},{"@type":"ListItem","position":3,"name":"Greaseproof Popcorn Bucket"}]},{"@type":"WebSite","@id":"https:\/\/www.nanwangpaperbag.com\/#website","url":"https:\/\/www.nanwangpaperbag.com\/","name":"Nanwang Paper Packaging","description":"","publisher":{"@id":"https:\/\/www.nanwangpaperbag.com\/#organization"},"potentialAction":[{"@type":"SearchAction","target":{"@type":"EntryPoint","urlTemplate":"https:\/\/www.nanwangpaperbag.com\/?s={search_term_string}"},"query-input":"required name=search_term_string"}],"inLanguage":"fr-FR"},{"@type":"Organization","@id":"https:\/\/www.nanwangpaperbag.com\/#organization","name":"Nanwang Pack","url":"https:\/\/www.nanwangpaperbag.com\/","logo":{"@type":"ImageObject","inLanguage":"fr-FR","@id":"https:\/\/www.nanwangpaperbag.com\/#\/schema\/logo\/image\/","url":"https:\/\/www.nanwangpaperbag.com\/wp-content\/uploads\/2025\/03\/logo2.webp","contentUrl":"https:\/\/www.nanwangpaperbag.com\/wp-content\/uploads\/2025\/03\/logo2.webp","width":433,"height":407,"caption":"Nanwang Pack"},"image":{"@id":"https:\/\/www.nanwangpaperbag.com\/#\/schema\/logo\/image\/"},"sameAs":["https:\/\/www.facebook.com\/NanwangPaperBag","https:\/\/x.com\/NanwangPack","https:\/\/www.linkedin.com\/company\/nanwang-paper-bag\/","https:\/\/www.youtube.com\/@NanwangPaperBag","https:\/\/www.tiktok.com\/@nanwangpaperbag"]}]}},"_links":{"self":[{"href":"https:\/\/www.nanwangpaperbag.com\/fr\/wp-json\/wp\/v2\/product\/12372"}],"collection":[{"href":"https:\/\/www.nanwangpaperbag.com\/fr\/wp-json\/wp\/v2\/product"}],"about":[{"href":"https:\/\/www.nanwangpaperbag.com\/fr\/wp-json\/wp\/v2\/types\/product"}],"replies":[{"embeddable":true,"href":"https:\/\/www.nanwangpaperbag.com\/fr\/wp-json\/wp\/v2\/comments?post=12372"}],"wp:featuredmedia":[{"embeddable":true,"href":"https:\/\/www.nanwangpaperbag.com\/fr\/wp-json\/wp\/v2\/media\/12388"}],"wp:attachment":[{"href":"https:\/\/www.nanwangpaperbag.com\/fr\/wp-json\/wp\/v2\/media?parent=12372"}],"wp:term":[{"taxonomy":"product_cat","embeddable":true,"href":"https:\/\/www.nanwangpaperbag.com\/fr\/wp-json\/wp\/v2\/product_cat?post=12372"},{"taxonomy":"product_tag","embeddable":true,"href":"https:\/\/www.nanwangpaperbag.com\/fr\/wp-json\/wp\/v2\/product_tag?post=12372"}],"curies":[{"name":"wp","href":"https:\/\/api.w.org\/{rel}","templated":true}]}}