{"id":12392,"date":"2025-04-17T01:57:10","date_gmt":"2025-04-17T01:57:10","guid":{"rendered":"https:\/\/www.nanwangpaperbag.com\/?post_type=product&#038;p=12392"},"modified":"2025-05-14T06:50:24","modified_gmt":"2025-05-14T06:50:24","slug":"food-wrapper-paper","status":"publish","type":"product","link":"https:\/\/www.nanwangpaperbag.com\/fr\/produit\/papier-demballage-alimentaire\/","title":{"rendered":"Papier d'emballage alimentaire"},"content":{"rendered":"<p><a href=\"https:\/\/www.nanwangpaperbag.com\/fr\/produit\/papier-demballage-alimentaire\/\"><strong>Papier d'emballage alimentaire<\/strong><\/a> est utilis\u00e9 pour l'emballage des aliments, la livraison des aliments, tels que les hamburgers, les pommes de terre, le poulet, etc. Il est largement utilis\u00e9 dans les restaurants rapides, les usines de produits alimentaires et de boulangerie, les foyers, les h\u00f4tels et les supermarch\u00e9s. Nos produits sont excellents en termes de volume et de qualit\u00e9, et nous fournissons KFC\/Starbucks\/Costa, etc. Le papier d'emballage alimentaire est de qualit\u00e9 alimentaire et r\u00e9sistant \u00e0 l'huile. Il est s\u00fbr et b\u00e9n\u00e9fique pour la sant\u00e9 humaine.<\/p>\n<p><img loading=\"lazy\" decoding=\"async\" class=\"wp-image-12394 aligncenter\" data-src=\"https:\/\/www.nanwangpaperbag.com\/wp-content\/uploads\/2025\/04\/Food-Wrapper-Paper_1.webp\" alt=\"Papier d&#039;emballage alimentaire\" width=\"504\" height=\"504\" srcset=\"https:\/\/www.nanwangpaperbag.com\/wp-content\/uploads\/2025\/04\/Food-Wrapper-Paper_1.webp 504w, https:\/\/www.nanwangpaperbag.com\/wp-content\/uploads\/2025\/04\/Food-Wrapper-Paper_1-480x480.webp 480w\" sizes=\"(min-width: 0px) and (max-width: 480px) 480px, (min-width: 481px) 504px, 100vw\" \/><\/p>\n<h2>Caract\u00e9ristiques<\/h2>\n<p>1. qualit\u00e9 alimentaire<br \/>\n2.100% Recyclable<br \/>\n3. pratique<br \/>\n4. r\u00e9sistant \u00e0 la graisse<\/p>\n<p><img loading=\"lazy\" decoding=\"async\" class=\"size-full wp-image-12395 aligncenter\" data-src=\"https:\/\/www.nanwangpaperbag.com\/wp-content\/uploads\/2025\/04\/Food-Wrapper-Paper_2.webp\" alt=\"Papier d&#039;emballage alimentaire\" width=\"631\" height=\"399\" srcset=\"https:\/\/www.nanwangpaperbag.com\/wp-content\/uploads\/2025\/04\/Food-Wrapper-Paper_2.webp 631w, https:\/\/www.nanwangpaperbag.com\/wp-content\/uploads\/2025\/04\/Food-Wrapper-Paper_2-480x304.webp 480w\" sizes=\"(min-width: 0px) and (max-width: 480px) 480px, (min-width: 481px) 631px, 100vw\" \/><\/p>\n<h2>\u00c0 propos de nous<\/h2>\n<p>Nanwang (code boursier : 301355) a \u00e9t\u00e9 cr\u00e9\u00e9e en 2010 en tant que premi\u00e8re soci\u00e9t\u00e9 chinoise cot\u00e9e en bourse sp\u00e9cialis\u00e9e dans les sacs en papier \u00e9cologiques, les emballages alimentaires et les sacs en plastique. <a href=\"https:\/\/www.nanwangpaperbag.com\/fr\/category\/food-service-disposables\/\"><strong>produits jetables pour la restauration<\/strong><\/a>L'entreprise, qui compte plus de 2 milliards de RMB d'actifs, est l'un des principaux acteurs de l'industrie chinoise des sacs en papier. \u00c9quip\u00e9s de centaines de lignes de fabrication de sacs et de machines d'impression automatis\u00e9es de niveau international, nous sommes un acteur de premier plan dans l'industrie chinoise des sacs en papier et avons \u00e9t\u00e9 class\u00e9s parmi les \"100 premi\u00e8res entreprises d'impression et d'emballage en Chine\" pendant cinq ann\u00e9es cons\u00e9cutives.<\/p>\n<h2>FAQ<\/h2>\n<p>Q32 : Quel est le d\u00e9lai de livraison de ma commande ?<br \/>\nR : Cela d\u00e9pend de la quantit\u00e9, du style et des mati\u00e8res premi\u00e8res. Veuillez me communiquer les d\u00e9tails de la commande et nous vous indiquerons la marche \u00e0 suivre.<\/p>\n<p>Q33 : Combien de couleurs pouvez-vous faire ?<br \/>\nA : 8 couleurs.<\/p>\n<p>Q34 : Qu'est-ce que la r\u00e9f\u00e9rence de qualit\u00e9 ?<br \/>\nR : Identique et identique aux \u00e9chantillons soumis.<\/p>\n<p>Q35 : Quelle est votre politique de qualit\u00e9 ?<br \/>\nR : Nous avons des proc\u00e9dures d'exploitation normalis\u00e9es strictes en mati\u00e8re de contr\u00f4le de la qualit\u00e9. Nous pouvons personnaliser un manuel de qualit\u00e9 exclusif pour votre produit, et l'usine ex\u00e9cute la commande conform\u00e9ment \u00e0 ce manuel.<\/p>\n<p>Q36 : Pouvez-vous faire appel \u00e0 un transitaire pour le compte de votre client ?<br \/>\nR : Oui, nous pouvons vous fournir des devis d'exp\u00e9dition de fret \u00e0 titre de r\u00e9f\u00e9rence. Vous pouvez choisir d'utiliser le transitaire que nous recommandons ou le transitaire de votre choix.<\/p>","protected":false},"excerpt":{"rendered":"<p>Item:Wax paper sheets for food<br \/>\nLogo:Logo personnalis\u00e9<br \/>\nPaper Type: 23gsm paper+8gsm wax<br \/>\nColor:pantone color,1-5 colors<br \/>\nMOQ:1000000pcs<\/p>","protected":false},"featured_media":12396,"comment_status":"open","ping_status":"closed","template":"","meta":{"_et_pb_use_builder":"","_et_pb_old_content":"","_et_gb_content_width":""},"product_cat":[284,288],"product_tag":[315,342],"yoast_head":"<!-- This site is optimized with the Yoast SEO plugin v22.7 - https:\/\/yoast.com\/wordpress\/plugins\/seo\/ -->\n<title>Food Wrapper Paper - Nanwang Paper Packaging<\/title>\n<meta name=\"description\" content=\"Food Wrapper Paper - Nanwang Paper Packaging , we supply Luxury Paper Bags, Shopping Paper Bag, Paper Carry Bag, Delivery Bag for you with good price.\" \/>\n<meta name=\"robots\" content=\"index, follow, max-snippet:-1, max-image-preview:large, max-video-preview:-1\" \/>\n<link rel=\"canonical\" href=\"https:\/\/www.nanwangpaperbag.com\/fr\/produit\/papier-demballage-alimentaire\/\" \/>\n<meta property=\"og:locale\" content=\"fr_FR\" \/>\n<meta property=\"og:type\" content=\"article\" \/>\n<meta property=\"og:title\" content=\"Food Wrapper Paper - Nanwang Paper Packaging\" \/>\n<meta property=\"og:description\" content=\"Food Wrapper Paper - Nanwang Paper Packaging , we supply Luxury Paper Bags, Shopping Paper Bag, Paper Carry Bag, Delivery Bag for you with good price.\" \/>\n<meta property=\"og:url\" content=\"https:\/\/www.nanwangpaperbag.com\/fr\/produit\/papier-demballage-alimentaire\/\" \/>\n<meta property=\"og:site_name\" content=\"Nanwang Paper Packaging\" \/>\n<meta property=\"article:publisher\" content=\"https:\/\/www.facebook.com\/NanwangPaperBag\" \/>\n<meta property=\"article:modified_time\" content=\"2025-05-14T06:50:24+00:00\" \/>\n<meta property=\"og:image\" content=\"https:\/\/www.nanwangpaperbag.com\/wp-content\/uploads\/2025\/04\/Food-Wrapper-Paper_1-1.webp\" \/>\n\t<meta property=\"og:image:width\" content=\"730\" \/>\n\t<meta property=\"og:image:height\" content=\"730\" \/>\n\t<meta property=\"og:image:type\" content=\"image\/webp\" \/>\n<meta name=\"twitter:card\" content=\"summary_large_image\" \/>\n<meta name=\"twitter:site\" content=\"@NanwangPack\" \/>\n<meta name=\"twitter:label1\" content=\"Dur\u00e9e de lecture estim\u00e9e\" \/>\n\t<meta name=\"twitter:data1\" content=\"2 minutes\" \/>\n<script type=\"application\/ld+json\" class=\"yoast-schema-graph\">{\"@context\":\"https:\/\/schema.org\",\"@graph\":[{\"@type\":\"WebPage\",\"@id\":\"https:\/\/www.nanwangpaperbag.com\/product\/food-wrapper-paper\/\",\"url\":\"https:\/\/www.nanwangpaperbag.com\/product\/food-wrapper-paper\/\",\"name\":\"Food Wrapper Paper - Nanwang Paper Packaging\",\"isPartOf\":{\"@id\":\"https:\/\/www.nanwangpaperbag.com\/#website\"},\"primaryImageOfPage\":{\"@id\":\"https:\/\/www.nanwangpaperbag.com\/product\/food-wrapper-paper\/#primaryimage\"},\"image\":{\"@id\":\"https:\/\/www.nanwangpaperbag.com\/product\/food-wrapper-paper\/#primaryimage\"},\"thumbnailUrl\":\"https:\/\/www.nanwangpaperbag.com\/wp-content\/uploads\/2025\/04\/Food-Wrapper-Paper_1-1.webp\",\"datePublished\":\"2025-04-17T01:57:10+00:00\",\"dateModified\":\"2025-05-14T06:50:24+00:00\",\"description\":\"Food Wrapper Paper - Nanwang Paper Packaging , we supply Luxury Paper Bags, Shopping Paper Bag, Paper Carry Bag, Delivery Bag for you with good price.\",\"breadcrumb\":{\"@id\":\"https:\/\/www.nanwangpaperbag.com\/product\/food-wrapper-paper\/#breadcrumb\"},\"inLanguage\":\"fr-FR\",\"potentialAction\":[{\"@type\":\"ReadAction\",\"target\":[\"https:\/\/www.nanwangpaperbag.com\/product\/food-wrapper-paper\/\"]}]},{\"@type\":\"ImageObject\",\"inLanguage\":\"fr-FR\",\"@id\":\"https:\/\/www.nanwangpaperbag.com\/product\/food-wrapper-paper\/#primaryimage\",\"url\":\"https:\/\/www.nanwangpaperbag.com\/wp-content\/uploads\/2025\/04\/Food-Wrapper-Paper_1-1.webp\",\"contentUrl\":\"https:\/\/www.nanwangpaperbag.com\/wp-content\/uploads\/2025\/04\/Food-Wrapper-Paper_1-1.webp\",\"width\":730,\"height\":730,\"caption\":\"Food Wrapper Paper\"},{\"@type\":\"BreadcrumbList\",\"@id\":\"https:\/\/www.nanwangpaperbag.com\/product\/food-wrapper-paper\/#breadcrumb\",\"itemListElement\":[{\"@type\":\"ListItem\",\"position\":1,\"name\":\"Home\",\"item\":\"https:\/\/www.nanwangpaperbag.com\/\"},{\"@type\":\"ListItem\",\"position\":2,\"name\":\"Productos\",\"item\":\"https:\/\/www.nanwangpaperbag.com\/es\/shop\/\"},{\"@type\":\"ListItem\",\"position\":3,\"name\":\"Food Wrapper Paper\"}]},{\"@type\":\"WebSite\",\"@id\":\"https:\/\/www.nanwangpaperbag.com\/#website\",\"url\":\"https:\/\/www.nanwangpaperbag.com\/\",\"name\":\"Nanwang Paper Packaging\",\"description\":\"\",\"publisher\":{\"@id\":\"https:\/\/www.nanwangpaperbag.com\/#organization\"},\"potentialAction\":[{\"@type\":\"SearchAction\",\"target\":{\"@type\":\"EntryPoint\",\"urlTemplate\":\"https:\/\/www.nanwangpaperbag.com\/?s={search_term_string}\"},\"query-input\":\"required name=search_term_string\"}],\"inLanguage\":\"fr-FR\"},{\"@type\":\"Organization\",\"@id\":\"https:\/\/www.nanwangpaperbag.com\/#organization\",\"name\":\"Nanwang Pack\",\"url\":\"https:\/\/www.nanwangpaperbag.com\/\",\"logo\":{\"@type\":\"ImageObject\",\"inLanguage\":\"fr-FR\",\"@id\":\"https:\/\/www.nanwangpaperbag.com\/#\/schema\/logo\/image\/\",\"url\":\"https:\/\/www.nanwangpaperbag.com\/wp-content\/uploads\/2025\/03\/logo2.webp\",\"contentUrl\":\"https:\/\/www.nanwangpaperbag.com\/wp-content\/uploads\/2025\/03\/logo2.webp\",\"width\":433,\"height\":407,\"caption\":\"Nanwang Pack\"},\"image\":{\"@id\":\"https:\/\/www.nanwangpaperbag.com\/#\/schema\/logo\/image\/\"},\"sameAs\":[\"https:\/\/www.facebook.com\/NanwangPaperBag\",\"https:\/\/x.com\/NanwangPack\",\"https:\/\/www.linkedin.com\/company\/nanwang-paper-bag\/\",\"https:\/\/www.youtube.com\/@NanwangPaperBag\",\"https:\/\/www.tiktok.com\/@nanwangpaperbag\"]}]}<\/script>\n<!-- \/ Yoast SEO plugin. -->","yoast_head_json":{"title":"Food Wrapper Paper - Nanwang Paper Packaging","description":"Food Wrapper Paper - Nanwang Paper Packaging , we supply Luxury Paper Bags, Shopping Paper Bag, Paper Carry Bag, Delivery Bag for you with good price.","robots":{"index":"index","follow":"follow","max-snippet":"max-snippet:-1","max-image-preview":"max-image-preview:large","max-video-preview":"max-video-preview:-1"},"canonical":"https:\/\/www.nanwangpaperbag.com\/fr\/produit\/papier-demballage-alimentaire\/","og_locale":"fr_FR","og_type":"article","og_title":"Food Wrapper Paper - Nanwang Paper Packaging","og_description":"Food Wrapper Paper - Nanwang Paper Packaging , we supply Luxury Paper Bags, Shopping Paper Bag, Paper Carry Bag, Delivery Bag for you with good price.","og_url":"https:\/\/www.nanwangpaperbag.com\/fr\/produit\/papier-demballage-alimentaire\/","og_site_name":"Nanwang Paper Packaging","article_publisher":"https:\/\/www.facebook.com\/NanwangPaperBag","article_modified_time":"2025-05-14T06:50:24+00:00","og_image":[{"width":730,"height":730,"url":"https:\/\/www.nanwangpaperbag.com\/wp-content\/uploads\/2025\/04\/Food-Wrapper-Paper_1-1.webp","type":"image\/webp"}],"twitter_card":"summary_large_image","twitter_site":"@NanwangPack","twitter_misc":{"Dur\u00e9e de lecture estim\u00e9e":"2 minutes"},"schema":{"@context":"https:\/\/schema.org","@graph":[{"@type":"WebPage","@id":"https:\/\/www.nanwangpaperbag.com\/product\/food-wrapper-paper\/","url":"https:\/\/www.nanwangpaperbag.com\/product\/food-wrapper-paper\/","name":"Food Wrapper Paper - Nanwang Paper Packaging","isPartOf":{"@id":"https:\/\/www.nanwangpaperbag.com\/#website"},"primaryImageOfPage":{"@id":"https:\/\/www.nanwangpaperbag.com\/product\/food-wrapper-paper\/#primaryimage"},"image":{"@id":"https:\/\/www.nanwangpaperbag.com\/product\/food-wrapper-paper\/#primaryimage"},"thumbnailUrl":"https:\/\/www.nanwangpaperbag.com\/wp-content\/uploads\/2025\/04\/Food-Wrapper-Paper_1-1.webp","datePublished":"2025-04-17T01:57:10+00:00","dateModified":"2025-05-14T06:50:24+00:00","description":"Food Wrapper Paper - Nanwang Paper Packaging , we supply Luxury Paper Bags, Shopping Paper Bag, Paper Carry Bag, Delivery Bag for you with good price.","breadcrumb":{"@id":"https:\/\/www.nanwangpaperbag.com\/product\/food-wrapper-paper\/#breadcrumb"},"inLanguage":"fr-FR","potentialAction":[{"@type":"ReadAction","target":["https:\/\/www.nanwangpaperbag.com\/product\/food-wrapper-paper\/"]}]},{"@type":"ImageObject","inLanguage":"fr-FR","@id":"https:\/\/www.nanwangpaperbag.com\/product\/food-wrapper-paper\/#primaryimage","url":"https:\/\/www.nanwangpaperbag.com\/wp-content\/uploads\/2025\/04\/Food-Wrapper-Paper_1-1.webp","contentUrl":"https:\/\/www.nanwangpaperbag.com\/wp-content\/uploads\/2025\/04\/Food-Wrapper-Paper_1-1.webp","width":730,"height":730,"caption":"Food Wrapper Paper"},{"@type":"BreadcrumbList","@id":"https:\/\/www.nanwangpaperbag.com\/product\/food-wrapper-paper\/#breadcrumb","itemListElement":[{"@type":"ListItem","position":1,"name":"Home","item":"https:\/\/www.nanwangpaperbag.com\/"},{"@type":"ListItem","position":2,"name":"Productos","item":"https:\/\/www.nanwangpaperbag.com\/es\/shop\/"},{"@type":"ListItem","position":3,"name":"Food Wrapper Paper"}]},{"@type":"WebSite","@id":"https:\/\/www.nanwangpaperbag.com\/#website","url":"https:\/\/www.nanwangpaperbag.com\/","name":"Nanwang Paper Packaging","description":"","publisher":{"@id":"https:\/\/www.nanwangpaperbag.com\/#organization"},"potentialAction":[{"@type":"SearchAction","target":{"@type":"EntryPoint","urlTemplate":"https:\/\/www.nanwangpaperbag.com\/?s={search_term_string}"},"query-input":"required name=search_term_string"}],"inLanguage":"fr-FR"},{"@type":"Organization","@id":"https:\/\/www.nanwangpaperbag.com\/#organization","name":"Nanwang Pack","url":"https:\/\/www.nanwangpaperbag.com\/","logo":{"@type":"ImageObject","inLanguage":"fr-FR","@id":"https:\/\/www.nanwangpaperbag.com\/#\/schema\/logo\/image\/","url":"https:\/\/www.nanwangpaperbag.com\/wp-content\/uploads\/2025\/03\/logo2.webp","contentUrl":"https:\/\/www.nanwangpaperbag.com\/wp-content\/uploads\/2025\/03\/logo2.webp","width":433,"height":407,"caption":"Nanwang Pack"},"image":{"@id":"https:\/\/www.nanwangpaperbag.com\/#\/schema\/logo\/image\/"},"sameAs":["https:\/\/www.facebook.com\/NanwangPaperBag","https:\/\/x.com\/NanwangPack","https:\/\/www.linkedin.com\/company\/nanwang-paper-bag\/","https:\/\/www.youtube.com\/@NanwangPaperBag","https:\/\/www.tiktok.com\/@nanwangpaperbag"]}]}},"_links":{"self":[{"href":"https:\/\/www.nanwangpaperbag.com\/fr\/wp-json\/wp\/v2\/product\/12392"}],"collection":[{"href":"https:\/\/www.nanwangpaperbag.com\/fr\/wp-json\/wp\/v2\/product"}],"about":[{"href":"https:\/\/www.nanwangpaperbag.com\/fr\/wp-json\/wp\/v2\/types\/product"}],"replies":[{"embeddable":true,"href":"https:\/\/www.nanwangpaperbag.com\/fr\/wp-json\/wp\/v2\/comments?post=12392"}],"wp:featuredmedia":[{"embeddable":true,"href":"https:\/\/www.nanwangpaperbag.com\/fr\/wp-json\/wp\/v2\/media\/12396"}],"wp:attachment":[{"href":"https:\/\/www.nanwangpaperbag.com\/fr\/wp-json\/wp\/v2\/media?parent=12392"}],"wp:term":[{"taxonomy":"product_cat","embeddable":true,"href":"https:\/\/www.nanwangpaperbag.com\/fr\/wp-json\/wp\/v2\/product_cat?post=12392"},{"taxonomy":"product_tag","embeddable":true,"href":"https:\/\/www.nanwangpaperbag.com\/fr\/wp-json\/wp\/v2\/product_tag?post=12392"}],"curies":[{"name":"wp","href":"https:\/\/api.w.org\/{rel}","templated":true}]}}