{"id":12408,"date":"2025-04-16T02:11:45","date_gmt":"2025-04-16T02:11:45","guid":{"rendered":"https:\/\/www.nanwangpaperbag.com\/?post_type=product&#038;p=12408"},"modified":"2025-05-14T06:47:04","modified_gmt":"2025-05-14T06:47:04","slug":"disposable-placemats","status":"publish","type":"product","link":"https:\/\/www.nanwangpaperbag.com\/fr\/produit\/sets-de-table-jetables\/","title":{"rendered":"Sets de table jetables"},"content":{"rendered":"<p><a href=\"https:\/\/www.nanwangpaperbag.com\/fr\/produit\/sets-de-table-jetables\/\"><strong>Sets de table jetables<\/strong> <\/a>sont largement utilis\u00e9s sur les tables des h\u00f4tels, des fast-foods et des restaurants de poulet frit. Elles sont fabriqu\u00e9es \u00e0 partir de papier et d'encres de qualit\u00e9 alimentaire, avec une impression exquise et respectueuse de l'environnement.<\/p>\n<p>Les dimensions sont facultatives et peuvent \u00eatre personnalis\u00e9es en fonction des besoins du client. Par ailleurs, l'impression du logo sur les sets de table vous permet d'accro\u00eetre l'effet publicitaire.<\/p>\n<p><img loading=\"lazy\" decoding=\"async\" class=\"wp-image-12414 aligncenter\" data-src=\"https:\/\/www.nanwangpaperbag.com\/wp-content\/uploads\/2025\/04\/Disposable-Placemats_5.webp\" alt=\"Sets de table jetables\" width=\"472\" height=\"472\" \/><\/p>\n<h2>Caract\u00e9ristiques<\/h2>\n<ol>\n<li>Encres environnementales, s\u00fbres et saines<\/li>\n<li>R\u00e9sistant aux graisses<\/li>\n<li>Plusieurs choix de styles<\/li>\n<li>Durable<\/li>\n<\/ol>\n<h2>Application<\/h2>\n<ul>\n<li>Caf\u00e9<\/li>\n<li>Table \u00e0 manger<\/li>\n<li>Restaurant<\/li>\n<li>Magasin de burgers<\/li>\n<li>Restaurant de marmites chaudes<\/li>\n<\/ul>\n<h2>Pourquoi nous choisir ?<\/h2>\n<ul>\n<li>Certifi\u00e9s ISO 22000:2018 (S\u00e9curit\u00e9 alimentaire), ISO 9001:2015 (Qualit\u00e9), ISO 14001:2015 (Environnement), FSC-COC et BRC (Grade A+), nous maintenons un syst\u00e8me rigoureux de gestion de la qualit\u00e9 sp\u00e9cialement con\u00e7u pour <a href=\"https:\/\/www.nanwangpaperbag.com\/fr\/category\/food-service-disposables\/\"><strong>produits jetables pour la restauration<\/strong><\/a>.<\/li>\n<li>Notre \u00e9quipe de recherche et d\u00e9veloppement, qui b\u00e9n\u00e9ficie d'un investissement annuel sup\u00e9rieur \u00e0 30 millions de RMB, a mis au point 14 technologies de pointe, notamment la conception de sacs en U \u00e0 pliage interne, la fixation automatis\u00e9e des poign\u00e9es et les rev\u00eatements anti-p\u00e9n\u00e9tration, toutes optimis\u00e9es pour la performance et la s\u00e9curit\u00e9 des produits jetables destin\u00e9s \u00e0 la restauration.<\/li>\n<li data-spm-anchor-id=\"5176.28103460.0.i6.34eb451eSgZalA\">Avec 84 brevets nationaux (8 brevets d'invention) et 5 brevets internationaux, notre laboratoire de pointe int\u00e8gre les essais de mat\u00e9riaux, l'analyse des donn\u00e9es et l'innovation \u00e9cologique pour garantir les normes les plus \u00e9lev\u00e9es en mati\u00e8re d'articles jetables pour la restauration.<\/li>\n<\/ul>\n<h2>FAQ<\/h2>\n<p>Q1:Pouvez-vous nous aider \u00e0 concevoir ?<br \/>\nR:Oui, il vous suffit de nous faire part de votre id\u00e9e, nous vous conseillerons quelques articles de r\u00e9f\u00e9rence et nous vous aiderons \u00e0 concevoir le sac sp\u00e9cialement pour vous.<\/p>\n<p>Q2 : Qu'en est-il de la quantit\u00e9 minimale de pi\u00e8ces (MOQ) ?<br \/>\nR:Le MOQ est de 50000 pi\u00e8ces par design et par taille. Mais nous voulons vous soutenir dans votre nouvelle activit\u00e9, une petite commande de 20000 pi\u00e8ces est acceptable pour un essai. De nombreuses nouvelles marques choisissent de travailler avec nous au d\u00e9but et nous sommes tr\u00e8s heureux de les voir grandir.<\/p>\n<p>Q3:Puis-je obtenir un \u00e9chantillon avant de passer une commande en gros ?<br \/>\nR:Oui, afin de tester la qualit\u00e9, vous pouvez obtenir un \u00e9chantillon avant de passer une commande en gros. Nous sommes tr\u00e8s confiants quant \u00e0 la qualit\u00e9 de nos produits. Le d\u00e9lai d'obtention d'un \u00e9chantillon est de 3 \u00e0 5 jours.<\/p>\n<p>Q4:Qu'en est-il de votre service apr\u00e8s-vente ?<br \/>\nR:Nous r\u00e9pondons \u00e0 toutes les demandes dans les 12 heures et faisons de notre mieux pour r\u00e9pondre \u00e0 la demande des clients, nous consulterons et suivrons les ventes et manipulations appropri\u00e9es.<\/p>\n<p>Q5:Quels sont vos d\u00e9lais de fabrication et d'exp\u00e9dition ?<br \/>\nR:Environ 25-35 jours apr\u00e8s confirmation des d\u00e9tails.<\/p>","protected":false},"excerpt":{"rendered":"<p>Item: Disposable Paper Placemats Available<br \/>\nSize: 230X340\/250X350mm<br \/>\nCustomized Logo: 1-8 colors by flexo printing<br \/>\nPaper Material: Brown Kraft Paper, white kraft paper, PE coated Paper<br \/>\nPrinting Colors: Up to 5 colors<br \/>\nPaper Weight: 23-80g\/m2<br \/>\nPackaging info: Packed in poly bag,then in standard export carton<\/p>","protected":false},"featured_media":12415,"comment_status":"open","ping_status":"closed","template":"","meta":{"_et_pb_use_builder":"","_et_pb_old_content":"","_et_gb_content_width":""},"product_cat":[284,289],"product_tag":[344,315],"yoast_head":"<!-- This site is optimized with the Yoast SEO plugin v22.7 - https:\/\/yoast.com\/wordpress\/plugins\/seo\/ -->\n<title>Disposable Placemats - Nanwang Paper Packaging<\/title>\n<meta name=\"description\" content=\"Disposable Placemats - Nanwang Paper Packaging , we supply Luxury Paper Bags, Shopping Paper Bag, Paper Carry Bag, Delivery Bag for you with good price.\" \/>\n<meta name=\"robots\" content=\"index, follow, max-snippet:-1, max-image-preview:large, max-video-preview:-1\" \/>\n<link rel=\"canonical\" href=\"https:\/\/www.nanwangpaperbag.com\/fr\/produit\/sets-de-table-jetables\/\" \/>\n<meta property=\"og:locale\" content=\"fr_FR\" \/>\n<meta property=\"og:type\" content=\"article\" \/>\n<meta property=\"og:title\" content=\"Disposable Placemats - Nanwang Paper Packaging\" \/>\n<meta property=\"og:description\" content=\"Disposable Placemats - Nanwang Paper Packaging , we supply Luxury Paper Bags, Shopping Paper Bag, Paper Carry Bag, Delivery Bag for you with good price.\" \/>\n<meta property=\"og:url\" content=\"https:\/\/www.nanwangpaperbag.com\/fr\/produit\/sets-de-table-jetables\/\" \/>\n<meta property=\"og:site_name\" content=\"Nanwang Paper Packaging\" \/>\n<meta property=\"article:publisher\" content=\"https:\/\/www.facebook.com\/NanwangPaperBag\" \/>\n<meta property=\"article:modified_time\" content=\"2025-05-14T06:47:04+00:00\" \/>\n<meta property=\"og:image\" content=\"https:\/\/www.nanwangpaperbag.com\/wp-content\/uploads\/2025\/04\/Disposable-Placemats_1.webp\" \/>\n\t<meta property=\"og:image:width\" content=\"800\" \/>\n\t<meta property=\"og:image:height\" content=\"800\" \/>\n\t<meta property=\"og:image:type\" content=\"image\/webp\" \/>\n<meta name=\"twitter:card\" content=\"summary_large_image\" \/>\n<meta name=\"twitter:site\" content=\"@NanwangPack\" \/>\n<meta name=\"twitter:label1\" content=\"Dur\u00e9e de lecture estim\u00e9e\" \/>\n\t<meta name=\"twitter:data1\" content=\"2 minutes\" \/>\n<script type=\"application\/ld+json\" class=\"yoast-schema-graph\">{\"@context\":\"https:\/\/schema.org\",\"@graph\":[{\"@type\":\"WebPage\",\"@id\":\"https:\/\/www.nanwangpaperbag.com\/product\/disposable-placemats\/\",\"url\":\"https:\/\/www.nanwangpaperbag.com\/product\/disposable-placemats\/\",\"name\":\"Disposable Placemats - Nanwang Paper Packaging\",\"isPartOf\":{\"@id\":\"https:\/\/www.nanwangpaperbag.com\/#website\"},\"primaryImageOfPage\":{\"@id\":\"https:\/\/www.nanwangpaperbag.com\/product\/disposable-placemats\/#primaryimage\"},\"image\":{\"@id\":\"https:\/\/www.nanwangpaperbag.com\/product\/disposable-placemats\/#primaryimage\"},\"thumbnailUrl\":\"https:\/\/www.nanwangpaperbag.com\/wp-content\/uploads\/2025\/04\/Disposable-Placemats_1.webp\",\"datePublished\":\"2025-04-16T02:11:45+00:00\",\"dateModified\":\"2025-05-14T06:47:04+00:00\",\"description\":\"Disposable Placemats - Nanwang Paper Packaging , we supply Luxury Paper Bags, Shopping Paper Bag, Paper Carry Bag, Delivery Bag for you with good price.\",\"breadcrumb\":{\"@id\":\"https:\/\/www.nanwangpaperbag.com\/product\/disposable-placemats\/#breadcrumb\"},\"inLanguage\":\"fr-FR\",\"potentialAction\":[{\"@type\":\"ReadAction\",\"target\":[\"https:\/\/www.nanwangpaperbag.com\/product\/disposable-placemats\/\"]}]},{\"@type\":\"ImageObject\",\"inLanguage\":\"fr-FR\",\"@id\":\"https:\/\/www.nanwangpaperbag.com\/product\/disposable-placemats\/#primaryimage\",\"url\":\"https:\/\/www.nanwangpaperbag.com\/wp-content\/uploads\/2025\/04\/Disposable-Placemats_1.webp\",\"contentUrl\":\"https:\/\/www.nanwangpaperbag.com\/wp-content\/uploads\/2025\/04\/Disposable-Placemats_1.webp\",\"width\":800,\"height\":800,\"caption\":\"Disposable Placemats\"},{\"@type\":\"BreadcrumbList\",\"@id\":\"https:\/\/www.nanwangpaperbag.com\/product\/disposable-placemats\/#breadcrumb\",\"itemListElement\":[{\"@type\":\"ListItem\",\"position\":1,\"name\":\"Home\",\"item\":\"https:\/\/www.nanwangpaperbag.com\/\"},{\"@type\":\"ListItem\",\"position\":2,\"name\":\"Productos\",\"item\":\"https:\/\/www.nanwangpaperbag.com\/es\/shop\/\"},{\"@type\":\"ListItem\",\"position\":3,\"name\":\"Disposable Placemats\"}]},{\"@type\":\"WebSite\",\"@id\":\"https:\/\/www.nanwangpaperbag.com\/#website\",\"url\":\"https:\/\/www.nanwangpaperbag.com\/\",\"name\":\"Nanwang Paper Packaging\",\"description\":\"\",\"publisher\":{\"@id\":\"https:\/\/www.nanwangpaperbag.com\/#organization\"},\"potentialAction\":[{\"@type\":\"SearchAction\",\"target\":{\"@type\":\"EntryPoint\",\"urlTemplate\":\"https:\/\/www.nanwangpaperbag.com\/?s={search_term_string}\"},\"query-input\":\"required name=search_term_string\"}],\"inLanguage\":\"fr-FR\"},{\"@type\":\"Organization\",\"@id\":\"https:\/\/www.nanwangpaperbag.com\/#organization\",\"name\":\"Nanwang Pack\",\"url\":\"https:\/\/www.nanwangpaperbag.com\/\",\"logo\":{\"@type\":\"ImageObject\",\"inLanguage\":\"fr-FR\",\"@id\":\"https:\/\/www.nanwangpaperbag.com\/#\/schema\/logo\/image\/\",\"url\":\"https:\/\/www.nanwangpaperbag.com\/wp-content\/uploads\/2025\/03\/logo2.webp\",\"contentUrl\":\"https:\/\/www.nanwangpaperbag.com\/wp-content\/uploads\/2025\/03\/logo2.webp\",\"width\":433,\"height\":407,\"caption\":\"Nanwang Pack\"},\"image\":{\"@id\":\"https:\/\/www.nanwangpaperbag.com\/#\/schema\/logo\/image\/\"},\"sameAs\":[\"https:\/\/www.facebook.com\/NanwangPaperBag\",\"https:\/\/x.com\/NanwangPack\",\"https:\/\/www.linkedin.com\/company\/nanwang-paper-bag\/\",\"https:\/\/www.youtube.com\/@NanwangPaperBag\",\"https:\/\/www.tiktok.com\/@nanwangpaperbag\"]}]}<\/script>\n<!-- \/ Yoast SEO plugin. -->","yoast_head_json":{"title":"Disposable Placemats - Nanwang Paper Packaging","description":"Disposable Placemats - Nanwang Paper Packaging , we supply Luxury Paper Bags, Shopping Paper Bag, Paper Carry Bag, Delivery Bag for you with good price.","robots":{"index":"index","follow":"follow","max-snippet":"max-snippet:-1","max-image-preview":"max-image-preview:large","max-video-preview":"max-video-preview:-1"},"canonical":"https:\/\/www.nanwangpaperbag.com\/fr\/produit\/sets-de-table-jetables\/","og_locale":"fr_FR","og_type":"article","og_title":"Disposable Placemats - Nanwang Paper Packaging","og_description":"Disposable Placemats - Nanwang Paper Packaging , we supply Luxury Paper Bags, Shopping Paper Bag, Paper Carry Bag, Delivery Bag for you with good price.","og_url":"https:\/\/www.nanwangpaperbag.com\/fr\/produit\/sets-de-table-jetables\/","og_site_name":"Nanwang Paper Packaging","article_publisher":"https:\/\/www.facebook.com\/NanwangPaperBag","article_modified_time":"2025-05-14T06:47:04+00:00","og_image":[{"width":800,"height":800,"url":"https:\/\/www.nanwangpaperbag.com\/wp-content\/uploads\/2025\/04\/Disposable-Placemats_1.webp","type":"image\/webp"}],"twitter_card":"summary_large_image","twitter_site":"@NanwangPack","twitter_misc":{"Dur\u00e9e de lecture estim\u00e9e":"2 minutes"},"schema":{"@context":"https:\/\/schema.org","@graph":[{"@type":"WebPage","@id":"https:\/\/www.nanwangpaperbag.com\/product\/disposable-placemats\/","url":"https:\/\/www.nanwangpaperbag.com\/product\/disposable-placemats\/","name":"Disposable Placemats - Nanwang Paper Packaging","isPartOf":{"@id":"https:\/\/www.nanwangpaperbag.com\/#website"},"primaryImageOfPage":{"@id":"https:\/\/www.nanwangpaperbag.com\/product\/disposable-placemats\/#primaryimage"},"image":{"@id":"https:\/\/www.nanwangpaperbag.com\/product\/disposable-placemats\/#primaryimage"},"thumbnailUrl":"https:\/\/www.nanwangpaperbag.com\/wp-content\/uploads\/2025\/04\/Disposable-Placemats_1.webp","datePublished":"2025-04-16T02:11:45+00:00","dateModified":"2025-05-14T06:47:04+00:00","description":"Disposable Placemats - Nanwang Paper Packaging , we supply Luxury Paper Bags, Shopping Paper Bag, Paper Carry Bag, Delivery Bag for you with good price.","breadcrumb":{"@id":"https:\/\/www.nanwangpaperbag.com\/product\/disposable-placemats\/#breadcrumb"},"inLanguage":"fr-FR","potentialAction":[{"@type":"ReadAction","target":["https:\/\/www.nanwangpaperbag.com\/product\/disposable-placemats\/"]}]},{"@type":"ImageObject","inLanguage":"fr-FR","@id":"https:\/\/www.nanwangpaperbag.com\/product\/disposable-placemats\/#primaryimage","url":"https:\/\/www.nanwangpaperbag.com\/wp-content\/uploads\/2025\/04\/Disposable-Placemats_1.webp","contentUrl":"https:\/\/www.nanwangpaperbag.com\/wp-content\/uploads\/2025\/04\/Disposable-Placemats_1.webp","width":800,"height":800,"caption":"Disposable Placemats"},{"@type":"BreadcrumbList","@id":"https:\/\/www.nanwangpaperbag.com\/product\/disposable-placemats\/#breadcrumb","itemListElement":[{"@type":"ListItem","position":1,"name":"Home","item":"https:\/\/www.nanwangpaperbag.com\/"},{"@type":"ListItem","position":2,"name":"Productos","item":"https:\/\/www.nanwangpaperbag.com\/es\/shop\/"},{"@type":"ListItem","position":3,"name":"Disposable Placemats"}]},{"@type":"WebSite","@id":"https:\/\/www.nanwangpaperbag.com\/#website","url":"https:\/\/www.nanwangpaperbag.com\/","name":"Nanwang Paper Packaging","description":"","publisher":{"@id":"https:\/\/www.nanwangpaperbag.com\/#organization"},"potentialAction":[{"@type":"SearchAction","target":{"@type":"EntryPoint","urlTemplate":"https:\/\/www.nanwangpaperbag.com\/?s={search_term_string}"},"query-input":"required name=search_term_string"}],"inLanguage":"fr-FR"},{"@type":"Organization","@id":"https:\/\/www.nanwangpaperbag.com\/#organization","name":"Nanwang Pack","url":"https:\/\/www.nanwangpaperbag.com\/","logo":{"@type":"ImageObject","inLanguage":"fr-FR","@id":"https:\/\/www.nanwangpaperbag.com\/#\/schema\/logo\/image\/","url":"https:\/\/www.nanwangpaperbag.com\/wp-content\/uploads\/2025\/03\/logo2.webp","contentUrl":"https:\/\/www.nanwangpaperbag.com\/wp-content\/uploads\/2025\/03\/logo2.webp","width":433,"height":407,"caption":"Nanwang Pack"},"image":{"@id":"https:\/\/www.nanwangpaperbag.com\/#\/schema\/logo\/image\/"},"sameAs":["https:\/\/www.facebook.com\/NanwangPaperBag","https:\/\/x.com\/NanwangPack","https:\/\/www.linkedin.com\/company\/nanwang-paper-bag\/","https:\/\/www.youtube.com\/@NanwangPaperBag","https:\/\/www.tiktok.com\/@nanwangpaperbag"]}]}},"_links":{"self":[{"href":"https:\/\/www.nanwangpaperbag.com\/fr\/wp-json\/wp\/v2\/product\/12408"}],"collection":[{"href":"https:\/\/www.nanwangpaperbag.com\/fr\/wp-json\/wp\/v2\/product"}],"about":[{"href":"https:\/\/www.nanwangpaperbag.com\/fr\/wp-json\/wp\/v2\/types\/product"}],"replies":[{"embeddable":true,"href":"https:\/\/www.nanwangpaperbag.com\/fr\/wp-json\/wp\/v2\/comments?post=12408"}],"wp:featuredmedia":[{"embeddable":true,"href":"https:\/\/www.nanwangpaperbag.com\/fr\/wp-json\/wp\/v2\/media\/12415"}],"wp:attachment":[{"href":"https:\/\/www.nanwangpaperbag.com\/fr\/wp-json\/wp\/v2\/media?parent=12408"}],"wp:term":[{"taxonomy":"product_cat","embeddable":true,"href":"https:\/\/www.nanwangpaperbag.com\/fr\/wp-json\/wp\/v2\/product_cat?post=12408"},{"taxonomy":"product_tag","embeddable":true,"href":"https:\/\/www.nanwangpaperbag.com\/fr\/wp-json\/wp\/v2\/product_tag?post=12408"}],"curies":[{"name":"wp","href":"https:\/\/api.w.org\/{rel}","templated":true}]}}