{"id":13186,"date":"2025-08-05T06:01:17","date_gmt":"2025-08-05T06:01:17","guid":{"rendered":"https:\/\/www.nanwangpaperbag.com\/?post_type=product&#038;p=13186"},"modified":"2025-08-05T06:02:53","modified_gmt":"2025-08-05T06:02:53","slug":"waterproof-self-sealing-paper-bag-eco-friendly-takeaway-packaging-delivery-bag","status":"publish","type":"product","link":"https:\/\/www.nanwangpaperbag.com\/fr\/produit\/sac-en-papier-impermeable-et-auto-scellant-emballage-a-emporter-ecologique-sac-de-livraison\/","title":{"rendered":"Sac en papier imperm\u00e9able et auto-scellant Emballage \u00e0 emporter \u00e9cologique Sac de livraison"},"content":{"rendered":"<h2>R\u00e9pondre aux difficult\u00e9s du march\u00e9<\/h2>\n<p>1. le march\u00e9 actuel est confront\u00e9 \u00e0 des d\u00e9fis importants, que notre papier imperm\u00e9able et auto-obturant doit relever. <a href=\"https:\/\/www.nanwangpaperbag.com\/fr\/produit\/sac-en-papier-impermeable-et-auto-scellant-emballage-a-emporter-ecologique-sac-de-livraison\/\"><strong>Sac de livraison<\/strong><\/a> est sp\u00e9cialement con\u00e7u pour surmonter les difficult\u00e9s :<br \/>\n2. la pression environnementale : La pollution plastique est une crise mondiale, avec environ 8 millions de tonnes de d\u00e9chets plastiques entrant dans nos oc\u00e9ans chaque ann\u00e9e. Une grande partie de ces d\u00e9chets provient des emballages traditionnels des plats \u00e0 emporter et des livraisons. Nos sacs en papier offrent une alternative durable, r\u00e9duisant de mani\u00e8re significative la d\u00e9pendance \u00e0 l'\u00e9gard des plastiques nocifs.<br \/>\n3. une mauvaise exp\u00e9rience pour le consommateur : Les emballages conventionnels des plats \u00e0 emporter pr\u00e9sentent souvent des fuites pendant le transport, ce qui compromet l'hygi\u00e8ne alimentaire et entra\u00eene une exp\u00e9rience frustrante pour le consommateur. Notre conception robuste et imperm\u00e9able garantit la s\u00e9curit\u00e9 et la puret\u00e9 du contenu.<br \/>\n4. l'absence de protection de la vie priv\u00e9e : Les emballages standard sont souvent d\u00e9pourvus de dispositifs d'inviolabilit\u00e9, ce qui rend les colis susceptibles d'\u00eatre vol\u00e9s ou alt\u00e9r\u00e9s. En outre, des informations sensibles sur le produit peuvent \u00eatre expos\u00e9es, mettant en p\u00e9ril la confidentialit\u00e9 et la s\u00e9curit\u00e9 de l'utilisateur. Notre m\u00e9canisme d'auto-scellage offre une s\u00e9curit\u00e9 et une confidentialit\u00e9 accrues \u00e0 vos clients.<\/p>\n<h2>Caract\u00e9ristiques de ce sac de livraison<\/h2>\n<p>1. Performance sup\u00e9rieure en mati\u00e8re d'\u00e9tanch\u00e9it\u00e9<br \/>\nLa couche de vernis hydrofuge passe un test de pluie de 30 minutes, bloquant efficacement l'eau de pluie et la condensation.<\/p>\n<p>2. Conception innovante d'auto-\u00e9tanch\u00e9it\u00e9<br \/>\nStructure auto-scellante \u00e0 triple languette avec \u00e9tiquette adh\u00e9sive d'inviolabilit\u00e9.<\/p>\n<p>Une fois scell\u00e9, le sac ne peut \u00eatre rouvert sans \u00eatre endommag\u00e9, ce qui garantit la confidentialit\u00e9.<\/p>\n<p>Ouverture facile \u00e0 d\u00e9chirer pour une exp\u00e9rience d'utilisation en douceur.<\/p>\n<p>3. Mat\u00e9riau \u00e9cologique<br \/>\nFabriqu\u00e9 \u00e0 partir de papier durable, il allie durabilit\u00e9 et responsabilit\u00e9 environnementale.<\/p>\n<h2>Conception d\u00e9taill\u00e9e et construction<\/h2>\n<p>Chaque aspect de nos sacs en papier imperm\u00e9ables et auto-scellants est m\u00e9ticuleusement con\u00e7u pour la performance et la fiabilit\u00e9 :<br \/>\nCorde anti-d\u00e9tachement : les poign\u00e9es de corde portables sont renforc\u00e9es par un processus de collage secondaire pour emp\u00eacher le d\u00e9tachement et garantir un transport s\u00fbr.<br \/>\nAnti-fuites lat\u00e9rales : Les sacs sont int\u00e9gr\u00e9s \u00e0 la machine pendant la fabrication, ce qui cr\u00e9e une structure sans couture qui \u00e9limine les fuites lat\u00e9rales.<br \/>\nAnti-fuites au niveau du fond : Des lignes de pliage pr\u00e9cises et un collage secondaire \u00e0 la base garantissent une base plate et s\u00fbre, emp\u00eachant toute fuite.<\/p>\n<h2>Param\u00e8tres de ce sac de livraison<\/h2>\n<p>Largeur : 200-540 mm<br \/>\nHauteur : 290-650 mm<br \/>\nLargeur de la colle : 10-35mm<br \/>\nPoign\u00e9e lat\u00e9rale : 80-200mm<br \/>\nLongueur de la languette : 39-60mm<br \/>\nGamme de grammage : 120g-250g<\/p>\n<h2>Sc\u00e9narios d'utilisation<\/h2>\n<p>Nos sacs en papier imperm\u00e9ables et auto-scellants sont polyvalents et parfaitement adapt\u00e9s \u00e0 un large \u00e9ventail d'activit\u00e9s :<br \/>\nRestaurants haut de gamme<br \/>\nCaf\u00e9s<br \/>\nPharmacies<br \/>\nMagasins de th\u00e9 au lait<br \/>\nBoulangeries<br \/>\n\u00c9tablissements de restauration rapide occidentaux<\/p>\n<h2>Processus personnalis\u00e9<\/h2>\n<p>Nous rendons la personnalisation simple et directe :<br \/>\n01. Consulter le service client\u00e8le : Contactez notre \u00e9quipe pour discuter de vos besoins.<br \/>\n02. Recevoir un devis : Nous vous fournirons un devis d\u00e9taill\u00e9 sur la base de vos sp\u00e9cifications.<br \/>\n03. Service de conception gratuit : Nos designers experts cr\u00e9eront une maquette pour votre approbation.<br \/>\n04. Confirmer la solution : Finaliser la conception et les sp\u00e9cifications.<br \/>\n05. Commande et paiement : Passez votre commande.<br \/>\n06. Atelier de production : Nos installations ultramodernes entrent en production.<br \/>\n07. Inspection et exp\u00e9dition : Nous inspectons rigoureusement votre commande avant de l'exp\u00e9dier.<br \/>\n08. Confirmer la r\u00e9ception : Vous recevez vos sacs personnalis\u00e9s de haute qualit\u00e9.<\/p>\n<h2>Notre force<\/h2>\n<p>En tant que principal fournisseur d'emballages \u00e9cologiques, nous apportons une force et une exp\u00e9rience in\u00e9gal\u00e9es \u00e0 chaque partenariat :<br \/>\n1) Partenaire de confiance : Un fournisseur privil\u00e9gi\u00e9 pour de nombreuses entreprises Fortune 500 dans le monde entier.<br \/>\n2. leader du secteur : Class\u00e9e parmi les 100 premi\u00e8res entreprises d'imprimerie de Chine pendant six ann\u00e9es cons\u00e9cutives.<br \/>\n3. un portefeuille de produits diversifi\u00e9 : Capable de produire une large gamme de produits, y compris des emballages en papier, des sacs non tiss\u00e9s, des \u00e9tiquettes et des rouleaux de papier pour points de vente.<br \/>\n4. une solution unique : Nous proposons des solutions compl\u00e8tes pour r\u00e9pondre \u00e0 tous vos besoins en mati\u00e8re d'emballage.<br \/>\n5. pionnier de l'emballage \u00e9cologique : Premi\u00e8re soci\u00e9t\u00e9 chinoise cot\u00e9e en bourse sp\u00e9cialis\u00e9e dans les sacs en papier respectueux de l'environnement.<br \/>\n6. une pr\u00e9sence mondiale : Avec 13 filiales et 2 bureaux principaux dans le monde, nous fournissons des services rapides, stables et complets \u00e0 nos clients nationaux et internationaux. Nos installations comprennent<br \/>\nUsine de Fujian<br \/>\nUsine de Hebei<br \/>\nUsine de Hubei<br \/>\nUsine d'Anhui<br \/>\nBudaibaozi Company<br \/>\nUsine d'Indon\u00e9sie<\/p>\n<h2>Points forts de la production et de l'innovation<\/h2>\n<p>1) Capacit\u00e9 de production massive : Production annuelle de 2,7 milliards de sacs en papier respectueux de l'environnement, de 9,5 milliards de sacs en plastique, de 3,5 milliards de sacs en plastique. <a href=\"https:\/\/www.nanwangpaperbag.com\/fr\/category\/food-grade-paper-bag\/\"><strong>emballage alimentaire<\/strong><\/a> 2 milliards de sacs non tiss\u00e9s et 200 millions de m\u00e8tres carr\u00e9s d'\u00e9tiquettes et de produits de r\u00e9ception.<br \/>\n2. \u00e9quipement de pointe : Plus de 400 machines de production principales et plus de 100 dispositifs d'inspection et d'essai.<br \/>\n3. une propri\u00e9t\u00e9 intellectuelle \u00e9tendue : 94 brevets nationaux autoris\u00e9s et 5 brevets internationaux autoris\u00e9s.<br \/>\n4. une excellence reconnue : La soci\u00e9t\u00e9 a re\u00e7u de nombreuses distinctions, notamment celle d'entreprise de haute technologie de la province de Fujian, d'entreprise provinciale bas\u00e9e sur la technologie, d'entreprise provinciale leader en mati\u00e8re de petits g\u00e9ants de la technologie et d'atelier de fabrication intelligente.<br \/>\n5. qualit\u00e9 certifi\u00e9e : Adh\u00e8re \u00e0 des normes internationales rigoureuses, notamment le syst\u00e8me de gestion de la qualit\u00e9 ISO 9001, le syst\u00e8me de gestion de l'environnement ISO 14001, le syst\u00e8me de gestion de la s\u00e9curit\u00e9 alimentaire ISO 22000, le syst\u00e8me de gestion de la sant\u00e9 et de la s\u00e9curit\u00e9 au travail ISO 45001, le syst\u00e8me de gestion des mat\u00e9riaux d'emballage BRC-IOP et le syst\u00e8me de certification foresti\u00e8re FSC-COC.<br \/>\n6. une port\u00e9e mondiale : Nos activit\u00e9s s'\u00e9tendent \u00e0 plus de 200 pays et r\u00e9gions dans le monde, notamment en Chine, en Asie-Pacifique, en Am\u00e9rique du Nord, au Japon et en Europe.<\/p>\n<p>Pr\u00eat \u00e0 \u00e9lever votre marque gr\u00e2ce \u00e0 un emballage durable, s\u00fbr et innovant ? <a href=\"https:\/\/www.nanwangpaperbag.com\/fr\/nous-contacter\/\"><strong>Contactez nous<\/strong><\/a> d\u00e8s aujourd'hui pour en savoir plus sur nos produits imperm\u00e9ables et auto-obturants. <a href=\"https:\/\/www.nanwangpaperbag.com\/fr\/category\/food-grade-paper-bag\/\"><strong>sacs en papier en vrac<\/strong><\/a> et comment ils peuvent profiter \u00e0 votre entreprise !<\/p>","protected":false},"excerpt":{"rendered":"<p>Dans le monde d'aujourd'hui, o\u00f9 les pr\u00e9occupations environnementales et les attentes des consommateurs sont primordiales, nos sacs en papier innovants, imperm\u00e9ables et \u00e0 fermeture automatique offrent une solution d'emballage r\u00e9volutionnaire. Con\u00e7us pour r\u00e9pondre \u00e0 la demande croissante d'options durables, s\u00fbres et conviviales, ces sacs sont id\u00e9aux pour un large \u00e9ventail d'industries, aidant les marques non seulement \u00e0 \"passer au vert\", mais aussi \u00e0 am\u00e9liorer l'exp\u00e9rience de leurs clients et \u00e0 se diff\u00e9rencier sur un march\u00e9 concurrentiel.<\/p>","protected":false},"featured_media":13188,"comment_status":"closed","ping_status":"closed","template":"","meta":{"_et_pb_use_builder":"","_et_pb_old_content":"","_et_gb_content_width":""},"product_cat":[283,280],"product_tag":[],"yoast_head":"<!-- This site is optimized with the Yoast SEO plugin v22.7 - https:\/\/yoast.com\/wordpress\/plugins\/seo\/ -->\n<title>Delivery Bag - Nanwang Paper Packaging<\/title>\n<meta name=\"description\" content=\"Delivery Bag - Nanwang Paper Packaging , we supply Luxury Paper Bags, Shopping Paper Bag, Paper Carry Bag, Delivery Bag for you with good price.\" \/>\n<meta name=\"robots\" content=\"index, follow, max-snippet:-1, max-image-preview:large, max-video-preview:-1\" \/>\n<link rel=\"canonical\" href=\"https:\/\/www.nanwangpaperbag.com\/fr\/produit\/sac-en-papier-impermeable-et-auto-scellant-emballage-a-emporter-ecologique-sac-de-livraison\/\" \/>\n<meta property=\"og:locale\" content=\"fr_FR\" \/>\n<meta property=\"og:type\" content=\"article\" \/>\n<meta property=\"og:title\" content=\"Delivery Bag - Nanwang Paper Packaging\" \/>\n<meta property=\"og:description\" content=\"Delivery Bag - Nanwang Paper Packaging , we supply Luxury Paper Bags, Shopping Paper Bag, Paper Carry Bag, Delivery Bag for you with good price.\" \/>\n<meta property=\"og:url\" content=\"https:\/\/www.nanwangpaperbag.com\/fr\/produit\/sac-en-papier-impermeable-et-auto-scellant-emballage-a-emporter-ecologique-sac-de-livraison\/\" \/>\n<meta property=\"og:site_name\" content=\"Nanwang Paper Packaging\" \/>\n<meta property=\"article:publisher\" content=\"https:\/\/www.facebook.com\/NanwangPaperBag\" \/>\n<meta property=\"article:modified_time\" content=\"2025-08-05T06:02:53+00:00\" \/>\n<meta property=\"og:image\" content=\"https:\/\/www.nanwangpaperbag.com\/wp-content\/uploads\/2025\/08\/Waterproof-Self-sealing-Paper-Bag-Eco-Friendly-Takeaway-Packaging-Delivery-Bag.webp\" \/>\n\t<meta property=\"og:image:width\" content=\"1100\" \/>\n\t<meta property=\"og:image:height\" content=\"1100\" \/>\n\t<meta property=\"og:image:type\" content=\"image\/webp\" \/>\n<meta name=\"twitter:card\" content=\"summary_large_image\" \/>\n<meta name=\"twitter:site\" content=\"@NanwangPack\" \/>\n<meta name=\"twitter:label1\" content=\"Dur\u00e9e de lecture estim\u00e9e\" \/>\n\t<meta name=\"twitter:data1\" content=\"4 minutes\" \/>\n<script type=\"application\/ld+json\" class=\"yoast-schema-graph\">{\"@context\":\"https:\/\/schema.org\",\"@graph\":[{\"@type\":\"WebPage\",\"@id\":\"https:\/\/www.nanwangpaperbag.com\/product\/waterproof-self-sealing-paper-bag-eco-friendly-takeaway-packaging-delivery-bag\/\",\"url\":\"https:\/\/www.nanwangpaperbag.com\/product\/waterproof-self-sealing-paper-bag-eco-friendly-takeaway-packaging-delivery-bag\/\",\"name\":\"Delivery Bag - Nanwang Paper Packaging\",\"isPartOf\":{\"@id\":\"https:\/\/www.nanwangpaperbag.com\/#website\"},\"primaryImageOfPage\":{\"@id\":\"https:\/\/www.nanwangpaperbag.com\/product\/waterproof-self-sealing-paper-bag-eco-friendly-takeaway-packaging-delivery-bag\/#primaryimage\"},\"image\":{\"@id\":\"https:\/\/www.nanwangpaperbag.com\/product\/waterproof-self-sealing-paper-bag-eco-friendly-takeaway-packaging-delivery-bag\/#primaryimage\"},\"thumbnailUrl\":\"https:\/\/www.nanwangpaperbag.com\/wp-content\/uploads\/2025\/08\/Waterproof-Self-sealing-Paper-Bag-Eco-Friendly-Takeaway-Packaging-Delivery-Bag.webp\",\"datePublished\":\"2025-08-05T06:01:17+00:00\",\"dateModified\":\"2025-08-05T06:02:53+00:00\",\"description\":\"Delivery Bag - Nanwang Paper Packaging , we supply Luxury Paper Bags, Shopping Paper Bag, Paper Carry Bag, Delivery Bag for you with good price.\",\"breadcrumb\":{\"@id\":\"https:\/\/www.nanwangpaperbag.com\/product\/waterproof-self-sealing-paper-bag-eco-friendly-takeaway-packaging-delivery-bag\/#breadcrumb\"},\"inLanguage\":\"fr-FR\",\"potentialAction\":[{\"@type\":\"ReadAction\",\"target\":[\"https:\/\/www.nanwangpaperbag.com\/product\/waterproof-self-sealing-paper-bag-eco-friendly-takeaway-packaging-delivery-bag\/\"]}]},{\"@type\":\"ImageObject\",\"inLanguage\":\"fr-FR\",\"@id\":\"https:\/\/www.nanwangpaperbag.com\/product\/waterproof-self-sealing-paper-bag-eco-friendly-takeaway-packaging-delivery-bag\/#primaryimage\",\"url\":\"https:\/\/www.nanwangpaperbag.com\/wp-content\/uploads\/2025\/08\/Waterproof-Self-sealing-Paper-Bag-Eco-Friendly-Takeaway-Packaging-Delivery-Bag.webp\",\"contentUrl\":\"https:\/\/www.nanwangpaperbag.com\/wp-content\/uploads\/2025\/08\/Waterproof-Self-sealing-Paper-Bag-Eco-Friendly-Takeaway-Packaging-Delivery-Bag.webp\",\"width\":1100,\"height\":1100,\"caption\":\"Waterproof Self-sealing Paper Bag Eco-Friendly Takeaway Packaging Delivery Bag\"},{\"@type\":\"BreadcrumbList\",\"@id\":\"https:\/\/www.nanwangpaperbag.com\/product\/waterproof-self-sealing-paper-bag-eco-friendly-takeaway-packaging-delivery-bag\/#breadcrumb\",\"itemListElement\":[{\"@type\":\"ListItem\",\"position\":1,\"name\":\"Home\",\"item\":\"https:\/\/www.nanwangpaperbag.com\/\"},{\"@type\":\"ListItem\",\"position\":2,\"name\":\"Productos\",\"item\":\"https:\/\/www.nanwangpaperbag.com\/es\/shop\/\"},{\"@type\":\"ListItem\",\"position\":3,\"name\":\"Waterproof Self-sealing Paper Bag Eco-Friendly Takeaway Packaging Delivery Bag\"}]},{\"@type\":\"WebSite\",\"@id\":\"https:\/\/www.nanwangpaperbag.com\/#website\",\"url\":\"https:\/\/www.nanwangpaperbag.com\/\",\"name\":\"Nanwang Paper Packaging\",\"description\":\"\",\"publisher\":{\"@id\":\"https:\/\/www.nanwangpaperbag.com\/#organization\"},\"potentialAction\":[{\"@type\":\"SearchAction\",\"target\":{\"@type\":\"EntryPoint\",\"urlTemplate\":\"https:\/\/www.nanwangpaperbag.com\/?s={search_term_string}\"},\"query-input\":\"required name=search_term_string\"}],\"inLanguage\":\"fr-FR\"},{\"@type\":\"Organization\",\"@id\":\"https:\/\/www.nanwangpaperbag.com\/#organization\",\"name\":\"Nanwang Pack\",\"url\":\"https:\/\/www.nanwangpaperbag.com\/\",\"logo\":{\"@type\":\"ImageObject\",\"inLanguage\":\"fr-FR\",\"@id\":\"https:\/\/www.nanwangpaperbag.com\/#\/schema\/logo\/image\/\",\"url\":\"https:\/\/www.nanwangpaperbag.com\/wp-content\/uploads\/2025\/03\/logo2.webp\",\"contentUrl\":\"https:\/\/www.nanwangpaperbag.com\/wp-content\/uploads\/2025\/03\/logo2.webp\",\"width\":433,\"height\":407,\"caption\":\"Nanwang Pack\"},\"image\":{\"@id\":\"https:\/\/www.nanwangpaperbag.com\/#\/schema\/logo\/image\/\"},\"sameAs\":[\"https:\/\/www.facebook.com\/NanwangPaperBag\",\"https:\/\/x.com\/NanwangPack\",\"https:\/\/www.linkedin.com\/company\/nanwang-paper-bag\/\",\"https:\/\/www.youtube.com\/@NanwangPaperBag\",\"https:\/\/www.tiktok.com\/@nanwangpaperbag\"]}]}<\/script>\n<!-- \/ Yoast SEO plugin. -->","yoast_head_json":{"title":"Delivery Bag - Nanwang Paper Packaging","description":"Delivery Bag - Nanwang Paper Packaging , we supply Luxury Paper Bags, Shopping Paper Bag, Paper Carry Bag, Delivery Bag for you with good price.","robots":{"index":"index","follow":"follow","max-snippet":"max-snippet:-1","max-image-preview":"max-image-preview:large","max-video-preview":"max-video-preview:-1"},"canonical":"https:\/\/www.nanwangpaperbag.com\/fr\/produit\/sac-en-papier-impermeable-et-auto-scellant-emballage-a-emporter-ecologique-sac-de-livraison\/","og_locale":"fr_FR","og_type":"article","og_title":"Delivery Bag - Nanwang Paper Packaging","og_description":"Delivery Bag - Nanwang Paper Packaging , we supply Luxury Paper Bags, Shopping Paper Bag, Paper Carry Bag, Delivery Bag for you with good price.","og_url":"https:\/\/www.nanwangpaperbag.com\/fr\/produit\/sac-en-papier-impermeable-et-auto-scellant-emballage-a-emporter-ecologique-sac-de-livraison\/","og_site_name":"Nanwang Paper Packaging","article_publisher":"https:\/\/www.facebook.com\/NanwangPaperBag","article_modified_time":"2025-08-05T06:02:53+00:00","og_image":[{"width":1100,"height":1100,"url":"https:\/\/www.nanwangpaperbag.com\/wp-content\/uploads\/2025\/08\/Waterproof-Self-sealing-Paper-Bag-Eco-Friendly-Takeaway-Packaging-Delivery-Bag.webp","type":"image\/webp"}],"twitter_card":"summary_large_image","twitter_site":"@NanwangPack","twitter_misc":{"Dur\u00e9e de lecture estim\u00e9e":"4 minutes"},"schema":{"@context":"https:\/\/schema.org","@graph":[{"@type":"WebPage","@id":"https:\/\/www.nanwangpaperbag.com\/product\/waterproof-self-sealing-paper-bag-eco-friendly-takeaway-packaging-delivery-bag\/","url":"https:\/\/www.nanwangpaperbag.com\/product\/waterproof-self-sealing-paper-bag-eco-friendly-takeaway-packaging-delivery-bag\/","name":"Delivery Bag - Nanwang Paper Packaging","isPartOf":{"@id":"https:\/\/www.nanwangpaperbag.com\/#website"},"primaryImageOfPage":{"@id":"https:\/\/www.nanwangpaperbag.com\/product\/waterproof-self-sealing-paper-bag-eco-friendly-takeaway-packaging-delivery-bag\/#primaryimage"},"image":{"@id":"https:\/\/www.nanwangpaperbag.com\/product\/waterproof-self-sealing-paper-bag-eco-friendly-takeaway-packaging-delivery-bag\/#primaryimage"},"thumbnailUrl":"https:\/\/www.nanwangpaperbag.com\/wp-content\/uploads\/2025\/08\/Waterproof-Self-sealing-Paper-Bag-Eco-Friendly-Takeaway-Packaging-Delivery-Bag.webp","datePublished":"2025-08-05T06:01:17+00:00","dateModified":"2025-08-05T06:02:53+00:00","description":"Delivery Bag - Nanwang Paper Packaging , we supply Luxury Paper Bags, Shopping Paper Bag, Paper Carry Bag, Delivery Bag for you with good price.","breadcrumb":{"@id":"https:\/\/www.nanwangpaperbag.com\/product\/waterproof-self-sealing-paper-bag-eco-friendly-takeaway-packaging-delivery-bag\/#breadcrumb"},"inLanguage":"fr-FR","potentialAction":[{"@type":"ReadAction","target":["https:\/\/www.nanwangpaperbag.com\/product\/waterproof-self-sealing-paper-bag-eco-friendly-takeaway-packaging-delivery-bag\/"]}]},{"@type":"ImageObject","inLanguage":"fr-FR","@id":"https:\/\/www.nanwangpaperbag.com\/product\/waterproof-self-sealing-paper-bag-eco-friendly-takeaway-packaging-delivery-bag\/#primaryimage","url":"https:\/\/www.nanwangpaperbag.com\/wp-content\/uploads\/2025\/08\/Waterproof-Self-sealing-Paper-Bag-Eco-Friendly-Takeaway-Packaging-Delivery-Bag.webp","contentUrl":"https:\/\/www.nanwangpaperbag.com\/wp-content\/uploads\/2025\/08\/Waterproof-Self-sealing-Paper-Bag-Eco-Friendly-Takeaway-Packaging-Delivery-Bag.webp","width":1100,"height":1100,"caption":"Waterproof Self-sealing Paper Bag Eco-Friendly Takeaway Packaging Delivery Bag"},{"@type":"BreadcrumbList","@id":"https:\/\/www.nanwangpaperbag.com\/product\/waterproof-self-sealing-paper-bag-eco-friendly-takeaway-packaging-delivery-bag\/#breadcrumb","itemListElement":[{"@type":"ListItem","position":1,"name":"Home","item":"https:\/\/www.nanwangpaperbag.com\/"},{"@type":"ListItem","position":2,"name":"Productos","item":"https:\/\/www.nanwangpaperbag.com\/es\/shop\/"},{"@type":"ListItem","position":3,"name":"Waterproof Self-sealing Paper Bag Eco-Friendly Takeaway Packaging Delivery Bag"}]},{"@type":"WebSite","@id":"https:\/\/www.nanwangpaperbag.com\/#website","url":"https:\/\/www.nanwangpaperbag.com\/","name":"Nanwang Paper Packaging","description":"","publisher":{"@id":"https:\/\/www.nanwangpaperbag.com\/#organization"},"potentialAction":[{"@type":"SearchAction","target":{"@type":"EntryPoint","urlTemplate":"https:\/\/www.nanwangpaperbag.com\/?s={search_term_string}"},"query-input":"required name=search_term_string"}],"inLanguage":"fr-FR"},{"@type":"Organization","@id":"https:\/\/www.nanwangpaperbag.com\/#organization","name":"Nanwang Pack","url":"https:\/\/www.nanwangpaperbag.com\/","logo":{"@type":"ImageObject","inLanguage":"fr-FR","@id":"https:\/\/www.nanwangpaperbag.com\/#\/schema\/logo\/image\/","url":"https:\/\/www.nanwangpaperbag.com\/wp-content\/uploads\/2025\/03\/logo2.webp","contentUrl":"https:\/\/www.nanwangpaperbag.com\/wp-content\/uploads\/2025\/03\/logo2.webp","width":433,"height":407,"caption":"Nanwang Pack"},"image":{"@id":"https:\/\/www.nanwangpaperbag.com\/#\/schema\/logo\/image\/"},"sameAs":["https:\/\/www.facebook.com\/NanwangPaperBag","https:\/\/x.com\/NanwangPack","https:\/\/www.linkedin.com\/company\/nanwang-paper-bag\/","https:\/\/www.youtube.com\/@NanwangPaperBag","https:\/\/www.tiktok.com\/@nanwangpaperbag"]}]}},"_links":{"self":[{"href":"https:\/\/www.nanwangpaperbag.com\/fr\/wp-json\/wp\/v2\/product\/13186"}],"collection":[{"href":"https:\/\/www.nanwangpaperbag.com\/fr\/wp-json\/wp\/v2\/product"}],"about":[{"href":"https:\/\/www.nanwangpaperbag.com\/fr\/wp-json\/wp\/v2\/types\/product"}],"replies":[{"embeddable":true,"href":"https:\/\/www.nanwangpaperbag.com\/fr\/wp-json\/wp\/v2\/comments?post=13186"}],"wp:featuredmedia":[{"embeddable":true,"href":"https:\/\/www.nanwangpaperbag.com\/fr\/wp-json\/wp\/v2\/media\/13188"}],"wp:attachment":[{"href":"https:\/\/www.nanwangpaperbag.com\/fr\/wp-json\/wp\/v2\/media?parent=13186"}],"wp:term":[{"taxonomy":"product_cat","embeddable":true,"href":"https:\/\/www.nanwangpaperbag.com\/fr\/wp-json\/wp\/v2\/product_cat?post=13186"},{"taxonomy":"product_tag","embeddable":true,"href":"https:\/\/www.nanwangpaperbag.com\/fr\/wp-json\/wp\/v2\/product_tag?post=13186"}],"curies":[{"name":"wp","href":"https:\/\/api.w.org\/{rel}","templated":true}]}}