{"id":13195,"date":"2025-08-05T07:17:24","date_gmt":"2025-08-05T07:17:24","guid":{"rendered":"https:\/\/www.nanwangpaperbag.com\/?post_type=product&#038;p=13195"},"modified":"2025-08-05T07:38:16","modified_gmt":"2025-08-05T07:38:16","slug":"eco-friendly-flat-handle-inner-fold-courier-bag-tamper-resistant-e-commerce-packaging-eco-paper-bags","status":"publish","type":"product","link":"https:\/\/www.nanwangpaperbag.com\/fr\/produit\/eco-friendly-flat-handle-inner-fold-courier-bag-tamper-resistant-e-commerce-packaging-eco-paper-bags\/","title":{"rendered":"Sacs de messagerie \u00e9cologiques \u00e0 poign\u00e9e plate et \u00e0 pliage int\u00e9rieur Sacs en papier \u00e9cologiques inviolables pour l'emballage des produits de commerce \u00e9lectronique"},"content":{"rendered":"<h2>Sp\u00e9cifications des produits des sacs en papier \u00e9cologiques<\/h2>\n<p>Nom du produit : Courrier \u00e0 poign\u00e9e plate et \u00e0 pliage int\u00e9rieur <a href=\"https:\/\/www.nanwangpaperbag.com\/fr\/produit\/eco-friendly-flat-handle-inner-fold-courier-bag-tamper-resistant-e-commerce-packaging-eco-paper-bags\/\"><strong>Sacs en papier \u00e9cologiques<\/strong><\/a><br \/>\nOptions de mat\u00e9riaux : Papier kraft blanc \/ Papier kraft brun<br \/>\nLargeur : 250-530 mm<br \/>\nGrammage recommand\u00e9 : 150-250g\/m\u00b2<br \/>\nGamme de poign\u00e9es lat\u00e9rales : 70-150mm<br \/>\nOptions d'impression : 3-7 couleurs (recto-verso)<br \/>\nLongueur du tube : 280-650 mm<br \/>\nImpression ext\u00e9rieure : Personnalisable<\/p>\n<h2>Pourquoi choisir les sacs en papier Eco ?<\/h2>\n<p>Avec l'entr\u00e9e de la Chine dans l'\u00e8re des \"100 milliards de colis\", l'impact environnemental des emballages jetables est devenu une pr\u00e9occupation majeure. Depuis le 1er juin 2025, les \"r\u00e8glements sur les messageries\" r\u00e9vis\u00e9s par le Conseil d'\u00c9tat ont mis en \u0153uvre des politiques plus strictes en mati\u00e8re d'emballage \u00e9cologique, favorisant les mat\u00e9riaux biod\u00e9gradables, r\u00e9utilisables et recyclables.<br \/>\nEn tant que leader dans le domaine de l'emballage durable, Nanwang est fi\u00e8re de pr\u00e9senter le Flat Handle Inner Fold courier Bag - une solution \u00e9cologique de haute performance qui s'aligne sur les initiatives ESG nationales et les demandes du march\u00e9.<\/p>\n<h2>Principaux avantages<\/h2>\n<p>1. bande de d\u00e9chirement facile - ouverture rapide pour un d\u00e9ballage sans probl\u00e8me.<br \/>\n2. r\u00e9utilisable comme sac \u00e0 poign\u00e9e - Apr\u00e8s ouverture, il se transforme en sac \u00e0 provisions \u00e0 usage secondaire, ce qui permet de r\u00e9soudre les probl\u00e8mes de transport apr\u00e8s ouverture.<\/p>\n<h2>Tests rigoureux des produits<\/h2>\n<p>1. Essai de charge (statique et dynamique)<br \/>\nCharge statique (sac de sable de 5 kg, 4 heures) - Pas de rupture.<br \/>\nEssai de levage dynamique (3 900 cycles) - Aucun dommage.<\/p>\n<p>2. Essai de r\u00e9sistance \u00e0 la temp\u00e9rature<br \/>\n-20\u00b0C pendant 2 heures \u2192 Sceaux intacts.<br \/>\n70\u00b0C pendant 2 heures \u2192 Pas de d\u00e9faillance de l'adh\u00e9sif ni de d\u00e9t\u00e9rioration des fibres.<\/p>\n<h2>Applications<\/h2>\n<p>\u2714 Exp\u00e9dition du commerce \u00e9lectronique<br \/>\nLivraison dans la m\u00eame ville<br \/>\n\u2714 Achats group\u00e9s communautaires<br \/>\n\u2714 Supermarch\u00e9s et commerce de d\u00e9tail<br \/>\n\u2714 Produits pharmaceutiques (protection de la vie priv\u00e9e)<br \/>\n\u2714 Livraison de plats \u00e0 emporter<\/p>\n<h2>Processus de personnalisation<\/h2>\n<p>01. Consulter le service client\u00e8le : Contactez notre \u00e9quipe pour discuter de vos besoins.<br \/>\n02. Recevoir un devis : Nous vous fournirons un devis d\u00e9taill\u00e9 sur la base de vos sp\u00e9cifications.<br \/>\n03. Service de conception gratuit : Nos designers experts cr\u00e9eront une maquette pour votre approbation.<br \/>\n04. Confirmer la solution : Finaliser la conception et les sp\u00e9cifications.<br \/>\n05. Commande et paiement : Passez votre commande.<br \/>\n06. Atelier de production : Nos installations ultramodernes entrent en production.<br \/>\n07. Inspection et exp\u00e9dition : Nous inspectons rigoureusement votre commande avant de l'exp\u00e9dier.<br \/>\n08. Confirmer la r\u00e9ception : Vous recevez vos sacs personnalis\u00e9s de haute qualit\u00e9.<\/p>\n<h2>Nos atouts<\/h2>\n<p>1. les entreprises Fortune 500 lui font confiance dans le monde entier<br \/>\n2. class\u00e9e parmi les 100 premi\u00e8res entreprises d'impression en Chine depuis 6 ans<br \/>\n3.Gamme compl\u00e8te de produits - Emballages en papier, sacs non tiss\u00e9s, \u00e9tiquettes et re\u00e7us.<br \/>\n4. des solutions personnalis\u00e9es \u00e0 guichet unique - pour r\u00e9pondre aux divers besoins de l'industrie.<br \/>\n5. Le premier fabricant chinois de sacs en papier respectueux de l'environnement inscrit sur la liste des fabricants<br \/>\n6. pr\u00e9sence mondiale - 13 filiales + 2 bureaux pour un service rapide et fiable.<\/p>\n<h2>Capacit\u00e9 de production et certifications<\/h2>\n<p>\ud83d\udd39 Production annuelle :<br \/>\n2,7 milliards d'euros \u00e9cologiques <a href=\"https:\/\/www.nanwangpaperbag.com\/fr\/category\/retall-paper-bags\/\"><strong>sacs en papier personnalis\u00e9s<\/strong><\/a><br \/>\n9,5 milliards d'unit\u00e9s d'emballage alimentaire<br \/>\n2 milliards de sacs non-tiss\u00e9s<br \/>\n200 millions de m\u00b2 d'\u00e9tiquettes et de re\u00e7us<\/p>\n<p>\ud83d\udd39 \u00c9quipement de pointe :<br \/>\nPlus de 400 machines de production<br \/>\nPlus de 100 dispositifs d'inspection de la qualit\u00e9<\/p>\n<p>\ud83d\udd39 94 brevets (nationaux) + 5 (internationaux)<\/p>\n<p>\ud83d\udd39 Certifications :<br \/>\n\u2714 ISO 9001, ISO 14001, ISO 22000, ISO 45001<br \/>\nCertifi\u00e9 BRC-IOP, FSC-COC<\/p>\n<p>\ud83d\udd39 Une port\u00e9e mondiale : Au service de plus de 200 pays en Asie-Pacifique, en Am\u00e9rique du Nord, en Europe et au Japon.<\/p>\n<h2>FAQ<\/h2>\n<p>1. Quelle est la plage de temp\u00e9rature \u00e0 laquelle l'adh\u00e9sif peut r\u00e9sister ?<br \/>\nR : Notre produit d'\u00e9tanch\u00e9it\u00e9 passe les tests de -20\u00b0C \u00e0 70\u00b0C (adapt\u00e9 aux hivers et aux \u00e9t\u00e9s europ\u00e9ens).<\/p>\n<p>2. Pouvez-vous ajouter une fen\u00eatre d\u00e9coup\u00e9e \u00e0 l'emporte-pi\u00e8ce pour afficher le contenu ?<br \/>\nR : Oui ! Formes et positions de fen\u00eatres personnalis\u00e9es disponibles.<\/p>\n<p>3. Combien de lignes de colle thermofusible peut-on ajouter ?<br \/>\nA : Options : Pas de colle \/ Simple colle \/ Double colle + bande d'arrachage (papier ou plastique).<\/p>\n<p>4. La bande de d\u00e9chirement peut-elle \u00eatre en papier ou en plastique ?<br \/>\nR : Les deux options sont disponibles.<\/p>\n<p>5. Comment r\u00e9duire les co\u00fbts ?<br \/>\nR : Nous optimisons le poids, la taille et le mat\u00e9riau du papier pour une meilleure rentabilit\u00e9.<\/p>\n<p>6. Comment s'effectue le contr\u00f4le du poids des sacs sans poign\u00e9e ?<br \/>\nR : Nous attachons une poign\u00e9e temporaire pour les tests de charge statique\/dynamique.<\/p>\n<p>7. Quelle est la capacit\u00e9 de charge des diff\u00e9rents types de sacs ?<br \/>\nR : Faites-nous part de vos besoins et nous vous recommanderons le papier le plus r\u00e9sistant.<\/p>\n<p>8. Fournissez-vous des vid\u00e9os d'instruction ?<br \/>\nR : Oui ! Contactez-nous pour obtenir des vid\u00e9os de d\u00e9monstration.<\/p>","protected":false},"excerpt":{"rendered":"<p>Alors que le commerce \u00e9lectronique poursuit son expansion rapide, la demande de solutions d'emballage durables et efficaces n'a jamais \u00e9t\u00e9 aussi importante. Nos sacs de messagerie \u00e0 poign\u00e9e plate et \u00e0 pliage int\u00e9rieur repr\u00e9sentent une avanc\u00e9e significative dans la logistique \u00e9cologique, offrant une option polyvalente, robuste et personnalisable aux entreprises qui cherchent \u00e0 am\u00e9liorer leur image de marque tout en accordant la priorit\u00e9 \u00e0 la responsabilit\u00e9 environnementale.<\/p>","protected":false},"featured_media":13197,"comment_status":"closed","ping_status":"closed","template":"","meta":{"_et_pb_use_builder":"","_et_pb_old_content":"","_et_gb_content_width":""},"product_cat":[265,261],"product_tag":[],"yoast_head":"<!-- This site is optimized with the Yoast SEO plugin v22.7 - https:\/\/yoast.com\/wordpress\/plugins\/seo\/ -->\n<title>Eco Paper Bags - Nanwang Paper Packaging<\/title>\n<meta name=\"description\" content=\"Eco Paper Bags - Nanwang Paper Packaging , we supply Luxury Paper Bags, Shopping Paper Bag, Paper Carry Bag, Delivery Bag for you with good price.\" \/>\n<meta name=\"robots\" content=\"index, follow, max-snippet:-1, max-image-preview:large, max-video-preview:-1\" \/>\n<link rel=\"canonical\" href=\"https:\/\/www.nanwangpaperbag.com\/fr\/produit\/eco-friendly-flat-handle-inner-fold-courier-bag-tamper-resistant-e-commerce-packaging-eco-paper-bags\/\" \/>\n<meta property=\"og:locale\" content=\"fr_FR\" \/>\n<meta property=\"og:type\" content=\"article\" \/>\n<meta property=\"og:title\" content=\"Eco Paper Bags - Nanwang Paper Packaging\" \/>\n<meta property=\"og:description\" content=\"Eco Paper Bags - Nanwang Paper Packaging , we supply Luxury Paper Bags, Shopping Paper Bag, Paper Carry Bag, Delivery Bag for you with good price.\" \/>\n<meta property=\"og:url\" content=\"https:\/\/www.nanwangpaperbag.com\/fr\/produit\/eco-friendly-flat-handle-inner-fold-courier-bag-tamper-resistant-e-commerce-packaging-eco-paper-bags\/\" \/>\n<meta property=\"og:site_name\" content=\"Nanwang Paper Packaging\" \/>\n<meta property=\"article:publisher\" content=\"https:\/\/www.facebook.com\/NanwangPaperBag\" \/>\n<meta property=\"article:modified_time\" content=\"2025-08-05T07:38:16+00:00\" \/>\n<meta property=\"og:image\" content=\"https:\/\/www.nanwangpaperbag.com\/wp-content\/uploads\/2025\/08\/Eco-Friendly-Flat-Handle-Inner-Fold-Courier-Bag-Tamper-Resistant-E-commerce-Packaging-Eco-Paper-Bags8.webp\" \/>\n\t<meta property=\"og:image:width\" content=\"1100\" \/>\n\t<meta property=\"og:image:height\" content=\"1100\" \/>\n\t<meta property=\"og:image:type\" content=\"image\/webp\" \/>\n<meta name=\"twitter:card\" content=\"summary_large_image\" \/>\n<meta name=\"twitter:site\" content=\"@NanwangPack\" \/>\n<meta name=\"twitter:label1\" content=\"Dur\u00e9e de lecture estim\u00e9e\" \/>\n\t<meta name=\"twitter:data1\" content=\"3 minutes\" \/>\n<script type=\"application\/ld+json\" class=\"yoast-schema-graph\">{\"@context\":\"https:\/\/schema.org\",\"@graph\":[{\"@type\":\"WebPage\",\"@id\":\"https:\/\/www.nanwangpaperbag.com\/product\/eco-friendly-flat-handle-inner-fold-courier-bag-tamper-resistant-e-commerce-packaging-eco-paper-bags\/\",\"url\":\"https:\/\/www.nanwangpaperbag.com\/product\/eco-friendly-flat-handle-inner-fold-courier-bag-tamper-resistant-e-commerce-packaging-eco-paper-bags\/\",\"name\":\"Eco Paper Bags - Nanwang Paper Packaging\",\"isPartOf\":{\"@id\":\"https:\/\/www.nanwangpaperbag.com\/#website\"},\"primaryImageOfPage\":{\"@id\":\"https:\/\/www.nanwangpaperbag.com\/product\/eco-friendly-flat-handle-inner-fold-courier-bag-tamper-resistant-e-commerce-packaging-eco-paper-bags\/#primaryimage\"},\"image\":{\"@id\":\"https:\/\/www.nanwangpaperbag.com\/product\/eco-friendly-flat-handle-inner-fold-courier-bag-tamper-resistant-e-commerce-packaging-eco-paper-bags\/#primaryimage\"},\"thumbnailUrl\":\"https:\/\/www.nanwangpaperbag.com\/wp-content\/uploads\/2025\/08\/Eco-Friendly-Flat-Handle-Inner-Fold-Courier-Bag-Tamper-Resistant-E-commerce-Packaging-Eco-Paper-Bags8.webp\",\"datePublished\":\"2025-08-05T07:17:24+00:00\",\"dateModified\":\"2025-08-05T07:38:16+00:00\",\"description\":\"Eco Paper Bags - Nanwang Paper Packaging , we supply Luxury Paper Bags, Shopping Paper Bag, Paper Carry Bag, Delivery Bag for you with good price.\",\"breadcrumb\":{\"@id\":\"https:\/\/www.nanwangpaperbag.com\/product\/eco-friendly-flat-handle-inner-fold-courier-bag-tamper-resistant-e-commerce-packaging-eco-paper-bags\/#breadcrumb\"},\"inLanguage\":\"fr-FR\",\"potentialAction\":[{\"@type\":\"ReadAction\",\"target\":[\"https:\/\/www.nanwangpaperbag.com\/product\/eco-friendly-flat-handle-inner-fold-courier-bag-tamper-resistant-e-commerce-packaging-eco-paper-bags\/\"]}]},{\"@type\":\"ImageObject\",\"inLanguage\":\"fr-FR\",\"@id\":\"https:\/\/www.nanwangpaperbag.com\/product\/eco-friendly-flat-handle-inner-fold-courier-bag-tamper-resistant-e-commerce-packaging-eco-paper-bags\/#primaryimage\",\"url\":\"https:\/\/www.nanwangpaperbag.com\/wp-content\/uploads\/2025\/08\/Eco-Friendly-Flat-Handle-Inner-Fold-Courier-Bag-Tamper-Resistant-E-commerce-Packaging-Eco-Paper-Bags8.webp\",\"contentUrl\":\"https:\/\/www.nanwangpaperbag.com\/wp-content\/uploads\/2025\/08\/Eco-Friendly-Flat-Handle-Inner-Fold-Courier-Bag-Tamper-Resistant-E-commerce-Packaging-Eco-Paper-Bags8.webp\",\"width\":1100,\"height\":1100,\"caption\":\"Eco-Friendly Flat Handle Inner Fold Courier Bag Tamper-Resistant E-commerce Packaging Eco Paper Bags\"},{\"@type\":\"BreadcrumbList\",\"@id\":\"https:\/\/www.nanwangpaperbag.com\/product\/eco-friendly-flat-handle-inner-fold-courier-bag-tamper-resistant-e-commerce-packaging-eco-paper-bags\/#breadcrumb\",\"itemListElement\":[{\"@type\":\"ListItem\",\"position\":1,\"name\":\"Home\",\"item\":\"https:\/\/www.nanwangpaperbag.com\/\"},{\"@type\":\"ListItem\",\"position\":2,\"name\":\"Productos\",\"item\":\"https:\/\/www.nanwangpaperbag.com\/es\/shop\/\"},{\"@type\":\"ListItem\",\"position\":3,\"name\":\"Eco-Friendly Flat Handle Inner Fold Courier Bag Tamper-Resistant E-commerce Packaging Eco Paper Bags\"}]},{\"@type\":\"WebSite\",\"@id\":\"https:\/\/www.nanwangpaperbag.com\/#website\",\"url\":\"https:\/\/www.nanwangpaperbag.com\/\",\"name\":\"Nanwang Paper Packaging\",\"description\":\"\",\"publisher\":{\"@id\":\"https:\/\/www.nanwangpaperbag.com\/#organization\"},\"potentialAction\":[{\"@type\":\"SearchAction\",\"target\":{\"@type\":\"EntryPoint\",\"urlTemplate\":\"https:\/\/www.nanwangpaperbag.com\/?s={search_term_string}\"},\"query-input\":\"required name=search_term_string\"}],\"inLanguage\":\"fr-FR\"},{\"@type\":\"Organization\",\"@id\":\"https:\/\/www.nanwangpaperbag.com\/#organization\",\"name\":\"Nanwang Pack\",\"url\":\"https:\/\/www.nanwangpaperbag.com\/\",\"logo\":{\"@type\":\"ImageObject\",\"inLanguage\":\"fr-FR\",\"@id\":\"https:\/\/www.nanwangpaperbag.com\/#\/schema\/logo\/image\/\",\"url\":\"https:\/\/www.nanwangpaperbag.com\/wp-content\/uploads\/2025\/03\/logo2.webp\",\"contentUrl\":\"https:\/\/www.nanwangpaperbag.com\/wp-content\/uploads\/2025\/03\/logo2.webp\",\"width\":433,\"height\":407,\"caption\":\"Nanwang Pack\"},\"image\":{\"@id\":\"https:\/\/www.nanwangpaperbag.com\/#\/schema\/logo\/image\/\"},\"sameAs\":[\"https:\/\/www.facebook.com\/NanwangPaperBag\",\"https:\/\/x.com\/NanwangPack\",\"https:\/\/www.linkedin.com\/company\/nanwang-paper-bag\/\",\"https:\/\/www.youtube.com\/@NanwangPaperBag\",\"https:\/\/www.tiktok.com\/@nanwangpaperbag\"]}]}<\/script>\n<!-- \/ Yoast SEO plugin. -->","yoast_head_json":{"title":"Eco Paper Bags - Nanwang Paper Packaging","description":"Eco Paper Bags - Nanwang Paper Packaging , we supply Luxury Paper Bags, Shopping Paper Bag, Paper Carry Bag, Delivery Bag for you with good price.","robots":{"index":"index","follow":"follow","max-snippet":"max-snippet:-1","max-image-preview":"max-image-preview:large","max-video-preview":"max-video-preview:-1"},"canonical":"https:\/\/www.nanwangpaperbag.com\/fr\/produit\/eco-friendly-flat-handle-inner-fold-courier-bag-tamper-resistant-e-commerce-packaging-eco-paper-bags\/","og_locale":"fr_FR","og_type":"article","og_title":"Eco Paper Bags - Nanwang Paper Packaging","og_description":"Eco Paper Bags - Nanwang Paper Packaging , we supply Luxury Paper Bags, Shopping Paper Bag, Paper Carry Bag, Delivery Bag for you with good price.","og_url":"https:\/\/www.nanwangpaperbag.com\/fr\/produit\/eco-friendly-flat-handle-inner-fold-courier-bag-tamper-resistant-e-commerce-packaging-eco-paper-bags\/","og_site_name":"Nanwang Paper Packaging","article_publisher":"https:\/\/www.facebook.com\/NanwangPaperBag","article_modified_time":"2025-08-05T07:38:16+00:00","og_image":[{"width":1100,"height":1100,"url":"https:\/\/www.nanwangpaperbag.com\/wp-content\/uploads\/2025\/08\/Eco-Friendly-Flat-Handle-Inner-Fold-Courier-Bag-Tamper-Resistant-E-commerce-Packaging-Eco-Paper-Bags8.webp","type":"image\/webp"}],"twitter_card":"summary_large_image","twitter_site":"@NanwangPack","twitter_misc":{"Dur\u00e9e de lecture estim\u00e9e":"3 minutes"},"schema":{"@context":"https:\/\/schema.org","@graph":[{"@type":"WebPage","@id":"https:\/\/www.nanwangpaperbag.com\/product\/eco-friendly-flat-handle-inner-fold-courier-bag-tamper-resistant-e-commerce-packaging-eco-paper-bags\/","url":"https:\/\/www.nanwangpaperbag.com\/product\/eco-friendly-flat-handle-inner-fold-courier-bag-tamper-resistant-e-commerce-packaging-eco-paper-bags\/","name":"Eco Paper Bags - Nanwang Paper Packaging","isPartOf":{"@id":"https:\/\/www.nanwangpaperbag.com\/#website"},"primaryImageOfPage":{"@id":"https:\/\/www.nanwangpaperbag.com\/product\/eco-friendly-flat-handle-inner-fold-courier-bag-tamper-resistant-e-commerce-packaging-eco-paper-bags\/#primaryimage"},"image":{"@id":"https:\/\/www.nanwangpaperbag.com\/product\/eco-friendly-flat-handle-inner-fold-courier-bag-tamper-resistant-e-commerce-packaging-eco-paper-bags\/#primaryimage"},"thumbnailUrl":"https:\/\/www.nanwangpaperbag.com\/wp-content\/uploads\/2025\/08\/Eco-Friendly-Flat-Handle-Inner-Fold-Courier-Bag-Tamper-Resistant-E-commerce-Packaging-Eco-Paper-Bags8.webp","datePublished":"2025-08-05T07:17:24+00:00","dateModified":"2025-08-05T07:38:16+00:00","description":"Eco Paper Bags - Nanwang Paper Packaging , we supply Luxury Paper Bags, Shopping Paper Bag, Paper Carry Bag, Delivery Bag for you with good price.","breadcrumb":{"@id":"https:\/\/www.nanwangpaperbag.com\/product\/eco-friendly-flat-handle-inner-fold-courier-bag-tamper-resistant-e-commerce-packaging-eco-paper-bags\/#breadcrumb"},"inLanguage":"fr-FR","potentialAction":[{"@type":"ReadAction","target":["https:\/\/www.nanwangpaperbag.com\/product\/eco-friendly-flat-handle-inner-fold-courier-bag-tamper-resistant-e-commerce-packaging-eco-paper-bags\/"]}]},{"@type":"ImageObject","inLanguage":"fr-FR","@id":"https:\/\/www.nanwangpaperbag.com\/product\/eco-friendly-flat-handle-inner-fold-courier-bag-tamper-resistant-e-commerce-packaging-eco-paper-bags\/#primaryimage","url":"https:\/\/www.nanwangpaperbag.com\/wp-content\/uploads\/2025\/08\/Eco-Friendly-Flat-Handle-Inner-Fold-Courier-Bag-Tamper-Resistant-E-commerce-Packaging-Eco-Paper-Bags8.webp","contentUrl":"https:\/\/www.nanwangpaperbag.com\/wp-content\/uploads\/2025\/08\/Eco-Friendly-Flat-Handle-Inner-Fold-Courier-Bag-Tamper-Resistant-E-commerce-Packaging-Eco-Paper-Bags8.webp","width":1100,"height":1100,"caption":"Eco-Friendly Flat Handle Inner Fold Courier Bag Tamper-Resistant E-commerce Packaging Eco Paper Bags"},{"@type":"BreadcrumbList","@id":"https:\/\/www.nanwangpaperbag.com\/product\/eco-friendly-flat-handle-inner-fold-courier-bag-tamper-resistant-e-commerce-packaging-eco-paper-bags\/#breadcrumb","itemListElement":[{"@type":"ListItem","position":1,"name":"Home","item":"https:\/\/www.nanwangpaperbag.com\/"},{"@type":"ListItem","position":2,"name":"Productos","item":"https:\/\/www.nanwangpaperbag.com\/es\/shop\/"},{"@type":"ListItem","position":3,"name":"Eco-Friendly Flat Handle Inner Fold Courier Bag Tamper-Resistant E-commerce Packaging Eco Paper Bags"}]},{"@type":"WebSite","@id":"https:\/\/www.nanwangpaperbag.com\/#website","url":"https:\/\/www.nanwangpaperbag.com\/","name":"Nanwang Paper Packaging","description":"","publisher":{"@id":"https:\/\/www.nanwangpaperbag.com\/#organization"},"potentialAction":[{"@type":"SearchAction","target":{"@type":"EntryPoint","urlTemplate":"https:\/\/www.nanwangpaperbag.com\/?s={search_term_string}"},"query-input":"required name=search_term_string"}],"inLanguage":"fr-FR"},{"@type":"Organization","@id":"https:\/\/www.nanwangpaperbag.com\/#organization","name":"Nanwang Pack","url":"https:\/\/www.nanwangpaperbag.com\/","logo":{"@type":"ImageObject","inLanguage":"fr-FR","@id":"https:\/\/www.nanwangpaperbag.com\/#\/schema\/logo\/image\/","url":"https:\/\/www.nanwangpaperbag.com\/wp-content\/uploads\/2025\/03\/logo2.webp","contentUrl":"https:\/\/www.nanwangpaperbag.com\/wp-content\/uploads\/2025\/03\/logo2.webp","width":433,"height":407,"caption":"Nanwang Pack"},"image":{"@id":"https:\/\/www.nanwangpaperbag.com\/#\/schema\/logo\/image\/"},"sameAs":["https:\/\/www.facebook.com\/NanwangPaperBag","https:\/\/x.com\/NanwangPack","https:\/\/www.linkedin.com\/company\/nanwang-paper-bag\/","https:\/\/www.youtube.com\/@NanwangPaperBag","https:\/\/www.tiktok.com\/@nanwangpaperbag"]}]}},"_links":{"self":[{"href":"https:\/\/www.nanwangpaperbag.com\/fr\/wp-json\/wp\/v2\/product\/13195"}],"collection":[{"href":"https:\/\/www.nanwangpaperbag.com\/fr\/wp-json\/wp\/v2\/product"}],"about":[{"href":"https:\/\/www.nanwangpaperbag.com\/fr\/wp-json\/wp\/v2\/types\/product"}],"replies":[{"embeddable":true,"href":"https:\/\/www.nanwangpaperbag.com\/fr\/wp-json\/wp\/v2\/comments?post=13195"}],"wp:featuredmedia":[{"embeddable":true,"href":"https:\/\/www.nanwangpaperbag.com\/fr\/wp-json\/wp\/v2\/media\/13197"}],"wp:attachment":[{"href":"https:\/\/www.nanwangpaperbag.com\/fr\/wp-json\/wp\/v2\/media?parent=13195"}],"wp:term":[{"taxonomy":"product_cat","embeddable":true,"href":"https:\/\/www.nanwangpaperbag.com\/fr\/wp-json\/wp\/v2\/product_cat?post=13195"},{"taxonomy":"product_tag","embeddable":true,"href":"https:\/\/www.nanwangpaperbag.com\/fr\/wp-json\/wp\/v2\/product_tag?post=13195"}],"curies":[{"name":"wp","href":"https:\/\/api.w.org\/{rel}","templated":true}]}}