{"id":13206,"date":"2025-08-05T07:57:41","date_gmt":"2025-08-05T07:57:41","guid":{"rendered":"https:\/\/www.nanwangpaperbag.com\/?post_type=product&#038;p=13206"},"modified":"2025-08-05T07:57:41","modified_gmt":"2025-08-05T07:57:41","slug":"eco-friendly-custom-printed-packaging-square-bottom-courier-bag-stand-up-paper-mailers","status":"publish","type":"product","link":"https:\/\/www.nanwangpaperbag.com\/fr\/produit\/emballage-ecologique-imprime-personnalise-sac-courrier-a-fond-carre-stand-up-paper-mailers\/","title":{"rendered":"Emballage \u00e9cologique personnalis\u00e9 Sac de courrier \u00e0 fond carr\u00e9 Mailers en papier debout"},"content":{"rendered":"<h2>Sp\u00e9cifications des produits des machines \u00e0 affranchir en papier<\/h2>\n<p>Nom du produit : Sac de courrier \u00e0 fond carr\u00e9 <strong>Publipostage en papier<\/strong><br \/>\nOptions de mat\u00e9riaux : Papier kraft blanc \/ Papier kraft brun<br \/>\nGamme de largeur : 170-540mm<br \/>\nGrammage recommand\u00e9 : 150-250g\/m\u00b2<br \/>\nGamme de poign\u00e9es lat\u00e9rales : 60-250mm<br \/>\nOptions d'impression : 3-7 couleurs (recto-verso)<br \/>\nLongueur du tube : 210-640mm<br \/>\nImpression ext\u00e9rieure : Personnalisable<br \/>\nOptions de scellement : Sans colle\/Simple colle\/Double colle\/Ligne facile \u00e0 d\u00e9chirer (4 en 1)<\/p>\n<h2>Pourquoi choisir nos sacs de courrier \u00e9cologiques ?<\/h2>\n<p>La Chine entrant dans l'\u00e8re des \"100 milliards de colis\" annuels, l'impact environnemental des d\u00e9chets d'emballage est devenu critique. Depuis le 1er juin 2025, les r\u00e9glementations nationales r\u00e9vis\u00e9es en mati\u00e8re de messagerie imposent des solutions d'emballage plus \u00e9cologiques, favorisant les mat\u00e9riaux biod\u00e9gradables et r\u00e9utilisables.<br \/>\nEn tant que leader de l'industrie de l'emballage durable, nous sommes fiers de pr\u00e9senter notre sac de courrier \u00e0 fond carr\u00e9 - une solution innovante qui allie responsabilit\u00e9 environnementale et fonctionnalit\u00e9 sup\u00e9rieure.<\/p>\n<h2>Principales caract\u00e9ristiques et avantages<\/h2>\n<p>\u2714 Conception stand-up - Int\u00e9rieur spacieux pour un chargement facile et un scellement s\u00fbr<br \/>\n\u2714 Quatre options de scellement - configurations de lignes sans colle\/simple colle\/double colle\/facile \u00e0 d\u00e9chirer<br \/>\nBande adh\u00e9sive int\u00e9gr\u00e9e - Forte adh\u00e9rence pour une protection s\u00fbre de l'emballage<br \/>\nOuverture facile \u00e0 d\u00e9chirer - Bande de d\u00e9chirure rouge pour une ouverture pratique et sans outil<br \/>\n\u2714 Rev\u00eatement imperm\u00e9able - Protection renforc\u00e9e contre l'humidit\u00e9<br \/>\n\u2714 Personnalisation compl\u00e8te - Disponible en diff\u00e9rentes tailles et options d'impression<\/p>\n<h2>Des tests de qualit\u00e9 rigoureux<\/h2>\n<p>1. Essais de capacit\u00e9 de charge<br \/>\nCharge statique : sac de sable de 5 kg pendant 4 heures - aucun dommage<br \/>\nEssai dynamique : 3 900 cycles de levage - aucune d\u00e9faillance<\/p>\n<p>2. R\u00e9sistance \u00e0 la temp\u00e9rature<br \/>\n-20\u00b0C pendant 2 heures - Les scell\u00e9s restent intacts<br \/>\n70\u00b0C pendant 2 heures - Pas de d\u00e9faillance de l'adh\u00e9sif ni de d\u00e9t\u00e9rioration des fibres<\/p>\n<h2>Applications<\/h2>\n<p>Exp\u00e9dition du commerce \u00e9lectronique<br \/>\nLivraisons locales<br \/>\nAchats des groupes communautaires<br \/>\nCommerce de d\u00e9tail et supermarch\u00e9s<br \/>\nProduits pharmaceutiques<br \/>\nLivraison de nourriture<br \/>\n\u00c9l\u00e9ments sensibles pour la vie priv\u00e9e<\/p>\n<h2>Processus de personnalisation<\/h2>\n<p>1\uff09Consultation - Contacter nos sp\u00e9cialistes<br \/>\n2\uff09Quotation - Obtenir des prix comp\u00e9titifs<br \/>\n3\uff09Design Service - Conception personnalis\u00e9e gratuite<br \/>\n4\uff09Solution Finalisation - Confirmer les sp\u00e9cifications<br \/>\n5\uff09Order Placement - Secure transaction<br \/>\n6\uff09Production - Fabrication de pr\u00e9cision<br \/>\n7\uff09Quality Inspection - Tests rigoureux<br \/>\n8\uff09Delivery - Exp\u00e9dition dans le monde entier<\/p>\n<h2>Notre force de production<\/h2>\n<p>Capacit\u00e9 de production annuelle :<br \/>\n2,7 milliards de sacs en papier \u00e9cologiques<br \/>\n9,5 milliards d'unit\u00e9s d'emballage alimentaire<br \/>\n2 milliards de sacs non-tiss\u00e9s<br \/>\n200 millions de m\u00b2 d'\u00e9tiquettes et de re\u00e7us<\/p>\n<h2>Certifications et reconnaissance<\/h2>\n<p>Certifi\u00e9 ISO 9001, 14001, 22000, 45001<br \/>\nCertifi\u00e9 BRC-IOP et FSC-COC<\/p>\n<h2>Pr\u00e9sence mondiale<\/h2>\n<p>13 filiales dans le monde entier desservant plus de 200 pays :<br \/>\nAsie-Pacifique<br \/>\nAm\u00e9rique du Nord<br \/>\nL'Europe<br \/>\nJapon<\/p>\n<h2>FAQ<\/h2>\n<p>1. Quelle est la plage de temp\u00e9rature \u00e0 laquelle l'adh\u00e9sif peut r\u00e9sister ?<br \/>\nR : Notre produit d'\u00e9tanch\u00e9it\u00e9 passe les tests de -20\u00b0C \u00e0 70\u00b0C (adapt\u00e9 aux hivers et aux \u00e9t\u00e9s europ\u00e9ens).<\/p>\n<p>2. Pouvez-vous ajouter une fen\u00eatre d\u00e9coup\u00e9e \u00e0 l'emporte-pi\u00e8ce pour afficher le contenu ?<br \/>\nR : Oui ! Formes et positions de fen\u00eatres personnalis\u00e9es disponibles.<\/p>\n<p>3. Combien de lignes de colle thermofusible peut-on ajouter ?<br \/>\nA : Options : Pas de colle \/ Simple colle \/ Double colle + bande d'arrachage (papier ou plastique).<\/p>\n<p>4. La bande de d\u00e9chirement peut-elle \u00eatre en papier ou en plastique ?<br \/>\nR : Les deux options sont disponibles.<\/p>\n<p>5. Comment r\u00e9duire les co\u00fbts ?<br \/>\nR : Nous optimisons le poids, la taille et le mat\u00e9riau du papier pour une meilleure rentabilit\u00e9.<\/p>\n<p>6. Comment s'effectue le contr\u00f4le du poids des sacs sans poign\u00e9e ?<br \/>\nR : Nous attachons une poign\u00e9e temporaire pour les tests de charge statique\/dynamique.<\/p>\n<p>7. Quelle est la capacit\u00e9 de charge des diff\u00e9rents types de sacs ?<br \/>\nR : Faites-nous part de vos besoins et nous vous recommanderons le papier le plus r\u00e9sistant.<\/p>\n<p>8. Fournissez-vous des vid\u00e9os d'instruction ?<br \/>\nR : Oui ! Contactez-nous pour obtenir des vid\u00e9os de d\u00e9monstration.<\/p>","protected":false},"excerpt":{"rendered":"<p>L'essor du commerce \u00e9lectronique s'accompagne d'une demande d'emballages \u00e0 la fois fonctionnels et respectueux de l'environnement. Nos sacs de courrier \u00e0 fond carr\u00e9 changent la donne, car ils sont con\u00e7us pour r\u00e9pondre aux exigences rigoureuses de la logistique moderne tout en d\u00e9fendant le d\u00e9veloppement durable. Dot\u00e9s d'une structure unique et d'une gamme de caract\u00e9ristiques personnalisables, ces sacs sont la solution id\u00e9ale pour les entreprises engag\u00e9es dans un avenir plus vert.<\/p>","protected":false},"featured_media":13208,"comment_status":"closed","ping_status":"closed","template":"","meta":{"_et_pb_use_builder":"","_et_pb_old_content":"","_et_gb_content_width":""},"product_cat":[300,297],"product_tag":[],"yoast_head":"<!-- This site is optimized with the Yoast SEO plugin v22.7 - https:\/\/yoast.com\/wordpress\/plugins\/seo\/ -->\n<title>Paper Mailers - Nanwang Paper Packaging<\/title>\n<meta name=\"description\" content=\"Paper Mailers - Nanwang Paper Packaging , we supply Luxury Paper Bags, Shopping Paper Bag, Paper Carry Bag, Delivery Bag for you with good price.\" \/>\n<meta name=\"robots\" content=\"index, follow, max-snippet:-1, max-image-preview:large, max-video-preview:-1\" \/>\n<link rel=\"canonical\" href=\"https:\/\/www.nanwangpaperbag.com\/fr\/produit\/emballage-ecologique-imprime-personnalise-sac-courrier-a-fond-carre-stand-up-paper-mailers\/\" \/>\n<meta property=\"og:locale\" content=\"fr_FR\" \/>\n<meta property=\"og:type\" content=\"article\" \/>\n<meta property=\"og:title\" content=\"Paper Mailers - Nanwang Paper Packaging\" \/>\n<meta property=\"og:description\" content=\"Paper Mailers - Nanwang Paper Packaging , we supply Luxury Paper Bags, Shopping Paper Bag, Paper Carry Bag, Delivery Bag for you with good price.\" \/>\n<meta property=\"og:url\" content=\"https:\/\/www.nanwangpaperbag.com\/fr\/produit\/emballage-ecologique-imprime-personnalise-sac-courrier-a-fond-carre-stand-up-paper-mailers\/\" \/>\n<meta property=\"og:site_name\" content=\"Nanwang Paper Packaging\" \/>\n<meta property=\"article:publisher\" content=\"https:\/\/www.facebook.com\/NanwangPaperBag\" \/>\n<meta property=\"og:image\" content=\"https:\/\/www.nanwangpaperbag.com\/wp-content\/uploads\/2025\/08\/Eco-Friendly-Custom-Printed-Packaging-Square-Bottom-Courier-Bag-Stand-Up-Paper-Mailers8.webp\" \/>\n\t<meta property=\"og:image:width\" content=\"1100\" \/>\n\t<meta property=\"og:image:height\" content=\"1100\" \/>\n\t<meta property=\"og:image:type\" content=\"image\/webp\" \/>\n<meta name=\"twitter:card\" content=\"summary_large_image\" \/>\n<meta name=\"twitter:site\" content=\"@NanwangPack\" \/>\n<meta name=\"twitter:label1\" content=\"Dur\u00e9e de lecture estim\u00e9e\" \/>\n\t<meta name=\"twitter:data1\" content=\"3 minutes\" \/>\n<script type=\"application\/ld+json\" class=\"yoast-schema-graph\">{\"@context\":\"https:\/\/schema.org\",\"@graph\":[{\"@type\":\"WebPage\",\"@id\":\"https:\/\/www.nanwangpaperbag.com\/product\/eco-friendly-custom-printed-packaging-square-bottom-courier-bag-stand-up-paper-mailers\/\",\"url\":\"https:\/\/www.nanwangpaperbag.com\/product\/eco-friendly-custom-printed-packaging-square-bottom-courier-bag-stand-up-paper-mailers\/\",\"name\":\"Paper Mailers - Nanwang Paper Packaging\",\"isPartOf\":{\"@id\":\"https:\/\/www.nanwangpaperbag.com\/#website\"},\"primaryImageOfPage\":{\"@id\":\"https:\/\/www.nanwangpaperbag.com\/product\/eco-friendly-custom-printed-packaging-square-bottom-courier-bag-stand-up-paper-mailers\/#primaryimage\"},\"image\":{\"@id\":\"https:\/\/www.nanwangpaperbag.com\/product\/eco-friendly-custom-printed-packaging-square-bottom-courier-bag-stand-up-paper-mailers\/#primaryimage\"},\"thumbnailUrl\":\"https:\/\/www.nanwangpaperbag.com\/wp-content\/uploads\/2025\/08\/Eco-Friendly-Custom-Printed-Packaging-Square-Bottom-Courier-Bag-Stand-Up-Paper-Mailers8.webp\",\"datePublished\":\"2025-08-05T07:57:41+00:00\",\"dateModified\":\"2025-08-05T07:57:41+00:00\",\"description\":\"Paper Mailers - Nanwang Paper Packaging , we supply Luxury Paper Bags, Shopping Paper Bag, Paper Carry Bag, Delivery Bag for you with good price.\",\"breadcrumb\":{\"@id\":\"https:\/\/www.nanwangpaperbag.com\/product\/eco-friendly-custom-printed-packaging-square-bottom-courier-bag-stand-up-paper-mailers\/#breadcrumb\"},\"inLanguage\":\"fr-FR\",\"potentialAction\":[{\"@type\":\"ReadAction\",\"target\":[\"https:\/\/www.nanwangpaperbag.com\/product\/eco-friendly-custom-printed-packaging-square-bottom-courier-bag-stand-up-paper-mailers\/\"]}]},{\"@type\":\"ImageObject\",\"inLanguage\":\"fr-FR\",\"@id\":\"https:\/\/www.nanwangpaperbag.com\/product\/eco-friendly-custom-printed-packaging-square-bottom-courier-bag-stand-up-paper-mailers\/#primaryimage\",\"url\":\"https:\/\/www.nanwangpaperbag.com\/wp-content\/uploads\/2025\/08\/Eco-Friendly-Custom-Printed-Packaging-Square-Bottom-Courier-Bag-Stand-Up-Paper-Mailers8.webp\",\"contentUrl\":\"https:\/\/www.nanwangpaperbag.com\/wp-content\/uploads\/2025\/08\/Eco-Friendly-Custom-Printed-Packaging-Square-Bottom-Courier-Bag-Stand-Up-Paper-Mailers8.webp\",\"width\":1100,\"height\":1100,\"caption\":\"Eco-Friendly Custom Printed Packaging Square Bottom Courier Bag Stand-Up Paper Mailers\"},{\"@type\":\"BreadcrumbList\",\"@id\":\"https:\/\/www.nanwangpaperbag.com\/product\/eco-friendly-custom-printed-packaging-square-bottom-courier-bag-stand-up-paper-mailers\/#breadcrumb\",\"itemListElement\":[{\"@type\":\"ListItem\",\"position\":1,\"name\":\"Home\",\"item\":\"https:\/\/www.nanwangpaperbag.com\/\"},{\"@type\":\"ListItem\",\"position\":2,\"name\":\"Productos\",\"item\":\"https:\/\/www.nanwangpaperbag.com\/es\/shop\/\"},{\"@type\":\"ListItem\",\"position\":3,\"name\":\"Eco-Friendly Custom Printed Packaging Square Bottom Courier Bag Stand-Up Paper Mailers\"}]},{\"@type\":\"WebSite\",\"@id\":\"https:\/\/www.nanwangpaperbag.com\/#website\",\"url\":\"https:\/\/www.nanwangpaperbag.com\/\",\"name\":\"Nanwang Paper Packaging\",\"description\":\"\",\"publisher\":{\"@id\":\"https:\/\/www.nanwangpaperbag.com\/#organization\"},\"potentialAction\":[{\"@type\":\"SearchAction\",\"target\":{\"@type\":\"EntryPoint\",\"urlTemplate\":\"https:\/\/www.nanwangpaperbag.com\/?s={search_term_string}\"},\"query-input\":\"required name=search_term_string\"}],\"inLanguage\":\"fr-FR\"},{\"@type\":\"Organization\",\"@id\":\"https:\/\/www.nanwangpaperbag.com\/#organization\",\"name\":\"Nanwang Pack\",\"url\":\"https:\/\/www.nanwangpaperbag.com\/\",\"logo\":{\"@type\":\"ImageObject\",\"inLanguage\":\"fr-FR\",\"@id\":\"https:\/\/www.nanwangpaperbag.com\/#\/schema\/logo\/image\/\",\"url\":\"https:\/\/www.nanwangpaperbag.com\/wp-content\/uploads\/2025\/03\/logo2.webp\",\"contentUrl\":\"https:\/\/www.nanwangpaperbag.com\/wp-content\/uploads\/2025\/03\/logo2.webp\",\"width\":433,\"height\":407,\"caption\":\"Nanwang Pack\"},\"image\":{\"@id\":\"https:\/\/www.nanwangpaperbag.com\/#\/schema\/logo\/image\/\"},\"sameAs\":[\"https:\/\/www.facebook.com\/NanwangPaperBag\",\"https:\/\/x.com\/NanwangPack\",\"https:\/\/www.linkedin.com\/company\/nanwang-paper-bag\/\",\"https:\/\/www.youtube.com\/@NanwangPaperBag\",\"https:\/\/www.tiktok.com\/@nanwangpaperbag\"]}]}<\/script>\n<!-- \/ Yoast SEO plugin. -->","yoast_head_json":{"title":"Paper Mailers - Nanwang Paper Packaging","description":"Paper Mailers - Nanwang Paper Packaging , we supply Luxury Paper Bags, Shopping Paper Bag, Paper Carry Bag, Delivery Bag for you with good price.","robots":{"index":"index","follow":"follow","max-snippet":"max-snippet:-1","max-image-preview":"max-image-preview:large","max-video-preview":"max-video-preview:-1"},"canonical":"https:\/\/www.nanwangpaperbag.com\/fr\/produit\/emballage-ecologique-imprime-personnalise-sac-courrier-a-fond-carre-stand-up-paper-mailers\/","og_locale":"fr_FR","og_type":"article","og_title":"Paper Mailers - Nanwang Paper Packaging","og_description":"Paper Mailers - Nanwang Paper Packaging , we supply Luxury Paper Bags, Shopping Paper Bag, Paper Carry Bag, Delivery Bag for you with good price.","og_url":"https:\/\/www.nanwangpaperbag.com\/fr\/produit\/emballage-ecologique-imprime-personnalise-sac-courrier-a-fond-carre-stand-up-paper-mailers\/","og_site_name":"Nanwang Paper Packaging","article_publisher":"https:\/\/www.facebook.com\/NanwangPaperBag","og_image":[{"width":1100,"height":1100,"url":"https:\/\/www.nanwangpaperbag.com\/wp-content\/uploads\/2025\/08\/Eco-Friendly-Custom-Printed-Packaging-Square-Bottom-Courier-Bag-Stand-Up-Paper-Mailers8.webp","type":"image\/webp"}],"twitter_card":"summary_large_image","twitter_site":"@NanwangPack","twitter_misc":{"Dur\u00e9e de lecture estim\u00e9e":"3 minutes"},"schema":{"@context":"https:\/\/schema.org","@graph":[{"@type":"WebPage","@id":"https:\/\/www.nanwangpaperbag.com\/product\/eco-friendly-custom-printed-packaging-square-bottom-courier-bag-stand-up-paper-mailers\/","url":"https:\/\/www.nanwangpaperbag.com\/product\/eco-friendly-custom-printed-packaging-square-bottom-courier-bag-stand-up-paper-mailers\/","name":"Paper Mailers - Nanwang Paper Packaging","isPartOf":{"@id":"https:\/\/www.nanwangpaperbag.com\/#website"},"primaryImageOfPage":{"@id":"https:\/\/www.nanwangpaperbag.com\/product\/eco-friendly-custom-printed-packaging-square-bottom-courier-bag-stand-up-paper-mailers\/#primaryimage"},"image":{"@id":"https:\/\/www.nanwangpaperbag.com\/product\/eco-friendly-custom-printed-packaging-square-bottom-courier-bag-stand-up-paper-mailers\/#primaryimage"},"thumbnailUrl":"https:\/\/www.nanwangpaperbag.com\/wp-content\/uploads\/2025\/08\/Eco-Friendly-Custom-Printed-Packaging-Square-Bottom-Courier-Bag-Stand-Up-Paper-Mailers8.webp","datePublished":"2025-08-05T07:57:41+00:00","dateModified":"2025-08-05T07:57:41+00:00","description":"Paper Mailers - Nanwang Paper Packaging , we supply Luxury Paper Bags, Shopping Paper Bag, Paper Carry Bag, Delivery Bag for you with good price.","breadcrumb":{"@id":"https:\/\/www.nanwangpaperbag.com\/product\/eco-friendly-custom-printed-packaging-square-bottom-courier-bag-stand-up-paper-mailers\/#breadcrumb"},"inLanguage":"fr-FR","potentialAction":[{"@type":"ReadAction","target":["https:\/\/www.nanwangpaperbag.com\/product\/eco-friendly-custom-printed-packaging-square-bottom-courier-bag-stand-up-paper-mailers\/"]}]},{"@type":"ImageObject","inLanguage":"fr-FR","@id":"https:\/\/www.nanwangpaperbag.com\/product\/eco-friendly-custom-printed-packaging-square-bottom-courier-bag-stand-up-paper-mailers\/#primaryimage","url":"https:\/\/www.nanwangpaperbag.com\/wp-content\/uploads\/2025\/08\/Eco-Friendly-Custom-Printed-Packaging-Square-Bottom-Courier-Bag-Stand-Up-Paper-Mailers8.webp","contentUrl":"https:\/\/www.nanwangpaperbag.com\/wp-content\/uploads\/2025\/08\/Eco-Friendly-Custom-Printed-Packaging-Square-Bottom-Courier-Bag-Stand-Up-Paper-Mailers8.webp","width":1100,"height":1100,"caption":"Eco-Friendly Custom Printed Packaging Square Bottom Courier Bag Stand-Up Paper Mailers"},{"@type":"BreadcrumbList","@id":"https:\/\/www.nanwangpaperbag.com\/product\/eco-friendly-custom-printed-packaging-square-bottom-courier-bag-stand-up-paper-mailers\/#breadcrumb","itemListElement":[{"@type":"ListItem","position":1,"name":"Home","item":"https:\/\/www.nanwangpaperbag.com\/"},{"@type":"ListItem","position":2,"name":"Productos","item":"https:\/\/www.nanwangpaperbag.com\/es\/shop\/"},{"@type":"ListItem","position":3,"name":"Eco-Friendly Custom Printed Packaging Square Bottom Courier Bag Stand-Up Paper Mailers"}]},{"@type":"WebSite","@id":"https:\/\/www.nanwangpaperbag.com\/#website","url":"https:\/\/www.nanwangpaperbag.com\/","name":"Nanwang Paper Packaging","description":"","publisher":{"@id":"https:\/\/www.nanwangpaperbag.com\/#organization"},"potentialAction":[{"@type":"SearchAction","target":{"@type":"EntryPoint","urlTemplate":"https:\/\/www.nanwangpaperbag.com\/?s={search_term_string}"},"query-input":"required name=search_term_string"}],"inLanguage":"fr-FR"},{"@type":"Organization","@id":"https:\/\/www.nanwangpaperbag.com\/#organization","name":"Nanwang Pack","url":"https:\/\/www.nanwangpaperbag.com\/","logo":{"@type":"ImageObject","inLanguage":"fr-FR","@id":"https:\/\/www.nanwangpaperbag.com\/#\/schema\/logo\/image\/","url":"https:\/\/www.nanwangpaperbag.com\/wp-content\/uploads\/2025\/03\/logo2.webp","contentUrl":"https:\/\/www.nanwangpaperbag.com\/wp-content\/uploads\/2025\/03\/logo2.webp","width":433,"height":407,"caption":"Nanwang Pack"},"image":{"@id":"https:\/\/www.nanwangpaperbag.com\/#\/schema\/logo\/image\/"},"sameAs":["https:\/\/www.facebook.com\/NanwangPaperBag","https:\/\/x.com\/NanwangPack","https:\/\/www.linkedin.com\/company\/nanwang-paper-bag\/","https:\/\/www.youtube.com\/@NanwangPaperBag","https:\/\/www.tiktok.com\/@nanwangpaperbag"]}]}},"_links":{"self":[{"href":"https:\/\/www.nanwangpaperbag.com\/fr\/wp-json\/wp\/v2\/product\/13206"}],"collection":[{"href":"https:\/\/www.nanwangpaperbag.com\/fr\/wp-json\/wp\/v2\/product"}],"about":[{"href":"https:\/\/www.nanwangpaperbag.com\/fr\/wp-json\/wp\/v2\/types\/product"}],"replies":[{"embeddable":true,"href":"https:\/\/www.nanwangpaperbag.com\/fr\/wp-json\/wp\/v2\/comments?post=13206"}],"wp:featuredmedia":[{"embeddable":true,"href":"https:\/\/www.nanwangpaperbag.com\/fr\/wp-json\/wp\/v2\/media\/13208"}],"wp:attachment":[{"href":"https:\/\/www.nanwangpaperbag.com\/fr\/wp-json\/wp\/v2\/media?parent=13206"}],"wp:term":[{"taxonomy":"product_cat","embeddable":true,"href":"https:\/\/www.nanwangpaperbag.com\/fr\/wp-json\/wp\/v2\/product_cat?post=13206"},{"taxonomy":"product_tag","embeddable":true,"href":"https:\/\/www.nanwangpaperbag.com\/fr\/wp-json\/wp\/v2\/product_tag?post=13206"}],"curies":[{"name":"wp","href":"https:\/\/api.w.org\/{rel}","templated":true}]}}