{"id":12142,"date":"2025-04-15T08:45:56","date_gmt":"2025-04-15T08:45:56","guid":{"rendered":"https:\/\/www.nanwangpaperbag.com\/?post_type=product&#038;p=12142"},"modified":"2025-04-16T09:08:07","modified_gmt":"2025-04-16T09:08:07","slug":"sos-paper-bags","status":"publish","type":"product","link":"https:\/\/www.nanwangpaperbag.com\/pt\/produto\/sos-paper-bags\/","title":{"rendered":"Sacos de papel SOS"},"content":{"rendered":"<p><a href=\"https:\/\/www.nanwangpaperbag.com\/pt\/produto\/sos-paper-bags\/\"><strong>Sacos de papel SOS<\/strong><\/a> oferecem uma solu\u00e7\u00e3o de embalagem conveniente para restaurantes de servi\u00e7o r\u00e1pido. Utilizando as avan\u00e7adas m\u00e1quinas #4 e #8 da H.G. Weber Inc., estes sacos est\u00e3o dispon\u00edveis em v\u00e1rios tamanhos e podem ser impressos at\u00e9 7 cores. A escolha de sacos com janelas permite que os clientes vejam o conte\u00fado, enquanto as op\u00e7\u00f5es com tampas de lata ajudam a manter os alimentos frescos. Feitos de papel branco e kraft de qualidade alimentar, estes sacos recicl\u00e1veis e amigos do ambiente s\u00e3o impressos com tintas n\u00e3o t\u00f3xicas \u00e0 base de \u00e1gua para garantir a seguran\u00e7a.<\/p>\n<p><img loading=\"lazy\" decoding=\"async\" class=\"wp-image-12145 aligncenter\" data-src=\"https:\/\/www.nanwangpaperbag.com\/wp-content\/uploads\/2025\/04\/SOS-Paper-Bags-1.webp\" alt=\"Sacos de papel SOS \" width=\"548\" height=\"548\" srcset=\"https:\/\/www.nanwangpaperbag.com\/wp-content\/uploads\/2025\/04\/SOS-Paper-Bags-1.webp 548w, https:\/\/www.nanwangpaperbag.com\/wp-content\/uploads\/2025\/04\/SOS-Paper-Bags-1-480x480.webp 480w\" sizes=\"(min-width: 0px) and (max-width: 480px) 480px, (min-width: 481px) 548px, 100vw\" \/><\/p>\n<h2>Tamanhos padr\u00e3o NanWang<\/h2>\n<table class=\"tg\" style=\"border-collapse: collapse; border-spacing: 0;\">\n<thead>\n<tr>\n<th style=\"font-family: Arial, sans-serif; font-size: 14px; font-weight: normal; overflow: hidden; padding: 10px 5px; text-align: center; vertical-align: top; word-break: normal; border: 1px solid black;\"><span style=\"font-weight: normal;\">C\u00f3digo Ltem<\/span><\/th>\n<th style=\"font-family: Arial, sans-serif; font-size: 14px; font-weight: normal; overflow: hidden; padding: 10px 5px; text-align: center; vertical-align: top; word-break: normal; border: 1px solid black;\"><span style=\"font-weight: normal;\">Dimens\u00f5es do saco (mm)<\/span><br \/>\n<span style=\"font-weight: normal;\">( Largura x Altura x Refor\u00e7o )<\/span><\/th>\n<th style=\"font-family: Arial, sans-serif; font-size: 14px; font-weight: normal; overflow: hidden; padding: 10px 5px; text-align: center; vertical-align: top; word-break: normal; border: 1px solid black;\"><span style=\"font-weight: normal;\">Dimens\u00f5es do saco (polegadas)<\/span><br \/>\n<span style=\"font-weight: normal;\">( Largura x Altura x Refor\u00e7o )<\/span><\/th>\n<th style=\"font-family: Arial, sans-serif; font-size: 14px; font-weight: normal; overflow: hidden; padding: 10px 5px; text-align: center; vertical-align: top; word-break: normal; border: 1px solid black;\"><span style=\"font-weight: normal;\">Embalagem de caixa<\/span><br \/>\n<span style=\"font-weight: normal;\">(pcs\/ ctn)<\/span><\/th>\n<th style=\"font-family: Arial, sans-serif; font-size: 14px; font-weight: normal; overflow: hidden; padding: 10px 5px; text-align: center; vertical-align: top; word-break: normal; border: 1px solid black;\"><span style=\"font-weight: normal;\">Liso MOQ<\/span><br \/>\n<span style=\"font-weight: normal;\">(unidades)<\/span><\/th>\n<th style=\"font-family: Arial, sans-serif; font-size: 14px; font-weight: normal; overflow: hidden; padding: 10px 5px; text-align: center; vertical-align: top; word-break: normal; border: 1px solid black;\"><span style=\"font-weight: normal;\">Impresso MOQ<\/span><br \/>\n<span style=\"font-weight: normal;\">(unidades)<\/span><\/th>\n<\/tr>\n<\/thead>\n<tbody>\n<tr>\n<td style=\"font-family: Arial, sans-serif; font-size: 14px; overflow: hidden; padding: 10px 5px; text-align: center; vertical-align: top; word-break: normal; border: 1px solid black;\">NWC4<\/td>\n<td style=\"font-family: Arial, sans-serif; font-size: 14px; overflow: hidden; padding: 10px 5px; text-align: center; vertical-align: top; word-break: normal; border: 1px solid black;\">127X240X79mm<\/td>\n<td style=\"font-family: Arial, sans-serif; font-size: 14px; overflow: hidden; padding: 10px 5px; text-align: center; vertical-align: top; word-break: normal; border: 1px solid black;\">5\u2033x9,75\u2033x3\u2033<\/td>\n<td style=\"font-family: Arial, sans-serif; font-size: 14px; overflow: hidden; padding: 10px 5px; text-align: center; vertical-align: top; word-break: normal; border: 1px solid black;\">500<\/td>\n<td style=\"font-family: Arial, sans-serif; font-size: 14px; overflow: hidden; padding: 10px 5px; text-align: center; vertical-align: top; word-break: normal; border: 1px solid black;\">50000<\/td>\n<td style=\"font-family: Arial, sans-serif; font-size: 14px; overflow: hidden; padding: 10px 5px; text-align: center; vertical-align: top; word-break: normal; border: 1px solid black;\">100000<\/td>\n<\/tr>\n<tr>\n<td style=\"font-family: Arial, sans-serif; font-size: 14px; overflow: hidden; padding: 10px 5px; text-align: center; vertical-align: top; word-break: normal; border: 1px solid black;\">NWC6<\/td>\n<td style=\"font-family: Arial, sans-serif; font-size: 14px; overflow: hidden; padding: 10px 5px; text-align: center; vertical-align: top; word-break: normal; border: 1px solid black;\">152x281x92mm<\/td>\n<td style=\"font-family: Arial, sans-serif; font-size: 14px; overflow: hidden; padding: 10px 5px; text-align: center; vertical-align: top; word-break: normal; border: 1px solid black;\">6\u2033x11\u2033x3,5\u2033<\/td>\n<td style=\"font-family: Arial, sans-serif; font-size: 14px; overflow: hidden; padding: 10px 5px; text-align: center; vertical-align: top; word-break: normal; border: 1px solid black;\">500<\/td>\n<td style=\"font-family: Arial, sans-serif; font-size: 14px; overflow: hidden; padding: 10px 5px; text-align: center; vertical-align: top; word-break: normal; border: 1px solid black;\">50000<\/td>\n<td style=\"font-family: Arial, sans-serif; font-size: 14px; overflow: hidden; padding: 10px 5px; text-align: center; vertical-align: top; word-break: normal; border: 1px solid black;\">100000<\/td>\n<\/tr>\n<tr>\n<td style=\"font-family: Arial, sans-serif; font-size: 14px; overflow: hidden; padding: 10px 5px; text-align: center; vertical-align: top; word-break: normal; border: 1px solid black;\">NWC8<\/td>\n<td style=\"font-family: Arial, sans-serif; font-size: 14px; overflow: hidden; padding: 10px 5px; text-align: center; vertical-align: top; word-break: normal; border: 1px solid black;\">156x316x106mm<\/td>\n<td style=\"font-family: Arial, sans-serif; font-size: 14px; overflow: hidden; padding: 10px 5px; text-align: center; vertical-align: top; word-break: normal; border: 1px solid black;\">6\u2033x12,5\u2033x4\u2033<\/td>\n<td style=\"font-family: Arial, sans-serif; font-size: 14px; overflow: hidden; padding: 10px 5px; text-align: center; vertical-align: top; word-break: normal; border: 1px solid black;\">500<\/td>\n<td style=\"font-family: Arial, sans-serif; font-size: 14px; overflow: hidden; padding: 10px 5px; text-align: center; vertical-align: top; word-break: normal; border: 1px solid black;\">50000<\/td>\n<td style=\"font-family: Arial, sans-serif; font-size: 14px; overflow: hidden; padding: 10px 5px; text-align: center; vertical-align: top; word-break: normal; border: 1px solid black;\">100000<\/td>\n<\/tr>\n<tr>\n<td style=\"font-family: Arial, sans-serif; font-size: 14px; overflow: hidden; padding: 10px 5px; text-align: center; vertical-align: top; word-break: normal; border: 1px solid black;\">NWC10<\/td>\n<td style=\"font-family: Arial, sans-serif; font-size: 14px; overflow: hidden; padding: 10px 5px; text-align: center; vertical-align: top; word-break: normal; border: 1px solid black;\">160x340x106mm<\/td>\n<td style=\"font-family: Arial, sans-serif; font-size: 14px; overflow: hidden; padding: 10px 5px; text-align: center; vertical-align: top; word-break: normal; border: 1px solid black;\">6\u2033x13,5\u2033x4\u2033<\/td>\n<td style=\"font-family: Arial, sans-serif; font-size: 14px; overflow: hidden; padding: 10px 5px; text-align: center; vertical-align: top; word-break: normal; border: 1px solid black;\">500<\/td>\n<td style=\"font-family: Arial, sans-serif; font-size: 14px; overflow: hidden; padding: 10px 5px; text-align: center; vertical-align: top; word-break: normal; border: 1px solid black;\">50000<\/td>\n<td style=\"font-family: Arial, sans-serif; font-size: 14px; overflow: hidden; padding: 10px 5px; text-align: center; vertical-align: top; word-break: normal; border: 1px solid black;\">100000<\/td>\n<\/tr>\n<tr>\n<td style=\"font-family: Arial, sans-serif; font-size: 14px; overflow: hidden; padding: 10px 5px; text-align: center; vertical-align: top; word-break: normal; border: 1px solid black;\">NWC12<\/td>\n<td style=\"font-family: Arial, sans-serif; font-size: 14px; overflow: hidden; padding: 10px 5px; text-align: center; vertical-align: top; word-break: normal; border: 1px solid black;\">179x349x114mm<\/td>\n<td style=\"font-family: Arial, sans-serif; font-size: 14px; overflow: hidden; padding: 10px 5px; text-align: center; vertical-align: top; word-break: normal; border: 1px solid black;\">7\u2033x13,75\u2033x4,5\u2033<\/td>\n<td style=\"font-family: Arial, sans-serif; font-size: 14px; overflow: hidden; padding: 10px 5px; text-align: center; vertical-align: top; word-break: normal; border: 1px solid black;\">500<\/td>\n<td style=\"font-family: Arial, sans-serif; font-size: 14px; overflow: hidden; padding: 10px 5px; text-align: center; vertical-align: top; word-break: normal; border: 1px solid black;\">50000<\/td>\n<td style=\"font-family: Arial, sans-serif; font-size: 14px; overflow: hidden; padding: 10px 5px; text-align: center; vertical-align: top; word-break: normal; border: 1px solid black;\">100000<\/td>\n<\/tr>\n<\/tbody>\n<\/table>\n<p>&nbsp;<\/p>\n<h2>MATERIAL STANDARD RECOMENDADO<\/h2>\n<p>Papel Kraft branco de qualidade alimentar 50\/60GSM<br \/>\n\u00c0 prova de gordura\/ revestido de um lado<br \/>\nPapel Kraft castanho de qualidade alimentar 50\/60GSM<br \/>\n\u00c0 prova de gordura\/ revestido de um lado<\/p>\n<h2>Carater\u00edsticas<\/h2>\n<p>A Nanwang \u00e9 uma empresa de confian\u00e7a <a href=\"https:\/\/www.nanwangpaperbag.com\/pt\/category\/food-grade-paper-bag\/\"><strong>fornecedor de sacos de papel<\/strong><\/a>\u00a0especializada em embalagens de papel compat\u00edveis com o contacto com alimentos, concebidas para restaurantes de servi\u00e7o r\u00e1pido e necessidades de marcas de qualidade superior. Produzidos em instala\u00e7\u00f5es com certifica\u00e7\u00e3o GMP, os nossos produtos integram a impress\u00e3o flexogr\u00e1fica com papel kraft de qualidade alimentar e tintas aquosas n\u00e3o t\u00f3xicas, garantindo a seguran\u00e7a em conformidade com a FDA, ao mesmo tempo que proporcionam gr\u00e1ficos vibrantes.<\/p>\n<p><img loading=\"lazy\" decoding=\"async\" class=\"wp-image-12146 aligncenter\" data-src=\"https:\/\/www.nanwangpaperbag.com\/wp-content\/uploads\/2025\/04\/SOS-Paper-Bags-2.webp\" alt=\"Sacos de papel SOS \" width=\"468\" height=\"468\" \/><\/p>\n<h2>Vantagens principais<\/h2>\n<p>1. Saud\u00e1vel e amigo do ambiente<br \/>\nOs nossos sacos s\u00e3o fabricados com materiais seguros para os consumidores e para o planeta, promovendo um ambiente mais saud\u00e1vel.<br \/>\n2. Forte resist\u00eancia<br \/>\nConcebidos com uma forte resist\u00eancia, estes sacos podem suportar os rigores de um servi\u00e7o r\u00e1pido sem se rasgarem ou falharem.<br \/>\n3. Forte capacidade de suporte<br \/>\nConcebidos para suportar uma quantidade significativa de peso, os nossos sacos de papel SOS garantem que os seus produtos alimentares s\u00e3o embalados de forma segura.<br \/>\n4. Recicl\u00e1vel, degrad\u00e1vel e recuper\u00e1vel<br \/>\nOs nossos sacos n\u00e3o s\u00e3o apenas recicl\u00e1veis, mas tamb\u00e9m totalmente degrad\u00e1veis, o que os torna uma escolha respons\u00e1vel para as empresas que se preocupam com o ambiente.<br \/>\n5. Alta qualidade e baixo pre\u00e7o<br \/>\nOferecemos produtos de qualidade superior a pre\u00e7os acess\u00edveis, garantindo que os nossos clientes recebem o melhor valor sem comprometer os padr\u00f5es.<\/p>\n<h2>O nosso servi\u00e7o<\/h2>\n<p>1. Os fundos de I&amp;D s\u00e3o investidos cerca de 3% do volume de neg\u00f3cios anual (30 milh\u00f5es de RMB+) - 2022<br \/>\n2. 66 patentes: 5 patentes de inven\u00e7\u00e3o, 56 patentes de modelo de utilidade e 5 patentes de design. As patentes no estrangeiro foram admitidas em 8 pa\u00edses e 5 patentes atrav\u00e9s do PCT (Tratado de Coopera\u00e7\u00e3o em mat\u00e9ria de Patentes).<br \/>\n3. De 2019 a 2022, fornecemos aos clientes uma m\u00e9dia de mais de 200 solu\u00e7\u00f5es de conce\u00e7\u00e3o e desenvolvimento de embalagens por ano.<\/p>\n<h2>FAQ<\/h2>\n<p>Q1: Como sobre o seu tempo de chumbo para enviar a amostra? Como sobre a carga de amostra?<br \/>\nA: Geralmente em torno de 1-2 dias \u00fateis para enviar a amostra. A taxa da amostra depende do design. Para a necessidade de amostras de estoque, n\u00e3o cobraremos a taxa e espera-se que os clientes paguem apenas pelo frete; Cobraremos a taxa para o desenvolvimento de uma nova amostra chamada amostras personalizadas, e a taxa de amostra ser\u00e1 reembolsada se o pedido em massa for feito.<\/p>\n<p>Q2: Quais s\u00e3o os m\u00e9todos de envio?<br \/>\nA:DHL, UPS, TNT, FEDEX, por mar, por ar, etc<\/p>\n<p>P3:O que devemos fazer se n\u00e3o conseguirmos encontrar a coisa certa no vosso s\u00edtio?<br \/>\nA:Por favor contacte-nos para fornecer o seu pr\u00f3prio desenho art\u00edstico, dar-lhe-emos uma cota\u00e7\u00e3o sobre o seu desenho.<\/p>\n<p>Q4: Qual \u00e9 a sua vantagem?<br \/>\nA:1.Desde 2010<br \/>\n2. pre\u00e7o de f\u00e1brica<br \/>\n3. servi\u00e7o r\u00e1pido ao cliente<br \/>\n4. entrega atempada<br \/>\n5. garantia de qualidade superior<br \/>\n6.Manter o acompanhamento dos clientes<\/p>\n<p>Q5: \u00c9 uma f\u00e1brica ou uma empresa comercial?<br \/>\nR: Somos uma f\u00e1brica desde 2010 a produzir e exportar produtos de embalagem de papel, tamb\u00e9m temos uma equipa profissional de trabalhadores.<\/p>","protected":false},"excerpt":{"rendered":"<p>Artigo: Saco de papel kraft SOS<br \/>\nTamanhos:2#, 4#, 6#, 8#, 10#, 12#, 20#<br \/>\nLog\u00f3tipo: Logotipo personalizado<br \/>\nCores de impress\u00e3o: at\u00e9 8 cores<br \/>\nMaterial de papel: papel kraft castanho\/branco virgem de qualidade alimentar, papel kraft castanho reciclado<\/p>","protected":false},"featured_media":12147,"comment_status":"open","ping_status":"closed","template":"","meta":{"_et_pb_use_builder":"","_et_pb_old_content":"","_et_gb_content_width":""},"product_cat":[280,281],"product_tag":[303,302],"yoast_head":"<!-- This site is optimized with the Yoast SEO plugin v22.7 - https:\/\/yoast.com\/wordpress\/plugins\/seo\/ -->\n<title>SOS Paper Bags - Nanwang Paper Packaging<\/title>\n<meta name=\"description\" content=\"SOS Paper Bags - Nanwang Paper Packaging , we supply Luxury Paper Bags, Shopping Paper Bag, Paper Carry Bag, Delivery Bag for you with good price.\" \/>\n<meta name=\"robots\" content=\"index, follow, max-snippet:-1, max-image-preview:large, max-video-preview:-1\" \/>\n<link rel=\"canonical\" href=\"https:\/\/www.nanwangpaperbag.com\/pt\/produto\/sos-paper-bags\/\" \/>\n<meta property=\"og:locale\" content=\"pt_PT\" \/>\n<meta property=\"og:type\" content=\"article\" \/>\n<meta property=\"og:title\" content=\"SOS Paper Bags - Nanwang Paper Packaging\" \/>\n<meta property=\"og:description\" content=\"SOS Paper Bags - Nanwang Paper Packaging , we supply Luxury Paper Bags, Shopping Paper Bag, Paper Carry Bag, Delivery Bag for you with good price.\" \/>\n<meta property=\"og:url\" content=\"https:\/\/www.nanwangpaperbag.com\/pt\/produto\/sos-paper-bags\/\" \/>\n<meta property=\"og:site_name\" content=\"Nanwang Paper Packaging\" \/>\n<meta property=\"article:publisher\" content=\"https:\/\/www.facebook.com\/NanwangPaperBag\" \/>\n<meta property=\"article:modified_time\" content=\"2025-04-16T09:08:07+00:00\" \/>\n<meta property=\"og:image\" content=\"https:\/\/www.nanwangpaperbag.com\/wp-content\/uploads\/2025\/04\/SOS-Paper-Bags-1-1.webp\" \/>\n\t<meta property=\"og:image:width\" content=\"800\" \/>\n\t<meta property=\"og:image:height\" content=\"800\" \/>\n\t<meta property=\"og:image:type\" content=\"image\/webp\" \/>\n<meta name=\"twitter:card\" content=\"summary_large_image\" \/>\n<meta name=\"twitter:site\" content=\"@NanwangPack\" \/>\n<meta name=\"twitter:label1\" content=\"Tempo estimado de leitura\" \/>\n\t<meta name=\"twitter:data1\" content=\"4 minutos\" \/>\n<script type=\"application\/ld+json\" class=\"yoast-schema-graph\">{\"@context\":\"https:\/\/schema.org\",\"@graph\":[{\"@type\":\"WebPage\",\"@id\":\"https:\/\/www.nanwangpaperbag.com\/product\/sos-paper-bags\/\",\"url\":\"https:\/\/www.nanwangpaperbag.com\/product\/sos-paper-bags\/\",\"name\":\"SOS Paper Bags - Nanwang Paper Packaging\",\"isPartOf\":{\"@id\":\"https:\/\/www.nanwangpaperbag.com\/#website\"},\"primaryImageOfPage\":{\"@id\":\"https:\/\/www.nanwangpaperbag.com\/product\/sos-paper-bags\/#primaryimage\"},\"image\":{\"@id\":\"https:\/\/www.nanwangpaperbag.com\/product\/sos-paper-bags\/#primaryimage\"},\"thumbnailUrl\":\"https:\/\/www.nanwangpaperbag.com\/wp-content\/uploads\/2025\/04\/SOS-Paper-Bags-1-1.webp\",\"datePublished\":\"2025-04-15T08:45:56+00:00\",\"dateModified\":\"2025-04-16T09:08:07+00:00\",\"description\":\"SOS Paper Bags - Nanwang Paper Packaging , we supply Luxury Paper Bags, Shopping Paper Bag, Paper Carry Bag, Delivery Bag for you with good price.\",\"breadcrumb\":{\"@id\":\"https:\/\/www.nanwangpaperbag.com\/product\/sos-paper-bags\/#breadcrumb\"},\"inLanguage\":\"pt-PT\",\"potentialAction\":[{\"@type\":\"ReadAction\",\"target\":[\"https:\/\/www.nanwangpaperbag.com\/product\/sos-paper-bags\/\"]}]},{\"@type\":\"ImageObject\",\"inLanguage\":\"pt-PT\",\"@id\":\"https:\/\/www.nanwangpaperbag.com\/product\/sos-paper-bags\/#primaryimage\",\"url\":\"https:\/\/www.nanwangpaperbag.com\/wp-content\/uploads\/2025\/04\/SOS-Paper-Bags-1-1.webp\",\"contentUrl\":\"https:\/\/www.nanwangpaperbag.com\/wp-content\/uploads\/2025\/04\/SOS-Paper-Bags-1-1.webp\",\"width\":800,\"height\":800,\"caption\":\"SOS Paper Bags\"},{\"@type\":\"BreadcrumbList\",\"@id\":\"https:\/\/www.nanwangpaperbag.com\/product\/sos-paper-bags\/#breadcrumb\",\"itemListElement\":[{\"@type\":\"ListItem\",\"position\":1,\"name\":\"Home\",\"item\":\"https:\/\/www.nanwangpaperbag.com\/\"},{\"@type\":\"ListItem\",\"position\":2,\"name\":\"Productos\",\"item\":\"https:\/\/www.nanwangpaperbag.com\/es\/shop\/\"},{\"@type\":\"ListItem\",\"position\":3,\"name\":\"SOS Paper Bags\"}]},{\"@type\":\"WebSite\",\"@id\":\"https:\/\/www.nanwangpaperbag.com\/#website\",\"url\":\"https:\/\/www.nanwangpaperbag.com\/\",\"name\":\"Nanwang Paper Packaging\",\"description\":\"\",\"publisher\":{\"@id\":\"https:\/\/www.nanwangpaperbag.com\/#organization\"},\"potentialAction\":[{\"@type\":\"SearchAction\",\"target\":{\"@type\":\"EntryPoint\",\"urlTemplate\":\"https:\/\/www.nanwangpaperbag.com\/?s={search_term_string}\"},\"query-input\":\"required name=search_term_string\"}],\"inLanguage\":\"pt-PT\"},{\"@type\":\"Organization\",\"@id\":\"https:\/\/www.nanwangpaperbag.com\/#organization\",\"name\":\"Nanwang Pack\",\"url\":\"https:\/\/www.nanwangpaperbag.com\/\",\"logo\":{\"@type\":\"ImageObject\",\"inLanguage\":\"pt-PT\",\"@id\":\"https:\/\/www.nanwangpaperbag.com\/#\/schema\/logo\/image\/\",\"url\":\"https:\/\/www.nanwangpaperbag.com\/wp-content\/uploads\/2025\/03\/logo2.webp\",\"contentUrl\":\"https:\/\/www.nanwangpaperbag.com\/wp-content\/uploads\/2025\/03\/logo2.webp\",\"width\":433,\"height\":407,\"caption\":\"Nanwang Pack\"},\"image\":{\"@id\":\"https:\/\/www.nanwangpaperbag.com\/#\/schema\/logo\/image\/\"},\"sameAs\":[\"https:\/\/www.facebook.com\/NanwangPaperBag\",\"https:\/\/x.com\/NanwangPack\",\"https:\/\/www.linkedin.com\/company\/nanwang-paper-bag\/\",\"https:\/\/www.youtube.com\/@NanwangPaperBag\",\"https:\/\/www.tiktok.com\/@nanwangpaperbag\"]}]}<\/script>\n<!-- \/ Yoast SEO plugin. -->","yoast_head_json":{"title":"SOS Paper Bags - Nanwang Paper Packaging","description":"SOS Paper Bags - Nanwang Paper Packaging , we supply Luxury Paper Bags, Shopping Paper Bag, Paper Carry Bag, Delivery Bag for you with good price.","robots":{"index":"index","follow":"follow","max-snippet":"max-snippet:-1","max-image-preview":"max-image-preview:large","max-video-preview":"max-video-preview:-1"},"canonical":"https:\/\/www.nanwangpaperbag.com\/pt\/produto\/sos-paper-bags\/","og_locale":"pt_PT","og_type":"article","og_title":"SOS Paper Bags - Nanwang Paper Packaging","og_description":"SOS Paper Bags - Nanwang Paper Packaging , we supply Luxury Paper Bags, Shopping Paper Bag, Paper Carry Bag, Delivery Bag for you with good price.","og_url":"https:\/\/www.nanwangpaperbag.com\/pt\/produto\/sos-paper-bags\/","og_site_name":"Nanwang Paper Packaging","article_publisher":"https:\/\/www.facebook.com\/NanwangPaperBag","article_modified_time":"2025-04-16T09:08:07+00:00","og_image":[{"width":800,"height":800,"url":"https:\/\/www.nanwangpaperbag.com\/wp-content\/uploads\/2025\/04\/SOS-Paper-Bags-1-1.webp","type":"image\/webp"}],"twitter_card":"summary_large_image","twitter_site":"@NanwangPack","twitter_misc":{"Tempo estimado de leitura":"4 minutos"},"schema":{"@context":"https:\/\/schema.org","@graph":[{"@type":"WebPage","@id":"https:\/\/www.nanwangpaperbag.com\/product\/sos-paper-bags\/","url":"https:\/\/www.nanwangpaperbag.com\/product\/sos-paper-bags\/","name":"SOS Paper Bags - Nanwang Paper Packaging","isPartOf":{"@id":"https:\/\/www.nanwangpaperbag.com\/#website"},"primaryImageOfPage":{"@id":"https:\/\/www.nanwangpaperbag.com\/product\/sos-paper-bags\/#primaryimage"},"image":{"@id":"https:\/\/www.nanwangpaperbag.com\/product\/sos-paper-bags\/#primaryimage"},"thumbnailUrl":"https:\/\/www.nanwangpaperbag.com\/wp-content\/uploads\/2025\/04\/SOS-Paper-Bags-1-1.webp","datePublished":"2025-04-15T08:45:56+00:00","dateModified":"2025-04-16T09:08:07+00:00","description":"SOS Paper Bags - Nanwang Paper Packaging , we supply Luxury Paper Bags, Shopping Paper Bag, Paper Carry Bag, Delivery Bag for you with good price.","breadcrumb":{"@id":"https:\/\/www.nanwangpaperbag.com\/product\/sos-paper-bags\/#breadcrumb"},"inLanguage":"pt-PT","potentialAction":[{"@type":"ReadAction","target":["https:\/\/www.nanwangpaperbag.com\/product\/sos-paper-bags\/"]}]},{"@type":"ImageObject","inLanguage":"pt-PT","@id":"https:\/\/www.nanwangpaperbag.com\/product\/sos-paper-bags\/#primaryimage","url":"https:\/\/www.nanwangpaperbag.com\/wp-content\/uploads\/2025\/04\/SOS-Paper-Bags-1-1.webp","contentUrl":"https:\/\/www.nanwangpaperbag.com\/wp-content\/uploads\/2025\/04\/SOS-Paper-Bags-1-1.webp","width":800,"height":800,"caption":"SOS Paper Bags"},{"@type":"BreadcrumbList","@id":"https:\/\/www.nanwangpaperbag.com\/product\/sos-paper-bags\/#breadcrumb","itemListElement":[{"@type":"ListItem","position":1,"name":"Home","item":"https:\/\/www.nanwangpaperbag.com\/"},{"@type":"ListItem","position":2,"name":"Productos","item":"https:\/\/www.nanwangpaperbag.com\/es\/shop\/"},{"@type":"ListItem","position":3,"name":"SOS Paper Bags"}]},{"@type":"WebSite","@id":"https:\/\/www.nanwangpaperbag.com\/#website","url":"https:\/\/www.nanwangpaperbag.com\/","name":"Nanwang Paper Packaging","description":"","publisher":{"@id":"https:\/\/www.nanwangpaperbag.com\/#organization"},"potentialAction":[{"@type":"SearchAction","target":{"@type":"EntryPoint","urlTemplate":"https:\/\/www.nanwangpaperbag.com\/?s={search_term_string}"},"query-input":"required name=search_term_string"}],"inLanguage":"pt-PT"},{"@type":"Organization","@id":"https:\/\/www.nanwangpaperbag.com\/#organization","name":"Nanwang Pack","url":"https:\/\/www.nanwangpaperbag.com\/","logo":{"@type":"ImageObject","inLanguage":"pt-PT","@id":"https:\/\/www.nanwangpaperbag.com\/#\/schema\/logo\/image\/","url":"https:\/\/www.nanwangpaperbag.com\/wp-content\/uploads\/2025\/03\/logo2.webp","contentUrl":"https:\/\/www.nanwangpaperbag.com\/wp-content\/uploads\/2025\/03\/logo2.webp","width":433,"height":407,"caption":"Nanwang Pack"},"image":{"@id":"https:\/\/www.nanwangpaperbag.com\/#\/schema\/logo\/image\/"},"sameAs":["https:\/\/www.facebook.com\/NanwangPaperBag","https:\/\/x.com\/NanwangPack","https:\/\/www.linkedin.com\/company\/nanwang-paper-bag\/","https:\/\/www.youtube.com\/@NanwangPaperBag","https:\/\/www.tiktok.com\/@nanwangpaperbag"]}]}},"_links":{"self":[{"href":"https:\/\/www.nanwangpaperbag.com\/pt\/wp-json\/wp\/v2\/product\/12142"}],"collection":[{"href":"https:\/\/www.nanwangpaperbag.com\/pt\/wp-json\/wp\/v2\/product"}],"about":[{"href":"https:\/\/www.nanwangpaperbag.com\/pt\/wp-json\/wp\/v2\/types\/product"}],"replies":[{"embeddable":true,"href":"https:\/\/www.nanwangpaperbag.com\/pt\/wp-json\/wp\/v2\/comments?post=12142"}],"wp:featuredmedia":[{"embeddable":true,"href":"https:\/\/www.nanwangpaperbag.com\/pt\/wp-json\/wp\/v2\/media\/12147"}],"wp:attachment":[{"href":"https:\/\/www.nanwangpaperbag.com\/pt\/wp-json\/wp\/v2\/media?parent=12142"}],"wp:term":[{"taxonomy":"product_cat","embeddable":true,"href":"https:\/\/www.nanwangpaperbag.com\/pt\/wp-json\/wp\/v2\/product_cat?post=12142"},{"taxonomy":"product_tag","embeddable":true,"href":"https:\/\/www.nanwangpaperbag.com\/pt\/wp-json\/wp\/v2\/product_tag?post=12142"}],"curies":[{"name":"wp","href":"https:\/\/api.w.org\/{rel}","templated":true}]}}