{"id":12143,"date":"2025-04-15T08:54:42","date_gmt":"2025-04-15T08:54:42","guid":{"rendered":"https:\/\/www.nanwangpaperbag.com\/?post_type=product&#038;p=12143"},"modified":"2025-04-15T08:56:01","modified_gmt":"2025-04-15T08:56:01","slug":"pinch-bottom-paper-bags","status":"publish","type":"product","link":"https:\/\/www.nanwangpaperbag.com\/pt\/produto\/sacos-de-papel-de-fundo-apertado\/","title":{"rendered":"Sacos de papel com fundo de pin\u00e7a"},"content":{"rendered":"<p>Os sacos com fundo de pin\u00e7a, tamb\u00e9m designados por sacos de papel com fundo de pin\u00e7a ou sacos de abertura autom\u00e1tica, s\u00e3o amplamente utilizados em v\u00e1rios sectores, incluindo alimenta\u00e7\u00e3o, retalho e aplica\u00e7\u00f5es industriais. O seu design distinto apresenta um fundo criado pela dobragem e compress\u00e3o do papel, o que elimina a necessidade de colagem ou selagem adicional. Eis algumas das principais carater\u00edsticas e utiliza\u00e7\u00f5es dos sacos de fundo dobrado:<\/p>\n<ul>\n<li>Constru\u00e7\u00e3o<br \/>\nO fundo do saco \u00e9 criado dobrando e apertando as camadas de papel, o que resulta numa base segura e resistente. Este m\u00e9todo de constru\u00e7\u00e3o assegura a integridade estrutural, tornando o saco adequado para conter uma variedade de produtos.<\/li>\n<li>Facilidade de abertura<br \/>\nOs sacos com fundo de pin\u00e7a s\u00e3o concebidos para uma abertura sem esfor\u00e7o, permitindo um enchimento r\u00e1pido e c\u00f3modo. Os seus topos permanecem normalmente abertos, oferecendo um amplo espa\u00e7o para o carregamento de produtos sem necessidade de fechos ou selos adicionais.<\/li>\n<li>Personaliza\u00e7\u00e3o<br \/>\nOs sacos com fundo de pin\u00e7a podem ser personalizados com impress\u00e3o, marca e etiquetagem para melhorar a visibilidade do produto e o reconhecimento da marca. Os retalhistas utilizam frequentemente estes sacos impressos personalizados para apresentar os seus log\u00f3tipos, detalhes do produto e mensagens promocionais de forma eficaz.<\/li>\n<li>Amigo do ambiente<br \/>\nOs sacos com fundo de pino s\u00e3o geralmente fabricados a partir de materiais recicl\u00e1veis e biodegrad\u00e1veis, o que os torna uma op\u00e7\u00e3o de embalagem ecol\u00f3gica. S\u00e3o mais sustent\u00e1veis do que os sacos de pl\u00e1stico e ajudam a reduzir significativamente o impacto ambiental.<\/li>\n<\/ul>\n<p><img loading=\"lazy\" decoding=\"async\" class=\"wp-image-12150 aligncenter\" data-src=\"https:\/\/www.nanwangpaperbag.com\/wp-content\/uploads\/2025\/04\/Pinch-Bottom-paper-Bags-1.webp\" alt=\"Sacos de papel com fundo de pin\u00e7a\" width=\"642\" height=\"642\" srcset=\"https:\/\/www.nanwangpaperbag.com\/wp-content\/uploads\/2025\/04\/Pinch-Bottom-paper-Bags-1.webp 642w, https:\/\/www.nanwangpaperbag.com\/wp-content\/uploads\/2025\/04\/Pinch-Bottom-paper-Bags-1-480x480.webp 480w\" sizes=\"(min-width: 0px) and (max-width: 480px) 480px, (min-width: 481px) 642px, 100vw\" \/><\/p>\n<h2>Tamanhos padr\u00e3o NanWang<\/h2>\n<table class=\"tg\" style=\"border-collapse: collapse; border-spacing: 0;\">\n<thead>\n<tr>\n<th style=\"font-family: Arial, sans-serif; font-size: 14px; font-weight: normal; overflow: hidden; padding: 10px 5px; text-align: center; vertical-align: top; word-break: normal; border: 1px solid black;\">C\u00f3digo Ltem<\/th>\n<th style=\"font-family: Arial, sans-serif; font-size: 14px; font-weight: normal; overflow: hidden; padding: 10px 5px; text-align: center; vertical-align: top; word-break: normal; border: 1px solid black;\">Dimens\u00f5es do saco (mm)<br \/>\n( Largura x Altura x Refor\u00e7o )<\/th>\n<th style=\"font-family: Arial, sans-serif; font-size: 14px; font-weight: normal; overflow: hidden; padding: 10px 5px; text-align: center; vertical-align: top; word-break: normal; border: 1px solid black;\">Dimens\u00f5es do saco (polegadas)<br \/>\n( Largura x Altura x Refor\u00e7o )<\/th>\n<th style=\"font-family: Arial, sans-serif; font-size: 14px; font-weight: normal; overflow: hidden; padding: 10px 5px; text-align: center; vertical-align: top; word-break: normal; border: 1px solid black;\">Liso MOQ<br \/>\n(unidades)<\/th>\n<th style=\"font-family: Arial, sans-serif; font-size: 14px; font-weight: normal; overflow: hidden; padding: 10px 5px; text-align: center; vertical-align: top; word-break: normal; border: 1px solid black;\">Impresso MOQ<br \/>\n(unidades)<\/th>\n<\/tr>\n<\/thead>\n<tbody>\n<tr>\n<td style=\"font-family: Arial, sans-serif; font-size: 14px; overflow: hidden; padding: 10px 5px; text-align: center; vertical-align: top; word-break: normal; border: 1px solid black;\">NWP70NA<\/td>\n<td style=\"font-family: Arial, sans-serif; font-size: 14px; overflow: hidden; padding: 10px 5px; text-align: center; vertical-align: top; word-break: normal; border: 1px solid black;\">70x160x40mm<\/td>\n<td style=\"font-family: Arial, sans-serif; font-size: 14px; overflow: hidden; padding: 10px 5px; text-align: center; vertical-align: top; word-break: normal; border: 1px solid black;\">2,75\u2033x6,3\u2033x1,57\u2033<\/td>\n<td style=\"font-family: Arial, sans-serif; font-size: 14px; overflow: hidden; padding: 10px 5px; text-align: center; vertical-align: top; word-break: normal; border: 1px solid black;\">100000<\/td>\n<td style=\"font-family: Arial, sans-serif; font-size: 14px; overflow: hidden; padding: 10px 5px; text-align: center; vertical-align: top; word-break: normal; border: 1px solid black;\">100000<\/td>\n<\/tr>\n<tr>\n<td style=\"font-family: Arial, sans-serif; font-size: 14px; overflow: hidden; padding: 10px 5px; text-align: center; vertical-align: top; word-break: normal; border: 1px solid black;\">NWP86NA<\/td>\n<td style=\"font-family: Arial, sans-serif; font-size: 14px; overflow: hidden; padding: 10px 5px; text-align: center; vertical-align: top; word-break: normal; border: 1px solid black;\">86x260x51mm<\/td>\n<td style=\"font-family: Arial, sans-serif; font-size: 14px; overflow: hidden; padding: 10px 5px; text-align: center; vertical-align: top; word-break: normal; border: 1px solid black;\">3,38\u2033x10,23\u2033x2\u2033<\/td>\n<td style=\"font-family: Arial, sans-serif; font-size: 14px; overflow: hidden; padding: 10px 5px; text-align: center; vertical-align: top; word-break: normal; border: 1px solid black;\">100000<\/td>\n<td style=\"font-family: Arial, sans-serif; font-size: 14px; overflow: hidden; padding: 10px 5px; text-align: center; vertical-align: top; word-break: normal; border: 1px solid black;\">100000<\/td>\n<\/tr>\n<tr>\n<td style=\"font-family: Arial, sans-serif; font-size: 14px; overflow: hidden; padding: 10px 5px; text-align: center; vertical-align: top; word-break: normal; border: 1px solid black;\">NWP110NA<\/td>\n<td style=\"font-family: Arial, sans-serif; font-size: 14px; overflow: hidden; padding: 10px 5px; text-align: center; vertical-align: top; word-break: normal; border: 1px solid black;\">110x160x44mm<\/td>\n<td style=\"font-family: Arial, sans-serif; font-size: 14px; overflow: hidden; padding: 10px 5px; text-align: center; vertical-align: top; word-break: normal; border: 1px solid black;\">4,33\u2033x6,3\u2033x1,73\u2033<\/td>\n<td style=\"font-family: Arial, sans-serif; font-size: 14px; overflow: hidden; padding: 10px 5px; text-align: center; vertical-align: top; word-break: normal; border: 1px solid black;\">100000<\/td>\n<td style=\"font-family: Arial, sans-serif; font-size: 14px; overflow: hidden; padding: 10px 5px; text-align: center; vertical-align: top; word-break: normal; border: 1px solid black;\">100000<\/td>\n<\/tr>\n<tr>\n<td style=\"font-family: Arial, sans-serif; font-size: 14px; overflow: hidden; padding: 10px 5px; text-align: center; vertical-align: top; word-break: normal; border: 1px solid black;\">NWP118NA<\/td>\n<td style=\"font-family: Arial, sans-serif; font-size: 14px; overflow: hidden; padding: 10px 5px; text-align: center; vertical-align: top; word-break: normal; border: 1px solid black;\">118x102mm<\/td>\n<td style=\"font-family: Arial, sans-serif; font-size: 14px; overflow: hidden; padding: 10px 5px; text-align: center; vertical-align: top; word-break: normal; border: 1px solid black;\">4.65\u2033x4\u2033<\/td>\n<td style=\"font-family: Arial, sans-serif; font-size: 14px; overflow: hidden; padding: 10px 5px; text-align: center; vertical-align: top; word-break: normal; border: 1px solid black;\">100000<\/td>\n<td style=\"font-family: Arial, sans-serif; font-size: 14px; overflow: hidden; padding: 10px 5px; text-align: center; vertical-align: top; word-break: normal; border: 1px solid black;\">100000<\/td>\n<\/tr>\n<\/tbody>\n<\/table>\n<h2>MATERIAL STANDARD RECOMENDADO<\/h2>\n<p>Papel kraft branco \u25cf40\/45\/50\/60\/70\/80GSM<br \/>\nPapel kraft castanho virgem 45\/50\/60\/65\/80GSM<\/p>\n<h2>Carater\u00edsticas<\/h2>\n<p>1. \u00c0 prova de \u00f3leo<br \/>\n<strong><a href=\"https:\/\/www.nanwangpaperbag.com\/pt\/produto\/sacos-de-papel-de-fundo-apertado\/\">Sacos de papel de fundo fino<\/a><\/strong> s\u00e3o fabricados com materiais especiais que proporcionam uma excelente resist\u00eancia ao \u00f3leo, impedindo eficazmente a infiltra\u00e7\u00e3o de gordura e garantindo a frescura dos alimentos, ideal para embalar artigos gordurosos.<\/p>\n<p>2. Amigo do ambiente<br \/>\nEstes sacos de papel s\u00e3o fabricados a partir de materiais recicl\u00e1veis e biodegrad\u00e1veis, cumprindo as normas ambientais. Ajudam a reduzir o impacto ecol\u00f3gico e apoiam a sustentabilidade, satisfazendo os consumidores que d\u00e3o prioridade a op\u00e7\u00f5es ecol\u00f3gicas.<\/p>\n<p>3. Baixo custo<br \/>\nOs sacos de papel Pinch Bottom utilizam t\u00e9cnicas de produ\u00e7\u00e3o eficientes que reduzem os custos de fabrico, tornando-os acess\u00edveis. Isto permite que as empresas forne\u00e7am solu\u00e7\u00f5es de embalagem de qualidade enquanto gerem os seus or\u00e7amentos de forma eficaz.<\/p>\n<h2>Sobre n\u00f3s<\/h2>\n<p>A Nanwang (C\u00f3digo de Estoque: 301355), fundada em 2010, \u00e9 a primeira empresa de embalagens de papel listada na China, especializada em <a href=\"https:\/\/www.nanwangpaperbag.com\/pt\/category\/food-grade-paper-bag\/\"><strong>saco de papel por atacado<\/strong><\/a> e embalagens alimentares ecol\u00f3gicas. Com um total de activos superior a 2 mil milh\u00f5es de RMB, estamos equipados com centenas de linhas automatizadas de fabrico de sacos e m\u00e1quinas de impress\u00e3o internacionalmente avan\u00e7adas. Como l\u00edder na ind\u00fastria de sacos de papel da China, fomos classificados entre as \"100 maiores empresas de impress\u00e3o e embalagem da China\" por cinco anos consecutivos.<\/p>\n<h2>FAQ<\/h2>\n<p>Q1: \u00c9 um fabricante?<br \/>\nR: Sim, temos vindo a fornecer solu\u00e7\u00f5es profissionais na ind\u00fastria de impress\u00e3o e embalagem ao longo de 12 anos a partir de 2010.<\/p>\n<p>Q2: Tem produtos em stock para vender?<br \/>\nR: Sim, n\u00e3o temos sacos de stock de impress\u00e3o para a sua escolha.<\/p>\n<p>Q3: Quais s\u00e3o os vossos principais produtos?<br \/>\nR: Produzimos principalmente todo o tipo de sacos de papel, sacos de oferta, sacos de compras, etc.<\/p>\n<p>Q4: Qual \u00e9 a sua vantagem?<br \/>\nR: Temos uma grande capacidade, mais de 40 conjuntos de m\u00e1quinas de sacos de compras, a maior parte do equipamento \u00e9 importado do Jap\u00e3o e da Alemanha.<\/p>\n<p>Q5:Como fazer o inqu\u00e9rito?<br \/>\nA: Por favor, informe o material, tamanho, arte, quantidade dos produtos que voc\u00ea precisa, bem como o m\u00e9todo de entrega, voc\u00ea tamb\u00e9m pode enviar-nos com fotos semelhantes para verifica\u00e7\u00e3o.<\/p>","protected":false},"excerpt":{"rendered":"<p>Fun\u00e7\u00e3o\uff1aImperme\u00e1vel a gorduras<br \/>\nMaterial:Papel kraft branco<br \/>\nLog\u00f3tipo:Log\u00f3tipo personalizado<br \/>\nImpress\u00e3o:Est\u00e3o dispon\u00edveis 8 cores para impress\u00e3o flexogr\u00e1fica<\/p>","protected":false},"featured_media":12151,"comment_status":"open","ping_status":"closed","template":"","meta":{"_et_pb_use_builder":"","_et_pb_old_content":"","_et_gb_content_width":""},"product_cat":[280,282],"product_tag":[304,305],"yoast_head":"<!-- This site is optimized with the Yoast SEO plugin v22.7 - https:\/\/yoast.com\/wordpress\/plugins\/seo\/ -->\n<title>Pinch Bottom Paper Bags - Nanwang Paper Packaging<\/title>\n<meta name=\"description\" content=\"Pinch Bottom Paper Bags - Nanwang Paper Packaging , we supply Luxury Paper Bags, Shopping Paper Bag, Paper Carry Bag, Delivery Bag for you with good price.\" \/>\n<meta name=\"robots\" content=\"index, follow, max-snippet:-1, max-image-preview:large, max-video-preview:-1\" \/>\n<link rel=\"canonical\" href=\"https:\/\/www.nanwangpaperbag.com\/pt\/produto\/sacos-de-papel-de-fundo-apertado\/\" \/>\n<meta property=\"og:locale\" content=\"pt_PT\" \/>\n<meta property=\"og:type\" content=\"article\" \/>\n<meta property=\"og:title\" content=\"Pinch Bottom Paper Bags - Nanwang Paper Packaging\" \/>\n<meta property=\"og:description\" content=\"Pinch Bottom Paper Bags - Nanwang Paper Packaging , we supply Luxury Paper Bags, Shopping Paper Bag, Paper Carry Bag, Delivery Bag for you with good price.\" \/>\n<meta property=\"og:url\" content=\"https:\/\/www.nanwangpaperbag.com\/pt\/produto\/sacos-de-papel-de-fundo-apertado\/\" \/>\n<meta property=\"og:site_name\" content=\"Nanwang Paper Packaging\" \/>\n<meta property=\"article:publisher\" content=\"https:\/\/www.facebook.com\/NanwangPaperBag\" \/>\n<meta property=\"article:modified_time\" content=\"2025-04-15T08:56:01+00:00\" \/>\n<meta property=\"og:image\" content=\"https:\/\/www.nanwangpaperbag.com\/wp-content\/uploads\/2025\/04\/Pinch-Bottom-paper-Bags-1-1.webp\" \/>\n\t<meta property=\"og:image:width\" content=\"800\" \/>\n\t<meta property=\"og:image:height\" content=\"800\" \/>\n\t<meta property=\"og:image:type\" content=\"image\/webp\" \/>\n<meta name=\"twitter:card\" content=\"summary_large_image\" \/>\n<meta name=\"twitter:site\" content=\"@NanwangPack\" \/>\n<meta name=\"twitter:label1\" content=\"Tempo estimado de leitura\" \/>\n\t<meta name=\"twitter:data1\" content=\"3 minutos\" \/>\n<script type=\"application\/ld+json\" class=\"yoast-schema-graph\">{\"@context\":\"https:\/\/schema.org\",\"@graph\":[{\"@type\":\"WebPage\",\"@id\":\"https:\/\/www.nanwangpaperbag.com\/product\/pinch-bottom-paper-bags\/\",\"url\":\"https:\/\/www.nanwangpaperbag.com\/product\/pinch-bottom-paper-bags\/\",\"name\":\"Pinch Bottom Paper Bags - Nanwang Paper Packaging\",\"isPartOf\":{\"@id\":\"https:\/\/www.nanwangpaperbag.com\/#website\"},\"primaryImageOfPage\":{\"@id\":\"https:\/\/www.nanwangpaperbag.com\/product\/pinch-bottom-paper-bags\/#primaryimage\"},\"image\":{\"@id\":\"https:\/\/www.nanwangpaperbag.com\/product\/pinch-bottom-paper-bags\/#primaryimage\"},\"thumbnailUrl\":\"https:\/\/www.nanwangpaperbag.com\/wp-content\/uploads\/2025\/04\/Pinch-Bottom-paper-Bags-1-1.webp\",\"datePublished\":\"2025-04-15T08:54:42+00:00\",\"dateModified\":\"2025-04-15T08:56:01+00:00\",\"description\":\"Pinch Bottom Paper Bags - Nanwang Paper Packaging , we supply Luxury Paper Bags, Shopping Paper Bag, Paper Carry Bag, Delivery Bag for you with good price.\",\"breadcrumb\":{\"@id\":\"https:\/\/www.nanwangpaperbag.com\/product\/pinch-bottom-paper-bags\/#breadcrumb\"},\"inLanguage\":\"pt-PT\",\"potentialAction\":[{\"@type\":\"ReadAction\",\"target\":[\"https:\/\/www.nanwangpaperbag.com\/product\/pinch-bottom-paper-bags\/\"]}]},{\"@type\":\"ImageObject\",\"inLanguage\":\"pt-PT\",\"@id\":\"https:\/\/www.nanwangpaperbag.com\/product\/pinch-bottom-paper-bags\/#primaryimage\",\"url\":\"https:\/\/www.nanwangpaperbag.com\/wp-content\/uploads\/2025\/04\/Pinch-Bottom-paper-Bags-1-1.webp\",\"contentUrl\":\"https:\/\/www.nanwangpaperbag.com\/wp-content\/uploads\/2025\/04\/Pinch-Bottom-paper-Bags-1-1.webp\",\"width\":800,\"height\":800,\"caption\":\"Pinch Bottom Paper Bags\"},{\"@type\":\"BreadcrumbList\",\"@id\":\"https:\/\/www.nanwangpaperbag.com\/product\/pinch-bottom-paper-bags\/#breadcrumb\",\"itemListElement\":[{\"@type\":\"ListItem\",\"position\":1,\"name\":\"Home\",\"item\":\"https:\/\/www.nanwangpaperbag.com\/\"},{\"@type\":\"ListItem\",\"position\":2,\"name\":\"Productos\",\"item\":\"https:\/\/www.nanwangpaperbag.com\/es\/shop\/\"},{\"@type\":\"ListItem\",\"position\":3,\"name\":\"Pinch Bottom Paper Bags\"}]},{\"@type\":\"WebSite\",\"@id\":\"https:\/\/www.nanwangpaperbag.com\/#website\",\"url\":\"https:\/\/www.nanwangpaperbag.com\/\",\"name\":\"Nanwang Paper Packaging\",\"description\":\"\",\"publisher\":{\"@id\":\"https:\/\/www.nanwangpaperbag.com\/#organization\"},\"potentialAction\":[{\"@type\":\"SearchAction\",\"target\":{\"@type\":\"EntryPoint\",\"urlTemplate\":\"https:\/\/www.nanwangpaperbag.com\/?s={search_term_string}\"},\"query-input\":\"required name=search_term_string\"}],\"inLanguage\":\"pt-PT\"},{\"@type\":\"Organization\",\"@id\":\"https:\/\/www.nanwangpaperbag.com\/#organization\",\"name\":\"Nanwang Pack\",\"url\":\"https:\/\/www.nanwangpaperbag.com\/\",\"logo\":{\"@type\":\"ImageObject\",\"inLanguage\":\"pt-PT\",\"@id\":\"https:\/\/www.nanwangpaperbag.com\/#\/schema\/logo\/image\/\",\"url\":\"https:\/\/www.nanwangpaperbag.com\/wp-content\/uploads\/2025\/03\/logo2.webp\",\"contentUrl\":\"https:\/\/www.nanwangpaperbag.com\/wp-content\/uploads\/2025\/03\/logo2.webp\",\"width\":433,\"height\":407,\"caption\":\"Nanwang Pack\"},\"image\":{\"@id\":\"https:\/\/www.nanwangpaperbag.com\/#\/schema\/logo\/image\/\"},\"sameAs\":[\"https:\/\/www.facebook.com\/NanwangPaperBag\",\"https:\/\/x.com\/NanwangPack\",\"https:\/\/www.linkedin.com\/company\/nanwang-paper-bag\/\",\"https:\/\/www.youtube.com\/@NanwangPaperBag\",\"https:\/\/www.tiktok.com\/@nanwangpaperbag\"]}]}<\/script>\n<!-- \/ Yoast SEO plugin. -->","yoast_head_json":{"title":"Pinch Bottom Paper Bags - Nanwang Paper Packaging","description":"Pinch Bottom Paper Bags - Nanwang Paper Packaging , we supply Luxury Paper Bags, Shopping Paper Bag, Paper Carry Bag, Delivery Bag for you with good price.","robots":{"index":"index","follow":"follow","max-snippet":"max-snippet:-1","max-image-preview":"max-image-preview:large","max-video-preview":"max-video-preview:-1"},"canonical":"https:\/\/www.nanwangpaperbag.com\/pt\/produto\/sacos-de-papel-de-fundo-apertado\/","og_locale":"pt_PT","og_type":"article","og_title":"Pinch Bottom Paper Bags - Nanwang Paper Packaging","og_description":"Pinch Bottom Paper Bags - Nanwang Paper Packaging , we supply Luxury Paper Bags, Shopping Paper Bag, Paper Carry Bag, Delivery Bag for you with good price.","og_url":"https:\/\/www.nanwangpaperbag.com\/pt\/produto\/sacos-de-papel-de-fundo-apertado\/","og_site_name":"Nanwang Paper Packaging","article_publisher":"https:\/\/www.facebook.com\/NanwangPaperBag","article_modified_time":"2025-04-15T08:56:01+00:00","og_image":[{"width":800,"height":800,"url":"https:\/\/www.nanwangpaperbag.com\/wp-content\/uploads\/2025\/04\/Pinch-Bottom-paper-Bags-1-1.webp","type":"image\/webp"}],"twitter_card":"summary_large_image","twitter_site":"@NanwangPack","twitter_misc":{"Tempo estimado de leitura":"3 minutos"},"schema":{"@context":"https:\/\/schema.org","@graph":[{"@type":"WebPage","@id":"https:\/\/www.nanwangpaperbag.com\/product\/pinch-bottom-paper-bags\/","url":"https:\/\/www.nanwangpaperbag.com\/product\/pinch-bottom-paper-bags\/","name":"Pinch Bottom Paper Bags - Nanwang Paper Packaging","isPartOf":{"@id":"https:\/\/www.nanwangpaperbag.com\/#website"},"primaryImageOfPage":{"@id":"https:\/\/www.nanwangpaperbag.com\/product\/pinch-bottom-paper-bags\/#primaryimage"},"image":{"@id":"https:\/\/www.nanwangpaperbag.com\/product\/pinch-bottom-paper-bags\/#primaryimage"},"thumbnailUrl":"https:\/\/www.nanwangpaperbag.com\/wp-content\/uploads\/2025\/04\/Pinch-Bottom-paper-Bags-1-1.webp","datePublished":"2025-04-15T08:54:42+00:00","dateModified":"2025-04-15T08:56:01+00:00","description":"Pinch Bottom Paper Bags - Nanwang Paper Packaging , we supply Luxury Paper Bags, Shopping Paper Bag, Paper Carry Bag, Delivery Bag for you with good price.","breadcrumb":{"@id":"https:\/\/www.nanwangpaperbag.com\/product\/pinch-bottom-paper-bags\/#breadcrumb"},"inLanguage":"pt-PT","potentialAction":[{"@type":"ReadAction","target":["https:\/\/www.nanwangpaperbag.com\/product\/pinch-bottom-paper-bags\/"]}]},{"@type":"ImageObject","inLanguage":"pt-PT","@id":"https:\/\/www.nanwangpaperbag.com\/product\/pinch-bottom-paper-bags\/#primaryimage","url":"https:\/\/www.nanwangpaperbag.com\/wp-content\/uploads\/2025\/04\/Pinch-Bottom-paper-Bags-1-1.webp","contentUrl":"https:\/\/www.nanwangpaperbag.com\/wp-content\/uploads\/2025\/04\/Pinch-Bottom-paper-Bags-1-1.webp","width":800,"height":800,"caption":"Pinch Bottom Paper Bags"},{"@type":"BreadcrumbList","@id":"https:\/\/www.nanwangpaperbag.com\/product\/pinch-bottom-paper-bags\/#breadcrumb","itemListElement":[{"@type":"ListItem","position":1,"name":"Home","item":"https:\/\/www.nanwangpaperbag.com\/"},{"@type":"ListItem","position":2,"name":"Productos","item":"https:\/\/www.nanwangpaperbag.com\/es\/shop\/"},{"@type":"ListItem","position":3,"name":"Pinch Bottom Paper Bags"}]},{"@type":"WebSite","@id":"https:\/\/www.nanwangpaperbag.com\/#website","url":"https:\/\/www.nanwangpaperbag.com\/","name":"Nanwang Paper Packaging","description":"","publisher":{"@id":"https:\/\/www.nanwangpaperbag.com\/#organization"},"potentialAction":[{"@type":"SearchAction","target":{"@type":"EntryPoint","urlTemplate":"https:\/\/www.nanwangpaperbag.com\/?s={search_term_string}"},"query-input":"required name=search_term_string"}],"inLanguage":"pt-PT"},{"@type":"Organization","@id":"https:\/\/www.nanwangpaperbag.com\/#organization","name":"Nanwang Pack","url":"https:\/\/www.nanwangpaperbag.com\/","logo":{"@type":"ImageObject","inLanguage":"pt-PT","@id":"https:\/\/www.nanwangpaperbag.com\/#\/schema\/logo\/image\/","url":"https:\/\/www.nanwangpaperbag.com\/wp-content\/uploads\/2025\/03\/logo2.webp","contentUrl":"https:\/\/www.nanwangpaperbag.com\/wp-content\/uploads\/2025\/03\/logo2.webp","width":433,"height":407,"caption":"Nanwang Pack"},"image":{"@id":"https:\/\/www.nanwangpaperbag.com\/#\/schema\/logo\/image\/"},"sameAs":["https:\/\/www.facebook.com\/NanwangPaperBag","https:\/\/x.com\/NanwangPack","https:\/\/www.linkedin.com\/company\/nanwang-paper-bag\/","https:\/\/www.youtube.com\/@NanwangPaperBag","https:\/\/www.tiktok.com\/@nanwangpaperbag"]}]}},"_links":{"self":[{"href":"https:\/\/www.nanwangpaperbag.com\/pt\/wp-json\/wp\/v2\/product\/12143"}],"collection":[{"href":"https:\/\/www.nanwangpaperbag.com\/pt\/wp-json\/wp\/v2\/product"}],"about":[{"href":"https:\/\/www.nanwangpaperbag.com\/pt\/wp-json\/wp\/v2\/types\/product"}],"replies":[{"embeddable":true,"href":"https:\/\/www.nanwangpaperbag.com\/pt\/wp-json\/wp\/v2\/comments?post=12143"}],"wp:featuredmedia":[{"embeddable":true,"href":"https:\/\/www.nanwangpaperbag.com\/pt\/wp-json\/wp\/v2\/media\/12151"}],"wp:attachment":[{"href":"https:\/\/www.nanwangpaperbag.com\/pt\/wp-json\/wp\/v2\/media?parent=12143"}],"wp:term":[{"taxonomy":"product_cat","embeddable":true,"href":"https:\/\/www.nanwangpaperbag.com\/pt\/wp-json\/wp\/v2\/product_cat?post=12143"},{"taxonomy":"product_tag","embeddable":true,"href":"https:\/\/www.nanwangpaperbag.com\/pt\/wp-json\/wp\/v2\/product_tag?post=12143"}],"curies":[{"name":"wp","href":"https:\/\/api.w.org\/{rel}","templated":true}]}}