{"id":12160,"date":"2025-04-15T09:19:12","date_gmt":"2025-04-15T09:19:12","guid":{"rendered":"https:\/\/www.nanwangpaperbag.com\/?post_type=product&#038;p=12160"},"modified":"2025-05-15T03:21:53","modified_gmt":"2025-05-15T03:21:53","slug":"kraft-food-paper-containers","status":"publish","type":"product","link":"https:\/\/www.nanwangpaperbag.com\/pt\/produto\/kraft-food-paper-containers\/","title":{"rendered":"Recipientes de papel Kraft para alimentos"},"content":{"rendered":"<p>Estes <a href=\"https:\/\/www.nanwangpaperbag.com\/pt\/category\/food-service-disposables\/paper-box\/\"><strong>recipientes de papel para alimentos<\/strong><\/a> s\u00e3o fornecidas planas e dobram-se facilmente com linhas de moldagem. Fabricadas em papel kraft ecol\u00f3gico, utilizando um processo sem cloro e cera ecol\u00f3gica de mistura de soja, apoiam o movimento ecol\u00f3gico, mantendo-se altamente funcionais. Ideais para manter os alimentos frescos, estas caixas kraft castanhas para levar s\u00e3o perfeitas para servir alimentos pesados e fritos. Quer seja para eventos de catering ou para organizar uma festa, estes recipientes s\u00e3o adequados tanto para pratos frios como quentes, o que os torna uma escolha vers\u00e1til e sustent\u00e1vel.<\/p>\n<p><img loading=\"lazy\" decoding=\"async\" class=\"size-full wp-image-12169 aligncenter\" data-src=\"https:\/\/www.nanwangpaperbag.com\/wp-content\/uploads\/2025\/04\/Food-paper-Containers-1.webp\" alt=\"Recipientes de papel Kraft para alimentos\" width=\"596\" height=\"280\" srcset=\"https:\/\/www.nanwangpaperbag.com\/wp-content\/uploads\/2025\/04\/Food-paper-Containers-1.webp 596w, https:\/\/www.nanwangpaperbag.com\/wp-content\/uploads\/2025\/04\/Food-paper-Containers-1-480x226.webp 480w\" sizes=\"(min-width: 0px) and (max-width: 480px) 480px, (min-width: 481px) 596px, 100vw\" \/><\/p>\n<h2>MATERIAL STANDARD RECOMENDADO<\/h2>\n<p>Papel de cart\u00e3o branco revestido de 210 g\/m\u00b2 \u00e0 prova de gordura<br \/>\nPapel de cart\u00e3o branco revestido de 240 g\/m\u00b2 \u00e0 prova de gordura<br \/>\nPapel de cart\u00e3o branco revestido de 250 g\/m\u00b2 \u00e0 prova de gordura<br \/>\nPapel de cart\u00e3o castanho revestido de 250 grs.<\/p>\n<h2>Carater\u00edsticas de <a href=\"https:\/\/www.nanwangpaperbag.com\/pt\/produto\/kraft-food-paper-containers\/\"><em><strong>Recipientes para alimentos Kraft<\/strong><\/em><\/a><\/h2>\n<p>Rent\u00e1vel<\/p>\n<p>Constru\u00e7\u00e3o forte e robusta<\/p>\n<p>Ideal para alimentos quentes e resistente a gorduras<\/p>\n<p>Totalmente recicl\u00e1vel - amigo do ambiente<\/p>\n<p>Recipientes kraft populares para jantares para levar<\/p>\n<p>Caixas de papel resistentes a fugas e gorduras<\/p>\n<p>\u00d3timo para a sua padaria, restaurante, bistr\u00f4 ou evento de catering, este recipiente vers\u00e1til tem o tamanho perfeito para sobremesas. \u00c9 uma excelente op\u00e7\u00e3o para guardar uma variedade de alimentos, enquanto a atraente cor kraft proporciona uma sensa\u00e7\u00e3o profissional para a comida para levar dos seus clientes.<\/p>\n<h2>Normas nacionais<\/h2>\n<p>As distin\u00e7\u00f5es incluem o reconhecimento como uma \"Empresa Nacional de Produ\u00e7\u00e3o Orientada para os Servi\u00e7os\", uma \"Empresa Nacional de Alta Tecnologia\" e uma das \"100 Maiores Empresas de Impress\u00e3o e Embalagem da China\" durante cinco anos consecutivos. Como l\u00edder no sector da <a href=\"https:\/\/www.nanwangpaperbag.com\/pt\/category\/food-service-disposables\/\"><strong>embalagens descart\u00e1veis para servi\u00e7os alimentares<\/strong><\/a> Na ind\u00fastria, tamb\u00e9m assumimos um papel pioneiro na normaliza\u00e7\u00e3o, servindo como principal redator de v\u00e1rias normas-chave da ind\u00fastria, nacionais e de grupo, incluindo:<\/p>\n<ul>\n<li><strong>QB\/T 4379-2019<\/strong> \"Sacos de papel port\u00e1teis\" (Norma da Ind\u00fastria)<\/li>\n<li><strong>GB\/T 27590-2022<\/strong> \"Copos de papel\" (norma nacional)<\/li>\n<li><strong>T\/CNFIA 201-2020<\/strong> \"Palhinhas de papel descart\u00e1veis para contacto com alimentos\" (Grupo Norma)<\/li>\n<li><strong>T\/CNFIA 189-2024<\/strong> \"Determina\u00e7\u00e3o de fluoreto org\u00e2nico extra\u00edvel em papel de contacto alimentar\" (Norma de Grupo)<\/li>\n<li><strong>T\/CNFIA 190-2024<\/strong> \"Determina\u00e7\u00e3o do fl\u00faor org\u00e2nico total em papel, cart\u00e3o e produtos de papel para contacto com alimentos\"<\/li>\n<li><strong>T\/CNFIA 191-2024<\/strong> \"Determina\u00e7\u00e3o do fl\u00faor total em papel, cart\u00e3o e produtos de papel para contacto com alimentos\"<\/li>\n<\/ul>\n<p>Estas contribui\u00e7\u00f5es reflectem o nosso compromisso com a inova\u00e7\u00e3o, a seguran\u00e7a e a sustentabilidade no sector das embalagens descart\u00e1veis para servi\u00e7os alimentares.<\/p>\n<h2>FAQ<\/h2>\n<p>Q1.Existe alguma tarifa para o meu pa\u00eds?<br \/>\nA \uff1a \u00c9 25% tarifa da China para os EUA, mas outros pa\u00edses n\u00e3o. Temos uma f\u00e1brica na Mal\u00e1sia pode enviar para os EUA para evitar tarifas.<\/p>\n<p>Q2. Podem enviar produtos para o meu escrit\u00f3rio na China?<br \/>\nR: Sim, por favor, indique a morada.<\/p>\n<p>Q3.Existe algum regulamento de transporte adicional para produtos de papel?<br \/>\nR: N\u00e3o.<\/p>\n<p>Q4: Como \u00e9 que posso obter o desconto?<br \/>\nR: Se o QTY da encomenda for maior, os pre\u00e7os ser\u00e3o mais baixos.<\/p>\n<p>Q5: \u00c9 uma f\u00e1brica ou uma empresa comercial?<br \/>\nR:Somos uma f\u00e1brica de produtos de embalagem de papel, e temos 6 f\u00e1bricas. 5 na China, 1 na Mal\u00e1sia.<\/p>","protected":false},"excerpt":{"rendered":"<p>Fabricado em cart\u00e3o kraft branco \u00e0 prova de gordura, copo para batatas fritas quente com impress\u00e3o personalizada, design dobrado, dobr\u00e1vel plano para levar batatas fritas. Pode ser impresso \u00e0 medida, ideal para comida quente. Sirva comida r\u00e1pida com facilidade com os recipientes para alimentos em papel. Fabricados em cart\u00e3o, estes recipientes s\u00e3o resistentes a fugas e gorduras e podem servir alimentos fritos quentes. Tamb\u00e9m podem ser utilizados para armazenar, embalar e entregar.<br \/>\nTamanho: com base no desenho da obra de arte<br \/>\nCor\/Material: Cart\u00e3o Kraft branco<br \/>\nQuantidade: 100,000<br \/>\n\u00d3timo para embalar encomendas de alimentos quentes ou frios para levar<br \/>\nDescart\u00e1vel para uma limpeza f\u00e1cil<\/p>","protected":false},"featured_media":12170,"comment_status":"open","ping_status":"closed","template":"","meta":{"_et_pb_use_builder":"","_et_pb_old_content":"","_et_gb_content_width":""},"product_cat":[284,285],"product_tag":[308,309,354],"yoast_head":"<!-- This site is optimized with the Yoast SEO plugin v22.7 - https:\/\/yoast.com\/wordpress\/plugins\/seo\/ -->\n<title>Kraft Food Paper Containers - Nanwang Paper Packaging<\/title>\n<meta name=\"description\" content=\"Kraft Food Paper Containers - Nanwang Paper Packaging , we supply Luxury Paper Bags, Shopping Paper Bag, Paper Carry Bag, Delivery Bag for you with good price.\" \/>\n<meta name=\"robots\" content=\"index, follow, max-snippet:-1, max-image-preview:large, max-video-preview:-1\" \/>\n<link rel=\"canonical\" href=\"https:\/\/www.nanwangpaperbag.com\/pt\/produto\/kraft-food-paper-containers\/\" \/>\n<meta property=\"og:locale\" content=\"pt_PT\" \/>\n<meta property=\"og:type\" content=\"article\" \/>\n<meta property=\"og:title\" content=\"Kraft Food Paper Containers - Nanwang Paper Packaging\" \/>\n<meta property=\"og:description\" content=\"Kraft Food Paper Containers - Nanwang Paper Packaging , we supply Luxury Paper Bags, Shopping Paper Bag, Paper Carry Bag, Delivery Bag for you with good price.\" \/>\n<meta property=\"og:url\" content=\"https:\/\/www.nanwangpaperbag.com\/pt\/produto\/kraft-food-paper-containers\/\" \/>\n<meta property=\"og:site_name\" content=\"Nanwang Paper Packaging\" \/>\n<meta property=\"article:publisher\" content=\"https:\/\/www.facebook.com\/NanwangPaperBag\" \/>\n<meta property=\"article:modified_time\" content=\"2025-05-15T03:21:53+00:00\" \/>\n<meta property=\"og:image\" content=\"https:\/\/www.nanwangpaperbag.com\/wp-content\/uploads\/2025\/04\/Kraft-Food-paper-Containers-1.webp\" \/>\n\t<meta property=\"og:image:width\" content=\"800\" \/>\n\t<meta property=\"og:image:height\" content=\"800\" \/>\n\t<meta property=\"og:image:type\" content=\"image\/webp\" \/>\n<meta name=\"twitter:card\" content=\"summary_large_image\" \/>\n<meta name=\"twitter:site\" content=\"@NanwangPack\" \/>\n<meta name=\"twitter:label1\" content=\"Tempo estimado de leitura\" \/>\n\t<meta name=\"twitter:data1\" content=\"3 minutos\" \/>\n<script type=\"application\/ld+json\" class=\"yoast-schema-graph\">{\"@context\":\"https:\/\/schema.org\",\"@graph\":[{\"@type\":\"WebPage\",\"@id\":\"https:\/\/www.nanwangpaperbag.com\/product\/kraft-food-paper-containers\/\",\"url\":\"https:\/\/www.nanwangpaperbag.com\/product\/kraft-food-paper-containers\/\",\"name\":\"Kraft Food Paper Containers - Nanwang Paper Packaging\",\"isPartOf\":{\"@id\":\"https:\/\/www.nanwangpaperbag.com\/#website\"},\"primaryImageOfPage\":{\"@id\":\"https:\/\/www.nanwangpaperbag.com\/product\/kraft-food-paper-containers\/#primaryimage\"},\"image\":{\"@id\":\"https:\/\/www.nanwangpaperbag.com\/product\/kraft-food-paper-containers\/#primaryimage\"},\"thumbnailUrl\":\"https:\/\/www.nanwangpaperbag.com\/wp-content\/uploads\/2025\/04\/Kraft-Food-paper-Containers-1.webp\",\"datePublished\":\"2025-04-15T09:19:12+00:00\",\"dateModified\":\"2025-05-15T03:21:53+00:00\",\"description\":\"Kraft Food Paper Containers - Nanwang Paper Packaging , we supply Luxury Paper Bags, Shopping Paper Bag, Paper Carry Bag, Delivery Bag for you with good price.\",\"breadcrumb\":{\"@id\":\"https:\/\/www.nanwangpaperbag.com\/product\/kraft-food-paper-containers\/#breadcrumb\"},\"inLanguage\":\"pt-PT\",\"potentialAction\":[{\"@type\":\"ReadAction\",\"target\":[\"https:\/\/www.nanwangpaperbag.com\/product\/kraft-food-paper-containers\/\"]}]},{\"@type\":\"ImageObject\",\"inLanguage\":\"pt-PT\",\"@id\":\"https:\/\/www.nanwangpaperbag.com\/product\/kraft-food-paper-containers\/#primaryimage\",\"url\":\"https:\/\/www.nanwangpaperbag.com\/wp-content\/uploads\/2025\/04\/Kraft-Food-paper-Containers-1.webp\",\"contentUrl\":\"https:\/\/www.nanwangpaperbag.com\/wp-content\/uploads\/2025\/04\/Kraft-Food-paper-Containers-1.webp\",\"width\":800,\"height\":800,\"caption\":\"Kraft Food Paper Containers\"},{\"@type\":\"BreadcrumbList\",\"@id\":\"https:\/\/www.nanwangpaperbag.com\/product\/kraft-food-paper-containers\/#breadcrumb\",\"itemListElement\":[{\"@type\":\"ListItem\",\"position\":1,\"name\":\"Home\",\"item\":\"https:\/\/www.nanwangpaperbag.com\/\"},{\"@type\":\"ListItem\",\"position\":2,\"name\":\"Productos\",\"item\":\"https:\/\/www.nanwangpaperbag.com\/es\/shop\/\"},{\"@type\":\"ListItem\",\"position\":3,\"name\":\"Kraft Food Paper Containers\"}]},{\"@type\":\"WebSite\",\"@id\":\"https:\/\/www.nanwangpaperbag.com\/#website\",\"url\":\"https:\/\/www.nanwangpaperbag.com\/\",\"name\":\"Nanwang Paper Packaging\",\"description\":\"\",\"publisher\":{\"@id\":\"https:\/\/www.nanwangpaperbag.com\/#organization\"},\"potentialAction\":[{\"@type\":\"SearchAction\",\"target\":{\"@type\":\"EntryPoint\",\"urlTemplate\":\"https:\/\/www.nanwangpaperbag.com\/?s={search_term_string}\"},\"query-input\":\"required name=search_term_string\"}],\"inLanguage\":\"pt-PT\"},{\"@type\":\"Organization\",\"@id\":\"https:\/\/www.nanwangpaperbag.com\/#organization\",\"name\":\"Nanwang Pack\",\"url\":\"https:\/\/www.nanwangpaperbag.com\/\",\"logo\":{\"@type\":\"ImageObject\",\"inLanguage\":\"pt-PT\",\"@id\":\"https:\/\/www.nanwangpaperbag.com\/#\/schema\/logo\/image\/\",\"url\":\"https:\/\/www.nanwangpaperbag.com\/wp-content\/uploads\/2025\/03\/logo2.webp\",\"contentUrl\":\"https:\/\/www.nanwangpaperbag.com\/wp-content\/uploads\/2025\/03\/logo2.webp\",\"width\":433,\"height\":407,\"caption\":\"Nanwang Pack\"},\"image\":{\"@id\":\"https:\/\/www.nanwangpaperbag.com\/#\/schema\/logo\/image\/\"},\"sameAs\":[\"https:\/\/www.facebook.com\/NanwangPaperBag\",\"https:\/\/x.com\/NanwangPack\",\"https:\/\/www.linkedin.com\/company\/nanwang-paper-bag\/\",\"https:\/\/www.youtube.com\/@NanwangPaperBag\",\"https:\/\/www.tiktok.com\/@nanwangpaperbag\"]}]}<\/script>\n<!-- \/ Yoast SEO plugin. -->","yoast_head_json":{"title":"Kraft Food Paper Containers - Nanwang Paper Packaging","description":"Kraft Food Paper Containers - Nanwang Paper Packaging , we supply Luxury Paper Bags, Shopping Paper Bag, Paper Carry Bag, Delivery Bag for you with good price.","robots":{"index":"index","follow":"follow","max-snippet":"max-snippet:-1","max-image-preview":"max-image-preview:large","max-video-preview":"max-video-preview:-1"},"canonical":"https:\/\/www.nanwangpaperbag.com\/pt\/produto\/kraft-food-paper-containers\/","og_locale":"pt_PT","og_type":"article","og_title":"Kraft Food Paper Containers - Nanwang Paper Packaging","og_description":"Kraft Food Paper Containers - Nanwang Paper Packaging , we supply Luxury Paper Bags, Shopping Paper Bag, Paper Carry Bag, Delivery Bag for you with good price.","og_url":"https:\/\/www.nanwangpaperbag.com\/pt\/produto\/kraft-food-paper-containers\/","og_site_name":"Nanwang Paper Packaging","article_publisher":"https:\/\/www.facebook.com\/NanwangPaperBag","article_modified_time":"2025-05-15T03:21:53+00:00","og_image":[{"width":800,"height":800,"url":"https:\/\/www.nanwangpaperbag.com\/wp-content\/uploads\/2025\/04\/Kraft-Food-paper-Containers-1.webp","type":"image\/webp"}],"twitter_card":"summary_large_image","twitter_site":"@NanwangPack","twitter_misc":{"Tempo estimado de leitura":"3 minutos"},"schema":{"@context":"https:\/\/schema.org","@graph":[{"@type":"WebPage","@id":"https:\/\/www.nanwangpaperbag.com\/product\/kraft-food-paper-containers\/","url":"https:\/\/www.nanwangpaperbag.com\/product\/kraft-food-paper-containers\/","name":"Kraft Food Paper Containers - Nanwang Paper Packaging","isPartOf":{"@id":"https:\/\/www.nanwangpaperbag.com\/#website"},"primaryImageOfPage":{"@id":"https:\/\/www.nanwangpaperbag.com\/product\/kraft-food-paper-containers\/#primaryimage"},"image":{"@id":"https:\/\/www.nanwangpaperbag.com\/product\/kraft-food-paper-containers\/#primaryimage"},"thumbnailUrl":"https:\/\/www.nanwangpaperbag.com\/wp-content\/uploads\/2025\/04\/Kraft-Food-paper-Containers-1.webp","datePublished":"2025-04-15T09:19:12+00:00","dateModified":"2025-05-15T03:21:53+00:00","description":"Kraft Food Paper Containers - Nanwang Paper Packaging , we supply Luxury Paper Bags, Shopping Paper Bag, Paper Carry Bag, Delivery Bag for you with good price.","breadcrumb":{"@id":"https:\/\/www.nanwangpaperbag.com\/product\/kraft-food-paper-containers\/#breadcrumb"},"inLanguage":"pt-PT","potentialAction":[{"@type":"ReadAction","target":["https:\/\/www.nanwangpaperbag.com\/product\/kraft-food-paper-containers\/"]}]},{"@type":"ImageObject","inLanguage":"pt-PT","@id":"https:\/\/www.nanwangpaperbag.com\/product\/kraft-food-paper-containers\/#primaryimage","url":"https:\/\/www.nanwangpaperbag.com\/wp-content\/uploads\/2025\/04\/Kraft-Food-paper-Containers-1.webp","contentUrl":"https:\/\/www.nanwangpaperbag.com\/wp-content\/uploads\/2025\/04\/Kraft-Food-paper-Containers-1.webp","width":800,"height":800,"caption":"Kraft Food Paper Containers"},{"@type":"BreadcrumbList","@id":"https:\/\/www.nanwangpaperbag.com\/product\/kraft-food-paper-containers\/#breadcrumb","itemListElement":[{"@type":"ListItem","position":1,"name":"Home","item":"https:\/\/www.nanwangpaperbag.com\/"},{"@type":"ListItem","position":2,"name":"Productos","item":"https:\/\/www.nanwangpaperbag.com\/es\/shop\/"},{"@type":"ListItem","position":3,"name":"Kraft Food Paper Containers"}]},{"@type":"WebSite","@id":"https:\/\/www.nanwangpaperbag.com\/#website","url":"https:\/\/www.nanwangpaperbag.com\/","name":"Nanwang Paper Packaging","description":"","publisher":{"@id":"https:\/\/www.nanwangpaperbag.com\/#organization"},"potentialAction":[{"@type":"SearchAction","target":{"@type":"EntryPoint","urlTemplate":"https:\/\/www.nanwangpaperbag.com\/?s={search_term_string}"},"query-input":"required name=search_term_string"}],"inLanguage":"pt-PT"},{"@type":"Organization","@id":"https:\/\/www.nanwangpaperbag.com\/#organization","name":"Nanwang Pack","url":"https:\/\/www.nanwangpaperbag.com\/","logo":{"@type":"ImageObject","inLanguage":"pt-PT","@id":"https:\/\/www.nanwangpaperbag.com\/#\/schema\/logo\/image\/","url":"https:\/\/www.nanwangpaperbag.com\/wp-content\/uploads\/2025\/03\/logo2.webp","contentUrl":"https:\/\/www.nanwangpaperbag.com\/wp-content\/uploads\/2025\/03\/logo2.webp","width":433,"height":407,"caption":"Nanwang Pack"},"image":{"@id":"https:\/\/www.nanwangpaperbag.com\/#\/schema\/logo\/image\/"},"sameAs":["https:\/\/www.facebook.com\/NanwangPaperBag","https:\/\/x.com\/NanwangPack","https:\/\/www.linkedin.com\/company\/nanwang-paper-bag\/","https:\/\/www.youtube.com\/@NanwangPaperBag","https:\/\/www.tiktok.com\/@nanwangpaperbag"]}]}},"_links":{"self":[{"href":"https:\/\/www.nanwangpaperbag.com\/pt\/wp-json\/wp\/v2\/product\/12160"}],"collection":[{"href":"https:\/\/www.nanwangpaperbag.com\/pt\/wp-json\/wp\/v2\/product"}],"about":[{"href":"https:\/\/www.nanwangpaperbag.com\/pt\/wp-json\/wp\/v2\/types\/product"}],"replies":[{"embeddable":true,"href":"https:\/\/www.nanwangpaperbag.com\/pt\/wp-json\/wp\/v2\/comments?post=12160"}],"wp:featuredmedia":[{"embeddable":true,"href":"https:\/\/www.nanwangpaperbag.com\/pt\/wp-json\/wp\/v2\/media\/12170"}],"wp:attachment":[{"href":"https:\/\/www.nanwangpaperbag.com\/pt\/wp-json\/wp\/v2\/media?parent=12160"}],"wp:term":[{"taxonomy":"product_cat","embeddable":true,"href":"https:\/\/www.nanwangpaperbag.com\/pt\/wp-json\/wp\/v2\/product_cat?post=12160"},{"taxonomy":"product_tag","embeddable":true,"href":"https:\/\/www.nanwangpaperbag.com\/pt\/wp-json\/wp\/v2\/product_tag?post=12160"}],"curies":[{"name":"wp","href":"https:\/\/api.w.org\/{rel}","templated":true}]}}