{"id":12161,"date":"2025-04-15T09:31:25","date_gmt":"2025-04-15T09:31:25","guid":{"rendered":"https:\/\/www.nanwangpaperbag.com\/?post_type=product&#038;p=12161"},"modified":"2025-05-14T06:55:16","modified_gmt":"2025-05-14T06:55:16","slug":"paper-cups-in-disposable","status":"publish","type":"product","link":"https:\/\/www.nanwangpaperbag.com\/pt\/produto\/paper-cups-in-disposable\/","title":{"rendered":"Copos de papel em descart\u00e1veis"},"content":{"rendered":"<p><a href=\"https:\/\/www.nanwangpaperbag.com\/pt\/produto\/paper-cups-in-disposable\/\"><strong>Copos de papel descart\u00e1veis<\/strong><\/a> are essential in daily life, commonly used at parties, meetings, and coffee shops. One major benefit is their eco-friendliness; unlike plastic, paper cups are biodegradable and easily recyclable. Made from renewable wood pulp, they can be replenished indefinitely. With growing environmental concerns, choosing paper cups is a responsible decision for our daily routines.<\/p>\n<p><img loading=\"lazy\" decoding=\"async\" class=\"size-full wp-image-12175 aligncenter\" data-src=\"https:\/\/www.nanwangpaperbag.com\/wp-content\/uploads\/2025\/04\/Paper-Cups_1.webp\" alt=\"Copos de papel em descart\u00e1veis\" width=\"979\" height=\"228\" srcset=\"https:\/\/www.nanwangpaperbag.com\/wp-content\/uploads\/2025\/04\/Paper-Cups_1.webp 979w, https:\/\/www.nanwangpaperbag.com\/wp-content\/uploads\/2025\/04\/Paper-Cups_1-480x112.webp 480w\" sizes=\"(min-width: 0px) and (max-width: 480px) 480px, (min-width: 481px) 979px, 100vw\" \/><\/p>\n<h2>MATERIAL STANDARD RECOMENDADO<\/h2>\n<p>Cold Cup<br \/>\n\u246014pe+210gsm Paper Board+1Bpe<br \/>\n\u246114pe+350gsm Paper Board+18pe<\/p>\n<p>Hot Cup<br \/>\n\u2460250gsm Paper Board+18pe<br \/>\n\u2461280gsm Paper Baard+18pe<br \/>\n\u2462320gsm Paper Baard+18pe<br \/>\n\u2463350gsm Paper Beard+18pe<\/p>\n<h2>Carater\u00edsticas<\/h2>\n<p>Available Sizes: Custom<br \/>\nPaper Material: PE Lining Paper Board<br \/>\nPaper Weight: 210-350 g\/m2<br \/>\nPrinting Colors: 8Colors<\/p>\n<h2>Our Guarantee<\/h2>\n<p>Certificados segundo as normas ISO 22000:2018 (Seguran\u00e7a Alimentar), ISO 9001:2015 (Qualidade), ISO 14001:2015 (Ambiente), FSC-COC e BRC (Grau A+), mantemos um rigoroso sistema de gest\u00e3o da qualidade para os nossos <strong><a href=\"https:\/\/www.nanwangpaperbag.com\/pt\/category\/food-service-disposables\/\">produtos descart\u00e1veis para o sector alimentar<\/a><\/strong>. Our R&amp;D team, supported by an annual investment exceeding 30 million RMB, has developed 14 industry-leading core technologies tailored for disposable food packaging, including internal-fold U-bag design, automated handle attachment, and anti-penetration coatings. With 84 domestic patents (8 invention patents) and 5 international patents specifically applied to disposable food service solutions, our state-of-the-art laboratory integrates material testing, data analysis, and eco-friendly innovation to advance sustainable disposable packaging performance.<\/p>\n<h2>FAQ<\/h2>\n<p>Q1.Can we make our own\u00a0brand?<br \/>\nA: Sim, n\u00f3s podemos fornecer o servi\u00e7o OEM.<\/p>\n<p>Q2.Where\u00a0is\u00a0your\u00a0factory\u00a0located?\u00a0Can\u00a0I\u00a0visit\u00a0there?<br \/>\nR: Temos 6 f\u00e1bricas, 5 na China e 1 na Mal\u00e1sia. Bem-vindo \u00e0 vossa visita.<\/p>\n<p>Q3.How can I get some samples?<br \/>\nR: Se tivermos a amostra em stock, fornecer-lhe-emos. A taxa da amostra ser-lhe-\u00e1 devolvida nas encomendas posteriores<br \/>\n2. Se a amostra for personalizada, n\u00f3s a faremos para voc\u00ea, ent\u00e3o voc\u00ea deve pagar a taxa da amostra e o frete, de qualquer forma a taxa da amostra ser\u00e1 paga de volta para voc\u00ea nos pedidos posteriores.<\/p>\n<p>Q4.Can you refund the plate charge?<br \/>\nR: Sim, se o QTY da encomenda for grande, reembolsaremos o custo da placa.<\/p>\n<p>Q5.Why choose us?<br \/>\nA:1,Big capacity (200 million pcs shopping bag capacity per month, and 900 million pcs food packaging per month),<br \/>\n2,Wide range products (13 types)<br \/>\n3,Strict quality control SOP,<br \/>\n4,Flexible production facility choice (5 factories in China with different shipping port, and Malaysia)<br \/>\n5,Advanced equipment (we have 230 sets machines, most of them are imported to ensure the great and stable quality)<br \/>\n6,Cooperation experience with international brands.<br \/>\n7.\u00a0Qualified by QS, ISO9001, ISO14001, ISO22000,BRC,FSC,FDA,SEDEX<\/p>","protected":false},"excerpt":{"rendered":"<p>Available size:4OZ\/6OZ\/8OZ\/9OZ\/10OZ\/12OZ\/16OZ\/20OZ\/22OZ\/24OZ<br \/>\nPaper types: PE lining paper board<br \/>\nPaper weight: 210-350gsm<br \/>\nPrinting color: 8 colors(flexo)<br \/>\nMOQ: 100,000pcs<br \/>\nStandard material recommend -Hot cup-320g+18PE, 350g+18PE, 280g+18PE, 250g+18PE -Cold cup-14PE+250g+17PE, 14PE+210g+17PE<br \/>\nAdvantage: water base non-toxi ink prin<\/p>","protected":false},"featured_media":12176,"comment_status":"open","ping_status":"closed","template":"","meta":{"_et_pb_use_builder":"","_et_pb_old_content":"","_et_gb_content_width":""},"product_cat":[284,286],"product_tag":[311,310],"yoast_head":"<!-- This site is optimized with the Yoast SEO plugin v22.7 - https:\/\/yoast.com\/wordpress\/plugins\/seo\/ -->\n<title>Paper Cups in Disposable - Nanwang Paper Packaging<\/title>\n<meta name=\"description\" content=\"Paper Cups in Disposable - Nanwang Paper Packaging , we supply Luxury Paper Bags, Shopping Paper Bag, Paper Carry Bag, Delivery Bag for you with good price.\" \/>\n<meta name=\"robots\" content=\"index, follow, max-snippet:-1, max-image-preview:large, max-video-preview:-1\" \/>\n<link rel=\"canonical\" href=\"https:\/\/www.nanwangpaperbag.com\/pt\/produto\/paper-cups-in-disposable\/\" \/>\n<meta property=\"og:locale\" content=\"pt_PT\" \/>\n<meta property=\"og:type\" content=\"article\" \/>\n<meta property=\"og:title\" content=\"Paper Cups in Disposable - Nanwang Paper Packaging\" \/>\n<meta property=\"og:description\" content=\"Paper Cups in Disposable - Nanwang Paper Packaging , we supply Luxury Paper Bags, Shopping Paper Bag, Paper Carry Bag, Delivery Bag for you with good price.\" \/>\n<meta property=\"og:url\" content=\"https:\/\/www.nanwangpaperbag.com\/pt\/produto\/paper-cups-in-disposable\/\" \/>\n<meta property=\"og:site_name\" content=\"Nanwang Paper Packaging\" \/>\n<meta property=\"article:publisher\" content=\"https:\/\/www.facebook.com\/NanwangPaperBag\" \/>\n<meta property=\"article:modified_time\" content=\"2025-05-14T06:55:16+00:00\" \/>\n<meta property=\"og:image\" content=\"https:\/\/www.nanwangpaperbag.com\/wp-content\/uploads\/2025\/04\/Paper-Cups-in-Disposable_1.webp\" \/>\n\t<meta property=\"og:image:width\" content=\"800\" \/>\n\t<meta property=\"og:image:height\" content=\"800\" \/>\n\t<meta property=\"og:image:type\" content=\"image\/webp\" \/>\n<meta name=\"twitter:card\" content=\"summary_large_image\" \/>\n<meta name=\"twitter:site\" content=\"@NanwangPack\" \/>\n<meta name=\"twitter:label1\" content=\"Tempo estimado de leitura\" \/>\n\t<meta name=\"twitter:data1\" content=\"3 minutos\" \/>\n<script type=\"application\/ld+json\" class=\"yoast-schema-graph\">{\"@context\":\"https:\/\/schema.org\",\"@graph\":[{\"@type\":\"WebPage\",\"@id\":\"https:\/\/www.nanwangpaperbag.com\/product\/paper-cups-in-disposable\/\",\"url\":\"https:\/\/www.nanwangpaperbag.com\/product\/paper-cups-in-disposable\/\",\"name\":\"Paper Cups in Disposable - Nanwang Paper Packaging\",\"isPartOf\":{\"@id\":\"https:\/\/www.nanwangpaperbag.com\/#website\"},\"primaryImageOfPage\":{\"@id\":\"https:\/\/www.nanwangpaperbag.com\/product\/paper-cups-in-disposable\/#primaryimage\"},\"image\":{\"@id\":\"https:\/\/www.nanwangpaperbag.com\/product\/paper-cups-in-disposable\/#primaryimage\"},\"thumbnailUrl\":\"https:\/\/www.nanwangpaperbag.com\/wp-content\/uploads\/2025\/04\/Paper-Cups-in-Disposable_1.webp\",\"datePublished\":\"2025-04-15T09:31:25+00:00\",\"dateModified\":\"2025-05-14T06:55:16+00:00\",\"description\":\"Paper Cups in Disposable - Nanwang Paper Packaging , we supply Luxury Paper Bags, Shopping Paper Bag, Paper Carry Bag, Delivery Bag for you with good price.\",\"breadcrumb\":{\"@id\":\"https:\/\/www.nanwangpaperbag.com\/product\/paper-cups-in-disposable\/#breadcrumb\"},\"inLanguage\":\"pt-PT\",\"potentialAction\":[{\"@type\":\"ReadAction\",\"target\":[\"https:\/\/www.nanwangpaperbag.com\/product\/paper-cups-in-disposable\/\"]}]},{\"@type\":\"ImageObject\",\"inLanguage\":\"pt-PT\",\"@id\":\"https:\/\/www.nanwangpaperbag.com\/product\/paper-cups-in-disposable\/#primaryimage\",\"url\":\"https:\/\/www.nanwangpaperbag.com\/wp-content\/uploads\/2025\/04\/Paper-Cups-in-Disposable_1.webp\",\"contentUrl\":\"https:\/\/www.nanwangpaperbag.com\/wp-content\/uploads\/2025\/04\/Paper-Cups-in-Disposable_1.webp\",\"width\":800,\"height\":800,\"caption\":\"Paper Cups in Disposable\"},{\"@type\":\"BreadcrumbList\",\"@id\":\"https:\/\/www.nanwangpaperbag.com\/product\/paper-cups-in-disposable\/#breadcrumb\",\"itemListElement\":[{\"@type\":\"ListItem\",\"position\":1,\"name\":\"Home\",\"item\":\"https:\/\/www.nanwangpaperbag.com\/\"},{\"@type\":\"ListItem\",\"position\":2,\"name\":\"Productos\",\"item\":\"https:\/\/www.nanwangpaperbag.com\/es\/shop\/\"},{\"@type\":\"ListItem\",\"position\":3,\"name\":\"Paper Cups in Disposable\"}]},{\"@type\":\"WebSite\",\"@id\":\"https:\/\/www.nanwangpaperbag.com\/#website\",\"url\":\"https:\/\/www.nanwangpaperbag.com\/\",\"name\":\"Nanwang Paper Packaging\",\"description\":\"\",\"publisher\":{\"@id\":\"https:\/\/www.nanwangpaperbag.com\/#organization\"},\"potentialAction\":[{\"@type\":\"SearchAction\",\"target\":{\"@type\":\"EntryPoint\",\"urlTemplate\":\"https:\/\/www.nanwangpaperbag.com\/?s={search_term_string}\"},\"query-input\":\"required name=search_term_string\"}],\"inLanguage\":\"pt-PT\"},{\"@type\":\"Organization\",\"@id\":\"https:\/\/www.nanwangpaperbag.com\/#organization\",\"name\":\"Nanwang Pack\",\"url\":\"https:\/\/www.nanwangpaperbag.com\/\",\"logo\":{\"@type\":\"ImageObject\",\"inLanguage\":\"pt-PT\",\"@id\":\"https:\/\/www.nanwangpaperbag.com\/#\/schema\/logo\/image\/\",\"url\":\"https:\/\/www.nanwangpaperbag.com\/wp-content\/uploads\/2025\/03\/logo2.webp\",\"contentUrl\":\"https:\/\/www.nanwangpaperbag.com\/wp-content\/uploads\/2025\/03\/logo2.webp\",\"width\":433,\"height\":407,\"caption\":\"Nanwang Pack\"},\"image\":{\"@id\":\"https:\/\/www.nanwangpaperbag.com\/#\/schema\/logo\/image\/\"},\"sameAs\":[\"https:\/\/www.facebook.com\/NanwangPaperBag\",\"https:\/\/x.com\/NanwangPack\",\"https:\/\/www.linkedin.com\/company\/nanwang-paper-bag\/\",\"https:\/\/www.youtube.com\/@NanwangPaperBag\",\"https:\/\/www.tiktok.com\/@nanwangpaperbag\"]}]}<\/script>\n<!-- \/ Yoast SEO plugin. -->","yoast_head_json":{"title":"Paper Cups in Disposable - Nanwang Paper Packaging","description":"Paper Cups in Disposable - Nanwang Paper Packaging , we supply Luxury Paper Bags, Shopping Paper Bag, Paper Carry Bag, Delivery Bag for you with good price.","robots":{"index":"index","follow":"follow","max-snippet":"max-snippet:-1","max-image-preview":"max-image-preview:large","max-video-preview":"max-video-preview:-1"},"canonical":"https:\/\/www.nanwangpaperbag.com\/pt\/produto\/paper-cups-in-disposable\/","og_locale":"pt_PT","og_type":"article","og_title":"Paper Cups in Disposable - Nanwang Paper Packaging","og_description":"Paper Cups in Disposable - Nanwang Paper Packaging , we supply Luxury Paper Bags, Shopping Paper Bag, Paper Carry Bag, Delivery Bag for you with good price.","og_url":"https:\/\/www.nanwangpaperbag.com\/pt\/produto\/paper-cups-in-disposable\/","og_site_name":"Nanwang Paper Packaging","article_publisher":"https:\/\/www.facebook.com\/NanwangPaperBag","article_modified_time":"2025-05-14T06:55:16+00:00","og_image":[{"width":800,"height":800,"url":"https:\/\/www.nanwangpaperbag.com\/wp-content\/uploads\/2025\/04\/Paper-Cups-in-Disposable_1.webp","type":"image\/webp"}],"twitter_card":"summary_large_image","twitter_site":"@NanwangPack","twitter_misc":{"Tempo estimado de leitura":"3 minutos"},"schema":{"@context":"https:\/\/schema.org","@graph":[{"@type":"WebPage","@id":"https:\/\/www.nanwangpaperbag.com\/product\/paper-cups-in-disposable\/","url":"https:\/\/www.nanwangpaperbag.com\/product\/paper-cups-in-disposable\/","name":"Paper Cups in Disposable - Nanwang Paper Packaging","isPartOf":{"@id":"https:\/\/www.nanwangpaperbag.com\/#website"},"primaryImageOfPage":{"@id":"https:\/\/www.nanwangpaperbag.com\/product\/paper-cups-in-disposable\/#primaryimage"},"image":{"@id":"https:\/\/www.nanwangpaperbag.com\/product\/paper-cups-in-disposable\/#primaryimage"},"thumbnailUrl":"https:\/\/www.nanwangpaperbag.com\/wp-content\/uploads\/2025\/04\/Paper-Cups-in-Disposable_1.webp","datePublished":"2025-04-15T09:31:25+00:00","dateModified":"2025-05-14T06:55:16+00:00","description":"Paper Cups in Disposable - Nanwang Paper Packaging , we supply Luxury Paper Bags, Shopping Paper Bag, Paper Carry Bag, Delivery Bag for you with good price.","breadcrumb":{"@id":"https:\/\/www.nanwangpaperbag.com\/product\/paper-cups-in-disposable\/#breadcrumb"},"inLanguage":"pt-PT","potentialAction":[{"@type":"ReadAction","target":["https:\/\/www.nanwangpaperbag.com\/product\/paper-cups-in-disposable\/"]}]},{"@type":"ImageObject","inLanguage":"pt-PT","@id":"https:\/\/www.nanwangpaperbag.com\/product\/paper-cups-in-disposable\/#primaryimage","url":"https:\/\/www.nanwangpaperbag.com\/wp-content\/uploads\/2025\/04\/Paper-Cups-in-Disposable_1.webp","contentUrl":"https:\/\/www.nanwangpaperbag.com\/wp-content\/uploads\/2025\/04\/Paper-Cups-in-Disposable_1.webp","width":800,"height":800,"caption":"Paper Cups in Disposable"},{"@type":"BreadcrumbList","@id":"https:\/\/www.nanwangpaperbag.com\/product\/paper-cups-in-disposable\/#breadcrumb","itemListElement":[{"@type":"ListItem","position":1,"name":"Home","item":"https:\/\/www.nanwangpaperbag.com\/"},{"@type":"ListItem","position":2,"name":"Productos","item":"https:\/\/www.nanwangpaperbag.com\/es\/shop\/"},{"@type":"ListItem","position":3,"name":"Paper Cups in Disposable"}]},{"@type":"WebSite","@id":"https:\/\/www.nanwangpaperbag.com\/#website","url":"https:\/\/www.nanwangpaperbag.com\/","name":"Nanwang Paper Packaging","description":"","publisher":{"@id":"https:\/\/www.nanwangpaperbag.com\/#organization"},"potentialAction":[{"@type":"SearchAction","target":{"@type":"EntryPoint","urlTemplate":"https:\/\/www.nanwangpaperbag.com\/?s={search_term_string}"},"query-input":"required name=search_term_string"}],"inLanguage":"pt-PT"},{"@type":"Organization","@id":"https:\/\/www.nanwangpaperbag.com\/#organization","name":"Nanwang Pack","url":"https:\/\/www.nanwangpaperbag.com\/","logo":{"@type":"ImageObject","inLanguage":"pt-PT","@id":"https:\/\/www.nanwangpaperbag.com\/#\/schema\/logo\/image\/","url":"https:\/\/www.nanwangpaperbag.com\/wp-content\/uploads\/2025\/03\/logo2.webp","contentUrl":"https:\/\/www.nanwangpaperbag.com\/wp-content\/uploads\/2025\/03\/logo2.webp","width":433,"height":407,"caption":"Nanwang Pack"},"image":{"@id":"https:\/\/www.nanwangpaperbag.com\/#\/schema\/logo\/image\/"},"sameAs":["https:\/\/www.facebook.com\/NanwangPaperBag","https:\/\/x.com\/NanwangPack","https:\/\/www.linkedin.com\/company\/nanwang-paper-bag\/","https:\/\/www.youtube.com\/@NanwangPaperBag","https:\/\/www.tiktok.com\/@nanwangpaperbag"]}]}},"_links":{"self":[{"href":"https:\/\/www.nanwangpaperbag.com\/pt\/wp-json\/wp\/v2\/product\/12161"}],"collection":[{"href":"https:\/\/www.nanwangpaperbag.com\/pt\/wp-json\/wp\/v2\/product"}],"about":[{"href":"https:\/\/www.nanwangpaperbag.com\/pt\/wp-json\/wp\/v2\/types\/product"}],"replies":[{"embeddable":true,"href":"https:\/\/www.nanwangpaperbag.com\/pt\/wp-json\/wp\/v2\/comments?post=12161"}],"wp:featuredmedia":[{"embeddable":true,"href":"https:\/\/www.nanwangpaperbag.com\/pt\/wp-json\/wp\/v2\/media\/12176"}],"wp:attachment":[{"href":"https:\/\/www.nanwangpaperbag.com\/pt\/wp-json\/wp\/v2\/media?parent=12161"}],"wp:term":[{"taxonomy":"product_cat","embeddable":true,"href":"https:\/\/www.nanwangpaperbag.com\/pt\/wp-json\/wp\/v2\/product_cat?post=12161"},{"taxonomy":"product_tag","embeddable":true,"href":"https:\/\/www.nanwangpaperbag.com\/pt\/wp-json\/wp\/v2\/product_tag?post=12161"}],"curies":[{"name":"wp","href":"https:\/\/api.w.org\/{rel}","templated":true}]}}