{"id":12162,"date":"2025-04-15T09:40:01","date_gmt":"2025-04-15T09:40:01","guid":{"rendered":"https:\/\/www.nanwangpaperbag.com\/?post_type=product&#038;p=12162"},"modified":"2025-05-14T06:56:34","modified_gmt":"2025-05-14T06:56:34","slug":"paper-soup-bowl","status":"publish","type":"product","link":"https:\/\/www.nanwangpaperbag.com\/pt\/produto\/taca-de-papel-para-sopa\/","title":{"rendered":"Tigela de papel para sopa"},"content":{"rendered":"<p><a href=\"https:\/\/www.nanwangpaperbag.com\/pt\/produto\/taca-de-papel-para-sopa\/\"><strong>Tigelas de sopa descart\u00e1veis<\/strong><\/a> feitas de papel ou cart\u00e3o s\u00e3o uma das coisas mais importantes de que se precisa num restaurante ou caf\u00e9. S\u00e3o necess\u00e1rias porque as ta\u00e7as de papel destinam-se a segurar e servir alimentos. As ta\u00e7as descart\u00e1veis existem em todos os tipos de formas, tamanhos e desenhos intrincados, dependendo do tipo de alimento. Por exemplo, as formas mais comuns das ta\u00e7as de papel s\u00e3o redondas, ovais ou quadradas, e os tamanhos variam de pequeno (para snacks) a grande e extra grande (para sopas, saladas e pratos de carne). Muitas vezes, \u00e9 poss\u00edvel encontrar tigelas descart\u00e1veis com tampa para entregas e take-away, e estes recipientes especiais evitam derrames e mant\u00eam a comida fresca. Os recipientes para take-away, como as tigelas de papel ou cart\u00e3o, s\u00e3o populares em caf\u00e9s, restaurantes, festas ou para take-away e entrega. S\u00e3o f\u00e1ceis de eliminar e reciclar - estas tigelas s\u00e3o uma excelente op\u00e7\u00e3o de embalagem sustent\u00e1vel para alimentos se quiser evitar os pl\u00e1sticos!<\/p>\n<p><img loading=\"lazy\" decoding=\"async\" class=\"size-full wp-image-12179 aligncenter\" data-src=\"https:\/\/www.nanwangpaperbag.com\/wp-content\/uploads\/2025\/04\/Paper-Soup-Bowl_1.webp\" alt=\"Tigela de papel para sopa\" width=\"400\" height=\"300\" srcset=\"https:\/\/www.nanwangpaperbag.com\/wp-content\/uploads\/2025\/04\/Paper-Soup-Bowl_1.webp 400w, https:\/\/www.nanwangpaperbag.com\/wp-content\/uploads\/2025\/04\/Paper-Soup-Bowl_1-300x225.webp 300w, https:\/\/www.nanwangpaperbag.com\/wp-content\/uploads\/2025\/04\/Paper-Soup-Bowl_1-16x12.webp 16w\" sizes=\"(max-width: 400px) 100vw, 400px\" \/><\/p>\n<h2>Carater\u00edsticas<\/h2>\n<p>\u25cfDispon\u00edvel<\/p>\n<p>Impress\u00e3o personalizada<\/p>\n<p>\u25cfReciclagem<\/p>\n<p>\u25cf Amigo do calor<\/p>\n<h2>Vantagens da utiliza\u00e7\u00e3o de ta\u00e7as de papel<\/h2>\n<p>1. Benef\u00edcios das ta\u00e7as de papel descart\u00e1veis que mudam o jogo. Se tem um restaurante ou um caf\u00e9, investir em ta\u00e7as de papel duradouras e de alta qualidade \u00e9 uma obriga\u00e7\u00e3o.<\/p>\n<p>2. As vantagens da utiliza\u00e7\u00e3o de tigelas de papel nos restaurantes s\u00e3o in\u00fameras, desde a redu\u00e7\u00e3o do impacto ambiental at\u00e9 \u00e0 minimiza\u00e7\u00e3o do risco de contamina\u00e7\u00e3o cruzada e \u00e0 maximiza\u00e7\u00e3o da higiene. Mas h\u00e1 mais!<\/p>\n<p>3. Neste guia exclusivo, analisaremos mais de perto os recipientes, especialmente as ta\u00e7as descart\u00e1veis, para compreendermos plenamente por que raz\u00e3o s\u00e3o essenciais para o sucesso do seu neg\u00f3cio alimentar.<\/p>\n<p>4. Al\u00e9m disso, ficar\u00e1 a conhecer as vantagens da utiliza\u00e7\u00e3o de tigelas de papel nos restaurantes, onde encontrar produtos de qualidade superior ao pre\u00e7o mais baixo no Canad\u00e1 e muito mais.<\/p>\n<h2>A nossa garantia de seguran\u00e7a<\/h2>\n<p>Certificados segundo as normas ISO 22000:2018 (Seguran\u00e7a Alimentar), ISO 9001:2015 (Qualidade), ISO 14001:2015 (Ambiente), FSC-COC e BRC (Grau A+), mantemos um rigoroso sistema de gest\u00e3o da qualidade especificamente concebido para <a href=\"https:\/\/www.nanwangpaperbag.com\/pt\/category\/food-service-disposables\/\"><strong>embalagens descart\u00e1veis para servi\u00e7os alimentares<\/strong><\/a>. A nossa equipa de I&amp;D, apoiada por um investimento anual superior a 30 milh\u00f5es de RMB, desenvolveu 14 tecnologias de base l\u00edderes da ind\u00fastria adaptadas a este dom\u00ednio, incluindo o design de sacos em U com dobra interna, fixa\u00e7\u00e3o autom\u00e1tica de pegas, revestimentos anti-penetra\u00e7\u00e3o e outras inova\u00e7\u00f5es que melhoram a seguran\u00e7a, a funcionalidade e a sustentabilidade das solu\u00e7\u00f5es de embalagens descart\u00e1veis.<\/p>\n<h2>FAQ<\/h2>\n<p>Q1: Qual \u00e9 a vossa pol\u00edtica em mat\u00e9ria de amostras?<br \/>\nR: Muitos clientes pedem amostras gr\u00e1tis, a nossa pol\u00edtica de amostras depende das diferentes amostras. A amostra de estoque simples e existente \u00e9 gratuita, amostra de design cobramos taxa de amostra, a taxa de amostra depende da cor e do tamanho.<\/p>\n<p>Q2: Qual \u00e9 o vosso prazo de pagamento habitual?<br \/>\nR: Normalmente, dep\u00f3sito de 30% adiantado e saldo de 70% contra c\u00f3pia BL. Para os produtos personalizados, dep\u00f3sito de 50% e saldo de 50% contra c\u00f3pia BL.<\/p>\n<p>Q3: Disp\u00f5em de uma boa equipa de I&amp;D?<br \/>\nR:Sim, lan\u00e7amos uma s\u00e9rie de novos produtos todos os anos e actualizamos o nosso s\u00edtio Web e o cat\u00e1logo com novos artigos.<\/p>\n<p>Q4: Como \u00e9 que controla a sua qualidade?<br \/>\nTemos equipas profissionais de QC, existem 5 processos nos quais concentramos a nossa aten\u00e7\u00e3o<br \/>\nA:Para verificar a qualidade do material a granel antes da produ\u00e7\u00e3o<br \/>\nB: Para verificar o processo da linha de produ\u00e7\u00e3o<br \/>\nC:Verificar novamente a especifica\u00e7\u00e3o dos sacos<br \/>\nD: Efetuar o teste de desempenho dos produtos acabados antes de os embalar<br \/>\nE:De acordo com as diferentes carater\u00edsticas da prote\u00e7\u00e3o ambiental e da embalagem de alimentos, dispomos de sistemas de gest\u00e3o de armazenamento correspondentes.<\/p>\n<p>Q5: Qual \u00e9 a sua embalagem padr\u00e3o?<br \/>\nR: Dimens\u00f5es diferentes das caixas de cart\u00e3o para sacos diferentes.<\/p>","protected":false},"excerpt":{"rendered":"<p>Artigo: Ta\u00e7a de papel<br \/>\nTamanho: 14 on\u00e7as, 16 on\u00e7as<br \/>\nCor: castanho natural, branco<br \/>\nLog\u00f3tipo: simples e personalizado Papel: cart\u00e3o \u00e0 prova de gordura<\/p>","protected":false},"featured_media":12180,"comment_status":"open","ping_status":"closed","template":"","meta":{"_et_pb_use_builder":"","_et_pb_old_content":"","_et_gb_content_width":""},"product_cat":[284,287],"product_tag":[355,309,312],"yoast_head":"<!-- This site is optimized with the Yoast SEO plugin v22.7 - https:\/\/yoast.com\/wordpress\/plugins\/seo\/ -->\n<title>Paper Soup Bowl - Nanwang Paper Packaging<\/title>\n<meta name=\"description\" content=\"Paper Soup Bowl - Nanwang Paper Packaging , we supply Luxury Paper Bags, Shopping Paper Bag, Paper Carry Bag, Delivery Bag for you with good price.\" \/>\n<meta name=\"robots\" content=\"index, follow, max-snippet:-1, max-image-preview:large, max-video-preview:-1\" \/>\n<link rel=\"canonical\" href=\"https:\/\/www.nanwangpaperbag.com\/pt\/produto\/taca-de-papel-para-sopa\/\" \/>\n<meta property=\"og:locale\" content=\"pt_PT\" \/>\n<meta property=\"og:type\" content=\"article\" \/>\n<meta property=\"og:title\" content=\"Paper Soup Bowl - Nanwang Paper Packaging\" \/>\n<meta property=\"og:description\" content=\"Paper Soup Bowl - Nanwang Paper Packaging , we supply Luxury Paper Bags, Shopping Paper Bag, Paper Carry Bag, Delivery Bag for you with good price.\" \/>\n<meta property=\"og:url\" content=\"https:\/\/www.nanwangpaperbag.com\/pt\/produto\/taca-de-papel-para-sopa\/\" \/>\n<meta property=\"og:site_name\" content=\"Nanwang Paper Packaging\" \/>\n<meta property=\"article:publisher\" content=\"https:\/\/www.facebook.com\/NanwangPaperBag\" \/>\n<meta property=\"article:modified_time\" content=\"2025-05-14T06:56:34+00:00\" \/>\n<meta property=\"og:image\" content=\"https:\/\/www.nanwangpaperbag.com\/wp-content\/uploads\/2025\/04\/Paper-Soup-Bowl_1-1.webp\" \/>\n\t<meta property=\"og:image:width\" content=\"800\" \/>\n\t<meta property=\"og:image:height\" content=\"800\" \/>\n\t<meta property=\"og:image:type\" content=\"image\/webp\" \/>\n<meta name=\"twitter:card\" content=\"summary_large_image\" \/>\n<meta name=\"twitter:site\" content=\"@NanwangPack\" \/>\n<meta name=\"twitter:label1\" content=\"Tempo estimado de leitura\" \/>\n\t<meta name=\"twitter:data1\" content=\"3 minutos\" \/>\n<script type=\"application\/ld+json\" class=\"yoast-schema-graph\">{\"@context\":\"https:\/\/schema.org\",\"@graph\":[{\"@type\":\"WebPage\",\"@id\":\"https:\/\/www.nanwangpaperbag.com\/product\/paper-soup-bowl\/\",\"url\":\"https:\/\/www.nanwangpaperbag.com\/product\/paper-soup-bowl\/\",\"name\":\"Paper Soup Bowl - Nanwang Paper Packaging\",\"isPartOf\":{\"@id\":\"https:\/\/www.nanwangpaperbag.com\/#website\"},\"primaryImageOfPage\":{\"@id\":\"https:\/\/www.nanwangpaperbag.com\/product\/paper-soup-bowl\/#primaryimage\"},\"image\":{\"@id\":\"https:\/\/www.nanwangpaperbag.com\/product\/paper-soup-bowl\/#primaryimage\"},\"thumbnailUrl\":\"https:\/\/www.nanwangpaperbag.com\/wp-content\/uploads\/2025\/04\/Paper-Soup-Bowl_1-1.webp\",\"datePublished\":\"2025-04-15T09:40:01+00:00\",\"dateModified\":\"2025-05-14T06:56:34+00:00\",\"description\":\"Paper Soup Bowl - Nanwang Paper Packaging , we supply Luxury Paper Bags, Shopping Paper Bag, Paper Carry Bag, Delivery Bag for you with good price.\",\"breadcrumb\":{\"@id\":\"https:\/\/www.nanwangpaperbag.com\/product\/paper-soup-bowl\/#breadcrumb\"},\"inLanguage\":\"pt-PT\",\"potentialAction\":[{\"@type\":\"ReadAction\",\"target\":[\"https:\/\/www.nanwangpaperbag.com\/product\/paper-soup-bowl\/\"]}]},{\"@type\":\"ImageObject\",\"inLanguage\":\"pt-PT\",\"@id\":\"https:\/\/www.nanwangpaperbag.com\/product\/paper-soup-bowl\/#primaryimage\",\"url\":\"https:\/\/www.nanwangpaperbag.com\/wp-content\/uploads\/2025\/04\/Paper-Soup-Bowl_1-1.webp\",\"contentUrl\":\"https:\/\/www.nanwangpaperbag.com\/wp-content\/uploads\/2025\/04\/Paper-Soup-Bowl_1-1.webp\",\"width\":800,\"height\":800,\"caption\":\"Paper Soup Bowl\"},{\"@type\":\"BreadcrumbList\",\"@id\":\"https:\/\/www.nanwangpaperbag.com\/product\/paper-soup-bowl\/#breadcrumb\",\"itemListElement\":[{\"@type\":\"ListItem\",\"position\":1,\"name\":\"Home\",\"item\":\"https:\/\/www.nanwangpaperbag.com\/\"},{\"@type\":\"ListItem\",\"position\":2,\"name\":\"Productos\",\"item\":\"https:\/\/www.nanwangpaperbag.com\/es\/shop\/\"},{\"@type\":\"ListItem\",\"position\":3,\"name\":\"Paper Soup Bowl\"}]},{\"@type\":\"WebSite\",\"@id\":\"https:\/\/www.nanwangpaperbag.com\/#website\",\"url\":\"https:\/\/www.nanwangpaperbag.com\/\",\"name\":\"Nanwang Paper Packaging\",\"description\":\"\",\"publisher\":{\"@id\":\"https:\/\/www.nanwangpaperbag.com\/#organization\"},\"potentialAction\":[{\"@type\":\"SearchAction\",\"target\":{\"@type\":\"EntryPoint\",\"urlTemplate\":\"https:\/\/www.nanwangpaperbag.com\/?s={search_term_string}\"},\"query-input\":\"required name=search_term_string\"}],\"inLanguage\":\"pt-PT\"},{\"@type\":\"Organization\",\"@id\":\"https:\/\/www.nanwangpaperbag.com\/#organization\",\"name\":\"Nanwang Pack\",\"url\":\"https:\/\/www.nanwangpaperbag.com\/\",\"logo\":{\"@type\":\"ImageObject\",\"inLanguage\":\"pt-PT\",\"@id\":\"https:\/\/www.nanwangpaperbag.com\/#\/schema\/logo\/image\/\",\"url\":\"https:\/\/www.nanwangpaperbag.com\/wp-content\/uploads\/2025\/03\/logo2.webp\",\"contentUrl\":\"https:\/\/www.nanwangpaperbag.com\/wp-content\/uploads\/2025\/03\/logo2.webp\",\"width\":433,\"height\":407,\"caption\":\"Nanwang Pack\"},\"image\":{\"@id\":\"https:\/\/www.nanwangpaperbag.com\/#\/schema\/logo\/image\/\"},\"sameAs\":[\"https:\/\/www.facebook.com\/NanwangPaperBag\",\"https:\/\/x.com\/NanwangPack\",\"https:\/\/www.linkedin.com\/company\/nanwang-paper-bag\/\",\"https:\/\/www.youtube.com\/@NanwangPaperBag\",\"https:\/\/www.tiktok.com\/@nanwangpaperbag\"]}]}<\/script>\n<!-- \/ Yoast SEO plugin. -->","yoast_head_json":{"title":"Paper Soup Bowl - Nanwang Paper Packaging","description":"Paper Soup Bowl - Nanwang Paper Packaging , we supply Luxury Paper Bags, Shopping Paper Bag, Paper Carry Bag, Delivery Bag for you with good price.","robots":{"index":"index","follow":"follow","max-snippet":"max-snippet:-1","max-image-preview":"max-image-preview:large","max-video-preview":"max-video-preview:-1"},"canonical":"https:\/\/www.nanwangpaperbag.com\/pt\/produto\/taca-de-papel-para-sopa\/","og_locale":"pt_PT","og_type":"article","og_title":"Paper Soup Bowl - Nanwang Paper Packaging","og_description":"Paper Soup Bowl - Nanwang Paper Packaging , we supply Luxury Paper Bags, Shopping Paper Bag, Paper Carry Bag, Delivery Bag for you with good price.","og_url":"https:\/\/www.nanwangpaperbag.com\/pt\/produto\/taca-de-papel-para-sopa\/","og_site_name":"Nanwang Paper Packaging","article_publisher":"https:\/\/www.facebook.com\/NanwangPaperBag","article_modified_time":"2025-05-14T06:56:34+00:00","og_image":[{"width":800,"height":800,"url":"https:\/\/www.nanwangpaperbag.com\/wp-content\/uploads\/2025\/04\/Paper-Soup-Bowl_1-1.webp","type":"image\/webp"}],"twitter_card":"summary_large_image","twitter_site":"@NanwangPack","twitter_misc":{"Tempo estimado de leitura":"3 minutos"},"schema":{"@context":"https:\/\/schema.org","@graph":[{"@type":"WebPage","@id":"https:\/\/www.nanwangpaperbag.com\/product\/paper-soup-bowl\/","url":"https:\/\/www.nanwangpaperbag.com\/product\/paper-soup-bowl\/","name":"Paper Soup Bowl - Nanwang Paper Packaging","isPartOf":{"@id":"https:\/\/www.nanwangpaperbag.com\/#website"},"primaryImageOfPage":{"@id":"https:\/\/www.nanwangpaperbag.com\/product\/paper-soup-bowl\/#primaryimage"},"image":{"@id":"https:\/\/www.nanwangpaperbag.com\/product\/paper-soup-bowl\/#primaryimage"},"thumbnailUrl":"https:\/\/www.nanwangpaperbag.com\/wp-content\/uploads\/2025\/04\/Paper-Soup-Bowl_1-1.webp","datePublished":"2025-04-15T09:40:01+00:00","dateModified":"2025-05-14T06:56:34+00:00","description":"Paper Soup Bowl - Nanwang Paper Packaging , we supply Luxury Paper Bags, Shopping Paper Bag, Paper Carry Bag, Delivery Bag for you with good price.","breadcrumb":{"@id":"https:\/\/www.nanwangpaperbag.com\/product\/paper-soup-bowl\/#breadcrumb"},"inLanguage":"pt-PT","potentialAction":[{"@type":"ReadAction","target":["https:\/\/www.nanwangpaperbag.com\/product\/paper-soup-bowl\/"]}]},{"@type":"ImageObject","inLanguage":"pt-PT","@id":"https:\/\/www.nanwangpaperbag.com\/product\/paper-soup-bowl\/#primaryimage","url":"https:\/\/www.nanwangpaperbag.com\/wp-content\/uploads\/2025\/04\/Paper-Soup-Bowl_1-1.webp","contentUrl":"https:\/\/www.nanwangpaperbag.com\/wp-content\/uploads\/2025\/04\/Paper-Soup-Bowl_1-1.webp","width":800,"height":800,"caption":"Paper Soup Bowl"},{"@type":"BreadcrumbList","@id":"https:\/\/www.nanwangpaperbag.com\/product\/paper-soup-bowl\/#breadcrumb","itemListElement":[{"@type":"ListItem","position":1,"name":"Home","item":"https:\/\/www.nanwangpaperbag.com\/"},{"@type":"ListItem","position":2,"name":"Productos","item":"https:\/\/www.nanwangpaperbag.com\/es\/shop\/"},{"@type":"ListItem","position":3,"name":"Paper Soup Bowl"}]},{"@type":"WebSite","@id":"https:\/\/www.nanwangpaperbag.com\/#website","url":"https:\/\/www.nanwangpaperbag.com\/","name":"Nanwang Paper Packaging","description":"","publisher":{"@id":"https:\/\/www.nanwangpaperbag.com\/#organization"},"potentialAction":[{"@type":"SearchAction","target":{"@type":"EntryPoint","urlTemplate":"https:\/\/www.nanwangpaperbag.com\/?s={search_term_string}"},"query-input":"required name=search_term_string"}],"inLanguage":"pt-PT"},{"@type":"Organization","@id":"https:\/\/www.nanwangpaperbag.com\/#organization","name":"Nanwang Pack","url":"https:\/\/www.nanwangpaperbag.com\/","logo":{"@type":"ImageObject","inLanguage":"pt-PT","@id":"https:\/\/www.nanwangpaperbag.com\/#\/schema\/logo\/image\/","url":"https:\/\/www.nanwangpaperbag.com\/wp-content\/uploads\/2025\/03\/logo2.webp","contentUrl":"https:\/\/www.nanwangpaperbag.com\/wp-content\/uploads\/2025\/03\/logo2.webp","width":433,"height":407,"caption":"Nanwang Pack"},"image":{"@id":"https:\/\/www.nanwangpaperbag.com\/#\/schema\/logo\/image\/"},"sameAs":["https:\/\/www.facebook.com\/NanwangPaperBag","https:\/\/x.com\/NanwangPack","https:\/\/www.linkedin.com\/company\/nanwang-paper-bag\/","https:\/\/www.youtube.com\/@NanwangPaperBag","https:\/\/www.tiktok.com\/@nanwangpaperbag"]}]}},"_links":{"self":[{"href":"https:\/\/www.nanwangpaperbag.com\/pt\/wp-json\/wp\/v2\/product\/12162"}],"collection":[{"href":"https:\/\/www.nanwangpaperbag.com\/pt\/wp-json\/wp\/v2\/product"}],"about":[{"href":"https:\/\/www.nanwangpaperbag.com\/pt\/wp-json\/wp\/v2\/types\/product"}],"replies":[{"embeddable":true,"href":"https:\/\/www.nanwangpaperbag.com\/pt\/wp-json\/wp\/v2\/comments?post=12162"}],"wp:featuredmedia":[{"embeddable":true,"href":"https:\/\/www.nanwangpaperbag.com\/pt\/wp-json\/wp\/v2\/media\/12180"}],"wp:attachment":[{"href":"https:\/\/www.nanwangpaperbag.com\/pt\/wp-json\/wp\/v2\/media?parent=12162"}],"wp:term":[{"taxonomy":"product_cat","embeddable":true,"href":"https:\/\/www.nanwangpaperbag.com\/pt\/wp-json\/wp\/v2\/product_cat?post=12162"},{"taxonomy":"product_tag","embeddable":true,"href":"https:\/\/www.nanwangpaperbag.com\/pt\/wp-json\/wp\/v2\/product_tag?post=12162"}],"curies":[{"name":"wp","href":"https:\/\/api.w.org\/{rel}","templated":true}]}}