{"id":12163,"date":"2025-04-15T09:49:40","date_gmt":"2025-04-15T09:49:40","guid":{"rendered":"https:\/\/www.nanwangpaperbag.com\/?post_type=product&#038;p=12163"},"modified":"2025-05-14T06:45:41","modified_gmt":"2025-05-14T06:45:41","slug":"burger-wrapper-paper","status":"publish","type":"product","link":"https:\/\/www.nanwangpaperbag.com\/pt\/produto\/papel-de-embrulho-para-hamburgueres\/","title":{"rendered":"Papel de embrulho para hamb\u00fargueres"},"content":{"rendered":"<p>O nosso <a href=\"https:\/\/www.nanwangpaperbag.com\/pt\/produto\/papel-de-embrulho-para-hamburgueres\/\"><strong>papel de embrulho para hamb\u00fargueres<\/strong><\/a>O papel de cozinha, fabricado a partir de papel encerado, oferece uma excelente resist\u00eancia \u00e0 gordura e \u00e0 \u00e1gua, sendo ao mesmo tempo pr\u00e1tico de utilizar. \u00c9 tamb\u00e9m mais amigo do ambiente e elegante. Este papel de embrulho \u00e9 muito vers\u00e1til e \u00e9 muito utilizado em estabelecimentos de restaura\u00e7\u00e3o r\u00e1pida para embrulhar produtos como hamb\u00fargueres, asas de frango, nuggets de frango e sandes. O nosso tamanho de 305*255mm \u00e9 o tamanho mais popular para os restaurantes KFC &amp; Macdonald, a embalagem \u00e9 muito simples e o volume \u00e9 muito pequeno e poupa custos de transporte. A nossa <a href=\"https:\/\/www.nanwangpaperbag.com\/pt\/category\/food-service-disposables\/\"><strong>produtos descart\u00e1veis para o sector alimentar<\/strong> <\/a>A f\u00e1brica passou ISO 9001, ISO 14001, ISO 22000, FSC, SEDEX, BRC, pode satisfazer o pedido da FDA. Os clientes com pedidos de alta qualidade s\u00e3o os nossos clientes-alvo.<br \/>\nTemos uma equipa profissional para garantir a qualidade elevada e est\u00e1vel, desde o design, amostragem, material recebido, verifica\u00e7\u00e3o da produ\u00e7\u00e3o, testes online, inspe\u00e7\u00e3o de produtos acabados, stock, carregamento, documentos e servi\u00e7o p\u00f3s-venda.<\/p>\n<p><img loading=\"lazy\" decoding=\"async\" class=\"wp-image-12184 aligncenter\" data-src=\"https:\/\/www.nanwangpaperbag.com\/wp-content\/uploads\/2025\/04\/Burger-Wrapper-Paper_2.webp\" alt=\"Papel de embrulho para hamb\u00fargueres\" width=\"512\" height=\"512\" srcset=\"https:\/\/www.nanwangpaperbag.com\/wp-content\/uploads\/2025\/04\/Burger-Wrapper-Paper_2.webp 512w, https:\/\/www.nanwangpaperbag.com\/wp-content\/uploads\/2025\/04\/Burger-Wrapper-Paper_2-480x480.webp 480w\" sizes=\"(min-width: 0px) and (max-width: 480px) 480px, (min-width: 481px) 512px, 100vw\" \/><\/p>\n<h2>Carater\u00edsticas<\/h2>\n<p>Qualidade alimentar<br \/>\n\u25cf 100% recicl\u00e1vel<br \/>\nConveniente<br \/>\n\u00c0 prova de gordura<br \/>\nSeguran\u00e7a<br \/>\nAmigo do ambiente<br \/>\n\u25cf Utiliza\u00e7\u00e3o alargada<\/p>\n<h2>Cen\u00e1rios de aplica\u00e7\u00e3o do Burger Wrapper<\/h2>\n<p>O inv\u00f3lucro para hamb\u00fargueres \u00e9 uma solu\u00e7\u00e3o inovadora destinada a transformar a ind\u00fastria da restaura\u00e7\u00e3o r\u00e1pida. Ao oferecer um material de embrulho c\u00f3modo, ecol\u00f3gico e reutiliz\u00e1vel, ajuda a reduzir os res\u00edduos, melhora a experi\u00eancia do cliente e melhora a sustentabilidade.<br \/>\n1. cadeias de fast-food<br \/>\nAs cadeias de fast-food podem beneficiar significativamente do inv\u00f3lucro para hamb\u00fargueres, demonstrando o seu empenho na sustentabilidade, reduzindo a sua pegada de carbono e alinhando-se com os objectivos de RSE. Tamb\u00e9m melhora a imagem da marca ao proporcionar uma experi\u00eancia \u00fanica ao cliente.<br \/>\n2. festivais gastron\u00f3micos<br \/>\nNos festivais gastron\u00f3micos, os vendedores podem utilizar o Burger Wrapper para oferecer uma op\u00e7\u00e3o de embalagem sustent\u00e1vel que se destaque. Cria experi\u00eancias memor\u00e1veis, permitindo que os clientes a reutilizem mais tarde.<br \/>\n3. eventos e festas empresariais<br \/>\nO inv\u00f3lucro para hamb\u00fargueres confere um car\u00e1cter ecol\u00f3gico aos eventos empresariais, deixando uma impress\u00e3o duradoura nos participantes. Serve tamb\u00e9m como uma oportunidade criativa de promo\u00e7\u00e3o da marca, com log\u00f3tipos ou mensagens da empresa.<br \/>\n4. servi\u00e7os de takeaway e de entrega<br \/>\nPara servi\u00e7os de takeaway e de entrega, a embalagem para hamb\u00fargueres simplifica a embalagem, reduz o desperd\u00edcio e melhora a apresenta\u00e7\u00e3o dos alimentos. Os clientes podem reutiliz\u00e1-la convenientemente para lanches ou almo\u00e7os.<br \/>\n5.Utiliza\u00e7\u00e3o dom\u00e9stica<br \/>\nPara al\u00e9m das aplica\u00e7\u00f5es comerciais, o inv\u00f3lucro para hamb\u00fargueres pode ser uma alternativa reutiliz\u00e1vel e ecol\u00f3gica para o lar. \u00c9 perfeita para embalar lanches para viagens de carro, piqueniques ou almo\u00e7os escolares.<\/p>\n<h2>FAQ<\/h2>\n<p>Q32: Qual \u00e9 o prazo de entrega da minha encomenda?<br \/>\nR: Depende da quantidade, do estilo e das mat\u00e9rias-primas, por favor, informe-me dos detalhes da encomenda, e n\u00f3s inform\u00e1-lo-emos do que fazer.<\/p>\n<p>Q33: Quantas cores consegues fazer?<br \/>\nR: 8 cores.<\/p>\n<p>Q34: O que \u00e9 o Referencial de Qualidade?<br \/>\nR: Igual e igual \u00e0s amostras apresentadas.<\/p>\n<p>Q35: Qual \u00e9 a sua pol\u00edtica de qualidade?<br \/>\nR: Temos um SOP de controlo de qualidade rigoroso, podemos personalizar um manual de qualidade exclusivo para o seu produto, e a f\u00e1brica executa a encomenda de acordo com este manual.<\/p>\n<p>Q36: Pode tratar do transit\u00e1rio em nome do seu cliente?<br \/>\nR: Sim, podemos fornecer or\u00e7amentos de transit\u00e1rios para sua refer\u00eancia. Pode optar por utilizar o transit\u00e1rio que recomendamos ou o transit\u00e1rio que lhe foi indicado por si.<\/p>","protected":false},"excerpt":{"rendered":"<p>Tipos de papel: Papel virgem, revestido, \u00e0 prova de gordura<br \/>\nGramagem do papel: 28-60gsm<br \/>\nCor de impress\u00e3o: 7 cores<br \/>\nMOQ: 1,000,000pcs<br \/>\nTamanho padr\u00e3o\/mm: 380*305<br \/>\nMaterial normalizado recomendado -28 g\/m2 de papel de embrulho para cera -33 g\/m2 de papel de embrulho para cera -40 g\/m2 de papel kraft branco\/castanho de qualidade alimentar (dispon\u00edvel \u00e0 prova de gordura)<br \/>\nVantagem: papel recicl\u00e1vel\/impress\u00e3o de tinta n\u00e3o t\u00f3xica \u00e0 base de \u00e1gua<\/p>","protected":false},"featured_media":12185,"comment_status":"open","ping_status":"closed","template":"","meta":{"_et_pb_use_builder":"","_et_pb_old_content":"","_et_gb_content_width":""},"product_cat":[284,288],"product_tag":[313,311],"yoast_head":"<!-- This site is optimized with the Yoast SEO plugin v22.7 - https:\/\/yoast.com\/wordpress\/plugins\/seo\/ -->\n<title>Burger Wrapper Paper - Nanwang Paper Packaging<\/title>\n<meta name=\"description\" content=\"Burger Wrapper Paper - Nanwang Paper Packaging , we supply Luxury Paper Bags, Shopping Paper Bag, Paper Carry Bag, Delivery Bag for you with good price.\" \/>\n<meta name=\"robots\" content=\"index, follow, max-snippet:-1, max-image-preview:large, max-video-preview:-1\" \/>\n<link rel=\"canonical\" href=\"https:\/\/www.nanwangpaperbag.com\/pt\/produto\/papel-de-embrulho-para-hamburgueres\/\" \/>\n<meta property=\"og:locale\" content=\"pt_PT\" \/>\n<meta property=\"og:type\" content=\"article\" \/>\n<meta property=\"og:title\" content=\"Burger Wrapper Paper - Nanwang Paper Packaging\" \/>\n<meta property=\"og:description\" content=\"Burger Wrapper Paper - Nanwang Paper Packaging , we supply Luxury Paper Bags, Shopping Paper Bag, Paper Carry Bag, Delivery Bag for you with good price.\" \/>\n<meta property=\"og:url\" content=\"https:\/\/www.nanwangpaperbag.com\/pt\/produto\/papel-de-embrulho-para-hamburgueres\/\" \/>\n<meta property=\"og:site_name\" content=\"Nanwang Paper Packaging\" \/>\n<meta property=\"article:publisher\" content=\"https:\/\/www.facebook.com\/NanwangPaperBag\" \/>\n<meta property=\"article:modified_time\" content=\"2025-05-14T06:45:41+00:00\" \/>\n<meta property=\"og:image\" content=\"https:\/\/www.nanwangpaperbag.com\/wp-content\/uploads\/2025\/04\/Burger-Wrapper-Paper_1.webp\" \/>\n\t<meta property=\"og:image:width\" content=\"800\" \/>\n\t<meta property=\"og:image:height\" content=\"800\" \/>\n\t<meta property=\"og:image:type\" content=\"image\/webp\" \/>\n<meta name=\"twitter:card\" content=\"summary_large_image\" \/>\n<meta name=\"twitter:site\" content=\"@NanwangPack\" \/>\n<meta name=\"twitter:label1\" content=\"Tempo estimado de leitura\" \/>\n\t<meta name=\"twitter:data1\" content=\"3 minutos\" \/>\n<script type=\"application\/ld+json\" class=\"yoast-schema-graph\">{\"@context\":\"https:\/\/schema.org\",\"@graph\":[{\"@type\":\"WebPage\",\"@id\":\"https:\/\/www.nanwangpaperbag.com\/product\/burger-wrapper-paper\/\",\"url\":\"https:\/\/www.nanwangpaperbag.com\/product\/burger-wrapper-paper\/\",\"name\":\"Burger Wrapper Paper - Nanwang Paper Packaging\",\"isPartOf\":{\"@id\":\"https:\/\/www.nanwangpaperbag.com\/#website\"},\"primaryImageOfPage\":{\"@id\":\"https:\/\/www.nanwangpaperbag.com\/product\/burger-wrapper-paper\/#primaryimage\"},\"image\":{\"@id\":\"https:\/\/www.nanwangpaperbag.com\/product\/burger-wrapper-paper\/#primaryimage\"},\"thumbnailUrl\":\"https:\/\/www.nanwangpaperbag.com\/wp-content\/uploads\/2025\/04\/Burger-Wrapper-Paper_1.webp\",\"datePublished\":\"2025-04-15T09:49:40+00:00\",\"dateModified\":\"2025-05-14T06:45:41+00:00\",\"description\":\"Burger Wrapper Paper - Nanwang Paper Packaging , we supply Luxury Paper Bags, Shopping Paper Bag, Paper Carry Bag, Delivery Bag for you with good price.\",\"breadcrumb\":{\"@id\":\"https:\/\/www.nanwangpaperbag.com\/product\/burger-wrapper-paper\/#breadcrumb\"},\"inLanguage\":\"pt-PT\",\"potentialAction\":[{\"@type\":\"ReadAction\",\"target\":[\"https:\/\/www.nanwangpaperbag.com\/product\/burger-wrapper-paper\/\"]}]},{\"@type\":\"ImageObject\",\"inLanguage\":\"pt-PT\",\"@id\":\"https:\/\/www.nanwangpaperbag.com\/product\/burger-wrapper-paper\/#primaryimage\",\"url\":\"https:\/\/www.nanwangpaperbag.com\/wp-content\/uploads\/2025\/04\/Burger-Wrapper-Paper_1.webp\",\"contentUrl\":\"https:\/\/www.nanwangpaperbag.com\/wp-content\/uploads\/2025\/04\/Burger-Wrapper-Paper_1.webp\",\"width\":800,\"height\":800,\"caption\":\"Burger Wrapper Paper\"},{\"@type\":\"BreadcrumbList\",\"@id\":\"https:\/\/www.nanwangpaperbag.com\/product\/burger-wrapper-paper\/#breadcrumb\",\"itemListElement\":[{\"@type\":\"ListItem\",\"position\":1,\"name\":\"Home\",\"item\":\"https:\/\/www.nanwangpaperbag.com\/\"},{\"@type\":\"ListItem\",\"position\":2,\"name\":\"Productos\",\"item\":\"https:\/\/www.nanwangpaperbag.com\/es\/shop\/\"},{\"@type\":\"ListItem\",\"position\":3,\"name\":\"Burger Wrapper Paper\"}]},{\"@type\":\"WebSite\",\"@id\":\"https:\/\/www.nanwangpaperbag.com\/#website\",\"url\":\"https:\/\/www.nanwangpaperbag.com\/\",\"name\":\"Nanwang Paper Packaging\",\"description\":\"\",\"publisher\":{\"@id\":\"https:\/\/www.nanwangpaperbag.com\/#organization\"},\"potentialAction\":[{\"@type\":\"SearchAction\",\"target\":{\"@type\":\"EntryPoint\",\"urlTemplate\":\"https:\/\/www.nanwangpaperbag.com\/?s={search_term_string}\"},\"query-input\":\"required name=search_term_string\"}],\"inLanguage\":\"pt-PT\"},{\"@type\":\"Organization\",\"@id\":\"https:\/\/www.nanwangpaperbag.com\/#organization\",\"name\":\"Nanwang Pack\",\"url\":\"https:\/\/www.nanwangpaperbag.com\/\",\"logo\":{\"@type\":\"ImageObject\",\"inLanguage\":\"pt-PT\",\"@id\":\"https:\/\/www.nanwangpaperbag.com\/#\/schema\/logo\/image\/\",\"url\":\"https:\/\/www.nanwangpaperbag.com\/wp-content\/uploads\/2025\/03\/logo2.webp\",\"contentUrl\":\"https:\/\/www.nanwangpaperbag.com\/wp-content\/uploads\/2025\/03\/logo2.webp\",\"width\":433,\"height\":407,\"caption\":\"Nanwang Pack\"},\"image\":{\"@id\":\"https:\/\/www.nanwangpaperbag.com\/#\/schema\/logo\/image\/\"},\"sameAs\":[\"https:\/\/www.facebook.com\/NanwangPaperBag\",\"https:\/\/x.com\/NanwangPack\",\"https:\/\/www.linkedin.com\/company\/nanwang-paper-bag\/\",\"https:\/\/www.youtube.com\/@NanwangPaperBag\",\"https:\/\/www.tiktok.com\/@nanwangpaperbag\"]}]}<\/script>\n<!-- \/ Yoast SEO plugin. -->","yoast_head_json":{"title":"Burger Wrapper Paper - Nanwang Paper Packaging","description":"Burger Wrapper Paper - Nanwang Paper Packaging , we supply Luxury Paper Bags, Shopping Paper Bag, Paper Carry Bag, Delivery Bag for you with good price.","robots":{"index":"index","follow":"follow","max-snippet":"max-snippet:-1","max-image-preview":"max-image-preview:large","max-video-preview":"max-video-preview:-1"},"canonical":"https:\/\/www.nanwangpaperbag.com\/pt\/produto\/papel-de-embrulho-para-hamburgueres\/","og_locale":"pt_PT","og_type":"article","og_title":"Burger Wrapper Paper - Nanwang Paper Packaging","og_description":"Burger Wrapper Paper - Nanwang Paper Packaging , we supply Luxury Paper Bags, Shopping Paper Bag, Paper Carry Bag, Delivery Bag for you with good price.","og_url":"https:\/\/www.nanwangpaperbag.com\/pt\/produto\/papel-de-embrulho-para-hamburgueres\/","og_site_name":"Nanwang Paper Packaging","article_publisher":"https:\/\/www.facebook.com\/NanwangPaperBag","article_modified_time":"2025-05-14T06:45:41+00:00","og_image":[{"width":800,"height":800,"url":"https:\/\/www.nanwangpaperbag.com\/wp-content\/uploads\/2025\/04\/Burger-Wrapper-Paper_1.webp","type":"image\/webp"}],"twitter_card":"summary_large_image","twitter_site":"@NanwangPack","twitter_misc":{"Tempo estimado de leitura":"3 minutos"},"schema":{"@context":"https:\/\/schema.org","@graph":[{"@type":"WebPage","@id":"https:\/\/www.nanwangpaperbag.com\/product\/burger-wrapper-paper\/","url":"https:\/\/www.nanwangpaperbag.com\/product\/burger-wrapper-paper\/","name":"Burger Wrapper Paper - Nanwang Paper Packaging","isPartOf":{"@id":"https:\/\/www.nanwangpaperbag.com\/#website"},"primaryImageOfPage":{"@id":"https:\/\/www.nanwangpaperbag.com\/product\/burger-wrapper-paper\/#primaryimage"},"image":{"@id":"https:\/\/www.nanwangpaperbag.com\/product\/burger-wrapper-paper\/#primaryimage"},"thumbnailUrl":"https:\/\/www.nanwangpaperbag.com\/wp-content\/uploads\/2025\/04\/Burger-Wrapper-Paper_1.webp","datePublished":"2025-04-15T09:49:40+00:00","dateModified":"2025-05-14T06:45:41+00:00","description":"Burger Wrapper Paper - Nanwang Paper Packaging , we supply Luxury Paper Bags, Shopping Paper Bag, Paper Carry Bag, Delivery Bag for you with good price.","breadcrumb":{"@id":"https:\/\/www.nanwangpaperbag.com\/product\/burger-wrapper-paper\/#breadcrumb"},"inLanguage":"pt-PT","potentialAction":[{"@type":"ReadAction","target":["https:\/\/www.nanwangpaperbag.com\/product\/burger-wrapper-paper\/"]}]},{"@type":"ImageObject","inLanguage":"pt-PT","@id":"https:\/\/www.nanwangpaperbag.com\/product\/burger-wrapper-paper\/#primaryimage","url":"https:\/\/www.nanwangpaperbag.com\/wp-content\/uploads\/2025\/04\/Burger-Wrapper-Paper_1.webp","contentUrl":"https:\/\/www.nanwangpaperbag.com\/wp-content\/uploads\/2025\/04\/Burger-Wrapper-Paper_1.webp","width":800,"height":800,"caption":"Burger Wrapper Paper"},{"@type":"BreadcrumbList","@id":"https:\/\/www.nanwangpaperbag.com\/product\/burger-wrapper-paper\/#breadcrumb","itemListElement":[{"@type":"ListItem","position":1,"name":"Home","item":"https:\/\/www.nanwangpaperbag.com\/"},{"@type":"ListItem","position":2,"name":"Productos","item":"https:\/\/www.nanwangpaperbag.com\/es\/shop\/"},{"@type":"ListItem","position":3,"name":"Burger Wrapper Paper"}]},{"@type":"WebSite","@id":"https:\/\/www.nanwangpaperbag.com\/#website","url":"https:\/\/www.nanwangpaperbag.com\/","name":"Nanwang Paper Packaging","description":"","publisher":{"@id":"https:\/\/www.nanwangpaperbag.com\/#organization"},"potentialAction":[{"@type":"SearchAction","target":{"@type":"EntryPoint","urlTemplate":"https:\/\/www.nanwangpaperbag.com\/?s={search_term_string}"},"query-input":"required name=search_term_string"}],"inLanguage":"pt-PT"},{"@type":"Organization","@id":"https:\/\/www.nanwangpaperbag.com\/#organization","name":"Nanwang Pack","url":"https:\/\/www.nanwangpaperbag.com\/","logo":{"@type":"ImageObject","inLanguage":"pt-PT","@id":"https:\/\/www.nanwangpaperbag.com\/#\/schema\/logo\/image\/","url":"https:\/\/www.nanwangpaperbag.com\/wp-content\/uploads\/2025\/03\/logo2.webp","contentUrl":"https:\/\/www.nanwangpaperbag.com\/wp-content\/uploads\/2025\/03\/logo2.webp","width":433,"height":407,"caption":"Nanwang Pack"},"image":{"@id":"https:\/\/www.nanwangpaperbag.com\/#\/schema\/logo\/image\/"},"sameAs":["https:\/\/www.facebook.com\/NanwangPaperBag","https:\/\/x.com\/NanwangPack","https:\/\/www.linkedin.com\/company\/nanwang-paper-bag\/","https:\/\/www.youtube.com\/@NanwangPaperBag","https:\/\/www.tiktok.com\/@nanwangpaperbag"]}]}},"_links":{"self":[{"href":"https:\/\/www.nanwangpaperbag.com\/pt\/wp-json\/wp\/v2\/product\/12163"}],"collection":[{"href":"https:\/\/www.nanwangpaperbag.com\/pt\/wp-json\/wp\/v2\/product"}],"about":[{"href":"https:\/\/www.nanwangpaperbag.com\/pt\/wp-json\/wp\/v2\/types\/product"}],"replies":[{"embeddable":true,"href":"https:\/\/www.nanwangpaperbag.com\/pt\/wp-json\/wp\/v2\/comments?post=12163"}],"wp:featuredmedia":[{"embeddable":true,"href":"https:\/\/www.nanwangpaperbag.com\/pt\/wp-json\/wp\/v2\/media\/12185"}],"wp:attachment":[{"href":"https:\/\/www.nanwangpaperbag.com\/pt\/wp-json\/wp\/v2\/media?parent=12163"}],"wp:term":[{"taxonomy":"product_cat","embeddable":true,"href":"https:\/\/www.nanwangpaperbag.com\/pt\/wp-json\/wp\/v2\/product_cat?post=12163"},{"taxonomy":"product_tag","embeddable":true,"href":"https:\/\/www.nanwangpaperbag.com\/pt\/wp-json\/wp\/v2\/product_tag?post=12163"}],"curies":[{"name":"wp","href":"https:\/\/api.w.org\/{rel}","templated":true}]}}