{"id":12164,"date":"2025-04-15T09:58:54","date_gmt":"2025-04-15T09:58:54","guid":{"rendered":"https:\/\/www.nanwangpaperbag.com\/?post_type=product&#038;p=12164"},"modified":"2025-05-14T06:45:00","modified_gmt":"2025-05-14T06:45:00","slug":"brown-kraft-paper-placemats","status":"publish","type":"product","link":"https:\/\/www.nanwangpaperbag.com\/pt\/produto\/brown-kraft-paper-placemats\/","title":{"rendered":"Individuais de papel kraft castanho"},"content":{"rendered":"<p>O <a href=\"https:\/\/www.nanwangpaperbag.com\/pt\/category\/foodservice-disposables\/paper-placemats\/\"><strong>individuais de papel<\/strong><\/a>\u00a0\u00c9 fabricado com papel de qualidade alimentar e tintas de qualidade alimentar, com uma impress\u00e3o requintada e amiga do ambiente. Pode ser fabricado em diferentes padr\u00f5es de acordo com os requisitos do cliente, entretanto, \u00e9 um bom resultado para o efeito publicit\u00e1rio<\/p>\n<p><img loading=\"lazy\" decoding=\"async\" class=\"size-full wp-image-12190 aligncenter\" data-src=\"https:\/\/www.nanwangpaperbag.com\/wp-content\/uploads\/2025\/04\/Brown-Kraft-Paper-Placemats_1.webp\" alt=\"Individuais de papel kraft castanho\" width=\"741\" height=\"776\" srcset=\"https:\/\/www.nanwangpaperbag.com\/wp-content\/uploads\/2025\/04\/Brown-Kraft-Paper-Placemats_1.webp 741w, https:\/\/www.nanwangpaperbag.com\/wp-content\/uploads\/2025\/04\/Brown-Kraft-Paper-Placemats_1-480x503.webp 480w\" sizes=\"(min-width: 0px) and (max-width: 480px) 480px, (min-width: 481px) 741px, 100vw\" \/><\/p>\n<h2>MATERIAL STANDARD RECOMENDADO<\/h2>\n<p>Papel de gramagem leve super branco 50GSM<br \/>\nPapel de jornal 50GSM<br \/>\nPapel de qualidade alimentar de 55 g\/m\u00b2<br \/>\nPapel de qualidade alimentar de 70 g\/m\u00b2<\/p>\n<h2>Carater\u00edsticas<\/h2>\n<p>Tintas ambientais<br \/>\nImpermeabiliza\u00e7\u00e3o de gorduras<br \/>\nSa\u00fade e seguran\u00e7a<br \/>\nSele\u00e7\u00e3o de v\u00e1rios estilos<br \/>\n\u25cf Sustent\u00e1vel<\/p>\n<h2>Sobre n\u00f3s<\/h2>\n<p>A Nanwang, fundada em 2010, \u00e9 a primeira empresa de embalagens de papel cotada na bolsa da China. Especializada em sacos de papel ecol\u00f3gicos, <strong><a href=\"https:\/\/www.nanwangpaperbag.com\/pt\/category\/food-service-disposables\/\">produtos alimentares descart\u00e1veis<\/a><\/strong>Al\u00e9m do papel para caixas registadoras, papel para etiquetas e tecidos n\u00e3o tecidos. Com automa\u00e7\u00e3o avan\u00e7ada e duas novas subsidi\u00e1rias, oferecemos solu\u00e7\u00f5es de embalagem abrangentes e sustent\u00e1veis e estamos classificados entre as 100 maiores empresas de impress\u00e3o e embalagem da China.<\/p>\n<h2>FAQ<\/h2>\n<p>Q1: Em quantos dias posso obter PI se enviar uma encomenda?<br \/>\nR: Normalmente, 2 dias<\/p>\n<p>Q2: Pode fazer DDP?<br \/>\nR: Normalmente fazemos FOB, se necess\u00e1rio CIF ou DDP, precisamos de avaliar ap\u00f3s a nossa conversa consigo.<\/p>\n<p>Q3. Se eu fizer uma encomenda com utiliza\u00e7\u00e3o anual, podem oferecer-me um pre\u00e7o melhor?<br \/>\nR: Por favor, forne\u00e7a o hor\u00e1rio de envio, inform\u00e1-lo-emos do melhor custo.<\/p>\n<p>Q4.Existe alguma tarifa para o meu pa\u00eds?<br \/>\nA \uff1a \u00c9 25% tarifa da China para os EUA, mas outros pa\u00edses n\u00e3o. Temos uma f\u00e1brica na Mal\u00e1sia pode enviar para os EUA para evitar tarifas.<\/p>\n<p>Q5. Podem enviar produtos para o meu escrit\u00f3rio na China?<br \/>\nR: Sim, por favor, indique a morada.<\/p>","protected":false},"excerpt":{"rendered":"<p>Item:Brown Kraft Paper Placemats<br \/>\nAvailable Size:230X340\/250X350mm or Customized<br \/>\nLog\u00f3tipo: personalizado<br \/>\nPaper Material:Brown Kraft Paper,Uncoated Paper<br \/>\nPrinting Colors:5 colors<br \/>\nPaper Weight:23-80g\/m2<br \/>\nPackaging Details:Packed in poly bag,then in export carton<\/p>","protected":false},"featured_media":12191,"comment_status":"open","ping_status":"closed","template":"","meta":{"_et_pb_use_builder":"","_et_pb_old_content":"","_et_gb_content_width":""},"product_cat":[284,289],"product_tag":[315,351],"yoast_head":"<!-- This site is optimized with the Yoast SEO plugin v22.7 - https:\/\/yoast.com\/wordpress\/plugins\/seo\/ -->\n<title>Brown Kraft Paper Placemats - Nanwang Paper Packaging<\/title>\n<meta name=\"description\" content=\"Brown Kraft Paper Placemats - Nanwang Paper Packaging , we supply Luxury Paper Bags, Shopping Paper Bag, Paper Carry Bag, Delivery Bag for you with good price.\" \/>\n<meta name=\"robots\" content=\"index, follow, max-snippet:-1, max-image-preview:large, max-video-preview:-1\" \/>\n<link rel=\"canonical\" href=\"https:\/\/www.nanwangpaperbag.com\/pt\/produto\/brown-kraft-paper-placemats\/\" \/>\n<meta property=\"og:locale\" content=\"pt_PT\" \/>\n<meta property=\"og:type\" content=\"article\" \/>\n<meta property=\"og:title\" content=\"Brown Kraft Paper Placemats - Nanwang Paper Packaging\" \/>\n<meta property=\"og:description\" content=\"Brown Kraft Paper Placemats - Nanwang Paper Packaging , we supply Luxury Paper Bags, Shopping Paper Bag, Paper Carry Bag, Delivery Bag for you with good price.\" \/>\n<meta property=\"og:url\" content=\"https:\/\/www.nanwangpaperbag.com\/pt\/produto\/brown-kraft-paper-placemats\/\" \/>\n<meta property=\"og:site_name\" content=\"Nanwang Paper Packaging\" \/>\n<meta property=\"article:publisher\" content=\"https:\/\/www.facebook.com\/NanwangPaperBag\" \/>\n<meta property=\"article:modified_time\" content=\"2025-05-14T06:45:00+00:00\" \/>\n<meta property=\"og:image\" content=\"https:\/\/www.nanwangpaperbag.com\/wp-content\/uploads\/2025\/04\/Brown-Kraft-Paper-Placemats_1-1.webp\" \/>\n\t<meta property=\"og:image:width\" content=\"800\" \/>\n\t<meta property=\"og:image:height\" content=\"800\" \/>\n\t<meta property=\"og:image:type\" content=\"image\/webp\" \/>\n<meta name=\"twitter:card\" content=\"summary_large_image\" \/>\n<meta name=\"twitter:site\" content=\"@NanwangPack\" \/>\n<meta name=\"twitter:label1\" content=\"Tempo estimado de leitura\" \/>\n\t<meta name=\"twitter:data1\" content=\"2 minutos\" \/>\n<script type=\"application\/ld+json\" class=\"yoast-schema-graph\">{\"@context\":\"https:\/\/schema.org\",\"@graph\":[{\"@type\":\"WebPage\",\"@id\":\"https:\/\/www.nanwangpaperbag.com\/product\/brown-kraft-paper-placemats\/\",\"url\":\"https:\/\/www.nanwangpaperbag.com\/product\/brown-kraft-paper-placemats\/\",\"name\":\"Brown Kraft Paper Placemats - Nanwang Paper Packaging\",\"isPartOf\":{\"@id\":\"https:\/\/www.nanwangpaperbag.com\/#website\"},\"primaryImageOfPage\":{\"@id\":\"https:\/\/www.nanwangpaperbag.com\/product\/brown-kraft-paper-placemats\/#primaryimage\"},\"image\":{\"@id\":\"https:\/\/www.nanwangpaperbag.com\/product\/brown-kraft-paper-placemats\/#primaryimage\"},\"thumbnailUrl\":\"https:\/\/www.nanwangpaperbag.com\/wp-content\/uploads\/2025\/04\/Brown-Kraft-Paper-Placemats_1-1.webp\",\"datePublished\":\"2025-04-15T09:58:54+00:00\",\"dateModified\":\"2025-05-14T06:45:00+00:00\",\"description\":\"Brown Kraft Paper Placemats - Nanwang Paper Packaging , we supply Luxury Paper Bags, Shopping Paper Bag, Paper Carry Bag, Delivery Bag for you with good price.\",\"breadcrumb\":{\"@id\":\"https:\/\/www.nanwangpaperbag.com\/product\/brown-kraft-paper-placemats\/#breadcrumb\"},\"inLanguage\":\"pt-PT\",\"potentialAction\":[{\"@type\":\"ReadAction\",\"target\":[\"https:\/\/www.nanwangpaperbag.com\/product\/brown-kraft-paper-placemats\/\"]}]},{\"@type\":\"ImageObject\",\"inLanguage\":\"pt-PT\",\"@id\":\"https:\/\/www.nanwangpaperbag.com\/product\/brown-kraft-paper-placemats\/#primaryimage\",\"url\":\"https:\/\/www.nanwangpaperbag.com\/wp-content\/uploads\/2025\/04\/Brown-Kraft-Paper-Placemats_1-1.webp\",\"contentUrl\":\"https:\/\/www.nanwangpaperbag.com\/wp-content\/uploads\/2025\/04\/Brown-Kraft-Paper-Placemats_1-1.webp\",\"width\":800,\"height\":800,\"caption\":\"Brown Kraft Paper Placemats\"},{\"@type\":\"BreadcrumbList\",\"@id\":\"https:\/\/www.nanwangpaperbag.com\/product\/brown-kraft-paper-placemats\/#breadcrumb\",\"itemListElement\":[{\"@type\":\"ListItem\",\"position\":1,\"name\":\"Home\",\"item\":\"https:\/\/www.nanwangpaperbag.com\/\"},{\"@type\":\"ListItem\",\"position\":2,\"name\":\"Productos\",\"item\":\"https:\/\/www.nanwangpaperbag.com\/es\/shop\/\"},{\"@type\":\"ListItem\",\"position\":3,\"name\":\"Brown Kraft Paper Placemats\"}]},{\"@type\":\"WebSite\",\"@id\":\"https:\/\/www.nanwangpaperbag.com\/#website\",\"url\":\"https:\/\/www.nanwangpaperbag.com\/\",\"name\":\"Nanwang Paper Packaging\",\"description\":\"\",\"publisher\":{\"@id\":\"https:\/\/www.nanwangpaperbag.com\/#organization\"},\"potentialAction\":[{\"@type\":\"SearchAction\",\"target\":{\"@type\":\"EntryPoint\",\"urlTemplate\":\"https:\/\/www.nanwangpaperbag.com\/?s={search_term_string}\"},\"query-input\":\"required name=search_term_string\"}],\"inLanguage\":\"pt-PT\"},{\"@type\":\"Organization\",\"@id\":\"https:\/\/www.nanwangpaperbag.com\/#organization\",\"name\":\"Nanwang Pack\",\"url\":\"https:\/\/www.nanwangpaperbag.com\/\",\"logo\":{\"@type\":\"ImageObject\",\"inLanguage\":\"pt-PT\",\"@id\":\"https:\/\/www.nanwangpaperbag.com\/#\/schema\/logo\/image\/\",\"url\":\"https:\/\/www.nanwangpaperbag.com\/wp-content\/uploads\/2025\/03\/logo2.webp\",\"contentUrl\":\"https:\/\/www.nanwangpaperbag.com\/wp-content\/uploads\/2025\/03\/logo2.webp\",\"width\":433,\"height\":407,\"caption\":\"Nanwang Pack\"},\"image\":{\"@id\":\"https:\/\/www.nanwangpaperbag.com\/#\/schema\/logo\/image\/\"},\"sameAs\":[\"https:\/\/www.facebook.com\/NanwangPaperBag\",\"https:\/\/x.com\/NanwangPack\",\"https:\/\/www.linkedin.com\/company\/nanwang-paper-bag\/\",\"https:\/\/www.youtube.com\/@NanwangPaperBag\",\"https:\/\/www.tiktok.com\/@nanwangpaperbag\"]}]}<\/script>\n<!-- \/ Yoast SEO plugin. -->","yoast_head_json":{"title":"Brown Kraft Paper Placemats - Nanwang Paper Packaging","description":"Brown Kraft Paper Placemats - Nanwang Paper Packaging , we supply Luxury Paper Bags, Shopping Paper Bag, Paper Carry Bag, Delivery Bag for you with good price.","robots":{"index":"index","follow":"follow","max-snippet":"max-snippet:-1","max-image-preview":"max-image-preview:large","max-video-preview":"max-video-preview:-1"},"canonical":"https:\/\/www.nanwangpaperbag.com\/pt\/produto\/brown-kraft-paper-placemats\/","og_locale":"pt_PT","og_type":"article","og_title":"Brown Kraft Paper Placemats - Nanwang Paper Packaging","og_description":"Brown Kraft Paper Placemats - Nanwang Paper Packaging , we supply Luxury Paper Bags, Shopping Paper Bag, Paper Carry Bag, Delivery Bag for you with good price.","og_url":"https:\/\/www.nanwangpaperbag.com\/pt\/produto\/brown-kraft-paper-placemats\/","og_site_name":"Nanwang Paper Packaging","article_publisher":"https:\/\/www.facebook.com\/NanwangPaperBag","article_modified_time":"2025-05-14T06:45:00+00:00","og_image":[{"width":800,"height":800,"url":"https:\/\/www.nanwangpaperbag.com\/wp-content\/uploads\/2025\/04\/Brown-Kraft-Paper-Placemats_1-1.webp","type":"image\/webp"}],"twitter_card":"summary_large_image","twitter_site":"@NanwangPack","twitter_misc":{"Tempo estimado de leitura":"2 minutos"},"schema":{"@context":"https:\/\/schema.org","@graph":[{"@type":"WebPage","@id":"https:\/\/www.nanwangpaperbag.com\/product\/brown-kraft-paper-placemats\/","url":"https:\/\/www.nanwangpaperbag.com\/product\/brown-kraft-paper-placemats\/","name":"Brown Kraft Paper Placemats - Nanwang Paper Packaging","isPartOf":{"@id":"https:\/\/www.nanwangpaperbag.com\/#website"},"primaryImageOfPage":{"@id":"https:\/\/www.nanwangpaperbag.com\/product\/brown-kraft-paper-placemats\/#primaryimage"},"image":{"@id":"https:\/\/www.nanwangpaperbag.com\/product\/brown-kraft-paper-placemats\/#primaryimage"},"thumbnailUrl":"https:\/\/www.nanwangpaperbag.com\/wp-content\/uploads\/2025\/04\/Brown-Kraft-Paper-Placemats_1-1.webp","datePublished":"2025-04-15T09:58:54+00:00","dateModified":"2025-05-14T06:45:00+00:00","description":"Brown Kraft Paper Placemats - Nanwang Paper Packaging , we supply Luxury Paper Bags, Shopping Paper Bag, Paper Carry Bag, Delivery Bag for you with good price.","breadcrumb":{"@id":"https:\/\/www.nanwangpaperbag.com\/product\/brown-kraft-paper-placemats\/#breadcrumb"},"inLanguage":"pt-PT","potentialAction":[{"@type":"ReadAction","target":["https:\/\/www.nanwangpaperbag.com\/product\/brown-kraft-paper-placemats\/"]}]},{"@type":"ImageObject","inLanguage":"pt-PT","@id":"https:\/\/www.nanwangpaperbag.com\/product\/brown-kraft-paper-placemats\/#primaryimage","url":"https:\/\/www.nanwangpaperbag.com\/wp-content\/uploads\/2025\/04\/Brown-Kraft-Paper-Placemats_1-1.webp","contentUrl":"https:\/\/www.nanwangpaperbag.com\/wp-content\/uploads\/2025\/04\/Brown-Kraft-Paper-Placemats_1-1.webp","width":800,"height":800,"caption":"Brown Kraft Paper Placemats"},{"@type":"BreadcrumbList","@id":"https:\/\/www.nanwangpaperbag.com\/product\/brown-kraft-paper-placemats\/#breadcrumb","itemListElement":[{"@type":"ListItem","position":1,"name":"Home","item":"https:\/\/www.nanwangpaperbag.com\/"},{"@type":"ListItem","position":2,"name":"Productos","item":"https:\/\/www.nanwangpaperbag.com\/es\/shop\/"},{"@type":"ListItem","position":3,"name":"Brown Kraft Paper Placemats"}]},{"@type":"WebSite","@id":"https:\/\/www.nanwangpaperbag.com\/#website","url":"https:\/\/www.nanwangpaperbag.com\/","name":"Nanwang Paper Packaging","description":"","publisher":{"@id":"https:\/\/www.nanwangpaperbag.com\/#organization"},"potentialAction":[{"@type":"SearchAction","target":{"@type":"EntryPoint","urlTemplate":"https:\/\/www.nanwangpaperbag.com\/?s={search_term_string}"},"query-input":"required name=search_term_string"}],"inLanguage":"pt-PT"},{"@type":"Organization","@id":"https:\/\/www.nanwangpaperbag.com\/#organization","name":"Nanwang Pack","url":"https:\/\/www.nanwangpaperbag.com\/","logo":{"@type":"ImageObject","inLanguage":"pt-PT","@id":"https:\/\/www.nanwangpaperbag.com\/#\/schema\/logo\/image\/","url":"https:\/\/www.nanwangpaperbag.com\/wp-content\/uploads\/2025\/03\/logo2.webp","contentUrl":"https:\/\/www.nanwangpaperbag.com\/wp-content\/uploads\/2025\/03\/logo2.webp","width":433,"height":407,"caption":"Nanwang Pack"},"image":{"@id":"https:\/\/www.nanwangpaperbag.com\/#\/schema\/logo\/image\/"},"sameAs":["https:\/\/www.facebook.com\/NanwangPaperBag","https:\/\/x.com\/NanwangPack","https:\/\/www.linkedin.com\/company\/nanwang-paper-bag\/","https:\/\/www.youtube.com\/@NanwangPaperBag","https:\/\/www.tiktok.com\/@nanwangpaperbag"]}]}},"_links":{"self":[{"href":"https:\/\/www.nanwangpaperbag.com\/pt\/wp-json\/wp\/v2\/product\/12164"}],"collection":[{"href":"https:\/\/www.nanwangpaperbag.com\/pt\/wp-json\/wp\/v2\/product"}],"about":[{"href":"https:\/\/www.nanwangpaperbag.com\/pt\/wp-json\/wp\/v2\/types\/product"}],"replies":[{"embeddable":true,"href":"https:\/\/www.nanwangpaperbag.com\/pt\/wp-json\/wp\/v2\/comments?post=12164"}],"wp:featuredmedia":[{"embeddable":true,"href":"https:\/\/www.nanwangpaperbag.com\/pt\/wp-json\/wp\/v2\/media\/12191"}],"wp:attachment":[{"href":"https:\/\/www.nanwangpaperbag.com\/pt\/wp-json\/wp\/v2\/media?parent=12164"}],"wp:term":[{"taxonomy":"product_cat","embeddable":true,"href":"https:\/\/www.nanwangpaperbag.com\/pt\/wp-json\/wp\/v2\/product_cat?post=12164"},{"taxonomy":"product_tag","embeddable":true,"href":"https:\/\/www.nanwangpaperbag.com\/pt\/wp-json\/wp\/v2\/product_tag?post=12164"}],"curies":[{"name":"wp","href":"https:\/\/api.w.org\/{rel}","templated":true}]}}