{"id":12195,"date":"2025-04-15T10:08:34","date_gmt":"2025-04-15T10:08:34","guid":{"rendered":"https:\/\/www.nanwangpaperbag.com\/?post_type=product&#038;p=12195"},"modified":"2025-04-15T10:08:35","modified_gmt":"2025-04-15T10:08:35","slug":"popular-paper-labels-thermal-receipt-rolls","status":"publish","type":"product","link":"https:\/\/www.nanwangpaperbag.com\/pt\/produto\/etiquetas-de-papel-populares-rolos-de-recibos-termicos\/","title":{"rendered":"Etiquetas de papel populares e rolos de recibos t\u00e9rmicos"},"content":{"rendered":"<p>A Fujian Nanwang New Materials Co., Ltd. criou papel de caixa registadora e materiais de etiquetas ecol\u00f3gicos de pasta reciclada 100%, promovendo a inova\u00e7\u00e3o tecnol\u00f3gica em produtos comerciais sustent\u00e1veis. Oferecemos etiquetas termo-sens\u00edveis robustas e resistentes \u00e0 \u00e1gua e etiquetas sem forro, amplamente utilizadas em sectores como supermercados, restaura\u00e7\u00e3o, cuidados de sa\u00fade e cal\u00e7ado. Ao mesmo tempo que reduzimos significativamente os custos, damos \u00eanfase a uma gest\u00e3o honesta e apoiamos ativamente os objectivos ambientais das Na\u00e7\u00f5es Unidas, assumindo a nossa responsabilidade social.<\/p>\n<p><img loading=\"lazy\" decoding=\"async\" class=\"wp-image-12197 aligncenter\" data-src=\"https:\/\/www.nanwangpaperbag.com\/wp-content\/uploads\/2025\/04\/Popular-Paper-Labels-Thermal-Receipt-Rolls_1.webp\" alt=\"Etiquetas adesivas\" width=\"331\" height=\"286\" \/><\/p>\n<h2>Carater\u00edsticas<\/h2>\n<p>1. Boa preserva\u00e7\u00e3o da imagem a longo prazo, resist\u00eancia ao calor 900C, elevada resist\u00eancia \u00e0 luz, resist\u00eancia aos riscos, elevada sensibilidade, elevada nitidez;<br \/>\n2. Ter boa conserva\u00e7\u00e3o para v\u00e1rios ambientes e tempo de utiliza\u00e7\u00e3o;<br \/>\n3. Com um c\u00f3digo de barras bidimensional, \u00e9 necess\u00e1ria uma grande clareza na impress\u00e3o de pequenos textos.<\/p>\n<h2>Auto<a href=\"https:\/\/www.nanwangpaperbag.com\/pt\/category\/label-receipt\/adhesive-labels\/\"><em><strong>Etiquetas adesivas<\/strong><\/em><\/a><\/h2>\n<p>Etiqueta t\u00e9rmica personalizada;<br \/>\nEtiqueta de papel revestido;<br \/>\nEtiqueta de transfer\u00eancia t\u00e9rmica;<br \/>\nEtiqueta amov\u00edvel;<br \/>\nEtiqueta sem forro;<br \/>\nEtiqueta anti-frio;<br \/>\nEtiqueta de resist\u00eancia a \u00f3leo, \u00e1gua e raspagem.<\/p>\n<p><img loading=\"lazy\" decoding=\"async\" class=\"size-full wp-image-12198 aligncenter\" data-src=\"https:\/\/www.nanwangpaperbag.com\/wp-content\/uploads\/2025\/04\/Popular-Paper-Labels-Thermal-Receipt-Rolls_2.webp\" alt=\"Etiquetas adesivas\" width=\"1137\" height=\"312\" srcset=\"https:\/\/www.nanwangpaperbag.com\/wp-content\/uploads\/2025\/04\/Popular-Paper-Labels-Thermal-Receipt-Rolls_2.webp 1137w, https:\/\/www.nanwangpaperbag.com\/wp-content\/uploads\/2025\/04\/Popular-Paper-Labels-Thermal-Receipt-Rolls_2-980x269.webp 980w, https:\/\/www.nanwangpaperbag.com\/wp-content\/uploads\/2025\/04\/Popular-Paper-Labels-Thermal-Receipt-Rolls_2-480x132.webp 480w\" sizes=\"(min-width: 0px) and (max-width: 480px) 480px, (min-width: 481px) and (max-width: 980px) 980px, (min-width: 981px) 1137px, 100vw\" \/><\/p>\n<h2>FAQ<\/h2>\n<p>Q1: Qual \u00e9 a vossa pol\u00edtica em mat\u00e9ria de amostras?<br \/>\nR: Muitos clientes pedem amostras gr\u00e1tis, a nossa pol\u00edtica de amostras depende das diferentes amostras. A amostra de estoque simples e existente \u00e9 gratuita, amostra de design cobramos taxa de amostra, a taxa de amostra depende da cor e do tamanho.<\/p>\n<p>Q2: Qual \u00e9 o vosso prazo de pagamento habitual?<br \/>\nR: Normalmente, dep\u00f3sito de 30% adiantado e saldo de 70% contra c\u00f3pia BL. Para os produtos personalizados, dep\u00f3sito de 50% e saldo de 50% contra c\u00f3pia BL.<\/p>\n<p>Q3: Disp\u00f5em de uma boa equipa de I&amp;D?<br \/>\nR:Sim, lan\u00e7amos uma s\u00e9rie de novos produtos todos os anos e actualizamos o nosso s\u00edtio Web e o cat\u00e1logo com novos artigos.<\/p>\n<p>Q4: Como \u00e9 que controla a sua qualidade?<br \/>\nTemos equipas profissionais de QC, existem 5 processos nos quais concentramos a nossa aten\u00e7\u00e3o<br \/>\nA:Para verificar a qualidade do material a granel antes da produ\u00e7\u00e3o<br \/>\nB: Para verificar o processo da linha de produ\u00e7\u00e3o<br \/>\nC:Verificar novamente a especifica\u00e7\u00e3o dos sacos<br \/>\nD: Efetuar o teste de desempenho dos produtos acabados antes de os embalar<br \/>\nE:De acordo com as diferentes carater\u00edsticas da prote\u00e7\u00e3o ambiental e da embalagem de alimentos, dispomos de sistemas de gest\u00e3o de armazenamento correspondentes.<\/p>\n<p>Q5: Qual \u00e9 a sua embalagem padr\u00e3o?<br \/>\nR: Dimens\u00f5es diferentes das caixas de cart\u00e3o para sacos diferentes.<\/p>","protected":false},"excerpt":{"rendered":"<p>Etiquetas de papel Etiquetas auto-adesivas:Etiquetas t\u00e9rmicas fortes e resistentes \u00e0 \u00e1gua, etiquetas de papel sem fundo.<\/p>","protected":false},"featured_media":12199,"comment_status":"open","ping_status":"closed","template":"","meta":{"_et_pb_use_builder":"","_et_pb_old_content":"","_et_gb_content_width":""},"product_cat":[291,290],"product_tag":[316],"yoast_head":"<!-- This site is optimized with the Yoast SEO plugin v22.7 - https:\/\/yoast.com\/wordpress\/plugins\/seo\/ -->\n<title>Popular Paper Labels &amp; Thermal Receipt Rolls - Nanwang Paper Packaging<\/title>\n<meta name=\"description\" content=\"Popular Paper Labels &amp; Thermal Receipt Rolls - Nanwang Paper Packaging , we supply Luxury Paper Bags, Shopping Paper Bag, Paper Carry Bag, Delivery Bag for you with good price.\" \/>\n<meta name=\"robots\" content=\"index, follow, max-snippet:-1, max-image-preview:large, max-video-preview:-1\" \/>\n<link rel=\"canonical\" href=\"https:\/\/www.nanwangpaperbag.com\/pt\/produto\/etiquetas-de-papel-populares-rolos-de-recibos-termicos\/\" \/>\n<meta property=\"og:locale\" content=\"pt_PT\" \/>\n<meta property=\"og:type\" content=\"article\" \/>\n<meta property=\"og:title\" content=\"Popular Paper Labels &amp; Thermal Receipt Rolls - Nanwang Paper Packaging\" \/>\n<meta property=\"og:description\" content=\"Popular Paper Labels &amp; Thermal Receipt Rolls - Nanwang Paper Packaging , we supply Luxury Paper Bags, Shopping Paper Bag, Paper Carry Bag, Delivery Bag for you with good price.\" \/>\n<meta property=\"og:url\" content=\"https:\/\/www.nanwangpaperbag.com\/pt\/produto\/etiquetas-de-papel-populares-rolos-de-recibos-termicos\/\" \/>\n<meta property=\"og:site_name\" content=\"Nanwang Paper Packaging\" \/>\n<meta property=\"article:publisher\" content=\"https:\/\/www.facebook.com\/NanwangPaperBag\" \/>\n<meta property=\"article:modified_time\" content=\"2025-04-15T10:08:35+00:00\" \/>\n<meta property=\"og:image\" content=\"https:\/\/www.nanwangpaperbag.com\/wp-content\/uploads\/2025\/04\/Popular-Paper-Labels-Thermal-Receipt-Rolls_1-1.webp\" \/>\n\t<meta property=\"og:image:width\" content=\"800\" \/>\n\t<meta property=\"og:image:height\" content=\"800\" \/>\n\t<meta property=\"og:image:type\" content=\"image\/webp\" \/>\n<meta name=\"twitter:card\" content=\"summary_large_image\" \/>\n<meta name=\"twitter:site\" content=\"@NanwangPack\" \/>\n<meta name=\"twitter:label1\" content=\"Tempo estimado de leitura\" \/>\n\t<meta name=\"twitter:data1\" content=\"2 minutos\" \/>\n<script type=\"application\/ld+json\" class=\"yoast-schema-graph\">{\"@context\":\"https:\/\/schema.org\",\"@graph\":[{\"@type\":\"WebPage\",\"@id\":\"https:\/\/www.nanwangpaperbag.com\/product\/popular-paper-labels-thermal-receipt-rolls\/\",\"url\":\"https:\/\/www.nanwangpaperbag.com\/product\/popular-paper-labels-thermal-receipt-rolls\/\",\"name\":\"Popular Paper Labels & Thermal Receipt Rolls - Nanwang Paper Packaging\",\"isPartOf\":{\"@id\":\"https:\/\/www.nanwangpaperbag.com\/#website\"},\"primaryImageOfPage\":{\"@id\":\"https:\/\/www.nanwangpaperbag.com\/product\/popular-paper-labels-thermal-receipt-rolls\/#primaryimage\"},\"image\":{\"@id\":\"https:\/\/www.nanwangpaperbag.com\/product\/popular-paper-labels-thermal-receipt-rolls\/#primaryimage\"},\"thumbnailUrl\":\"https:\/\/www.nanwangpaperbag.com\/wp-content\/uploads\/2025\/04\/Popular-Paper-Labels-Thermal-Receipt-Rolls_1-1.webp\",\"datePublished\":\"2025-04-15T10:08:34+00:00\",\"dateModified\":\"2025-04-15T10:08:35+00:00\",\"description\":\"Popular Paper Labels & Thermal Receipt Rolls - Nanwang Paper Packaging , we supply Luxury Paper Bags, Shopping Paper Bag, Paper Carry Bag, Delivery Bag for you with good price.\",\"breadcrumb\":{\"@id\":\"https:\/\/www.nanwangpaperbag.com\/product\/popular-paper-labels-thermal-receipt-rolls\/#breadcrumb\"},\"inLanguage\":\"pt-PT\",\"potentialAction\":[{\"@type\":\"ReadAction\",\"target\":[\"https:\/\/www.nanwangpaperbag.com\/product\/popular-paper-labels-thermal-receipt-rolls\/\"]}]},{\"@type\":\"ImageObject\",\"inLanguage\":\"pt-PT\",\"@id\":\"https:\/\/www.nanwangpaperbag.com\/product\/popular-paper-labels-thermal-receipt-rolls\/#primaryimage\",\"url\":\"https:\/\/www.nanwangpaperbag.com\/wp-content\/uploads\/2025\/04\/Popular-Paper-Labels-Thermal-Receipt-Rolls_1-1.webp\",\"contentUrl\":\"https:\/\/www.nanwangpaperbag.com\/wp-content\/uploads\/2025\/04\/Popular-Paper-Labels-Thermal-Receipt-Rolls_1-1.webp\",\"width\":800,\"height\":800,\"caption\":\"Adhesive Labels\"},{\"@type\":\"BreadcrumbList\",\"@id\":\"https:\/\/www.nanwangpaperbag.com\/product\/popular-paper-labels-thermal-receipt-rolls\/#breadcrumb\",\"itemListElement\":[{\"@type\":\"ListItem\",\"position\":1,\"name\":\"Home\",\"item\":\"https:\/\/www.nanwangpaperbag.com\/\"},{\"@type\":\"ListItem\",\"position\":2,\"name\":\"Productos\",\"item\":\"https:\/\/www.nanwangpaperbag.com\/es\/shop\/\"},{\"@type\":\"ListItem\",\"position\":3,\"name\":\"Popular Paper Labels &#038; Thermal Receipt Rolls\"}]},{\"@type\":\"WebSite\",\"@id\":\"https:\/\/www.nanwangpaperbag.com\/#website\",\"url\":\"https:\/\/www.nanwangpaperbag.com\/\",\"name\":\"Nanwang Paper Packaging\",\"description\":\"\",\"publisher\":{\"@id\":\"https:\/\/www.nanwangpaperbag.com\/#organization\"},\"potentialAction\":[{\"@type\":\"SearchAction\",\"target\":{\"@type\":\"EntryPoint\",\"urlTemplate\":\"https:\/\/www.nanwangpaperbag.com\/?s={search_term_string}\"},\"query-input\":\"required name=search_term_string\"}],\"inLanguage\":\"pt-PT\"},{\"@type\":\"Organization\",\"@id\":\"https:\/\/www.nanwangpaperbag.com\/#organization\",\"name\":\"Nanwang Pack\",\"url\":\"https:\/\/www.nanwangpaperbag.com\/\",\"logo\":{\"@type\":\"ImageObject\",\"inLanguage\":\"pt-PT\",\"@id\":\"https:\/\/www.nanwangpaperbag.com\/#\/schema\/logo\/image\/\",\"url\":\"https:\/\/www.nanwangpaperbag.com\/wp-content\/uploads\/2025\/03\/logo2.webp\",\"contentUrl\":\"https:\/\/www.nanwangpaperbag.com\/wp-content\/uploads\/2025\/03\/logo2.webp\",\"width\":433,\"height\":407,\"caption\":\"Nanwang Pack\"},\"image\":{\"@id\":\"https:\/\/www.nanwangpaperbag.com\/#\/schema\/logo\/image\/\"},\"sameAs\":[\"https:\/\/www.facebook.com\/NanwangPaperBag\",\"https:\/\/x.com\/NanwangPack\",\"https:\/\/www.linkedin.com\/company\/nanwang-paper-bag\/\",\"https:\/\/www.youtube.com\/@NanwangPaperBag\",\"https:\/\/www.tiktok.com\/@nanwangpaperbag\"]}]}<\/script>\n<!-- \/ Yoast SEO plugin. -->","yoast_head_json":{"title":"Popular Paper Labels & Thermal Receipt Rolls - Nanwang Paper Packaging","description":"Popular Paper Labels & Thermal Receipt Rolls - Nanwang Paper Packaging , we supply Luxury Paper Bags, Shopping Paper Bag, Paper Carry Bag, Delivery Bag for you with good price.","robots":{"index":"index","follow":"follow","max-snippet":"max-snippet:-1","max-image-preview":"max-image-preview:large","max-video-preview":"max-video-preview:-1"},"canonical":"https:\/\/www.nanwangpaperbag.com\/pt\/produto\/etiquetas-de-papel-populares-rolos-de-recibos-termicos\/","og_locale":"pt_PT","og_type":"article","og_title":"Popular Paper Labels & Thermal Receipt Rolls - Nanwang Paper Packaging","og_description":"Popular Paper Labels & Thermal Receipt Rolls - Nanwang Paper Packaging , we supply Luxury Paper Bags, Shopping Paper Bag, Paper Carry Bag, Delivery Bag for you with good price.","og_url":"https:\/\/www.nanwangpaperbag.com\/pt\/produto\/etiquetas-de-papel-populares-rolos-de-recibos-termicos\/","og_site_name":"Nanwang Paper Packaging","article_publisher":"https:\/\/www.facebook.com\/NanwangPaperBag","article_modified_time":"2025-04-15T10:08:35+00:00","og_image":[{"width":800,"height":800,"url":"https:\/\/www.nanwangpaperbag.com\/wp-content\/uploads\/2025\/04\/Popular-Paper-Labels-Thermal-Receipt-Rolls_1-1.webp","type":"image\/webp"}],"twitter_card":"summary_large_image","twitter_site":"@NanwangPack","twitter_misc":{"Tempo estimado de leitura":"2 minutos"},"schema":{"@context":"https:\/\/schema.org","@graph":[{"@type":"WebPage","@id":"https:\/\/www.nanwangpaperbag.com\/product\/popular-paper-labels-thermal-receipt-rolls\/","url":"https:\/\/www.nanwangpaperbag.com\/product\/popular-paper-labels-thermal-receipt-rolls\/","name":"Popular Paper Labels & Thermal Receipt Rolls - Nanwang Paper Packaging","isPartOf":{"@id":"https:\/\/www.nanwangpaperbag.com\/#website"},"primaryImageOfPage":{"@id":"https:\/\/www.nanwangpaperbag.com\/product\/popular-paper-labels-thermal-receipt-rolls\/#primaryimage"},"image":{"@id":"https:\/\/www.nanwangpaperbag.com\/product\/popular-paper-labels-thermal-receipt-rolls\/#primaryimage"},"thumbnailUrl":"https:\/\/www.nanwangpaperbag.com\/wp-content\/uploads\/2025\/04\/Popular-Paper-Labels-Thermal-Receipt-Rolls_1-1.webp","datePublished":"2025-04-15T10:08:34+00:00","dateModified":"2025-04-15T10:08:35+00:00","description":"Popular Paper Labels & Thermal Receipt Rolls - Nanwang Paper Packaging , we supply Luxury Paper Bags, Shopping Paper Bag, Paper Carry Bag, Delivery Bag for you with good price.","breadcrumb":{"@id":"https:\/\/www.nanwangpaperbag.com\/product\/popular-paper-labels-thermal-receipt-rolls\/#breadcrumb"},"inLanguage":"pt-PT","potentialAction":[{"@type":"ReadAction","target":["https:\/\/www.nanwangpaperbag.com\/product\/popular-paper-labels-thermal-receipt-rolls\/"]}]},{"@type":"ImageObject","inLanguage":"pt-PT","@id":"https:\/\/www.nanwangpaperbag.com\/product\/popular-paper-labels-thermal-receipt-rolls\/#primaryimage","url":"https:\/\/www.nanwangpaperbag.com\/wp-content\/uploads\/2025\/04\/Popular-Paper-Labels-Thermal-Receipt-Rolls_1-1.webp","contentUrl":"https:\/\/www.nanwangpaperbag.com\/wp-content\/uploads\/2025\/04\/Popular-Paper-Labels-Thermal-Receipt-Rolls_1-1.webp","width":800,"height":800,"caption":"Adhesive Labels"},{"@type":"BreadcrumbList","@id":"https:\/\/www.nanwangpaperbag.com\/product\/popular-paper-labels-thermal-receipt-rolls\/#breadcrumb","itemListElement":[{"@type":"ListItem","position":1,"name":"Home","item":"https:\/\/www.nanwangpaperbag.com\/"},{"@type":"ListItem","position":2,"name":"Productos","item":"https:\/\/www.nanwangpaperbag.com\/es\/shop\/"},{"@type":"ListItem","position":3,"name":"Popular Paper Labels &#038; Thermal Receipt Rolls"}]},{"@type":"WebSite","@id":"https:\/\/www.nanwangpaperbag.com\/#website","url":"https:\/\/www.nanwangpaperbag.com\/","name":"Nanwang Paper Packaging","description":"","publisher":{"@id":"https:\/\/www.nanwangpaperbag.com\/#organization"},"potentialAction":[{"@type":"SearchAction","target":{"@type":"EntryPoint","urlTemplate":"https:\/\/www.nanwangpaperbag.com\/?s={search_term_string}"},"query-input":"required name=search_term_string"}],"inLanguage":"pt-PT"},{"@type":"Organization","@id":"https:\/\/www.nanwangpaperbag.com\/#organization","name":"Nanwang Pack","url":"https:\/\/www.nanwangpaperbag.com\/","logo":{"@type":"ImageObject","inLanguage":"pt-PT","@id":"https:\/\/www.nanwangpaperbag.com\/#\/schema\/logo\/image\/","url":"https:\/\/www.nanwangpaperbag.com\/wp-content\/uploads\/2025\/03\/logo2.webp","contentUrl":"https:\/\/www.nanwangpaperbag.com\/wp-content\/uploads\/2025\/03\/logo2.webp","width":433,"height":407,"caption":"Nanwang Pack"},"image":{"@id":"https:\/\/www.nanwangpaperbag.com\/#\/schema\/logo\/image\/"},"sameAs":["https:\/\/www.facebook.com\/NanwangPaperBag","https:\/\/x.com\/NanwangPack","https:\/\/www.linkedin.com\/company\/nanwang-paper-bag\/","https:\/\/www.youtube.com\/@NanwangPaperBag","https:\/\/www.tiktok.com\/@nanwangpaperbag"]}]}},"_links":{"self":[{"href":"https:\/\/www.nanwangpaperbag.com\/pt\/wp-json\/wp\/v2\/product\/12195"}],"collection":[{"href":"https:\/\/www.nanwangpaperbag.com\/pt\/wp-json\/wp\/v2\/product"}],"about":[{"href":"https:\/\/www.nanwangpaperbag.com\/pt\/wp-json\/wp\/v2\/types\/product"}],"replies":[{"embeddable":true,"href":"https:\/\/www.nanwangpaperbag.com\/pt\/wp-json\/wp\/v2\/comments?post=12195"}],"wp:featuredmedia":[{"embeddable":true,"href":"https:\/\/www.nanwangpaperbag.com\/pt\/wp-json\/wp\/v2\/media\/12199"}],"wp:attachment":[{"href":"https:\/\/www.nanwangpaperbag.com\/pt\/wp-json\/wp\/v2\/media?parent=12195"}],"wp:term":[{"taxonomy":"product_cat","embeddable":true,"href":"https:\/\/www.nanwangpaperbag.com\/pt\/wp-json\/wp\/v2\/product_cat?post=12195"},{"taxonomy":"product_tag","embeddable":true,"href":"https:\/\/www.nanwangpaperbag.com\/pt\/wp-json\/wp\/v2\/product_tag?post=12195"}],"curies":[{"name":"wp","href":"https:\/\/api.w.org\/{rel}","templated":true}]}}