{"id":12196,"date":"2025-04-15T10:11:55","date_gmt":"2025-04-15T10:11:55","guid":{"rendered":"https:\/\/www.nanwangpaperbag.com\/?post_type=product&#038;p=12196"},"modified":"2025-04-15T10:13:22","modified_gmt":"2025-04-15T10:13:22","slug":"thermal-receipt-rolls","status":"publish","type":"product","link":"https:\/\/www.nanwangpaperbag.com\/pt\/produto\/rolos-de-recibos-termicos\/","title":{"rendered":"Rolos de recibos t\u00e9rmicos"},"content":{"rendered":"<p>Fujian Nanwang New Materials Co., Ltd. desenvolveu papel de caixa registadora ecol\u00f3gico de pasta reciclada 100% e materiais de superf\u00edcie de etiquetas com base em produtos tradicionais, acelerando a inova\u00e7\u00e3o tecnol\u00f3gica de ponta em papel de caixa registadora ecol\u00f3gico e v\u00e1rias etiquetas comerciais ecol\u00f3gicas. Lan\u00e7\u00e1mos etiquetas termossens\u00edveis resistentes \u00e0 \u00e1gua e etiquetas sem forro, que s\u00e3o amplamente utilizadas em v\u00e1rias ind\u00fastrias e plataformas, como supermercados, restaura\u00e7\u00e3o, cuidados de sa\u00fade, cal\u00e7ado, etc. Ao mesmo tempo que poupamos muito nos custos, damos prioridade a uma gest\u00e3o honesta, respondemos ativamente ao caminho de desenvolvimento ambiental das Na\u00e7\u00f5es Unidas e assumimos a responsabilidade social.<\/p>\n<p><a href=\"https:\/\/www.nanwangpaperbag.com\/pt\/produto\/rolos-de-recibos-termicos\/\"><strong>Rolos de recibos t\u00e9rmicos<\/strong><\/a> s\u00e3o rolos de papel adequados apenas para impressoras t\u00e9rmicas. As impressoras t\u00e9rmicas utilizam o calor para transferir informa\u00e7\u00f5es para o papel, em vez de utilizarem uma fita de tinta. Os rolos de recibos t\u00e9rmicos s\u00e3o amplamente utilizados em impressoras POS, terminais de cart\u00f5es de cr\u00e9dito, caixas multibanco, dispositivos de impress\u00e3o m\u00f3veis e outros, para fornecer um recibo aos clientes.<\/p>\n<p><img loading=\"lazy\" decoding=\"async\" class=\"size-full wp-image-12201 aligncenter\" data-src=\"https:\/\/www.nanwangpaperbag.com\/wp-content\/uploads\/2025\/04\/Thermal-Receipt-Rolls1.webp\" alt=\"Rolos de recibos t\u00e9rmicos\" width=\"324\" height=\"240\" srcset=\"https:\/\/www.nanwangpaperbag.com\/wp-content\/uploads\/2025\/04\/Thermal-Receipt-Rolls1.webp 324w, https:\/\/www.nanwangpaperbag.com\/wp-content\/uploads\/2025\/04\/Thermal-Receipt-Rolls1-300x222.webp 300w, https:\/\/www.nanwangpaperbag.com\/wp-content\/uploads\/2025\/04\/Thermal-Receipt-Rolls1-16x12.webp 16w\" sizes=\"(max-width: 324px) 100vw, 324px\" \/><\/p>\n<h2>Carater\u00edsticas<\/h2>\n<p>Papel T\u00e9rmico Premium: Fabricado com papel t\u00e9rmico sem BPA de 55 GSM para recibos claros e dur\u00e1veis, garantindo que suas impress\u00f5es sejam n\u00edtidas e f\u00e1ceis de ler.<\/p>\n<p>Compatibilidade alargada: Adapta-se a modelos como Nurit 2080, 2085, 2090, 3000, 3020, 5000, 504, 505; Casio CE-T100, PCR-T465, PCR-T2000, TE-2000, TE-3000, TE-4500, TE-7000, TE-8500; e muitos mais<\/p>\n<p>Embalagem econ\u00f3mica a granel: 50 rolos por caixa, proporcionando um excelente valor para as empresas. Armazene e poupe com a nossa embalagem a granel, ideal para ambientes de impress\u00e3o de grande volume.<\/p>\n<p>Aplica\u00e7\u00e3o vers\u00e1til: Perfeito para sistemas POS, m\u00e1quinas de cart\u00f5es de cr\u00e9dito e caixas registadoras, garantindo flexibilidade na utiliza\u00e7\u00e3o em diferentes opera\u00e7\u00f5es comerciais.<\/p>\n<p>Dur\u00e1vel e fi\u00e1vel: Garante um desempenho duradouro e uma qualidade consistente, reduzindo a necessidade de substitui\u00e7\u00f5es frequentes e minimizando o tempo de inatividade.<\/p>\n<h2>Mais pormenores<\/h2>\n<p>Papel t\u00e9rmico sem BPA \/ BPS<\/p>\n<p>ROLO de papel t\u00e9rmico liso e impresso<\/p>\n<h2>FAQ<\/h2>\n<p>Q1: Pode comunicar com outra marca de equipamento de seguran\u00e7a de r\u00e1dio bidirecional?<br \/>\nR: Sim, podem comunicar quando est\u00e3o na mesma frequ\u00eancia.<\/p>\n<p>Q2: Posso comprar os produtos de papel com o meu pr\u00f3prio log\u00f3tipo?<br \/>\nR: Sim, \u00e9 poss\u00edvel personalizar o log\u00f3tipo, mas \u00e9 necess\u00e1rio fornecer o documento de autoriza\u00e7\u00e3o da marca.<\/p>\n<p>Q3: Se encomendar a embalagem de papel, qual \u00e9 o prazo de entrega?<br \/>\nR: Depende da quantidade da encomenda. Normalmente, o prazo de produ\u00e7\u00e3o: cerca de 45-60 dias ap\u00f3s a amostra da primeira encomenda ser qualificada e o dep\u00f3sito 30% ser recebido, e 30-45 dias ap\u00f3s a rece\u00e7\u00e3o da encomenda de devolu\u00e7\u00e3o.<\/p>\n<p>Q4: Qual \u00e9 o prazo de validade?<br \/>\nR: Normalmente, o prazo de validade do produto \u00e9 de 2 anos.<\/p>\n<p>Q5: Em que sectores s\u00e3o principalmente utilizados os seus produtos de embalagem de papel?<br \/>\nOs nossos produtos de embalagem de papel s\u00e3o principalmente utilizados em sacos de compras, catering, restaurantes de fast food, caf\u00e9s, pastelarias, farm\u00e1cias, supermercados, cosmec\u00eauticos, cosm\u00e9ticos, cal\u00e7ado e vestu\u00e1rio e outras ind\u00fastrias.<\/p>","protected":false},"excerpt":{"rendered":"<p>Recibos e etiquetas Recibos t\u00e9rmicos: tamanho e peso personaliz\u00e1veis; impress\u00e3o de LOGOTIPO ou publicidade dispon\u00edvel.<\/p>","protected":false},"featured_media":12202,"comment_status":"open","ping_status":"closed","template":"","meta":{"_et_pb_use_builder":"","_et_pb_old_content":"","_et_gb_content_width":""},"product_cat":[290,292],"product_tag":[317],"yoast_head":"<!-- This site is optimized with the Yoast SEO plugin v22.7 - https:\/\/yoast.com\/wordpress\/plugins\/seo\/ -->\n<title>Thermal Receipt Rolls - Nanwang Paper Packaging<\/title>\n<meta name=\"description\" content=\"Thermal Receipt Rolls - Nanwang Paper Packaging , we supply Luxury Paper Bags, Shopping Paper Bag, Paper Carry Bag, Delivery Bag for you with good price.\" \/>\n<meta name=\"robots\" content=\"index, follow, max-snippet:-1, max-image-preview:large, max-video-preview:-1\" \/>\n<link rel=\"canonical\" href=\"https:\/\/www.nanwangpaperbag.com\/pt\/produto\/rolos-de-recibos-termicos\/\" \/>\n<meta property=\"og:locale\" content=\"pt_PT\" \/>\n<meta property=\"og:type\" content=\"article\" \/>\n<meta property=\"og:title\" content=\"Thermal Receipt Rolls - Nanwang Paper Packaging\" \/>\n<meta property=\"og:description\" content=\"Thermal Receipt Rolls - Nanwang Paper Packaging , we supply Luxury Paper Bags, Shopping Paper Bag, Paper Carry Bag, Delivery Bag for you with good price.\" \/>\n<meta property=\"og:url\" content=\"https:\/\/www.nanwangpaperbag.com\/pt\/produto\/rolos-de-recibos-termicos\/\" \/>\n<meta property=\"og:site_name\" content=\"Nanwang Paper Packaging\" \/>\n<meta property=\"article:publisher\" content=\"https:\/\/www.facebook.com\/NanwangPaperBag\" \/>\n<meta property=\"article:modified_time\" content=\"2025-04-15T10:13:22+00:00\" \/>\n<meta property=\"og:image\" content=\"https:\/\/www.nanwangpaperbag.com\/wp-content\/uploads\/2025\/04\/Thermal-Receipt-Rolls_1.webp\" \/>\n\t<meta property=\"og:image:width\" content=\"800\" \/>\n\t<meta property=\"og:image:height\" content=\"800\" \/>\n\t<meta property=\"og:image:type\" content=\"image\/webp\" \/>\n<meta name=\"twitter:card\" content=\"summary_large_image\" \/>\n<meta name=\"twitter:site\" content=\"@NanwangPack\" \/>\n<meta name=\"twitter:label1\" content=\"Tempo estimado de leitura\" \/>\n\t<meta name=\"twitter:data1\" content=\"3 minutos\" \/>\n<script type=\"application\/ld+json\" class=\"yoast-schema-graph\">{\"@context\":\"https:\/\/schema.org\",\"@graph\":[{\"@type\":\"WebPage\",\"@id\":\"https:\/\/www.nanwangpaperbag.com\/product\/thermal-receipt-rolls\/\",\"url\":\"https:\/\/www.nanwangpaperbag.com\/product\/thermal-receipt-rolls\/\",\"name\":\"Thermal Receipt Rolls - Nanwang Paper Packaging\",\"isPartOf\":{\"@id\":\"https:\/\/www.nanwangpaperbag.com\/#website\"},\"primaryImageOfPage\":{\"@id\":\"https:\/\/www.nanwangpaperbag.com\/product\/thermal-receipt-rolls\/#primaryimage\"},\"image\":{\"@id\":\"https:\/\/www.nanwangpaperbag.com\/product\/thermal-receipt-rolls\/#primaryimage\"},\"thumbnailUrl\":\"https:\/\/www.nanwangpaperbag.com\/wp-content\/uploads\/2025\/04\/Thermal-Receipt-Rolls_1.webp\",\"datePublished\":\"2025-04-15T10:11:55+00:00\",\"dateModified\":\"2025-04-15T10:13:22+00:00\",\"description\":\"Thermal Receipt Rolls - Nanwang Paper Packaging , we supply Luxury Paper Bags, Shopping Paper Bag, Paper Carry Bag, Delivery Bag for you with good price.\",\"breadcrumb\":{\"@id\":\"https:\/\/www.nanwangpaperbag.com\/product\/thermal-receipt-rolls\/#breadcrumb\"},\"inLanguage\":\"pt-PT\",\"potentialAction\":[{\"@type\":\"ReadAction\",\"target\":[\"https:\/\/www.nanwangpaperbag.com\/product\/thermal-receipt-rolls\/\"]}]},{\"@type\":\"ImageObject\",\"inLanguage\":\"pt-PT\",\"@id\":\"https:\/\/www.nanwangpaperbag.com\/product\/thermal-receipt-rolls\/#primaryimage\",\"url\":\"https:\/\/www.nanwangpaperbag.com\/wp-content\/uploads\/2025\/04\/Thermal-Receipt-Rolls_1.webp\",\"contentUrl\":\"https:\/\/www.nanwangpaperbag.com\/wp-content\/uploads\/2025\/04\/Thermal-Receipt-Rolls_1.webp\",\"width\":800,\"height\":800,\"caption\":\"Thermal Receipt Rolls\"},{\"@type\":\"BreadcrumbList\",\"@id\":\"https:\/\/www.nanwangpaperbag.com\/product\/thermal-receipt-rolls\/#breadcrumb\",\"itemListElement\":[{\"@type\":\"ListItem\",\"position\":1,\"name\":\"Home\",\"item\":\"https:\/\/www.nanwangpaperbag.com\/\"},{\"@type\":\"ListItem\",\"position\":2,\"name\":\"Productos\",\"item\":\"https:\/\/www.nanwangpaperbag.com\/es\/shop\/\"},{\"@type\":\"ListItem\",\"position\":3,\"name\":\"Thermal Receipt Rolls\"}]},{\"@type\":\"WebSite\",\"@id\":\"https:\/\/www.nanwangpaperbag.com\/#website\",\"url\":\"https:\/\/www.nanwangpaperbag.com\/\",\"name\":\"Nanwang Paper Packaging\",\"description\":\"\",\"publisher\":{\"@id\":\"https:\/\/www.nanwangpaperbag.com\/#organization\"},\"potentialAction\":[{\"@type\":\"SearchAction\",\"target\":{\"@type\":\"EntryPoint\",\"urlTemplate\":\"https:\/\/www.nanwangpaperbag.com\/?s={search_term_string}\"},\"query-input\":\"required name=search_term_string\"}],\"inLanguage\":\"pt-PT\"},{\"@type\":\"Organization\",\"@id\":\"https:\/\/www.nanwangpaperbag.com\/#organization\",\"name\":\"Nanwang Pack\",\"url\":\"https:\/\/www.nanwangpaperbag.com\/\",\"logo\":{\"@type\":\"ImageObject\",\"inLanguage\":\"pt-PT\",\"@id\":\"https:\/\/www.nanwangpaperbag.com\/#\/schema\/logo\/image\/\",\"url\":\"https:\/\/www.nanwangpaperbag.com\/wp-content\/uploads\/2025\/03\/logo2.webp\",\"contentUrl\":\"https:\/\/www.nanwangpaperbag.com\/wp-content\/uploads\/2025\/03\/logo2.webp\",\"width\":433,\"height\":407,\"caption\":\"Nanwang Pack\"},\"image\":{\"@id\":\"https:\/\/www.nanwangpaperbag.com\/#\/schema\/logo\/image\/\"},\"sameAs\":[\"https:\/\/www.facebook.com\/NanwangPaperBag\",\"https:\/\/x.com\/NanwangPack\",\"https:\/\/www.linkedin.com\/company\/nanwang-paper-bag\/\",\"https:\/\/www.youtube.com\/@NanwangPaperBag\",\"https:\/\/www.tiktok.com\/@nanwangpaperbag\"]}]}<\/script>\n<!-- \/ Yoast SEO plugin. -->","yoast_head_json":{"title":"Thermal Receipt Rolls - Nanwang Paper Packaging","description":"Thermal Receipt Rolls - Nanwang Paper Packaging , we supply Luxury Paper Bags, Shopping Paper Bag, Paper Carry Bag, Delivery Bag for you with good price.","robots":{"index":"index","follow":"follow","max-snippet":"max-snippet:-1","max-image-preview":"max-image-preview:large","max-video-preview":"max-video-preview:-1"},"canonical":"https:\/\/www.nanwangpaperbag.com\/pt\/produto\/rolos-de-recibos-termicos\/","og_locale":"pt_PT","og_type":"article","og_title":"Thermal Receipt Rolls - Nanwang Paper Packaging","og_description":"Thermal Receipt Rolls - Nanwang Paper Packaging , we supply Luxury Paper Bags, Shopping Paper Bag, Paper Carry Bag, Delivery Bag for you with good price.","og_url":"https:\/\/www.nanwangpaperbag.com\/pt\/produto\/rolos-de-recibos-termicos\/","og_site_name":"Nanwang Paper Packaging","article_publisher":"https:\/\/www.facebook.com\/NanwangPaperBag","article_modified_time":"2025-04-15T10:13:22+00:00","og_image":[{"width":800,"height":800,"url":"https:\/\/www.nanwangpaperbag.com\/wp-content\/uploads\/2025\/04\/Thermal-Receipt-Rolls_1.webp","type":"image\/webp"}],"twitter_card":"summary_large_image","twitter_site":"@NanwangPack","twitter_misc":{"Tempo estimado de leitura":"3 minutos"},"schema":{"@context":"https:\/\/schema.org","@graph":[{"@type":"WebPage","@id":"https:\/\/www.nanwangpaperbag.com\/product\/thermal-receipt-rolls\/","url":"https:\/\/www.nanwangpaperbag.com\/product\/thermal-receipt-rolls\/","name":"Thermal Receipt Rolls - Nanwang Paper Packaging","isPartOf":{"@id":"https:\/\/www.nanwangpaperbag.com\/#website"},"primaryImageOfPage":{"@id":"https:\/\/www.nanwangpaperbag.com\/product\/thermal-receipt-rolls\/#primaryimage"},"image":{"@id":"https:\/\/www.nanwangpaperbag.com\/product\/thermal-receipt-rolls\/#primaryimage"},"thumbnailUrl":"https:\/\/www.nanwangpaperbag.com\/wp-content\/uploads\/2025\/04\/Thermal-Receipt-Rolls_1.webp","datePublished":"2025-04-15T10:11:55+00:00","dateModified":"2025-04-15T10:13:22+00:00","description":"Thermal Receipt Rolls - Nanwang Paper Packaging , we supply Luxury Paper Bags, Shopping Paper Bag, Paper Carry Bag, Delivery Bag for you with good price.","breadcrumb":{"@id":"https:\/\/www.nanwangpaperbag.com\/product\/thermal-receipt-rolls\/#breadcrumb"},"inLanguage":"pt-PT","potentialAction":[{"@type":"ReadAction","target":["https:\/\/www.nanwangpaperbag.com\/product\/thermal-receipt-rolls\/"]}]},{"@type":"ImageObject","inLanguage":"pt-PT","@id":"https:\/\/www.nanwangpaperbag.com\/product\/thermal-receipt-rolls\/#primaryimage","url":"https:\/\/www.nanwangpaperbag.com\/wp-content\/uploads\/2025\/04\/Thermal-Receipt-Rolls_1.webp","contentUrl":"https:\/\/www.nanwangpaperbag.com\/wp-content\/uploads\/2025\/04\/Thermal-Receipt-Rolls_1.webp","width":800,"height":800,"caption":"Thermal Receipt Rolls"},{"@type":"BreadcrumbList","@id":"https:\/\/www.nanwangpaperbag.com\/product\/thermal-receipt-rolls\/#breadcrumb","itemListElement":[{"@type":"ListItem","position":1,"name":"Home","item":"https:\/\/www.nanwangpaperbag.com\/"},{"@type":"ListItem","position":2,"name":"Productos","item":"https:\/\/www.nanwangpaperbag.com\/es\/shop\/"},{"@type":"ListItem","position":3,"name":"Thermal Receipt Rolls"}]},{"@type":"WebSite","@id":"https:\/\/www.nanwangpaperbag.com\/#website","url":"https:\/\/www.nanwangpaperbag.com\/","name":"Nanwang Paper Packaging","description":"","publisher":{"@id":"https:\/\/www.nanwangpaperbag.com\/#organization"},"potentialAction":[{"@type":"SearchAction","target":{"@type":"EntryPoint","urlTemplate":"https:\/\/www.nanwangpaperbag.com\/?s={search_term_string}"},"query-input":"required name=search_term_string"}],"inLanguage":"pt-PT"},{"@type":"Organization","@id":"https:\/\/www.nanwangpaperbag.com\/#organization","name":"Nanwang Pack","url":"https:\/\/www.nanwangpaperbag.com\/","logo":{"@type":"ImageObject","inLanguage":"pt-PT","@id":"https:\/\/www.nanwangpaperbag.com\/#\/schema\/logo\/image\/","url":"https:\/\/www.nanwangpaperbag.com\/wp-content\/uploads\/2025\/03\/logo2.webp","contentUrl":"https:\/\/www.nanwangpaperbag.com\/wp-content\/uploads\/2025\/03\/logo2.webp","width":433,"height":407,"caption":"Nanwang Pack"},"image":{"@id":"https:\/\/www.nanwangpaperbag.com\/#\/schema\/logo\/image\/"},"sameAs":["https:\/\/www.facebook.com\/NanwangPaperBag","https:\/\/x.com\/NanwangPack","https:\/\/www.linkedin.com\/company\/nanwang-paper-bag\/","https:\/\/www.youtube.com\/@NanwangPaperBag","https:\/\/www.tiktok.com\/@nanwangpaperbag"]}]}},"_links":{"self":[{"href":"https:\/\/www.nanwangpaperbag.com\/pt\/wp-json\/wp\/v2\/product\/12196"}],"collection":[{"href":"https:\/\/www.nanwangpaperbag.com\/pt\/wp-json\/wp\/v2\/product"}],"about":[{"href":"https:\/\/www.nanwangpaperbag.com\/pt\/wp-json\/wp\/v2\/types\/product"}],"replies":[{"embeddable":true,"href":"https:\/\/www.nanwangpaperbag.com\/pt\/wp-json\/wp\/v2\/comments?post=12196"}],"wp:featuredmedia":[{"embeddable":true,"href":"https:\/\/www.nanwangpaperbag.com\/pt\/wp-json\/wp\/v2\/media\/12202"}],"wp:attachment":[{"href":"https:\/\/www.nanwangpaperbag.com\/pt\/wp-json\/wp\/v2\/media?parent=12196"}],"wp:term":[{"taxonomy":"product_cat","embeddable":true,"href":"https:\/\/www.nanwangpaperbag.com\/pt\/wp-json\/wp\/v2\/product_cat?post=12196"},{"taxonomy":"product_tag","embeddable":true,"href":"https:\/\/www.nanwangpaperbag.com\/pt\/wp-json\/wp\/v2\/product_tag?post=12196"}],"curies":[{"name":"wp","href":"https:\/\/api.w.org\/{rel}","templated":true}]}}