{"id":12203,"date":"2025-04-15T10:20:54","date_gmt":"2025-04-15T10:20:54","guid":{"rendered":"https:\/\/www.nanwangpaperbag.com\/?post_type=product&#038;p=12203"},"modified":"2025-05-07T02:25:17","modified_gmt":"2025-05-07T02:25:17","slug":"nonwoven-vest-bag","status":"publish","type":"product","link":"https:\/\/www.nanwangpaperbag.com\/pt\/produto\/nonwoven-vest-bag\/","title":{"rendered":"Saco de colete em tecido n\u00e3o tecido"},"content":{"rendered":"<p>O<a href=\"https:\/\/www.nanwangpaperbag.com\/pt\/produto\/nonwoven-vest-bag\/\"> <strong>saco de colete em tecido n\u00e3o tecido<\/strong><\/a> \u00e9 um saco de compras leve, dur\u00e1vel e amigo do ambiente, fabricado em tecido n\u00e3o tecido. Tem uma boa capacidade de carga e \u00e9 adequado para as compras do dia a dia e para transportar objectos. N\u00e3o tecido <a href=\"https:\/\/www.nanwangpaperbag.com\/pt\/category\/non-woven-bags\/vest-bags\/\"><strong>sacos para coletes<\/strong><\/a> s\u00e3o reutiliz\u00e1veis, reduzindo a utiliza\u00e7\u00e3o de pl\u00e1stico e alinhando-se com os princ\u00edpios do desenvolvimento sustent\u00e1vel. Tamb\u00e9m podem ser personalizados em v\u00e1rias cores e desenhos impressos, o que os torna populares entre os consumidores.<\/p>\n<p><img loading=\"lazy\" decoding=\"async\" class=\"size-full wp-image-12205 aligncenter\" data-src=\"https:\/\/www.nanwangpaperbag.com\/wp-content\/uploads\/2025\/04\/Nonwoven-vest-bag_1.webp\" alt=\"saco de colete em tecido n\u00e3o tecido\" width=\"800\" height=\"800\" srcset=\"https:\/\/www.nanwangpaperbag.com\/wp-content\/uploads\/2025\/04\/Nonwoven-vest-bag_1.webp 800w, https:\/\/www.nanwangpaperbag.com\/wp-content\/uploads\/2025\/04\/Nonwoven-vest-bag_1-480x480.webp 480w\" sizes=\"(min-width: 0px) and (max-width: 480px) 480px, (min-width: 481px) 800px, 100vw\" \/><\/p>\n<h2>Carater\u00edsticas<\/h2>\n<p>1. leve e dur\u00e1vel: Fabricados em tecido n\u00e3o tecido, s\u00e3o leves e resistentes ao desgaste.<br \/>\n2. amigo do ambiente: Reutiliz\u00e1vel, reduzindo a utiliza\u00e7\u00e3o de sacos de pl\u00e1stico de utiliza\u00e7\u00e3o \u00fanica e em conformidade com os princ\u00edpios do desenvolvimento sustent\u00e1vel.<br \/>\n3.boa capacidade de carga: Concebida para suportar objectos relativamente pesados.<br \/>\n4. respir\u00e1vel: Adequado para armazenar alimentos, evitando a humidade e o bolor.<br \/>\n5. personaliza\u00e7\u00e3o diversificada: Dispon\u00edvel em v\u00e1rias cores, tamanhos e desenhos impressos para satisfazer as diferentes necessidades do mercado.<br \/>\n6. f\u00e1cil de limpar: Pode ser lavado \u00e0 m\u00e3o ou \u00e0 m\u00e1quina para facilitar a manuten\u00e7\u00e3o.<br \/>\n7. custo-eficaz: Custos de produ\u00e7\u00e3o mais baixos em compara\u00e7\u00e3o com outros materiais, o que os torna adequados para utiliza\u00e7\u00e3o em grande escala.<\/p>\n<h2>FAQ<\/h2>\n<p>Q1. Aceitam projectos OEM?<br \/>\nR: A encomenda OEM \u00e9 muito bem-vinda e temos muitas experi\u00eancias de sucesso em projectos OEM. Al\u00e9m disso, temos uma equipa de design que pode dar sugest\u00f5es profissionais sobre a impress\u00e3o do log\u00f3tipo.<\/p>\n<p>Q2. Como posso tornar-me vosso revendedor exclusivo?<br \/>\nR: Bem, dir\u00edamos que depende das diferentes regi\u00f5es, para mais pormenores, consulte os nossos representantes de vendas.<\/p>\n<p>Q3. Onde posso descarregar os cat\u00e1logos mais recentes?<br \/>\nR: Pode contactar o nosso departamento de vendas, podemos enviar o cat\u00e1logo eletr\u00f3nico por correio eletr\u00f3nico.<\/p>\n<p>Q4. Qual \u00e9 a garantia dos produtos?<br \/>\nR: Todos os sacos de papel t\u00eam dois anos de garantia (a partir da data de compra).<\/p>\n<p>Q5. Sou um retalhista na Amazon E-bay, podemos obter o vosso apoio? Se a nossa quantidade for muito pequena?<br \/>\nR: Sim, podemos oferecer amostras para testes de mercado, mais tarde, se estiver tudo bem, podemos oferecer servi\u00e7o de impress\u00e3o de log\u00f3tipo e design OEM<\/p>","protected":false},"excerpt":{"rendered":"<p>material do produto: tecido n\u00e3o tecido<br \/>\nprocesso de produ\u00e7\u00e3o\uff1afabrica\u00e7\u00e3o de sacos em uma \u00fanica etapa<br \/>\ngramatura do produto\uff1a40g<br \/>\ncor do material\uff1am\u00faltiplas cores dispon\u00edveis<br \/>\ncores de impress\u00e3o\uff1a3 cores<br \/>\nresist\u00eancia\uff1acapacidade de carga m\u00e1xima de 10 kg<\/p>","protected":false},"featured_media":12206,"comment_status":"open","ping_status":"closed","template":"","meta":{"_et_pb_use_builder":"","_et_pb_old_content":"","_et_gb_content_width":""},"product_cat":[293,294],"product_tag":[318,353],"yoast_head":"<!-- This site is optimized with the Yoast SEO plugin v22.7 - https:\/\/yoast.com\/wordpress\/plugins\/seo\/ -->\n<title>Nonwoven Vest Bag - Nanwang Paper Packaging<\/title>\n<meta name=\"description\" content=\"Nonwoven Vest Bag - Nanwang Paper Packaging , we supply Luxury Paper Bags, Shopping Paper Bag, Paper Carry Bag, Delivery Bag for you with good price.\" \/>\n<meta name=\"robots\" content=\"index, follow, max-snippet:-1, max-image-preview:large, max-video-preview:-1\" \/>\n<link rel=\"canonical\" href=\"https:\/\/www.nanwangpaperbag.com\/pt\/produto\/nonwoven-vest-bag\/\" \/>\n<meta property=\"og:locale\" content=\"pt_PT\" \/>\n<meta property=\"og:type\" content=\"article\" \/>\n<meta property=\"og:title\" content=\"Nonwoven Vest Bag - Nanwang Paper Packaging\" \/>\n<meta property=\"og:description\" content=\"Nonwoven Vest Bag - Nanwang Paper Packaging , we supply Luxury Paper Bags, Shopping Paper Bag, Paper Carry Bag, Delivery Bag for you with good price.\" \/>\n<meta property=\"og:url\" content=\"https:\/\/www.nanwangpaperbag.com\/pt\/produto\/nonwoven-vest-bag\/\" \/>\n<meta property=\"og:site_name\" content=\"Nanwang Paper Packaging\" \/>\n<meta property=\"article:publisher\" content=\"https:\/\/www.facebook.com\/NanwangPaperBag\" \/>\n<meta property=\"article:modified_time\" content=\"2025-05-07T02:25:17+00:00\" \/>\n<meta property=\"og:image\" content=\"https:\/\/www.nanwangpaperbag.com\/wp-content\/uploads\/2025\/04\/Nonwoven-vest-bag_1-1.webp\" \/>\n\t<meta property=\"og:image:width\" content=\"800\" \/>\n\t<meta property=\"og:image:height\" content=\"800\" \/>\n\t<meta property=\"og:image:type\" content=\"image\/webp\" \/>\n<meta name=\"twitter:card\" content=\"summary_large_image\" \/>\n<meta name=\"twitter:site\" content=\"@NanwangPack\" \/>\n<meta name=\"twitter:label1\" content=\"Tempo estimado de leitura\" \/>\n\t<meta name=\"twitter:data1\" content=\"2 minutos\" \/>\n<script type=\"application\/ld+json\" class=\"yoast-schema-graph\">{\"@context\":\"https:\/\/schema.org\",\"@graph\":[{\"@type\":\"WebPage\",\"@id\":\"https:\/\/www.nanwangpaperbag.com\/product\/nonwoven-vest-bag\/\",\"url\":\"https:\/\/www.nanwangpaperbag.com\/product\/nonwoven-vest-bag\/\",\"name\":\"Nonwoven Vest Bag - Nanwang Paper Packaging\",\"isPartOf\":{\"@id\":\"https:\/\/www.nanwangpaperbag.com\/#website\"},\"primaryImageOfPage\":{\"@id\":\"https:\/\/www.nanwangpaperbag.com\/product\/nonwoven-vest-bag\/#primaryimage\"},\"image\":{\"@id\":\"https:\/\/www.nanwangpaperbag.com\/product\/nonwoven-vest-bag\/#primaryimage\"},\"thumbnailUrl\":\"https:\/\/www.nanwangpaperbag.com\/wp-content\/uploads\/2025\/04\/Nonwoven-vest-bag_1-1.webp\",\"datePublished\":\"2025-04-15T10:20:54+00:00\",\"dateModified\":\"2025-05-07T02:25:17+00:00\",\"description\":\"Nonwoven Vest Bag - Nanwang Paper Packaging , we supply Luxury Paper Bags, Shopping Paper Bag, Paper Carry Bag, Delivery Bag for you with good price.\",\"breadcrumb\":{\"@id\":\"https:\/\/www.nanwangpaperbag.com\/product\/nonwoven-vest-bag\/#breadcrumb\"},\"inLanguage\":\"pt-PT\",\"potentialAction\":[{\"@type\":\"ReadAction\",\"target\":[\"https:\/\/www.nanwangpaperbag.com\/product\/nonwoven-vest-bag\/\"]}]},{\"@type\":\"ImageObject\",\"inLanguage\":\"pt-PT\",\"@id\":\"https:\/\/www.nanwangpaperbag.com\/product\/nonwoven-vest-bag\/#primaryimage\",\"url\":\"https:\/\/www.nanwangpaperbag.com\/wp-content\/uploads\/2025\/04\/Nonwoven-vest-bag_1-1.webp\",\"contentUrl\":\"https:\/\/www.nanwangpaperbag.com\/wp-content\/uploads\/2025\/04\/Nonwoven-vest-bag_1-1.webp\",\"width\":800,\"height\":800,\"caption\":\"non woven vest bag\"},{\"@type\":\"BreadcrumbList\",\"@id\":\"https:\/\/www.nanwangpaperbag.com\/product\/nonwoven-vest-bag\/#breadcrumb\",\"itemListElement\":[{\"@type\":\"ListItem\",\"position\":1,\"name\":\"Home\",\"item\":\"https:\/\/www.nanwangpaperbag.com\/\"},{\"@type\":\"ListItem\",\"position\":2,\"name\":\"Productos\",\"item\":\"https:\/\/www.nanwangpaperbag.com\/es\/shop\/\"},{\"@type\":\"ListItem\",\"position\":3,\"name\":\"Nonwoven Vest Bag\"}]},{\"@type\":\"WebSite\",\"@id\":\"https:\/\/www.nanwangpaperbag.com\/#website\",\"url\":\"https:\/\/www.nanwangpaperbag.com\/\",\"name\":\"Nanwang Paper Packaging\",\"description\":\"\",\"publisher\":{\"@id\":\"https:\/\/www.nanwangpaperbag.com\/#organization\"},\"potentialAction\":[{\"@type\":\"SearchAction\",\"target\":{\"@type\":\"EntryPoint\",\"urlTemplate\":\"https:\/\/www.nanwangpaperbag.com\/?s={search_term_string}\"},\"query-input\":\"required name=search_term_string\"}],\"inLanguage\":\"pt-PT\"},{\"@type\":\"Organization\",\"@id\":\"https:\/\/www.nanwangpaperbag.com\/#organization\",\"name\":\"Nanwang Pack\",\"url\":\"https:\/\/www.nanwangpaperbag.com\/\",\"logo\":{\"@type\":\"ImageObject\",\"inLanguage\":\"pt-PT\",\"@id\":\"https:\/\/www.nanwangpaperbag.com\/#\/schema\/logo\/image\/\",\"url\":\"https:\/\/www.nanwangpaperbag.com\/wp-content\/uploads\/2025\/03\/logo2.webp\",\"contentUrl\":\"https:\/\/www.nanwangpaperbag.com\/wp-content\/uploads\/2025\/03\/logo2.webp\",\"width\":433,\"height\":407,\"caption\":\"Nanwang Pack\"},\"image\":{\"@id\":\"https:\/\/www.nanwangpaperbag.com\/#\/schema\/logo\/image\/\"},\"sameAs\":[\"https:\/\/www.facebook.com\/NanwangPaperBag\",\"https:\/\/x.com\/NanwangPack\",\"https:\/\/www.linkedin.com\/company\/nanwang-paper-bag\/\",\"https:\/\/www.youtube.com\/@NanwangPaperBag\",\"https:\/\/www.tiktok.com\/@nanwangpaperbag\"]}]}<\/script>\n<!-- \/ Yoast SEO plugin. -->","yoast_head_json":{"title":"Nonwoven Vest Bag - Nanwang Paper Packaging","description":"Nonwoven Vest Bag - Nanwang Paper Packaging , we supply Luxury Paper Bags, Shopping Paper Bag, Paper Carry Bag, Delivery Bag for you with good price.","robots":{"index":"index","follow":"follow","max-snippet":"max-snippet:-1","max-image-preview":"max-image-preview:large","max-video-preview":"max-video-preview:-1"},"canonical":"https:\/\/www.nanwangpaperbag.com\/pt\/produto\/nonwoven-vest-bag\/","og_locale":"pt_PT","og_type":"article","og_title":"Nonwoven Vest Bag - Nanwang Paper Packaging","og_description":"Nonwoven Vest Bag - Nanwang Paper Packaging , we supply Luxury Paper Bags, Shopping Paper Bag, Paper Carry Bag, Delivery Bag for you with good price.","og_url":"https:\/\/www.nanwangpaperbag.com\/pt\/produto\/nonwoven-vest-bag\/","og_site_name":"Nanwang Paper Packaging","article_publisher":"https:\/\/www.facebook.com\/NanwangPaperBag","article_modified_time":"2025-05-07T02:25:17+00:00","og_image":[{"width":800,"height":800,"url":"https:\/\/www.nanwangpaperbag.com\/wp-content\/uploads\/2025\/04\/Nonwoven-vest-bag_1-1.webp","type":"image\/webp"}],"twitter_card":"summary_large_image","twitter_site":"@NanwangPack","twitter_misc":{"Tempo estimado de leitura":"2 minutos"},"schema":{"@context":"https:\/\/schema.org","@graph":[{"@type":"WebPage","@id":"https:\/\/www.nanwangpaperbag.com\/product\/nonwoven-vest-bag\/","url":"https:\/\/www.nanwangpaperbag.com\/product\/nonwoven-vest-bag\/","name":"Nonwoven Vest Bag - Nanwang Paper Packaging","isPartOf":{"@id":"https:\/\/www.nanwangpaperbag.com\/#website"},"primaryImageOfPage":{"@id":"https:\/\/www.nanwangpaperbag.com\/product\/nonwoven-vest-bag\/#primaryimage"},"image":{"@id":"https:\/\/www.nanwangpaperbag.com\/product\/nonwoven-vest-bag\/#primaryimage"},"thumbnailUrl":"https:\/\/www.nanwangpaperbag.com\/wp-content\/uploads\/2025\/04\/Nonwoven-vest-bag_1-1.webp","datePublished":"2025-04-15T10:20:54+00:00","dateModified":"2025-05-07T02:25:17+00:00","description":"Nonwoven Vest Bag - Nanwang Paper Packaging , we supply Luxury Paper Bags, Shopping Paper Bag, Paper Carry Bag, Delivery Bag for you with good price.","breadcrumb":{"@id":"https:\/\/www.nanwangpaperbag.com\/product\/nonwoven-vest-bag\/#breadcrumb"},"inLanguage":"pt-PT","potentialAction":[{"@type":"ReadAction","target":["https:\/\/www.nanwangpaperbag.com\/product\/nonwoven-vest-bag\/"]}]},{"@type":"ImageObject","inLanguage":"pt-PT","@id":"https:\/\/www.nanwangpaperbag.com\/product\/nonwoven-vest-bag\/#primaryimage","url":"https:\/\/www.nanwangpaperbag.com\/wp-content\/uploads\/2025\/04\/Nonwoven-vest-bag_1-1.webp","contentUrl":"https:\/\/www.nanwangpaperbag.com\/wp-content\/uploads\/2025\/04\/Nonwoven-vest-bag_1-1.webp","width":800,"height":800,"caption":"non woven vest bag"},{"@type":"BreadcrumbList","@id":"https:\/\/www.nanwangpaperbag.com\/product\/nonwoven-vest-bag\/#breadcrumb","itemListElement":[{"@type":"ListItem","position":1,"name":"Home","item":"https:\/\/www.nanwangpaperbag.com\/"},{"@type":"ListItem","position":2,"name":"Productos","item":"https:\/\/www.nanwangpaperbag.com\/es\/shop\/"},{"@type":"ListItem","position":3,"name":"Nonwoven Vest Bag"}]},{"@type":"WebSite","@id":"https:\/\/www.nanwangpaperbag.com\/#website","url":"https:\/\/www.nanwangpaperbag.com\/","name":"Nanwang Paper Packaging","description":"","publisher":{"@id":"https:\/\/www.nanwangpaperbag.com\/#organization"},"potentialAction":[{"@type":"SearchAction","target":{"@type":"EntryPoint","urlTemplate":"https:\/\/www.nanwangpaperbag.com\/?s={search_term_string}"},"query-input":"required name=search_term_string"}],"inLanguage":"pt-PT"},{"@type":"Organization","@id":"https:\/\/www.nanwangpaperbag.com\/#organization","name":"Nanwang Pack","url":"https:\/\/www.nanwangpaperbag.com\/","logo":{"@type":"ImageObject","inLanguage":"pt-PT","@id":"https:\/\/www.nanwangpaperbag.com\/#\/schema\/logo\/image\/","url":"https:\/\/www.nanwangpaperbag.com\/wp-content\/uploads\/2025\/03\/logo2.webp","contentUrl":"https:\/\/www.nanwangpaperbag.com\/wp-content\/uploads\/2025\/03\/logo2.webp","width":433,"height":407,"caption":"Nanwang Pack"},"image":{"@id":"https:\/\/www.nanwangpaperbag.com\/#\/schema\/logo\/image\/"},"sameAs":["https:\/\/www.facebook.com\/NanwangPaperBag","https:\/\/x.com\/NanwangPack","https:\/\/www.linkedin.com\/company\/nanwang-paper-bag\/","https:\/\/www.youtube.com\/@NanwangPaperBag","https:\/\/www.tiktok.com\/@nanwangpaperbag"]}]}},"_links":{"self":[{"href":"https:\/\/www.nanwangpaperbag.com\/pt\/wp-json\/wp\/v2\/product\/12203"}],"collection":[{"href":"https:\/\/www.nanwangpaperbag.com\/pt\/wp-json\/wp\/v2\/product"}],"about":[{"href":"https:\/\/www.nanwangpaperbag.com\/pt\/wp-json\/wp\/v2\/types\/product"}],"replies":[{"embeddable":true,"href":"https:\/\/www.nanwangpaperbag.com\/pt\/wp-json\/wp\/v2\/comments?post=12203"}],"wp:featuredmedia":[{"embeddable":true,"href":"https:\/\/www.nanwangpaperbag.com\/pt\/wp-json\/wp\/v2\/media\/12206"}],"wp:attachment":[{"href":"https:\/\/www.nanwangpaperbag.com\/pt\/wp-json\/wp\/v2\/media?parent=12203"}],"wp:term":[{"taxonomy":"product_cat","embeddable":true,"href":"https:\/\/www.nanwangpaperbag.com\/pt\/wp-json\/wp\/v2\/product_cat?post=12203"},{"taxonomy":"product_tag","embeddable":true,"href":"https:\/\/www.nanwangpaperbag.com\/pt\/wp-json\/wp\/v2\/product_tag?post=12203"}],"curies":[{"name":"wp","href":"https:\/\/api.w.org\/{rel}","templated":true}]}}